{"id":1900,"date":"2025-02-27T14:19:56","date_gmt":"2025-02-27T07:19:56","guid":{"rendered":"https:\/\/swoer.vn\/?post_type=product&#038;p=1900"},"modified":"2025-03-10T11:37:20","modified_gmt":"2025-03-10T04:37:20","slug":"bo-dieu-khien-rung-sdvc31-xl-6a","status":"publish","type":"product","link":"https:\/\/swoer.vn\/ms\/manufacturer\/bo-dieu-khien-rung-sdvc31-xl-6a\/","title":{"rendered":"Pengawal Getaran SDVC31-XL 6A"},"content":{"rendered":"<h1>Pengawal Getaran SDVC31-XL<\/h1>\n<p>Pengawal getaran ialah peranti elektronik yang digunakan untuk melaraskan dan mengawal status operasi penyuap bergetar. Ia melaraskan kekerapan getaran dan amplitud getaran penyuap bergetar dengan mengawal arus dan voltan, memastikan bahan boleh diangkut pada kelajuan dan cara yang sesuai.<\/p>\n<h2><strong><b>Ciri<\/b><\/strong><\/h2>\n<ul>\n<li><strong>Penstabil voltan automatik berketepatan tinggi:<\/strong>\u00a0Pastikan prestasi yang konsisten dengan litar digital terbina dalam yang menstabilkan voltan dan menghapuskan perubahan dalam kelajuan penghantaran kuasa akibat bekalan kuasa yang tidak stabil.<\/li>\n<li><strong>Permulaan perlahan boleh laras:<\/strong>\u00a0Sesuaikan kelajuan permulaan untuk memenuhi keperluan khusus anda, mengelakkan jeritan secara tiba-tiba dan memastikan operasi lancar.<\/li>\n<li><strong>Penderia henti penuh\/kosong:<\/strong>\u00a0Berhenti operasi secara automatik apabila tangki penuh atau kosong, memastikan operasi yang cekap dan selamat.<\/li>\n<li><strong>Mati apabila penderia fotoelektrik penuh\/kosong:<\/strong>\u00a0Gunakan penderia fotoelektrik canggih untuk menghentikan sistem secara automatik apabila bekas penuh atau kosong, meningkatkan kecekapan operasi.<\/li>\n<li><strong>Kawalan kelajuan jauh:<\/strong>\u00a0Laraskan kelajuan sistem dengan mudah dari jauh, memberikan anda lebih fleksibiliti dan kemudahan.<\/li>\n<li><strong>Keluaran kawalan DC:<\/strong>\u00a0Gunakan output kawalan DC untuk menjadikan peralatan anda beroperasi dengan lebih dipercayai dan cekap.<\/li>\n<\/ul>\n<h2><strong><b>Fungsi asas<\/b><\/strong><\/h2>\n<ul>\n<li><strong>Pelarasan kekerapan:<\/strong>\u00a0Laraskan kekerapan keluaran pengawal untuk memberikan kuasa badan getaran yang lebih licin, senyap dan lebih jimat tenaga.<\/li>\n<li><strong>Penstabil voltan automatik berketepatan tinggi:<\/strong>\u00a0Litar digital bersepadu menghapuskan variasi kelajuan bekalan kuasa disebabkan turun naik voltan sesalur.<\/li>\n<li><strong>Permulaan perlahan boleh laras:<\/strong>\u00a0Meningkatkan voltan keluaran secara beransur-ansur daripada 0 kepada pratetap, meminimumkan kesan pada plat getaran. Pratetap masa digital.<\/li>\n<li><strong>Suis henti sensor penuh\/kosong:<\/strong>\u00a0Sokong sensor NPN atau alat kawalan jauh PLC untuk hentian penuh\/kosong.<\/li>\n<li><strong>Sensor fotoelektrik berhenti penuh\/kosong:<\/strong>\u00a0Sokong sensor pengiraan fotoelektrik untuk mengawal hentian penuh\/kosong.<\/li>\n<li><strong>Kawalan kelajuan jauh:<\/strong>\u00a0Gunakan potensiometer luaran, isyarat PLC atau 1-5V untuk mengawal voltan keluaran dari jauh.<\/li>\n<li><strong>Keluaran kawalan DC:<\/strong>\u00a0Keluarkan isyarat DC voltan rendah untuk mengawal injap solenoid dan peranti lain.<\/li>\n<li><strong>Kunci papan kekunci:<\/strong>\u00a0Tekan dan tahan kekunci hidup\/mati untuk mengunci semua kekunci dan mengelakkan operasi yang salah.<\/li>\n<li><strong>Tetapan voltan keluaran maksimum:<\/strong>\u00a0Tetapan voltan boleh laras maksimum untuk mengelakkan lebihan voltan dan kerosakan pada peranti getaran.<\/li>\n<li><strong>Perlindungan terlalu panas:<\/strong>\u00a0Pengawal menghentikan output apabila suhu kerja terlalu tinggi untuk perlindungan diri.<\/li>\n<li><strong>Perlindungan arus lebih:<\/strong>\u00a0Hentikan output apabila arus bekerja melebihi arus terkadar untuk melindungi pengawal dan peralatan.<\/li>\n<li><strong>Perlindungan litar pintas yang boleh dipulihkan:<\/strong>\u00a0Menghentikan output semasa litar pintas tanpa meniup fius. Sambung semula operasi biasa selepas litar pintas dikosongkan.<\/li>\n<\/ul>\n\t<div id=\"gap-463405912\" class=\"gap-element clearfix\" style=\"display:block; height:auto;\">\n\t\t\n<style>\n#gap-463405912 {\n  padding-top: 30px;\n}\n<\/style>\n\t<\/div>\n\t\n<h2>Spesifikasi<\/h2>\n<table width=\"767\">\n<tbody>\n<tr>\n<td rowspan=\"2\" width=\"225\"><strong>item<\/strong><\/td>\n<td colspan=\"3\" width=\"216\"><strong>Skop<\/strong><\/td>\n<td rowspan=\"2\" width=\"72\"><strong>Unit<\/strong><\/td>\n<td rowspan=\"2\" width=\"254\"><strong>Perwakilan<\/strong><\/td>\n<\/tr>\n<tr>\n<td><strong>minimum<\/strong><\/td>\n<td><strong>Ciri<\/strong><\/td>\n<td><strong>maksimum<\/strong><\/td>\n<\/tr>\n<tr>\n<td>Voltan masukan<\/td>\n<td>85<\/td>\n<td>220<\/td>\n<td>260<\/td>\n<td>V<\/td>\n<td>Nilai berkesan AC<\/td>\n<\/tr>\n<tr>\n<td>Julat pelarasan voltan keluaran<\/td>\n<td>0<\/td>\n<td><\/td>\n<td>260<\/td>\n<td>V<\/td>\n<td>Voltan input kurang daripada 150%<\/td>\n<\/tr>\n<tr>\n<td>Ketepatan peraturan voltan<\/td>\n<td colspan=\"3\">1<\/td>\n<td>V<\/td>\n<td><\/td>\n<\/tr>\n<tr>\n<td>Ketepatan peraturan voltan<\/td>\n<td>0<\/td>\n<td><\/td>\n<td>10<\/td>\n<td><\/td>\n<td>Vout\/Vin<\/td>\n<\/tr>\n<tr>\n<td>Masa tindak balas peraturan voltan<\/td>\n<td>0,0025<\/td>\n<td><\/td>\n<td>0,025<\/td>\n<td>S<\/td>\n<td>Voltan keluaran 1\/10 kitaran<\/td>\n<\/tr>\n<tr>\n<td rowspan=\"2\">Julat pelarasan arus keluaran<\/td>\n<td>0<\/td>\n<td><\/td>\n<td>4,5<\/td>\n<td>SATU<\/td>\n<td>SDVC31-L-Kuasa Tinggi<\/td>\n<\/tr>\n<tr>\n<td>0<\/td>\n<td><\/td>\n<td>6<\/td>\n<td>VA<\/td>\n<td>SDVC31-XL-Kapasiti Tambahan<\/td>\n<\/tr>\n<tr>\n<td rowspan=\"2\">Kuasa keluaran<\/td>\n<td>0<\/td>\n<td><\/td>\n<td>990<\/td>\n<td>VA<\/td>\n<td>SDVC31-XL-Kapasiti Tambahan<\/td>\n<\/tr>\n<tr>\n<td>0<\/td>\n<td><\/td>\n<td>1320<\/td>\n<td>VA<\/td>\n<td>SDVC31-XL-Kapasiti Tambahan<\/td>\n<\/tr>\n<tr>\n<td>Kekerapan keluaran<\/td>\n<td>40<\/td>\n<td><\/td>\n<td>400<\/td>\n<td>Kekerapan<\/td>\n<td><\/td>\n<\/tr>\n<tr>\n<td>Ketepatan pelarasan frekuensi<\/td>\n<td colspan=\"3\">0,1<\/td>\n<td>Kekerapan<\/td>\n<td><\/td>\n<\/tr>\n<tr>\n<td>Bentuk gelombang keluaran<\/td>\n<td colspan=\"3\">sinus<\/td>\n<td><\/td>\n<td><\/td>\n<\/tr>\n<tr>\n<td>Masa mula perlahan<\/td>\n<td>0<\/td>\n<td><\/td>\n<td>10<\/td>\n<td>S<\/td>\n<td>Lalai kilang ialah 0.5<\/td>\n<\/tr>\n<tr>\n<td>Masa kelewatan<\/td>\n<td>0<\/td>\n<td><\/td>\n<td>20<\/td>\n<td>S<\/td>\n<td>Lalai kilang 0.2<\/td>\n<\/tr>\n<tr>\n<td>Ketepatan masa kelewatan<\/td>\n<td colspan=\"3\">0,1<\/td>\n<td>S<\/td>\n<td><\/td>\n<\/tr>\n<tr>\n<td>Suhu perlindungan melebihi suhu<\/td>\n<td>60<\/td>\n<td>65<\/td>\n<td>65<\/td>\n<td>\u2103<\/td>\n<td><\/td>\n<\/tr>\n<tr>\n<td>Voltan keluaran kawalan DC<\/td>\n<td>22<\/td>\n<td>24<\/td>\n<td>26<\/td>\n<td>V<\/td>\n<td><\/td>\n<\/tr>\n<tr>\n<td>Arus keluaran kawalan DC<\/td>\n<td>0<\/td>\n<td><\/td>\n<td>200<\/td>\n<td>hantu<\/td>\n<td><\/td>\n<\/tr>\n<tr>\n<td>Model kawalan analog<\/td>\n<td colspan=\"3\">1 \u2013 5<\/td>\n<td>V<\/td>\n<td>Voltan kawalan kelajuan jauh<\/td>\n<\/tr>\n<tr>\n<td>Isyarat kawalan digital<\/td>\n<td colspan=\"3\">24<\/td>\n<td>V<\/td>\n<td>Kawalan isyarat suis<\/td>\n<\/tr>\n<tr>\n<td>Kaedah pelarasan<\/td>\n<td colspan=\"3\">6<\/td>\n<td>kunci<\/td>\n<td><\/td>\n<\/tr>\n<tr>\n<td>Penggunaan kuasa tanpa beban<\/td>\n<td><\/td>\n<td>3<\/td>\n<td><\/td>\n<td>T<\/td>\n<td><\/td>\n<\/tr>\n<tr>\n<td>Mod paparan<\/td>\n<td colspan=\"3\">5<\/td>\n<td>digit<\/td>\n<td>Tiub digital LED<\/td>\n<\/tr>\n<tr>\n<td>Suhu persekitaran gaji<\/td>\n<td>0<\/td>\n<td>25<\/td>\n<td>40<\/td>\n<td>\u2103<\/td>\n<td rowspan=\"2\">Tidak berkondensasi<\/td>\n<\/tr>\n<tr>\n<td>Kelembapan persekitaran gaji<\/td>\n<td>10<\/td>\n<td>60<\/td>\n<td>85<\/td>\n<td>%<\/td>\n<\/tr>\n<\/tbody>\n<\/table>\n<h2><strong><b>Saiz dan\u00a0<\/b><\/strong><strong><b>berat badan\u00a0<\/b><\/strong><strong><b>kuantiti<\/b><\/strong><\/h2>\n<ul>\n<li>Dimensi: Panjang 190 x Lebar 147.8 x Tinggi 94.5 (mm)<\/li>\n<li>Berat: 1720g (tanpa aksesori)<\/li>\n<\/ul>\n\t<div class=\"img has-hover x md-x lg-x y md-y lg-y\" id=\"image_1852754636\">\n\t\t\t\t\t\t\t\t<div class=\"img-inner dark\" >\n\t\t\t<img loading=\"lazy\" decoding=\"async\" width=\"775\" height=\"574\" src=\"https:\/\/swoer.vn\/wp-content\/uploads\/2025\/02\/Ban-ve-kich-thuoc-SDVC31-XL\uff086A\uff09-.webp\" class=\"attachment-original size-original\" alt=\"Lukisan berdimensi SDVC31-XL\uff086A\uff09\" srcset=\"https:\/\/swoer.vn\/wp-content\/uploads\/2025\/02\/Ban-ve-kich-thuoc-SDVC31-XL\uff086A\uff09-.webp 775w, https:\/\/swoer.vn\/wp-content\/uploads\/2025\/02\/Ban-ve-kich-thuoc-SDVC31-XL\uff086A\uff09--300x222.webp 300w, https:\/\/swoer.vn\/wp-content\/uploads\/2025\/02\/Ban-ve-kich-thuoc-SDVC31-XL\uff086A\uff09--768x569.webp 768w, https:\/\/swoer.vn\/wp-content\/uploads\/2025\/02\/Ban-ve-kich-thuoc-SDVC31-XL\uff086A\uff09--16x12.webp 16w, https:\/\/swoer.vn\/wp-content\/uploads\/2025\/02\/Ban-ve-kich-thuoc-SDVC31-XL\uff086A\uff09--600x444.webp 600w\" sizes=\"auto, (max-width: 775px) 100vw, 775px\" title=\"\">\t\t\t\t\t\t\n\t\t\t\t\t<\/div>\n\t\t\t\t\t\t\t\t\n<style>\n#image_1852754636 {\n  width: 60%;\n}\n<\/style>\n\t<\/div>","protected":false},"excerpt":{"rendered":"<p>Pengawal getaran ialah peranti elektronik yang digunakan untuk melaraskan dan mengawal status operasi penyuap bergetar. Ia melaraskan kekerapan getaran dan amplitud getaran penyuap bergetar dengan mengawal arus dan voltan, memastikan bahan boleh diangkut pada kelajuan dan cara yang sesuai.<\/p>","protected":false},"featured_media":1901,"comment_status":"open","ping_status":"closed","template":"","meta":[],"product_brand":[],"product_cat":[86],"product_tag":[83,84,81],"class_list":{"0":"post-1900","1":"product","2":"type-product","3":"status-publish","4":"has-post-thumbnail","6":"product_cat-bo-dieu-khien-nap-rung","7":"product_tag-bo-dieu-khien-bat-rung","8":"product_tag-bo-dieu-khien-pheu-rung","9":"product_tag-bo-dieu-khien-rung-dong","11":"first","12":"instock","13":"shipping-taxable","14":"product-type-simple"},"yoast_head":"<!-- This site is optimized with the Yoast SEO plugin v26.0 - https:\/\/yoast.com\/wordpress\/plugins\/seo\/ -->\n<title>B\u1ed9 \u0111i\u1ec1u khi\u1ec3n rung SDVC31-XL 6A - Nh\u00e0 s\u1ea3n xu\u1ea5t m\u00e1y c\u1ea5p li\u1ec7u c\u00f4ng nghi\u1ec7p<\/title>\n<meta name=\"description\" content=\"B\u1ed9 \u0111i\u1ec1u khi\u1ec3n rung SDVC31-XL 6A gi\u00fap \u0111i\u1ec1u ch\u1ec9nh t\u1ea7n su\u1ea5t rung ch\u00ednh x\u00e1c, t\u0103ng c\u01b0\u1eddng hi\u1ec7u qu\u1ea3 v\u00e0 \u0111\u1ed9 \u1ed5n \u0111\u1ecbnh trong h\u1ec7 th\u1ed1ng c\u1ea5p li\u1ec7u t\u1ef1 \u0111\u1ed9ng cho c\u00e1c ng\u00e0nh c\u00f4ng nghi\u1ec7p.\" \/>\n<meta name=\"robots\" content=\"index, follow, max-snippet:-1, max-image-preview:large, max-video-preview:-1\" \/>\n<link rel=\"canonical\" href=\"https:\/\/swoer.vn\/ms\/manufacturer\/bo-dieu-khien-rung-sdvc31-xl-6a\/\" \/>\n<meta property=\"og:locale\" content=\"ms_MY\" \/>\n<meta property=\"og:type\" content=\"article\" \/>\n<meta property=\"og:title\" content=\"B\u1ed9 \u0111i\u1ec1u khi\u1ec3n rung SDVC31-XL 6A - Nh\u00e0 s\u1ea3n xu\u1ea5t m\u00e1y c\u1ea5p li\u1ec7u c\u00f4ng nghi\u1ec7p\" \/>\n<meta property=\"og:description\" content=\"B\u1ed9 \u0111i\u1ec1u khi\u1ec3n rung SDVC31-XL 6A gi\u00fap \u0111i\u1ec1u ch\u1ec9nh t\u1ea7n su\u1ea5t rung ch\u00ednh x\u00e1c, t\u0103ng c\u01b0\u1eddng hi\u1ec7u qu\u1ea3 v\u00e0 \u0111\u1ed9 \u1ed5n \u0111\u1ecbnh trong h\u1ec7 th\u1ed1ng c\u1ea5p li\u1ec7u t\u1ef1 \u0111\u1ed9ng cho c\u00e1c ng\u00e0nh c\u00f4ng nghi\u1ec7p.\" \/>\n<meta property=\"og:url\" content=\"https:\/\/swoer.vn\/ms\/manufacturer\/bo-dieu-khien-rung-sdvc31-xl-6a\/\" \/>\n<meta property=\"og:site_name\" content=\"Nh\u00e0 s\u1ea3n xu\u1ea5t m\u00e1y c\u1ea5p li\u1ec7u c\u00f4ng nghi\u1ec7p\" \/>\n<meta property=\"article:modified_time\" content=\"2025-03-10T04:37:20+00:00\" \/>\n<meta property=\"og:image\" content=\"https:\/\/swoer.vn\/wp-content\/uploads\/2025\/02\/Bo-dieu-khien-bat-rung-SDVC31-XL-6A.webp\" \/>\n\t<meta property=\"og:image:width\" content=\"1000\" \/>\n\t<meta property=\"og:image:height\" content=\"1000\" \/>\n\t<meta property=\"og:image:type\" content=\"image\/webp\" \/>\n<meta name=\"twitter:card\" content=\"summary_large_image\" \/>\n<meta name=\"twitter:label1\" content=\"Est. reading time\" \/>\n\t<meta name=\"twitter:data1\" content=\"6 minit\" \/>\n<script type=\"application\/ld+json\" class=\"yoast-schema-graph\">{\"@context\":\"https:\/\/schema.org\",\"@graph\":[{\"@type\":\"WebPage\",\"@id\":\"https:\/\/swoer.vn\/manufacturer\/bo-dieu-khien-rung-sdvc31-xl-6a\/\",\"url\":\"https:\/\/swoer.vn\/manufacturer\/bo-dieu-khien-rung-sdvc31-xl-6a\/\",\"name\":\"B\u1ed9 \u0111i\u1ec1u khi\u1ec3n rung SDVC31-XL 6A - Nh\u00e0 s\u1ea3n xu\u1ea5t m\u00e1y c\u1ea5p li\u1ec7u c\u00f4ng nghi\u1ec7p\",\"isPartOf\":{\"@id\":\"https:\/\/swoer.vn\/#website\"},\"primaryImageOfPage\":{\"@id\":\"https:\/\/swoer.vn\/manufacturer\/bo-dieu-khien-rung-sdvc31-xl-6a\/#primaryimage\"},\"image\":{\"@id\":\"https:\/\/swoer.vn\/manufacturer\/bo-dieu-khien-rung-sdvc31-xl-6a\/#primaryimage\"},\"thumbnailUrl\":\"https:\/\/swoer.vn\/wp-content\/uploads\/2025\/02\/Bo-dieu-khien-bat-rung-SDVC31-XL-6A.webp\",\"datePublished\":\"2025-02-27T07:19:56+00:00\",\"dateModified\":\"2025-03-10T04:37:20+00:00\",\"description\":\"B\u1ed9 \u0111i\u1ec1u khi\u1ec3n rung SDVC31-XL 6A gi\u00fap \u0111i\u1ec1u ch\u1ec9nh t\u1ea7n su\u1ea5t rung ch\u00ednh x\u00e1c, t\u0103ng c\u01b0\u1eddng hi\u1ec7u qu\u1ea3 v\u00e0 \u0111\u1ed9 \u1ed5n \u0111\u1ecbnh trong h\u1ec7 th\u1ed1ng c\u1ea5p li\u1ec7u t\u1ef1 \u0111\u1ed9ng cho c\u00e1c ng\u00e0nh c\u00f4ng nghi\u1ec7p.\",\"breadcrumb\":{\"@id\":\"https:\/\/swoer.vn\/manufacturer\/bo-dieu-khien-rung-sdvc31-xl-6a\/#breadcrumb\"},\"inLanguage\":\"ms-MY\",\"potentialAction\":[{\"@type\":\"ReadAction\",\"target\":[\"https:\/\/swoer.vn\/manufacturer\/bo-dieu-khien-rung-sdvc31-xl-6a\/\"]}]},{\"@type\":\"ImageObject\",\"inLanguage\":\"ms-MY\",\"@id\":\"https:\/\/swoer.vn\/manufacturer\/bo-dieu-khien-rung-sdvc31-xl-6a\/#primaryimage\",\"url\":\"https:\/\/swoer.vn\/wp-content\/uploads\/2025\/02\/Bo-dieu-khien-bat-rung-SDVC31-XL-6A.webp\",\"contentUrl\":\"https:\/\/swoer.vn\/wp-content\/uploads\/2025\/02\/Bo-dieu-khien-bat-rung-SDVC31-XL-6A.webp\",\"width\":1000,\"height\":1000,\"caption\":\"B\u1ed9 \u0111i\u1ec1u khi\u1ec3n b\u00e1t rung SDVC31-XL 6A\"},{\"@type\":\"BreadcrumbList\",\"@id\":\"https:\/\/swoer.vn\/manufacturer\/bo-dieu-khien-rung-sdvc31-xl-6a\/#breadcrumb\",\"itemListElement\":[{\"@type\":\"ListItem\",\"position\":1,\"name\":\"Home\",\"item\":\"https:\/\/swoer.vn\/\"},{\"@type\":\"ListItem\",\"position\":2,\"name\":\"S\u1ea3n ph\u1ea9m\",\"item\":\"https:\/\/swoer.vn\/shop\/\"},{\"@type\":\"ListItem\",\"position\":3,\"name\":\"B\u1ed9 \u0111i\u1ec1u khi\u1ec3n rung SDVC31-XL 6A\"}]},{\"@type\":\"WebSite\",\"@id\":\"https:\/\/swoer.vn\/#website\",\"url\":\"https:\/\/swoer.vn\/\",\"name\":\"Nh\u00e0 s\u1ea3n xu\u1ea5t m\u00e1y c\u1ea5p li\u1ec7u c\u00f4ng nghi\u1ec7p\",\"description\":\"Nh\u00e0 cung c\u1ea5p robot, m\u00e1y c\u1ea5p li\u1ec7u linh ho\u1ea1t, m\u00e1y c\u1ea5p li\u1ec7u ly t\u00e2m, m\u00e1y c\u1ea5p li\u1ec7u rung t\u1ef1 \u0111\u1ed9ng\",\"potentialAction\":[{\"@type\":\"SearchAction\",\"target\":{\"@type\":\"EntryPoint\",\"urlTemplate\":\"https:\/\/swoer.vn\/?s={search_term_string}\"},\"query-input\":{\"@type\":\"PropertyValueSpecification\",\"valueRequired\":true,\"valueName\":\"search_term_string\"}}],\"inLanguage\":\"ms-MY\"}]}<\/script>\n<!-- \/ Yoast SEO plugin. -->","yoast_head_json":{"title":"Pengawal Getaran SDVC31-XL 6A - Pengeluar Penyalur Industri","description":"Pengawal getaran SDVC31-XL 6A membantu melaraskan frekuensi getaran dengan tepat, meningkatkan kecekapan dan kestabilan dalam sistem suapan automatik untuk industri.","robots":{"index":"index","follow":"follow","max-snippet":"max-snippet:-1","max-image-preview":"max-image-preview:large","max-video-preview":"max-video-preview:-1"},"canonical":"https:\/\/swoer.vn\/ms\/manufacturer\/bo-dieu-khien-rung-sdvc31-xl-6a\/","og_locale":"ms_MY","og_type":"article","og_title":"B\u1ed9 \u0111i\u1ec1u khi\u1ec3n rung SDVC31-XL 6A - Nh\u00e0 s\u1ea3n xu\u1ea5t m\u00e1y c\u1ea5p li\u1ec7u c\u00f4ng nghi\u1ec7p","og_description":"B\u1ed9 \u0111i\u1ec1u khi\u1ec3n rung SDVC31-XL 6A gi\u00fap \u0111i\u1ec1u ch\u1ec9nh t\u1ea7n su\u1ea5t rung ch\u00ednh x\u00e1c, t\u0103ng c\u01b0\u1eddng hi\u1ec7u qu\u1ea3 v\u00e0 \u0111\u1ed9 \u1ed5n \u0111\u1ecbnh trong h\u1ec7 th\u1ed1ng c\u1ea5p li\u1ec7u t\u1ef1 \u0111\u1ed9ng cho c\u00e1c ng\u00e0nh c\u00f4ng nghi\u1ec7p.","og_url":"https:\/\/swoer.vn\/ms\/manufacturer\/bo-dieu-khien-rung-sdvc31-xl-6a\/","og_site_name":"Nh\u00e0 s\u1ea3n xu\u1ea5t m\u00e1y c\u1ea5p li\u1ec7u c\u00f4ng nghi\u1ec7p","article_modified_time":"2025-03-10T04:37:20+00:00","og_image":[{"width":1000,"height":1000,"url":"https:\/\/swoer.vn\/wp-content\/uploads\/2025\/02\/Bo-dieu-khien-bat-rung-SDVC31-XL-6A.webp","type":"image\/webp"}],"twitter_card":"summary_large_image","twitter_misc":{"Est. reading time":"6 minit"},"schema":{"@context":"https:\/\/schema.org","@graph":[{"@type":"WebPage","@id":"https:\/\/swoer.vn\/manufacturer\/bo-dieu-khien-rung-sdvc31-xl-6a\/","url":"https:\/\/swoer.vn\/manufacturer\/bo-dieu-khien-rung-sdvc31-xl-6a\/","name":"Pengawal Getaran SDVC31-XL 6A - Pengeluar Penyalur Industri","isPartOf":{"@id":"https:\/\/swoer.vn\/#website"},"primaryImageOfPage":{"@id":"https:\/\/swoer.vn\/manufacturer\/bo-dieu-khien-rung-sdvc31-xl-6a\/#primaryimage"},"image":{"@id":"https:\/\/swoer.vn\/manufacturer\/bo-dieu-khien-rung-sdvc31-xl-6a\/#primaryimage"},"thumbnailUrl":"https:\/\/swoer.vn\/wp-content\/uploads\/2025\/02\/Bo-dieu-khien-bat-rung-SDVC31-XL-6A.webp","datePublished":"2025-02-27T07:19:56+00:00","dateModified":"2025-03-10T04:37:20+00:00","description":"Pengawal getaran SDVC31-XL 6A membantu melaraskan frekuensi getaran dengan tepat, meningkatkan kecekapan dan kestabilan dalam sistem suapan automatik untuk industri.","breadcrumb":{"@id":"https:\/\/swoer.vn\/manufacturer\/bo-dieu-khien-rung-sdvc31-xl-6a\/#breadcrumb"},"inLanguage":"ms-MY","potentialAction":[{"@type":"ReadAction","target":["https:\/\/swoer.vn\/manufacturer\/bo-dieu-khien-rung-sdvc31-xl-6a\/"]}]},{"@type":"ImageObject","inLanguage":"ms-MY","@id":"https:\/\/swoer.vn\/manufacturer\/bo-dieu-khien-rung-sdvc31-xl-6a\/#primaryimage","url":"https:\/\/swoer.vn\/wp-content\/uploads\/2025\/02\/Bo-dieu-khien-bat-rung-SDVC31-XL-6A.webp","contentUrl":"https:\/\/swoer.vn\/wp-content\/uploads\/2025\/02\/Bo-dieu-khien-bat-rung-SDVC31-XL-6A.webp","width":1000,"height":1000,"caption":"B\u1ed9 \u0111i\u1ec1u khi\u1ec3n b\u00e1t rung SDVC31-XL 6A"},{"@type":"BreadcrumbList","@id":"https:\/\/swoer.vn\/manufacturer\/bo-dieu-khien-rung-sdvc31-xl-6a\/#breadcrumb","itemListElement":[{"@type":"ListItem","position":1,"name":"Home","item":"https:\/\/swoer.vn\/"},{"@type":"ListItem","position":2,"name":"S\u1ea3n ph\u1ea9m","item":"https:\/\/swoer.vn\/shop\/"},{"@type":"ListItem","position":3,"name":"B\u1ed9 \u0111i\u1ec1u khi\u1ec3n rung SDVC31-XL 6A"}]},{"@type":"WebSite","@id":"https:\/\/swoer.vn\/#website","url":"https:\/\/swoer.vn\/","name":"Pengeluar Pengumpan Perindustrian","description":"Pembekal robot, penyuap fleksibel, penyuap emparan, penyuap bergetar automatik","potentialAction":[{"@type":"SearchAction","target":{"@type":"EntryPoint","urlTemplate":"https:\/\/swoer.vn\/?s={search_term_string}"},"query-input":{"@type":"PropertyValueSpecification","valueRequired":true,"valueName":"search_term_string"}}],"inLanguage":"ms-MY"}]}},"_links":{"self":[{"href":"https:\/\/swoer.vn\/ms\/wp-json\/wp\/v2\/product\/1900","targetHints":{"allow":["GET"]}}],"collection":[{"href":"https:\/\/swoer.vn\/ms\/wp-json\/wp\/v2\/product"}],"about":[{"href":"https:\/\/swoer.vn\/ms\/wp-json\/wp\/v2\/types\/product"}],"replies":[{"embeddable":true,"href":"https:\/\/swoer.vn\/ms\/wp-json\/wp\/v2\/comments?post=1900"}],"wp:featuredmedia":[{"embeddable":true,"href":"https:\/\/swoer.vn\/ms\/wp-json\/wp\/v2\/media\/1901"}],"wp:attachment":[{"href":"https:\/\/swoer.vn\/ms\/wp-json\/wp\/v2\/media?parent=1900"}],"wp:term":[{"taxonomy":"product_brand","embeddable":true,"href":"https:\/\/swoer.vn\/ms\/wp-json\/wp\/v2\/product_brand?post=1900"},{"taxonomy":"product_cat","embeddable":true,"href":"https:\/\/swoer.vn\/ms\/wp-json\/wp\/v2\/product_cat?post=1900"},{"taxonomy":"product_tag","embeddable":true,"href":"https:\/\/swoer.vn\/ms\/wp-json\/wp\/v2\/product_tag?post=1900"}],"curies":[{"name":"wp","href":"https:\/\/api.w.org\/{rel}","templated":true}]}}