{"id":1883,"date":"2025-02-27T13:42:20","date_gmt":"2025-02-27T06:42:20","guid":{"rendered":"https:\/\/swoer.vn\/?post_type=product&#038;p=1883"},"modified":"2025-03-10T11:47:01","modified_gmt":"2025-03-10T04:47:01","slug":"bo-dieu-khien-rung-sdvc31-l-4-5a","status":"publish","type":"product","link":"https:\/\/swoer.vn\/ms\/manufacturer\/bo-dieu-khien-rung-sdvc31-l-4-5a\/","title":{"rendered":"Pengawal Getaran SDVC31-L 4.5A"},"content":{"rendered":"<h1>Pengawal Getaran SDVC31-L<\/h1>\n<p>Pengawal getaran ialah peranti elektronik yang digunakan untuk melaraskan dan mengawal status operasi penyuap bergetar. Ia melaraskan kekerapan getaran dan amplitud getaran penyuap bergetar dengan mengawal arus dan voltan, memastikan bahan boleh diangkut pada kelajuan dan cara yang sesuai.<\/p>\n\t<div id=\"gap-192839067\" class=\"gap-element clearfix\" style=\"display:block; height:auto;\">\n\t\t\n<style>\n#gap-192839067 {\n  padding-top: 30px;\n}\n<\/style>\n\t<\/div>\n\t\n<h2><strong>Ciri-ciri<\/strong><\/h2>\n<ul>\n<li data-sourcepos=\"3:1-5:25\">\n<p data-sourcepos=\"3:4-3:65\"><strong>Ketepatan tidak berubah dengan penstabilan voltan automatik:\u00a0<\/strong>Memastikan kelajuan bekalan kuasa yang stabil dan prestasi yang konsisten dengan fungsi penstabilan voltan automatik ketepatan tinggi yang menghapuskan turun naik yang disebabkan oleh perubahan bekalan kuasa.<\/p>\n<\/li>\n<li data-sourcepos=\"7:1-8:0\">\n<p data-sourcepos=\"7:4-7:49\"><strong>Permulaan lembut dengan mod mula lembut boleh laras:\u00a0<\/strong>Lindungi peralatan anda dan kurangkan kerosakan fizikal dengan fungsi permulaan lembut boleh laras yang meningkatkan voltan keluaran secara beransur-ansur, menghapuskan kejutan permulaan yang keras.<\/p>\n<\/li>\n<li data-sourcepos=\"11:1-11:44\">\n<p data-sourcepos=\"11:4-11:44\"><strong>Penutupan pintar dengan kawalan sensor suis:\u00a0<\/strong>Laksanakan pengurusan bekalan kuasa pintar dengan kawalan penutupan sensor penuh\/kosong, membenarkan penderia jenis NPN atau PLC menutup penuh\/kosong dari jauh untuk operasi yang lancar.<\/p>\n<\/li>\n<li data-sourcepos=\"15:1-18:0\">\n<p data-sourcepos=\"15:4-15:60\"><strong>Pengesanan tepat dengan penderia fotoelektrik dimatikan:\u00a0<\/strong>Mencapai pengesanan bahan yang tepat dan meningkatkan kecekapan penyusuan dengan fungsi kawalan penutupan penuh\/kosong sensor reflektif fotoelektrik.<\/p>\n<\/li>\n<li data-sourcepos=\"19:1-22:0\">\n<p data-sourcepos=\"19:4-19:57\"><strong>Kawalan kelajuan jauh menawarkan fleksibiliti yang tiada tandingan:\u00a0<\/strong>Laraskan kelajuan penyusuan dengan tepat dengan kawalan kelajuan jauh melalui potensiometer luaran, PLC atau isyarat voltan 1~5V, memastikan kawalan tepat voltan keluaran jauh.<\/p>\n<\/li>\n<li data-sourcepos=\"23:1-25:38\">\n<p data-sourcepos=\"23:4-23:50\"><strong>Output kawalan DC untuk meningkatkan fleksibiliti:\u00a0<\/strong>Kembangkan keupayaan kawalan dengan output kawalan DC, membolehkan pengawal mengawal peranti seperti injap solenoid, berfungsi dalam kombinasi untuk mencipta aplikasi kawalan yang lebih kompleks.<\/p>\n<\/li>\n<\/ul>\n\t<div id=\"gap-734895446\" class=\"gap-element clearfix\" style=\"display:block; height:auto;\">\n\t\t\n<style>\n#gap-734895446 {\n  padding-top: 30px;\n}\n<\/style>\n\t<\/div>\n\t\n<h2><strong>Fungsi asas<\/strong><\/h2>\n<h3 data-sourcepos=\"3:1-3:28\">Operasi mesra pengguna:<\/h3>\n<ul data-sourcepos=\"5:1-5:89\">\n<li data-sourcepos=\"5:1-5:89\"><strong>Tombol pelarasan frekuensi:<\/strong>\u00a0Perhalusi frekuensi getaran untuk menjadikan proses penyusuan lebih lancar, lebih senyap dan lebih cekap tenaga.<\/li>\n<li data-sourcepos=\"6:1-6:127\"><strong>Peraturan voltan automatik:<\/strong>\u00a0Litar digital bersepadu menghapuskan turun naik kelajuan akibat perubahan bekalan kuasa.<\/li>\n<li data-sourcepos=\"7:1-7:14\"><strong>Permulaan perlahan boleh laras:<\/strong>\u00a0Voltan keluaran secara beransur-ansur meningkat daripada 0 pada permulaan, meminimumkan kesan pada plat getaran. Tetapkan masa mula perlahan digital.<\/li>\n<\/ul>\n<h3 data-sourcepos=\"9:1-9:29\">Pilihan kawalan lanjutan:<\/h3>\n<ul data-sourcepos=\"11:1-11:1\">\n<li data-sourcepos=\"11:1-11:1\"><strong>Pemadaman penuh\/kosong berasaskan sensor:<\/strong>\u00a0Menyokong penderia NPN atau kawalan PLC untuk penutupan automatik berdasarkan tahap bahan.<\/li>\n<li data-sourcepos=\"12:1-12:24\"><strong>Penyepaduan sensor fotoelektrik:<\/strong>\u00a0Mengandungi penderia pemantul fotoelektrik untuk kawalan penuh\/kosong.<\/li>\n<li data-sourcepos=\"13:1-13:122\"><strong>Kawalan kelajuan jauh:<\/strong>\u00a0Laraskan voltan keluaran dari jauh dengan potensiometer luaran, PLC atau isyarat voltan 1-5V.<\/li>\n<li data-sourcepos=\"14:1-15:0\"><strong>Keluaran kawalan DC:<\/strong>\u00a0Kawal peranti luaran seperti injap solenoid menggunakan isyarat DC voltan rendah pengawal.<\/li>\n<\/ul>\n<h3 data-sourcepos=\"16:1-16:40\">Tingkatkan perlindungan dan keselamatan untuk pengguna:<\/h3>\n<ul data-sourcepos=\"18:1-20:63\">\n<li data-sourcepos=\"18:1-18:99\"><strong>Kunci papan kekunci:<\/strong>\u00a0Tekan dan tahan butang kuasa untuk mengunci semua kekunci, mengelakkan operasi yang tidak disengajakan.<\/li>\n<li data-sourcepos=\"19:1-19:110\"><strong>Tetapan voltan keluaran maksimum:<\/strong>\u00a0Tetapkan had voltan maksimum untuk mengelakkan ralat pengguna dan kerosakan peranti.<\/li>\n<li data-sourcepos=\"20:1-20:63\"><strong>Perlindungan terlalu panas:<\/strong>\u00a0Output akan dimatikan secara automatik apabila suhu pengawal meningkat terlalu tinggi.<\/li>\n<li data-sourcepos=\"21:1-21:145\"><strong>Perlindungan arus lebih:<\/strong>\u00a0Output akan berhenti jika arus operasi melebihi nilai undian, melindungi pengawal dan peranti getaran.<\/li>\n<li data-sourcepos=\"22:1-22:209\"><strong>Perlindungan litar pintas yang boleh dipulihkan:<\/strong>\u00a0Sekiranya berlaku litar pintas, pengawal menghentikan output tanpa meniup fius. Selepas litar pintas dikosongkan, pengawal meneruskan operasi biasa apabila kuasa dipulihkan.<\/li>\n<\/ul>\n\t<div id=\"gap-1378757470\" class=\"gap-element clearfix\" style=\"display:block; height:auto;\">\n\t\t\n<style>\n#gap-1378757470 {\n  padding-top: 30px;\n}\n<\/style>\n\t<\/div>\n\t\n<h2><strong>Spesifikasi<\/strong><\/h2>\n<table width=\"767\">\n<tbody>\n<tr>\n<td rowspan=\"2\" width=\"225\"><strong>item<\/strong><\/td>\n<td colspan=\"3\" width=\"216\"><strong>Skop<\/strong><\/td>\n<td rowspan=\"2\" width=\"72\"><strong>Unit<\/strong><\/td>\n<td rowspan=\"2\" width=\"254\"><strong>Perwakilan<\/strong><\/td>\n<\/tr>\n<tr>\n<td><strong>minimum<\/strong><\/td>\n<td><strong>Ciri<\/strong><\/td>\n<td><strong>maksimum<\/strong><\/td>\n<\/tr>\n<tr>\n<td>Voltan masukan<\/td>\n<td>85<\/td>\n<td>220<\/td>\n<td>260<\/td>\n<td>V<\/td>\n<td>Nilai berkesan AC<\/td>\n<\/tr>\n<tr>\n<td>Julat pelarasan voltan keluaran<\/td>\n<td>0<\/td>\n<td><\/td>\n<td>260<\/td>\n<td>V<\/td>\n<td>Voltan input kurang daripada 150%<\/td>\n<\/tr>\n<tr>\n<td>Ketepatan peraturan voltan<\/td>\n<td colspan=\"3\">1<\/td>\n<td>V<\/td>\n<td><\/td>\n<\/tr>\n<tr>\n<td>Ketepatan peraturan voltan<\/td>\n<td>0<\/td>\n<td><\/td>\n<td>10<\/td>\n<td><\/td>\n<td>Vout\/Vin<\/td>\n<\/tr>\n<tr>\n<td>Masa tindak balas peraturan voltan<\/td>\n<td>0,0025<\/td>\n<td><\/td>\n<td>0,025<\/td>\n<td>S<\/td>\n<td>Voltan keluaran 1\/10 kitaran<\/td>\n<\/tr>\n<tr>\n<td rowspan=\"2\">Julat pelarasan arus keluaran<\/td>\n<td>0<\/td>\n<td><\/td>\n<td>4,5<\/td>\n<td>SATU<\/td>\n<td>SDVC31-L-kuasa tinggi<\/td>\n<\/tr>\n<tr>\n<td>0<\/td>\n<td><\/td>\n<td>6<\/td>\n<td>VA<\/td>\n<td>SDVC31-XL-peningkatan kapasiti<\/td>\n<\/tr>\n<tr>\n<td rowspan=\"2\">Kuasa keluaran<\/td>\n<td>0<\/td>\n<td><\/td>\n<td>990<\/td>\n<td>VA<\/td>\n<td>SDVC31-L-kuasa tinggi<\/td>\n<\/tr>\n<tr>\n<td>0<\/td>\n<td><\/td>\n<td>1320<\/td>\n<td>VA<\/td>\n<td>SDVC31-XL-peningkatan kapasiti<\/td>\n<\/tr>\n<tr>\n<td>Kekerapan keluaran<\/td>\n<td>40<\/td>\n<td><\/td>\n<td>400<\/td>\n<td>Kekerapan<\/td>\n<td><\/td>\n<\/tr>\n<tr>\n<td>Ketepatan pelarasan frekuensi<\/td>\n<td colspan=\"3\">0,1<\/td>\n<td>Kekerapan<\/td>\n<td><\/td>\n<\/tr>\n<tr>\n<td>Bentuk gelombang keluaran<\/td>\n<td colspan=\"3\">sinus<\/td>\n<td><\/td>\n<td><\/td>\n<\/tr>\n<tr>\n<td>Masa mula perlahan<\/td>\n<td>0<\/td>\n<td><\/td>\n<td>10<\/td>\n<td>S<\/td>\n<td>Lalai kilang ialah 0.5<\/td>\n<\/tr>\n<tr>\n<td>Masa kelewatan<\/td>\n<td>0<\/td>\n<td><\/td>\n<td>20<\/td>\n<td>S<\/td>\n<td>Lalai kilang 0.2<\/td>\n<\/tr>\n<tr>\n<td>Ketepatan masa kelewatan<\/td>\n<td colspan=\"3\">0,1<\/td>\n<td>S<\/td>\n<td><\/td>\n<\/tr>\n<tr>\n<td>Suhu perlindungan melebihi suhu<\/td>\n<td>60<\/td>\n<td>65<\/td>\n<td>65<\/td>\n<td>\u2103<\/td>\n<td><\/td>\n<\/tr>\n<tr>\n<td>Voltan keluaran kawalan DC<\/td>\n<td>22<\/td>\n<td>24<\/td>\n<td>26<\/td>\n<td>V<\/td>\n<td><\/td>\n<\/tr>\n<tr>\n<td>Arus keluaran kawalan DC<\/td>\n<td>0<\/td>\n<td><\/td>\n<td>200<\/td>\n<td>hantu<\/td>\n<td><\/td>\n<\/tr>\n<tr>\n<td>Model kawalan analog<\/td>\n<td colspan=\"3\">5 Januari<\/td>\n<td>V<\/td>\n<td>Voltan kawalan kelajuan jauh<\/td>\n<\/tr>\n<tr>\n<td>Isyarat kawalan digital<\/td>\n<td colspan=\"3\">24<\/td>\n<td>V<\/td>\n<td>Kawalan isyarat suis<\/td>\n<\/tr>\n<tr>\n<td>Kaedah pelarasan<\/td>\n<td colspan=\"3\">6<\/td>\n<td>kunci<\/td>\n<td><\/td>\n<\/tr>\n<tr>\n<td>Penggunaan kuasa tanpa beban<\/td>\n<td><\/td>\n<td>3<\/td>\n<td><\/td>\n<td>T<\/td>\n<td><\/td>\n<\/tr>\n<tr>\n<td>Mod paparan<\/td>\n<td colspan=\"3\">5<\/td>\n<td>digit<\/td>\n<td>Tiub digital LED<\/td>\n<\/tr>\n<tr>\n<td>Suhu persekitaran gaji<\/td>\n<td>0<\/td>\n<td>25<\/td>\n<td>40<\/td>\n<td>\u2103<\/td>\n<td rowspan=\"2\">Tidak berkondensasi<\/td>\n<\/tr>\n<\/tbody>\n<\/table>\n\t<div id=\"gap-2087095480\" class=\"gap-element clearfix\" style=\"display:block; height:auto;\">\n\t\t\n<style>\n#gap-2087095480 {\n  padding-top: 30px;\n}\n<\/style>\n\t<\/div>\n\t\n<h2><strong><b>Dimensi dan berat<\/b><\/strong><\/h2>\n<ul>\n<li>Dimensi: panjang 190mm x lebar 147.8mm x tinggi 94.5mm<\/li>\n<li>Berat: 1675g (tidak termasuk aksesori)<\/li>\n<\/ul>\n\t<div class=\"img has-hover x md-x lg-x y md-y lg-y\" id=\"image_852996661\">\n\t\t\t\t\t\t\t\t<div class=\"img-inner dark\" >\n\t\t\t<img loading=\"lazy\" decoding=\"async\" width=\"800\" height=\"595\" src=\"https:\/\/swoer.vn\/wp-content\/uploads\/2025\/02\/SDVC31-L-4.5A-Ban-ve-kich-thuoc.webp\" class=\"attachment-original size-original\" alt=\"SDVC31-L 4.5A Lukisan Dimensi\" srcset=\"https:\/\/swoer.vn\/wp-content\/uploads\/2025\/02\/SDVC31-L-4.5A-Ban-ve-kich-thuoc.webp 800w, https:\/\/swoer.vn\/wp-content\/uploads\/2025\/02\/SDVC31-L-4.5A-Ban-ve-kich-thuoc-300x223.webp 300w, https:\/\/swoer.vn\/wp-content\/uploads\/2025\/02\/SDVC31-L-4.5A-Ban-ve-kich-thuoc-768x571.webp 768w, https:\/\/swoer.vn\/wp-content\/uploads\/2025\/02\/SDVC31-L-4.5A-Ban-ve-kich-thuoc-16x12.webp 16w, https:\/\/swoer.vn\/wp-content\/uploads\/2025\/02\/SDVC31-L-4.5A-Ban-ve-kich-thuoc-600x446.webp 600w\" sizes=\"auto, (max-width: 800px) 100vw, 800px\" title=\"\">\t\t\t\t\t\t\n\t\t\t\t\t<\/div>\n\t\t\t\t\t\t\t\t\n<style>\n#image_852996661 {\n  width: 60%;\n}\n<\/style>\n\t<\/div>","protected":false},"excerpt":{"rendered":"<p>Pengawal getaran SDVC31-L 4.5A direka untuk melaraskan kekerapan getaran corong bergetar, membantu mengoptimumkan proses penyusuan dalam sistem automatik. Dengan arus 4.5A, pengawal ini memastikan prestasi yang stabil dan tepat, membantu meningkatkan kecekapan pengeluaran dalam industri seperti elektronik, automotif dan farmaseutikal.<\/p>","protected":false},"featured_media":1884,"comment_status":"open","ping_status":"closed","template":"","meta":[],"product_brand":[],"product_cat":[86],"product_tag":[83,82,81],"class_list":{"0":"post-1883","1":"product","2":"type-product","3":"status-publish","4":"has-post-thumbnail","6":"product_cat-bo-dieu-khien-nap-rung","7":"product_tag-bo-dieu-khien-bat-rung","8":"product_tag-bo-dieu-khien-may-cap-lieu-rung","9":"product_tag-bo-dieu-khien-rung-dong","11":"first","12":"instock","13":"shipping-taxable","14":"product-type-simple"},"yoast_head":"<!-- This site is optimized with the Yoast SEO plugin v26.0 - https:\/\/yoast.com\/wordpress\/plugins\/seo\/ -->\n<title>B\u1ed9 \u0111i\u1ec1u khi\u1ec3n rung SDVC31-L 4.5A - Nh\u00e0 s\u1ea3n xu\u1ea5t m\u00e1y c\u1ea5p li\u1ec7u c\u00f4ng nghi\u1ec7p<\/title>\n<meta name=\"description\" content=\"B\u1ed9 \u0111i\u1ec1u khi\u1ec3n rung SDVC31-L 4.5A gi\u00fap \u0111i\u1ec1u ch\u1ec9nh t\u1ea7n su\u1ea5t rung ch\u00ednh x\u00e1c, n\u00e2ng cao hi\u1ec7u qu\u1ea3 ho\u1ea1t \u0111\u1ed9ng c\u1ee7a h\u1ec7 th\u1ed1ng c\u1ea5p li\u1ec7u rung trong s\u1ea3n xu\u1ea5t t\u1ef1 \u0111\u1ed9ng.\" \/>\n<meta name=\"robots\" content=\"index, follow, max-snippet:-1, max-image-preview:large, max-video-preview:-1\" \/>\n<link rel=\"canonical\" href=\"https:\/\/swoer.vn\/ms\/manufacturer\/bo-dieu-khien-rung-sdvc31-l-4-5a\/\" \/>\n<meta property=\"og:locale\" content=\"ms_MY\" \/>\n<meta property=\"og:type\" content=\"article\" \/>\n<meta property=\"og:title\" content=\"B\u1ed9 \u0111i\u1ec1u khi\u1ec3n rung SDVC31-L 4.5A - Nh\u00e0 s\u1ea3n xu\u1ea5t m\u00e1y c\u1ea5p li\u1ec7u c\u00f4ng nghi\u1ec7p\" \/>\n<meta property=\"og:description\" content=\"B\u1ed9 \u0111i\u1ec1u khi\u1ec3n rung SDVC31-L 4.5A gi\u00fap \u0111i\u1ec1u ch\u1ec9nh t\u1ea7n su\u1ea5t rung ch\u00ednh x\u00e1c, n\u00e2ng cao hi\u1ec7u qu\u1ea3 ho\u1ea1t \u0111\u1ed9ng c\u1ee7a h\u1ec7 th\u1ed1ng c\u1ea5p li\u1ec7u rung trong s\u1ea3n xu\u1ea5t t\u1ef1 \u0111\u1ed9ng.\" \/>\n<meta property=\"og:url\" content=\"https:\/\/swoer.vn\/ms\/manufacturer\/bo-dieu-khien-rung-sdvc31-l-4-5a\/\" \/>\n<meta property=\"og:site_name\" content=\"Nh\u00e0 s\u1ea3n xu\u1ea5t m\u00e1y c\u1ea5p li\u1ec7u c\u00f4ng nghi\u1ec7p\" \/>\n<meta property=\"article:modified_time\" content=\"2025-03-10T04:47:01+00:00\" \/>\n<meta property=\"og:image\" content=\"https:\/\/swoer.vn\/wp-content\/uploads\/2025\/02\/Bo-dieu-khien-pheu-rung-SDVC31-L-4.5A.webp\" \/>\n\t<meta property=\"og:image:width\" content=\"1000\" \/>\n\t<meta property=\"og:image:height\" content=\"1000\" \/>\n\t<meta property=\"og:image:type\" content=\"image\/webp\" \/>\n<meta name=\"twitter:card\" content=\"summary_large_image\" \/>\n<meta name=\"twitter:label1\" content=\"Est. reading time\" \/>\n\t<meta name=\"twitter:data1\" content=\"6 minit\" \/>\n<script type=\"application\/ld+json\" class=\"yoast-schema-graph\">{\"@context\":\"https:\/\/schema.org\",\"@graph\":[{\"@type\":\"WebPage\",\"@id\":\"https:\/\/swoer.vn\/manufacturer\/bo-dieu-khien-rung-sdvc31-l-4-5a\/\",\"url\":\"https:\/\/swoer.vn\/manufacturer\/bo-dieu-khien-rung-sdvc31-l-4-5a\/\",\"name\":\"B\u1ed9 \u0111i\u1ec1u khi\u1ec3n rung SDVC31-L 4.5A - Nh\u00e0 s\u1ea3n xu\u1ea5t m\u00e1y c\u1ea5p li\u1ec7u c\u00f4ng nghi\u1ec7p\",\"isPartOf\":{\"@id\":\"https:\/\/swoer.vn\/#website\"},\"primaryImageOfPage\":{\"@id\":\"https:\/\/swoer.vn\/manufacturer\/bo-dieu-khien-rung-sdvc31-l-4-5a\/#primaryimage\"},\"image\":{\"@id\":\"https:\/\/swoer.vn\/manufacturer\/bo-dieu-khien-rung-sdvc31-l-4-5a\/#primaryimage\"},\"thumbnailUrl\":\"https:\/\/swoer.vn\/wp-content\/uploads\/2025\/02\/Bo-dieu-khien-pheu-rung-SDVC31-L-4.5A.webp\",\"datePublished\":\"2025-02-27T06:42:20+00:00\",\"dateModified\":\"2025-03-10T04:47:01+00:00\",\"description\":\"B\u1ed9 \u0111i\u1ec1u khi\u1ec3n rung SDVC31-L 4.5A gi\u00fap \u0111i\u1ec1u ch\u1ec9nh t\u1ea7n su\u1ea5t rung ch\u00ednh x\u00e1c, n\u00e2ng cao hi\u1ec7u qu\u1ea3 ho\u1ea1t \u0111\u1ed9ng c\u1ee7a h\u1ec7 th\u1ed1ng c\u1ea5p li\u1ec7u rung trong s\u1ea3n xu\u1ea5t t\u1ef1 \u0111\u1ed9ng.\",\"breadcrumb\":{\"@id\":\"https:\/\/swoer.vn\/manufacturer\/bo-dieu-khien-rung-sdvc31-l-4-5a\/#breadcrumb\"},\"inLanguage\":\"ms-MY\",\"potentialAction\":[{\"@type\":\"ReadAction\",\"target\":[\"https:\/\/swoer.vn\/manufacturer\/bo-dieu-khien-rung-sdvc31-l-4-5a\/\"]}]},{\"@type\":\"ImageObject\",\"inLanguage\":\"ms-MY\",\"@id\":\"https:\/\/swoer.vn\/manufacturer\/bo-dieu-khien-rung-sdvc31-l-4-5a\/#primaryimage\",\"url\":\"https:\/\/swoer.vn\/wp-content\/uploads\/2025\/02\/Bo-dieu-khien-pheu-rung-SDVC31-L-4.5A.webp\",\"contentUrl\":\"https:\/\/swoer.vn\/wp-content\/uploads\/2025\/02\/Bo-dieu-khien-pheu-rung-SDVC31-L-4.5A.webp\",\"width\":1000,\"height\":1000,\"caption\":\"B\u1ed9 \u0111i\u1ec1u khi\u1ec3n ph\u1ec5u rung SDVC31-L 4.5A\"},{\"@type\":\"BreadcrumbList\",\"@id\":\"https:\/\/swoer.vn\/manufacturer\/bo-dieu-khien-rung-sdvc31-l-4-5a\/#breadcrumb\",\"itemListElement\":[{\"@type\":\"ListItem\",\"position\":1,\"name\":\"Home\",\"item\":\"https:\/\/swoer.vn\/\"},{\"@type\":\"ListItem\",\"position\":2,\"name\":\"S\u1ea3n ph\u1ea9m\",\"item\":\"https:\/\/swoer.vn\/shop\/\"},{\"@type\":\"ListItem\",\"position\":3,\"name\":\"B\u1ed9 \u0111i\u1ec1u khi\u1ec3n rung SDVC31-L 4.5A\"}]},{\"@type\":\"WebSite\",\"@id\":\"https:\/\/swoer.vn\/#website\",\"url\":\"https:\/\/swoer.vn\/\",\"name\":\"Nh\u00e0 s\u1ea3n xu\u1ea5t m\u00e1y c\u1ea5p li\u1ec7u c\u00f4ng nghi\u1ec7p\",\"description\":\"Nh\u00e0 cung c\u1ea5p robot, m\u00e1y c\u1ea5p li\u1ec7u linh ho\u1ea1t, m\u00e1y c\u1ea5p li\u1ec7u ly t\u00e2m, m\u00e1y c\u1ea5p li\u1ec7u rung t\u1ef1 \u0111\u1ed9ng\",\"potentialAction\":[{\"@type\":\"SearchAction\",\"target\":{\"@type\":\"EntryPoint\",\"urlTemplate\":\"https:\/\/swoer.vn\/?s={search_term_string}\"},\"query-input\":{\"@type\":\"PropertyValueSpecification\",\"valueRequired\":true,\"valueName\":\"search_term_string\"}}],\"inLanguage\":\"ms-MY\"}]}<\/script>\n<!-- \/ Yoast SEO plugin. -->","yoast_head_json":{"title":"Pengawal Getaran SDVC31-L 4.5A - Pengeluar Penyuap Industri","description":"Pengawal getaran SDVC31-L 4.5A membantu melaraskan kekerapan getaran dengan tepat, meningkatkan kecekapan operasi sistem penyusuan bergetar dalam pengeluaran automatik.","robots":{"index":"index","follow":"follow","max-snippet":"max-snippet:-1","max-image-preview":"max-image-preview:large","max-video-preview":"max-video-preview:-1"},"canonical":"https:\/\/swoer.vn\/ms\/manufacturer\/bo-dieu-khien-rung-sdvc31-l-4-5a\/","og_locale":"ms_MY","og_type":"article","og_title":"B\u1ed9 \u0111i\u1ec1u khi\u1ec3n rung SDVC31-L 4.5A - Nh\u00e0 s\u1ea3n xu\u1ea5t m\u00e1y c\u1ea5p li\u1ec7u c\u00f4ng nghi\u1ec7p","og_description":"B\u1ed9 \u0111i\u1ec1u khi\u1ec3n rung SDVC31-L 4.5A gi\u00fap \u0111i\u1ec1u ch\u1ec9nh t\u1ea7n su\u1ea5t rung ch\u00ednh x\u00e1c, n\u00e2ng cao hi\u1ec7u qu\u1ea3 ho\u1ea1t \u0111\u1ed9ng c\u1ee7a h\u1ec7 th\u1ed1ng c\u1ea5p li\u1ec7u rung trong s\u1ea3n xu\u1ea5t t\u1ef1 \u0111\u1ed9ng.","og_url":"https:\/\/swoer.vn\/ms\/manufacturer\/bo-dieu-khien-rung-sdvc31-l-4-5a\/","og_site_name":"Nh\u00e0 s\u1ea3n xu\u1ea5t m\u00e1y c\u1ea5p li\u1ec7u c\u00f4ng nghi\u1ec7p","article_modified_time":"2025-03-10T04:47:01+00:00","og_image":[{"width":1000,"height":1000,"url":"https:\/\/swoer.vn\/wp-content\/uploads\/2025\/02\/Bo-dieu-khien-pheu-rung-SDVC31-L-4.5A.webp","type":"image\/webp"}],"twitter_card":"summary_large_image","twitter_misc":{"Est. reading time":"6 minit"},"schema":{"@context":"https:\/\/schema.org","@graph":[{"@type":"WebPage","@id":"https:\/\/swoer.vn\/manufacturer\/bo-dieu-khien-rung-sdvc31-l-4-5a\/","url":"https:\/\/swoer.vn\/manufacturer\/bo-dieu-khien-rung-sdvc31-l-4-5a\/","name":"Pengawal Getaran SDVC31-L 4.5A - Pengeluar Penyuap Industri","isPartOf":{"@id":"https:\/\/swoer.vn\/#website"},"primaryImageOfPage":{"@id":"https:\/\/swoer.vn\/manufacturer\/bo-dieu-khien-rung-sdvc31-l-4-5a\/#primaryimage"},"image":{"@id":"https:\/\/swoer.vn\/manufacturer\/bo-dieu-khien-rung-sdvc31-l-4-5a\/#primaryimage"},"thumbnailUrl":"https:\/\/swoer.vn\/wp-content\/uploads\/2025\/02\/Bo-dieu-khien-pheu-rung-SDVC31-L-4.5A.webp","datePublished":"2025-02-27T06:42:20+00:00","dateModified":"2025-03-10T04:47:01+00:00","description":"Pengawal getaran SDVC31-L 4.5A membantu melaraskan kekerapan getaran dengan tepat, meningkatkan kecekapan operasi sistem penyusuan bergetar dalam pengeluaran automatik.","breadcrumb":{"@id":"https:\/\/swoer.vn\/manufacturer\/bo-dieu-khien-rung-sdvc31-l-4-5a\/#breadcrumb"},"inLanguage":"ms-MY","potentialAction":[{"@type":"ReadAction","target":["https:\/\/swoer.vn\/manufacturer\/bo-dieu-khien-rung-sdvc31-l-4-5a\/"]}]},{"@type":"ImageObject","inLanguage":"ms-MY","@id":"https:\/\/swoer.vn\/manufacturer\/bo-dieu-khien-rung-sdvc31-l-4-5a\/#primaryimage","url":"https:\/\/swoer.vn\/wp-content\/uploads\/2025\/02\/Bo-dieu-khien-pheu-rung-SDVC31-L-4.5A.webp","contentUrl":"https:\/\/swoer.vn\/wp-content\/uploads\/2025\/02\/Bo-dieu-khien-pheu-rung-SDVC31-L-4.5A.webp","width":1000,"height":1000,"caption":"B\u1ed9 \u0111i\u1ec1u khi\u1ec3n ph\u1ec5u rung SDVC31-L 4.5A"},{"@type":"BreadcrumbList","@id":"https:\/\/swoer.vn\/manufacturer\/bo-dieu-khien-rung-sdvc31-l-4-5a\/#breadcrumb","itemListElement":[{"@type":"ListItem","position":1,"name":"Home","item":"https:\/\/swoer.vn\/"},{"@type":"ListItem","position":2,"name":"S\u1ea3n ph\u1ea9m","item":"https:\/\/swoer.vn\/shop\/"},{"@type":"ListItem","position":3,"name":"B\u1ed9 \u0111i\u1ec1u khi\u1ec3n rung SDVC31-L 4.5A"}]},{"@type":"WebSite","@id":"https:\/\/swoer.vn\/#website","url":"https:\/\/swoer.vn\/","name":"Pengeluar Pengumpan Perindustrian","description":"Pembekal robot, penyuap fleksibel, penyuap emparan, penyuap bergetar automatik","potentialAction":[{"@type":"SearchAction","target":{"@type":"EntryPoint","urlTemplate":"https:\/\/swoer.vn\/?s={search_term_string}"},"query-input":{"@type":"PropertyValueSpecification","valueRequired":true,"valueName":"search_term_string"}}],"inLanguage":"ms-MY"}]}},"_links":{"self":[{"href":"https:\/\/swoer.vn\/ms\/wp-json\/wp\/v2\/product\/1883","targetHints":{"allow":["GET"]}}],"collection":[{"href":"https:\/\/swoer.vn\/ms\/wp-json\/wp\/v2\/product"}],"about":[{"href":"https:\/\/swoer.vn\/ms\/wp-json\/wp\/v2\/types\/product"}],"replies":[{"embeddable":true,"href":"https:\/\/swoer.vn\/ms\/wp-json\/wp\/v2\/comments?post=1883"}],"wp:featuredmedia":[{"embeddable":true,"href":"https:\/\/swoer.vn\/ms\/wp-json\/wp\/v2\/media\/1884"}],"wp:attachment":[{"href":"https:\/\/swoer.vn\/ms\/wp-json\/wp\/v2\/media?parent=1883"}],"wp:term":[{"taxonomy":"product_brand","embeddable":true,"href":"https:\/\/swoer.vn\/ms\/wp-json\/wp\/v2\/product_brand?post=1883"},{"taxonomy":"product_cat","embeddable":true,"href":"https:\/\/swoer.vn\/ms\/wp-json\/wp\/v2\/product_cat?post=1883"},{"taxonomy":"product_tag","embeddable":true,"href":"https:\/\/swoer.vn\/ms\/wp-json\/wp\/v2\/product_tag?post=1883"}],"curies":[{"name":"wp","href":"https:\/\/api.w.org\/{rel}","templated":true}]}}