{"id":1868,"date":"2025-02-27T09:24:19","date_gmt":"2025-02-27T02:24:19","guid":{"rendered":"https:\/\/swoer.vn\/?post_type=product&#038;p=1868"},"modified":"2025-02-27T10:31:03","modified_gmt":"2025-02-27T03:31:03","slug":"thiet-bi-tu-dong-kiem-tra-tam-nhin-ccd","status":"publish","type":"product","link":"https:\/\/swoer.vn\/ms\/manufacturer\/thiet-bi-tu-dong-kiem-tra-tam-nhin-ccd\/","title":{"rendered":"Peralatan Pemeriksaan Automatik Penglihatan CCD | Mesin AOI"},"content":{"rendered":"<section class=\"section\" id=\"section_1096413131\">\n\t\t<div class=\"bg section-bg fill bg-fill  bg-loaded\" >\n\n\t\t\t\n\t\t\t\n\t\t\t\n\n\t\t<\/div>\n\n\t\t\n\n\t\t<div class=\"section-content relative\">\n\t\t\t\n<h2><strong><b>Pengenalan Produk<\/b><\/strong><\/h2>\n<p>Mesin pemeriksaan visual meja putar ialah peralatan pemeriksaan automatik yang dibangunkan untuk menyasarkan saiz, rupa dan kecacatan lain pada pelbagai bahagian. Selepas menggunakan mekanisme pemuatan seperti plat bergetar untuk mengangkut bahagian secara automatik ke meja putar kaca, stesen pemeriksaan visual akan melakukan pengimejan. rawatan pada bahagian. Pengawal gerakan melengkapkan putaran kelajuan malar meja putar kaca, maklum balas pengekod kedudukan bahan dan output perbandingan kedudukan perkakasan untuk mengawal kamera CCD berbilang stesen dan peniup udara untuk mencapai bentuk polihedral automatik sepenuhnya, saiz dan aspek pemeriksaan, penyaringan. Mesin saringan imej Meja Putar Pasaran Aplikasi digunakan secara meluas dalam bidang pembuatan industri seperti elektronik 3C, bateri litium, komponen elektronik, semikonduktor dan perkakasan.<\/p>\n\t<div id=\"gap-179239993\" class=\"gap-element clearfix\" style=\"display:block; height:auto;\">\n\t\t\n<style>\n#gap-179239993 {\n  padding-top: 30px;\n}\n<\/style>\n\t<\/div>\n\t\n<h2>Kelebihan<\/h2>\n<ul>\n<li>Keputusan ujian adalah stabil dan sangat konsisten<\/li>\n<li>Menyaring dan mengklasifikasikan produk yang rosak secara automatik, menghapuskannya dan meningkatkan kualiti produk<\/li>\n<li>Fotografi udara visual mengurangkan CT mesin dan meningkatkan kecekapan berbanding dengan fotografi statik<\/li>\n<li>Seorang yang mengendalikan satu mesin boleh menggantikan 2-6 operasi manual dan meningkatkan produktiviti pengeluaran.<\/li>\n<li>Adalah mungkin untuk memantau dalam talian sama ada setiap proses pemeriksaan pengeluaran dilakukan dengan pasti dan cekap.<\/li>\n<li>o Berbanding dengan penyelesaian PLC + skrin sentuh tradisional, ia mempunyai integrasi yang lebih tinggi, kecekapan kos yang lebih baik dan tindak balas yang lebih baik supaya ia lebih cepat dan lebih cekap<\/li>\n<\/ul>\n\t\t<\/div>\n\n\t\t\n<style>\n#section_1096413131 {\n  padding-top: 30px;\n  padding-bottom: 30px;\n}\n<\/style>\n\t<\/section>\n\t\n\t<section class=\"section\" id=\"section_461547913\">\n\t\t<div class=\"bg section-bg fill bg-fill  bg-loaded\" >\n\n\t\t\t\n\t\t\t\n\t\t\t\n\n\t\t<\/div>\n\n\t\t\n\n\t\t<div class=\"section-content relative\">\n\t\t\t\n<h2>Tunjukkan komponen yang berbeza<\/h2>\n<div class=\"row\"  id=\"row-796034818\">\n\n\t<div id=\"col-701869249\" class=\"col medium-4 small-12 large-4\"  >\n\t\t\t\t<div class=\"col-inner\"  >\n\t\t\t\n\t\t\t\n\t<div id=\"gap-2092632867\" class=\"gap-element clearfix\" style=\"display:block; height:auto;\">\n\t\t\n<style>\n#gap-2092632867 {\n  padding-top: 30px;\n}\n<\/style>\n\t<\/div>\n\t\n<h3 style=\"text-align: center;\">Pengawal gerakan<\/h3>\n\t<div class=\"img has-hover x md-x lg-x y md-y lg-y\" id=\"image_1943269809\">\n\t\t\t\t\t\t\t\t<div class=\"img-inner dark\" >\n\t\t\t<img loading=\"lazy\" decoding=\"async\" width=\"800\" height=\"512\" src=\"https:\/\/swoer.vn\/wp-content\/uploads\/2025\/02\/Bo-dieu-khien-chuyen-dong.webp\" class=\"attachment-original size-original\" alt=\"Pengawal gerakan\" srcset=\"https:\/\/swoer.vn\/wp-content\/uploads\/2025\/02\/Bo-dieu-khien-chuyen-dong.webp 800w, https:\/\/swoer.vn\/wp-content\/uploads\/2025\/02\/Bo-dieu-khien-chuyen-dong-300x192.webp 300w, https:\/\/swoer.vn\/wp-content\/uploads\/2025\/02\/Bo-dieu-khien-chuyen-dong-768x492.webp 768w, https:\/\/swoer.vn\/wp-content\/uploads\/2025\/02\/Bo-dieu-khien-chuyen-dong-18x12.webp 18w, https:\/\/swoer.vn\/wp-content\/uploads\/2025\/02\/Bo-dieu-khien-chuyen-dong-600x384.webp 600w\" sizes=\"auto, (max-width: 800px) 100vw, 800px\" title=\"\">\t\t\t\t\t\t\n\t\t\t\t\t<\/div>\n\t\t\t\t\t\t\t\t\n<style>\n#image_1943269809 {\n  width: 100%;\n}\n<\/style>\n\t<\/div>\n\t\n\t\t<\/div>\n\t\t\t\t\t<\/div>\n\n\t\n\n\t<div id=\"col-590311190\" class=\"col medium-4 small-12 large-4\"  >\n\t\t\t\t<div class=\"col-inner\"  >\n\t\t\t\n\t\t\t\n\t<div id=\"gap-1892194332\" class=\"gap-element clearfix\" style=\"display:block; height:auto;\">\n\t\t\n<style>\n#gap-1892194332 {\n  padding-top: 30px;\n}\n<\/style>\n\t<\/div>\n\t\n<h3 style=\"text-align: center;\">Produk untuk diuji<\/h3>\n\t<div class=\"img has-hover x md-x lg-x y md-y lg-y\" id=\"image_2034254721\">\n\t\t\t\t\t\t\t\t<div class=\"img-inner dark\" >\n\t\t\t<img loading=\"lazy\" decoding=\"async\" width=\"800\" height=\"512\" src=\"https:\/\/swoer.vn\/wp-content\/uploads\/2025\/02\/san-pham-can-kiem-tra.webp\" class=\"attachment-original size-original\" alt=\"Produk untuk diuji\" srcset=\"https:\/\/swoer.vn\/wp-content\/uploads\/2025\/02\/san-pham-can-kiem-tra.webp 800w, https:\/\/swoer.vn\/wp-content\/uploads\/2025\/02\/san-pham-can-kiem-tra-300x192.webp 300w, https:\/\/swoer.vn\/wp-content\/uploads\/2025\/02\/san-pham-can-kiem-tra-768x492.webp 768w, https:\/\/swoer.vn\/wp-content\/uploads\/2025\/02\/san-pham-can-kiem-tra-18x12.webp 18w, https:\/\/swoer.vn\/wp-content\/uploads\/2025\/02\/san-pham-can-kiem-tra-600x384.webp 600w\" sizes=\"auto, (max-width: 800px) 100vw, 800px\" title=\"\">\t\t\t\t\t\t\n\t\t\t\t\t<\/div>\n\t\t\t\t\t\t\t\t\n<style>\n#image_2034254721 {\n  width: 100%;\n}\n<\/style>\n\t<\/div>\n\t\n\t\t<\/div>\n\t\t\t\t\t<\/div>\n\n\t\n\n\t<div id=\"col-197694071\" class=\"col medium-4 small-12 large-4\"  >\n\t\t\t\t<div class=\"col-inner\"  >\n\t\t\t\n\t\t\t\n\t<div id=\"gap-1858381449\" class=\"gap-element clearfix\" style=\"display:block; height:auto;\">\n\t\t\n<style>\n#gap-1858381449 {\n  padding-top: 30px;\n}\n<\/style>\n\t<\/div>\n\t\n<h2 style=\"text-align: center;\">Rasa dan rekod lokasi bahan<\/h2>\n\t<div class=\"img has-hover x md-x lg-x y md-y lg-y\" id=\"image_580415416\">\n\t\t\t\t\t\t\t\t<div class=\"img-inner dark\" >\n\t\t\t<img loading=\"lazy\" decoding=\"async\" width=\"800\" height=\"512\" src=\"https:\/\/swoer.vn\/wp-content\/uploads\/2025\/02\/Cam-nhan-vat-lieu-va-ghi-lai-vi-tri-cua-no.webp\" class=\"attachment-original size-original\" alt=\"Rasa bahan dan rekod lokasinya\" srcset=\"https:\/\/swoer.vn\/wp-content\/uploads\/2025\/02\/Cam-nhan-vat-lieu-va-ghi-lai-vi-tri-cua-no.webp 800w, https:\/\/swoer.vn\/wp-content\/uploads\/2025\/02\/Cam-nhan-vat-lieu-va-ghi-lai-vi-tri-cua-no-300x192.webp 300w, https:\/\/swoer.vn\/wp-content\/uploads\/2025\/02\/Cam-nhan-vat-lieu-va-ghi-lai-vi-tri-cua-no-768x492.webp 768w, https:\/\/swoer.vn\/wp-content\/uploads\/2025\/02\/Cam-nhan-vat-lieu-va-ghi-lai-vi-tri-cua-no-18x12.webp 18w, https:\/\/swoer.vn\/wp-content\/uploads\/2025\/02\/Cam-nhan-vat-lieu-va-ghi-lai-vi-tri-cua-no-600x384.webp 600w\" sizes=\"auto, (max-width: 800px) 100vw, 800px\" title=\"\">\t\t\t\t\t\t\n\t\t\t\t\t<\/div>\n\t\t\t\t\t\t\t\t\n<style>\n#image_580415416 {\n  width: 100%;\n}\n<\/style>\n\t<\/div>\n\t\n\t\t<\/div>\n\t\t\t\t\t<\/div>\n\n\t\n<\/div>\n\t<div id=\"gap-1494021033\" class=\"gap-element clearfix\" style=\"display:block; height:auto;\">\n\t\t\n<style>\n#gap-1494021033 {\n  padding-top: 30px;\n}\n<\/style>\n\t<\/div>\n\t\n<div class=\"row\"  id=\"row-2081414924\">\n\n\t<div id=\"col-1167050594\" class=\"col medium-4 small-12 large-4\"  >\n\t\t\t\t<div class=\"col-inner\"  >\n\t\t\t\n\t\t\t\n<h3 style=\"text-align: center;\">Aktifkan kamera untuk mengambil foto<\/h3>\n\t<div class=\"img has-hover x md-x lg-x y md-y lg-y\" id=\"image_1819132875\">\n\t\t\t\t\t\t\t\t<div class=\"img-inner dark\" >\n\t\t\t<img loading=\"lazy\" decoding=\"async\" width=\"800\" height=\"512\" src=\"https:\/\/swoer.vn\/wp-content\/uploads\/2025\/02\/Kich-hoat-may-anh-de-chup-anh.webp\" class=\"attachment-original size-original\" alt=\"Aktifkan kamera untuk mengambil foto\" srcset=\"https:\/\/swoer.vn\/wp-content\/uploads\/2025\/02\/Kich-hoat-may-anh-de-chup-anh.webp 800w, https:\/\/swoer.vn\/wp-content\/uploads\/2025\/02\/Kich-hoat-may-anh-de-chup-anh-300x192.webp 300w, https:\/\/swoer.vn\/wp-content\/uploads\/2025\/02\/Kich-hoat-may-anh-de-chup-anh-768x492.webp 768w, https:\/\/swoer.vn\/wp-content\/uploads\/2025\/02\/Kich-hoat-may-anh-de-chup-anh-18x12.webp 18w, https:\/\/swoer.vn\/wp-content\/uploads\/2025\/02\/Kich-hoat-may-anh-de-chup-anh-600x384.webp 600w\" sizes=\"auto, (max-width: 800px) 100vw, 800px\" title=\"\">\t\t\t\t\t\t\n\t\t\t\t\t<\/div>\n\t\t\t\t\t\t\t\t\n<style>\n#image_1819132875 {\n  width: 100%;\n}\n<\/style>\n\t<\/div>\n\t\n\t\t<\/div>\n\t\t\t\t\t<\/div>\n\n\t\n\n\t<div id=\"col-1583998269\" class=\"col medium-4 small-12 large-4\"  >\n\t\t\t\t<div class=\"col-inner\"  >\n\t\t\t\n\t\t\t\n<h3 style=\"text-align: center;\">Pemprosesan sistem visual<\/h3>\n\t<div class=\"img has-hover x md-x lg-x y md-y lg-y\" id=\"image_1553748984\">\n\t\t\t\t\t\t\t\t<div class=\"img-inner dark\" >\n\t\t\t<img loading=\"lazy\" decoding=\"async\" width=\"800\" height=\"512\" src=\"https:\/\/swoer.vn\/wp-content\/uploads\/2025\/02\/Xu-ly-he-thong-thi-giac.webp\" class=\"attachment-original size-original\" alt=\"Pemprosesan sistem visual\" srcset=\"https:\/\/swoer.vn\/wp-content\/uploads\/2025\/02\/Xu-ly-he-thong-thi-giac.webp 800w, https:\/\/swoer.vn\/wp-content\/uploads\/2025\/02\/Xu-ly-he-thong-thi-giac-300x192.webp 300w, https:\/\/swoer.vn\/wp-content\/uploads\/2025\/02\/Xu-ly-he-thong-thi-giac-768x492.webp 768w, https:\/\/swoer.vn\/wp-content\/uploads\/2025\/02\/Xu-ly-he-thong-thi-giac-18x12.webp 18w, https:\/\/swoer.vn\/wp-content\/uploads\/2025\/02\/Xu-ly-he-thong-thi-giac-600x384.webp 600w\" sizes=\"auto, (max-width: 800px) 100vw, 800px\" title=\"\">\t\t\t\t\t\t\n\t\t\t\t\t<\/div>\n\t\t\t\t\t\t\t\t\n<style>\n#image_1553748984 {\n  width: 100%;\n}\n<\/style>\n\t<\/div>\n\t\n\t\t<\/div>\n\t\t\t\t\t<\/div>\n\n\t\n\n\t<div id=\"col-129400787\" class=\"col medium-4 small-12 large-4\"  >\n\t\t\t\t<div class=\"col-inner\"  >\n\t\t\t\n\t\t\t\n<h3 style=\"text-align: center;\">Menyaring produk baik dan buruk<\/h3>\n\t<div class=\"img has-hover x md-x lg-x y md-y lg-y\" id=\"image_620817922\">\n\t\t\t\t\t\t\t\t<div class=\"img-inner dark\" >\n\t\t\t<img loading=\"lazy\" decoding=\"async\" width=\"800\" height=\"512\" src=\"https:\/\/swoer.vn\/wp-content\/uploads\/2025\/02\/Sang-loc-san-pham-tot-va-xau.webp\" class=\"attachment-original size-original\" alt=\"Menyaring produk baik dan buruk\" srcset=\"https:\/\/swoer.vn\/wp-content\/uploads\/2025\/02\/Sang-loc-san-pham-tot-va-xau.webp 800w, https:\/\/swoer.vn\/wp-content\/uploads\/2025\/02\/Sang-loc-san-pham-tot-va-xau-300x192.webp 300w, https:\/\/swoer.vn\/wp-content\/uploads\/2025\/02\/Sang-loc-san-pham-tot-va-xau-768x492.webp 768w, https:\/\/swoer.vn\/wp-content\/uploads\/2025\/02\/Sang-loc-san-pham-tot-va-xau-18x12.webp 18w, https:\/\/swoer.vn\/wp-content\/uploads\/2025\/02\/Sang-loc-san-pham-tot-va-xau-600x384.webp 600w\" sizes=\"auto, (max-width: 800px) 100vw, 800px\" title=\"\">\t\t\t\t\t\t\n\t\t\t\t\t<\/div>\n\t\t\t\t\t\t\t\t\n<style>\n#image_620817922 {\n  width: 100%;\n}\n<\/style>\n\t<\/div>\n\t\n\t\t<\/div>\n\t\t\t\t\t<\/div>\n\n\t\n<\/div>\n\t\t<\/div>\n\n\t\t\n<style>\n#section_461547913 {\n  padding-top: 30px;\n  padding-bottom: 30px;\n}\n<\/style>\n\t<\/section>","protected":false},"excerpt":{"rendered":"<p>Penguji Penglihatan CCD | Mesin AOI SWOER direka untuk memeriksa kualiti produk secara automatik dengan tepat dan cekap. Dengan teknologi CCD canggih, peranti boleh mengesan kecacatan terkecil pada permukaan produk, membantu meningkatkan kualiti dan meminimumkan ralat dalam proses pengeluaran. Mesin AOI (Automated Optical Inspection) bukan sahaja mempercepatkan pemeriksaan tetapi juga mengoptimumkan proses pengeluaran, memastikan produk memenuhi piawaian tertinggi. Ia adalah penyelesaian yang ideal untuk industri pembuatan elektronik, perubatan dan automotif.<\/p>","protected":false},"featured_media":1869,"comment_status":"open","ping_status":"closed","template":"","meta":[],"product_brand":[],"product_cat":[76],"product_tag":[78,77,79],"class_list":{"0":"post-1868","1":"product","2":"type-product","3":"status-publish","4":"has-post-thumbnail","6":"product_cat-san-pham-moi","7":"product_tag-may-aoi","8":"product_tag-may-kiem-tra-tu-dong-aoi","9":"product_tag-thiet-bi-tu-dong-kiem-tra-tam-nhin-ccd","11":"first","12":"instock","13":"shipping-taxable","14":"product-type-simple"},"yoast_head":"<!-- This site is optimized with the Yoast SEO plugin v26.0 - https:\/\/yoast.com\/wordpress\/plugins\/seo\/ -->\n<title>Thi\u1ebft b\u1ecb t\u1ef1 \u0111\u1ed9ng ki\u1ec3m tra t\u1ea7m nh\u00ecn CCD | M\u00e1y AOI - Nh\u00e0 s\u1ea3n xu\u1ea5t m\u00e1y c\u1ea5p li\u1ec7u c\u00f4ng nghi\u1ec7p<\/title>\n<meta name=\"description\" content=\"Kh\u00e1m ph\u00e1 Thi\u1ebft b\u1ecb t\u1ef1 \u0111\u1ed9ng ki\u1ec3m tra t\u1ea7m nh\u00ecn CCD | M\u00e1y AOI c\u1ee7a SWOER, gi\u00fap ki\u1ec3m tra ch\u1ea5t l\u01b0\u1ee3ng s\u1ea3n ph\u1ea9m nhanh ch\u00f3ng, ch\u00ednh x\u00e1c v\u00e0 t\u1ed1i \u01b0u ho\u00e1 quy tr\u00ecnh s\u1ea3n xu\u1ea5t.\" \/>\n<meta name=\"robots\" content=\"index, follow, max-snippet:-1, max-image-preview:large, max-video-preview:-1\" \/>\n<link rel=\"canonical\" href=\"https:\/\/swoer.vn\/ms\/manufacturer\/thiet-bi-tu-dong-kiem-tra-tam-nhin-ccd\/\" \/>\n<meta property=\"og:locale\" content=\"ms_MY\" \/>\n<meta property=\"og:type\" content=\"article\" \/>\n<meta property=\"og:title\" content=\"Thi\u1ebft b\u1ecb t\u1ef1 \u0111\u1ed9ng ki\u1ec3m tra t\u1ea7m nh\u00ecn CCD | M\u00e1y AOI - Nh\u00e0 s\u1ea3n xu\u1ea5t m\u00e1y c\u1ea5p li\u1ec7u c\u00f4ng nghi\u1ec7p\" \/>\n<meta property=\"og:description\" content=\"Kh\u00e1m ph\u00e1 Thi\u1ebft b\u1ecb t\u1ef1 \u0111\u1ed9ng ki\u1ec3m tra t\u1ea7m nh\u00ecn CCD | M\u00e1y AOI c\u1ee7a SWOER, gi\u00fap ki\u1ec3m tra ch\u1ea5t l\u01b0\u1ee3ng s\u1ea3n ph\u1ea9m nhanh ch\u00f3ng, ch\u00ednh x\u00e1c v\u00e0 t\u1ed1i \u01b0u ho\u00e1 quy tr\u00ecnh s\u1ea3n xu\u1ea5t.\" \/>\n<meta property=\"og:url\" content=\"https:\/\/swoer.vn\/ms\/manufacturer\/thiet-bi-tu-dong-kiem-tra-tam-nhin-ccd\/\" \/>\n<meta property=\"og:site_name\" content=\"Nh\u00e0 s\u1ea3n xu\u1ea5t m\u00e1y c\u1ea5p li\u1ec7u c\u00f4ng nghi\u1ec7p\" \/>\n<meta property=\"article:modified_time\" content=\"2025-02-27T03:31:03+00:00\" \/>\n<meta property=\"og:image\" content=\"https:\/\/swoer.vn\/wp-content\/uploads\/2025\/02\/Thiet-bi-tu-dong-kiem-tra-tam-nhin-CCD.webp\" \/>\n\t<meta property=\"og:image:width\" content=\"1000\" \/>\n\t<meta property=\"og:image:height\" content=\"1000\" \/>\n\t<meta property=\"og:image:type\" content=\"image\/webp\" \/>\n<meta name=\"twitter:card\" content=\"summary_large_image\" \/>\n<meta name=\"twitter:label1\" content=\"Est. reading time\" \/>\n\t<meta name=\"twitter:data1\" content=\"1 minit\" \/>\n<script type=\"application\/ld+json\" class=\"yoast-schema-graph\">{\"@context\":\"https:\/\/schema.org\",\"@graph\":[{\"@type\":\"WebPage\",\"@id\":\"https:\/\/swoer.vn\/manufacturer\/thiet-bi-tu-dong-kiem-tra-tam-nhin-ccd\/\",\"url\":\"https:\/\/swoer.vn\/manufacturer\/thiet-bi-tu-dong-kiem-tra-tam-nhin-ccd\/\",\"name\":\"Thi\u1ebft b\u1ecb t\u1ef1 \u0111\u1ed9ng ki\u1ec3m tra t\u1ea7m nh\u00ecn CCD | M\u00e1y AOI - Nh\u00e0 s\u1ea3n xu\u1ea5t m\u00e1y c\u1ea5p li\u1ec7u c\u00f4ng nghi\u1ec7p\",\"isPartOf\":{\"@id\":\"https:\/\/swoer.vn\/#website\"},\"primaryImageOfPage\":{\"@id\":\"https:\/\/swoer.vn\/manufacturer\/thiet-bi-tu-dong-kiem-tra-tam-nhin-ccd\/#primaryimage\"},\"image\":{\"@id\":\"https:\/\/swoer.vn\/manufacturer\/thiet-bi-tu-dong-kiem-tra-tam-nhin-ccd\/#primaryimage\"},\"thumbnailUrl\":\"https:\/\/swoer.vn\/wp-content\/uploads\/2025\/02\/Thiet-bi-tu-dong-kiem-tra-tam-nhin-CCD.webp\",\"datePublished\":\"2025-02-27T02:24:19+00:00\",\"dateModified\":\"2025-02-27T03:31:03+00:00\",\"description\":\"Kh\u00e1m ph\u00e1 Thi\u1ebft b\u1ecb t\u1ef1 \u0111\u1ed9ng ki\u1ec3m tra t\u1ea7m nh\u00ecn CCD | M\u00e1y AOI c\u1ee7a SWOER, gi\u00fap ki\u1ec3m tra ch\u1ea5t l\u01b0\u1ee3ng s\u1ea3n ph\u1ea9m nhanh ch\u00f3ng, ch\u00ednh x\u00e1c v\u00e0 t\u1ed1i \u01b0u ho\u00e1 quy tr\u00ecnh s\u1ea3n xu\u1ea5t.\",\"breadcrumb\":{\"@id\":\"https:\/\/swoer.vn\/manufacturer\/thiet-bi-tu-dong-kiem-tra-tam-nhin-ccd\/#breadcrumb\"},\"inLanguage\":\"ms-MY\",\"potentialAction\":[{\"@type\":\"ReadAction\",\"target\":[\"https:\/\/swoer.vn\/manufacturer\/thiet-bi-tu-dong-kiem-tra-tam-nhin-ccd\/\"]}]},{\"@type\":\"ImageObject\",\"inLanguage\":\"ms-MY\",\"@id\":\"https:\/\/swoer.vn\/manufacturer\/thiet-bi-tu-dong-kiem-tra-tam-nhin-ccd\/#primaryimage\",\"url\":\"https:\/\/swoer.vn\/wp-content\/uploads\/2025\/02\/Thiet-bi-tu-dong-kiem-tra-tam-nhin-CCD.webp\",\"contentUrl\":\"https:\/\/swoer.vn\/wp-content\/uploads\/2025\/02\/Thiet-bi-tu-dong-kiem-tra-tam-nhin-CCD.webp\",\"width\":1000,\"height\":1000,\"caption\":\"Thi\u1ebft b\u1ecb t\u1ef1 \u0111\u1ed9ng ki\u1ec3m tra t\u1ea7m nh\u00ecn CCD\"},{\"@type\":\"BreadcrumbList\",\"@id\":\"https:\/\/swoer.vn\/manufacturer\/thiet-bi-tu-dong-kiem-tra-tam-nhin-ccd\/#breadcrumb\",\"itemListElement\":[{\"@type\":\"ListItem\",\"position\":1,\"name\":\"Home\",\"item\":\"https:\/\/swoer.vn\/\"},{\"@type\":\"ListItem\",\"position\":2,\"name\":\"S\u1ea3n ph\u1ea9m\",\"item\":\"https:\/\/swoer.vn\/shop\/\"},{\"@type\":\"ListItem\",\"position\":3,\"name\":\"Thi\u1ebft b\u1ecb t\u1ef1 \u0111\u1ed9ng ki\u1ec3m tra t\u1ea7m nh\u00ecn CCD | M\u00e1y AOI\"}]},{\"@type\":\"WebSite\",\"@id\":\"https:\/\/swoer.vn\/#website\",\"url\":\"https:\/\/swoer.vn\/\",\"name\":\"Nh\u00e0 s\u1ea3n xu\u1ea5t m\u00e1y c\u1ea5p li\u1ec7u c\u00f4ng nghi\u1ec7p\",\"description\":\"Nh\u00e0 cung c\u1ea5p robot, m\u00e1y c\u1ea5p li\u1ec7u linh ho\u1ea1t, m\u00e1y c\u1ea5p li\u1ec7u ly t\u00e2m, m\u00e1y c\u1ea5p li\u1ec7u rung t\u1ef1 \u0111\u1ed9ng\",\"potentialAction\":[{\"@type\":\"SearchAction\",\"target\":{\"@type\":\"EntryPoint\",\"urlTemplate\":\"https:\/\/swoer.vn\/?s={search_term_string}\"},\"query-input\":{\"@type\":\"PropertyValueSpecification\",\"valueRequired\":true,\"valueName\":\"search_term_string\"}}],\"inLanguage\":\"ms-MY\"}]}<\/script>\n<!-- \/ Yoast SEO plugin. -->","yoast_head_json":{"title":"Peralatan Pemeriksaan Automatik Penglihatan CCD | Mesin AOI - Pengilang Pengumpan Perindustrian","description":"Terokai Peralatan Pemeriksaan Automatik Penglihatan CCD | Mesin AOI SWOER membantu menyemak kualiti produk dengan cepat, tepat dan mengoptimumkan proses pengeluaran.","robots":{"index":"index","follow":"follow","max-snippet":"max-snippet:-1","max-image-preview":"max-image-preview:large","max-video-preview":"max-video-preview:-1"},"canonical":"https:\/\/swoer.vn\/ms\/manufacturer\/thiet-bi-tu-dong-kiem-tra-tam-nhin-ccd\/","og_locale":"ms_MY","og_type":"article","og_title":"Thi\u1ebft b\u1ecb t\u1ef1 \u0111\u1ed9ng ki\u1ec3m tra t\u1ea7m nh\u00ecn CCD | M\u00e1y AOI - Nh\u00e0 s\u1ea3n xu\u1ea5t m\u00e1y c\u1ea5p li\u1ec7u c\u00f4ng nghi\u1ec7p","og_description":"Kh\u00e1m ph\u00e1 Thi\u1ebft b\u1ecb t\u1ef1 \u0111\u1ed9ng ki\u1ec3m tra t\u1ea7m nh\u00ecn CCD | M\u00e1y AOI c\u1ee7a SWOER, gi\u00fap ki\u1ec3m tra ch\u1ea5t l\u01b0\u1ee3ng s\u1ea3n ph\u1ea9m nhanh ch\u00f3ng, ch\u00ednh x\u00e1c v\u00e0 t\u1ed1i \u01b0u ho\u00e1 quy tr\u00ecnh s\u1ea3n xu\u1ea5t.","og_url":"https:\/\/swoer.vn\/ms\/manufacturer\/thiet-bi-tu-dong-kiem-tra-tam-nhin-ccd\/","og_site_name":"Nh\u00e0 s\u1ea3n xu\u1ea5t m\u00e1y c\u1ea5p li\u1ec7u c\u00f4ng nghi\u1ec7p","article_modified_time":"2025-02-27T03:31:03+00:00","og_image":[{"width":1000,"height":1000,"url":"https:\/\/swoer.vn\/wp-content\/uploads\/2025\/02\/Thiet-bi-tu-dong-kiem-tra-tam-nhin-CCD.webp","type":"image\/webp"}],"twitter_card":"summary_large_image","twitter_misc":{"Est. reading time":"1 minit"},"schema":{"@context":"https:\/\/schema.org","@graph":[{"@type":"WebPage","@id":"https:\/\/swoer.vn\/manufacturer\/thiet-bi-tu-dong-kiem-tra-tam-nhin-ccd\/","url":"https:\/\/swoer.vn\/manufacturer\/thiet-bi-tu-dong-kiem-tra-tam-nhin-ccd\/","name":"Peralatan Pemeriksaan Automatik Penglihatan CCD | Mesin AOI - Pengilang Pengumpan Perindustrian","isPartOf":{"@id":"https:\/\/swoer.vn\/#website"},"primaryImageOfPage":{"@id":"https:\/\/swoer.vn\/manufacturer\/thiet-bi-tu-dong-kiem-tra-tam-nhin-ccd\/#primaryimage"},"image":{"@id":"https:\/\/swoer.vn\/manufacturer\/thiet-bi-tu-dong-kiem-tra-tam-nhin-ccd\/#primaryimage"},"thumbnailUrl":"https:\/\/swoer.vn\/wp-content\/uploads\/2025\/02\/Thiet-bi-tu-dong-kiem-tra-tam-nhin-CCD.webp","datePublished":"2025-02-27T02:24:19+00:00","dateModified":"2025-02-27T03:31:03+00:00","description":"Terokai Peralatan Pemeriksaan Automatik Penglihatan CCD | Mesin AOI SWOER membantu menyemak kualiti produk dengan cepat, tepat dan mengoptimumkan proses pengeluaran.","breadcrumb":{"@id":"https:\/\/swoer.vn\/manufacturer\/thiet-bi-tu-dong-kiem-tra-tam-nhin-ccd\/#breadcrumb"},"inLanguage":"ms-MY","potentialAction":[{"@type":"ReadAction","target":["https:\/\/swoer.vn\/manufacturer\/thiet-bi-tu-dong-kiem-tra-tam-nhin-ccd\/"]}]},{"@type":"ImageObject","inLanguage":"ms-MY","@id":"https:\/\/swoer.vn\/manufacturer\/thiet-bi-tu-dong-kiem-tra-tam-nhin-ccd\/#primaryimage","url":"https:\/\/swoer.vn\/wp-content\/uploads\/2025\/02\/Thiet-bi-tu-dong-kiem-tra-tam-nhin-CCD.webp","contentUrl":"https:\/\/swoer.vn\/wp-content\/uploads\/2025\/02\/Thiet-bi-tu-dong-kiem-tra-tam-nhin-CCD.webp","width":1000,"height":1000,"caption":"Thi\u1ebft b\u1ecb t\u1ef1 \u0111\u1ed9ng ki\u1ec3m tra t\u1ea7m nh\u00ecn CCD"},{"@type":"BreadcrumbList","@id":"https:\/\/swoer.vn\/manufacturer\/thiet-bi-tu-dong-kiem-tra-tam-nhin-ccd\/#breadcrumb","itemListElement":[{"@type":"ListItem","position":1,"name":"Home","item":"https:\/\/swoer.vn\/"},{"@type":"ListItem","position":2,"name":"S\u1ea3n ph\u1ea9m","item":"https:\/\/swoer.vn\/shop\/"},{"@type":"ListItem","position":3,"name":"Thi\u1ebft b\u1ecb t\u1ef1 \u0111\u1ed9ng ki\u1ec3m tra t\u1ea7m nh\u00ecn CCD | M\u00e1y AOI"}]},{"@type":"WebSite","@id":"https:\/\/swoer.vn\/#website","url":"https:\/\/swoer.vn\/","name":"Pengeluar Pengumpan Perindustrian","description":"Pembekal robot, penyuap fleksibel, penyuap emparan, penyuap bergetar automatik","potentialAction":[{"@type":"SearchAction","target":{"@type":"EntryPoint","urlTemplate":"https:\/\/swoer.vn\/?s={search_term_string}"},"query-input":{"@type":"PropertyValueSpecification","valueRequired":true,"valueName":"search_term_string"}}],"inLanguage":"ms-MY"}]}},"_links":{"self":[{"href":"https:\/\/swoer.vn\/ms\/wp-json\/wp\/v2\/product\/1868","targetHints":{"allow":["GET"]}}],"collection":[{"href":"https:\/\/swoer.vn\/ms\/wp-json\/wp\/v2\/product"}],"about":[{"href":"https:\/\/swoer.vn\/ms\/wp-json\/wp\/v2\/types\/product"}],"replies":[{"embeddable":true,"href":"https:\/\/swoer.vn\/ms\/wp-json\/wp\/v2\/comments?post=1868"}],"wp:featuredmedia":[{"embeddable":true,"href":"https:\/\/swoer.vn\/ms\/wp-json\/wp\/v2\/media\/1869"}],"wp:attachment":[{"href":"https:\/\/swoer.vn\/ms\/wp-json\/wp\/v2\/media?parent=1868"}],"wp:term":[{"taxonomy":"product_brand","embeddable":true,"href":"https:\/\/swoer.vn\/ms\/wp-json\/wp\/v2\/product_brand?post=1868"},{"taxonomy":"product_cat","embeddable":true,"href":"https:\/\/swoer.vn\/ms\/wp-json\/wp\/v2\/product_cat?post=1868"},{"taxonomy":"product_tag","embeddable":true,"href":"https:\/\/swoer.vn\/ms\/wp-json\/wp\/v2\/product_tag?post=1868"}],"curies":[{"name":"wp","href":"https:\/\/api.w.org\/{rel}","templated":true}]}}