{"id":1852,"date":"2025-02-26T14:39:38","date_gmt":"2025-02-26T07:39:38","guid":{"rendered":"https:\/\/swoer.vn\/?post_type=product&#038;p=1852"},"modified":"2025-02-26T15:41:12","modified_gmt":"2025-02-26T08:41:12","slug":"robot-delta-cong-nghiep","status":"publish","type":"product","link":"https:\/\/swoer.vn\/ms\/manufacturer\/robot-delta-cong-nghiep\/","title":{"rendered":"Robot Perindustrian Delta | Robot Labah-labah Industri"},"content":{"rendered":"<h2>Ciri-ciri Robot Delta AC-03<\/h2>\n<ul>\n<li>Robot berketepatan tinggi dan berkelajuan tinggi<\/li>\n<li>Tiada pengaturcaraan diperlukan, mudah digunakan<\/li>\n<li>Mudah digunakan dengan pemandu, pasang hanya dalam satu langkah<\/li>\n<li>Respons yang lebih fleksibel terhadap keperluan untuk aplikasi robot dalam bidang yang berbeza<\/li>\n<\/ul>\n\t<div id=\"gap-1213893838\" class=\"gap-element clearfix\" style=\"display:block; height:auto;\">\n\t\t\n<style>\n#gap-1213893838 {\n  padding-top: 30px;\n}\n<\/style>\n\t<\/div>\n\t\n<h2>Parameter<\/h2>\n<table width=\"705\">\n<tbody>\n<tr>\n<td width=\"159\"><strong>Nama<\/strong><\/td>\n<td width=\"178\">Skop<\/td>\n<td width=\"198\"><strong>Nama<\/strong><\/td>\n<td width=\"170\">skop<\/td>\n<\/tr>\n<tr>\n<td><strong>taip<\/strong><\/td>\n<td>SW-AC03<\/td>\n<td><strong>Ulang ketepatan<\/strong><\/td>\n<td>\u00b10.1mm<\/td>\n<\/tr>\n<tr>\n<td><strong>Voltan<\/strong><\/td>\n<td>AC220V<\/td>\n<td><strong>Saiz cakera fleksibel<\/strong><\/td>\n<td>100*150mm<\/td>\n<\/tr>\n<tr>\n<td><strong>Kapasiti<\/strong><\/td>\n<td>500W<\/td>\n<td><strong>kaedah pemindahan<\/strong><\/td>\n<td>motor servo<\/td>\n<\/tr>\n<tr>\n<td><strong>Saiz<\/strong><\/td>\n<td>224*380*650mm<\/td>\n<td><strong>sumber cahaya<\/strong><\/td>\n<td>cahaya putih persegi<\/td>\n<\/tr>\n<tr>\n<td><strong>Berat badan<\/strong><\/td>\n<td>30kg<\/td>\n<td><strong>Mod getaran<\/strong><\/td>\n<td>Motor getaran<\/td>\n<\/tr>\n<tr>\n<td><strong>Skop operasi<\/strong><\/td>\n<td>250*300mm<\/td>\n<td><strong>Resolusi<\/strong><\/td>\n<td>3072*2048 piksel<\/td>\n<\/tr>\n<tr>\n<td><strong>Julat tetapan<\/strong><\/td>\n<td>200*240mm<\/td>\n<td><strong>Sumber input udara<\/strong><\/td>\n<td>0.4~0.6MPa<\/td>\n<\/tr>\n<tr>\n<td><strong>Kelajuan maksimum<\/strong><\/td>\n<td>0.4 saat\/keping<\/td>\n<td><strong>Tekanan udara keluar<\/strong><\/td>\n<td>\u00a04 Kg<\/td>\n<\/tr>\n<\/tbody>\n<\/table>\n\t<div id=\"gap-929874550\" class=\"gap-element clearfix\" style=\"display:block; height:auto;\">\n\t\t\n<style>\n#gap-929874550 {\n  padding-top: 30px;\n}\n<\/style>\n\t<\/div>\n\t\n\t<div id=\"gap-1486632356\" class=\"gap-element clearfix\" style=\"display:block; height:auto;\">\n\t\t\n<style>\n#gap-1486632356 {\n  padding-top: 30px;\n}\n<\/style>\n\t<\/div>\n\t\n<div class=\"row\"  id=\"row-1438783444\">\n\n\t<div id=\"col-973956598\" class=\"col medium-6 small-12 large-6\"  >\n\t\t\t\t<div class=\"col-inner\"  >\n\t\t\t\n\t\t\t\n<h3 style=\"text-align: center;\">Nama Bahagian Delta Robot AC-03<\/h3>\n\t<div id=\"gap-1614772158\" class=\"gap-element clearfix\" style=\"display:block; height:auto;\">\n\t\t\n<style>\n#gap-1614772158 {\n  padding-top: 30px;\n}\n<\/style>\n\t<\/div>\n\t\n\t<div class=\"img has-hover x md-x lg-x y md-y lg-y\" id=\"image_1781960336\">\n\t\t\t\t\t\t\t\t<div class=\"img-inner dark\" >\n\t\t\t<img loading=\"lazy\" decoding=\"async\" width=\"577\" height=\"462\" src=\"https:\/\/swoer.vn\/wp-content\/uploads\/2025\/02\/Ten-bo-phan-Robot-Delta-AC-03.webp\" class=\"attachment-original size-original\" alt=\"Nama Bahagian Delta Robot AC-03\" srcset=\"https:\/\/swoer.vn\/wp-content\/uploads\/2025\/02\/Ten-bo-phan-Robot-Delta-AC-03.webp 577w, https:\/\/swoer.vn\/wp-content\/uploads\/2025\/02\/Ten-bo-phan-Robot-Delta-AC-03-300x240.webp 300w, https:\/\/swoer.vn\/wp-content\/uploads\/2025\/02\/Ten-bo-phan-Robot-Delta-AC-03-15x12.webp 15w\" sizes=\"auto, (max-width: 577px) 100vw, 577px\" title=\"\">\t\t\t\t\t\t\n\t\t\t\t\t<\/div>\n\t\t\t\t\t\t\t\t\n<style>\n#image_1781960336 {\n  width: 100%;\n}\n<\/style>\n\t<\/div>\n\t\n\t\t<\/div>\n\t\t\t\t\t<\/div>\n\n\t\n\n\t<div id=\"col-485361020\" class=\"col medium-6 small-12 large-6\"  >\n\t\t\t\t<div class=\"col-inner\"  >\n\t\t\t\n\t\t\t\n<h3 style=\"text-align: center;\">Dimensi luaran bagi<\/h3>\n\t<div id=\"gap-651456244\" class=\"gap-element clearfix\" style=\"display:block; height:auto;\">\n\t\t\n<style>\n#gap-651456244 {\n  padding-top: 30px;\n}\n<\/style>\n\t<\/div>\n\t\n\t<div class=\"img has-hover x md-x lg-x y md-y lg-y\" id=\"image_1450395422\">\n\t\t\t\t\t\t\t\t<div class=\"img-inner dark\" >\n\t\t\t<img loading=\"lazy\" decoding=\"async\" width=\"577\" height=\"462\" src=\"https:\/\/swoer.vn\/wp-content\/uploads\/2025\/02\/Kich-thuoc-be-ngoai-cua.webp\" class=\"attachment-original size-original\" alt=\"Dimensi luaran bagi\" srcset=\"https:\/\/swoer.vn\/wp-content\/uploads\/2025\/02\/Kich-thuoc-be-ngoai-cua.webp 577w, https:\/\/swoer.vn\/wp-content\/uploads\/2025\/02\/Kich-thuoc-be-ngoai-cua-300x240.webp 300w, https:\/\/swoer.vn\/wp-content\/uploads\/2025\/02\/Kich-thuoc-be-ngoai-cua-15x12.webp 15w\" sizes=\"auto, (max-width: 577px) 100vw, 577px\" title=\"\">\t\t\t\t\t\t\n\t\t\t\t\t<\/div>\n\t\t\t\t\t\t\t\t\n<style>\n#image_1450395422 {\n  width: 100%;\n}\n<\/style>\n\t<\/div>\n\t\n\t\t<\/div>\n\t\t\t\t\t<\/div>\n\n\t\n<\/div>\n\t<div id=\"gap-1568807345\" class=\"gap-element clearfix\" style=\"display:block; height:auto;\">\n\t\t\n<style>\n#gap-1568807345 {\n  padding-top: 30px;\n}\n<\/style>\n\t<\/div>\n\t\n<h2>Senarai pembungkusan<\/h2>\n\t<div class=\"img has-hover x md-x lg-x y md-y lg-y\" id=\"image_1644543193\">\n\t\t\t\t\t\t\t\t<div class=\"img-inner dark\" >\n\t\t\t<img loading=\"lazy\" decoding=\"async\" width=\"1000\" height=\"841\" src=\"https:\/\/swoer.vn\/wp-content\/uploads\/2025\/02\/Danh-sach-dong-goi.webp\" class=\"attachment-original size-original\" alt=\"Senarai pembungkusan\" srcset=\"https:\/\/swoer.vn\/wp-content\/uploads\/2025\/02\/Danh-sach-dong-goi.webp 1000w, https:\/\/swoer.vn\/wp-content\/uploads\/2025\/02\/Danh-sach-dong-goi-300x252.webp 300w, https:\/\/swoer.vn\/wp-content\/uploads\/2025\/02\/Danh-sach-dong-goi-768x646.webp 768w, https:\/\/swoer.vn\/wp-content\/uploads\/2025\/02\/Danh-sach-dong-goi-14x12.webp 14w, https:\/\/swoer.vn\/wp-content\/uploads\/2025\/02\/Danh-sach-dong-goi-600x505.webp 600w\" sizes=\"auto, (max-width: 1000px) 100vw, 1000px\" title=\"\">\t\t\t\t\t\t\n\t\t\t\t\t<\/div>\n\t\t\t\t\t\t\t\t\n<style>\n#image_1644543193 {\n  width: 100%;\n}\n<\/style>\n\t<\/div>","protected":false},"excerpt":{"rendered":"<p>Robot Delta perindustrian SWOER dan Robot Labah-labah perindustrian ialah penyelesaian terbaik untuk aplikasi automasi dalam industri pembuatan. Dengan reka bentuk pintar dan mobiliti fleksibel, robot ini bukan sahaja meningkatkan kecekapan tetapi juga mengurangkan kos buruh. Khususnya, rangkaian aplikasinya yang luas membantu meningkatkan kecekapan dalam barisan pengeluaran yang kompleks, daripada pemasangan kepada pemeriksaan kualiti produk.<\/p>","protected":false},"featured_media":1853,"comment_status":"open","ping_status":"closed","template":"","meta":[],"product_brand":[],"product_cat":[69],"product_tag":[70,72,71],"class_list":{"0":"post-1852","1":"product","2":"type-product","3":"status-publish","4":"has-post-thumbnail","6":"product_cat-delta-robot","7":"product_tag-robot-delta","8":"product_tag-robot-nhen-cong-nghiep","9":"product_tag-robot-nhen-trong-san-xuat","11":"first","12":"instock","13":"shipping-taxable","14":"product-type-simple"},"yoast_head":"<!-- This site is optimized with the Yoast SEO plugin v26.0 - https:\/\/yoast.com\/wordpress\/plugins\/seo\/ -->\n<title>Robot Delta c\u00f4ng nghi\u1ec7p | Robot nh\u1ec7n c\u00f4ng nghi\u1ec7p - Nh\u00e0 s\u1ea3n xu\u1ea5t m\u00e1y c\u1ea5p li\u1ec7u c\u00f4ng nghi\u1ec7p<\/title>\n<meta name=\"description\" content=\"Robot Delta c\u00f4ng nghi\u1ec7p v\u00e0 Robot nh\u1ec7n c\u00f4ng nghi\u1ec7p SWOER mang \u0111\u1ebfn gi\u1ea3i ph\u00e1p t\u1ed1i \u01b0u cho t\u1ef1 \u0111\u1ed9ng h\u00f3a s\u1ea3n xu\u1ea5t. T\u0103ng c\u01b0\u1eddng hi\u1ec7u su\u1ea5t v\u00e0 \u0111\u1ed9 ch\u00ednh x\u00e1c ngay h\u00f4m nay!\" \/>\n<meta name=\"robots\" content=\"index, follow, max-snippet:-1, max-image-preview:large, max-video-preview:-1\" \/>\n<link rel=\"canonical\" href=\"https:\/\/swoer.vn\/ms\/manufacturer\/robot-delta-cong-nghiep\/\" \/>\n<meta property=\"og:locale\" content=\"ms_MY\" \/>\n<meta property=\"og:type\" content=\"article\" \/>\n<meta property=\"og:title\" content=\"Robot Delta c\u00f4ng nghi\u1ec7p | Robot nh\u1ec7n c\u00f4ng nghi\u1ec7p - Nh\u00e0 s\u1ea3n xu\u1ea5t m\u00e1y c\u1ea5p li\u1ec7u c\u00f4ng nghi\u1ec7p\" \/>\n<meta property=\"og:description\" content=\"Robot Delta c\u00f4ng nghi\u1ec7p v\u00e0 Robot nh\u1ec7n c\u00f4ng nghi\u1ec7p SWOER mang \u0111\u1ebfn gi\u1ea3i ph\u00e1p t\u1ed1i \u01b0u cho t\u1ef1 \u0111\u1ed9ng h\u00f3a s\u1ea3n xu\u1ea5t. T\u0103ng c\u01b0\u1eddng hi\u1ec7u su\u1ea5t v\u00e0 \u0111\u1ed9 ch\u00ednh x\u00e1c ngay h\u00f4m nay!\" \/>\n<meta property=\"og:url\" content=\"https:\/\/swoer.vn\/ms\/manufacturer\/robot-delta-cong-nghiep\/\" \/>\n<meta property=\"og:site_name\" content=\"Nh\u00e0 s\u1ea3n xu\u1ea5t m\u00e1y c\u1ea5p li\u1ec7u c\u00f4ng nghi\u1ec7p\" \/>\n<meta property=\"article:modified_time\" content=\"2025-02-26T08:41:12+00:00\" \/>\n<meta property=\"og:image\" content=\"https:\/\/swoer.vn\/wp-content\/uploads\/2025\/02\/Robot-Delta-cong-nghiep.webp\" \/>\n\t<meta property=\"og:image:width\" content=\"1000\" \/>\n\t<meta property=\"og:image:height\" content=\"1000\" \/>\n\t<meta property=\"og:image:type\" content=\"image\/webp\" \/>\n<meta name=\"twitter:card\" content=\"summary_large_image\" \/>\n<meta name=\"twitter:label1\" content=\"Est. reading time\" \/>\n\t<meta name=\"twitter:data1\" content=\"2 minit\" \/>\n<script type=\"application\/ld+json\" class=\"yoast-schema-graph\">{\"@context\":\"https:\/\/schema.org\",\"@graph\":[{\"@type\":\"WebPage\",\"@id\":\"https:\/\/swoer.vn\/manufacturer\/robot-delta-cong-nghiep\/\",\"url\":\"https:\/\/swoer.vn\/manufacturer\/robot-delta-cong-nghiep\/\",\"name\":\"Robot Delta c\u00f4ng nghi\u1ec7p | Robot nh\u1ec7n c\u00f4ng nghi\u1ec7p - Nh\u00e0 s\u1ea3n xu\u1ea5t m\u00e1y c\u1ea5p li\u1ec7u c\u00f4ng nghi\u1ec7p\",\"isPartOf\":{\"@id\":\"https:\/\/swoer.vn\/#website\"},\"primaryImageOfPage\":{\"@id\":\"https:\/\/swoer.vn\/manufacturer\/robot-delta-cong-nghiep\/#primaryimage\"},\"image\":{\"@id\":\"https:\/\/swoer.vn\/manufacturer\/robot-delta-cong-nghiep\/#primaryimage\"},\"thumbnailUrl\":\"https:\/\/swoer.vn\/wp-content\/uploads\/2025\/02\/Robot-Delta-cong-nghiep.webp\",\"datePublished\":\"2025-02-26T07:39:38+00:00\",\"dateModified\":\"2025-02-26T08:41:12+00:00\",\"description\":\"Robot Delta c\u00f4ng nghi\u1ec7p v\u00e0 Robot nh\u1ec7n c\u00f4ng nghi\u1ec7p SWOER mang \u0111\u1ebfn gi\u1ea3i ph\u00e1p t\u1ed1i \u01b0u cho t\u1ef1 \u0111\u1ed9ng h\u00f3a s\u1ea3n xu\u1ea5t. T\u0103ng c\u01b0\u1eddng hi\u1ec7u su\u1ea5t v\u00e0 \u0111\u1ed9 ch\u00ednh x\u00e1c ngay h\u00f4m nay!\",\"breadcrumb\":{\"@id\":\"https:\/\/swoer.vn\/manufacturer\/robot-delta-cong-nghiep\/#breadcrumb\"},\"inLanguage\":\"ms-MY\",\"potentialAction\":[{\"@type\":\"ReadAction\",\"target\":[\"https:\/\/swoer.vn\/manufacturer\/robot-delta-cong-nghiep\/\"]}]},{\"@type\":\"ImageObject\",\"inLanguage\":\"ms-MY\",\"@id\":\"https:\/\/swoer.vn\/manufacturer\/robot-delta-cong-nghiep\/#primaryimage\",\"url\":\"https:\/\/swoer.vn\/wp-content\/uploads\/2025\/02\/Robot-Delta-cong-nghiep.webp\",\"contentUrl\":\"https:\/\/swoer.vn\/wp-content\/uploads\/2025\/02\/Robot-Delta-cong-nghiep.webp\",\"width\":1000,\"height\":1000,\"caption\":\"Robot Delta c\u00f4ng nghi\u1ec7p\"},{\"@type\":\"BreadcrumbList\",\"@id\":\"https:\/\/swoer.vn\/manufacturer\/robot-delta-cong-nghiep\/#breadcrumb\",\"itemListElement\":[{\"@type\":\"ListItem\",\"position\":1,\"name\":\"Home\",\"item\":\"https:\/\/swoer.vn\/\"},{\"@type\":\"ListItem\",\"position\":2,\"name\":\"S\u1ea3n ph\u1ea9m\",\"item\":\"https:\/\/swoer.vn\/shop\/\"},{\"@type\":\"ListItem\",\"position\":3,\"name\":\"Robot Delta c\u00f4ng nghi\u1ec7p | Robot nh\u1ec7n c\u00f4ng nghi\u1ec7p\"}]},{\"@type\":\"WebSite\",\"@id\":\"https:\/\/swoer.vn\/#website\",\"url\":\"https:\/\/swoer.vn\/\",\"name\":\"Nh\u00e0 s\u1ea3n xu\u1ea5t m\u00e1y c\u1ea5p li\u1ec7u c\u00f4ng nghi\u1ec7p\",\"description\":\"Nh\u00e0 cung c\u1ea5p robot, m\u00e1y c\u1ea5p li\u1ec7u linh ho\u1ea1t, m\u00e1y c\u1ea5p li\u1ec7u ly t\u00e2m, m\u00e1y c\u1ea5p li\u1ec7u rung t\u1ef1 \u0111\u1ed9ng\",\"potentialAction\":[{\"@type\":\"SearchAction\",\"target\":{\"@type\":\"EntryPoint\",\"urlTemplate\":\"https:\/\/swoer.vn\/?s={search_term_string}\"},\"query-input\":{\"@type\":\"PropertyValueSpecification\",\"valueRequired\":true,\"valueName\":\"search_term_string\"}}],\"inLanguage\":\"ms-MY\"}]}<\/script>\n<!-- \/ Yoast SEO plugin. -->","yoast_head_json":{"title":"Robot Perindustrian Delta | Robot Labah-labah Perindustrian - Pengeluar Penyuap Industri","description":"Robot Perindustrian Delta dan Robot Labah-labah Industri SWOER menyediakan penyelesaian optimum untuk automasi pengeluaran. Tingkatkan prestasi dan ketepatan hari ini!","robots":{"index":"index","follow":"follow","max-snippet":"max-snippet:-1","max-image-preview":"max-image-preview:large","max-video-preview":"max-video-preview:-1"},"canonical":"https:\/\/swoer.vn\/ms\/manufacturer\/robot-delta-cong-nghiep\/","og_locale":"ms_MY","og_type":"article","og_title":"Robot Delta c\u00f4ng nghi\u1ec7p | Robot nh\u1ec7n c\u00f4ng nghi\u1ec7p - Nh\u00e0 s\u1ea3n xu\u1ea5t m\u00e1y c\u1ea5p li\u1ec7u c\u00f4ng nghi\u1ec7p","og_description":"Robot Delta c\u00f4ng nghi\u1ec7p v\u00e0 Robot nh\u1ec7n c\u00f4ng nghi\u1ec7p SWOER mang \u0111\u1ebfn gi\u1ea3i ph\u00e1p t\u1ed1i \u01b0u cho t\u1ef1 \u0111\u1ed9ng h\u00f3a s\u1ea3n xu\u1ea5t. T\u0103ng c\u01b0\u1eddng hi\u1ec7u su\u1ea5t v\u00e0 \u0111\u1ed9 ch\u00ednh x\u00e1c ngay h\u00f4m nay!","og_url":"https:\/\/swoer.vn\/ms\/manufacturer\/robot-delta-cong-nghiep\/","og_site_name":"Nh\u00e0 s\u1ea3n xu\u1ea5t m\u00e1y c\u1ea5p li\u1ec7u c\u00f4ng nghi\u1ec7p","article_modified_time":"2025-02-26T08:41:12+00:00","og_image":[{"width":1000,"height":1000,"url":"https:\/\/swoer.vn\/wp-content\/uploads\/2025\/02\/Robot-Delta-cong-nghiep.webp","type":"image\/webp"}],"twitter_card":"summary_large_image","twitter_misc":{"Est. reading time":"2 minit"},"schema":{"@context":"https:\/\/schema.org","@graph":[{"@type":"WebPage","@id":"https:\/\/swoer.vn\/manufacturer\/robot-delta-cong-nghiep\/","url":"https:\/\/swoer.vn\/manufacturer\/robot-delta-cong-nghiep\/","name":"Robot Perindustrian Delta | Robot Labah-labah Perindustrian - Pengeluar Penyuap Industri","isPartOf":{"@id":"https:\/\/swoer.vn\/#website"},"primaryImageOfPage":{"@id":"https:\/\/swoer.vn\/manufacturer\/robot-delta-cong-nghiep\/#primaryimage"},"image":{"@id":"https:\/\/swoer.vn\/manufacturer\/robot-delta-cong-nghiep\/#primaryimage"},"thumbnailUrl":"https:\/\/swoer.vn\/wp-content\/uploads\/2025\/02\/Robot-Delta-cong-nghiep.webp","datePublished":"2025-02-26T07:39:38+00:00","dateModified":"2025-02-26T08:41:12+00:00","description":"Robot Perindustrian Delta dan Robot Labah-labah Industri SWOER menyediakan penyelesaian optimum untuk automasi pengeluaran. Tingkatkan prestasi dan ketepatan hari ini!","breadcrumb":{"@id":"https:\/\/swoer.vn\/manufacturer\/robot-delta-cong-nghiep\/#breadcrumb"},"inLanguage":"ms-MY","potentialAction":[{"@type":"ReadAction","target":["https:\/\/swoer.vn\/manufacturer\/robot-delta-cong-nghiep\/"]}]},{"@type":"ImageObject","inLanguage":"ms-MY","@id":"https:\/\/swoer.vn\/manufacturer\/robot-delta-cong-nghiep\/#primaryimage","url":"https:\/\/swoer.vn\/wp-content\/uploads\/2025\/02\/Robot-Delta-cong-nghiep.webp","contentUrl":"https:\/\/swoer.vn\/wp-content\/uploads\/2025\/02\/Robot-Delta-cong-nghiep.webp","width":1000,"height":1000,"caption":"Robot Delta c\u00f4ng nghi\u1ec7p"},{"@type":"BreadcrumbList","@id":"https:\/\/swoer.vn\/manufacturer\/robot-delta-cong-nghiep\/#breadcrumb","itemListElement":[{"@type":"ListItem","position":1,"name":"Home","item":"https:\/\/swoer.vn\/"},{"@type":"ListItem","position":2,"name":"S\u1ea3n ph\u1ea9m","item":"https:\/\/swoer.vn\/shop\/"},{"@type":"ListItem","position":3,"name":"Robot Delta c\u00f4ng nghi\u1ec7p | Robot nh\u1ec7n c\u00f4ng nghi\u1ec7p"}]},{"@type":"WebSite","@id":"https:\/\/swoer.vn\/#website","url":"https:\/\/swoer.vn\/","name":"Pengeluar Pengumpan Perindustrian","description":"Pembekal robot, penyuap fleksibel, penyuap emparan, penyuap bergetar automatik","potentialAction":[{"@type":"SearchAction","target":{"@type":"EntryPoint","urlTemplate":"https:\/\/swoer.vn\/?s={search_term_string}"},"query-input":{"@type":"PropertyValueSpecification","valueRequired":true,"valueName":"search_term_string"}}],"inLanguage":"ms-MY"}]}},"_links":{"self":[{"href":"https:\/\/swoer.vn\/ms\/wp-json\/wp\/v2\/product\/1852","targetHints":{"allow":["GET"]}}],"collection":[{"href":"https:\/\/swoer.vn\/ms\/wp-json\/wp\/v2\/product"}],"about":[{"href":"https:\/\/swoer.vn\/ms\/wp-json\/wp\/v2\/types\/product"}],"replies":[{"embeddable":true,"href":"https:\/\/swoer.vn\/ms\/wp-json\/wp\/v2\/comments?post=1852"}],"wp:featuredmedia":[{"embeddable":true,"href":"https:\/\/swoer.vn\/ms\/wp-json\/wp\/v2\/media\/1853"}],"wp:attachment":[{"href":"https:\/\/swoer.vn\/ms\/wp-json\/wp\/v2\/media?parent=1852"}],"wp:term":[{"taxonomy":"product_brand","embeddable":true,"href":"https:\/\/swoer.vn\/ms\/wp-json\/wp\/v2\/product_brand?post=1852"},{"taxonomy":"product_cat","embeddable":true,"href":"https:\/\/swoer.vn\/ms\/wp-json\/wp\/v2\/product_cat?post=1852"},{"taxonomy":"product_tag","embeddable":true,"href":"https:\/\/swoer.vn\/ms\/wp-json\/wp\/v2\/product_tag?post=1852"}],"curies":[{"name":"wp","href":"https:\/\/api.w.org\/{rel}","templated":true}]}}