{"id":1843,"date":"2025-02-26T09:22:20","date_gmt":"2025-02-26T02:22:20","guid":{"rendered":"https:\/\/swoer.vn\/?post_type=product&#038;p=1843"},"modified":"2025-03-10T13:50:01","modified_gmt":"2025-03-10T06:50:01","slug":"bo-nap-linh-hoat-sw-420","status":"publish","type":"product","link":"https:\/\/swoer.vn\/ms\/manufacturer\/bo-nap-linh-hoat-sw-420\/","title":{"rendered":"Pengumpan Fleksibel SW-420"},"content":{"rendered":"<h2><strong>Spesifikasi terperinci<\/strong><\/h2>\n<table width=\"650\">\n<tbody>\n<tr>\n<td width=\"356\"><strong>taip<\/strong><\/td>\n<td width=\"294\">SW-420<\/td>\n<\/tr>\n<tr>\n<td width=\"356\"><strong>Saiz (mm)<\/strong><\/td>\n<td width=\"294\">600*393*211<\/p>\n<p>&nbsp;<\/td>\n<\/tr>\n<tr>\n<td><strong>Saiz penyuap (mm)<\/strong><\/td>\n<td width=\"294\">440*380*60<\/p>\n<p>&nbsp;<\/td>\n<\/tr>\n<tr>\n<td width=\"356\"><strong>Berat badan<\/strong><\/td>\n<td width=\"294\">Kira-kira 44.0kg<\/td>\n<\/tr>\n<tr>\n<td width=\"356\"><strong>Voltan<\/strong><\/td>\n<td width=\"294\">DC20-30V(24V Disyorkan)<\/td>\n<\/tr>\n<tr>\n<td width=\"356\"><strong>Arus maksimum<\/strong><\/td>\n<td width=\"294\">6A<\/td>\n<\/tr>\n<tr>\n<td width=\"356\"><strong>Bagaimana ia berfungsi<\/strong><\/td>\n<td width=\"294\">Bergerak ke atas, bawah, kiri, kanan, kiri atas, kiri bawah, atas kanan dan bawah kanan, tengah atas dan bawah, tengah kiri dan kanan, goncang dan balik serta bergetar terus untuk memuatkan<\/td>\n<\/tr>\n<tr>\n<td width=\"356\"><strong>Keteraturan<\/strong><\/td>\n<td width=\"294\">10~62Hz<\/td>\n<\/tr>\n<tr>\n<td width=\"356\"><strong>Bunyi operasi<\/strong><\/td>\n<td width=\"294\">&lt;50dB<\/td>\n<\/tr>\n<tr>\n<td width=\"356\"><strong>Beban maksimum<\/strong><\/td>\n<td width=\"294\">1.5kg<\/td>\n<\/tr>\n<tr>\n<td width=\"356\"><strong>Berat satu bahan terbalik<\/strong><\/td>\n<td width=\"294\">&lt;150g<\/td>\n<\/tr>\n<tr>\n<td rowspan=\"2\" width=\"356\"><strong>Interaksi isyarat<\/strong><\/td>\n<td width=\"294\">komunikasi TCP\/IP<\/td>\n<\/tr>\n<tr>\n<td width=\"294\">Antara Muka Input\/Output<\/td>\n<\/tr>\n<\/tbody>\n<\/table>\n\t<div id=\"gap-1109960213\" class=\"gap-element clearfix\" style=\"display:block; height:auto;\">\n\t\t\n<style>\n#gap-1109960213 {\n  padding-top: 30px;\n}\n<\/style>\n\t<\/div>\n\t\n\t<div class=\"img has-hover x md-x lg-x y md-y lg-y\" id=\"image_1151292354\">\n\t\t\t\t\t\t\t\t<div class=\"img-inner dark\" >\n\t\t\t<img loading=\"lazy\" decoding=\"async\" width=\"681\" height=\"600\" src=\"https:\/\/swoer.vn\/wp-content\/uploads\/2025\/02\/Kich-thuoc-ben-ngoai-SW-420.webp\" class=\"attachment-original size-original\" alt=\"SW-420 Dimensi Luaran\" srcset=\"https:\/\/swoer.vn\/wp-content\/uploads\/2025\/02\/Kich-thuoc-ben-ngoai-SW-420.webp 681w, https:\/\/swoer.vn\/wp-content\/uploads\/2025\/02\/Kich-thuoc-ben-ngoai-SW-420-300x264.webp 300w, https:\/\/swoer.vn\/wp-content\/uploads\/2025\/02\/Kich-thuoc-ben-ngoai-SW-420-14x12.webp 14w, https:\/\/swoer.vn\/wp-content\/uploads\/2025\/02\/Kich-thuoc-ben-ngoai-SW-420-600x529.webp 600w\" sizes=\"auto, (max-width: 681px) 100vw, 681px\" title=\"\">\t\t\t\t\t\t\n\t\t\t\t\t<\/div>\n\t\t\t\t\t\t\t\t\n<style>\n#image_1151292354 {\n  width: 60%;\n}\n<\/style>\n\t<\/div>","protected":false},"excerpt":{"rendered":"<p><strong>Penyelesaian Pemeriksaan yang Cekap untuk Bahan Tidak Teratur Besar<\/strong><\/p>\n<ul>\n<li>Sesuai untuk menapis bahan besar yang tidak teratur seperti blok mainan.<\/li>\n<li>Sesuai untuk saringan peranti perubatan dan alat ganti kereta.<\/li>\n<li>Digunakan untuk memproses bahagian logam dengan bentuk khas.<\/li>\n<\/ul>","protected":false},"featured_media":1844,"comment_status":"open","ping_status":"closed","template":"","meta":[],"product_brand":[],"product_cat":[62],"product_tag":[67,63,68],"class_list":{"0":"post-1843","1":"product","2":"type-product","3":"status-publish","4":"has-post-thumbnail","6":"product_cat-bo-nap-linh-hoat","7":"product_tag-bo-cap-lieu-da-nang","8":"product_tag-bo-nap-linh-dong","9":"product_tag-he-thong-cap-lieu-linh-hoat","11":"first","12":"instock","13":"shipping-taxable","14":"product-type-simple"},"yoast_head":"<!-- This site is optimized with the Yoast SEO plugin v26.0 - https:\/\/yoast.com\/wordpress\/plugins\/seo\/ -->\n<title>B\u1ed9 n\u1ea1p linh ho\u1ea1t SW-420 - Nh\u00e0 s\u1ea3n xu\u1ea5t m\u00e1y c\u1ea5p li\u1ec7u c\u00f4ng nghi\u1ec7p<\/title>\n<meta name=\"description\" content=\"Th\u00edch h\u1ee3p \u0111\u1ec3 s\u00e0ng l\u1ecdc c\u00e1c v\u1eadt li\u1ec7u l\u1edbn kh\u00f4ng \u0111\u1ec1u, ch\u1eb3ng h\u1ea1n nh\u01b0 kh\u1ed1i \u0111\u1ed3 ch\u01a1i, y t\u1ebf thi\u1ebft b\u1ecb, ph\u1ee5 t\u00f9ng \u00f4 t\u00f4, b\u1ed9 ph\u1eadn kim lo\u1ea1i c\u00f3 h\u00ecnh d\u1ea1ng \u0111\u1eb7c bi\u1ec7t, v.v\" \/>\n<meta name=\"robots\" content=\"index, follow, max-snippet:-1, max-image-preview:large, max-video-preview:-1\" \/>\n<link rel=\"canonical\" href=\"https:\/\/swoer.vn\/ms\/manufacturer\/bo-nap-linh-hoat-sw-420\/\" \/>\n<meta property=\"og:locale\" content=\"ms_MY\" \/>\n<meta property=\"og:type\" content=\"article\" \/>\n<meta property=\"og:title\" content=\"B\u1ed9 n\u1ea1p linh ho\u1ea1t SW-420 - Nh\u00e0 s\u1ea3n xu\u1ea5t m\u00e1y c\u1ea5p li\u1ec7u c\u00f4ng nghi\u1ec7p\" \/>\n<meta property=\"og:description\" content=\"Th\u00edch h\u1ee3p \u0111\u1ec3 s\u00e0ng l\u1ecdc c\u00e1c v\u1eadt li\u1ec7u l\u1edbn kh\u00f4ng \u0111\u1ec1u, ch\u1eb3ng h\u1ea1n nh\u01b0 kh\u1ed1i \u0111\u1ed3 ch\u01a1i, y t\u1ebf thi\u1ebft b\u1ecb, ph\u1ee5 t\u00f9ng \u00f4 t\u00f4, b\u1ed9 ph\u1eadn kim lo\u1ea1i c\u00f3 h\u00ecnh d\u1ea1ng \u0111\u1eb7c bi\u1ec7t, v.v\" \/>\n<meta property=\"og:url\" content=\"https:\/\/swoer.vn\/ms\/manufacturer\/bo-nap-linh-hoat-sw-420\/\" \/>\n<meta property=\"og:site_name\" content=\"Nh\u00e0 s\u1ea3n xu\u1ea5t m\u00e1y c\u1ea5p li\u1ec7u c\u00f4ng nghi\u1ec7p\" \/>\n<meta property=\"article:modified_time\" content=\"2025-03-10T06:50:01+00:00\" \/>\n<meta property=\"og:image\" content=\"https:\/\/swoer.vn\/wp-content\/uploads\/2025\/02\/May-cap-phoi-linh-hoat-SW-420.webp\" \/>\n\t<meta property=\"og:image:width\" content=\"1000\" \/>\n\t<meta property=\"og:image:height\" content=\"1000\" \/>\n\t<meta property=\"og:image:type\" content=\"image\/webp\" \/>\n<meta name=\"twitter:card\" content=\"summary_large_image\" \/>\n<meta name=\"twitter:label1\" content=\"Est. reading time\" \/>\n\t<meta name=\"twitter:data1\" content=\"1 minit\" \/>\n<script type=\"application\/ld+json\" class=\"yoast-schema-graph\">{\"@context\":\"https:\/\/schema.org\",\"@graph\":[{\"@type\":\"WebPage\",\"@id\":\"https:\/\/swoer.vn\/manufacturer\/bo-nap-linh-hoat-sw-420\/\",\"url\":\"https:\/\/swoer.vn\/manufacturer\/bo-nap-linh-hoat-sw-420\/\",\"name\":\"B\u1ed9 n\u1ea1p linh ho\u1ea1t SW-420 - Nh\u00e0 s\u1ea3n xu\u1ea5t m\u00e1y c\u1ea5p li\u1ec7u c\u00f4ng nghi\u1ec7p\",\"isPartOf\":{\"@id\":\"https:\/\/swoer.vn\/#website\"},\"primaryImageOfPage\":{\"@id\":\"https:\/\/swoer.vn\/manufacturer\/bo-nap-linh-hoat-sw-420\/#primaryimage\"},\"image\":{\"@id\":\"https:\/\/swoer.vn\/manufacturer\/bo-nap-linh-hoat-sw-420\/#primaryimage\"},\"thumbnailUrl\":\"https:\/\/swoer.vn\/wp-content\/uploads\/2025\/02\/May-cap-phoi-linh-hoat-SW-420.webp\",\"datePublished\":\"2025-02-26T02:22:20+00:00\",\"dateModified\":\"2025-03-10T06:50:01+00:00\",\"description\":\"Th\u00edch h\u1ee3p \u0111\u1ec3 s\u00e0ng l\u1ecdc c\u00e1c v\u1eadt li\u1ec7u l\u1edbn kh\u00f4ng \u0111\u1ec1u, ch\u1eb3ng h\u1ea1n nh\u01b0 kh\u1ed1i \u0111\u1ed3 ch\u01a1i, y t\u1ebf thi\u1ebft b\u1ecb, ph\u1ee5 t\u00f9ng \u00f4 t\u00f4, b\u1ed9 ph\u1eadn kim lo\u1ea1i c\u00f3 h\u00ecnh d\u1ea1ng \u0111\u1eb7c bi\u1ec7t, v.v\",\"breadcrumb\":{\"@id\":\"https:\/\/swoer.vn\/manufacturer\/bo-nap-linh-hoat-sw-420\/#breadcrumb\"},\"inLanguage\":\"ms-MY\",\"potentialAction\":[{\"@type\":\"ReadAction\",\"target\":[\"https:\/\/swoer.vn\/manufacturer\/bo-nap-linh-hoat-sw-420\/\"]}]},{\"@type\":\"ImageObject\",\"inLanguage\":\"ms-MY\",\"@id\":\"https:\/\/swoer.vn\/manufacturer\/bo-nap-linh-hoat-sw-420\/#primaryimage\",\"url\":\"https:\/\/swoer.vn\/wp-content\/uploads\/2025\/02\/May-cap-phoi-linh-hoat-SW-420.webp\",\"contentUrl\":\"https:\/\/swoer.vn\/wp-content\/uploads\/2025\/02\/May-cap-phoi-linh-hoat-SW-420.webp\",\"width\":1000,\"height\":1000,\"caption\":\"M\u00e1y c\u1ea5p ph\u00f4i linh ho\u1ea1t SW-420\"},{\"@type\":\"BreadcrumbList\",\"@id\":\"https:\/\/swoer.vn\/manufacturer\/bo-nap-linh-hoat-sw-420\/#breadcrumb\",\"itemListElement\":[{\"@type\":\"ListItem\",\"position\":1,\"name\":\"Home\",\"item\":\"https:\/\/swoer.vn\/\"},{\"@type\":\"ListItem\",\"position\":2,\"name\":\"S\u1ea3n ph\u1ea9m\",\"item\":\"https:\/\/swoer.vn\/shop\/\"},{\"@type\":\"ListItem\",\"position\":3,\"name\":\"B\u1ed9 n\u1ea1p linh ho\u1ea1t SW-420\"}]},{\"@type\":\"WebSite\",\"@id\":\"https:\/\/swoer.vn\/#website\",\"url\":\"https:\/\/swoer.vn\/\",\"name\":\"Nh\u00e0 s\u1ea3n xu\u1ea5t m\u00e1y c\u1ea5p li\u1ec7u c\u00f4ng nghi\u1ec7p\",\"description\":\"Nh\u00e0 cung c\u1ea5p robot, m\u00e1y c\u1ea5p li\u1ec7u linh ho\u1ea1t, m\u00e1y c\u1ea5p li\u1ec7u ly t\u00e2m, m\u00e1y c\u1ea5p li\u1ec7u rung t\u1ef1 \u0111\u1ed9ng\",\"potentialAction\":[{\"@type\":\"SearchAction\",\"target\":{\"@type\":\"EntryPoint\",\"urlTemplate\":\"https:\/\/swoer.vn\/?s={search_term_string}\"},\"query-input\":{\"@type\":\"PropertyValueSpecification\",\"valueRequired\":true,\"valueName\":\"search_term_string\"}}],\"inLanguage\":\"ms-MY\"}]}<\/script>\n<!-- \/ Yoast SEO plugin. -->","yoast_head_json":{"title":"Penyuap Fleksibel SW-420 - Pengeluar Penyuap Industri","description":"Sesuai untuk menyaring bahan besar yang tidak teratur, seperti blok mainan, peralatan perubatan, alat ganti kereta, bahagian logam berbentuk khas, dsb.","robots":{"index":"index","follow":"follow","max-snippet":"max-snippet:-1","max-image-preview":"max-image-preview:large","max-video-preview":"max-video-preview:-1"},"canonical":"https:\/\/swoer.vn\/ms\/manufacturer\/bo-nap-linh-hoat-sw-420\/","og_locale":"ms_MY","og_type":"article","og_title":"B\u1ed9 n\u1ea1p linh ho\u1ea1t SW-420 - Nh\u00e0 s\u1ea3n xu\u1ea5t m\u00e1y c\u1ea5p li\u1ec7u c\u00f4ng nghi\u1ec7p","og_description":"Th\u00edch h\u1ee3p \u0111\u1ec3 s\u00e0ng l\u1ecdc c\u00e1c v\u1eadt li\u1ec7u l\u1edbn kh\u00f4ng \u0111\u1ec1u, ch\u1eb3ng h\u1ea1n nh\u01b0 kh\u1ed1i \u0111\u1ed3 ch\u01a1i, y t\u1ebf thi\u1ebft b\u1ecb, ph\u1ee5 t\u00f9ng \u00f4 t\u00f4, b\u1ed9 ph\u1eadn kim lo\u1ea1i c\u00f3 h\u00ecnh d\u1ea1ng \u0111\u1eb7c bi\u1ec7t, v.v","og_url":"https:\/\/swoer.vn\/ms\/manufacturer\/bo-nap-linh-hoat-sw-420\/","og_site_name":"Nh\u00e0 s\u1ea3n xu\u1ea5t m\u00e1y c\u1ea5p li\u1ec7u c\u00f4ng nghi\u1ec7p","article_modified_time":"2025-03-10T06:50:01+00:00","og_image":[{"width":1000,"height":1000,"url":"https:\/\/swoer.vn\/wp-content\/uploads\/2025\/02\/May-cap-phoi-linh-hoat-SW-420.webp","type":"image\/webp"}],"twitter_card":"summary_large_image","twitter_misc":{"Est. reading time":"1 minit"},"schema":{"@context":"https:\/\/schema.org","@graph":[{"@type":"WebPage","@id":"https:\/\/swoer.vn\/manufacturer\/bo-nap-linh-hoat-sw-420\/","url":"https:\/\/swoer.vn\/manufacturer\/bo-nap-linh-hoat-sw-420\/","name":"Penyuap Fleksibel SW-420 - Pengeluar Penyuap Industri","isPartOf":{"@id":"https:\/\/swoer.vn\/#website"},"primaryImageOfPage":{"@id":"https:\/\/swoer.vn\/manufacturer\/bo-nap-linh-hoat-sw-420\/#primaryimage"},"image":{"@id":"https:\/\/swoer.vn\/manufacturer\/bo-nap-linh-hoat-sw-420\/#primaryimage"},"thumbnailUrl":"https:\/\/swoer.vn\/wp-content\/uploads\/2025\/02\/May-cap-phoi-linh-hoat-SW-420.webp","datePublished":"2025-02-26T02:22:20+00:00","dateModified":"2025-03-10T06:50:01+00:00","description":"Sesuai untuk menyaring bahan besar yang tidak teratur, seperti blok mainan, peralatan perubatan, alat ganti kereta, bahagian logam berbentuk khas, dsb.","breadcrumb":{"@id":"https:\/\/swoer.vn\/manufacturer\/bo-nap-linh-hoat-sw-420\/#breadcrumb"},"inLanguage":"ms-MY","potentialAction":[{"@type":"ReadAction","target":["https:\/\/swoer.vn\/manufacturer\/bo-nap-linh-hoat-sw-420\/"]}]},{"@type":"ImageObject","inLanguage":"ms-MY","@id":"https:\/\/swoer.vn\/manufacturer\/bo-nap-linh-hoat-sw-420\/#primaryimage","url":"https:\/\/swoer.vn\/wp-content\/uploads\/2025\/02\/May-cap-phoi-linh-hoat-SW-420.webp","contentUrl":"https:\/\/swoer.vn\/wp-content\/uploads\/2025\/02\/May-cap-phoi-linh-hoat-SW-420.webp","width":1000,"height":1000,"caption":"M\u00e1y c\u1ea5p ph\u00f4i linh ho\u1ea1t SW-420"},{"@type":"BreadcrumbList","@id":"https:\/\/swoer.vn\/manufacturer\/bo-nap-linh-hoat-sw-420\/#breadcrumb","itemListElement":[{"@type":"ListItem","position":1,"name":"Home","item":"https:\/\/swoer.vn\/"},{"@type":"ListItem","position":2,"name":"S\u1ea3n ph\u1ea9m","item":"https:\/\/swoer.vn\/shop\/"},{"@type":"ListItem","position":3,"name":"B\u1ed9 n\u1ea1p linh ho\u1ea1t SW-420"}]},{"@type":"WebSite","@id":"https:\/\/swoer.vn\/#website","url":"https:\/\/swoer.vn\/","name":"Pengeluar Pengumpan Perindustrian","description":"Pembekal robot, penyuap fleksibel, penyuap emparan, penyuap bergetar automatik","potentialAction":[{"@type":"SearchAction","target":{"@type":"EntryPoint","urlTemplate":"https:\/\/swoer.vn\/?s={search_term_string}"},"query-input":{"@type":"PropertyValueSpecification","valueRequired":true,"valueName":"search_term_string"}}],"inLanguage":"ms-MY"}]}},"_links":{"self":[{"href":"https:\/\/swoer.vn\/ms\/wp-json\/wp\/v2\/product\/1843","targetHints":{"allow":["GET"]}}],"collection":[{"href":"https:\/\/swoer.vn\/ms\/wp-json\/wp\/v2\/product"}],"about":[{"href":"https:\/\/swoer.vn\/ms\/wp-json\/wp\/v2\/types\/product"}],"replies":[{"embeddable":true,"href":"https:\/\/swoer.vn\/ms\/wp-json\/wp\/v2\/comments?post=1843"}],"wp:featuredmedia":[{"embeddable":true,"href":"https:\/\/swoer.vn\/ms\/wp-json\/wp\/v2\/media\/1844"}],"wp:attachment":[{"href":"https:\/\/swoer.vn\/ms\/wp-json\/wp\/v2\/media?parent=1843"}],"wp:term":[{"taxonomy":"product_brand","embeddable":true,"href":"https:\/\/swoer.vn\/ms\/wp-json\/wp\/v2\/product_brand?post=1843"},{"taxonomy":"product_cat","embeddable":true,"href":"https:\/\/swoer.vn\/ms\/wp-json\/wp\/v2\/product_cat?post=1843"},{"taxonomy":"product_tag","embeddable":true,"href":"https:\/\/swoer.vn\/ms\/wp-json\/wp\/v2\/product_tag?post=1843"}],"curies":[{"name":"wp","href":"https:\/\/api.w.org\/{rel}","templated":true}]}}