{"id":1822,"date":"2025-02-25T15:32:51","date_gmt":"2025-02-25T08:32:51","guid":{"rendered":"https:\/\/swoer.vn\/?post_type=product&#038;p=1822"},"modified":"2025-03-11T09:09:33","modified_gmt":"2025-03-11T02:09:33","slug":"bo-nap-linh-hoat-sw-170","status":"publish","type":"product","link":"https:\/\/swoer.vn\/ms\/manufacturer\/bo-nap-linh-hoat-sw-170\/","title":{"rendered":"Pengumpan Fleksibel SW-170"},"content":{"rendered":"<h2>Spesifikasi terperinci<\/h2>\n<table width=\"650\">\n<tbody>\n<tr>\n<td width=\"356\"><strong>taip<\/strong><\/td>\n<td width=\"294\">SW-170<\/td>\n<\/tr>\n<tr>\n<td width=\"356\"><strong>Saiz (mm)<\/strong><\/td>\n<td width=\"294\">240*155*101<\/p>\n<p>&nbsp;<\/td>\n<\/tr>\n<tr>\n<td><strong>Saiz penyuap (mm)<\/strong><\/td>\n<td width=\"294\">170*140*19<\/p>\n<p>&nbsp;<\/td>\n<\/tr>\n<tr>\n<td width=\"356\">C<strong>rahmat yang berat<\/strong><\/td>\n<td width=\"294\">Kira-kira 3.9kg<\/p>\n<p>&nbsp;<\/td>\n<\/tr>\n<tr>\n<td width=\"356\"><strong>Voltan<\/strong><\/td>\n<td width=\"294\">DC20-30V(24V Disyorkan)<\/td>\n<\/tr>\n<tr>\n<td width=\"356\"><strong>Arus maksimum<\/strong><\/td>\n<td width=\"294\">6A<\/td>\n<\/tr>\n<tr>\n<td width=\"356\"><strong>Bagaimana ia berfungsi<\/strong><\/td>\n<td width=\"294\">Bergerak ke atas, bawah, kiri, kanan, kiri atas, kiri bawah, atas kanan dan bawah kanan, tengah atas dan bawah, tengah kiri dan kanan, goncang dan balik serta bergetar terus untuk memuatkan<\/td>\n<\/tr>\n<tr>\n<td width=\"356\"><strong>Keteraturan<\/strong><\/td>\n<td width=\"294\">10~131Hz<\/td>\n<\/tr>\n<tr>\n<td width=\"356\"><strong>Bunyi operasi<\/strong><\/td>\n<td width=\"294\">&lt;50dB<\/td>\n<\/tr>\n<tr>\n<td width=\"356\"><strong>Beban maksimum<\/strong><\/td>\n<td width=\"294\">0.5kg<\/td>\n<\/tr>\n<tr>\n<td width=\"356\"><strong>Berat satu bahan terbalik<\/strong><\/td>\n<td width=\"294\">&lt;15g<\/td>\n<\/tr>\n<tr>\n<td rowspan=\"2\" width=\"356\"><strong>Interaksi isyarat<\/strong><\/td>\n<td width=\"294\">komunikasi TCP\/IP<\/td>\n<\/tr>\n<tr>\n<td width=\"294\">Antara Muka Input\/Output<\/td>\n<\/tr>\n<\/tbody>\n<\/table>\n\t<div id=\"gap-1907682132\" class=\"gap-element clearfix\" style=\"display:block; height:auto;\">\n\t\t\n<style>\n#gap-1907682132 {\n  padding-top: 30px;\n}\n<\/style>\n\t<\/div>\n\t\n<h2><strong>Dimensi luaran<\/strong><\/h2>\n\t<div class=\"img has-hover x md-x lg-x y md-y lg-y\" id=\"image_1015580476\">\n\t\t\t\t\t\t\t\t<div class=\"img-inner dark\" >\n\t\t\t<img loading=\"lazy\" decoding=\"async\" width=\"698\" height=\"600\" src=\"https:\/\/swoer.vn\/wp-content\/uploads\/2025\/02\/Kich-thuoc-ben-ngoai-SW-170.webp\" class=\"attachment-original size-original\" alt=\"SW-170 Dimensi Luaran\" srcset=\"https:\/\/swoer.vn\/wp-content\/uploads\/2025\/02\/Kich-thuoc-ben-ngoai-SW-170.webp 698w, https:\/\/swoer.vn\/wp-content\/uploads\/2025\/02\/Kich-thuoc-ben-ngoai-SW-170-300x258.webp 300w, https:\/\/swoer.vn\/wp-content\/uploads\/2025\/02\/Kich-thuoc-ben-ngoai-SW-170-14x12.webp 14w, https:\/\/swoer.vn\/wp-content\/uploads\/2025\/02\/Kich-thuoc-ben-ngoai-SW-170-600x516.webp 600w\" sizes=\"auto, (max-width: 698px) 100vw, 698px\" title=\"\">\t\t\t\t\t\t\n\t\t\t\t\t<\/div>\n\t\t\t\t\t\t\t\t\n<style>\n#image_1015580476 {\n  width: 60%;\n}\n<\/style>\n\t<\/div>","protected":false},"excerpt":{"rendered":"<p>Pengumpan fleksibel SW-170 biasanya digunakan untuk menyaring bahagian logam kecil seperti plat keluli, spring dan penyambung kecil. Dengan keupayaan pengisihan yang tepat dan cekap, SW-170 membantu mengoptimumkan proses pengeluaran, memastikan kelajuan dan ketepatan yang tinggi. Sistem ini amat sesuai untuk industri pembuatan komponen logam dan elektronik, memenuhi keperluan ketat untuk kualiti dan prestasi.<\/p>","protected":false},"featured_media":1823,"comment_status":"open","ping_status":"closed","template":"","meta":[],"product_brand":[],"product_cat":[62],"product_tag":[67,66,65],"class_list":{"0":"post-1822","1":"product","2":"type-product","3":"status-publish","4":"has-post-thumbnail","6":"product_cat-bo-nap-linh-hoat","7":"product_tag-bo-cap-lieu-da-nang","8":"product_tag-bo-nap-linh-hoat","9":"product_tag-may-cap-lieu-linh-hoat","11":"first","12":"instock","13":"shipping-taxable","14":"product-type-simple"},"yoast_head":"<!-- This site is optimized with the Yoast SEO plugin v26.0 - https:\/\/yoast.com\/wordpress\/plugins\/seo\/ -->\n<title>B\u1ed9 n\u1ea1p linh ho\u1ea1t SW-170 - Nh\u00e0 s\u1ea3n xu\u1ea5t m\u00e1y c\u1ea5p li\u1ec7u c\u00f4ng nghi\u1ec7p<\/title>\n<meta name=\"description\" content=\"Th\u01b0\u1eddng \u0111\u01b0\u1ee3c s\u1eed d\u1ee5ng \u0111\u1ec3 s\u00e0ng l\u1ecdc c\u00e1c b\u1ed9 ph\u1eadn kim lo\u1ea1i nh\u1ecf (nh\u01b0 t\u1ea5m th\u00e9p, l\u00f2 xo, v.v.) v\u00e0 c\u00e1c \u0111\u1ea7u n\u1ed1i nh\u1ecf\" \/>\n<meta name=\"robots\" content=\"index, follow, max-snippet:-1, max-image-preview:large, max-video-preview:-1\" \/>\n<link rel=\"canonical\" href=\"https:\/\/swoer.vn\/ms\/manufacturer\/bo-nap-linh-hoat-sw-170\/\" \/>\n<meta property=\"og:locale\" content=\"ms_MY\" \/>\n<meta property=\"og:type\" content=\"article\" \/>\n<meta property=\"og:title\" content=\"B\u1ed9 n\u1ea1p linh ho\u1ea1t SW-170 - Nh\u00e0 s\u1ea3n xu\u1ea5t m\u00e1y c\u1ea5p li\u1ec7u c\u00f4ng nghi\u1ec7p\" \/>\n<meta property=\"og:description\" content=\"Th\u01b0\u1eddng \u0111\u01b0\u1ee3c s\u1eed d\u1ee5ng \u0111\u1ec3 s\u00e0ng l\u1ecdc c\u00e1c b\u1ed9 ph\u1eadn kim lo\u1ea1i nh\u1ecf (nh\u01b0 t\u1ea5m th\u00e9p, l\u00f2 xo, v.v.) v\u00e0 c\u00e1c \u0111\u1ea7u n\u1ed1i nh\u1ecf\" \/>\n<meta property=\"og:url\" content=\"https:\/\/swoer.vn\/ms\/manufacturer\/bo-nap-linh-hoat-sw-170\/\" \/>\n<meta property=\"og:site_name\" content=\"Nh\u00e0 s\u1ea3n xu\u1ea5t m\u00e1y c\u1ea5p li\u1ec7u c\u00f4ng nghi\u1ec7p\" \/>\n<meta property=\"article:modified_time\" content=\"2025-03-11T02:09:33+00:00\" \/>\n<meta property=\"og:image\" content=\"https:\/\/swoer.vn\/wp-content\/uploads\/2025\/02\/Bo-nap-linh-dong-SW-170.webp\" \/>\n\t<meta property=\"og:image:width\" content=\"1000\" \/>\n\t<meta property=\"og:image:height\" content=\"1000\" \/>\n\t<meta property=\"og:image:type\" content=\"image\/webp\" \/>\n<meta name=\"twitter:card\" content=\"summary_large_image\" \/>\n<meta name=\"twitter:label1\" content=\"Est. reading time\" \/>\n\t<meta name=\"twitter:data1\" content=\"1 minit\" \/>\n<script type=\"application\/ld+json\" class=\"yoast-schema-graph\">{\"@context\":\"https:\/\/schema.org\",\"@graph\":[{\"@type\":\"WebPage\",\"@id\":\"https:\/\/swoer.vn\/manufacturer\/bo-nap-linh-hoat-sw-170\/\",\"url\":\"https:\/\/swoer.vn\/manufacturer\/bo-nap-linh-hoat-sw-170\/\",\"name\":\"B\u1ed9 n\u1ea1p linh ho\u1ea1t SW-170 - Nh\u00e0 s\u1ea3n xu\u1ea5t m\u00e1y c\u1ea5p li\u1ec7u c\u00f4ng nghi\u1ec7p\",\"isPartOf\":{\"@id\":\"https:\/\/swoer.vn\/#website\"},\"primaryImageOfPage\":{\"@id\":\"https:\/\/swoer.vn\/manufacturer\/bo-nap-linh-hoat-sw-170\/#primaryimage\"},\"image\":{\"@id\":\"https:\/\/swoer.vn\/manufacturer\/bo-nap-linh-hoat-sw-170\/#primaryimage\"},\"thumbnailUrl\":\"https:\/\/swoer.vn\/wp-content\/uploads\/2025\/02\/Bo-nap-linh-dong-SW-170.webp\",\"datePublished\":\"2025-02-25T08:32:51+00:00\",\"dateModified\":\"2025-03-11T02:09:33+00:00\",\"description\":\"Th\u01b0\u1eddng \u0111\u01b0\u1ee3c s\u1eed d\u1ee5ng \u0111\u1ec3 s\u00e0ng l\u1ecdc c\u00e1c b\u1ed9 ph\u1eadn kim lo\u1ea1i nh\u1ecf (nh\u01b0 t\u1ea5m th\u00e9p, l\u00f2 xo, v.v.) v\u00e0 c\u00e1c \u0111\u1ea7u n\u1ed1i nh\u1ecf\",\"breadcrumb\":{\"@id\":\"https:\/\/swoer.vn\/manufacturer\/bo-nap-linh-hoat-sw-170\/#breadcrumb\"},\"inLanguage\":\"ms-MY\",\"potentialAction\":[{\"@type\":\"ReadAction\",\"target\":[\"https:\/\/swoer.vn\/manufacturer\/bo-nap-linh-hoat-sw-170\/\"]}]},{\"@type\":\"ImageObject\",\"inLanguage\":\"ms-MY\",\"@id\":\"https:\/\/swoer.vn\/manufacturer\/bo-nap-linh-hoat-sw-170\/#primaryimage\",\"url\":\"https:\/\/swoer.vn\/wp-content\/uploads\/2025\/02\/Bo-nap-linh-dong-SW-170.webp\",\"contentUrl\":\"https:\/\/swoer.vn\/wp-content\/uploads\/2025\/02\/Bo-nap-linh-dong-SW-170.webp\",\"width\":1000,\"height\":1000,\"caption\":\"B\u1ed9 n\u1ea1p linh \u0111\u1ed9ng SW-170\"},{\"@type\":\"BreadcrumbList\",\"@id\":\"https:\/\/swoer.vn\/manufacturer\/bo-nap-linh-hoat-sw-170\/#breadcrumb\",\"itemListElement\":[{\"@type\":\"ListItem\",\"position\":1,\"name\":\"Home\",\"item\":\"https:\/\/swoer.vn\/\"},{\"@type\":\"ListItem\",\"position\":2,\"name\":\"S\u1ea3n ph\u1ea9m\",\"item\":\"https:\/\/swoer.vn\/shop\/\"},{\"@type\":\"ListItem\",\"position\":3,\"name\":\"B\u1ed9 n\u1ea1p linh ho\u1ea1t SW-170\"}]},{\"@type\":\"WebSite\",\"@id\":\"https:\/\/swoer.vn\/#website\",\"url\":\"https:\/\/swoer.vn\/\",\"name\":\"Nh\u00e0 s\u1ea3n xu\u1ea5t m\u00e1y c\u1ea5p li\u1ec7u c\u00f4ng nghi\u1ec7p\",\"description\":\"Nh\u00e0 cung c\u1ea5p robot, m\u00e1y c\u1ea5p li\u1ec7u linh ho\u1ea1t, m\u00e1y c\u1ea5p li\u1ec7u ly t\u00e2m, m\u00e1y c\u1ea5p li\u1ec7u rung t\u1ef1 \u0111\u1ed9ng\",\"potentialAction\":[{\"@type\":\"SearchAction\",\"target\":{\"@type\":\"EntryPoint\",\"urlTemplate\":\"https:\/\/swoer.vn\/?s={search_term_string}\"},\"query-input\":{\"@type\":\"PropertyValueSpecification\",\"valueRequired\":true,\"valueName\":\"search_term_string\"}}],\"inLanguage\":\"ms-MY\"}]}<\/script>\n<!-- \/ Yoast SEO plugin. -->","yoast_head_json":{"title":"Penyuap Fleksibel SW-170 - Pengeluar Penyuap Industri","description":"Selalunya digunakan untuk menyaring bahagian logam kecil (seperti plat keluli, spring, dll.) dan penyambung kecil","robots":{"index":"index","follow":"follow","max-snippet":"max-snippet:-1","max-image-preview":"max-image-preview:large","max-video-preview":"max-video-preview:-1"},"canonical":"https:\/\/swoer.vn\/ms\/manufacturer\/bo-nap-linh-hoat-sw-170\/","og_locale":"ms_MY","og_type":"article","og_title":"B\u1ed9 n\u1ea1p linh ho\u1ea1t SW-170 - Nh\u00e0 s\u1ea3n xu\u1ea5t m\u00e1y c\u1ea5p li\u1ec7u c\u00f4ng nghi\u1ec7p","og_description":"Th\u01b0\u1eddng \u0111\u01b0\u1ee3c s\u1eed d\u1ee5ng \u0111\u1ec3 s\u00e0ng l\u1ecdc c\u00e1c b\u1ed9 ph\u1eadn kim lo\u1ea1i nh\u1ecf (nh\u01b0 t\u1ea5m th\u00e9p, l\u00f2 xo, v.v.) v\u00e0 c\u00e1c \u0111\u1ea7u n\u1ed1i nh\u1ecf","og_url":"https:\/\/swoer.vn\/ms\/manufacturer\/bo-nap-linh-hoat-sw-170\/","og_site_name":"Nh\u00e0 s\u1ea3n xu\u1ea5t m\u00e1y c\u1ea5p li\u1ec7u c\u00f4ng nghi\u1ec7p","article_modified_time":"2025-03-11T02:09:33+00:00","og_image":[{"width":1000,"height":1000,"url":"https:\/\/swoer.vn\/wp-content\/uploads\/2025\/02\/Bo-nap-linh-dong-SW-170.webp","type":"image\/webp"}],"twitter_card":"summary_large_image","twitter_misc":{"Est. reading time":"1 minit"},"schema":{"@context":"https:\/\/schema.org","@graph":[{"@type":"WebPage","@id":"https:\/\/swoer.vn\/manufacturer\/bo-nap-linh-hoat-sw-170\/","url":"https:\/\/swoer.vn\/manufacturer\/bo-nap-linh-hoat-sw-170\/","name":"Penyuap Fleksibel SW-170 - Pengeluar Penyuap Industri","isPartOf":{"@id":"https:\/\/swoer.vn\/#website"},"primaryImageOfPage":{"@id":"https:\/\/swoer.vn\/manufacturer\/bo-nap-linh-hoat-sw-170\/#primaryimage"},"image":{"@id":"https:\/\/swoer.vn\/manufacturer\/bo-nap-linh-hoat-sw-170\/#primaryimage"},"thumbnailUrl":"https:\/\/swoer.vn\/wp-content\/uploads\/2025\/02\/Bo-nap-linh-dong-SW-170.webp","datePublished":"2025-02-25T08:32:51+00:00","dateModified":"2025-03-11T02:09:33+00:00","description":"Selalunya digunakan untuk menyaring bahagian logam kecil (seperti plat keluli, spring, dll.) dan penyambung kecil","breadcrumb":{"@id":"https:\/\/swoer.vn\/manufacturer\/bo-nap-linh-hoat-sw-170\/#breadcrumb"},"inLanguage":"ms-MY","potentialAction":[{"@type":"ReadAction","target":["https:\/\/swoer.vn\/manufacturer\/bo-nap-linh-hoat-sw-170\/"]}]},{"@type":"ImageObject","inLanguage":"ms-MY","@id":"https:\/\/swoer.vn\/manufacturer\/bo-nap-linh-hoat-sw-170\/#primaryimage","url":"https:\/\/swoer.vn\/wp-content\/uploads\/2025\/02\/Bo-nap-linh-dong-SW-170.webp","contentUrl":"https:\/\/swoer.vn\/wp-content\/uploads\/2025\/02\/Bo-nap-linh-dong-SW-170.webp","width":1000,"height":1000,"caption":"B\u1ed9 n\u1ea1p linh \u0111\u1ed9ng SW-170"},{"@type":"BreadcrumbList","@id":"https:\/\/swoer.vn\/manufacturer\/bo-nap-linh-hoat-sw-170\/#breadcrumb","itemListElement":[{"@type":"ListItem","position":1,"name":"Home","item":"https:\/\/swoer.vn\/"},{"@type":"ListItem","position":2,"name":"S\u1ea3n ph\u1ea9m","item":"https:\/\/swoer.vn\/shop\/"},{"@type":"ListItem","position":3,"name":"B\u1ed9 n\u1ea1p linh ho\u1ea1t SW-170"}]},{"@type":"WebSite","@id":"https:\/\/swoer.vn\/#website","url":"https:\/\/swoer.vn\/","name":"Pengeluar Pengumpan Perindustrian","description":"Pembekal robot, penyuap fleksibel, penyuap emparan, penyuap bergetar automatik","potentialAction":[{"@type":"SearchAction","target":{"@type":"EntryPoint","urlTemplate":"https:\/\/swoer.vn\/?s={search_term_string}"},"query-input":{"@type":"PropertyValueSpecification","valueRequired":true,"valueName":"search_term_string"}}],"inLanguage":"ms-MY"}]}},"_links":{"self":[{"href":"https:\/\/swoer.vn\/ms\/wp-json\/wp\/v2\/product\/1822","targetHints":{"allow":["GET"]}}],"collection":[{"href":"https:\/\/swoer.vn\/ms\/wp-json\/wp\/v2\/product"}],"about":[{"href":"https:\/\/swoer.vn\/ms\/wp-json\/wp\/v2\/types\/product"}],"replies":[{"embeddable":true,"href":"https:\/\/swoer.vn\/ms\/wp-json\/wp\/v2\/comments?post=1822"}],"wp:featuredmedia":[{"embeddable":true,"href":"https:\/\/swoer.vn\/ms\/wp-json\/wp\/v2\/media\/1823"}],"wp:attachment":[{"href":"https:\/\/swoer.vn\/ms\/wp-json\/wp\/v2\/media?parent=1822"}],"wp:term":[{"taxonomy":"product_brand","embeddable":true,"href":"https:\/\/swoer.vn\/ms\/wp-json\/wp\/v2\/product_brand?post=1822"},{"taxonomy":"product_cat","embeddable":true,"href":"https:\/\/swoer.vn\/ms\/wp-json\/wp\/v2\/product_cat?post=1822"},{"taxonomy":"product_tag","embeddable":true,"href":"https:\/\/swoer.vn\/ms\/wp-json\/wp\/v2\/product_tag?post=1822"}],"curies":[{"name":"wp","href":"https:\/\/api.w.org\/{rel}","templated":true}]}}