{"id":1800,"date":"2025-02-25T13:49:54","date_gmt":"2025-02-25T06:49:54","guid":{"rendered":"https:\/\/swoer.vn\/?post_type=product&#038;p=1800"},"modified":"2025-02-26T08:28:38","modified_gmt":"2025-02-26T01:28:38","slug":"he-thong-cap-lieu-ly-tam-cho-ong-tiem-y-te","status":"publish","type":"product","link":"https:\/\/swoer.vn\/ms\/manufacturer\/he-thong-cap-lieu-ly-tam-cho-ong-tiem-y-te\/","title":{"rendered":"Sistem pemakanan emparan untuk picagari perubatan"},"content":{"rendered":"<h2>Maklumat produk<\/h2>\n<table width=\"727\">\n<tbody>\n<tr>\n<td width=\"320\"><strong>Nama produk<\/strong><\/td>\n<td width=\"407\">Sistem pemakanan emparan untuk picagari perubatan<\/td>\n<\/tr>\n<tr>\n<td width=\"320\"><strong>Nama jenama<\/strong><\/td>\n<td width=\"407\">SUMPAH<\/td>\n<\/tr>\n<tr>\n<td width=\"320\"><strong>bahan<\/strong><\/td>\n<td width=\"407\">SUS304<\/td>\n<\/tr>\n<tr>\n<td width=\"320\"><strong>Saiz<\/strong><\/td>\n<td width=\"407\">Mengikut keperluan pelanggan<\/td>\n<\/tr>\n<tr>\n<td width=\"320\"><strong>Fungsi<\/strong><\/td>\n<td width=\"407\">Pemakanan automatik<\/td>\n<\/tr>\n<tr>\n<td width=\"320\"><strong>guna<\/strong><\/td>\n<td width=\"407\">Mesin menyusun dan mengira<\/td>\n<\/tr>\n<tr>\n<td width=\"320\"><strong>Kelebihan<\/strong><\/td>\n<td width=\"407\">Simpan sumber manusia<\/td>\n<\/tr>\n<tr>\n<td width=\"320\"><strong>Jenis mesin<\/strong><\/td>\n<td width=\"407\">Set peralatan<\/td>\n<\/tr>\n<tr>\n<td width=\"320\"><strong>Projek<\/strong><\/td>\n<td width=\"407\">Sistem pemakanan emparan<\/td>\n<\/tr>\n<tr>\n<td width=\"320\"><strong>Industri yang berkenaan<\/strong><\/td>\n<td width=\"407\">Industri elektronik, industri peralatan perubatan, industri automobil, dll.<\/td>\n<\/tr>\n<tr>\n<td width=\"320\"><strong>Perkhidmatan pelanggan yang baik<\/strong><\/td>\n<td width=\"407\">Sokongan teknikal video, sokongan dalam talian<\/td>\n<\/tr>\n<\/tbody>\n<\/table>\n\t<div id=\"gap-1743763331\" class=\"gap-element clearfix\" style=\"display:block; height:auto;\">\n\t\t\n<style>\n#gap-1743763331 {\n  padding-top: 30px;\n}\n<\/style>\n\t<\/div>\n\t\n<h2 data-start=\"0\" data-end=\"22\"><strong data-start=\"0\" data-end=\"22\">Kelebihan SWOER:<\/strong><\/h2>\n<ol data-start=\"24\" data-end=\"866\" data-is-last-node=\"\" data-is-only-node=\"\">\n<li data-start=\"24\" data-end=\"199\">\n<p data-start=\"27\" data-end=\"199\"><strong data-start=\"27\" data-end=\"51\">Pengalaman jangka panjang:<\/strong><br data-start=\"51\" data-end=\"54\" \/>SWOER mempunyai lebih 10 tahun pengalaman dalam mereka bentuk sistem penyusuan emparan untuk banyak industri.<\/p>\n<\/li>\n<li data-start=\"201\" data-end=\"368\">\n<p data-start=\"204\" data-end=\"368\"><strong data-start=\"204\" data-end=\"229\">Kualiti unggul:<\/strong><br data-start=\"229\" data-end=\"232\" \/>Produk SWOER memastikan ketepatan tinggi, memenuhi piawaian perubatan dan automasi.<\/p>\n<\/li>\n<li data-start=\"370\" data-end=\"536\">\n<p data-start=\"373\" data-end=\"536\"><strong data-start=\"373\" data-end=\"394\">Penyelesaian optimum:<\/strong><br data-start=\"394\" data-end=\"397\" \/>SWOER menawarkan sistem penyusuan emparan yang fleksibel, meningkatkan kecekapan pengeluaran dan produktiviti.<\/p>\n<\/li>\n<li data-start=\"538\" data-end=\"698\">\n<p data-start=\"541\" data-end=\"698\"><strong data-start=\"541\" data-end=\"565\">Teknologi canggih:<\/strong><br data-start=\"565\" data-end=\"568\" \/>SWOER menggunakan teknologi moden, memastikan kestabilan dan kecekapan tinggi untuk sistem pemakanan.<\/p>\n<\/li>\n<li data-start=\"700\" data-end=\"866\" data-is-last-node=\"\">\n<p data-start=\"703\" data-end=\"866\" data-is-last-node=\"\"><strong data-start=\"703\" data-end=\"726\">Pasukan pakar:<\/strong><br data-start=\"726\" data-end=\"729\" \/>Pasukan jurutera SWOER sentiasa berusaha untuk membawa penyelesaian yang optimum kepada pelanggan.<\/p>\n<\/li>\n<\/ol>","protected":false},"excerpt":{"rendered":"<p>Sistem penyuapan emparan picagari perubatan SWOER menawarkan penyelesaian yang tepat dan cekap yang mudah disepadukan ke dalam talian automatik. Dengan teknologi canggih dan lebih daripada 10 tahun pengalaman, SWOER komited untuk menyediakan produk berkualiti tinggi kepada industri perubatan, meningkatkan produktiviti dan ketepatan dalam proses pengeluaran.<\/p>","protected":false},"featured_media":1801,"comment_status":"open","ping_status":"closed","template":"","meta":[],"product_brand":[],"product_cat":[50],"product_tag":[60,61,59],"class_list":{"0":"post-1800","1":"product","2":"type-product","3":"status-publish","4":"has-post-thumbnail","6":"product_cat-may-cap-lieu-ly-tam","7":"product_tag-he-thong-cap-lieu-ly-tam-cho-ong-tiem-y-te","8":"product_tag-nha-cung-cap-bo-cap-lieu-ly-tam","9":"product_tag-nha-cung-cap-may-nap-ly-tam","11":"first","12":"instock","13":"shipping-taxable","14":"product-type-simple"},"yoast_head":"<!-- This site is optimized with the Yoast SEO plugin v26.0 - https:\/\/yoast.com\/wordpress\/plugins\/seo\/ -->\n<title>H\u1ec7 th\u1ed1ng c\u1ea5p li\u1ec7u ly t\u00e2m cho \u1ed1ng ti\u00eam y t\u1ebf - Nh\u00e0 s\u1ea3n xu\u1ea5t m\u00e1y c\u1ea5p li\u1ec7u c\u00f4ng nghi\u1ec7p<\/title>\n<meta name=\"description\" content=\"H\u1ec7 th\u1ed1ng c\u1ea5p li\u1ec7u ly t\u00e2m cho \u1ed1ng ti\u00eam y t\u1ebf SWOER gi\u00fap n\u00e2ng cao hi\u1ec7u qu\u1ea3 s\u1ea3n xu\u1ea5t, ch\u00ednh x\u00e1c v\u00e0 nhanh ch\u00f3ng, \u0111\u00e1p \u1ee9ng y\u00eau c\u1ea7u nghi\u00eam ng\u1eb7t c\u1ee7a ng\u00e0nh y t\u1ebf.\" \/>\n<meta name=\"robots\" content=\"index, follow, max-snippet:-1, max-image-preview:large, max-video-preview:-1\" \/>\n<link rel=\"canonical\" href=\"https:\/\/swoer.vn\/ms\/manufacturer\/he-thong-cap-lieu-ly-tam-cho-ong-tiem-y-te\/\" \/>\n<meta property=\"og:locale\" content=\"ms_MY\" \/>\n<meta property=\"og:type\" content=\"article\" \/>\n<meta property=\"og:title\" content=\"H\u1ec7 th\u1ed1ng c\u1ea5p li\u1ec7u ly t\u00e2m cho \u1ed1ng ti\u00eam y t\u1ebf - Nh\u00e0 s\u1ea3n xu\u1ea5t m\u00e1y c\u1ea5p li\u1ec7u c\u00f4ng nghi\u1ec7p\" \/>\n<meta property=\"og:description\" content=\"H\u1ec7 th\u1ed1ng c\u1ea5p li\u1ec7u ly t\u00e2m cho \u1ed1ng ti\u00eam y t\u1ebf SWOER gi\u00fap n\u00e2ng cao hi\u1ec7u qu\u1ea3 s\u1ea3n xu\u1ea5t, ch\u00ednh x\u00e1c v\u00e0 nhanh ch\u00f3ng, \u0111\u00e1p \u1ee9ng y\u00eau c\u1ea7u nghi\u00eam ng\u1eb7t c\u1ee7a ng\u00e0nh y t\u1ebf.\" \/>\n<meta property=\"og:url\" content=\"https:\/\/swoer.vn\/ms\/manufacturer\/he-thong-cap-lieu-ly-tam-cho-ong-tiem-y-te\/\" \/>\n<meta property=\"og:site_name\" content=\"Nh\u00e0 s\u1ea3n xu\u1ea5t m\u00e1y c\u1ea5p li\u1ec7u c\u00f4ng nghi\u1ec7p\" \/>\n<meta property=\"article:modified_time\" content=\"2025-02-26T01:28:38+00:00\" \/>\n<meta property=\"og:image\" content=\"https:\/\/swoer.vn\/wp-content\/uploads\/2025\/02\/He-thong-cap-lieu-ly-tam-cho-ong-tiem-y-te.webp\" \/>\n\t<meta property=\"og:image:width\" content=\"1000\" \/>\n\t<meta property=\"og:image:height\" content=\"1000\" \/>\n\t<meta property=\"og:image:type\" content=\"image\/webp\" \/>\n<meta name=\"twitter:card\" content=\"summary_large_image\" \/>\n<meta name=\"twitter:label1\" content=\"Est. reading time\" \/>\n\t<meta name=\"twitter:data1\" content=\"2 minit\" \/>\n<script type=\"application\/ld+json\" class=\"yoast-schema-graph\">{\"@context\":\"https:\/\/schema.org\",\"@graph\":[{\"@type\":\"WebPage\",\"@id\":\"https:\/\/swoer.vn\/manufacturer\/he-thong-cap-lieu-ly-tam-cho-ong-tiem-y-te\/\",\"url\":\"https:\/\/swoer.vn\/manufacturer\/he-thong-cap-lieu-ly-tam-cho-ong-tiem-y-te\/\",\"name\":\"H\u1ec7 th\u1ed1ng c\u1ea5p li\u1ec7u ly t\u00e2m cho \u1ed1ng ti\u00eam y t\u1ebf - Nh\u00e0 s\u1ea3n xu\u1ea5t m\u00e1y c\u1ea5p li\u1ec7u c\u00f4ng nghi\u1ec7p\",\"isPartOf\":{\"@id\":\"https:\/\/swoer.vn\/#website\"},\"primaryImageOfPage\":{\"@id\":\"https:\/\/swoer.vn\/manufacturer\/he-thong-cap-lieu-ly-tam-cho-ong-tiem-y-te\/#primaryimage\"},\"image\":{\"@id\":\"https:\/\/swoer.vn\/manufacturer\/he-thong-cap-lieu-ly-tam-cho-ong-tiem-y-te\/#primaryimage\"},\"thumbnailUrl\":\"https:\/\/swoer.vn\/wp-content\/uploads\/2025\/02\/He-thong-cap-lieu-ly-tam-cho-ong-tiem-y-te.webp\",\"datePublished\":\"2025-02-25T06:49:54+00:00\",\"dateModified\":\"2025-02-26T01:28:38+00:00\",\"description\":\"H\u1ec7 th\u1ed1ng c\u1ea5p li\u1ec7u ly t\u00e2m cho \u1ed1ng ti\u00eam y t\u1ebf SWOER gi\u00fap n\u00e2ng cao hi\u1ec7u qu\u1ea3 s\u1ea3n xu\u1ea5t, ch\u00ednh x\u00e1c v\u00e0 nhanh ch\u00f3ng, \u0111\u00e1p \u1ee9ng y\u00eau c\u1ea7u nghi\u00eam ng\u1eb7t c\u1ee7a ng\u00e0nh y t\u1ebf.\",\"breadcrumb\":{\"@id\":\"https:\/\/swoer.vn\/manufacturer\/he-thong-cap-lieu-ly-tam-cho-ong-tiem-y-te\/#breadcrumb\"},\"inLanguage\":\"ms-MY\",\"potentialAction\":[{\"@type\":\"ReadAction\",\"target\":[\"https:\/\/swoer.vn\/manufacturer\/he-thong-cap-lieu-ly-tam-cho-ong-tiem-y-te\/\"]}]},{\"@type\":\"ImageObject\",\"inLanguage\":\"ms-MY\",\"@id\":\"https:\/\/swoer.vn\/manufacturer\/he-thong-cap-lieu-ly-tam-cho-ong-tiem-y-te\/#primaryimage\",\"url\":\"https:\/\/swoer.vn\/wp-content\/uploads\/2025\/02\/He-thong-cap-lieu-ly-tam-cho-ong-tiem-y-te.webp\",\"contentUrl\":\"https:\/\/swoer.vn\/wp-content\/uploads\/2025\/02\/He-thong-cap-lieu-ly-tam-cho-ong-tiem-y-te.webp\",\"width\":1000,\"height\":1000,\"caption\":\"H\u1ec7 th\u1ed1ng c\u1ea5p li\u1ec7u ly t\u00e2m cho \u1ed1ng ti\u00eam y t\u1ebf\"},{\"@type\":\"BreadcrumbList\",\"@id\":\"https:\/\/swoer.vn\/manufacturer\/he-thong-cap-lieu-ly-tam-cho-ong-tiem-y-te\/#breadcrumb\",\"itemListElement\":[{\"@type\":\"ListItem\",\"position\":1,\"name\":\"Home\",\"item\":\"https:\/\/swoer.vn\/\"},{\"@type\":\"ListItem\",\"position\":2,\"name\":\"S\u1ea3n ph\u1ea9m\",\"item\":\"https:\/\/swoer.vn\/shop\/\"},{\"@type\":\"ListItem\",\"position\":3,\"name\":\"H\u1ec7 th\u1ed1ng c\u1ea5p li\u1ec7u ly t\u00e2m cho \u1ed1ng ti\u00eam y t\u1ebf\"}]},{\"@type\":\"WebSite\",\"@id\":\"https:\/\/swoer.vn\/#website\",\"url\":\"https:\/\/swoer.vn\/\",\"name\":\"Nh\u00e0 s\u1ea3n xu\u1ea5t m\u00e1y c\u1ea5p li\u1ec7u c\u00f4ng nghi\u1ec7p\",\"description\":\"Nh\u00e0 cung c\u1ea5p robot, m\u00e1y c\u1ea5p li\u1ec7u linh ho\u1ea1t, m\u00e1y c\u1ea5p li\u1ec7u ly t\u00e2m, m\u00e1y c\u1ea5p li\u1ec7u rung t\u1ef1 \u0111\u1ed9ng\",\"potentialAction\":[{\"@type\":\"SearchAction\",\"target\":{\"@type\":\"EntryPoint\",\"urlTemplate\":\"https:\/\/swoer.vn\/?s={search_term_string}\"},\"query-input\":{\"@type\":\"PropertyValueSpecification\",\"valueRequired\":true,\"valueName\":\"search_term_string\"}}],\"inLanguage\":\"ms-MY\"}]}<\/script>\n<!-- \/ Yoast SEO plugin. -->","yoast_head_json":{"title":"Sistem Penyuapan Empar untuk Picagari Perubatan - Pengeluar Mesin Penyumpanan Industri","description":"Sistem penyusuan emparan picagari perubatan SWOER membantu meningkatkan kecekapan pengeluaran, ketepatan dan kelajuan, memenuhi keperluan ketat industri perubatan.","robots":{"index":"index","follow":"follow","max-snippet":"max-snippet:-1","max-image-preview":"max-image-preview:large","max-video-preview":"max-video-preview:-1"},"canonical":"https:\/\/swoer.vn\/ms\/manufacturer\/he-thong-cap-lieu-ly-tam-cho-ong-tiem-y-te\/","og_locale":"ms_MY","og_type":"article","og_title":"H\u1ec7 th\u1ed1ng c\u1ea5p li\u1ec7u ly t\u00e2m cho \u1ed1ng ti\u00eam y t\u1ebf - Nh\u00e0 s\u1ea3n xu\u1ea5t m\u00e1y c\u1ea5p li\u1ec7u c\u00f4ng nghi\u1ec7p","og_description":"H\u1ec7 th\u1ed1ng c\u1ea5p li\u1ec7u ly t\u00e2m cho \u1ed1ng ti\u00eam y t\u1ebf SWOER gi\u00fap n\u00e2ng cao hi\u1ec7u qu\u1ea3 s\u1ea3n xu\u1ea5t, ch\u00ednh x\u00e1c v\u00e0 nhanh ch\u00f3ng, \u0111\u00e1p \u1ee9ng y\u00eau c\u1ea7u nghi\u00eam ng\u1eb7t c\u1ee7a ng\u00e0nh y t\u1ebf.","og_url":"https:\/\/swoer.vn\/ms\/manufacturer\/he-thong-cap-lieu-ly-tam-cho-ong-tiem-y-te\/","og_site_name":"Nh\u00e0 s\u1ea3n xu\u1ea5t m\u00e1y c\u1ea5p li\u1ec7u c\u00f4ng nghi\u1ec7p","article_modified_time":"2025-02-26T01:28:38+00:00","og_image":[{"width":1000,"height":1000,"url":"https:\/\/swoer.vn\/wp-content\/uploads\/2025\/02\/He-thong-cap-lieu-ly-tam-cho-ong-tiem-y-te.webp","type":"image\/webp"}],"twitter_card":"summary_large_image","twitter_misc":{"Est. reading time":"2 minit"},"schema":{"@context":"https:\/\/schema.org","@graph":[{"@type":"WebPage","@id":"https:\/\/swoer.vn\/manufacturer\/he-thong-cap-lieu-ly-tam-cho-ong-tiem-y-te\/","url":"https:\/\/swoer.vn\/manufacturer\/he-thong-cap-lieu-ly-tam-cho-ong-tiem-y-te\/","name":"Sistem Penyuapan Empar untuk Picagari Perubatan - Pengeluar Mesin Penyumpanan Industri","isPartOf":{"@id":"https:\/\/swoer.vn\/#website"},"primaryImageOfPage":{"@id":"https:\/\/swoer.vn\/manufacturer\/he-thong-cap-lieu-ly-tam-cho-ong-tiem-y-te\/#primaryimage"},"image":{"@id":"https:\/\/swoer.vn\/manufacturer\/he-thong-cap-lieu-ly-tam-cho-ong-tiem-y-te\/#primaryimage"},"thumbnailUrl":"https:\/\/swoer.vn\/wp-content\/uploads\/2025\/02\/He-thong-cap-lieu-ly-tam-cho-ong-tiem-y-te.webp","datePublished":"2025-02-25T06:49:54+00:00","dateModified":"2025-02-26T01:28:38+00:00","description":"Sistem penyusuan emparan picagari perubatan SWOER membantu meningkatkan kecekapan pengeluaran, ketepatan dan kelajuan, memenuhi keperluan ketat industri perubatan.","breadcrumb":{"@id":"https:\/\/swoer.vn\/manufacturer\/he-thong-cap-lieu-ly-tam-cho-ong-tiem-y-te\/#breadcrumb"},"inLanguage":"ms-MY","potentialAction":[{"@type":"ReadAction","target":["https:\/\/swoer.vn\/manufacturer\/he-thong-cap-lieu-ly-tam-cho-ong-tiem-y-te\/"]}]},{"@type":"ImageObject","inLanguage":"ms-MY","@id":"https:\/\/swoer.vn\/manufacturer\/he-thong-cap-lieu-ly-tam-cho-ong-tiem-y-te\/#primaryimage","url":"https:\/\/swoer.vn\/wp-content\/uploads\/2025\/02\/He-thong-cap-lieu-ly-tam-cho-ong-tiem-y-te.webp","contentUrl":"https:\/\/swoer.vn\/wp-content\/uploads\/2025\/02\/He-thong-cap-lieu-ly-tam-cho-ong-tiem-y-te.webp","width":1000,"height":1000,"caption":"H\u1ec7 th\u1ed1ng c\u1ea5p li\u1ec7u ly t\u00e2m cho \u1ed1ng ti\u00eam y t\u1ebf"},{"@type":"BreadcrumbList","@id":"https:\/\/swoer.vn\/manufacturer\/he-thong-cap-lieu-ly-tam-cho-ong-tiem-y-te\/#breadcrumb","itemListElement":[{"@type":"ListItem","position":1,"name":"Home","item":"https:\/\/swoer.vn\/"},{"@type":"ListItem","position":2,"name":"S\u1ea3n ph\u1ea9m","item":"https:\/\/swoer.vn\/shop\/"},{"@type":"ListItem","position":3,"name":"H\u1ec7 th\u1ed1ng c\u1ea5p li\u1ec7u ly t\u00e2m cho \u1ed1ng ti\u00eam y t\u1ebf"}]},{"@type":"WebSite","@id":"https:\/\/swoer.vn\/#website","url":"https:\/\/swoer.vn\/","name":"Pengeluar Pengumpan Perindustrian","description":"Pembekal robot, penyuap fleksibel, penyuap emparan, penyuap bergetar automatik","potentialAction":[{"@type":"SearchAction","target":{"@type":"EntryPoint","urlTemplate":"https:\/\/swoer.vn\/?s={search_term_string}"},"query-input":{"@type":"PropertyValueSpecification","valueRequired":true,"valueName":"search_term_string"}}],"inLanguage":"ms-MY"}]}},"_links":{"self":[{"href":"https:\/\/swoer.vn\/ms\/wp-json\/wp\/v2\/product\/1800","targetHints":{"allow":["GET"]}}],"collection":[{"href":"https:\/\/swoer.vn\/ms\/wp-json\/wp\/v2\/product"}],"about":[{"href":"https:\/\/swoer.vn\/ms\/wp-json\/wp\/v2\/types\/product"}],"replies":[{"embeddable":true,"href":"https:\/\/swoer.vn\/ms\/wp-json\/wp\/v2\/comments?post=1800"}],"wp:featuredmedia":[{"embeddable":true,"href":"https:\/\/swoer.vn\/ms\/wp-json\/wp\/v2\/media\/1801"}],"wp:attachment":[{"href":"https:\/\/swoer.vn\/ms\/wp-json\/wp\/v2\/media?parent=1800"}],"wp:term":[{"taxonomy":"product_brand","embeddable":true,"href":"https:\/\/swoer.vn\/ms\/wp-json\/wp\/v2\/product_brand?post=1800"},{"taxonomy":"product_cat","embeddable":true,"href":"https:\/\/swoer.vn\/ms\/wp-json\/wp\/v2\/product_cat?post=1800"},{"taxonomy":"product_tag","embeddable":true,"href":"https:\/\/swoer.vn\/ms\/wp-json\/wp\/v2\/product_tag?post=1800"}],"curies":[{"name":"wp","href":"https:\/\/api.w.org\/{rel}","templated":true}]}}