{"id":1786,"date":"2025-02-25T10:38:11","date_gmt":"2025-02-25T03:38:11","guid":{"rendered":"https:\/\/swoer.vn\/?post_type=product&#038;p=1786"},"modified":"2025-02-25T12:55:57","modified_gmt":"2025-02-25T05:55:57","slug":"he-thong-cap-nap-ly-tam","status":"publish","type":"product","link":"https:\/\/swoer.vn\/ms\/manufacturer\/he-thong-cap-nap-ly-tam\/","title":{"rendered":"Sistem penyusuan topi empar"},"content":{"rendered":"<p>Alami penyelesaian penghantar emparan yang disesuaikan dengan keperluan anda. Sesuaikan tetapan kelajuan untuk memenuhi keperluan anda dengan lancar. Penyelesaian pemakanan profesional kami memastikan kecekapan optimum.<\/p>\n<p>Dapatkan model CAD 3D terperinci untuk penyepaduan mudah ke dalam barisan pengeluaran anda. Percayai kepakaran kami untuk penyelesaian pemuatan yang boleh dipercayai dan cekap. Maksimumkan produktiviti dengan pendekatan automasi kami yang disesuaikan.<\/p>\n<h2><strong>Maklumat produk<\/strong><\/h2>\n<table style=\"border-collapse: collapse; width: 545.27pt;\" border=\"0\" width=\"727\" cellspacing=\"0\" cellpadding=\"0\">\n<tbody>\n<tr style=\"height: 20.25pt;\">\n<td class=\"et2\" style=\"height: 20.25pt; width: 240.00pt;\" width=\"320\" height=\"27\"><strong>Nama produk<\/strong><\/td>\n<td class=\"et3\" style=\"width: 305.30pt;\" width=\"407\">Sistem pemakanan emparan<\/td>\n<\/tr>\n<tr style=\"height: 20.25pt;\">\n<td class=\"et2\" style=\"height: 20.25pt; width: 240.00pt;\" width=\"320\" height=\"27\"><strong>Nama jenama<\/strong><\/td>\n<td class=\"et3\" style=\"width: 305.30pt;\" width=\"407\">SUMPAH<\/td>\n<\/tr>\n<tr style=\"height: 20.25pt;\">\n<td class=\"et2\" style=\"height: 20.25pt; width: 240.00pt;\" width=\"320\" height=\"27\"><strong>bahan<\/strong><\/td>\n<td class=\"et2\" style=\"width: 305.30pt;\" width=\"407\">SUS304<\/td>\n<\/tr>\n<tr style=\"height: 20.25pt;\">\n<td class=\"et2\" style=\"height: 20.25pt; width: 240.00pt;\" width=\"320\" height=\"27\"><strong>Saiz<\/strong><\/td>\n<td class=\"et2\" style=\"width: 305.30pt;\" width=\"407\">mengikut kehendak pelanggan<\/td>\n<\/tr>\n<tr style=\"height: 20.25pt;\">\n<td class=\"et2\" style=\"height: 20.25pt; width: 240.00pt;\" width=\"320\" height=\"27\"><strong>Fungsi<\/strong><\/td>\n<td class=\"et2\" style=\"width: 305.30pt;\" width=\"407\">penyusuan automatik<\/td>\n<\/tr>\n<tr style=\"height: 20.25pt;\">\n<td class=\"et2\" style=\"height: 20.25pt; width: 240.00pt;\" width=\"320\" height=\"27\"><strong>guna<\/strong><\/td>\n<td class=\"et2\" style=\"width: 305.30pt;\" width=\"407\">Mesin menyusun dan mengira<\/td>\n<\/tr>\n<tr style=\"height: 20.25pt;\">\n<td class=\"et2\" style=\"height: 20.25pt; width: 240.00pt;\" width=\"320\" height=\"27\"><strong>Kelebihan<\/strong><\/td>\n<td class=\"et2\" style=\"width: 305.30pt;\" width=\"407\">Simpan sumber manusia<\/td>\n<\/tr>\n<tr style=\"height: 20.25pt;\">\n<td class=\"et2\" style=\"height: 20.25pt; width: 240.00pt;\" width=\"320\" height=\"27\"><strong>Jenis mesin<\/strong><\/td>\n<td class=\"et2\" style=\"width: 305.30pt;\" width=\"407\">Set peralatan<\/td>\n<\/tr>\n<tr style=\"height: 20.25pt;\">\n<td class=\"et2\" style=\"height: 20.25pt; width: 240.00pt;\" width=\"320\" height=\"27\"><strong>Projek<\/strong><\/td>\n<td class=\"et3\" style=\"width: 305.30pt;\" width=\"407\">Sistem pemakanan emparan<\/td>\n<\/tr>\n<tr style=\"height: 60.75pt;\">\n<td class=\"et2\" style=\"height: 60.75pt; width: 240.00pt;\" width=\"320\" height=\"81\"><strong>Industri yang berkenaan<\/strong><\/td>\n<td class=\"et2\" style=\"width: 305.30pt;\" width=\"407\">Industri elektronik, industri peralatan perubatan, industri automobil, dll.<\/td>\n<\/tr>\n<tr style=\"height: 20.25pt;\">\n<td class=\"et2\" style=\"height: 20.25pt; width: 240.00pt;\" width=\"320\" height=\"27\"><strong>Perkhidmatan pelanggan yang baik<\/strong><\/td>\n<td class=\"et2\" style=\"width: 305.30pt;\" width=\"407\">Sokongan teknikal video, sokongan dalam talian,<\/td>\n<\/tr>\n<\/tbody>\n<\/table>","protected":false},"excerpt":{"rendered":"<p>Kami menawarkan penyelesaian penghantar emparan kejuruteraan ketepatan dengan tetapan kelajuan tersuai untuk memenuhi keperluan anda. Model CAD 3D terperinci disediakan untuk memastikan penyepaduan yang lancar ke dalam barisan pengeluaran anda. Percayai penyelesaian pemakanan profesional kami untuk mengoptimumkan kecekapan dan produktiviti.<\/p>","protected":false},"featured_media":1787,"comment_status":"open","ping_status":"closed","template":"","meta":[],"product_brand":[],"product_cat":[50],"product_tag":[53,51,52],"class_list":{"0":"post-1786","1":"product","2":"type-product","3":"status-publish","4":"has-post-thumbnail","6":"product_cat-may-cap-lieu-ly-tam","7":"product_tag-bo-cap-lieu-ly-tam","8":"product_tag-may-cap-lieu-ly-tam","9":"product_tag-pheu-ly-tam","11":"first","12":"instock","13":"shipping-taxable","14":"product-type-simple"},"yoast_head":"<!-- This site is optimized with the Yoast SEO plugin v26.0 - https:\/\/yoast.com\/wordpress\/plugins\/seo\/ -->\n<title>H\u1ec7 th\u1ed1ng c\u1ea5p n\u1eafp ly t\u00e2m - Nh\u00e0 s\u1ea3n xu\u1ea5t m\u00e1y c\u1ea5p li\u1ec7u c\u00f4ng nghi\u1ec7p<\/title>\n<meta name=\"description\" content=\"Ch\u00fang t\u00f4i cung c\u1ea5p m\u00e1y c\u1ea5p li\u1ec7u ly t\u00e2m ch\u00ednh x\u00e1c, t\u1ed1c \u0111\u1ed9 t\u00f9y ch\u1ec9nh, t\u00edch h\u1ee3p li\u1ec1n m\u1ea1ch v\u00e0o d\u00e2y chuy\u1ec1n s\u1ea3n xu\u1ea5t. Gi\u1ea3i ph\u00e1p chuy\u00ean nghi\u1ec7p t\u1ed1i \u01b0u h\u00f3a n\u0103ng su\u1ea5t.\" \/>\n<meta name=\"robots\" content=\"index, follow, max-snippet:-1, max-image-preview:large, max-video-preview:-1\" \/>\n<link rel=\"canonical\" href=\"https:\/\/swoer.vn\/ms\/manufacturer\/he-thong-cap-nap-ly-tam\/\" \/>\n<meta property=\"og:locale\" content=\"ms_MY\" \/>\n<meta property=\"og:type\" content=\"article\" \/>\n<meta property=\"og:title\" content=\"H\u1ec7 th\u1ed1ng c\u1ea5p n\u1eafp ly t\u00e2m - Nh\u00e0 s\u1ea3n xu\u1ea5t m\u00e1y c\u1ea5p li\u1ec7u c\u00f4ng nghi\u1ec7p\" \/>\n<meta property=\"og:description\" content=\"Ch\u00fang t\u00f4i cung c\u1ea5p m\u00e1y c\u1ea5p li\u1ec7u ly t\u00e2m ch\u00ednh x\u00e1c, t\u1ed1c \u0111\u1ed9 t\u00f9y ch\u1ec9nh, t\u00edch h\u1ee3p li\u1ec1n m\u1ea1ch v\u00e0o d\u00e2y chuy\u1ec1n s\u1ea3n xu\u1ea5t. Gi\u1ea3i ph\u00e1p chuy\u00ean nghi\u1ec7p t\u1ed1i \u01b0u h\u00f3a n\u0103ng su\u1ea5t.\" \/>\n<meta property=\"og:url\" content=\"https:\/\/swoer.vn\/ms\/manufacturer\/he-thong-cap-nap-ly-tam\/\" \/>\n<meta property=\"og:site_name\" content=\"Nh\u00e0 s\u1ea3n xu\u1ea5t m\u00e1y c\u1ea5p li\u1ec7u c\u00f4ng nghi\u1ec7p\" \/>\n<meta property=\"article:modified_time\" content=\"2025-02-25T05:55:57+00:00\" \/>\n<meta property=\"og:image\" content=\"https:\/\/swoer.vn\/wp-content\/uploads\/2025\/02\/may-ly-tam-nap-chai.webp\" \/>\n\t<meta property=\"og:image:width\" content=\"1000\" \/>\n\t<meta property=\"og:image:height\" content=\"1000\" \/>\n\t<meta property=\"og:image:type\" content=\"image\/webp\" \/>\n<meta name=\"twitter:card\" content=\"summary_large_image\" \/>\n<meta name=\"twitter:label1\" content=\"Est. reading time\" \/>\n\t<meta name=\"twitter:data1\" content=\"2 minit\" \/>\n<script type=\"application\/ld+json\" class=\"yoast-schema-graph\">{\"@context\":\"https:\/\/schema.org\",\"@graph\":[{\"@type\":\"WebPage\",\"@id\":\"https:\/\/swoer.vn\/manufacturer\/he-thong-cap-nap-ly-tam\/\",\"url\":\"https:\/\/swoer.vn\/manufacturer\/he-thong-cap-nap-ly-tam\/\",\"name\":\"H\u1ec7 th\u1ed1ng c\u1ea5p n\u1eafp ly t\u00e2m - Nh\u00e0 s\u1ea3n xu\u1ea5t m\u00e1y c\u1ea5p li\u1ec7u c\u00f4ng nghi\u1ec7p\",\"isPartOf\":{\"@id\":\"https:\/\/swoer.vn\/#website\"},\"primaryImageOfPage\":{\"@id\":\"https:\/\/swoer.vn\/manufacturer\/he-thong-cap-nap-ly-tam\/#primaryimage\"},\"image\":{\"@id\":\"https:\/\/swoer.vn\/manufacturer\/he-thong-cap-nap-ly-tam\/#primaryimage\"},\"thumbnailUrl\":\"https:\/\/swoer.vn\/wp-content\/uploads\/2025\/02\/may-ly-tam-nap-chai.webp\",\"datePublished\":\"2025-02-25T03:38:11+00:00\",\"dateModified\":\"2025-02-25T05:55:57+00:00\",\"description\":\"Ch\u00fang t\u00f4i cung c\u1ea5p m\u00e1y c\u1ea5p li\u1ec7u ly t\u00e2m ch\u00ednh x\u00e1c, t\u1ed1c \u0111\u1ed9 t\u00f9y ch\u1ec9nh, t\u00edch h\u1ee3p li\u1ec1n m\u1ea1ch v\u00e0o d\u00e2y chuy\u1ec1n s\u1ea3n xu\u1ea5t. Gi\u1ea3i ph\u00e1p chuy\u00ean nghi\u1ec7p t\u1ed1i \u01b0u h\u00f3a n\u0103ng su\u1ea5t.\",\"breadcrumb\":{\"@id\":\"https:\/\/swoer.vn\/manufacturer\/he-thong-cap-nap-ly-tam\/#breadcrumb\"},\"inLanguage\":\"ms-MY\",\"potentialAction\":[{\"@type\":\"ReadAction\",\"target\":[\"https:\/\/swoer.vn\/manufacturer\/he-thong-cap-nap-ly-tam\/\"]}]},{\"@type\":\"ImageObject\",\"inLanguage\":\"ms-MY\",\"@id\":\"https:\/\/swoer.vn\/manufacturer\/he-thong-cap-nap-ly-tam\/#primaryimage\",\"url\":\"https:\/\/swoer.vn\/wp-content\/uploads\/2025\/02\/may-ly-tam-nap-chai.webp\",\"contentUrl\":\"https:\/\/swoer.vn\/wp-content\/uploads\/2025\/02\/may-ly-tam-nap-chai.webp\",\"width\":1000,\"height\":1000,\"caption\":\"m\u00e1y ly t\u00e2m n\u1eafp chai\"},{\"@type\":\"BreadcrumbList\",\"@id\":\"https:\/\/swoer.vn\/manufacturer\/he-thong-cap-nap-ly-tam\/#breadcrumb\",\"itemListElement\":[{\"@type\":\"ListItem\",\"position\":1,\"name\":\"Home\",\"item\":\"https:\/\/swoer.vn\/\"},{\"@type\":\"ListItem\",\"position\":2,\"name\":\"S\u1ea3n ph\u1ea9m\",\"item\":\"https:\/\/swoer.vn\/shop\/\"},{\"@type\":\"ListItem\",\"position\":3,\"name\":\"H\u1ec7 th\u1ed1ng c\u1ea5p n\u1eafp ly t\u00e2m\"}]},{\"@type\":\"WebSite\",\"@id\":\"https:\/\/swoer.vn\/#website\",\"url\":\"https:\/\/swoer.vn\/\",\"name\":\"Nh\u00e0 s\u1ea3n xu\u1ea5t m\u00e1y c\u1ea5p li\u1ec7u c\u00f4ng nghi\u1ec7p\",\"description\":\"Nh\u00e0 cung c\u1ea5p robot, m\u00e1y c\u1ea5p li\u1ec7u linh ho\u1ea1t, m\u00e1y c\u1ea5p li\u1ec7u ly t\u00e2m, m\u00e1y c\u1ea5p li\u1ec7u rung t\u1ef1 \u0111\u1ed9ng\",\"potentialAction\":[{\"@type\":\"SearchAction\",\"target\":{\"@type\":\"EntryPoint\",\"urlTemplate\":\"https:\/\/swoer.vn\/?s={search_term_string}\"},\"query-input\":{\"@type\":\"PropertyValueSpecification\",\"valueRequired\":true,\"valueName\":\"search_term_string\"}}],\"inLanguage\":\"ms-MY\"}]}<\/script>\n<!-- \/ Yoast SEO plugin. -->","yoast_head_json":{"title":"Sistem Penyuapan Cap Empar - Pengeluar Pengilang Industri","description":"Kami menawarkan penyuapan empar berkelajuan ketepatan tersuai yang disepadukan dengan lancar ke dalam barisan pengeluaran. Penyelesaian profesional yang mengoptimumkan produktiviti.","robots":{"index":"index","follow":"follow","max-snippet":"max-snippet:-1","max-image-preview":"max-image-preview:large","max-video-preview":"max-video-preview:-1"},"canonical":"https:\/\/swoer.vn\/ms\/manufacturer\/he-thong-cap-nap-ly-tam\/","og_locale":"ms_MY","og_type":"article","og_title":"H\u1ec7 th\u1ed1ng c\u1ea5p n\u1eafp ly t\u00e2m - Nh\u00e0 s\u1ea3n xu\u1ea5t m\u00e1y c\u1ea5p li\u1ec7u c\u00f4ng nghi\u1ec7p","og_description":"Ch\u00fang t\u00f4i cung c\u1ea5p m\u00e1y c\u1ea5p li\u1ec7u ly t\u00e2m ch\u00ednh x\u00e1c, t\u1ed1c \u0111\u1ed9 t\u00f9y ch\u1ec9nh, t\u00edch h\u1ee3p li\u1ec1n m\u1ea1ch v\u00e0o d\u00e2y chuy\u1ec1n s\u1ea3n xu\u1ea5t. Gi\u1ea3i ph\u00e1p chuy\u00ean nghi\u1ec7p t\u1ed1i \u01b0u h\u00f3a n\u0103ng su\u1ea5t.","og_url":"https:\/\/swoer.vn\/ms\/manufacturer\/he-thong-cap-nap-ly-tam\/","og_site_name":"Nh\u00e0 s\u1ea3n xu\u1ea5t m\u00e1y c\u1ea5p li\u1ec7u c\u00f4ng nghi\u1ec7p","article_modified_time":"2025-02-25T05:55:57+00:00","og_image":[{"width":1000,"height":1000,"url":"https:\/\/swoer.vn\/wp-content\/uploads\/2025\/02\/may-ly-tam-nap-chai.webp","type":"image\/webp"}],"twitter_card":"summary_large_image","twitter_misc":{"Est. reading time":"2 minit"},"schema":{"@context":"https:\/\/schema.org","@graph":[{"@type":"WebPage","@id":"https:\/\/swoer.vn\/manufacturer\/he-thong-cap-nap-ly-tam\/","url":"https:\/\/swoer.vn\/manufacturer\/he-thong-cap-nap-ly-tam\/","name":"Sistem Penyuapan Cap Empar - Pengeluar Pengilang Industri","isPartOf":{"@id":"https:\/\/swoer.vn\/#website"},"primaryImageOfPage":{"@id":"https:\/\/swoer.vn\/manufacturer\/he-thong-cap-nap-ly-tam\/#primaryimage"},"image":{"@id":"https:\/\/swoer.vn\/manufacturer\/he-thong-cap-nap-ly-tam\/#primaryimage"},"thumbnailUrl":"https:\/\/swoer.vn\/wp-content\/uploads\/2025\/02\/may-ly-tam-nap-chai.webp","datePublished":"2025-02-25T03:38:11+00:00","dateModified":"2025-02-25T05:55:57+00:00","description":"Kami menawarkan penyuapan empar berkelajuan ketepatan tersuai yang disepadukan dengan lancar ke dalam barisan pengeluaran. Penyelesaian profesional yang mengoptimumkan produktiviti.","breadcrumb":{"@id":"https:\/\/swoer.vn\/manufacturer\/he-thong-cap-nap-ly-tam\/#breadcrumb"},"inLanguage":"ms-MY","potentialAction":[{"@type":"ReadAction","target":["https:\/\/swoer.vn\/manufacturer\/he-thong-cap-nap-ly-tam\/"]}]},{"@type":"ImageObject","inLanguage":"ms-MY","@id":"https:\/\/swoer.vn\/manufacturer\/he-thong-cap-nap-ly-tam\/#primaryimage","url":"https:\/\/swoer.vn\/wp-content\/uploads\/2025\/02\/may-ly-tam-nap-chai.webp","contentUrl":"https:\/\/swoer.vn\/wp-content\/uploads\/2025\/02\/may-ly-tam-nap-chai.webp","width":1000,"height":1000,"caption":"m\u00e1y ly t\u00e2m n\u1eafp chai"},{"@type":"BreadcrumbList","@id":"https:\/\/swoer.vn\/manufacturer\/he-thong-cap-nap-ly-tam\/#breadcrumb","itemListElement":[{"@type":"ListItem","position":1,"name":"Home","item":"https:\/\/swoer.vn\/"},{"@type":"ListItem","position":2,"name":"S\u1ea3n ph\u1ea9m","item":"https:\/\/swoer.vn\/shop\/"},{"@type":"ListItem","position":3,"name":"H\u1ec7 th\u1ed1ng c\u1ea5p n\u1eafp ly t\u00e2m"}]},{"@type":"WebSite","@id":"https:\/\/swoer.vn\/#website","url":"https:\/\/swoer.vn\/","name":"Pengeluar Pengumpan Perindustrian","description":"Pembekal robot, penyuap fleksibel, penyuap emparan, penyuap bergetar automatik","potentialAction":[{"@type":"SearchAction","target":{"@type":"EntryPoint","urlTemplate":"https:\/\/swoer.vn\/?s={search_term_string}"},"query-input":{"@type":"PropertyValueSpecification","valueRequired":true,"valueName":"search_term_string"}}],"inLanguage":"ms-MY"}]}},"_links":{"self":[{"href":"https:\/\/swoer.vn\/ms\/wp-json\/wp\/v2\/product\/1786","targetHints":{"allow":["GET"]}}],"collection":[{"href":"https:\/\/swoer.vn\/ms\/wp-json\/wp\/v2\/product"}],"about":[{"href":"https:\/\/swoer.vn\/ms\/wp-json\/wp\/v2\/types\/product"}],"replies":[{"embeddable":true,"href":"https:\/\/swoer.vn\/ms\/wp-json\/wp\/v2\/comments?post=1786"}],"wp:featuredmedia":[{"embeddable":true,"href":"https:\/\/swoer.vn\/ms\/wp-json\/wp\/v2\/media\/1787"}],"wp:attachment":[{"href":"https:\/\/swoer.vn\/ms\/wp-json\/wp\/v2\/media?parent=1786"}],"wp:term":[{"taxonomy":"product_brand","embeddable":true,"href":"https:\/\/swoer.vn\/ms\/wp-json\/wp\/v2\/product_brand?post=1786"},{"taxonomy":"product_cat","embeddable":true,"href":"https:\/\/swoer.vn\/ms\/wp-json\/wp\/v2\/product_cat?post=1786"},{"taxonomy":"product_tag","embeddable":true,"href":"https:\/\/swoer.vn\/ms\/wp-json\/wp\/v2\/product_tag?post=1786"}],"curies":[{"name":"wp","href":"https:\/\/api.w.org\/{rel}","templated":true}]}}