{"id":1783,"date":"2025-02-24T15:33:54","date_gmt":"2025-02-24T08:33:54","guid":{"rendered":"https:\/\/swoer.vn\/?post_type=product&#038;p=1783"},"modified":"2025-02-25T12:56:39","modified_gmt":"2025-02-25T05:56:39","slug":"may-tan-dinh-tu-dong-may-dong-dinh-tu-dong","status":"publish","type":"product","link":"https:\/\/swoer.vn\/ms\/manufacturer\/may-tan-dinh-tu-dong-may-dong-dinh-tu-dong\/","title":{"rendered":"Mesin Riveting Automatik | Mesin memaku automatik"},"content":{"rendered":"<p>Nail gun ialah pistol kuku automatik di pasaran. Ia adalah bahagian penting dalam operasi pistol kuku. Sama ada dikendalikan secara manual atau automatik, pengendalian pistol paku dilengkapkan dengan mekanisme rivet; pelayan melalui paip. Talian disambungkan dan dipasang ke dalam pemasangan paip terpaku. Ini adalah teknologi teras mesin rivet automatik. Seperti namanya, ia adalah proses mengumpul dan mengeluarkan isyarat daripada mesin.<\/p>\n<h2><strong>ciri-ciri:<\/strong><\/h2>\n<ul>\n<li><strong>Pemakanan automatik:<\/strong> Apabila kancing dituang ke dalam plat bergetar, bahan-bahan boleh disusun dengan teratur dan dihantar ke kancing belah.<\/li>\n<li><strong>Pemakanan automatik:<\/strong> Apabila rivet mencapai titik perpecahan, ia boleh dimasukkan ke dalam hujung pistol melalui tiub rivet.<\/li>\n<li><strong>Pemakanan automatik:<\/strong> Selepas tindakan memukau selesai, rivet seterusnya boleh diangkut secara automatik ke muncung pistol.<\/li>\n<li><strong>Pengiraan Pintar:<\/strong> Paparan LCD boleh ditetapkan untuk menetapkan nombor tetapan.<\/li>\n<li><strong>Penggera kekurangan bahan mentah:<\/strong> Apabila tiada rivet mencapai titik perpecahan, lampu penggera akan menyala secara automatik dengan gesaan suara.<\/li>\n<li><strong>Mesej ralat:<\/strong> Apabila mesin menunjukkan tanda tidak normal, lampu penunjuk akan menyala secara automatik dan disertakan dengan gesaan suara.<\/li>\n<li><strong>Nombor Foolproof:<\/strong> Pengiraan pintar untuk mengelakkan lawatan terlepas.<br \/>\nKoleksi Tailing: Bar teras boleh dihantar ke tong kitar semula melalui tiub tailing atau menggunakan tiub pengumpulan tailing.<\/li>\n<li><strong>Ethernet:<\/strong> Boleh disambungkan ke rangkaian tempatan untuk pemantauan masa nyata dan operasi peralatan.<\/li>\n<li><strong>Penjejakan Kuku:<\/strong> Pantau sama ada rivet tarik tiba dan dimuatkan ke dalam muncung pistol, isi semula bahan atau penggera secara automatik apabila kekurangan bahan, dan lengkapkan pembalikan rivet tarik.<\/li>\n<\/ul>\n<h2><strong>Spesifikasi:<\/strong><\/h2>\n<table>\n<tbody>\n<tr>\n<td><strong>Saiz<\/strong><\/td>\n<td>440x350x420mm<\/td>\n<\/tr>\n<tr>\n<td><strong>Kapasiti silo<\/strong><\/td>\n<td>4000 kapsul<\/td>\n<\/tr>\n<tr>\n<td><strong>Kuasa yang diberi nilai<\/strong><\/td>\n<td>350W<\/td>\n<\/tr>\n<tr>\n<td><strong>Berat peranti<\/strong><\/td>\n<td>45kg<\/td>\n<\/tr>\n<tr>\n<td><strong>Kelajuan kelulusan<\/strong><\/td>\n<td>1.2 ~ 1.5 saat \/ bijirin<\/td>\n<\/tr>\n<tr>\n<td><strong>Pistol paku<\/strong><\/td>\n<td>FX-30<\/td>\n<\/tr>\n<tr>\n<td><strong>Berat pistol paku<\/strong><\/td>\n<td>1.2kg<\/td>\n<\/tr>\n<tr>\n<td><strong>Tekanan kerja<\/strong><\/td>\n<td>6kg<\/td>\n<\/tr>\n<tr>\n<td><strong>Penarafan tekanan udara<\/strong><\/td>\n<td>8kg<\/td>\n<\/tr>\n<tr>\n<td><strong>Kelajuan menembak kuku<\/strong><\/td>\n<td>50 ~ 60 biji \/ min<\/td>\n<\/tr>\n<tr>\n<td><strong>Spesifikasi tarik stud yang berkenaan<\/strong><\/td>\n<td>4.0mm<\/td>\n<\/tr>\n<tr>\n<td><strong>Panjang tiub bahan<\/strong><\/td>\n<td>2000 ~ 3000mm<\/td>\n<\/tr>\n<tr>\n<td><strong>Panjang tiub kuku<\/strong><\/td>\n<td>2000 ~ 3000mm<\/td>\n<\/tr>\n<tr>\n<td><strong>Voltan masukan<\/strong><\/td>\n<td>220V<\/td>\n<\/tr>\n<tr>\n<td><strong>Voltan rendah<\/strong><\/td>\n<td>24V<\/td>\n<\/tr>\n<\/tbody>\n<\/table>","protected":false},"excerpt":{"rendered":"<p>Automatic Riveter, Automatic Nailer ialah alat yang berkesan untuk mempercepatkan kerja memaku pada kayu, logam atau bahan lain. Dengan teknologi automatik canggih, mesin memastikan ketepatan yang tinggi, meminimumkan masa dan tenaga kerja. Amat sesuai untuk sektor pembinaan, dalaman dan perindustrian.<\/p>","protected":false},"featured_media":1784,"comment_status":"open","ping_status":"closed","template":"","meta":[],"product_brand":[],"product_cat":[46],"product_tag":[48,47,49],"class_list":{"0":"post-1783","1":"product","2":"type-product","3":"status-publish","4":"has-post-thumbnail","6":"product_cat-may-tan-dinh-tu-dong","7":"product_tag-may-ban-dinh-tu-dong","8":"product_tag-may-dong-dinh-tu-dong","9":"product_tag-may-tan-dinh-tu-dong","11":"first","12":"instock","13":"shipping-taxable","14":"product-type-simple"},"yoast_head":"<!-- This site is optimized with the Yoast SEO plugin v26.0 - https:\/\/yoast.com\/wordpress\/plugins\/seo\/ -->\n<title>M\u00e1y t\u00e1n \u0111inh t\u1ef1 \u0111\u1ed9ng | M\u00e1y \u0111\u00f3ng \u0111inh t\u1ef1 \u0111\u1ed9ng<\/title>\n<meta name=\"description\" content=\"M\u00e1y \u0111\u00f3ng \u0111inh t\u1ef1 \u0111\u1ed9ng nhanh ch\u00f3ng, ch\u00ednh x\u00e1c - T\u1ed1i \u01b0u hi\u1ec7u su\u1ea5t c\u00f4ng vi\u1ec7c x\u00e2y d\u1ef1ng v\u00e0 gia c\u00f4ng. T\u00ecm hi\u1ec3u chi ti\u1ebft t\u1ea1i!\" \/>\n<meta name=\"robots\" content=\"index, follow, max-snippet:-1, max-image-preview:large, max-video-preview:-1\" \/>\n<link rel=\"canonical\" href=\"https:\/\/swoer.vn\/ms\/manufacturer\/may-tan-dinh-tu-dong-may-dong-dinh-tu-dong\/\" \/>\n<meta property=\"og:locale\" content=\"ms_MY\" \/>\n<meta property=\"og:type\" content=\"article\" \/>\n<meta property=\"og:title\" content=\"M\u00e1y t\u00e1n \u0111inh t\u1ef1 \u0111\u1ed9ng | M\u00e1y \u0111\u00f3ng \u0111inh t\u1ef1 \u0111\u1ed9ng\" \/>\n<meta property=\"og:description\" content=\"M\u00e1y \u0111\u00f3ng \u0111inh t\u1ef1 \u0111\u1ed9ng nhanh ch\u00f3ng, ch\u00ednh x\u00e1c - T\u1ed1i \u01b0u hi\u1ec7u su\u1ea5t c\u00f4ng vi\u1ec7c x\u00e2y d\u1ef1ng v\u00e0 gia c\u00f4ng. T\u00ecm hi\u1ec3u chi ti\u1ebft t\u1ea1i!\" \/>\n<meta property=\"og:url\" content=\"https:\/\/swoer.vn\/ms\/manufacturer\/may-tan-dinh-tu-dong-may-dong-dinh-tu-dong\/\" \/>\n<meta property=\"og:site_name\" content=\"Nh\u00e0 s\u1ea3n xu\u1ea5t m\u00e1y c\u1ea5p li\u1ec7u c\u00f4ng nghi\u1ec7p\" \/>\n<meta property=\"article:modified_time\" content=\"2025-02-25T05:56:39+00:00\" \/>\n<meta property=\"og:image\" content=\"https:\/\/swoer.vn\/wp-content\/uploads\/2025\/02\/May-dong-dinh-tu-dong.webp\" \/>\n\t<meta property=\"og:image:width\" content=\"1000\" \/>\n\t<meta property=\"og:image:height\" content=\"1000\" \/>\n\t<meta property=\"og:image:type\" content=\"image\/webp\" \/>\n<meta name=\"twitter:card\" content=\"summary_large_image\" \/>\n<meta name=\"twitter:label1\" content=\"Est. reading time\" \/>\n\t<meta name=\"twitter:data1\" content=\"3 minit\" \/>\n<script type=\"application\/ld+json\" class=\"yoast-schema-graph\">{\"@context\":\"https:\/\/schema.org\",\"@graph\":[{\"@type\":\"WebPage\",\"@id\":\"https:\/\/swoer.vn\/manufacturer\/may-tan-dinh-tu-dong-may-dong-dinh-tu-dong\/\",\"url\":\"https:\/\/swoer.vn\/manufacturer\/may-tan-dinh-tu-dong-may-dong-dinh-tu-dong\/\",\"name\":\"M\u00e1y t\u00e1n \u0111inh t\u1ef1 \u0111\u1ed9ng | M\u00e1y \u0111\u00f3ng \u0111inh t\u1ef1 \u0111\u1ed9ng\",\"isPartOf\":{\"@id\":\"https:\/\/swoer.vn\/#website\"},\"primaryImageOfPage\":{\"@id\":\"https:\/\/swoer.vn\/manufacturer\/may-tan-dinh-tu-dong-may-dong-dinh-tu-dong\/#primaryimage\"},\"image\":{\"@id\":\"https:\/\/swoer.vn\/manufacturer\/may-tan-dinh-tu-dong-may-dong-dinh-tu-dong\/#primaryimage\"},\"thumbnailUrl\":\"https:\/\/swoer.vn\/wp-content\/uploads\/2025\/02\/May-dong-dinh-tu-dong.webp\",\"datePublished\":\"2025-02-24T08:33:54+00:00\",\"dateModified\":\"2025-02-25T05:56:39+00:00\",\"description\":\"M\u00e1y \u0111\u00f3ng \u0111inh t\u1ef1 \u0111\u1ed9ng nhanh ch\u00f3ng, ch\u00ednh x\u00e1c - T\u1ed1i \u01b0u hi\u1ec7u su\u1ea5t c\u00f4ng vi\u1ec7c x\u00e2y d\u1ef1ng v\u00e0 gia c\u00f4ng. T\u00ecm hi\u1ec3u chi ti\u1ebft t\u1ea1i!\",\"breadcrumb\":{\"@id\":\"https:\/\/swoer.vn\/manufacturer\/may-tan-dinh-tu-dong-may-dong-dinh-tu-dong\/#breadcrumb\"},\"inLanguage\":\"ms-MY\",\"potentialAction\":[{\"@type\":\"ReadAction\",\"target\":[\"https:\/\/swoer.vn\/manufacturer\/may-tan-dinh-tu-dong-may-dong-dinh-tu-dong\/\"]}]},{\"@type\":\"ImageObject\",\"inLanguage\":\"ms-MY\",\"@id\":\"https:\/\/swoer.vn\/manufacturer\/may-tan-dinh-tu-dong-may-dong-dinh-tu-dong\/#primaryimage\",\"url\":\"https:\/\/swoer.vn\/wp-content\/uploads\/2025\/02\/May-dong-dinh-tu-dong.webp\",\"contentUrl\":\"https:\/\/swoer.vn\/wp-content\/uploads\/2025\/02\/May-dong-dinh-tu-dong.webp\",\"width\":1000,\"height\":1000,\"caption\":\"M\u00e1y \u0111\u00f3ng \u0111inh t\u1ef1 \u0111\u1ed9ng\"},{\"@type\":\"BreadcrumbList\",\"@id\":\"https:\/\/swoer.vn\/manufacturer\/may-tan-dinh-tu-dong-may-dong-dinh-tu-dong\/#breadcrumb\",\"itemListElement\":[{\"@type\":\"ListItem\",\"position\":1,\"name\":\"Home\",\"item\":\"https:\/\/swoer.vn\/\"},{\"@type\":\"ListItem\",\"position\":2,\"name\":\"S\u1ea3n ph\u1ea9m\",\"item\":\"https:\/\/swoer.vn\/shop\/\"},{\"@type\":\"ListItem\",\"position\":3,\"name\":\"M\u00e1y t\u00e1n \u0111inh t\u1ef1 \u0111\u1ed9ng | M\u00e1y \u0111\u00f3ng \u0111inh t\u1ef1 \u0111\u1ed9ng\"}]},{\"@type\":\"WebSite\",\"@id\":\"https:\/\/swoer.vn\/#website\",\"url\":\"https:\/\/swoer.vn\/\",\"name\":\"Nh\u00e0 s\u1ea3n xu\u1ea5t m\u00e1y c\u1ea5p li\u1ec7u c\u00f4ng nghi\u1ec7p\",\"description\":\"Nh\u00e0 cung c\u1ea5p robot, m\u00e1y c\u1ea5p li\u1ec7u linh ho\u1ea1t, m\u00e1y c\u1ea5p li\u1ec7u ly t\u00e2m, m\u00e1y c\u1ea5p li\u1ec7u rung t\u1ef1 \u0111\u1ed9ng\",\"potentialAction\":[{\"@type\":\"SearchAction\",\"target\":{\"@type\":\"EntryPoint\",\"urlTemplate\":\"https:\/\/swoer.vn\/?s={search_term_string}\"},\"query-input\":{\"@type\":\"PropertyValueSpecification\",\"valueRequired\":true,\"valueName\":\"search_term_string\"}}],\"inLanguage\":\"ms-MY\"}]}<\/script>\n<!-- \/ Yoast SEO plugin. -->","yoast_head_json":{"title":"Mesin Riveting Automatik | Mesin memaku automatik","description":"Mesin memaku automatik yang pantas dan tepat - Mengoptimumkan kecekapan kerja pembinaan dan pemprosesan. Ketahui lebih lanjut di!","robots":{"index":"index","follow":"follow","max-snippet":"max-snippet:-1","max-image-preview":"max-image-preview:large","max-video-preview":"max-video-preview:-1"},"canonical":"https:\/\/swoer.vn\/ms\/manufacturer\/may-tan-dinh-tu-dong-may-dong-dinh-tu-dong\/","og_locale":"ms_MY","og_type":"article","og_title":"M\u00e1y t\u00e1n \u0111inh t\u1ef1 \u0111\u1ed9ng | M\u00e1y \u0111\u00f3ng \u0111inh t\u1ef1 \u0111\u1ed9ng","og_description":"M\u00e1y \u0111\u00f3ng \u0111inh t\u1ef1 \u0111\u1ed9ng nhanh ch\u00f3ng, ch\u00ednh x\u00e1c - T\u1ed1i \u01b0u hi\u1ec7u su\u1ea5t c\u00f4ng vi\u1ec7c x\u00e2y d\u1ef1ng v\u00e0 gia c\u00f4ng. T\u00ecm hi\u1ec3u chi ti\u1ebft t\u1ea1i!","og_url":"https:\/\/swoer.vn\/ms\/manufacturer\/may-tan-dinh-tu-dong-may-dong-dinh-tu-dong\/","og_site_name":"Nh\u00e0 s\u1ea3n xu\u1ea5t m\u00e1y c\u1ea5p li\u1ec7u c\u00f4ng nghi\u1ec7p","article_modified_time":"2025-02-25T05:56:39+00:00","og_image":[{"width":1000,"height":1000,"url":"https:\/\/swoer.vn\/wp-content\/uploads\/2025\/02\/May-dong-dinh-tu-dong.webp","type":"image\/webp"}],"twitter_card":"summary_large_image","twitter_misc":{"Est. reading time":"3 minit"},"schema":{"@context":"https:\/\/schema.org","@graph":[{"@type":"WebPage","@id":"https:\/\/swoer.vn\/manufacturer\/may-tan-dinh-tu-dong-may-dong-dinh-tu-dong\/","url":"https:\/\/swoer.vn\/manufacturer\/may-tan-dinh-tu-dong-may-dong-dinh-tu-dong\/","name":"Mesin Riveting Automatik | Mesin memaku automatik","isPartOf":{"@id":"https:\/\/swoer.vn\/#website"},"primaryImageOfPage":{"@id":"https:\/\/swoer.vn\/manufacturer\/may-tan-dinh-tu-dong-may-dong-dinh-tu-dong\/#primaryimage"},"image":{"@id":"https:\/\/swoer.vn\/manufacturer\/may-tan-dinh-tu-dong-may-dong-dinh-tu-dong\/#primaryimage"},"thumbnailUrl":"https:\/\/swoer.vn\/wp-content\/uploads\/2025\/02\/May-dong-dinh-tu-dong.webp","datePublished":"2025-02-24T08:33:54+00:00","dateModified":"2025-02-25T05:56:39+00:00","description":"Mesin memaku automatik yang pantas dan tepat - Mengoptimumkan kecekapan kerja pembinaan dan pemprosesan. Ketahui lebih lanjut di!","breadcrumb":{"@id":"https:\/\/swoer.vn\/manufacturer\/may-tan-dinh-tu-dong-may-dong-dinh-tu-dong\/#breadcrumb"},"inLanguage":"ms-MY","potentialAction":[{"@type":"ReadAction","target":["https:\/\/swoer.vn\/manufacturer\/may-tan-dinh-tu-dong-may-dong-dinh-tu-dong\/"]}]},{"@type":"ImageObject","inLanguage":"ms-MY","@id":"https:\/\/swoer.vn\/manufacturer\/may-tan-dinh-tu-dong-may-dong-dinh-tu-dong\/#primaryimage","url":"https:\/\/swoer.vn\/wp-content\/uploads\/2025\/02\/May-dong-dinh-tu-dong.webp","contentUrl":"https:\/\/swoer.vn\/wp-content\/uploads\/2025\/02\/May-dong-dinh-tu-dong.webp","width":1000,"height":1000,"caption":"M\u00e1y \u0111\u00f3ng \u0111inh t\u1ef1 \u0111\u1ed9ng"},{"@type":"BreadcrumbList","@id":"https:\/\/swoer.vn\/manufacturer\/may-tan-dinh-tu-dong-may-dong-dinh-tu-dong\/#breadcrumb","itemListElement":[{"@type":"ListItem","position":1,"name":"Home","item":"https:\/\/swoer.vn\/"},{"@type":"ListItem","position":2,"name":"S\u1ea3n ph\u1ea9m","item":"https:\/\/swoer.vn\/shop\/"},{"@type":"ListItem","position":3,"name":"M\u00e1y t\u00e1n \u0111inh t\u1ef1 \u0111\u1ed9ng | M\u00e1y \u0111\u00f3ng \u0111inh t\u1ef1 \u0111\u1ed9ng"}]},{"@type":"WebSite","@id":"https:\/\/swoer.vn\/#website","url":"https:\/\/swoer.vn\/","name":"Pengeluar Pengumpan Perindustrian","description":"Pembekal robot, penyuap fleksibel, penyuap emparan, penyuap bergetar automatik","potentialAction":[{"@type":"SearchAction","target":{"@type":"EntryPoint","urlTemplate":"https:\/\/swoer.vn\/?s={search_term_string}"},"query-input":{"@type":"PropertyValueSpecification","valueRequired":true,"valueName":"search_term_string"}}],"inLanguage":"ms-MY"}]}},"_links":{"self":[{"href":"https:\/\/swoer.vn\/ms\/wp-json\/wp\/v2\/product\/1783","targetHints":{"allow":["GET"]}}],"collection":[{"href":"https:\/\/swoer.vn\/ms\/wp-json\/wp\/v2\/product"}],"about":[{"href":"https:\/\/swoer.vn\/ms\/wp-json\/wp\/v2\/types\/product"}],"replies":[{"embeddable":true,"href":"https:\/\/swoer.vn\/ms\/wp-json\/wp\/v2\/comments?post=1783"}],"wp:featuredmedia":[{"embeddable":true,"href":"https:\/\/swoer.vn\/ms\/wp-json\/wp\/v2\/media\/1784"}],"wp:attachment":[{"href":"https:\/\/swoer.vn\/ms\/wp-json\/wp\/v2\/media?parent=1783"}],"wp:term":[{"taxonomy":"product_brand","embeddable":true,"href":"https:\/\/swoer.vn\/ms\/wp-json\/wp\/v2\/product_brand?post=1783"},{"taxonomy":"product_cat","embeddable":true,"href":"https:\/\/swoer.vn\/ms\/wp-json\/wp\/v2\/product_cat?post=1783"},{"taxonomy":"product_tag","embeddable":true,"href":"https:\/\/swoer.vn\/ms\/wp-json\/wp\/v2\/product_tag?post=1783"}],"curies":[{"name":"wp","href":"https:\/\/api.w.org\/{rel}","templated":true}]}}