{"id":1781,"date":"2025-02-24T14:59:09","date_gmt":"2025-02-24T07:59:09","guid":{"rendered":"https:\/\/swoer.vn\/?post_type=product&#038;p=1781"},"modified":"2025-02-25T12:57:06","modified_gmt":"2025-02-25T05:57:06","slug":"pheu-cap-lieu-tuyen-tinh-luu-tru","status":"publish","type":"product","link":"https:\/\/swoer.vn\/ms\/manufacturer\/pheu-cap-lieu-tuyen-tinh-luu-tru\/","title":{"rendered":"Corong suapan storan linear"},"content":{"rendered":"<p>Sesuai untuk kerja jangka panjang dan penyimpanan bahan, mengurangkan kekerapan penambahan semula.<\/p>\n<h2><strong>ciri:<\/strong><\/h2>\n<ul>\n<li>Pemindahan embrio seimbang, kemas<\/li>\n<li>Mengangkut embrio dalam jarak yang jauh<\/li>\n<li>Mudah untuk pemasangan dan sambungan ke ruang mekanikal<\/li>\n<li>Penyimpanan kosong berorientasikan yang telah siap<\/li>\n<li>Hentikan penyusuan sepenuhnya dan penangguhan mula boleh mengelakkan operasi berterusan plat getaran, memanjangkan hayat plat getaran dan mengurangkan bunyi persekitaran kerja.<\/li>\n<\/ul>\n<h2 class=\"rich-text-table\"><strong>Parameter:<\/strong><\/h2>\n<div>\n<table>\n<tbody>\n<tr>\n<td><b>taip<\/b><\/td>\n<td><b>Kaedah pemuatan<\/b><\/td>\n<td><b>Ketinggian di atas tanah<\/b><\/td>\n<td><strong>Lebar Keluaran<\/strong><\/td>\n<td><b>Ketinggian keluaran<\/b><\/td>\n<\/tr>\n<tr>\n<td>SW-CL 300<\/td>\n<td>Pengumpan linear<\/p>\n<p>Pengumpan linear<\/td>\n<td>250-490 mm<\/td>\n<td>120 mm<\/td>\n<td>10-50<\/td>\n<\/tr>\n<tr>\n<td>SW-CL 350<\/td>\n<td>Pengumpan linear<\/p>\n<p>Pengumpan linear<\/td>\n<td>250-490 mm<\/td>\n<td>120 mm<\/td>\n<td>10-50<\/td>\n<\/tr>\n<tr>\n<td>SW-CL 400<\/td>\n<td>Pengumpan linear<\/p>\n<p>Pengumpan linear<\/td>\n<td>300 \u2013 530 mm<\/td>\n<td>140 mm<\/td>\n<td>10-100<\/td>\n<\/tr>\n<tr>\n<td>SW-CL 450<\/td>\n<td>Pengumpan linear<\/p>\n<p>Pengumpan linear<\/td>\n<td>300-570mm<\/td>\n<td>140 mm<\/td>\n<td>10-110<\/td>\n<\/tr>\n<tr>\n<td>SW-CL 500<\/td>\n<td>Pengumpan linear<\/p>\n<p>Pengumpan linear<\/td>\n<td>380-700 mm<\/td>\n<td>160 mm<\/td>\n<td>10-120<\/td>\n<\/tr>\n<tr>\n<td>SW-CL 550<\/td>\n<td>Pengumpan linear<\/p>\n<p>Pengumpan linear<\/td>\n<td>380-720mm<\/td>\n<td>160 mm<\/td>\n<td>10-120<\/td>\n<\/tr>\n<tr>\n<td>SW-CL 600<\/td>\n<td>Pengumpan linear<\/p>\n<p>Pengumpan linear<\/td>\n<td>400-750 mm<\/td>\n<td>160 mm<\/td>\n<td>10-120<\/td>\n<\/tr>\n<\/tbody>\n<\/table>\n<\/div>","protected":false},"excerpt":{"rendered":"<p>Corong suapan storan linear mengoptimumkan proses penyusuan, menyediakan penyelesaian yang boleh dipercayai untuk sistem automatik, menjimatkan ruang dan meningkatkan produktiviti.<\/p>","protected":false},"featured_media":1782,"comment_status":"open","ping_status":"closed","template":"","meta":[],"product_brand":[],"product_cat":[36],"product_tag":[44,43,45],"class_list":{"0":"post-1781","1":"product","2":"type-product","3":"status-publish","4":"has-post-thumbnail","6":"product_cat-pheu","7":"product_tag-bo-rung","8":"product_tag-mam-rung","9":"product_tag-thiet-bi-rung","11":"first","12":"instock","13":"shipping-taxable","14":"product-type-simple"},"yoast_head":"<!-- This site is optimized with the Yoast SEO plugin v26.0 - https:\/\/yoast.com\/wordpress\/plugins\/seo\/ -->\n<title>Ph\u1ec5u c\u1ea5p li\u1ec7u tuy\u1ebfn t\u00ednh l\u01b0u tr\u1eef - Nh\u00e0 s\u1ea3n xu\u1ea5t m\u00e1y c\u1ea5p li\u1ec7u c\u00f4ng nghi\u1ec7p<\/title>\n<meta name=\"description\" content=\"Kh\u00e1m ph\u00e1 ph\u1ec5u c\u1ea5p li\u1ec7u tuy\u1ebfn t\u00ednh l\u01b0u tr\u1eef, gi\u1ea3i ph\u00e1p hi\u1ec7u qu\u1ea3 cho h\u1ec7 th\u1ed1ng t\u1ef1 \u0111\u1ed9ng, ti\u1ebft ki\u1ec7m kh\u00f4ng gian v\u00e0 n\u00e2ng cao n\u0103ng su\u1ea5t s\u1ea3n xu\u1ea5t.\" \/>\n<meta name=\"robots\" content=\"index, follow, max-snippet:-1, max-image-preview:large, max-video-preview:-1\" \/>\n<link rel=\"canonical\" href=\"https:\/\/swoer.vn\/ms\/manufacturer\/pheu-cap-lieu-tuyen-tinh-luu-tru\/\" \/>\n<meta property=\"og:locale\" content=\"ms_MY\" \/>\n<meta property=\"og:type\" content=\"article\" \/>\n<meta property=\"og:title\" content=\"Ph\u1ec5u c\u1ea5p li\u1ec7u tuy\u1ebfn t\u00ednh l\u01b0u tr\u1eef - Nh\u00e0 s\u1ea3n xu\u1ea5t m\u00e1y c\u1ea5p li\u1ec7u c\u00f4ng nghi\u1ec7p\" \/>\n<meta property=\"og:description\" content=\"Kh\u00e1m ph\u00e1 ph\u1ec5u c\u1ea5p li\u1ec7u tuy\u1ebfn t\u00ednh l\u01b0u tr\u1eef, gi\u1ea3i ph\u00e1p hi\u1ec7u qu\u1ea3 cho h\u1ec7 th\u1ed1ng t\u1ef1 \u0111\u1ed9ng, ti\u1ebft ki\u1ec7m kh\u00f4ng gian v\u00e0 n\u00e2ng cao n\u0103ng su\u1ea5t s\u1ea3n xu\u1ea5t.\" \/>\n<meta property=\"og:url\" content=\"https:\/\/swoer.vn\/ms\/manufacturer\/pheu-cap-lieu-tuyen-tinh-luu-tru\/\" \/>\n<meta property=\"og:site_name\" content=\"Nh\u00e0 s\u1ea3n xu\u1ea5t m\u00e1y c\u1ea5p li\u1ec7u c\u00f4ng nghi\u1ec7p\" \/>\n<meta property=\"article:modified_time\" content=\"2025-02-25T05:57:06+00:00\" \/>\n<meta property=\"og:image\" content=\"https:\/\/swoer.vn\/wp-content\/uploads\/2025\/02\/Pheu-cap-lieu-tuyen-tinh-luu-tru.webp\" \/>\n\t<meta property=\"og:image:width\" content=\"1000\" \/>\n\t<meta property=\"og:image:height\" content=\"1000\" \/>\n\t<meta property=\"og:image:type\" content=\"image\/webp\" \/>\n<meta name=\"twitter:card\" content=\"summary_large_image\" \/>\n<meta name=\"twitter:label1\" content=\"Est. reading time\" \/>\n\t<meta name=\"twitter:data1\" content=\"2 minit\" \/>\n<script type=\"application\/ld+json\" class=\"yoast-schema-graph\">{\"@context\":\"https:\/\/schema.org\",\"@graph\":[{\"@type\":\"WebPage\",\"@id\":\"https:\/\/swoer.vn\/manufacturer\/pheu-cap-lieu-tuyen-tinh-luu-tru\/\",\"url\":\"https:\/\/swoer.vn\/manufacturer\/pheu-cap-lieu-tuyen-tinh-luu-tru\/\",\"name\":\"Ph\u1ec5u c\u1ea5p li\u1ec7u tuy\u1ebfn t\u00ednh l\u01b0u tr\u1eef - Nh\u00e0 s\u1ea3n xu\u1ea5t m\u00e1y c\u1ea5p li\u1ec7u c\u00f4ng nghi\u1ec7p\",\"isPartOf\":{\"@id\":\"https:\/\/swoer.vn\/#website\"},\"primaryImageOfPage\":{\"@id\":\"https:\/\/swoer.vn\/manufacturer\/pheu-cap-lieu-tuyen-tinh-luu-tru\/#primaryimage\"},\"image\":{\"@id\":\"https:\/\/swoer.vn\/manufacturer\/pheu-cap-lieu-tuyen-tinh-luu-tru\/#primaryimage\"},\"thumbnailUrl\":\"https:\/\/swoer.vn\/wp-content\/uploads\/2025\/02\/Pheu-cap-lieu-tuyen-tinh-luu-tru.webp\",\"datePublished\":\"2025-02-24T07:59:09+00:00\",\"dateModified\":\"2025-02-25T05:57:06+00:00\",\"description\":\"Kh\u00e1m ph\u00e1 ph\u1ec5u c\u1ea5p li\u1ec7u tuy\u1ebfn t\u00ednh l\u01b0u tr\u1eef, gi\u1ea3i ph\u00e1p hi\u1ec7u qu\u1ea3 cho h\u1ec7 th\u1ed1ng t\u1ef1 \u0111\u1ed9ng, ti\u1ebft ki\u1ec7m kh\u00f4ng gian v\u00e0 n\u00e2ng cao n\u0103ng su\u1ea5t s\u1ea3n xu\u1ea5t.\",\"breadcrumb\":{\"@id\":\"https:\/\/swoer.vn\/manufacturer\/pheu-cap-lieu-tuyen-tinh-luu-tru\/#breadcrumb\"},\"inLanguage\":\"ms-MY\",\"potentialAction\":[{\"@type\":\"ReadAction\",\"target\":[\"https:\/\/swoer.vn\/manufacturer\/pheu-cap-lieu-tuyen-tinh-luu-tru\/\"]}]},{\"@type\":\"ImageObject\",\"inLanguage\":\"ms-MY\",\"@id\":\"https:\/\/swoer.vn\/manufacturer\/pheu-cap-lieu-tuyen-tinh-luu-tru\/#primaryimage\",\"url\":\"https:\/\/swoer.vn\/wp-content\/uploads\/2025\/02\/Pheu-cap-lieu-tuyen-tinh-luu-tru.webp\",\"contentUrl\":\"https:\/\/swoer.vn\/wp-content\/uploads\/2025\/02\/Pheu-cap-lieu-tuyen-tinh-luu-tru.webp\",\"width\":1000,\"height\":1000,\"caption\":\"Ph\u1ec5u c\u1ea5p li\u1ec7u tuy\u1ebfn t\u00ednh l\u01b0u tr\u1eef\"},{\"@type\":\"BreadcrumbList\",\"@id\":\"https:\/\/swoer.vn\/manufacturer\/pheu-cap-lieu-tuyen-tinh-luu-tru\/#breadcrumb\",\"itemListElement\":[{\"@type\":\"ListItem\",\"position\":1,\"name\":\"Home\",\"item\":\"https:\/\/swoer.vn\/\"},{\"@type\":\"ListItem\",\"position\":2,\"name\":\"S\u1ea3n ph\u1ea9m\",\"item\":\"https:\/\/swoer.vn\/shop\/\"},{\"@type\":\"ListItem\",\"position\":3,\"name\":\"Ph\u1ec5u c\u1ea5p li\u1ec7u tuy\u1ebfn t\u00ednh l\u01b0u tr\u1eef\"}]},{\"@type\":\"WebSite\",\"@id\":\"https:\/\/swoer.vn\/#website\",\"url\":\"https:\/\/swoer.vn\/\",\"name\":\"Nh\u00e0 s\u1ea3n xu\u1ea5t m\u00e1y c\u1ea5p li\u1ec7u c\u00f4ng nghi\u1ec7p\",\"description\":\"Nh\u00e0 cung c\u1ea5p robot, m\u00e1y c\u1ea5p li\u1ec7u linh ho\u1ea1t, m\u00e1y c\u1ea5p li\u1ec7u ly t\u00e2m, m\u00e1y c\u1ea5p li\u1ec7u rung t\u1ef1 \u0111\u1ed9ng\",\"potentialAction\":[{\"@type\":\"SearchAction\",\"target\":{\"@type\":\"EntryPoint\",\"urlTemplate\":\"https:\/\/swoer.vn\/?s={search_term_string}\"},\"query-input\":{\"@type\":\"PropertyValueSpecification\",\"valueRequired\":true,\"valueName\":\"search_term_string\"}}],\"inLanguage\":\"ms-MY\"}]}<\/script>\n<!-- \/ Yoast SEO plugin. -->","yoast_head_json":{"title":"Hopper Suapan Penyimpanan Linear - Pengilang Pengilang Pengumpan Perindustrian","description":"Temui corong storan linear, penyelesaian yang cekap untuk sistem automatik, menjimatkan ruang dan meningkatkan produktiviti pengeluaran.","robots":{"index":"index","follow":"follow","max-snippet":"max-snippet:-1","max-image-preview":"max-image-preview:large","max-video-preview":"max-video-preview:-1"},"canonical":"https:\/\/swoer.vn\/ms\/manufacturer\/pheu-cap-lieu-tuyen-tinh-luu-tru\/","og_locale":"ms_MY","og_type":"article","og_title":"Ph\u1ec5u c\u1ea5p li\u1ec7u tuy\u1ebfn t\u00ednh l\u01b0u tr\u1eef - Nh\u00e0 s\u1ea3n xu\u1ea5t m\u00e1y c\u1ea5p li\u1ec7u c\u00f4ng nghi\u1ec7p","og_description":"Kh\u00e1m ph\u00e1 ph\u1ec5u c\u1ea5p li\u1ec7u tuy\u1ebfn t\u00ednh l\u01b0u tr\u1eef, gi\u1ea3i ph\u00e1p hi\u1ec7u qu\u1ea3 cho h\u1ec7 th\u1ed1ng t\u1ef1 \u0111\u1ed9ng, ti\u1ebft ki\u1ec7m kh\u00f4ng gian v\u00e0 n\u00e2ng cao n\u0103ng su\u1ea5t s\u1ea3n xu\u1ea5t.","og_url":"https:\/\/swoer.vn\/ms\/manufacturer\/pheu-cap-lieu-tuyen-tinh-luu-tru\/","og_site_name":"Nh\u00e0 s\u1ea3n xu\u1ea5t m\u00e1y c\u1ea5p li\u1ec7u c\u00f4ng nghi\u1ec7p","article_modified_time":"2025-02-25T05:57:06+00:00","og_image":[{"width":1000,"height":1000,"url":"https:\/\/swoer.vn\/wp-content\/uploads\/2025\/02\/Pheu-cap-lieu-tuyen-tinh-luu-tru.webp","type":"image\/webp"}],"twitter_card":"summary_large_image","twitter_misc":{"Est. reading time":"2 minit"},"schema":{"@context":"https:\/\/schema.org","@graph":[{"@type":"WebPage","@id":"https:\/\/swoer.vn\/manufacturer\/pheu-cap-lieu-tuyen-tinh-luu-tru\/","url":"https:\/\/swoer.vn\/manufacturer\/pheu-cap-lieu-tuyen-tinh-luu-tru\/","name":"Hopper Suapan Penyimpanan Linear - Pengilang Pengilang Pengumpan Perindustrian","isPartOf":{"@id":"https:\/\/swoer.vn\/#website"},"primaryImageOfPage":{"@id":"https:\/\/swoer.vn\/manufacturer\/pheu-cap-lieu-tuyen-tinh-luu-tru\/#primaryimage"},"image":{"@id":"https:\/\/swoer.vn\/manufacturer\/pheu-cap-lieu-tuyen-tinh-luu-tru\/#primaryimage"},"thumbnailUrl":"https:\/\/swoer.vn\/wp-content\/uploads\/2025\/02\/Pheu-cap-lieu-tuyen-tinh-luu-tru.webp","datePublished":"2025-02-24T07:59:09+00:00","dateModified":"2025-02-25T05:57:06+00:00","description":"Temui corong storan linear, penyelesaian yang cekap untuk sistem automatik, menjimatkan ruang dan meningkatkan produktiviti pengeluaran.","breadcrumb":{"@id":"https:\/\/swoer.vn\/manufacturer\/pheu-cap-lieu-tuyen-tinh-luu-tru\/#breadcrumb"},"inLanguage":"ms-MY","potentialAction":[{"@type":"ReadAction","target":["https:\/\/swoer.vn\/manufacturer\/pheu-cap-lieu-tuyen-tinh-luu-tru\/"]}]},{"@type":"ImageObject","inLanguage":"ms-MY","@id":"https:\/\/swoer.vn\/manufacturer\/pheu-cap-lieu-tuyen-tinh-luu-tru\/#primaryimage","url":"https:\/\/swoer.vn\/wp-content\/uploads\/2025\/02\/Pheu-cap-lieu-tuyen-tinh-luu-tru.webp","contentUrl":"https:\/\/swoer.vn\/wp-content\/uploads\/2025\/02\/Pheu-cap-lieu-tuyen-tinh-luu-tru.webp","width":1000,"height":1000,"caption":"Ph\u1ec5u c\u1ea5p li\u1ec7u tuy\u1ebfn t\u00ednh l\u01b0u tr\u1eef"},{"@type":"BreadcrumbList","@id":"https:\/\/swoer.vn\/manufacturer\/pheu-cap-lieu-tuyen-tinh-luu-tru\/#breadcrumb","itemListElement":[{"@type":"ListItem","position":1,"name":"Home","item":"https:\/\/swoer.vn\/"},{"@type":"ListItem","position":2,"name":"S\u1ea3n ph\u1ea9m","item":"https:\/\/swoer.vn\/shop\/"},{"@type":"ListItem","position":3,"name":"Ph\u1ec5u c\u1ea5p li\u1ec7u tuy\u1ebfn t\u00ednh l\u01b0u tr\u1eef"}]},{"@type":"WebSite","@id":"https:\/\/swoer.vn\/#website","url":"https:\/\/swoer.vn\/","name":"Pengeluar Pengumpan Perindustrian","description":"Pembekal robot, penyuap fleksibel, penyuap emparan, penyuap bergetar automatik","potentialAction":[{"@type":"SearchAction","target":{"@type":"EntryPoint","urlTemplate":"https:\/\/swoer.vn\/?s={search_term_string}"},"query-input":{"@type":"PropertyValueSpecification","valueRequired":true,"valueName":"search_term_string"}}],"inLanguage":"ms-MY"}]}},"_links":{"self":[{"href":"https:\/\/swoer.vn\/ms\/wp-json\/wp\/v2\/product\/1781","targetHints":{"allow":["GET"]}}],"collection":[{"href":"https:\/\/swoer.vn\/ms\/wp-json\/wp\/v2\/product"}],"about":[{"href":"https:\/\/swoer.vn\/ms\/wp-json\/wp\/v2\/types\/product"}],"replies":[{"embeddable":true,"href":"https:\/\/swoer.vn\/ms\/wp-json\/wp\/v2\/comments?post=1781"}],"wp:featuredmedia":[{"embeddable":true,"href":"https:\/\/swoer.vn\/ms\/wp-json\/wp\/v2\/media\/1782"}],"wp:attachment":[{"href":"https:\/\/swoer.vn\/ms\/wp-json\/wp\/v2\/media?parent=1781"}],"wp:term":[{"taxonomy":"product_brand","embeddable":true,"href":"https:\/\/swoer.vn\/ms\/wp-json\/wp\/v2\/product_brand?post=1781"},{"taxonomy":"product_cat","embeddable":true,"href":"https:\/\/swoer.vn\/ms\/wp-json\/wp\/v2\/product_cat?post=1781"},{"taxonomy":"product_tag","embeddable":true,"href":"https:\/\/swoer.vn\/ms\/wp-json\/wp\/v2\/product_tag?post=1781"}],"curies":[{"name":"wp","href":"https:\/\/api.w.org\/{rel}","templated":true}]}}