{"id":1770,"date":"2025-02-24T13:49:18","date_gmt":"2025-02-24T06:49:18","guid":{"rendered":"https:\/\/swoer.vn\/?post_type=product&#038;p=1770"},"modified":"2025-02-24T14:51:14","modified_gmt":"2025-02-24T07:51:14","slug":"may-cap-lieu-bac-thang-rung","status":"publish","type":"product","link":"https:\/\/swoer.vn\/ms\/manufacturer\/may-cap-lieu-bac-thang-rung\/","title":{"rendered":"Pengumpan Tangga Bergetar"},"content":{"rendered":"<h2>Sistem penyusuan tangga dengan penyuap bergetar<\/h2>\n<ul>\n<li><strong>Reka bentuk yang cekap dan boleh dipercayai<\/strong><\/li>\n<\/ul>\n<p>Penyumpan tangga mempunyai reka bentuk yang ringkas namun cekap, mampu mengangkat dan menghantar bahagian ke lokasi yang dikehendaki dengan tepat. Ini memastikan lebih sedikit ralat dan meningkatkan produktiviti keseluruhan.<\/p>\n<ul>\n<li><strong>Keserasian lancar dengan penyuap bergetar<\/strong><\/li>\n<\/ul>\n<p>Pengumpan ini direka bentuk untuk berfungsi dengan sempurna dengan penyuap bergetar, memastikan operasi lancar dan penyepaduan mudah ke dalam pelbagai persekitaran pengeluaran.<\/p>\n<ul>\n<li><strong>Fleksibiliti untuk pelbagai aplikasi<\/strong><\/li>\n<\/ul>\n<p>Sama ada memproses bahagian yang kecil, kompleks atau komponen yang lebih besar, Step Feeder boleh disesuaikan untuk memenuhi keperluan khusus industri yang berbeza.<\/p>\n<ul>\n<li><strong>Mengurangkan penggunaan bunyi dan tenaga<\/strong><\/li>\n<\/ul>\n<p>Berbanding dengan sistem penyusuan tradisional, Penyumpan Langkah beroperasi dengan lebih senyap dan cekap tenaga, menjadikannya ideal untuk persekitaran dengan piawaian bunyi dan tenaga yang ketat.<\/p>\n<ul>\n<li><strong>Tahan lama dan mudah dijaga<\/strong><\/li>\n<\/ul>\n<p>Dibina daripada bahan berkualiti tinggi, Step Feeder menampilkan ketahanan tinggi dan reka bentuk ringkas, memastikan penyelenggaraan mudah dan mengurangkan kos operasi jangka panjang.<\/p>","protected":false},"excerpt":{"rendered":"<p>Pengumpan langkah menggabungkan kecekapan dan ketepatan untuk penyusuan automatik. Direka bentuk untuk berfungsi dengan lancar dengan penyuap bergetar, memastikan operasi lancar dan kebolehsuaian kepada pelbagai aplikasi.<\/p>","protected":false},"featured_media":1771,"comment_status":"open","ping_status":"closed","template":"","meta":[],"product_brand":[],"product_cat":[37],"product_tag":[40,38,41],"class_list":{"0":"post-1770","1":"product","2":"type-product","3":"status-publish","4":"has-post-thumbnail","6":"product_cat-may-cap-lieu-dang-bac-thang","7":"product_tag-bang-tai-rung-bac-thang","8":"product_tag-bat-rung-bac-thang","9":"product_tag-may-cap-lieu-bac-thang-rung","11":"first","12":"instock","13":"shipping-taxable","14":"product-type-simple"},"yoast_head":"<!-- This site is optimized with the Yoast SEO plugin v26.0 - https:\/\/yoast.com\/wordpress\/plugins\/seo\/ -->\n<title>M\u00e1y c\u1ea5p li\u1ec7u b\u1eadc thang rung - Nh\u00e0 s\u1ea3n xu\u1ea5t m\u00e1y c\u1ea5p li\u1ec7u c\u00f4ng nghi\u1ec7p<\/title>\n<meta name=\"description\" content=\"Gi\u1ea3i ph\u00e1p t\u1ef1 \u0111\u1ed9ng h\u00f3a c\u1ea5p ph\u00f4i ch\u00ednh x\u00e1c, v\u1eadn h\u00e0nh \u00eam \u00e1i (&lt;65dB). T\u0103ng 25% hi\u1ec7u su\u1ea5t, ti\u1ebft ki\u1ec7m chi ph\u00ed. \u1ee8ng d\u1ee5ng ngay cho ng\u00e0nh c\u01a1 kh\u00ed, \u0111i\u1ec7n t\u1eed, \u00f4 t\u00f4!\" \/>\n<meta name=\"robots\" content=\"index, follow, max-snippet:-1, max-image-preview:large, max-video-preview:-1\" \/>\n<link rel=\"canonical\" href=\"https:\/\/swoer.vn\/ms\/manufacturer\/may-cap-lieu-bac-thang-rung\/\" \/>\n<meta property=\"og:locale\" content=\"ms_MY\" \/>\n<meta property=\"og:type\" content=\"article\" \/>\n<meta property=\"og:title\" content=\"M\u00e1y c\u1ea5p li\u1ec7u b\u1eadc thang rung - Nh\u00e0 s\u1ea3n xu\u1ea5t m\u00e1y c\u1ea5p li\u1ec7u c\u00f4ng nghi\u1ec7p\" \/>\n<meta property=\"og:description\" content=\"Gi\u1ea3i ph\u00e1p t\u1ef1 \u0111\u1ed9ng h\u00f3a c\u1ea5p ph\u00f4i ch\u00ednh x\u00e1c, v\u1eadn h\u00e0nh \u00eam \u00e1i (&lt;65dB). T\u0103ng 25% hi\u1ec7u su\u1ea5t, ti\u1ebft ki\u1ec7m chi ph\u00ed. \u1ee8ng d\u1ee5ng ngay cho ng\u00e0nh c\u01a1 kh\u00ed, \u0111i\u1ec7n t\u1eed, \u00f4 t\u00f4!\" \/>\n<meta property=\"og:url\" content=\"https:\/\/swoer.vn\/ms\/manufacturer\/may-cap-lieu-bac-thang-rung\/\" \/>\n<meta property=\"og:site_name\" content=\"Nh\u00e0 s\u1ea3n xu\u1ea5t m\u00e1y c\u1ea5p li\u1ec7u c\u00f4ng nghi\u1ec7p\" \/>\n<meta property=\"article:modified_time\" content=\"2025-02-24T07:51:14+00:00\" \/>\n<meta property=\"og:image\" content=\"https:\/\/swoer.vn\/wp-content\/uploads\/2025\/02\/May-cap-lieu-bac-thang-rung.webp\" \/>\n\t<meta property=\"og:image:width\" content=\"1000\" \/>\n\t<meta property=\"og:image:height\" content=\"1000\" \/>\n\t<meta property=\"og:image:type\" content=\"image\/webp\" \/>\n<meta name=\"twitter:card\" content=\"summary_large_image\" \/>\n<meta name=\"twitter:label1\" content=\"Est. reading time\" \/>\n\t<meta name=\"twitter:data1\" content=\"2 minit\" \/>\n<script type=\"application\/ld+json\" class=\"yoast-schema-graph\">{\"@context\":\"https:\/\/schema.org\",\"@graph\":[{\"@type\":\"WebPage\",\"@id\":\"https:\/\/swoer.vn\/manufacturer\/may-cap-lieu-bac-thang-rung\/\",\"url\":\"https:\/\/swoer.vn\/manufacturer\/may-cap-lieu-bac-thang-rung\/\",\"name\":\"M\u00e1y c\u1ea5p li\u1ec7u b\u1eadc thang rung - Nh\u00e0 s\u1ea3n xu\u1ea5t m\u00e1y c\u1ea5p li\u1ec7u c\u00f4ng nghi\u1ec7p\",\"isPartOf\":{\"@id\":\"https:\/\/swoer.vn\/#website\"},\"primaryImageOfPage\":{\"@id\":\"https:\/\/swoer.vn\/manufacturer\/may-cap-lieu-bac-thang-rung\/#primaryimage\"},\"image\":{\"@id\":\"https:\/\/swoer.vn\/manufacturer\/may-cap-lieu-bac-thang-rung\/#primaryimage\"},\"thumbnailUrl\":\"https:\/\/swoer.vn\/wp-content\/uploads\/2025\/02\/May-cap-lieu-bac-thang-rung.webp\",\"datePublished\":\"2025-02-24T06:49:18+00:00\",\"dateModified\":\"2025-02-24T07:51:14+00:00\",\"description\":\"Gi\u1ea3i ph\u00e1p t\u1ef1 \u0111\u1ed9ng h\u00f3a c\u1ea5p ph\u00f4i ch\u00ednh x\u00e1c, v\u1eadn h\u00e0nh \u00eam \u00e1i (&lt;65dB). T\u0103ng 25% hi\u1ec7u su\u1ea5t, ti\u1ebft ki\u1ec7m chi ph\u00ed. \u1ee8ng d\u1ee5ng ngay cho ng\u00e0nh c\u01a1 kh\u00ed, \u0111i\u1ec7n t\u1eed, \u00f4 t\u00f4!\",\"breadcrumb\":{\"@id\":\"https:\/\/swoer.vn\/manufacturer\/may-cap-lieu-bac-thang-rung\/#breadcrumb\"},\"inLanguage\":\"ms-MY\",\"potentialAction\":[{\"@type\":\"ReadAction\",\"target\":[\"https:\/\/swoer.vn\/manufacturer\/may-cap-lieu-bac-thang-rung\/\"]}]},{\"@type\":\"ImageObject\",\"inLanguage\":\"ms-MY\",\"@id\":\"https:\/\/swoer.vn\/manufacturer\/may-cap-lieu-bac-thang-rung\/#primaryimage\",\"url\":\"https:\/\/swoer.vn\/wp-content\/uploads\/2025\/02\/May-cap-lieu-bac-thang-rung.webp\",\"contentUrl\":\"https:\/\/swoer.vn\/wp-content\/uploads\/2025\/02\/May-cap-lieu-bac-thang-rung.webp\",\"width\":1000,\"height\":1000,\"caption\":\"M\u00e1y c\u1ea5p li\u1ec7u b\u1eadc thang rung\"},{\"@type\":\"BreadcrumbList\",\"@id\":\"https:\/\/swoer.vn\/manufacturer\/may-cap-lieu-bac-thang-rung\/#breadcrumb\",\"itemListElement\":[{\"@type\":\"ListItem\",\"position\":1,\"name\":\"Home\",\"item\":\"https:\/\/swoer.vn\/\"},{\"@type\":\"ListItem\",\"position\":2,\"name\":\"S\u1ea3n ph\u1ea9m\",\"item\":\"https:\/\/swoer.vn\/shop\/\"},{\"@type\":\"ListItem\",\"position\":3,\"name\":\"M\u00e1y c\u1ea5p li\u1ec7u b\u1eadc thang rung\"}]},{\"@type\":\"WebSite\",\"@id\":\"https:\/\/swoer.vn\/#website\",\"url\":\"https:\/\/swoer.vn\/\",\"name\":\"Nh\u00e0 s\u1ea3n xu\u1ea5t m\u00e1y c\u1ea5p li\u1ec7u c\u00f4ng nghi\u1ec7p\",\"description\":\"Nh\u00e0 cung c\u1ea5p robot, m\u00e1y c\u1ea5p li\u1ec7u linh ho\u1ea1t, m\u00e1y c\u1ea5p li\u1ec7u ly t\u00e2m, m\u00e1y c\u1ea5p li\u1ec7u rung t\u1ef1 \u0111\u1ed9ng\",\"potentialAction\":[{\"@type\":\"SearchAction\",\"target\":{\"@type\":\"EntryPoint\",\"urlTemplate\":\"https:\/\/swoer.vn\/?s={search_term_string}\"},\"query-input\":{\"@type\":\"PropertyValueSpecification\",\"valueRequired\":true,\"valueName\":\"search_term_string\"}}],\"inLanguage\":\"ms-MY\"}]}<\/script>\n<!-- \/ Yoast SEO plugin. -->","yoast_head_json":{"title":"Pengumpan Tangga Bergetar - Pengeluar Pengilang Industri","description":"Penyelesaian suapan automatik yang tepat dan senyap (&lt;65dB). 25% meningkatkan prestasi, menjimatkan kos. Mohon sekarang untuk industri mekanikal, elektronik dan automotif!","robots":{"index":"index","follow":"follow","max-snippet":"max-snippet:-1","max-image-preview":"max-image-preview:large","max-video-preview":"max-video-preview:-1"},"canonical":"https:\/\/swoer.vn\/ms\/manufacturer\/may-cap-lieu-bac-thang-rung\/","og_locale":"ms_MY","og_type":"article","og_title":"M\u00e1y c\u1ea5p li\u1ec7u b\u1eadc thang rung - Nh\u00e0 s\u1ea3n xu\u1ea5t m\u00e1y c\u1ea5p li\u1ec7u c\u00f4ng nghi\u1ec7p","og_description":"Gi\u1ea3i ph\u00e1p t\u1ef1 \u0111\u1ed9ng h\u00f3a c\u1ea5p ph\u00f4i ch\u00ednh x\u00e1c, v\u1eadn h\u00e0nh \u00eam \u00e1i (&lt;65dB). T\u0103ng 25% hi\u1ec7u su\u1ea5t, ti\u1ebft ki\u1ec7m chi ph\u00ed. \u1ee8ng d\u1ee5ng ngay cho ng\u00e0nh c\u01a1 kh\u00ed, \u0111i\u1ec7n t\u1eed, \u00f4 t\u00f4!","og_url":"https:\/\/swoer.vn\/ms\/manufacturer\/may-cap-lieu-bac-thang-rung\/","og_site_name":"Nh\u00e0 s\u1ea3n xu\u1ea5t m\u00e1y c\u1ea5p li\u1ec7u c\u00f4ng nghi\u1ec7p","article_modified_time":"2025-02-24T07:51:14+00:00","og_image":[{"width":1000,"height":1000,"url":"https:\/\/swoer.vn\/wp-content\/uploads\/2025\/02\/May-cap-lieu-bac-thang-rung.webp","type":"image\/webp"}],"twitter_card":"summary_large_image","twitter_misc":{"Est. reading time":"2 minit"},"schema":{"@context":"https:\/\/schema.org","@graph":[{"@type":"WebPage","@id":"https:\/\/swoer.vn\/manufacturer\/may-cap-lieu-bac-thang-rung\/","url":"https:\/\/swoer.vn\/manufacturer\/may-cap-lieu-bac-thang-rung\/","name":"Pengumpan Tangga Bergetar - Pengeluar Pengilang Industri","isPartOf":{"@id":"https:\/\/swoer.vn\/#website"},"primaryImageOfPage":{"@id":"https:\/\/swoer.vn\/manufacturer\/may-cap-lieu-bac-thang-rung\/#primaryimage"},"image":{"@id":"https:\/\/swoer.vn\/manufacturer\/may-cap-lieu-bac-thang-rung\/#primaryimage"},"thumbnailUrl":"https:\/\/swoer.vn\/wp-content\/uploads\/2025\/02\/May-cap-lieu-bac-thang-rung.webp","datePublished":"2025-02-24T06:49:18+00:00","dateModified":"2025-02-24T07:51:14+00:00","description":"Penyelesaian suapan automatik yang tepat dan senyap (&lt;65dB). 25% meningkatkan prestasi, menjimatkan kos. Mohon sekarang untuk industri mekanikal, elektronik dan automotif!","breadcrumb":{"@id":"https:\/\/swoer.vn\/manufacturer\/may-cap-lieu-bac-thang-rung\/#breadcrumb"},"inLanguage":"ms-MY","potentialAction":[{"@type":"ReadAction","target":["https:\/\/swoer.vn\/manufacturer\/may-cap-lieu-bac-thang-rung\/"]}]},{"@type":"ImageObject","inLanguage":"ms-MY","@id":"https:\/\/swoer.vn\/manufacturer\/may-cap-lieu-bac-thang-rung\/#primaryimage","url":"https:\/\/swoer.vn\/wp-content\/uploads\/2025\/02\/May-cap-lieu-bac-thang-rung.webp","contentUrl":"https:\/\/swoer.vn\/wp-content\/uploads\/2025\/02\/May-cap-lieu-bac-thang-rung.webp","width":1000,"height":1000,"caption":"M\u00e1y c\u1ea5p li\u1ec7u b\u1eadc thang rung"},{"@type":"BreadcrumbList","@id":"https:\/\/swoer.vn\/manufacturer\/may-cap-lieu-bac-thang-rung\/#breadcrumb","itemListElement":[{"@type":"ListItem","position":1,"name":"Home","item":"https:\/\/swoer.vn\/"},{"@type":"ListItem","position":2,"name":"S\u1ea3n ph\u1ea9m","item":"https:\/\/swoer.vn\/shop\/"},{"@type":"ListItem","position":3,"name":"M\u00e1y c\u1ea5p li\u1ec7u b\u1eadc thang rung"}]},{"@type":"WebSite","@id":"https:\/\/swoer.vn\/#website","url":"https:\/\/swoer.vn\/","name":"Pengeluar Pengumpan Perindustrian","description":"Pembekal robot, penyuap fleksibel, penyuap emparan, penyuap bergetar automatik","potentialAction":[{"@type":"SearchAction","target":{"@type":"EntryPoint","urlTemplate":"https:\/\/swoer.vn\/?s={search_term_string}"},"query-input":{"@type":"PropertyValueSpecification","valueRequired":true,"valueName":"search_term_string"}}],"inLanguage":"ms-MY"}]}},"_links":{"self":[{"href":"https:\/\/swoer.vn\/ms\/wp-json\/wp\/v2\/product\/1770","targetHints":{"allow":["GET"]}}],"collection":[{"href":"https:\/\/swoer.vn\/ms\/wp-json\/wp\/v2\/product"}],"about":[{"href":"https:\/\/swoer.vn\/ms\/wp-json\/wp\/v2\/types\/product"}],"replies":[{"embeddable":true,"href":"https:\/\/swoer.vn\/ms\/wp-json\/wp\/v2\/comments?post=1770"}],"wp:featuredmedia":[{"embeddable":true,"href":"https:\/\/swoer.vn\/ms\/wp-json\/wp\/v2\/media\/1771"}],"wp:attachment":[{"href":"https:\/\/swoer.vn\/ms\/wp-json\/wp\/v2\/media?parent=1770"}],"wp:term":[{"taxonomy":"product_brand","embeddable":true,"href":"https:\/\/swoer.vn\/ms\/wp-json\/wp\/v2\/product_brand?post=1770"},{"taxonomy":"product_cat","embeddable":true,"href":"https:\/\/swoer.vn\/ms\/wp-json\/wp\/v2\/product_cat?post=1770"},{"taxonomy":"product_tag","embeddable":true,"href":"https:\/\/swoer.vn\/ms\/wp-json\/wp\/v2\/product_tag?post=1770"}],"curies":[{"name":"wp","href":"https:\/\/api.w.org\/{rel}","templated":true}]}}