{"id":8383,"date":"2026-04-17T13:54:27","date_gmt":"2026-04-17T06:54:27","guid":{"rendered":"https:\/\/swoer.vn\/?post_type=product&#038;p=8383"},"modified":"2026-04-17T13:54:27","modified_gmt":"2026-04-17T06:54:27","slug":"bo-cap-lieu-rung-tich-hop-camera","status":"publish","type":"product","link":"https:\/\/swoer.vn\/ko\/manufacturer\/bo-cap-lieu-rung-tich-hop-camera\/","title":{"rendered":"B\u1ed9 c\u1ea5p li\u1ec7u rung t\u00edch h\u1ee3p camera"},"content":{"rendered":"<h2><span style=\"font-weight: 400;\">\u01afu \u0111i\u1ec3m c\u1ee7a B\u1ed9 c\u1ea5p li\u1ec7u rung t\u00edch h\u1ee3p camera<\/span><\/h2>\n<p><span style=\"font-weight: 400;\">Vi\u1ec7c t\u00edch h\u1ee3p h\u1ec7 th\u1ed1ng Vision v\u00e0o ph\u1ec5u rung gi\u00fap bi\u1ebfn m\u1ed9t thi\u1ebft b\u1ecb ph\u00e2n lo\u1ea1i c\u01a1 kh\u00ed \u0111\u01a1n gi\u1ea3n th\u00e0nh m\u1ed9t h\u1ec7 th\u1ed1ng ki\u1ec3m tra v\u00e0 \u0111\u1ecbnh v\u1ecb th\u00f4ng minh. D\u01b0\u1edbi \u0111\u00e2y l\u00e0 nh\u1eefng gi\u00e1 tr\u1ecb c\u1ed1t l\u00f5i m\u00e0 gi\u1ea3i ph\u00e1p n\u00e0y mang l\u1ea1i:<\/span><\/p>\n<h3><span style=\"font-weight: 400;\">Nh\u1eadn di\u1ec7n v\u00e0 \u0111\u1ecbnh h\u01b0\u1edbng ch\u00ednh x\u00e1c tuy\u1ec7t \u0111\u1ed1i<\/span><\/h3>\n<p><span style=\"font-weight: 400;\">H\u1ec7 th\u1ed1ng Camera ghi h\u00ecnh nhanh linh ki\u1ec7n ngay t\u1ea1i c\u1eeda x\u1ea3 c\u1ee7a ph\u1ec5u. Ph\u1ea7n m\u1ec1m x\u1eed l\u00fd h\u00ecnh \u1ea3nh s\u1ebd x\u00e1c \u0111\u1ecbnh ch\u00ednh x\u00e1c t\u01b0 th\u1ebf c\u1ee7a linh ki\u1ec7n (m\u1eb7t tr\u01b0\u1edbc\/sau, g\u00f3c \u0111\u1ed9, chi\u1ec1u xoay).<\/span><\/p>\n<ul>\n<li style=\"font-weight: 400;\" aria-level=\"1\"><b>\uc560\ud50c\ub9ac\ucf00\uc774\uc158:<\/b><span style=\"font-weight: 400;\"> Gi\u1ea3i quy\u1ebft tri\u1ec7t \u0111\u1ec3 c\u00e1c tr\u01b0\u1eddng h\u1ee3p linh ki\u1ec7n c\u00f3 \u0111\u1eb7c \u0111i\u1ec3m nh\u1eadn d\u1ea1ng qu\u00e1 gi\u1ed1ng nhau ho\u1eb7c y\u00eau c\u1ea7u \u0111\u1ecbnh h\u01b0\u1edbng kh\u1eaft khe m\u00e0 c\u00e1c b\u1ed9 l\u1ecdc c\u01a1 kh\u00ed kh\u00f4ng th\u1ec3 ph\u00e2n lo\u1ea1i ch\u00ednh x\u00e1c 100%.<\/span><\/li>\n<\/ul>\n<h2><span style=\"font-weight: 400;\">Ki\u1ec3m tra ch\u1ea5t l\u01b0\u1ee3ng v\u00e0 lo\u1ea1i b\u1ecf s\u1ea3n ph\u1ea9m l\u1ed7i (Real-time)<\/span><\/h2>\n<p><span style=\"font-weight: 400;\">H\u1ec7 th\u1ed1ng \u0111\u01b0\u1ee3c l\u1eadp tr\u00ecnh d\u1ef1a tr\u00ean c\u00e1c th\u00f4ng s\u1ed1 c\u1ee7a &#8220;s\u1ea3n ph\u1ea9m m\u1eabu&#8221; chu\u1ea9n (k\u00edch th\u01b0\u1edbc, h\u00ecnh d\u1ea1ng, m\u00e0u s\u1eafc). Khi linh ki\u1ec7n \u0111i qua, h\u1ec7 th\u1ed1ng s\u1ebd so s\u00e1nh ngay l\u1eadp t\u1ee9c \u0111\u1ec3 ph\u00e1t hi\u1ec7n:<\/span><\/p>\n<ul>\n<li style=\"font-weight: 400;\" aria-level=\"1\"><b>L\u1ed7i k\u00edch th\u01b0\u1edbc:<\/b><span style=\"font-weight: 400;\"> S\u1ea3n ph\u1ea9m qu\u00e1 l\u1edbn, qu\u00e1 nh\u1ecf ho\u1eb7c c\u00f3 bavia.<\/span><\/li>\n<li style=\"font-weight: 400;\" aria-level=\"1\"><b>L\u1ed7i ngo\u1ea1i quan:<\/b><span style=\"font-weight: 400;\"> V\u1ebft tr\u1ea7y x\u01b0\u1edbc, m\u00f3p m\u00e9o, v\u1ebft r\u1ec9 s\u00e9t ho\u1eb7c nhi\u1ec5m b\u1ea9n.<\/span><\/li>\n<li style=\"font-weight: 400;\" aria-level=\"1\"><b>L\u1ed7i l\u1eafp r\u00e1p:<\/b><span style=\"font-weight: 400;\"> Thi\u1ebfu chi ti\u1ebft (v\u00ed d\u1ee5: v\u00edt thi\u1ebfu v\u00f2ng \u0111\u1ec7m) ho\u1eb7c l\u1ed7i \u0111\u00fac nh\u1ef1a kh\u00f4ng \u0111\u1ea7y.<\/span><\/li>\n<li style=\"font-weight: 400;\" aria-level=\"1\"><b>L\u1eabn lo\u1ea1i:<\/b><span style=\"font-weight: 400;\"> Ph\u00e1t hi\u1ec7n c\u00e1c linh ki\u1ec7n kh\u00e1c model b\u1ecb tr\u1ed9n l\u1eabn.<\/span><\/li>\n<li style=\"font-weight: 400;\" aria-level=\"1\"><b>H\u00e0nh \u0111\u1ed9ng:<\/b><span style=\"font-weight: 400;\"> Khi ph\u00e1t hi\u1ec7n l\u1ed7i, h\u1ec7 th\u1ed1ng k\u00edch ho\u1ea1t thi\u1ebft b\u1ecb lo\u1ea1i b\u1ecf (v\u00f2i th\u1ed5i kh\u00ed ho\u1eb7c c\u1ea7n \u0111\u1ea9y) \u0111\u1ec3 \u0111\u01b0a s\u1ea3n ph\u1ea9m l\u1ed7i ra kh\u1ecfi d\u00e2y chuy\u1ec1n ngay l\u1eadp t\u1ee9c.<\/span><\/li>\n<\/ul>\n<h2><span style=\"font-weight: 400;\">\u0110\u1ecbnh v\u1ecb ch\u00ednh x\u00e1c cho Robot g\u1eafp ph\u00f4i (Robot Picking)<\/span><\/h2>\n<p><span style=\"font-weight: 400;\">\u0110\u00e2y l\u00e0 \u1ee9ng d\u1ee5ng ti\u00ean ti\u1ebfn nh\u1ea5t. Camera kh\u00f4ng ch\u1ec9 nh\u1eadn di\u1ec7n h\u01b0\u1edbng m\u00e0 c\u00f2n t\u00ednh to\u00e1n t\u1ecda \u0111\u1ed9 ch\u00ednh x\u00e1c (X, Y) v\u00e0 g\u00f3c quay (\u03b8). D\u1eef li\u1ec7u n\u00e0y \u0111\u01b0\u1ee3c g\u1eedi tr\u1ef1c ti\u1ebfp \u0111\u1ebfn c\u00e1nh tay Robot theo th\u1eddi gian th\u1ef1c.<\/span><\/p>\n<ul>\n<li style=\"font-weight: 400;\" aria-level=\"1\"><b>\uc560\ud50c\ub9ac\ucf00\uc774\uc158:<\/b><span style=\"font-weight: 400;\"> Lo\u1ea1i b\u1ecf ho\u00e0n to\u00e0n t\u00ecnh tr\u1ea1ng &#8220;g\u1eafp m\u00f9&#8221; c\u1ee7a Robot, gi\u00fap vi\u1ec7c g\u1eafp v\u00e0 \u0111\u1eb7t linh ki\u1ec7n \u0111\u1ea1t \u0111\u1ed9 ch\u00ednh x\u00e1c t\u1ed1i \u0111a, n\u00e2ng cao \u0111\u1ed9 tin c\u1eady c\u1ee7a to\u00e0n b\u1ed9 h\u1ec7 th\u1ed1ng l\u1eafp r\u00e1p t\u1ef1 \u0111\u1ed9ng.<\/span><\/li>\n<\/ul>\n<h2><span style=\"font-weight: 400;\">Ghi ch\u00e9p d\u1eef li\u1ec7u v\u00e0 Truy xu\u1ea5t ngu\u1ed3n g\u1ed1c<\/span><\/h2>\n<p><span style=\"font-weight: 400;\">H\u1ec7 th\u1ed1ng c\u00f3 kh\u1ea3 n\u0103ng l\u01b0u tr\u1eef s\u1ed1 l\u01b0\u1ee3ng s\u1ea3n ph\u1ea9m \u0111\u1ea1t, s\u1ed1 l\u01b0\u1ee3ng l\u1ed7i v\u00e0 ph\u00e2n lo\u1ea1i c\u00e1c ki\u1ec3u l\u1ed7i th\u01b0\u1eddng g\u1eb7p.<\/span><\/p>\n<ul>\n<li style=\"font-weight: 400;\" aria-level=\"1\"><b>\ud61c\ud0dd:<\/b><span style=\"font-weight: 400;\"> Cung c\u1ea5p d\u1eef li\u1ec7u qu\u00fd gi\u00e1 cho qu\u1ea3n l\u00fd s\u1ea3n xu\u1ea5t \u0111\u1ec3 c\u1ea3i ti\u1ebfn quy tr\u00ecnh v\u00e0 \u0111\u1ea3m b\u1ea3o kh\u1ea3 n\u0103ng truy xu\u1ea5t ngu\u1ed3n g\u1ed1c ch\u1ea5t l\u01b0\u1ee3ng s\u1ea3n ph\u1ea9m.<\/span><\/li>\n<\/ul>\n<h2><span style=\"font-weight: 400;\">L\u1ee3i \u00edch h\u1ec7 th\u1ed1ng Vision<\/span><\/h2>\n<table>\n<tbody>\n<tr>\n<td><b>\ud2b9\uc9d5<\/b><\/td>\n<td><b>L\u1ee3i \u00edch cho nh\u00e0 m\u00e1y<\/b><\/td>\n<\/tr>\n<tr>\n<td><b>Nh\u1eadn di\u1ec7n h\u00ecnh \u1ea3nh<\/b><\/td>\n<td><span style=\"font-weight: 400;\">\u0110\u1ecbnh h\u01b0\u1edbng \u0111\u00fang 100%, k\u1ec3 c\u1ea3 linh ki\u1ec7n ph\u1ee9c t\u1ea1p.<\/span><\/td>\n<\/tr>\n<tr>\n<td><b>\ud488\uc9c8 \uad00\ub9ac<\/b><\/td>\n<td><span style=\"font-weight: 400;\">Lo\u1ea1i b\u1ecf s\u1ea3n ph\u1ea9m l\u1ed7i ngay t\u1eeb \u0111\u1ea7u ngu\u1ed3n.<\/span><\/td>\n<\/tr>\n<tr>\n<td><b>Giao ti\u1ebfp Robot<\/b><\/td>\n<td><span style=\"font-weight: 400;\">H\u1ed7 tr\u1ee3 Robot g\u1eafp ph\u00f4i ch\u00ednh x\u00e1c, gi\u1ea3m t\u1ef7 l\u1ec7 r\u01a1i h\u1ecfng.<\/span><\/td>\n<\/tr>\n<tr>\n<td><b>S\u1ed1 h\u00f3a d\u1eef li\u1ec7u<\/b><\/td>\n<td><span style=\"font-weight: 400;\">Theo d\u00f5i n\u0103ng su\u1ea5t v\u00e0 t\u1ef7 l\u1ec7 l\u1ed7i theo th\u1eddi gian th\u1ef1c.<\/span><\/td>\n<\/tr>\n<\/tbody>\n<\/table>\n<h2><span style=\"font-weight: 400;\">T\u1ea1i sao n\u00ean ch\u1ecdn gi\u1ea3i ph\u00e1p Vision t\u1eeb SWOER?<\/span><\/h2>\n<p><span style=\"font-weight: 400;\">Ch\u00fang t\u00f4i kh\u00f4ng ch\u1ec9 cung c\u1ea5p ph\u1ec5u rung, ch\u00fang t\u00f4i cung c\u1ea5p gi\u1ea3i ph\u00e1p t\u00edch h\u1ee3p tr\u1ecdn g\u00f3i bao g\u1ed3m: Ph\u1ec5u rung, h\u1ec7 th\u1ed1ng Camera ch\u1ea5t l\u01b0\u1ee3ng cao, ph\u1ea7n m\u1ec1m x\u1eed l\u00fd h\u00ecnh \u1ea3nh t\u1ed1i \u01b0u v\u00e0 d\u1ecbch v\u1ee5 k\u1ef9 thu\u1eadt chuy\u00ean nghi\u1ec7p. V\u1edbi SWOER, d\u00e2y chuy\u1ec1n c\u1ee7a b\u1ea1n s\u1ebd v\u1eadn h\u00e0nh th\u00f4ng minh h\u01a1n, \u00edt l\u1ed7i h\u01a1n v\u00e0 n\u0103ng su\u1ea5t cao h\u01a1n.<\/span><\/p>","protected":false},"excerpt":{"rendered":"<p><span style=\"font-weight: 400;\">Khi c\u00e1c b\u1eaby c\u01a1 kh\u00ed truy\u1ec1n th\u1ed1ng kh\u00f4ng th\u1ec3 ph\u00e2n bi\u1ec7t \u0111\u01b0\u1ee3c nh\u1eefng chi ti\u1ebft si\u00eau nh\u1ecf ho\u1eb7c c\u00f3 \u0111\u1eb7c \u0111i\u1ec3m ngo\u1ea1i d\u1ea1ng t\u01b0\u01a1ng \u0111\u1ed3ng, \u0111\u00f3 l\u00e0 l\u00fac <\/span><b>H\u1ec7 th\u1ed1ng ph\u1ec5u rung t\u00edch h\u1ee3p Vision (Camera) c\u1ee7a SWOER<\/b><span style=\"font-weight: 400;\"> l\u00ean ti\u1ebfng. Kh\u00f4ng ch\u1ec9 \u0111\u01a1n thu\u1ea7n l\u00e0 c\u1ea5p li\u1ec7u, h\u1ec7 th\u1ed1ng n\u00e0y \u0111\u00f3ng vai tr\u00f2 nh\u01b0 m\u1ed9t chuy\u00ean gia ki\u1ec3m so\u00e1t ch\u1ea5t l\u01b0\u1ee3ng ngay t\u1ea1i \u0111\u1ea7u ngu\u1ed3n, gi\u00fap lo\u1ea1i b\u1ecf 100% s\u1ea3n ph\u1ea9m l\u1ed7i v\u00e0 cung c\u1ea5p t\u1ecda \u0111\u1ed9 ch\u00ednh x\u00e1c cho Robot. \u0110\u00e2y l\u00e0 b\u01b0\u1edbc \u0111\u1ed9t ph\u00e1 gi\u00fap nh\u00e0 m\u00e1y c\u1ee7a b\u1ea1n ti\u1ebfn g\u1ea7n h\u01a1n t\u1edbi ti\u00eau chu\u1ea9n s\u1ea3n xu\u1ea5t th\u00f4ng minh 4.0.<\/span><\/p>","protected":false},"featured_media":8384,"comment_status":"open","ping_status":"closed","template":"","meta":[],"product_brand":[],"product_cat":[106],"product_tag":[172,43,107,121,249],"class_list":{"0":"post-8383","1":"product","2":"type-product","3":"status-publish","4":"has-post-thumbnail","6":"product_cat-mam-rung-cap-phoi","7":"product_tag-bo-cap-lieu-rung","8":"product_tag-mam-rung","9":"product_tag-may-cap-lieu-rung","10":"product_tag-pheu-rung-cap-lieu","11":"product_tag-vibratory-bowl-feeder","13":"first","14":"instock","15":"shipping-taxable","16":"product-type-simple"},"yoast_head":"<!-- This site is optimized with the Yoast SEO plugin v26.0 - https:\/\/yoast.com\/wordpress\/plugins\/seo\/ -->\n<title>B\u1ed9 c\u1ea5p li\u1ec7u rung t\u00edch h\u1ee3p camera - Nh\u00e0 s\u1ea3n xu\u1ea5t m\u00e1y c\u1ea5p li\u1ec7u c\u00f4ng nghi\u1ec7p<\/title>\n<meta name=\"description\" content=\"Ph\u1ec5u rung t\u00edch h\u1ee3p Camera SWOER: Gi\u1ea3i ph\u00e1p c\u1ea5p li\u1ec7u th\u00f4ng minh 4.0. Nh\u1eadn di\u1ec7n h\u01b0\u1edbng ch\u00ednh x\u00e1c 100%, ki\u1ec3m tra l\u1ed7i s\u1ea3n ph\u1ea9m &amp; h\u1ed7 tr\u1ee3 Robot g\u1eafp ph\u00f4i ch\u00ednh x\u00e1c\" \/>\n<meta name=\"robots\" content=\"index, follow, max-snippet:-1, max-image-preview:large, max-video-preview:-1\" \/>\n<link rel=\"canonical\" href=\"https:\/\/swoer.vn\/ko\/manufacturer\/bo-cap-lieu-rung-tich-hop-camera\/\" \/>\n<meta property=\"og:locale\" content=\"ko_KR\" \/>\n<meta property=\"og:type\" content=\"article\" \/>\n<meta property=\"og:title\" content=\"B\u1ed9 c\u1ea5p li\u1ec7u rung t\u00edch h\u1ee3p camera - Nh\u00e0 s\u1ea3n xu\u1ea5t m\u00e1y c\u1ea5p li\u1ec7u c\u00f4ng nghi\u1ec7p\" \/>\n<meta property=\"og:description\" content=\"Ph\u1ec5u rung t\u00edch h\u1ee3p Camera SWOER: Gi\u1ea3i ph\u00e1p c\u1ea5p li\u1ec7u th\u00f4ng minh 4.0. Nh\u1eadn di\u1ec7n h\u01b0\u1edbng ch\u00ednh x\u00e1c 100%, ki\u1ec3m tra l\u1ed7i s\u1ea3n ph\u1ea9m &amp; h\u1ed7 tr\u1ee3 Robot g\u1eafp ph\u00f4i ch\u00ednh x\u00e1c\" \/>\n<meta property=\"og:url\" content=\"https:\/\/swoer.vn\/ko\/manufacturer\/bo-cap-lieu-rung-tich-hop-camera\/\" \/>\n<meta property=\"og:site_name\" content=\"Nh\u00e0 s\u1ea3n xu\u1ea5t m\u00e1y c\u1ea5p li\u1ec7u c\u00f4ng nghi\u1ec7p\" \/>\n<meta property=\"og:image\" content=\"https:\/\/swoer.vn\/wp-content\/uploads\/2026\/04\/BO-CAP-LIEU-RUNG-TICH-HOP-CAMERA.png\" \/>\n\t<meta property=\"og:image:width\" content=\"800\" \/>\n\t<meta property=\"og:image:height\" content=\"800\" \/>\n\t<meta property=\"og:image:type\" content=\"image\/png\" \/>\n<meta name=\"twitter:card\" content=\"summary_large_image\" \/>\n<meta name=\"twitter:label1\" content=\"\uc608\uc0c1 \ub418\ub294 \ud310\ub3c5 \uc2dc\uac04\" \/>\n\t<meta name=\"twitter:data1\" content=\"4\ubd84\" \/>\n<script type=\"application\/ld+json\" class=\"yoast-schema-graph\">{\"@context\":\"https:\/\/schema.org\",\"@graph\":[{\"@type\":\"WebPage\",\"@id\":\"https:\/\/swoer.vn\/manufacturer\/bo-cap-lieu-rung-tich-hop-camera\/\",\"url\":\"https:\/\/swoer.vn\/manufacturer\/bo-cap-lieu-rung-tich-hop-camera\/\",\"name\":\"B\u1ed9 c\u1ea5p li\u1ec7u rung t\u00edch h\u1ee3p camera - Nh\u00e0 s\u1ea3n xu\u1ea5t m\u00e1y c\u1ea5p li\u1ec7u c\u00f4ng nghi\u1ec7p\",\"isPartOf\":{\"@id\":\"https:\/\/swoer.vn\/#website\"},\"primaryImageOfPage\":{\"@id\":\"https:\/\/swoer.vn\/manufacturer\/bo-cap-lieu-rung-tich-hop-camera\/#primaryimage\"},\"image\":{\"@id\":\"https:\/\/swoer.vn\/manufacturer\/bo-cap-lieu-rung-tich-hop-camera\/#primaryimage\"},\"thumbnailUrl\":\"https:\/\/swoer.vn\/wp-content\/uploads\/2026\/04\/BO-CAP-LIEU-RUNG-TICH-HOP-CAMERA.png\",\"datePublished\":\"2026-04-17T06:54:27+00:00\",\"description\":\"Ph\u1ec5u rung t\u00edch h\u1ee3p Camera SWOER: Gi\u1ea3i ph\u00e1p c\u1ea5p li\u1ec7u th\u00f4ng minh 4.0. Nh\u1eadn di\u1ec7n h\u01b0\u1edbng ch\u00ednh x\u00e1c 100%, ki\u1ec3m tra l\u1ed7i s\u1ea3n ph\u1ea9m & h\u1ed7 tr\u1ee3 Robot g\u1eafp ph\u00f4i ch\u00ednh x\u00e1c\",\"breadcrumb\":{\"@id\":\"https:\/\/swoer.vn\/manufacturer\/bo-cap-lieu-rung-tich-hop-camera\/#breadcrumb\"},\"inLanguage\":\"ko-KR\",\"potentialAction\":[{\"@type\":\"ReadAction\",\"target\":[\"https:\/\/swoer.vn\/manufacturer\/bo-cap-lieu-rung-tich-hop-camera\/\"]}]},{\"@type\":\"ImageObject\",\"inLanguage\":\"ko-KR\",\"@id\":\"https:\/\/swoer.vn\/manufacturer\/bo-cap-lieu-rung-tich-hop-camera\/#primaryimage\",\"url\":\"https:\/\/swoer.vn\/wp-content\/uploads\/2026\/04\/BO-CAP-LIEU-RUNG-TICH-HOP-CAMERA.png\",\"contentUrl\":\"https:\/\/swoer.vn\/wp-content\/uploads\/2026\/04\/BO-CAP-LIEU-RUNG-TICH-HOP-CAMERA.png\",\"width\":800,\"height\":800,\"caption\":\"BO\u0323\u0302 CA\u0302\u0301P LIE\u0323\u0302U RUNG TI\u0301CH HO\u031b\u0323P CAMERA\"},{\"@type\":\"BreadcrumbList\",\"@id\":\"https:\/\/swoer.vn\/manufacturer\/bo-cap-lieu-rung-tich-hop-camera\/#breadcrumb\",\"itemListElement\":[{\"@type\":\"ListItem\",\"position\":1,\"name\":\"Home\",\"item\":\"https:\/\/swoer.vn\/\"},{\"@type\":\"ListItem\",\"position\":2,\"name\":\"S\u1ea3n ph\u1ea9m\",\"item\":\"https:\/\/swoer.vn\/shop\/\"},{\"@type\":\"ListItem\",\"position\":3,\"name\":\"B\u1ed9 c\u1ea5p li\u1ec7u rung t\u00edch h\u1ee3p camera\"}]},{\"@type\":\"WebSite\",\"@id\":\"https:\/\/swoer.vn\/#website\",\"url\":\"https:\/\/swoer.vn\/\",\"name\":\"Nh\u00e0 s\u1ea3n xu\u1ea5t m\u00e1y c\u1ea5p li\u1ec7u c\u00f4ng nghi\u1ec7p\",\"description\":\"Nh\u00e0 cung c\u1ea5p robot, m\u00e1y c\u1ea5p li\u1ec7u linh ho\u1ea1t, m\u00e1y c\u1ea5p li\u1ec7u ly t\u00e2m, m\u00e1y c\u1ea5p li\u1ec7u rung t\u1ef1 \u0111\u1ed9ng\",\"potentialAction\":[{\"@type\":\"SearchAction\",\"target\":{\"@type\":\"EntryPoint\",\"urlTemplate\":\"https:\/\/swoer.vn\/?s={search_term_string}\"},\"query-input\":{\"@type\":\"PropertyValueSpecification\",\"valueRequired\":true,\"valueName\":\"search_term_string\"}}],\"inLanguage\":\"ko-KR\"}]}<\/script>\n<!-- \/ Yoast SEO plugin. -->","yoast_head_json":{"title":"B\u1ed9 c\u1ea5p li\u1ec7u rung t\u00edch h\u1ee3p camera - Nh\u00e0 s\u1ea3n xu\u1ea5t m\u00e1y c\u1ea5p li\u1ec7u c\u00f4ng nghi\u1ec7p","description":"Ph\u1ec5u rung t\u00edch h\u1ee3p Camera SWOER: Gi\u1ea3i ph\u00e1p c\u1ea5p li\u1ec7u th\u00f4ng minh 4.0. Nh\u1eadn di\u1ec7n h\u01b0\u1edbng ch\u00ednh x\u00e1c 100%, ki\u1ec3m tra l\u1ed7i s\u1ea3n ph\u1ea9m & h\u1ed7 tr\u1ee3 Robot g\u1eafp ph\u00f4i ch\u00ednh x\u00e1c","robots":{"index":"index","follow":"follow","max-snippet":"max-snippet:-1","max-image-preview":"max-image-preview:large","max-video-preview":"max-video-preview:-1"},"canonical":"https:\/\/swoer.vn\/ko\/manufacturer\/bo-cap-lieu-rung-tich-hop-camera\/","og_locale":"ko_KR","og_type":"article","og_title":"B\u1ed9 c\u1ea5p li\u1ec7u rung t\u00edch h\u1ee3p camera - Nh\u00e0 s\u1ea3n xu\u1ea5t m\u00e1y c\u1ea5p li\u1ec7u c\u00f4ng nghi\u1ec7p","og_description":"Ph\u1ec5u rung t\u00edch h\u1ee3p Camera SWOER: Gi\u1ea3i ph\u00e1p c\u1ea5p li\u1ec7u th\u00f4ng minh 4.0. Nh\u1eadn di\u1ec7n h\u01b0\u1edbng ch\u00ednh x\u00e1c 100%, ki\u1ec3m tra l\u1ed7i s\u1ea3n ph\u1ea9m & h\u1ed7 tr\u1ee3 Robot g\u1eafp ph\u00f4i ch\u00ednh x\u00e1c","og_url":"https:\/\/swoer.vn\/ko\/manufacturer\/bo-cap-lieu-rung-tich-hop-camera\/","og_site_name":"Nh\u00e0 s\u1ea3n xu\u1ea5t m\u00e1y c\u1ea5p li\u1ec7u c\u00f4ng nghi\u1ec7p","og_image":[{"width":800,"height":800,"url":"https:\/\/swoer.vn\/wp-content\/uploads\/2026\/04\/BO-CAP-LIEU-RUNG-TICH-HOP-CAMERA.png","type":"image\/png"}],"twitter_card":"summary_large_image","twitter_misc":{"\uc608\uc0c1 \ub418\ub294 \ud310\ub3c5 \uc2dc\uac04":"4\ubd84"},"schema":{"@context":"https:\/\/schema.org","@graph":[{"@type":"WebPage","@id":"https:\/\/swoer.vn\/manufacturer\/bo-cap-lieu-rung-tich-hop-camera\/","url":"https:\/\/swoer.vn\/manufacturer\/bo-cap-lieu-rung-tich-hop-camera\/","name":"B\u1ed9 c\u1ea5p li\u1ec7u rung t\u00edch h\u1ee3p camera - Nh\u00e0 s\u1ea3n xu\u1ea5t m\u00e1y c\u1ea5p li\u1ec7u c\u00f4ng nghi\u1ec7p","isPartOf":{"@id":"https:\/\/swoer.vn\/#website"},"primaryImageOfPage":{"@id":"https:\/\/swoer.vn\/manufacturer\/bo-cap-lieu-rung-tich-hop-camera\/#primaryimage"},"image":{"@id":"https:\/\/swoer.vn\/manufacturer\/bo-cap-lieu-rung-tich-hop-camera\/#primaryimage"},"thumbnailUrl":"https:\/\/swoer.vn\/wp-content\/uploads\/2026\/04\/BO-CAP-LIEU-RUNG-TICH-HOP-CAMERA.png","datePublished":"2026-04-17T06:54:27+00:00","description":"Ph\u1ec5u rung t\u00edch h\u1ee3p Camera SWOER: Gi\u1ea3i ph\u00e1p c\u1ea5p li\u1ec7u th\u00f4ng minh 4.0. Nh\u1eadn di\u1ec7n h\u01b0\u1edbng ch\u00ednh x\u00e1c 100%, ki\u1ec3m tra l\u1ed7i s\u1ea3n ph\u1ea9m & h\u1ed7 tr\u1ee3 Robot g\u1eafp ph\u00f4i ch\u00ednh x\u00e1c","breadcrumb":{"@id":"https:\/\/swoer.vn\/manufacturer\/bo-cap-lieu-rung-tich-hop-camera\/#breadcrumb"},"inLanguage":"ko-KR","potentialAction":[{"@type":"ReadAction","target":["https:\/\/swoer.vn\/manufacturer\/bo-cap-lieu-rung-tich-hop-camera\/"]}]},{"@type":"ImageObject","inLanguage":"ko-KR","@id":"https:\/\/swoer.vn\/manufacturer\/bo-cap-lieu-rung-tich-hop-camera\/#primaryimage","url":"https:\/\/swoer.vn\/wp-content\/uploads\/2026\/04\/BO-CAP-LIEU-RUNG-TICH-HOP-CAMERA.png","contentUrl":"https:\/\/swoer.vn\/wp-content\/uploads\/2026\/04\/BO-CAP-LIEU-RUNG-TICH-HOP-CAMERA.png","width":800,"height":800,"caption":"BO\u0323\u0302 CA\u0302\u0301P LIE\u0323\u0302U RUNG TI\u0301CH HO\u031b\u0323P CAMERA"},{"@type":"BreadcrumbList","@id":"https:\/\/swoer.vn\/manufacturer\/bo-cap-lieu-rung-tich-hop-camera\/#breadcrumb","itemListElement":[{"@type":"ListItem","position":1,"name":"Home","item":"https:\/\/swoer.vn\/"},{"@type":"ListItem","position":2,"name":"S\u1ea3n ph\u1ea9m","item":"https:\/\/swoer.vn\/shop\/"},{"@type":"ListItem","position":3,"name":"B\u1ed9 c\u1ea5p li\u1ec7u rung t\u00edch h\u1ee3p camera"}]},{"@type":"WebSite","@id":"https:\/\/swoer.vn\/#website","url":"https:\/\/swoer.vn\/","name":"\uc0b0\uc5c5\uc6a9 \ud53c\ub354 \uc81c\uc870\uc5c5\uccb4","description":"\ub85c\ubd07, \ud50c\ub809\uc2dc\ube14 \ud53c\ub354, \uc6d0\uc2ec \ud53c\ub354, \uc790\ub3d9 \uc9c4\ub3d9 \ud53c\ub354 \uacf5\uae09\uc5c5\uccb4","potentialAction":[{"@type":"SearchAction","target":{"@type":"EntryPoint","urlTemplate":"https:\/\/swoer.vn\/?s={search_term_string}"},"query-input":{"@type":"PropertyValueSpecification","valueRequired":true,"valueName":"search_term_string"}}],"inLanguage":"ko-KR"}]}},"_links":{"self":[{"href":"https:\/\/swoer.vn\/ko\/wp-json\/wp\/v2\/product\/8383","targetHints":{"allow":["GET"]}}],"collection":[{"href":"https:\/\/swoer.vn\/ko\/wp-json\/wp\/v2\/product"}],"about":[{"href":"https:\/\/swoer.vn\/ko\/wp-json\/wp\/v2\/types\/product"}],"replies":[{"embeddable":true,"href":"https:\/\/swoer.vn\/ko\/wp-json\/wp\/v2\/comments?post=8383"}],"wp:featuredmedia":[{"embeddable":true,"href":"https:\/\/swoer.vn\/ko\/wp-json\/wp\/v2\/media\/8384"}],"wp:attachment":[{"href":"https:\/\/swoer.vn\/ko\/wp-json\/wp\/v2\/media?parent=8383"}],"wp:term":[{"taxonomy":"product_brand","embeddable":true,"href":"https:\/\/swoer.vn\/ko\/wp-json\/wp\/v2\/product_brand?post=8383"},{"taxonomy":"product_cat","embeddable":true,"href":"https:\/\/swoer.vn\/ko\/wp-json\/wp\/v2\/product_cat?post=8383"},{"taxonomy":"product_tag","embeddable":true,"href":"https:\/\/swoer.vn\/ko\/wp-json\/wp\/v2\/product_tag?post=8383"}],"curies":[{"name":"wp","href":"https:\/\/api.w.org\/{rel}","templated":true}]}}