{"id":8335,"date":"2026-04-14T14:32:41","date_gmt":"2026-04-14T07:32:41","guid":{"rendered":"https:\/\/swoer.vn\/?post_type=product&#038;p=8335"},"modified":"2026-04-14T14:32:41","modified_gmt":"2026-04-14T07:32:41","slug":"bo-cap-lieu-rung-cho-nhua-2-ranh","status":"publish","type":"product","link":"https:\/\/swoer.vn\/ko\/manufacturer\/bo-cap-lieu-rung-cho-nhua-2-ranh\/","title":{"rendered":"B\u1ed9 c\u1ea5p li\u1ec7u rung cho nh\u1ef1a 2 r\u00e3nh"},"content":{"rendered":"<p><span style=\"font-weight: 400;\">H\u1ec7 th\u1ed1ng ph\u1ec5u rung 2 r\u00e3nh c\u1ee7a SWOER s\u1eed d\u1ee5ng c\u01a1 ch\u1ebf v\u1eadn h\u00e0nh song song gi\u00fap x\u1eed l\u00fd linh ki\u1ec7n nh\u1ef1a c\u00f9ng m\u1ed9t l\u00fac, t\u1eeb \u0111\u00f3 \u0111\u1ea9y m\u1ea1nh \u0111\u00e1ng k\u1ec3 t\u1ed1c \u0111\u1ed9 s\u1ea3n xu\u1ea5t. L\u00e0 m\u1ed9t trong nh\u1eefng nh\u00e0 s\u1ea3n xu\u1ea5t b\u1ed9 c\u1ea5p li\u1ec7u rung h\u00e0ng \u0111\u1ea7u, SWOER n\u1ed5i ti\u1ebfng v\u1edbi vi\u1ec7c cung c\u1ea5p c\u00e1c gi\u1ea3i ph\u00e1p t\u1ef1 \u0111\u1ed9ng h\u00f3a b\u1ec1n b\u1ec9, ch\u00ednh x\u00e1c v\u00e0 \u0111\u01b0\u1ee3c thi\u1ebft k\u1ebf ri\u00eang theo nhu c\u1ea7u th\u1ef1c t\u1ebf c\u1ee7a t\u1eebng nh\u00e0 m\u00e1y.<\/span><\/p>\n<h2><span style=\"font-weight: 400;\">Th\u00f4ng s\u1ed1 k\u1ef9 thu\u1eadt ti\u00eau chu\u1ea9n<\/span><\/h2>\n<table>\n<tbody>\n<tr>\n<td><b>H\u1ea1ng m\u1ee5c<\/b><\/td>\n<td><b>\uba85\uc138\uc11c<\/b><\/td>\n<\/tr>\n<tr>\n<td><b>\uc81c\ud488 \uc774\ub984<\/b><\/td>\n<td><span style=\"font-weight: 400;\">B\u1ed9 c\u1ea5p li\u1ec7u rung 2 r\u00e3nh cho nh\u1ef1a (Two Tracks Vibratory Bowl Feeder for Plastic)<\/span><\/td>\n<\/tr>\n<tr>\n<td><b>V\u1eadt li\u1ec7u ch\u1ebf t\u1ea1o<\/b><\/td>\n<td><b>Th\u00e9p kh\u00f4ng g\u1ec9 SUS304 \/ SUS201<\/b><\/td>\n<\/tr>\n<tr>\n<td><b>\u0110\u1eb7c t\u00ednh v\u1eadt li\u1ec7u<\/b><\/td>\n<td><span style=\"font-weight: 400;\">H\u1ee3p kim r\u00e8n x\u1eed l\u00fd l\u1ea1nh, c\u01b0\u1eddng \u0111\u1ed9 cao, \u0111\u1ed9 c\u1ee9ng v\u01b0\u1ee3t tr\u1ed9i<\/span><\/td>\n<\/tr>\n<tr>\n<td><b>\u0110i\u1ec7n \u00e1p ho\u1ea1t \u0111\u1ed9ng<\/b><\/td>\n<td><span style=\"font-weight: 400;\">220V<\/span><\/td>\n<\/tr>\n<tr>\n<td><b>C\u00f4ng su\u1ea5t t\u00f9y ch\u1ecdn<\/b><\/td>\n<td><span style=\"font-weight: 400;\">65W \/ 150W \/ 180W \/ 220W \/ 350W<\/span><\/td>\n<\/tr>\n<tr>\n<td><b>\uc778\uc99d<\/b><\/td>\n<td><b>CE, ROHS, ISO9001<\/b><\/td>\n<\/tr>\n<tr>\n<td><b>\ubcf4\uc7a5\ud558\ub2e4<\/b><\/td>\n<td><span style=\"font-weight: 400;\">01 n\u0103m ch\u00ednh h\u00e3ng<\/span><\/td>\n<\/tr>\n<\/tbody>\n<\/table>\n<h2><span style=\"font-weight: 400;\">\u0110\u1eb7c \u0111i\u1ec3m n\u1ed5i b\u1eadt c\u1ee7a h\u1ec7 th\u1ed1ng<\/span><\/h2>\n<ul>\n<li style=\"font-weight: 400;\" aria-level=\"1\"><b>Thi\u1ebft k\u1ebf r\u00e3nh \u0111\u00f4i (Dual-Track):<\/b><span style=\"font-weight: 400;\"> X\u1eed l\u00fd \u0111\u1ed3ng th\u1eddi nhi\u1ec1u d\u00f2ng linh ki\u1ec7n nh\u1ef1a, n\u00e2ng cao hi\u1ec7u su\u1ea5t v\u01b0\u1ee3t tr\u1ed9i so v\u1edbi c\u00e1c d\u00f2ng ph\u1ec5u \u0111\u01a1n th\u00f4ng th\u01b0\u1eddng.<\/span><\/li>\n<li style=\"font-weight: 400;\" aria-level=\"1\"><b>T\u0103ng t\u1ed1c \u0111\u1ed9 s\u1ea3n xu\u1ea5t:<\/b><span style=\"font-weight: 400;\"> Gi\u1ea3m \u0111\u00e1ng k\u1ec3 chu k\u1ef3 s\u1ea3n xu\u1ea5t \u0111\u1ec3 \u0111\u00e1p \u1ee9ng c\u00e1c \u0111\u01a1n h\u00e0ng s\u1ea3n l\u01b0\u1ee3ng l\u1edbn trong th\u1eddi gian ng\u1eafn.<\/span><\/li>\n<li style=\"font-weight: 400;\" aria-level=\"1\"><b>Gi\u1ea3m thi\u1ec3u th\u1eddi gian d\u1eebng m\u00e1y:<\/b><span style=\"font-weight: 400;\"> T\u1ed1i \u01b0u h\u00f3a qu\u00e1 tr\u00ecnh chuy\u1ec3n t\u1ea3i v\u1eadt li\u1ec7u, gi\u1ea3m t\u1ea7n su\u1ea5t b\u1ea3o tr\u00ec v\u00e0 \u0111\u1ea3m b\u1ea3o d\u00e2y chuy\u1ec1n v\u1eadn h\u00e0nh li\u00ean t\u1ee5c.<\/span><\/li>\n<li style=\"font-weight: 400;\" aria-level=\"1\"><b>Kh\u1ea3 n\u0103ng t\u01b0\u01a1ng th\u00edch m\u1ea1nh m\u1ebd:<\/b><span style=\"font-weight: 400;\"> D\u1ec5 d\u00e0ng t\u00edch h\u1ee3p v\u00e0o nhi\u1ec1u h\u1ec7 th\u1ed1ng t\u1ef1 \u0111\u1ed9ng h\u00f3a kh\u00e1c nhau, gi\u00fap \u0111\u1ed3ng b\u1ed9 h\u00f3a quy tr\u00ecnh nh\u00e0 m\u00e1y.<\/span><\/li>\n<li style=\"font-weight: 400;\" aria-level=\"1\"><b>\u0110\u1ecbnh h\u01b0\u1edbng ch\u00ednh x\u00e1c:<\/b><span style=\"font-weight: 400;\"> \u0110\u1ea3m b\u1ea3o linh ki\u1ec7n nh\u1ef1a lu\u00f4n \u1edf \u0111\u00fang v\u1ecb tr\u00ed trong su\u1ed1t qu\u00e1 tr\u00ecnh v\u1eadn chuy\u1ec3n, gi\u1ea3m thi\u1ec3u sai l\u1ed7i v\u00e0 l\u00e3ng ph\u00ed nguy\u00ean li\u1ec7u.<\/span><\/li>\n<li style=\"font-weight: 400;\" aria-level=\"1\"><b>Ti\u1ebft ki\u1ec7m di\u1ec7n t\u00edch:<\/b><span style=\"font-weight: 400;\"> C\u1ea5u tr\u00fac 2 r\u00e3nh t\u00edch h\u1ee3p tr\u00ean c\u00f9ng m\u1ed9t b\u1ec7 m\u00e1y gi\u00fap ti\u1ebft ki\u1ec7m kh\u00f4ng gian, t\u1ed1i \u01b0u h\u00f3a s\u01a1 \u0111\u1ed3 b\u1ed1 tr\u00ed m\u1eb7t b\u1eb1ng nh\u00e0 x\u01b0\u1edfng.<\/span><\/li>\n<\/ul>\n<h2><span style=\"font-weight: 400;\">K\u1ebft n\u1ed1i tr\u1ef1c ti\u1ebfp v\u1edbi \u0111\u1ed9i ng\u0169 k\u1ef9 s\u01b0 SWOER<\/span><\/h2>\n<p><span style=\"font-weight: 400;\">M\u1ed7i lo\u1ea1i linh ki\u1ec7n nh\u1ef1a c\u00f3 tr\u1ecdng l\u01b0\u1ee3ng v\u00e0 \u0111\u1eb7c t\u00ednh t\u0129nh \u0111i\u1ec7n kh\u00e1c nhau. T\u1ea1i SWOER, ch\u00fang t\u00f4i s\u1eb5n s\u00e0ng t\u00f9y ch\u1ec9nh h\u1ec7 th\u1ed1ng ph\u1ec5u rung d\u1ef1a tr\u00ean:<\/span><\/p>\n<ol>\n<li style=\"font-weight: 400;\" aria-level=\"1\"><b>H\u00ecnh d\u00e1ng v\u00e0 k\u00edch th\u01b0\u1edbc<\/b><span style=\"font-weight: 400;\"> c\u1ee5 th\u1ec3 c\u1ee7a linh ki\u1ec7n nh\u1ef1a.<\/span><\/li>\n<li style=\"font-weight: 400;\" aria-level=\"1\"><b>T\u1ed1c \u0111\u1ed9 m\u1ee5c ti\u00eau<\/b><span style=\"font-weight: 400;\"> m\u00e0 d\u00e2y chuy\u1ec1n c\u1ee7a b\u1ea1n y\u00eau c\u1ea7u.<\/span><\/li>\n<\/ol>\n<p><span style=\"font-weight: 400;\">H\u00e3y \u0111\u1ec3 c\u00e1c k\u1ef9 s\u01b0 c\u1ee7a ch\u00fang t\u00f4i gi\u00fap b\u1ea1n hi\u1ec7n th\u1ef1c h\u00f3a gi\u1ea3i ph\u00e1p c\u1ea5p li\u1ec7u t\u1ed1i \u01b0u nh\u1ea5t!<\/span><\/p>","protected":false},"excerpt":{"rendered":"<p><span style=\"font-weight: 400;\">B\u1ea1n \u0111ang t\u00ecm gi\u1ea3i ph\u00e1p b\u1ee9t ph\u00e1 t\u1ed1c \u0111\u1ed9 s\u1ea3n xu\u1ea5t m\u00e0 v\u1eabn ti\u1ebft ki\u1ec7m kh\u00f4ng gian nh\u00e0 x\u01b0\u1edfng? <\/span><b>H\u1ec7 th\u1ed1ng ph\u1ec5u rung 2 r\u00e3nh SWOER<\/b><span style=\"font-weight: 400;\"> ch\u00ednh l\u00e0 c\u00e2u tr\u1ea3 l\u1eddi. Thu\u1ed9c Top 3 nh\u00e0 s\u1ea3n xu\u1ea5t h\u00e0ng \u0111\u1ea7u Trung Qu\u1ed1c, SWOER mang \u0111\u1ebfn thi\u1ebft k\u1ebf \u0111a l\u00e0n \u0111\u1ed9t ph\u00e1, cho ph\u00e9p x\u1eed l\u00fd \u0111\u1ed3ng th\u1eddi nhi\u1ec1u linh ki\u1ec7n nh\u1ef1a v\u1edbi \u0111\u1ed9 ch\u00ednh x\u00e1c tuy\u1ec7t \u0111\u1ed1i. \u0110\u00e2y l\u00e0 s\u1ef1 \u0111\u1ea7u t\u01b0 b\u1ec1n b\u1ec9, gi\u00fap doanh nghi\u1ec7p lo\u1ea1i b\u1ecf t\u00ecnh tr\u1ea1ng k\u1eb9t ph\u00f4i v\u00e0 t\u1ed1i \u01b0u h\u00f3a nh\u1ecbp \u0111\u1ed9 v\u1eadn h\u00e0nh cho m\u1ecdi h\u1ec7 th\u1ed1ng t\u1ef1 \u0111\u1ed9ng h\u00f3a.<\/span><\/p>","protected":false},"featured_media":8336,"comment_status":"open","ping_status":"closed","template":"","meta":[],"product_brand":[],"product_cat":[106],"product_tag":[172,43,107,102,249],"class_list":{"0":"post-8335","1":"product","2":"type-product","3":"status-publish","4":"has-post-thumbnail","6":"product_cat-mam-rung-cap-phoi","7":"product_tag-bo-cap-lieu-rung","8":"product_tag-mam-rung","9":"product_tag-may-cap-lieu-rung","10":"product_tag-pheu-rung-cap-phoi","11":"product_tag-vibratory-bowl-feeder","13":"first","14":"instock","15":"shipping-taxable","16":"product-type-simple"},"yoast_head":"<!-- This site is optimized with the Yoast SEO plugin v26.0 - https:\/\/yoast.com\/wordpress\/plugins\/seo\/ -->\n<title>B\u1ed9 c\u1ea5p li\u1ec7u rung cho nh\u1ef1a 2 r\u00e3nh - Nh\u00e0 s\u1ea3n xu\u1ea5t m\u00e1y c\u1ea5p li\u1ec7u c\u00f4ng nghi\u1ec7p<\/title>\n<meta name=\"description\" content=\"B\u1ed9 c\u1ea5p li\u1ec7u rung 2 r\u00e3nh SWOER cho nh\u1ef1a: Nh\u00e2n \u0111\u00f4i n\u0103ng su\u1ea5t, \u0111\u1ecbnh h\u01b0\u1edbng ch\u00ednh x\u00e1c 100%. Top 3 NSX h\u00e0ng \u0111\u1ea7u, v\u1eadt li\u1ec7u SUS304 si\u00eau b\u1ec1n. Gi\u1ea3i ph\u00e1p t\u1ef1 \u0111\u1ed9ng\" \/>\n<meta name=\"robots\" content=\"index, follow, max-snippet:-1, max-image-preview:large, max-video-preview:-1\" \/>\n<link rel=\"canonical\" href=\"https:\/\/swoer.vn\/ko\/manufacturer\/bo-cap-lieu-rung-cho-nhua-2-ranh\/\" \/>\n<meta property=\"og:locale\" content=\"ko_KR\" \/>\n<meta property=\"og:type\" content=\"article\" \/>\n<meta property=\"og:title\" content=\"B\u1ed9 c\u1ea5p li\u1ec7u rung cho nh\u1ef1a 2 r\u00e3nh - Nh\u00e0 s\u1ea3n xu\u1ea5t m\u00e1y c\u1ea5p li\u1ec7u c\u00f4ng nghi\u1ec7p\" \/>\n<meta property=\"og:description\" content=\"B\u1ed9 c\u1ea5p li\u1ec7u rung 2 r\u00e3nh SWOER cho nh\u1ef1a: Nh\u00e2n \u0111\u00f4i n\u0103ng su\u1ea5t, \u0111\u1ecbnh h\u01b0\u1edbng ch\u00ednh x\u00e1c 100%. Top 3 NSX h\u00e0ng \u0111\u1ea7u, v\u1eadt li\u1ec7u SUS304 si\u00eau b\u1ec1n. Gi\u1ea3i ph\u00e1p t\u1ef1 \u0111\u1ed9ng\" \/>\n<meta property=\"og:url\" content=\"https:\/\/swoer.vn\/ko\/manufacturer\/bo-cap-lieu-rung-cho-nhua-2-ranh\/\" \/>\n<meta property=\"og:site_name\" content=\"Nh\u00e0 s\u1ea3n xu\u1ea5t m\u00e1y c\u1ea5p li\u1ec7u c\u00f4ng nghi\u1ec7p\" \/>\n<meta property=\"og:image\" content=\"https:\/\/swoer.vn\/wp-content\/uploads\/2026\/04\/BO-CAP-LIEU-RUNG-CHO-NHUA-2-RANH.png\" \/>\n\t<meta property=\"og:image:width\" content=\"800\" \/>\n\t<meta property=\"og:image:height\" content=\"800\" \/>\n\t<meta property=\"og:image:type\" content=\"image\/png\" \/>\n<meta name=\"twitter:card\" content=\"summary_large_image\" \/>\n<meta name=\"twitter:label1\" content=\"\uc608\uc0c1 \ub418\ub294 \ud310\ub3c5 \uc2dc\uac04\" \/>\n\t<meta name=\"twitter:data1\" content=\"3\ubd84\" \/>\n<script type=\"application\/ld+json\" class=\"yoast-schema-graph\">{\"@context\":\"https:\/\/schema.org\",\"@graph\":[{\"@type\":\"WebPage\",\"@id\":\"https:\/\/swoer.vn\/manufacturer\/bo-cap-lieu-rung-cho-nhua-2-ranh\/\",\"url\":\"https:\/\/swoer.vn\/manufacturer\/bo-cap-lieu-rung-cho-nhua-2-ranh\/\",\"name\":\"B\u1ed9 c\u1ea5p li\u1ec7u rung cho nh\u1ef1a 2 r\u00e3nh - Nh\u00e0 s\u1ea3n xu\u1ea5t m\u00e1y c\u1ea5p li\u1ec7u c\u00f4ng nghi\u1ec7p\",\"isPartOf\":{\"@id\":\"https:\/\/swoer.vn\/#website\"},\"primaryImageOfPage\":{\"@id\":\"https:\/\/swoer.vn\/manufacturer\/bo-cap-lieu-rung-cho-nhua-2-ranh\/#primaryimage\"},\"image\":{\"@id\":\"https:\/\/swoer.vn\/manufacturer\/bo-cap-lieu-rung-cho-nhua-2-ranh\/#primaryimage\"},\"thumbnailUrl\":\"https:\/\/swoer.vn\/wp-content\/uploads\/2026\/04\/BO-CAP-LIEU-RUNG-CHO-NHUA-2-RANH.png\",\"datePublished\":\"2026-04-14T07:32:41+00:00\",\"description\":\"B\u1ed9 c\u1ea5p li\u1ec7u rung 2 r\u00e3nh SWOER cho nh\u1ef1a: Nh\u00e2n \u0111\u00f4i n\u0103ng su\u1ea5t, \u0111\u1ecbnh h\u01b0\u1edbng ch\u00ednh x\u00e1c 100%. Top 3 NSX h\u00e0ng \u0111\u1ea7u, v\u1eadt li\u1ec7u SUS304 si\u00eau b\u1ec1n. Gi\u1ea3i ph\u00e1p t\u1ef1 \u0111\u1ed9ng\",\"breadcrumb\":{\"@id\":\"https:\/\/swoer.vn\/manufacturer\/bo-cap-lieu-rung-cho-nhua-2-ranh\/#breadcrumb\"},\"inLanguage\":\"ko-KR\",\"potentialAction\":[{\"@type\":\"ReadAction\",\"target\":[\"https:\/\/swoer.vn\/manufacturer\/bo-cap-lieu-rung-cho-nhua-2-ranh\/\"]}]},{\"@type\":\"ImageObject\",\"inLanguage\":\"ko-KR\",\"@id\":\"https:\/\/swoer.vn\/manufacturer\/bo-cap-lieu-rung-cho-nhua-2-ranh\/#primaryimage\",\"url\":\"https:\/\/swoer.vn\/wp-content\/uploads\/2026\/04\/BO-CAP-LIEU-RUNG-CHO-NHUA-2-RANH.png\",\"contentUrl\":\"https:\/\/swoer.vn\/wp-content\/uploads\/2026\/04\/BO-CAP-LIEU-RUNG-CHO-NHUA-2-RANH.png\",\"width\":800,\"height\":800,\"caption\":\"BO\u0323\u0302 CA\u0302\u0301P LIE\u0323\u0302U RUNG CHO NHU\u031b\u0323A 2 RA\u0303NH\"},{\"@type\":\"BreadcrumbList\",\"@id\":\"https:\/\/swoer.vn\/manufacturer\/bo-cap-lieu-rung-cho-nhua-2-ranh\/#breadcrumb\",\"itemListElement\":[{\"@type\":\"ListItem\",\"position\":1,\"name\":\"Home\",\"item\":\"https:\/\/swoer.vn\/\"},{\"@type\":\"ListItem\",\"position\":2,\"name\":\"S\u1ea3n ph\u1ea9m\",\"item\":\"https:\/\/swoer.vn\/shop\/\"},{\"@type\":\"ListItem\",\"position\":3,\"name\":\"B\u1ed9 c\u1ea5p li\u1ec7u rung cho nh\u1ef1a 2 r\u00e3nh\"}]},{\"@type\":\"WebSite\",\"@id\":\"https:\/\/swoer.vn\/#website\",\"url\":\"https:\/\/swoer.vn\/\",\"name\":\"Nh\u00e0 s\u1ea3n xu\u1ea5t m\u00e1y c\u1ea5p li\u1ec7u c\u00f4ng nghi\u1ec7p\",\"description\":\"Nh\u00e0 cung c\u1ea5p robot, m\u00e1y c\u1ea5p li\u1ec7u linh ho\u1ea1t, m\u00e1y c\u1ea5p li\u1ec7u ly t\u00e2m, m\u00e1y c\u1ea5p li\u1ec7u rung t\u1ef1 \u0111\u1ed9ng\",\"potentialAction\":[{\"@type\":\"SearchAction\",\"target\":{\"@type\":\"EntryPoint\",\"urlTemplate\":\"https:\/\/swoer.vn\/?s={search_term_string}\"},\"query-input\":{\"@type\":\"PropertyValueSpecification\",\"valueRequired\":true,\"valueName\":\"search_term_string\"}}],\"inLanguage\":\"ko-KR\"}]}<\/script>\n<!-- \/ Yoast SEO plugin. -->","yoast_head_json":{"title":"B\u1ed9 c\u1ea5p li\u1ec7u rung cho nh\u1ef1a 2 r\u00e3nh - Nh\u00e0 s\u1ea3n xu\u1ea5t m\u00e1y c\u1ea5p li\u1ec7u c\u00f4ng nghi\u1ec7p","description":"B\u1ed9 c\u1ea5p li\u1ec7u rung 2 r\u00e3nh SWOER cho nh\u1ef1a: Nh\u00e2n \u0111\u00f4i n\u0103ng su\u1ea5t, \u0111\u1ecbnh h\u01b0\u1edbng ch\u00ednh x\u00e1c 100%. Top 3 NSX h\u00e0ng \u0111\u1ea7u, v\u1eadt li\u1ec7u SUS304 si\u00eau b\u1ec1n. Gi\u1ea3i ph\u00e1p t\u1ef1 \u0111\u1ed9ng","robots":{"index":"index","follow":"follow","max-snippet":"max-snippet:-1","max-image-preview":"max-image-preview:large","max-video-preview":"max-video-preview:-1"},"canonical":"https:\/\/swoer.vn\/ko\/manufacturer\/bo-cap-lieu-rung-cho-nhua-2-ranh\/","og_locale":"ko_KR","og_type":"article","og_title":"B\u1ed9 c\u1ea5p li\u1ec7u rung cho nh\u1ef1a 2 r\u00e3nh - Nh\u00e0 s\u1ea3n xu\u1ea5t m\u00e1y c\u1ea5p li\u1ec7u c\u00f4ng nghi\u1ec7p","og_description":"B\u1ed9 c\u1ea5p li\u1ec7u rung 2 r\u00e3nh SWOER cho nh\u1ef1a: Nh\u00e2n \u0111\u00f4i n\u0103ng su\u1ea5t, \u0111\u1ecbnh h\u01b0\u1edbng ch\u00ednh x\u00e1c 100%. Top 3 NSX h\u00e0ng \u0111\u1ea7u, v\u1eadt li\u1ec7u SUS304 si\u00eau b\u1ec1n. Gi\u1ea3i ph\u00e1p t\u1ef1 \u0111\u1ed9ng","og_url":"https:\/\/swoer.vn\/ko\/manufacturer\/bo-cap-lieu-rung-cho-nhua-2-ranh\/","og_site_name":"Nh\u00e0 s\u1ea3n xu\u1ea5t m\u00e1y c\u1ea5p li\u1ec7u c\u00f4ng nghi\u1ec7p","og_image":[{"width":800,"height":800,"url":"https:\/\/swoer.vn\/wp-content\/uploads\/2026\/04\/BO-CAP-LIEU-RUNG-CHO-NHUA-2-RANH.png","type":"image\/png"}],"twitter_card":"summary_large_image","twitter_misc":{"\uc608\uc0c1 \ub418\ub294 \ud310\ub3c5 \uc2dc\uac04":"3\ubd84"},"schema":{"@context":"https:\/\/schema.org","@graph":[{"@type":"WebPage","@id":"https:\/\/swoer.vn\/manufacturer\/bo-cap-lieu-rung-cho-nhua-2-ranh\/","url":"https:\/\/swoer.vn\/manufacturer\/bo-cap-lieu-rung-cho-nhua-2-ranh\/","name":"B\u1ed9 c\u1ea5p li\u1ec7u rung cho nh\u1ef1a 2 r\u00e3nh - Nh\u00e0 s\u1ea3n xu\u1ea5t m\u00e1y c\u1ea5p li\u1ec7u c\u00f4ng nghi\u1ec7p","isPartOf":{"@id":"https:\/\/swoer.vn\/#website"},"primaryImageOfPage":{"@id":"https:\/\/swoer.vn\/manufacturer\/bo-cap-lieu-rung-cho-nhua-2-ranh\/#primaryimage"},"image":{"@id":"https:\/\/swoer.vn\/manufacturer\/bo-cap-lieu-rung-cho-nhua-2-ranh\/#primaryimage"},"thumbnailUrl":"https:\/\/swoer.vn\/wp-content\/uploads\/2026\/04\/BO-CAP-LIEU-RUNG-CHO-NHUA-2-RANH.png","datePublished":"2026-04-14T07:32:41+00:00","description":"B\u1ed9 c\u1ea5p li\u1ec7u rung 2 r\u00e3nh SWOER cho nh\u1ef1a: Nh\u00e2n \u0111\u00f4i n\u0103ng su\u1ea5t, \u0111\u1ecbnh h\u01b0\u1edbng ch\u00ednh x\u00e1c 100%. Top 3 NSX h\u00e0ng \u0111\u1ea7u, v\u1eadt li\u1ec7u SUS304 si\u00eau b\u1ec1n. Gi\u1ea3i ph\u00e1p t\u1ef1 \u0111\u1ed9ng","breadcrumb":{"@id":"https:\/\/swoer.vn\/manufacturer\/bo-cap-lieu-rung-cho-nhua-2-ranh\/#breadcrumb"},"inLanguage":"ko-KR","potentialAction":[{"@type":"ReadAction","target":["https:\/\/swoer.vn\/manufacturer\/bo-cap-lieu-rung-cho-nhua-2-ranh\/"]}]},{"@type":"ImageObject","inLanguage":"ko-KR","@id":"https:\/\/swoer.vn\/manufacturer\/bo-cap-lieu-rung-cho-nhua-2-ranh\/#primaryimage","url":"https:\/\/swoer.vn\/wp-content\/uploads\/2026\/04\/BO-CAP-LIEU-RUNG-CHO-NHUA-2-RANH.png","contentUrl":"https:\/\/swoer.vn\/wp-content\/uploads\/2026\/04\/BO-CAP-LIEU-RUNG-CHO-NHUA-2-RANH.png","width":800,"height":800,"caption":"BO\u0323\u0302 CA\u0302\u0301P LIE\u0323\u0302U RUNG CHO NHU\u031b\u0323A 2 RA\u0303NH"},{"@type":"BreadcrumbList","@id":"https:\/\/swoer.vn\/manufacturer\/bo-cap-lieu-rung-cho-nhua-2-ranh\/#breadcrumb","itemListElement":[{"@type":"ListItem","position":1,"name":"Home","item":"https:\/\/swoer.vn\/"},{"@type":"ListItem","position":2,"name":"S\u1ea3n ph\u1ea9m","item":"https:\/\/swoer.vn\/shop\/"},{"@type":"ListItem","position":3,"name":"B\u1ed9 c\u1ea5p li\u1ec7u rung cho nh\u1ef1a 2 r\u00e3nh"}]},{"@type":"WebSite","@id":"https:\/\/swoer.vn\/#website","url":"https:\/\/swoer.vn\/","name":"\uc0b0\uc5c5\uc6a9 \ud53c\ub354 \uc81c\uc870\uc5c5\uccb4","description":"\ub85c\ubd07, \ud50c\ub809\uc2dc\ube14 \ud53c\ub354, \uc6d0\uc2ec \ud53c\ub354, \uc790\ub3d9 \uc9c4\ub3d9 \ud53c\ub354 \uacf5\uae09\uc5c5\uccb4","potentialAction":[{"@type":"SearchAction","target":{"@type":"EntryPoint","urlTemplate":"https:\/\/swoer.vn\/?s={search_term_string}"},"query-input":{"@type":"PropertyValueSpecification","valueRequired":true,"valueName":"search_term_string"}}],"inLanguage":"ko-KR"}]}},"_links":{"self":[{"href":"https:\/\/swoer.vn\/ko\/wp-json\/wp\/v2\/product\/8335","targetHints":{"allow":["GET"]}}],"collection":[{"href":"https:\/\/swoer.vn\/ko\/wp-json\/wp\/v2\/product"}],"about":[{"href":"https:\/\/swoer.vn\/ko\/wp-json\/wp\/v2\/types\/product"}],"replies":[{"embeddable":true,"href":"https:\/\/swoer.vn\/ko\/wp-json\/wp\/v2\/comments?post=8335"}],"wp:featuredmedia":[{"embeddable":true,"href":"https:\/\/swoer.vn\/ko\/wp-json\/wp\/v2\/media\/8336"}],"wp:attachment":[{"href":"https:\/\/swoer.vn\/ko\/wp-json\/wp\/v2\/media?parent=8335"}],"wp:term":[{"taxonomy":"product_brand","embeddable":true,"href":"https:\/\/swoer.vn\/ko\/wp-json\/wp\/v2\/product_brand?post=8335"},{"taxonomy":"product_cat","embeddable":true,"href":"https:\/\/swoer.vn\/ko\/wp-json\/wp\/v2\/product_cat?post=8335"},{"taxonomy":"product_tag","embeddable":true,"href":"https:\/\/swoer.vn\/ko\/wp-json\/wp\/v2\/product_tag?post=8335"}],"curies":[{"name":"wp","href":"https:\/\/api.w.org\/{rel}","templated":true}]}}