{"id":8326,"date":"2026-04-13T16:14:30","date_gmt":"2026-04-13T09:14:30","guid":{"rendered":"https:\/\/swoer.vn\/?post_type=product&#038;p=8326"},"modified":"2026-04-13T16:14:30","modified_gmt":"2026-04-13T09:14:30","slug":"bo-cap-lieu-rung-3-ranh","status":"publish","type":"product","link":"https:\/\/swoer.vn\/ko\/manufacturer\/bo-cap-lieu-rung-3-ranh\/","title":{"rendered":"B\u1ed9 c\u1ea5p li\u1ec7u rung 3 r\u00e3nh"},"content":{"rendered":"","protected":false},"excerpt":{"rendered":"<p><span style=\"font-weight: 400;\">B\u1ee9t ph\u00e1 gi\u1edbi h\u1ea1n n\u0103ng su\u1ea5t v\u1edbi <\/span><b>H\u1ec7 th\u1ed1ng ph\u1ec5u rung 3 r\u00e3nh t\u00f9y ch\u1ec9nh t\u1eeb SWOER<\/b><span style=\"font-weight: 400;\">. \u0110\u01b0\u1ee3c thi\u1ebft k\u1ebf \u0111\u1ec3 x\u1eed l\u00fd \u0111\u1ed3ng th\u1eddi ba lu\u1ed3ng linh ki\u1ec7n, thi\u1ebft b\u1ecb n\u00e0y l\u00e0 gi\u1ea3i ph\u00e1p t\u1ed1i \u01b0u cho c\u00e1c d\u00e2y chuy\u1ec1n l\u1eafp r\u00e1p y\u00eau c\u1ea7u t\u1ed1c \u0111\u1ed9 c\u1ef1c cao v\u00e0 \u0111\u1ed9 ch\u00ednh x\u00e1c tuy\u1ec7t \u0111\u1ed1i. D\u00f9 l\u00e0 n\u1eafp chai nh\u1ef1a hay c\u00e1c linh ki\u1ec7n c\u01a1 kh\u00ed tinh x\u1ea3o, SWOER cam k\u1ebft mang l\u1ea1i d\u00f2ng ch\u1ea3y v\u1eadt li\u1ec7u \u1ed5n \u0111\u1ecbnh, gi\u00fap doanh nghi\u1ec7p t\u1ed1i \u01b0u h\u00f3a chi ph\u00ed v\u1eadn h\u00e0nh v\u1edbi m\u1ee9c gi\u00e1 \u0111\u1ea7u t\u01b0 tr\u1ef1c ti\u1ebfp t\u1eeb nh\u00e0 m\u00e1y.<\/span><\/p>","protected":false},"featured_media":8327,"comment_status":"open","ping_status":"closed","template":"","meta":[],"product_brand":[],"product_cat":[106,76],"product_tag":[],"class_list":{"0":"post-8326","1":"product","2":"type-product","3":"status-publish","4":"has-post-thumbnail","6":"product_cat-mam-rung-cap-phoi","7":"product_cat-san-pham-moi","9":"first","10":"instock","11":"shipping-taxable","12":"product-type-simple"},"yoast_head":"<!-- This site is optimized with the Yoast SEO plugin v26.0 - https:\/\/yoast.com\/wordpress\/plugins\/seo\/ -->\n<title>B\u1ed9 c\u1ea5p li\u1ec7u rung 3 r\u00e3nh - Nh\u00e0 s\u1ea3n xu\u1ea5t m\u00e1y c\u1ea5p li\u1ec7u c\u00f4ng nghi\u1ec7p<\/title>\n<meta name=\"description\" content=\"B\u1ed9 c\u1ea5p li\u1ec7u rung 3 r\u00e3nh: Gi\u1ea3i ph\u00e1p nh\u00e2n ba c\u00f4ng su\u1ea5t c\u1ea5p li\u1ec7u ch\u00ednh x\u00e1c. Thi\u1ebft k\u1ebf t\u00f9y ch\u1ec9nh theo b\u1ea3n v\u1ebd 3D, v\u1eadt li\u1ec7u SUS304 b\u1ec1n b\u1ec9. Gi\u00e1 t\u1ea1i x\u01b0\u1edfng, giao\" \/>\n<meta name=\"robots\" content=\"index, follow, max-snippet:-1, max-image-preview:large, max-video-preview:-1\" \/>\n<link rel=\"canonical\" href=\"https:\/\/swoer.vn\/ko\/manufacturer\/bo-cap-lieu-rung-3-ranh\/\" \/>\n<meta property=\"og:locale\" content=\"ko_KR\" \/>\n<meta property=\"og:type\" content=\"article\" \/>\n<meta property=\"og:title\" content=\"B\u1ed9 c\u1ea5p li\u1ec7u rung 3 r\u00e3nh - Nh\u00e0 s\u1ea3n xu\u1ea5t m\u00e1y c\u1ea5p li\u1ec7u c\u00f4ng nghi\u1ec7p\" \/>\n<meta property=\"og:description\" content=\"B\u1ed9 c\u1ea5p li\u1ec7u rung 3 r\u00e3nh: Gi\u1ea3i ph\u00e1p nh\u00e2n ba c\u00f4ng su\u1ea5t c\u1ea5p li\u1ec7u ch\u00ednh x\u00e1c. Thi\u1ebft k\u1ebf t\u00f9y ch\u1ec9nh theo b\u1ea3n v\u1ebd 3D, v\u1eadt li\u1ec7u SUS304 b\u1ec1n b\u1ec9. Gi\u00e1 t\u1ea1i x\u01b0\u1edfng, giao\" \/>\n<meta property=\"og:url\" content=\"https:\/\/swoer.vn\/ko\/manufacturer\/bo-cap-lieu-rung-3-ranh\/\" \/>\n<meta property=\"og:site_name\" content=\"Nh\u00e0 s\u1ea3n xu\u1ea5t m\u00e1y c\u1ea5p li\u1ec7u c\u00f4ng nghi\u1ec7p\" \/>\n<meta property=\"og:image\" content=\"https:\/\/swoer.vn\/wp-content\/uploads\/2026\/04\/BO-CAP-LIEU-RUNG-3-RANH.png\" \/>\n\t<meta property=\"og:image:width\" content=\"800\" \/>\n\t<meta property=\"og:image:height\" content=\"800\" \/>\n\t<meta property=\"og:image:type\" content=\"image\/png\" \/>\n<meta name=\"twitter:card\" content=\"summary_large_image\" \/>\n<meta name=\"twitter:label1\" content=\"\uc608\uc0c1 \ub418\ub294 \ud310\ub3c5 \uc2dc\uac04\" \/>\n\t<meta name=\"twitter:data1\" content=\"1\ubd84\" \/>\n<script type=\"application\/ld+json\" class=\"yoast-schema-graph\">{\"@context\":\"https:\/\/schema.org\",\"@graph\":[{\"@type\":\"WebPage\",\"@id\":\"https:\/\/swoer.vn\/manufacturer\/bo-cap-lieu-rung-3-ranh\/\",\"url\":\"https:\/\/swoer.vn\/manufacturer\/bo-cap-lieu-rung-3-ranh\/\",\"name\":\"B\u1ed9 c\u1ea5p li\u1ec7u rung 3 r\u00e3nh - Nh\u00e0 s\u1ea3n xu\u1ea5t m\u00e1y c\u1ea5p li\u1ec7u c\u00f4ng nghi\u1ec7p\",\"isPartOf\":{\"@id\":\"https:\/\/swoer.vn\/#website\"},\"primaryImageOfPage\":{\"@id\":\"https:\/\/swoer.vn\/manufacturer\/bo-cap-lieu-rung-3-ranh\/#primaryimage\"},\"image\":{\"@id\":\"https:\/\/swoer.vn\/manufacturer\/bo-cap-lieu-rung-3-ranh\/#primaryimage\"},\"thumbnailUrl\":\"https:\/\/swoer.vn\/wp-content\/uploads\/2026\/04\/BO-CAP-LIEU-RUNG-3-RANH.png\",\"datePublished\":\"2026-04-13T09:14:30+00:00\",\"description\":\"B\u1ed9 c\u1ea5p li\u1ec7u rung 3 r\u00e3nh: Gi\u1ea3i ph\u00e1p nh\u00e2n ba c\u00f4ng su\u1ea5t c\u1ea5p li\u1ec7u ch\u00ednh x\u00e1c. Thi\u1ebft k\u1ebf t\u00f9y ch\u1ec9nh theo b\u1ea3n v\u1ebd 3D, v\u1eadt li\u1ec7u SUS304 b\u1ec1n b\u1ec9. Gi\u00e1 t\u1ea1i x\u01b0\u1edfng, giao\",\"breadcrumb\":{\"@id\":\"https:\/\/swoer.vn\/manufacturer\/bo-cap-lieu-rung-3-ranh\/#breadcrumb\"},\"inLanguage\":\"ko-KR\",\"potentialAction\":[{\"@type\":\"ReadAction\",\"target\":[\"https:\/\/swoer.vn\/manufacturer\/bo-cap-lieu-rung-3-ranh\/\"]}]},{\"@type\":\"ImageObject\",\"inLanguage\":\"ko-KR\",\"@id\":\"https:\/\/swoer.vn\/manufacturer\/bo-cap-lieu-rung-3-ranh\/#primaryimage\",\"url\":\"https:\/\/swoer.vn\/wp-content\/uploads\/2026\/04\/BO-CAP-LIEU-RUNG-3-RANH.png\",\"contentUrl\":\"https:\/\/swoer.vn\/wp-content\/uploads\/2026\/04\/BO-CAP-LIEU-RUNG-3-RANH.png\",\"width\":800,\"height\":800,\"caption\":\"BO\u0323\u0302 CA\u0302\u0301P LIE\u0323\u0302U RUNG 3 RA\u0303NH\"},{\"@type\":\"BreadcrumbList\",\"@id\":\"https:\/\/swoer.vn\/manufacturer\/bo-cap-lieu-rung-3-ranh\/#breadcrumb\",\"itemListElement\":[{\"@type\":\"ListItem\",\"position\":1,\"name\":\"Home\",\"item\":\"https:\/\/swoer.vn\/\"},{\"@type\":\"ListItem\",\"position\":2,\"name\":\"S\u1ea3n ph\u1ea9m\",\"item\":\"https:\/\/swoer.vn\/shop\/\"},{\"@type\":\"ListItem\",\"position\":3,\"name\":\"B\u1ed9 c\u1ea5p li\u1ec7u rung 3 r\u00e3nh\"}]},{\"@type\":\"WebSite\",\"@id\":\"https:\/\/swoer.vn\/#website\",\"url\":\"https:\/\/swoer.vn\/\",\"name\":\"Nh\u00e0 s\u1ea3n xu\u1ea5t m\u00e1y c\u1ea5p li\u1ec7u c\u00f4ng nghi\u1ec7p\",\"description\":\"Nh\u00e0 cung c\u1ea5p robot, m\u00e1y c\u1ea5p li\u1ec7u linh ho\u1ea1t, m\u00e1y c\u1ea5p li\u1ec7u ly t\u00e2m, m\u00e1y c\u1ea5p li\u1ec7u rung t\u1ef1 \u0111\u1ed9ng\",\"potentialAction\":[{\"@type\":\"SearchAction\",\"target\":{\"@type\":\"EntryPoint\",\"urlTemplate\":\"https:\/\/swoer.vn\/?s={search_term_string}\"},\"query-input\":{\"@type\":\"PropertyValueSpecification\",\"valueRequired\":true,\"valueName\":\"search_term_string\"}}],\"inLanguage\":\"ko-KR\"}]}<\/script>\n<!-- \/ Yoast SEO plugin. -->","yoast_head_json":{"title":"B\u1ed9 c\u1ea5p li\u1ec7u rung 3 r\u00e3nh - Nh\u00e0 s\u1ea3n xu\u1ea5t m\u00e1y c\u1ea5p li\u1ec7u c\u00f4ng nghi\u1ec7p","description":"B\u1ed9 c\u1ea5p li\u1ec7u rung 3 r\u00e3nh: Gi\u1ea3i ph\u00e1p nh\u00e2n ba c\u00f4ng su\u1ea5t c\u1ea5p li\u1ec7u ch\u00ednh x\u00e1c. Thi\u1ebft k\u1ebf t\u00f9y ch\u1ec9nh theo b\u1ea3n v\u1ebd 3D, v\u1eadt li\u1ec7u SUS304 b\u1ec1n b\u1ec9. Gi\u00e1 t\u1ea1i x\u01b0\u1edfng, giao","robots":{"index":"index","follow":"follow","max-snippet":"max-snippet:-1","max-image-preview":"max-image-preview:large","max-video-preview":"max-video-preview:-1"},"canonical":"https:\/\/swoer.vn\/ko\/manufacturer\/bo-cap-lieu-rung-3-ranh\/","og_locale":"ko_KR","og_type":"article","og_title":"B\u1ed9 c\u1ea5p li\u1ec7u rung 3 r\u00e3nh - Nh\u00e0 s\u1ea3n xu\u1ea5t m\u00e1y c\u1ea5p li\u1ec7u c\u00f4ng nghi\u1ec7p","og_description":"B\u1ed9 c\u1ea5p li\u1ec7u rung 3 r\u00e3nh: Gi\u1ea3i ph\u00e1p nh\u00e2n ba c\u00f4ng su\u1ea5t c\u1ea5p li\u1ec7u ch\u00ednh x\u00e1c. Thi\u1ebft k\u1ebf t\u00f9y ch\u1ec9nh theo b\u1ea3n v\u1ebd 3D, v\u1eadt li\u1ec7u SUS304 b\u1ec1n b\u1ec9. Gi\u00e1 t\u1ea1i x\u01b0\u1edfng, giao","og_url":"https:\/\/swoer.vn\/ko\/manufacturer\/bo-cap-lieu-rung-3-ranh\/","og_site_name":"Nh\u00e0 s\u1ea3n xu\u1ea5t m\u00e1y c\u1ea5p li\u1ec7u c\u00f4ng nghi\u1ec7p","og_image":[{"width":800,"height":800,"url":"https:\/\/swoer.vn\/wp-content\/uploads\/2026\/04\/BO-CAP-LIEU-RUNG-3-RANH.png","type":"image\/png"}],"twitter_card":"summary_large_image","twitter_misc":{"\uc608\uc0c1 \ub418\ub294 \ud310\ub3c5 \uc2dc\uac04":"1\ubd84"},"schema":{"@context":"https:\/\/schema.org","@graph":[{"@type":"WebPage","@id":"https:\/\/swoer.vn\/manufacturer\/bo-cap-lieu-rung-3-ranh\/","url":"https:\/\/swoer.vn\/manufacturer\/bo-cap-lieu-rung-3-ranh\/","name":"B\u1ed9 c\u1ea5p li\u1ec7u rung 3 r\u00e3nh - Nh\u00e0 s\u1ea3n xu\u1ea5t m\u00e1y c\u1ea5p li\u1ec7u c\u00f4ng nghi\u1ec7p","isPartOf":{"@id":"https:\/\/swoer.vn\/#website"},"primaryImageOfPage":{"@id":"https:\/\/swoer.vn\/manufacturer\/bo-cap-lieu-rung-3-ranh\/#primaryimage"},"image":{"@id":"https:\/\/swoer.vn\/manufacturer\/bo-cap-lieu-rung-3-ranh\/#primaryimage"},"thumbnailUrl":"https:\/\/swoer.vn\/wp-content\/uploads\/2026\/04\/BO-CAP-LIEU-RUNG-3-RANH.png","datePublished":"2026-04-13T09:14:30+00:00","description":"B\u1ed9 c\u1ea5p li\u1ec7u rung 3 r\u00e3nh: Gi\u1ea3i ph\u00e1p nh\u00e2n ba c\u00f4ng su\u1ea5t c\u1ea5p li\u1ec7u ch\u00ednh x\u00e1c. Thi\u1ebft k\u1ebf t\u00f9y ch\u1ec9nh theo b\u1ea3n v\u1ebd 3D, v\u1eadt li\u1ec7u SUS304 b\u1ec1n b\u1ec9. Gi\u00e1 t\u1ea1i x\u01b0\u1edfng, giao","breadcrumb":{"@id":"https:\/\/swoer.vn\/manufacturer\/bo-cap-lieu-rung-3-ranh\/#breadcrumb"},"inLanguage":"ko-KR","potentialAction":[{"@type":"ReadAction","target":["https:\/\/swoer.vn\/manufacturer\/bo-cap-lieu-rung-3-ranh\/"]}]},{"@type":"ImageObject","inLanguage":"ko-KR","@id":"https:\/\/swoer.vn\/manufacturer\/bo-cap-lieu-rung-3-ranh\/#primaryimage","url":"https:\/\/swoer.vn\/wp-content\/uploads\/2026\/04\/BO-CAP-LIEU-RUNG-3-RANH.png","contentUrl":"https:\/\/swoer.vn\/wp-content\/uploads\/2026\/04\/BO-CAP-LIEU-RUNG-3-RANH.png","width":800,"height":800,"caption":"BO\u0323\u0302 CA\u0302\u0301P LIE\u0323\u0302U RUNG 3 RA\u0303NH"},{"@type":"BreadcrumbList","@id":"https:\/\/swoer.vn\/manufacturer\/bo-cap-lieu-rung-3-ranh\/#breadcrumb","itemListElement":[{"@type":"ListItem","position":1,"name":"Home","item":"https:\/\/swoer.vn\/"},{"@type":"ListItem","position":2,"name":"S\u1ea3n ph\u1ea9m","item":"https:\/\/swoer.vn\/shop\/"},{"@type":"ListItem","position":3,"name":"B\u1ed9 c\u1ea5p li\u1ec7u rung 3 r\u00e3nh"}]},{"@type":"WebSite","@id":"https:\/\/swoer.vn\/#website","url":"https:\/\/swoer.vn\/","name":"\uc0b0\uc5c5\uc6a9 \ud53c\ub354 \uc81c\uc870\uc5c5\uccb4","description":"\ub85c\ubd07, \ud50c\ub809\uc2dc\ube14 \ud53c\ub354, \uc6d0\uc2ec \ud53c\ub354, \uc790\ub3d9 \uc9c4\ub3d9 \ud53c\ub354 \uacf5\uae09\uc5c5\uccb4","potentialAction":[{"@type":"SearchAction","target":{"@type":"EntryPoint","urlTemplate":"https:\/\/swoer.vn\/?s={search_term_string}"},"query-input":{"@type":"PropertyValueSpecification","valueRequired":true,"valueName":"search_term_string"}}],"inLanguage":"ko-KR"}]}},"_links":{"self":[{"href":"https:\/\/swoer.vn\/ko\/wp-json\/wp\/v2\/product\/8326","targetHints":{"allow":["GET"]}}],"collection":[{"href":"https:\/\/swoer.vn\/ko\/wp-json\/wp\/v2\/product"}],"about":[{"href":"https:\/\/swoer.vn\/ko\/wp-json\/wp\/v2\/types\/product"}],"replies":[{"embeddable":true,"href":"https:\/\/swoer.vn\/ko\/wp-json\/wp\/v2\/comments?post=8326"}],"wp:featuredmedia":[{"embeddable":true,"href":"https:\/\/swoer.vn\/ko\/wp-json\/wp\/v2\/media\/8327"}],"wp:attachment":[{"href":"https:\/\/swoer.vn\/ko\/wp-json\/wp\/v2\/media?parent=8326"}],"wp:term":[{"taxonomy":"product_brand","embeddable":true,"href":"https:\/\/swoer.vn\/ko\/wp-json\/wp\/v2\/product_brand?post=8326"},{"taxonomy":"product_cat","embeddable":true,"href":"https:\/\/swoer.vn\/ko\/wp-json\/wp\/v2\/product_cat?post=8326"},{"taxonomy":"product_tag","embeddable":true,"href":"https:\/\/swoer.vn\/ko\/wp-json\/wp\/v2\/product_tag?post=8326"}],"curies":[{"name":"wp","href":"https:\/\/api.w.org\/{rel}","templated":true}]}}