{"id":8254,"date":"2026-04-08T09:42:36","date_gmt":"2026-04-08T02:42:36","guid":{"rendered":"https:\/\/swoer.vn\/?post_type=product&#038;p=8254"},"modified":"2026-04-08T09:53:54","modified_gmt":"2026-04-08T02:53:54","slug":"bo-cap-lieu-rung-cho-gioang-cao-su","status":"publish","type":"product","link":"https:\/\/swoer.vn\/ko\/manufacturer\/bo-cap-lieu-rung-cho-gioang-cao-su\/","title":{"rendered":"B\u1ed9 c\u1ea5p li\u1ec7u rung cho gio\u0103ng cao su"},"content":{"rendered":"<h2><span style=\"font-weight: 400;\">L\u1ee3i th\u1ebf v\u01b0\u1ee3t tr\u1ed9i c\u1ee7a ph\u1ec5u rung<\/span><\/h2>\n<ul>\n<li style=\"font-weight: 400;\" aria-level=\"1\"><b>Thi\u1ebft k\u1ebf ri\u00eang bi\u1ec7t (Customized):<\/b><span style=\"font-weight: 400;\"> M\u1ed7i b\u1ed9 ph\u1ec5u \u0111\u01b0\u1ee3c gia c\u00f4ng ch\u00ednh x\u00e1c theo k\u00edch th\u01b0\u1edbc, h\u00ecnh d\u00e1ng v\u00e0 h\u01b0\u1edbng c\u1ea5p li\u1ec7u \u0111\u1eb7c th\u00f9 c\u1ee7a s\u1ea3n ph\u1ea9m.<\/span><\/li>\n<li style=\"font-weight: 400;\" aria-level=\"1\"><b>Th\u1eddi gian giao h\u00e0ng c\u1ef1c nhanh:<\/b><span style=\"font-weight: 400;\"> Nh\u1edd quy tr\u00ecnh s\u1ea3n xu\u1ea5t t\u1ed1i \u01b0u, ch\u00fang t\u00f4i c\u00f3 th\u1ec3 b\u00e0n giao h\u1ec7 th\u1ed1ng t\u00f9y ch\u1ec9nh ch\u1ec9 trong <\/span><b>1 &#8211; 2 tu\u1ea7n<\/b><span style=\"font-weight: 400;\">.<\/span><\/li>\n<li style=\"font-weight: 400;\" aria-level=\"1\"><b>C\u1ea5p li\u1ec7u ch\u00ednh x\u00e1c v\u00e0 \u1ed5n \u0111\u1ecbnh:<\/b><span style=\"font-weight: 400;\"> H\u1ec7 th\u1ed1ng v\u1eadn h\u00e0nh m\u01b0\u1ee3t m\u00e0 v\u1edbi t\u1ed1c \u0111\u1ed9 x\u1eed l\u00fd l\u00ean \u0111\u1ebfn <\/span><b>500 s\u1ea3n ph\u1ea9m\/ph\u00fat<\/b><span style=\"font-weight: 400;\">.<\/span><\/li>\n<li style=\"font-weight: 400;\" aria-level=\"1\"><b>Kinh nghi\u1ec7m d\u00e0y d\u1eb7n:<\/b><span style=\"font-weight: 400;\"> V\u1edbi h\u01a1n m\u1ed9t th\u1eadp k\u1ef7 ph\u1ee5c v\u1ee5 kh\u00e1ch h\u00e0ng to\u00e0n c\u1ea7u, SWOER l\u00e0 \u0111\u1ed1i t\u00e1c tin c\u1eady c\u1ee7a c\u00e1c c\u00f4ng ty t\u1ef1 \u0111\u1ed9ng h\u00f3a l\u1edbn t\u1ea1i Anh Qu\u1ed1c v\u00e0 Ch\u00e2u \u00c2u.<\/span><\/li>\n<li style=\"font-weight: 400;\" aria-level=\"1\"><b>Thi\u1ebft k\u1ebf tinh g\u1ecdn:<\/b><span style=\"font-weight: 400;\"> Gi\u1ea3i ph\u00e1p ti\u1ebft ki\u1ec7m di\u1ec7n t\u00edch, d\u1ec5 d\u00e0ng t\u00edch h\u1ee3p v\u00e0o c\u00e1c d\u00e2y chuy\u1ec1n s\u1ea3n xu\u1ea5t t\u1ef1 \u0111\u1ed9ng c\u00f3 kh\u00f4ng gian h\u1ea1n ch\u1ebf.<\/span><\/li>\n<li style=\"font-weight: 400;\" aria-level=\"1\"><b>\u1ee8ng d\u1ee5ng \u0111a ng\u00e0nh:<\/b><span style=\"font-weight: 400;\"> Ph\u00f9 h\u1ee3p tuy\u1ec7t v\u1eddi cho ng\u00e0nh s\u1ea3n xu\u1ea5t \u00f4 t\u00f4, \u0111i\u1ec7n t\u1eed, thi\u1ebft b\u1ecb y t\u1ebf v\u00e0 nh\u1ef1a gia d\u1ee5ng.<\/span><\/li>\n<\/ul>\n<h2><span style=\"font-weight: 400;\">Th\u00f4ng s\u1ed1 c\u1ea7n x\u00e1c nh\u1eadn<\/span><\/h2>\n<p><span style=\"font-weight: 400;\">\u0110\u1ec3 \u0111\u1ea3m b\u1ea3o thi\u1ebft b\u1ecb ho\u1ea1t \u0111\u1ed9ng ho\u00e0n h\u1ea3o t\u1ea1i nh\u00e0 m\u00e1y, Ng\u00e2n h\u00e3y c\u00f9ng kh\u00e1ch h\u00e0ng x\u00e1c nh\u1eadn c\u00e1c y\u1ebfu t\u1ed1 k\u1ef9 thu\u1eadt sau:<\/span><\/p>\n<table>\n<tbody>\n<tr>\n<td><b>H\u1ea1ng m\u1ee5c<\/b><\/td>\n<td><b>Y\u00eau c\u1ea7u chi ti\u1ebft<\/b><\/td>\n<\/tr>\n<tr>\n<td><b>Th\u00f4ng s\u1ed1 linh ki\u1ec7n<\/b><\/td>\n<td><span style=\"font-weight: 400;\">B\u1ea3n v\u1ebd ho\u1eb7c m\u1eabu th\u1ef1c t\u1ebf (K\u00edch th\u01b0\u1edbc, v\u1eadt li\u1ec7u, tr\u1ecdng l\u01b0\u1ee3ng).<\/span><\/td>\n<\/tr>\n<tr>\n<td><b>H\u01b0\u1edbng c\u1ea5p li\u1ec7u<\/b><\/td>\n<td><span style=\"font-weight: 400;\">X\u00e1c nh\u1eadn h\u01b0\u1edbng linh ki\u1ec7n \u0111\u1ea7u ra (n\u1eb1m, \u0111\u1ee9ng, m\u1eb7t tr\u00ean\/d\u01b0\u1edbi).<\/span><\/td>\n<\/tr>\n<tr>\n<td><b>T\u1ed1c \u0111\u1ed9 y\u00eau c\u1ea7u<\/b><\/td>\n<td><span style=\"font-weight: 400;\">S\u1ed1 l\u01b0\u1ee3ng s\u1ea3n ph\u1ea9m c\u1ea7n c\u1ea5p trong m\u1ed7i ph\u00fat (PPM).<\/span><\/td>\n<\/tr>\n<tr>\n<td><b>K\u00edch th\u01b0\u1edbc ph\u1ec5u<\/b><\/td>\n<td><span style=\"font-weight: 400;\">X\u00e1c \u0111\u1ecbnh \u0111\u01b0\u1eddng k\u00ednh v\u00e0 th\u1ec3 t\u00edch d\u1ef1a tr\u00ean l\u01b0\u1ee3ng linh ki\u1ec7n d\u1ef1 tr\u1eef.<\/span><\/td>\n<\/tr>\n<tr>\n<td><b>Kh\u00f4ng gian l\u1eafp \u0111\u1eb7t<\/b><\/td>\n<td><span style=\"font-weight: 400;\">S\u01a1 \u0111\u1ed3 b\u1ed1 tr\u00ed m\u00e1y v\u00e0 c\u00e1c gi\u1edbi h\u1ea1n v\u1ec1 kh\u00f4ng gian t\u00edch h\u1ee3p.<\/span><\/td>\n<\/tr>\n<tr>\n<td><b>\uc804\uc6d0 \uacf5\uae09<\/b><\/td>\n<td><span style=\"font-weight: 400;\">Th\u00f4ng s\u1ed1 \u0111i\u1ec7n \u00e1p v\u00e0 t\u1ea7n s\u1ed1 (VD: 220V\/50Hz ho\u1eb7c 110V\/60Hz).<\/span><\/td>\n<\/tr>\n<tr>\n<td><b>\u0110\u1ed9 \u1ed3n (Noise)<\/b><\/td>\n<td><span style=\"font-weight: 400;\">Y\u00eau c\u1ea7u v\u1ec1 m\u1ee9c \u0111\u1ed9 ti\u1ebfng \u1ed3n ho\u1eb7c c\u1ea7n l\u1eafp th\u00eam l\u1ed3ng c\u00e1ch \u00e2m.<\/span><\/td>\n<\/tr>\n<tr>\n<td><b>X\u1eed l\u00fd b\u1ec1 m\u1eb7t<\/b><\/td>\n<td><span style=\"font-weight: 400;\">C\u1ea7n ph\u1ee7 ch\u1ed1ng m\u00e0i m\u00f2n, ch\u1ed1ng t\u0129nh \u0111i\u1ec7n ho\u1eb7c ph\u1ee7 Teflon ch\u1ed1ng d\u00ednh.<\/span><\/td>\n<\/tr>\n<tr>\n<td><b>Thi\u1ebft b\u1ecb b\u1ed5 tr\u1ee3<\/b><\/td>\n<td><span style=\"font-weight: 400;\">C\u1ea7n th\u00eam ph\u1ec5u ch\u1ee9a ph\u00f4i (Hopper) hay b\u0103ng t\u1ea3i tuy\u1ebfn t\u00ednh kh\u00f4ng?<\/span><\/td>\n<\/tr>\n<tr>\n<td><b>T\u00edch h\u1ee3p h\u1ec7 th\u1ed1ng<\/b><\/td>\n<td><span style=\"font-weight: 400;\">C\u00f3 k\u1ebft n\u1ed1i v\u1edbi h\u1ec7 th\u1ed1ng Camera gi\u00e1m s\u00e1t (Vision) hay Robot g\u1eafp kh\u00f4ng?<\/span><\/td>\n<\/tr>\n<\/tbody>\n<\/table>\n<p>&nbsp;<\/p>","protected":false},"excerpt":{"rendered":"<p><span style=\"font-weight: 400;\">V\u1edbi h\u01a1n 10 n\u0103m kinh nghi\u1ec7m trong l\u0129nh v\u1ef1c s\u1ea3n xu\u1ea5t thi\u1ebft b\u1ecb c\u1ea5p li\u1ec7u t\u1ef1 \u0111\u1ed9ng, SWOER cung c\u1ea5p c\u00e1c d\u00f2ng ph\u1ec5u rung t\u00f9y ch\u1ec9nh chuy\u00ean bi\u1ec7t cho c\u00e1c lo\u1ea1i gi\u0103ng cao su, O-ring v\u00e0 linh ki\u1ec7n nh\u1ef1a m\u1ec1m. Ch\u00fang t\u00f4i hi\u1ec3u r\u00f5 nh\u1eefng th\u00e1ch th\u1ee9c v\u1ec1 \u0111\u1ed9 b\u00e1m d\u00ednh v\u00e0 bi\u1ebfn d\u1ea1ng c\u1ee7a v\u1eadt li\u1ec7u cao su \u0111\u1ec3 mang \u0111\u1ebfn gi\u1ea3i ph\u00e1p v\u1eadn h\u00e0nh \u1ed5n \u0111\u1ecbnh nh\u1ea5t.<\/span><\/p>","protected":false},"featured_media":8255,"comment_status":"open","ping_status":"closed","template":"","meta":[],"product_brand":[],"product_cat":[106],"product_tag":[172,170,107,166,249],"class_list":{"0":"post-8254","1":"product","2":"type-product","3":"status-publish","4":"has-post-thumbnail","6":"product_cat-mam-rung-cap-phoi","7":"product_tag-bo-cap-lieu-rung","8":"product_tag-mam-rung-cap-phoi","9":"product_tag-may-cap-lieu-rung","10":"product_tag-pheu-rung","11":"product_tag-vibratory-bowl-feeder","13":"first","14":"instock","15":"shipping-taxable","16":"product-type-simple"},"yoast_head":"<!-- This site is optimized with the Yoast SEO plugin v26.0 - https:\/\/yoast.com\/wordpress\/plugins\/seo\/ -->\n<title>B\u1ed9 c\u1ea5p li\u1ec7u rung cho gio\u0103ng cao su - Nh\u00e0 s\u1ea3n xu\u1ea5t m\u00e1y c\u1ea5p li\u1ec7u c\u00f4ng nghi\u1ec7p<\/title>\n<meta name=\"description\" content=\"Ph\u1ec5u rung SWOER chuy\u00ean d\u1ee5ng cho gi\u0103ng cao su: Thi\u1ebft k\u1ebf t\u00f9y ch\u1ec9nh ch\u00ednh x\u00e1c, t\u1ed1c \u0111\u1ed9 500 sp\/ph\u00fat. Kinh nghi\u1ec7m 10 n\u0103m, b\u00e0n giao nhanh 1-2 tu\u1ea7n.\" \/>\n<meta name=\"robots\" content=\"index, follow, max-snippet:-1, max-image-preview:large, max-video-preview:-1\" \/>\n<link rel=\"canonical\" href=\"https:\/\/swoer.vn\/ko\/manufacturer\/bo-cap-lieu-rung-cho-gioang-cao-su\/\" \/>\n<meta property=\"og:locale\" content=\"ko_KR\" \/>\n<meta property=\"og:type\" content=\"article\" \/>\n<meta property=\"og:title\" content=\"B\u1ed9 c\u1ea5p li\u1ec7u rung cho gio\u0103ng cao su - Nh\u00e0 s\u1ea3n xu\u1ea5t m\u00e1y c\u1ea5p li\u1ec7u c\u00f4ng nghi\u1ec7p\" \/>\n<meta property=\"og:description\" content=\"Ph\u1ec5u rung SWOER chuy\u00ean d\u1ee5ng cho gi\u0103ng cao su: Thi\u1ebft k\u1ebf t\u00f9y ch\u1ec9nh ch\u00ednh x\u00e1c, t\u1ed1c \u0111\u1ed9 500 sp\/ph\u00fat. Kinh nghi\u1ec7m 10 n\u0103m, b\u00e0n giao nhanh 1-2 tu\u1ea7n.\" \/>\n<meta property=\"og:url\" content=\"https:\/\/swoer.vn\/ko\/manufacturer\/bo-cap-lieu-rung-cho-gioang-cao-su\/\" \/>\n<meta property=\"og:site_name\" content=\"Nh\u00e0 s\u1ea3n xu\u1ea5t m\u00e1y c\u1ea5p li\u1ec7u c\u00f4ng nghi\u1ec7p\" \/>\n<meta property=\"article:modified_time\" content=\"2026-04-08T02:53:54+00:00\" \/>\n<meta property=\"og:image\" content=\"https:\/\/swoer.vn\/wp-content\/uploads\/2026\/04\/BO-CAP-LIEU-RUNG-CHO-GIANG-CAO-SU.png\" \/>\n\t<meta property=\"og:image:width\" content=\"800\" \/>\n\t<meta property=\"og:image:height\" content=\"800\" \/>\n\t<meta property=\"og:image:type\" content=\"image\/png\" \/>\n<meta name=\"twitter:card\" content=\"summary_large_image\" \/>\n<meta name=\"twitter:label1\" content=\"\uc608\uc0c1 \ub418\ub294 \ud310\ub3c5 \uc2dc\uac04\" \/>\n\t<meta name=\"twitter:data1\" content=\"3\ubd84\" \/>\n<script type=\"application\/ld+json\" class=\"yoast-schema-graph\">{\"@context\":\"https:\/\/schema.org\",\"@graph\":[{\"@type\":\"WebPage\",\"@id\":\"https:\/\/swoer.vn\/manufacturer\/bo-cap-lieu-rung-cho-gioang-cao-su\/\",\"url\":\"https:\/\/swoer.vn\/manufacturer\/bo-cap-lieu-rung-cho-gioang-cao-su\/\",\"name\":\"B\u1ed9 c\u1ea5p li\u1ec7u rung cho gio\u0103ng cao su - Nh\u00e0 s\u1ea3n xu\u1ea5t m\u00e1y c\u1ea5p li\u1ec7u c\u00f4ng nghi\u1ec7p\",\"isPartOf\":{\"@id\":\"https:\/\/swoer.vn\/#website\"},\"primaryImageOfPage\":{\"@id\":\"https:\/\/swoer.vn\/manufacturer\/bo-cap-lieu-rung-cho-gioang-cao-su\/#primaryimage\"},\"image\":{\"@id\":\"https:\/\/swoer.vn\/manufacturer\/bo-cap-lieu-rung-cho-gioang-cao-su\/#primaryimage\"},\"thumbnailUrl\":\"https:\/\/swoer.vn\/wp-content\/uploads\/2026\/04\/BO-CAP-LIEU-RUNG-CHO-GIANG-CAO-SU.png\",\"datePublished\":\"2026-04-08T02:42:36+00:00\",\"dateModified\":\"2026-04-08T02:53:54+00:00\",\"description\":\"Ph\u1ec5u rung SWOER chuy\u00ean d\u1ee5ng cho gi\u0103ng cao su: Thi\u1ebft k\u1ebf t\u00f9y ch\u1ec9nh ch\u00ednh x\u00e1c, t\u1ed1c \u0111\u1ed9 500 sp\/ph\u00fat. Kinh nghi\u1ec7m 10 n\u0103m, b\u00e0n giao nhanh 1-2 tu\u1ea7n.\",\"breadcrumb\":{\"@id\":\"https:\/\/swoer.vn\/manufacturer\/bo-cap-lieu-rung-cho-gioang-cao-su\/#breadcrumb\"},\"inLanguage\":\"ko-KR\",\"potentialAction\":[{\"@type\":\"ReadAction\",\"target\":[\"https:\/\/swoer.vn\/manufacturer\/bo-cap-lieu-rung-cho-gioang-cao-su\/\"]}]},{\"@type\":\"ImageObject\",\"inLanguage\":\"ko-KR\",\"@id\":\"https:\/\/swoer.vn\/manufacturer\/bo-cap-lieu-rung-cho-gioang-cao-su\/#primaryimage\",\"url\":\"https:\/\/swoer.vn\/wp-content\/uploads\/2026\/04\/BO-CAP-LIEU-RUNG-CHO-GIANG-CAO-SU.png\",\"contentUrl\":\"https:\/\/swoer.vn\/wp-content\/uploads\/2026\/04\/BO-CAP-LIEU-RUNG-CHO-GIANG-CAO-SU.png\",\"width\":800,\"height\":800,\"caption\":\"BO\u0323\u0302 CA\u0302\u0301P LIE\u0323\u0302U RUNG CHO GIA\u0306NG CAO SU\"},{\"@type\":\"BreadcrumbList\",\"@id\":\"https:\/\/swoer.vn\/manufacturer\/bo-cap-lieu-rung-cho-gioang-cao-su\/#breadcrumb\",\"itemListElement\":[{\"@type\":\"ListItem\",\"position\":1,\"name\":\"Home\",\"item\":\"https:\/\/swoer.vn\/\"},{\"@type\":\"ListItem\",\"position\":2,\"name\":\"S\u1ea3n ph\u1ea9m\",\"item\":\"https:\/\/swoer.vn\/shop\/\"},{\"@type\":\"ListItem\",\"position\":3,\"name\":\"B\u1ed9 c\u1ea5p li\u1ec7u rung cho gio\u0103ng cao su\"}]},{\"@type\":\"WebSite\",\"@id\":\"https:\/\/swoer.vn\/#website\",\"url\":\"https:\/\/swoer.vn\/\",\"name\":\"Nh\u00e0 s\u1ea3n xu\u1ea5t m\u00e1y c\u1ea5p li\u1ec7u c\u00f4ng nghi\u1ec7p\",\"description\":\"Nh\u00e0 cung c\u1ea5p robot, m\u00e1y c\u1ea5p li\u1ec7u linh ho\u1ea1t, m\u00e1y c\u1ea5p li\u1ec7u ly t\u00e2m, m\u00e1y c\u1ea5p li\u1ec7u rung t\u1ef1 \u0111\u1ed9ng\",\"potentialAction\":[{\"@type\":\"SearchAction\",\"target\":{\"@type\":\"EntryPoint\",\"urlTemplate\":\"https:\/\/swoer.vn\/?s={search_term_string}\"},\"query-input\":{\"@type\":\"PropertyValueSpecification\",\"valueRequired\":true,\"valueName\":\"search_term_string\"}}],\"inLanguage\":\"ko-KR\"}]}<\/script>\n<!-- \/ Yoast SEO plugin. -->","yoast_head_json":{"title":"B\u1ed9 c\u1ea5p li\u1ec7u rung cho gio\u0103ng cao su - Nh\u00e0 s\u1ea3n xu\u1ea5t m\u00e1y c\u1ea5p li\u1ec7u c\u00f4ng nghi\u1ec7p","description":"Ph\u1ec5u rung SWOER chuy\u00ean d\u1ee5ng cho gi\u0103ng cao su: Thi\u1ebft k\u1ebf t\u00f9y ch\u1ec9nh ch\u00ednh x\u00e1c, t\u1ed1c \u0111\u1ed9 500 sp\/ph\u00fat. Kinh nghi\u1ec7m 10 n\u0103m, b\u00e0n giao nhanh 1-2 tu\u1ea7n.","robots":{"index":"index","follow":"follow","max-snippet":"max-snippet:-1","max-image-preview":"max-image-preview:large","max-video-preview":"max-video-preview:-1"},"canonical":"https:\/\/swoer.vn\/ko\/manufacturer\/bo-cap-lieu-rung-cho-gioang-cao-su\/","og_locale":"ko_KR","og_type":"article","og_title":"B\u1ed9 c\u1ea5p li\u1ec7u rung cho gio\u0103ng cao su - Nh\u00e0 s\u1ea3n xu\u1ea5t m\u00e1y c\u1ea5p li\u1ec7u c\u00f4ng nghi\u1ec7p","og_description":"Ph\u1ec5u rung SWOER chuy\u00ean d\u1ee5ng cho gi\u0103ng cao su: Thi\u1ebft k\u1ebf t\u00f9y ch\u1ec9nh ch\u00ednh x\u00e1c, t\u1ed1c \u0111\u1ed9 500 sp\/ph\u00fat. Kinh nghi\u1ec7m 10 n\u0103m, b\u00e0n giao nhanh 1-2 tu\u1ea7n.","og_url":"https:\/\/swoer.vn\/ko\/manufacturer\/bo-cap-lieu-rung-cho-gioang-cao-su\/","og_site_name":"Nh\u00e0 s\u1ea3n xu\u1ea5t m\u00e1y c\u1ea5p li\u1ec7u c\u00f4ng nghi\u1ec7p","article_modified_time":"2026-04-08T02:53:54+00:00","og_image":[{"width":800,"height":800,"url":"https:\/\/swoer.vn\/wp-content\/uploads\/2026\/04\/BO-CAP-LIEU-RUNG-CHO-GIANG-CAO-SU.png","type":"image\/png"}],"twitter_card":"summary_large_image","twitter_misc":{"\uc608\uc0c1 \ub418\ub294 \ud310\ub3c5 \uc2dc\uac04":"3\ubd84"},"schema":{"@context":"https:\/\/schema.org","@graph":[{"@type":"WebPage","@id":"https:\/\/swoer.vn\/manufacturer\/bo-cap-lieu-rung-cho-gioang-cao-su\/","url":"https:\/\/swoer.vn\/manufacturer\/bo-cap-lieu-rung-cho-gioang-cao-su\/","name":"B\u1ed9 c\u1ea5p li\u1ec7u rung cho gio\u0103ng cao su - Nh\u00e0 s\u1ea3n xu\u1ea5t m\u00e1y c\u1ea5p li\u1ec7u c\u00f4ng nghi\u1ec7p","isPartOf":{"@id":"https:\/\/swoer.vn\/#website"},"primaryImageOfPage":{"@id":"https:\/\/swoer.vn\/manufacturer\/bo-cap-lieu-rung-cho-gioang-cao-su\/#primaryimage"},"image":{"@id":"https:\/\/swoer.vn\/manufacturer\/bo-cap-lieu-rung-cho-gioang-cao-su\/#primaryimage"},"thumbnailUrl":"https:\/\/swoer.vn\/wp-content\/uploads\/2026\/04\/BO-CAP-LIEU-RUNG-CHO-GIANG-CAO-SU.png","datePublished":"2026-04-08T02:42:36+00:00","dateModified":"2026-04-08T02:53:54+00:00","description":"Ph\u1ec5u rung SWOER chuy\u00ean d\u1ee5ng cho gi\u0103ng cao su: Thi\u1ebft k\u1ebf t\u00f9y ch\u1ec9nh ch\u00ednh x\u00e1c, t\u1ed1c \u0111\u1ed9 500 sp\/ph\u00fat. Kinh nghi\u1ec7m 10 n\u0103m, b\u00e0n giao nhanh 1-2 tu\u1ea7n.","breadcrumb":{"@id":"https:\/\/swoer.vn\/manufacturer\/bo-cap-lieu-rung-cho-gioang-cao-su\/#breadcrumb"},"inLanguage":"ko-KR","potentialAction":[{"@type":"ReadAction","target":["https:\/\/swoer.vn\/manufacturer\/bo-cap-lieu-rung-cho-gioang-cao-su\/"]}]},{"@type":"ImageObject","inLanguage":"ko-KR","@id":"https:\/\/swoer.vn\/manufacturer\/bo-cap-lieu-rung-cho-gioang-cao-su\/#primaryimage","url":"https:\/\/swoer.vn\/wp-content\/uploads\/2026\/04\/BO-CAP-LIEU-RUNG-CHO-GIANG-CAO-SU.png","contentUrl":"https:\/\/swoer.vn\/wp-content\/uploads\/2026\/04\/BO-CAP-LIEU-RUNG-CHO-GIANG-CAO-SU.png","width":800,"height":800,"caption":"BO\u0323\u0302 CA\u0302\u0301P LIE\u0323\u0302U RUNG CHO GIA\u0306NG CAO SU"},{"@type":"BreadcrumbList","@id":"https:\/\/swoer.vn\/manufacturer\/bo-cap-lieu-rung-cho-gioang-cao-su\/#breadcrumb","itemListElement":[{"@type":"ListItem","position":1,"name":"Home","item":"https:\/\/swoer.vn\/"},{"@type":"ListItem","position":2,"name":"S\u1ea3n ph\u1ea9m","item":"https:\/\/swoer.vn\/shop\/"},{"@type":"ListItem","position":3,"name":"B\u1ed9 c\u1ea5p li\u1ec7u rung cho gio\u0103ng cao su"}]},{"@type":"WebSite","@id":"https:\/\/swoer.vn\/#website","url":"https:\/\/swoer.vn\/","name":"\uc0b0\uc5c5\uc6a9 \ud53c\ub354 \uc81c\uc870\uc5c5\uccb4","description":"\ub85c\ubd07, \ud50c\ub809\uc2dc\ube14 \ud53c\ub354, \uc6d0\uc2ec \ud53c\ub354, \uc790\ub3d9 \uc9c4\ub3d9 \ud53c\ub354 \uacf5\uae09\uc5c5\uccb4","potentialAction":[{"@type":"SearchAction","target":{"@type":"EntryPoint","urlTemplate":"https:\/\/swoer.vn\/?s={search_term_string}"},"query-input":{"@type":"PropertyValueSpecification","valueRequired":true,"valueName":"search_term_string"}}],"inLanguage":"ko-KR"}]}},"_links":{"self":[{"href":"https:\/\/swoer.vn\/ko\/wp-json\/wp\/v2\/product\/8254","targetHints":{"allow":["GET"]}}],"collection":[{"href":"https:\/\/swoer.vn\/ko\/wp-json\/wp\/v2\/product"}],"about":[{"href":"https:\/\/swoer.vn\/ko\/wp-json\/wp\/v2\/types\/product"}],"replies":[{"embeddable":true,"href":"https:\/\/swoer.vn\/ko\/wp-json\/wp\/v2\/comments?post=8254"}],"wp:featuredmedia":[{"embeddable":true,"href":"https:\/\/swoer.vn\/ko\/wp-json\/wp\/v2\/media\/8255"}],"wp:attachment":[{"href":"https:\/\/swoer.vn\/ko\/wp-json\/wp\/v2\/media?parent=8254"}],"wp:term":[{"taxonomy":"product_brand","embeddable":true,"href":"https:\/\/swoer.vn\/ko\/wp-json\/wp\/v2\/product_brand?post=8254"},{"taxonomy":"product_cat","embeddable":true,"href":"https:\/\/swoer.vn\/ko\/wp-json\/wp\/v2\/product_cat?post=8254"},{"taxonomy":"product_tag","embeddable":true,"href":"https:\/\/swoer.vn\/ko\/wp-json\/wp\/v2\/product_tag?post=8254"}],"curies":[{"name":"wp","href":"https:\/\/api.w.org\/{rel}","templated":true}]}}