{"id":8237,"date":"2026-04-07T09:08:09","date_gmt":"2026-04-07T02:08:09","guid":{"rendered":"https:\/\/swoer.vn\/?post_type=product&#038;p=8237"},"modified":"2026-04-07T09:08:10","modified_gmt":"2026-04-07T02:08:10","slug":"bo-bang-tai-bac-thang-tu-dong","status":"publish","type":"product","link":"https:\/\/swoer.vn\/ko\/manufacturer\/bo-bang-tai-bac-thang-tu-dong\/","title":{"rendered":"B\u1ed9 b\u0103ng t\u1ea3i b\u1eadc thang t\u1ef1 \u0111\u1ed9ng"},"content":{"rendered":"<h2><span style=\"font-weight: 400;\">L\u1ee3i th\u1ebf c\u1ed1t l\u00f5i<\/span><\/h2>\n<h3><span style=\"font-weight: 400;\">1. V\u1eadn chuy\u1ec3n \u00eam \u00e1i<\/span><\/h3>\n<p><span style=\"font-weight: 400;\">C\u01a1 ch\u1ebf c\u1ea5p li\u1ec7u b\u1eadc thang \u0111\u1ea3m b\u1ea3o c\u00e1c linh ki\u1ec7n \u0111\u01b0\u1ee3c x\u1eed l\u00fd m\u1ed9t c\u00e1ch nh\u1eb9 nh\u00e0ng nh\u1ea5t. Nh\u1edd \u0111\u00f3, c\u00e1c s\u1ea3n ph\u1ea9m (nh\u01b0 c\u00e1n ch\u1ed5i g\u1ed7, nh\u1ef1a ho\u1eb7c kim lo\u1ea1i) tr\u00e1nh \u0111\u01b0\u1ee3c t\u00ecnh tr\u1ea1ng tr\u1ea7y x\u01b0\u1edbc, m\u00f3p m\u00e9o ho\u1eb7c h\u01b0 h\u1ecfng trong su\u1ed1t qu\u00e1 tr\u00ecnh c\u1ea5p li\u1ec7u. B\u0103ng t\u1ea3i duy tr\u00ec d\u00f2ng ch\u1ea3y \u1ed5n \u0111\u1ecbnh, gi\u00fap nh\u1ecbp \u0111\u1ed9 s\u1ea3n xu\u1ea5t lu\u00f4n \u0111\u01b0\u1ee3c b\u1ea3o \u0111\u1ea3m.<\/span><\/p>\n<h3><span style=\"font-weight: 400;\">2. \u0110\u1ed9 ch\u00ednh x\u00e1c h\u01b0\u1edbng v\u00e0 t\u1ed1i \u01b0u nh\u00e2n c\u00f4ng<\/span><\/h3>\n<p><span style=\"font-weight: 400;\">H\u1ec7 th\u1ed1ng c\u1ea3i thi\u1ec7n \u0111\u00e1ng k\u1ec3 \u0111\u1ed9 ch\u00ednh x\u00e1c trong vi\u1ec7c \u0111\u1ecbnh h\u01b0\u1edbng linh ki\u1ec7n tr\u01b0\u1edbc khi \u0111\u01b0a v\u00e0o d\u00e2y chuy\u1ec1n l\u1eafp r\u00e1p. \u0110i\u1ec1u n\u00e0y gi\u00fap c\u00e1c c\u00f4ng \u0111o\u1ea1n ph\u00eda sau v\u1eadn h\u00e0nh m\u01b0\u1ee3t m\u00e0 h\u01a1n, \u0111\u1ed3ng th\u1eddi c\u1eaft gi\u1ea3m t\u1ed1i \u0111a c\u00e1c thao t\u00e1c th\u1ee7 c\u00f4ng, gi\u00fap doanh nghi\u1ec7p ti\u1ebft ki\u1ec7m chi ph\u00ed nh\u00e2n s\u1ef1 v\u00e0 gi\u1ea3m thi\u1ec3u sai s\u00f3t do y\u1ebfu t\u1ed1 con ng\u01b0\u1eddi.<\/span><\/p>\n<h3><span style=\"font-weight: 400;\">3. D\u1ecbch v\u1ee5 t\u00f9y bi\u1ebfn to\u00e0n di\u1ec7n<\/span><\/h3>\n<p><span style=\"font-weight: 400;\">SWOER h\u1ed7 tr\u1ee3 d\u1ecbch v\u1ee5 thi\u1ebft k\u1ebf theo y\u00eau c\u1ea7u th\u1ef1c t\u1ebf c\u1ee7a kh\u00e1ch h\u00e0ng. V\u00ed d\u1ee5:<\/span><\/p>\n<ul>\n<li style=\"font-weight: 400;\" aria-level=\"1\"><b>K\u00edch th\u01b0\u1edbc &amp; t\u1ed1c \u0111\u1ed9:<\/b><span style=\"font-weight: 400;\"> C\u00f3 th\u1ec3 \u0111i\u1ec1u ch\u1ec9nh linh ho\u1ea1t \u0111\u1ec3 ph\u00f9 h\u1ee3p v\u1edbi s\u1ea3n ph\u1ea9m v\u00e0 c\u00f4ng su\u1ea5t d\u00e2y chuy\u1ec1n.<\/span><\/li>\n<li style=\"font-weight: 400;\" aria-level=\"1\"><b>B\u1ed1 tr\u00ed s\u01a1 \u0111\u1ed3:<\/b><span style=\"font-weight: 400;\"> Thi\u1ebft k\u1ebf t\u1ed1i \u01b0u theo di\u1ec7n t\u00edch v\u00e0 kh\u00f4ng gian th\u1ef1c t\u1ebf t\u1ea1i nh\u00e0 x\u01b0\u1edfng c\u1ee7a b\u1ea1n.<\/span><\/li>\n<\/ul>\n<h2><span style=\"font-weight: 400;\">\u0110\u1eb7c \u0111i\u1ec3m k\u1ef9 thu\u1eadt<\/span><\/h2>\n<table>\n<tbody>\n<tr>\n<td><b>\u0110\u1eb7c t\u00ednh<\/b><\/td>\n<td><b>Gi\u00e1 tr\u1ecb mang l\u1ea1i<\/b><\/td>\n<\/tr>\n<tr>\n<td><b>\uc548\uc815<\/b><\/td>\n<td><span style=\"font-weight: 400;\">V\u1eadn h\u00e0nh li\u00ean t\u1ee5c 24\/7 v\u1edbi t\u1ef7 l\u1ec7 l\u1ed7i th\u1ea5p nh\u1ea5t.<\/span><\/td>\n<\/tr>\n<tr>\n<td><b>B\u1ea3o tr\u00ec d\u1ec5 d\u00e0ng<\/b><\/td>\n<td><span style=\"font-weight: 400;\">C\u1ea5u t\u1ea1o module gi\u00fap vi\u1ec7c v\u1ec7 sinh v\u00e0 thay th\u1ebf linh ki\u1ec7n nhanh ch\u00f3ng.<\/span><\/td>\n<\/tr>\n<tr>\n<td><b>Gi\u1ea3m Downtime<\/b><\/td>\n<td><span style=\"font-weight: 400;\">H\u1ec7 th\u1ed1ng ho\u1ea1t \u0111\u1ed9ng b\u1ec1n b\u1ec9, gi\u1ea3m thi\u1ec3u th\u1eddi gian d\u1eebng m\u00e1y ngo\u00e0i \u00fd mu\u1ed1n.<\/span><\/td>\n<\/tr>\n<tr>\n<td><b>T\u01b0\u01a1ng th\u00edch cao<\/b><\/td>\n<td><span style=\"font-weight: 400;\">D\u1ec5 d\u00e0ng k\u1ebft n\u1ed1i v\u1edbi c\u00e1c h\u1ec7 th\u1ed1ng \u0111i\u1ec1u khi\u1ec3n PLC v\u00e0 d\u00e2y chuy\u1ec1n hi\u1ec7n c\u00f3.<\/span><\/td>\n<\/tr>\n<\/tbody>\n<\/table>\n<p>&nbsp;<\/p>","protected":false},"excerpt":{"rendered":"<p><span style=\"font-weight: 400;\">H\u1ec7 th\u1ed1ng b\u0103ng t\u1ea3i c\u1ea5p li\u1ec7u b\u1eadc thang c\u1ee7a SWOER mang \u0111\u1ebfn gi\u1ea3i ph\u00e1p c\u1ea5p li\u1ec7u th\u00f4ng minh, \u0111\u1eb7c bi\u1ec7t t\u1ed1i \u01b0u cho c\u00e1c s\u1ea3n ph\u1ea9m d\u1ea1ng thanh (nh\u01b0 c\u00e1n ch\u1ed5i, thanh tr\u1ee5, \u1ed1ng d\u1eabn&#8230;). M\u1ed7i h\u1ec7 th\u1ed1ng \u0111\u01b0\u1ee3c thi\u1ebft k\u1ebf \u0111\u1ec3 \u0111\u00e1p \u1ee9ng ch\u00ednh x\u00e1c nhu c\u1ea7u s\u1ea3n xu\u1ea5t \u0111\u1eb7c th\u00f9, gi\u00fap doanh nghi\u1ec7p \u0111\u1ea1t \u0111\u01b0\u1ee3c hi\u1ec7u su\u1ea5t v\u00e0 \u0111\u1ed9 \u1ed5n \u0111\u1ecbnh cao nh\u1ea5t trong quy tr\u00ecnh t\u1ef1 \u0111\u1ed9ng h\u00f3a.<\/span><\/p>","protected":false},"featured_media":8238,"comment_status":"open","ping_status":"closed","template":"","meta":[],"product_brand":[],"product_cat":[37],"product_tag":[247,163,197,164],"class_list":{"0":"post-8237","1":"product","2":"type-product","3":"status-publish","4":"has-post-thumbnail","6":"product_cat-may-cap-lieu-dang-bac-thang","7":"product_tag-bo-bang-tai-bac-thang-tu-dong","8":"product_tag-bo-cap-lieu-bac-thang","9":"product_tag-may-cap-lieu-bac-thang","10":"product_tag-step-feeder","12":"first","13":"instock","14":"shipping-taxable","15":"product-type-simple"},"yoast_head":"<!-- This site is optimized with the Yoast SEO plugin v26.0 - https:\/\/yoast.com\/wordpress\/plugins\/seo\/ -->\n<title>B\u1ed9 b\u0103ng t\u1ea3i b\u1eadc thang t\u1ef1 \u0111\u1ed9ng - Nh\u00e0 s\u1ea3n xu\u1ea5t m\u00e1y c\u1ea5p li\u1ec7u c\u00f4ng nghi\u1ec7p<\/title>\n<meta name=\"description\" content=\"H\u1ec7 th\u1ed1ng b\u0103ng t\u1ea3i c\u1ea5p li\u1ec7u b\u1eadc thang SWOER: Gi\u1ea3i ph\u00e1p t\u1ef1 \u0111\u1ed9ng h\u00f3a g\u1eafp-\u0111\u1eb7t \u00eam \u00e1i, ch\u00ednh x\u00e1c v\u00e0 t\u00f9y ch\u1ec9nh linh ho\u1ea1t theo m\u1eb7t b\u1eb1ng nh\u00e0 m\u00e1y.\" \/>\n<meta name=\"robots\" content=\"index, follow, max-snippet:-1, max-image-preview:large, max-video-preview:-1\" \/>\n<link rel=\"canonical\" href=\"https:\/\/swoer.vn\/ko\/manufacturer\/bo-bang-tai-bac-thang-tu-dong\/\" \/>\n<meta property=\"og:locale\" content=\"ko_KR\" \/>\n<meta property=\"og:type\" content=\"article\" \/>\n<meta property=\"og:title\" content=\"B\u1ed9 b\u0103ng t\u1ea3i b\u1eadc thang t\u1ef1 \u0111\u1ed9ng - Nh\u00e0 s\u1ea3n xu\u1ea5t m\u00e1y c\u1ea5p li\u1ec7u c\u00f4ng nghi\u1ec7p\" \/>\n<meta property=\"og:description\" content=\"H\u1ec7 th\u1ed1ng b\u0103ng t\u1ea3i c\u1ea5p li\u1ec7u b\u1eadc thang SWOER: Gi\u1ea3i ph\u00e1p t\u1ef1 \u0111\u1ed9ng h\u00f3a g\u1eafp-\u0111\u1eb7t \u00eam \u00e1i, ch\u00ednh x\u00e1c v\u00e0 t\u00f9y ch\u1ec9nh linh ho\u1ea1t theo m\u1eb7t b\u1eb1ng nh\u00e0 m\u00e1y.\" \/>\n<meta property=\"og:url\" content=\"https:\/\/swoer.vn\/ko\/manufacturer\/bo-bang-tai-bac-thang-tu-dong\/\" \/>\n<meta property=\"og:site_name\" content=\"Nh\u00e0 s\u1ea3n xu\u1ea5t m\u00e1y c\u1ea5p li\u1ec7u c\u00f4ng nghi\u1ec7p\" \/>\n<meta property=\"article:modified_time\" content=\"2026-04-07T02:08:10+00:00\" \/>\n<meta property=\"og:image\" content=\"https:\/\/swoer.vn\/wp-content\/uploads\/2026\/04\/Bo-bang-tai-bac-thang-tu-dong.png\" \/>\n\t<meta property=\"og:image:width\" content=\"800\" \/>\n\t<meta property=\"og:image:height\" content=\"800\" \/>\n\t<meta property=\"og:image:type\" content=\"image\/png\" \/>\n<meta name=\"twitter:card\" content=\"summary_large_image\" \/>\n<meta name=\"twitter:label1\" content=\"\uc608\uc0c1 \ub418\ub294 \ud310\ub3c5 \uc2dc\uac04\" \/>\n\t<meta name=\"twitter:data1\" content=\"2\ubd84\" \/>\n<script type=\"application\/ld+json\" class=\"yoast-schema-graph\">{\"@context\":\"https:\/\/schema.org\",\"@graph\":[{\"@type\":\"WebPage\",\"@id\":\"https:\/\/swoer.vn\/manufacturer\/bo-bang-tai-bac-thang-tu-dong\/\",\"url\":\"https:\/\/swoer.vn\/manufacturer\/bo-bang-tai-bac-thang-tu-dong\/\",\"name\":\"B\u1ed9 b\u0103ng t\u1ea3i b\u1eadc thang t\u1ef1 \u0111\u1ed9ng - Nh\u00e0 s\u1ea3n xu\u1ea5t m\u00e1y c\u1ea5p li\u1ec7u c\u00f4ng nghi\u1ec7p\",\"isPartOf\":{\"@id\":\"https:\/\/swoer.vn\/#website\"},\"primaryImageOfPage\":{\"@id\":\"https:\/\/swoer.vn\/manufacturer\/bo-bang-tai-bac-thang-tu-dong\/#primaryimage\"},\"image\":{\"@id\":\"https:\/\/swoer.vn\/manufacturer\/bo-bang-tai-bac-thang-tu-dong\/#primaryimage\"},\"thumbnailUrl\":\"https:\/\/swoer.vn\/wp-content\/uploads\/2026\/04\/Bo-bang-tai-bac-thang-tu-dong.png\",\"datePublished\":\"2026-04-07T02:08:09+00:00\",\"dateModified\":\"2026-04-07T02:08:10+00:00\",\"description\":\"H\u1ec7 th\u1ed1ng b\u0103ng t\u1ea3i c\u1ea5p li\u1ec7u b\u1eadc thang SWOER: Gi\u1ea3i ph\u00e1p t\u1ef1 \u0111\u1ed9ng h\u00f3a g\u1eafp-\u0111\u1eb7t \u00eam \u00e1i, ch\u00ednh x\u00e1c v\u00e0 t\u00f9y ch\u1ec9nh linh ho\u1ea1t theo m\u1eb7t b\u1eb1ng nh\u00e0 m\u00e1y.\",\"breadcrumb\":{\"@id\":\"https:\/\/swoer.vn\/manufacturer\/bo-bang-tai-bac-thang-tu-dong\/#breadcrumb\"},\"inLanguage\":\"ko-KR\",\"potentialAction\":[{\"@type\":\"ReadAction\",\"target\":[\"https:\/\/swoer.vn\/manufacturer\/bo-bang-tai-bac-thang-tu-dong\/\"]}]},{\"@type\":\"ImageObject\",\"inLanguage\":\"ko-KR\",\"@id\":\"https:\/\/swoer.vn\/manufacturer\/bo-bang-tai-bac-thang-tu-dong\/#primaryimage\",\"url\":\"https:\/\/swoer.vn\/wp-content\/uploads\/2026\/04\/Bo-bang-tai-bac-thang-tu-dong.png\",\"contentUrl\":\"https:\/\/swoer.vn\/wp-content\/uploads\/2026\/04\/Bo-bang-tai-bac-thang-tu-dong.png\",\"width\":800,\"height\":800,\"caption\":\"Bo\u0323\u0302 ba\u0306ng ta\u0309i ba\u0323\u0302c thang tu\u031b\u0323 \u0111o\u0323\u0302ng\"},{\"@type\":\"BreadcrumbList\",\"@id\":\"https:\/\/swoer.vn\/manufacturer\/bo-bang-tai-bac-thang-tu-dong\/#breadcrumb\",\"itemListElement\":[{\"@type\":\"ListItem\",\"position\":1,\"name\":\"Home\",\"item\":\"https:\/\/swoer.vn\/\"},{\"@type\":\"ListItem\",\"position\":2,\"name\":\"S\u1ea3n ph\u1ea9m\",\"item\":\"https:\/\/swoer.vn\/shop\/\"},{\"@type\":\"ListItem\",\"position\":3,\"name\":\"B\u1ed9 b\u0103ng t\u1ea3i b\u1eadc thang t\u1ef1 \u0111\u1ed9ng\"}]},{\"@type\":\"WebSite\",\"@id\":\"https:\/\/swoer.vn\/#website\",\"url\":\"https:\/\/swoer.vn\/\",\"name\":\"Nh\u00e0 s\u1ea3n xu\u1ea5t m\u00e1y c\u1ea5p li\u1ec7u c\u00f4ng nghi\u1ec7p\",\"description\":\"Nh\u00e0 cung c\u1ea5p robot, m\u00e1y c\u1ea5p li\u1ec7u linh ho\u1ea1t, m\u00e1y c\u1ea5p li\u1ec7u ly t\u00e2m, m\u00e1y c\u1ea5p li\u1ec7u rung t\u1ef1 \u0111\u1ed9ng\",\"potentialAction\":[{\"@type\":\"SearchAction\",\"target\":{\"@type\":\"EntryPoint\",\"urlTemplate\":\"https:\/\/swoer.vn\/?s={search_term_string}\"},\"query-input\":{\"@type\":\"PropertyValueSpecification\",\"valueRequired\":true,\"valueName\":\"search_term_string\"}}],\"inLanguage\":\"ko-KR\"}]}<\/script>\n<!-- \/ Yoast SEO plugin. -->","yoast_head_json":{"title":"B\u1ed9 b\u0103ng t\u1ea3i b\u1eadc thang t\u1ef1 \u0111\u1ed9ng - Nh\u00e0 s\u1ea3n xu\u1ea5t m\u00e1y c\u1ea5p li\u1ec7u c\u00f4ng nghi\u1ec7p","description":"H\u1ec7 th\u1ed1ng b\u0103ng t\u1ea3i c\u1ea5p li\u1ec7u b\u1eadc thang SWOER: Gi\u1ea3i ph\u00e1p t\u1ef1 \u0111\u1ed9ng h\u00f3a g\u1eafp-\u0111\u1eb7t \u00eam \u00e1i, ch\u00ednh x\u00e1c v\u00e0 t\u00f9y ch\u1ec9nh linh ho\u1ea1t theo m\u1eb7t b\u1eb1ng nh\u00e0 m\u00e1y.","robots":{"index":"index","follow":"follow","max-snippet":"max-snippet:-1","max-image-preview":"max-image-preview:large","max-video-preview":"max-video-preview:-1"},"canonical":"https:\/\/swoer.vn\/ko\/manufacturer\/bo-bang-tai-bac-thang-tu-dong\/","og_locale":"ko_KR","og_type":"article","og_title":"B\u1ed9 b\u0103ng t\u1ea3i b\u1eadc thang t\u1ef1 \u0111\u1ed9ng - Nh\u00e0 s\u1ea3n xu\u1ea5t m\u00e1y c\u1ea5p li\u1ec7u c\u00f4ng nghi\u1ec7p","og_description":"H\u1ec7 th\u1ed1ng b\u0103ng t\u1ea3i c\u1ea5p li\u1ec7u b\u1eadc thang SWOER: Gi\u1ea3i ph\u00e1p t\u1ef1 \u0111\u1ed9ng h\u00f3a g\u1eafp-\u0111\u1eb7t \u00eam \u00e1i, ch\u00ednh x\u00e1c v\u00e0 t\u00f9y ch\u1ec9nh linh ho\u1ea1t theo m\u1eb7t b\u1eb1ng nh\u00e0 m\u00e1y.","og_url":"https:\/\/swoer.vn\/ko\/manufacturer\/bo-bang-tai-bac-thang-tu-dong\/","og_site_name":"Nh\u00e0 s\u1ea3n xu\u1ea5t m\u00e1y c\u1ea5p li\u1ec7u c\u00f4ng nghi\u1ec7p","article_modified_time":"2026-04-07T02:08:10+00:00","og_image":[{"width":800,"height":800,"url":"https:\/\/swoer.vn\/wp-content\/uploads\/2026\/04\/Bo-bang-tai-bac-thang-tu-dong.png","type":"image\/png"}],"twitter_card":"summary_large_image","twitter_misc":{"\uc608\uc0c1 \ub418\ub294 \ud310\ub3c5 \uc2dc\uac04":"2\ubd84"},"schema":{"@context":"https:\/\/schema.org","@graph":[{"@type":"WebPage","@id":"https:\/\/swoer.vn\/manufacturer\/bo-bang-tai-bac-thang-tu-dong\/","url":"https:\/\/swoer.vn\/manufacturer\/bo-bang-tai-bac-thang-tu-dong\/","name":"B\u1ed9 b\u0103ng t\u1ea3i b\u1eadc thang t\u1ef1 \u0111\u1ed9ng - Nh\u00e0 s\u1ea3n xu\u1ea5t m\u00e1y c\u1ea5p li\u1ec7u c\u00f4ng nghi\u1ec7p","isPartOf":{"@id":"https:\/\/swoer.vn\/#website"},"primaryImageOfPage":{"@id":"https:\/\/swoer.vn\/manufacturer\/bo-bang-tai-bac-thang-tu-dong\/#primaryimage"},"image":{"@id":"https:\/\/swoer.vn\/manufacturer\/bo-bang-tai-bac-thang-tu-dong\/#primaryimage"},"thumbnailUrl":"https:\/\/swoer.vn\/wp-content\/uploads\/2026\/04\/Bo-bang-tai-bac-thang-tu-dong.png","datePublished":"2026-04-07T02:08:09+00:00","dateModified":"2026-04-07T02:08:10+00:00","description":"H\u1ec7 th\u1ed1ng b\u0103ng t\u1ea3i c\u1ea5p li\u1ec7u b\u1eadc thang SWOER: Gi\u1ea3i ph\u00e1p t\u1ef1 \u0111\u1ed9ng h\u00f3a g\u1eafp-\u0111\u1eb7t \u00eam \u00e1i, ch\u00ednh x\u00e1c v\u00e0 t\u00f9y ch\u1ec9nh linh ho\u1ea1t theo m\u1eb7t b\u1eb1ng nh\u00e0 m\u00e1y.","breadcrumb":{"@id":"https:\/\/swoer.vn\/manufacturer\/bo-bang-tai-bac-thang-tu-dong\/#breadcrumb"},"inLanguage":"ko-KR","potentialAction":[{"@type":"ReadAction","target":["https:\/\/swoer.vn\/manufacturer\/bo-bang-tai-bac-thang-tu-dong\/"]}]},{"@type":"ImageObject","inLanguage":"ko-KR","@id":"https:\/\/swoer.vn\/manufacturer\/bo-bang-tai-bac-thang-tu-dong\/#primaryimage","url":"https:\/\/swoer.vn\/wp-content\/uploads\/2026\/04\/Bo-bang-tai-bac-thang-tu-dong.png","contentUrl":"https:\/\/swoer.vn\/wp-content\/uploads\/2026\/04\/Bo-bang-tai-bac-thang-tu-dong.png","width":800,"height":800,"caption":"Bo\u0323\u0302 ba\u0306ng ta\u0309i ba\u0323\u0302c thang tu\u031b\u0323 \u0111o\u0323\u0302ng"},{"@type":"BreadcrumbList","@id":"https:\/\/swoer.vn\/manufacturer\/bo-bang-tai-bac-thang-tu-dong\/#breadcrumb","itemListElement":[{"@type":"ListItem","position":1,"name":"Home","item":"https:\/\/swoer.vn\/"},{"@type":"ListItem","position":2,"name":"S\u1ea3n ph\u1ea9m","item":"https:\/\/swoer.vn\/shop\/"},{"@type":"ListItem","position":3,"name":"B\u1ed9 b\u0103ng t\u1ea3i b\u1eadc thang t\u1ef1 \u0111\u1ed9ng"}]},{"@type":"WebSite","@id":"https:\/\/swoer.vn\/#website","url":"https:\/\/swoer.vn\/","name":"\uc0b0\uc5c5\uc6a9 \ud53c\ub354 \uc81c\uc870\uc5c5\uccb4","description":"\ub85c\ubd07, \ud50c\ub809\uc2dc\ube14 \ud53c\ub354, \uc6d0\uc2ec \ud53c\ub354, \uc790\ub3d9 \uc9c4\ub3d9 \ud53c\ub354 \uacf5\uae09\uc5c5\uccb4","potentialAction":[{"@type":"SearchAction","target":{"@type":"EntryPoint","urlTemplate":"https:\/\/swoer.vn\/?s={search_term_string}"},"query-input":{"@type":"PropertyValueSpecification","valueRequired":true,"valueName":"search_term_string"}}],"inLanguage":"ko-KR"}]}},"_links":{"self":[{"href":"https:\/\/swoer.vn\/ko\/wp-json\/wp\/v2\/product\/8237","targetHints":{"allow":["GET"]}}],"collection":[{"href":"https:\/\/swoer.vn\/ko\/wp-json\/wp\/v2\/product"}],"about":[{"href":"https:\/\/swoer.vn\/ko\/wp-json\/wp\/v2\/types\/product"}],"replies":[{"embeddable":true,"href":"https:\/\/swoer.vn\/ko\/wp-json\/wp\/v2\/comments?post=8237"}],"wp:featuredmedia":[{"embeddable":true,"href":"https:\/\/swoer.vn\/ko\/wp-json\/wp\/v2\/media\/8238"}],"wp:attachment":[{"href":"https:\/\/swoer.vn\/ko\/wp-json\/wp\/v2\/media?parent=8237"}],"wp:term":[{"taxonomy":"product_brand","embeddable":true,"href":"https:\/\/swoer.vn\/ko\/wp-json\/wp\/v2\/product_brand?post=8237"},{"taxonomy":"product_cat","embeddable":true,"href":"https:\/\/swoer.vn\/ko\/wp-json\/wp\/v2\/product_cat?post=8237"},{"taxonomy":"product_tag","embeddable":true,"href":"https:\/\/swoer.vn\/ko\/wp-json\/wp\/v2\/product_tag?post=8237"}],"curies":[{"name":"wp","href":"https:\/\/api.w.org\/{rel}","templated":true}]}}