{"id":8206,"date":"2026-04-03T08:46:44","date_gmt":"2026-04-03T01:46:44","guid":{"rendered":"https:\/\/swoer.vn\/?post_type=product&#038;p=8206"},"modified":"2026-04-03T08:46:44","modified_gmt":"2026-04-03T01:46:44","slug":"bo-cap-lieu-tai-rung-dien-tu","status":"publish","type":"product","link":"https:\/\/swoer.vn\/ko\/manufacturer\/bo-cap-lieu-tai-rung-dien-tu\/","title":{"rendered":"B\u1ed9 c\u1ea5p li\u1ec7u t\u1ea3i rung \u0111i\u1ec7n t\u1eed"},"content":{"rendered":"<h2><span style=\"font-weight: 400;\">Th\u00f4ng s\u1ed1 k\u1ef9 thu\u1eadt chi ti\u1ebft<\/span><\/h2>\n<table>\n<tbody>\n<tr>\n<td><b>H\u1ea1ng m\u1ee5c<\/b><\/td>\n<td><b>\uba85\uc138\uc11c<\/b><\/td>\n<\/tr>\n<tr>\n<td><b>\uc81c\ud488 \uc774\ub984<\/b><\/td>\n<td><span style=\"font-weight: 400;\">B\u1ed9 c\u1ea5p li\u1ec7u t\u1ea3i rung \u0111i\u1ec7n t\u1eeb (Electromagnetic Vibrating Feeder)<\/span><\/td>\n<\/tr>\n<tr>\n<td><b>\ub4f1\ub85d \uc0c1\ud45c<\/b><\/td>\n<td><b>\uc2a4\uc6cc\uc5b4<\/b><\/td>\n<\/tr>\n<tr>\n<td><b>N\u0103ng su\u1ea5t (Capacity)<\/b><\/td>\n<td><b>0.1 &#8211; 6 t\u1ea5n\/gi\u1edd<\/b><\/td>\n<\/tr>\n<tr>\n<td><b>\u0110i\u1ec7n \u00e1p ho\u1ea1t \u0111\u1ed9ng<\/b><\/td>\n<td><span style=\"font-weight: 400;\">85 &#8211; 260V<\/span><\/td>\n<\/tr>\n<tr>\n<td><b>\uc9c4\ub3d9 \uc8fc\ud30c\uc218<\/b><\/td>\n<td><span style=\"font-weight: 400;\">40 &#8211; 400Hz<\/span><\/td>\n<\/tr>\n<tr>\n<td><b>K\u00edch th\u01b0\u1edbc \/ Tr\u1ecdng l\u01b0\u1ee3ng<\/b><\/td>\n<td><b>Thi\u1ebft k\u1ebf t\u00f9y ch\u1ec9nh (Custom-made)<\/b><span style=\"font-weight: 400;\"> \uace0\uac1d \uc694\uad6c \uc0ac\ud56d\uc5d0 \ub530\ub77c<\/span><\/td>\n<\/tr>\n<tr>\n<td><b>\uc0c9\uc0c1<\/b><\/td>\n<td><span style=\"font-weight: 400;\">T\u00f9y ch\u1ecdn theo nh\u1eadn di\u1ec7n th\u01b0\u01a1ng hi\u1ec7u c\u1ee7a kh\u00e1ch h\u00e0ng<\/span><\/td>\n<\/tr>\n<tr>\n<td><b>Xu\u1ea5t x\u1ee9<\/b><\/td>\n<td><span style=\"font-weight: 400;\">Qu\u1ea3ng \u0110\u00f4ng, Trung Qu\u1ed1c<\/span><\/td>\n<\/tr>\n<\/tbody>\n<\/table>\n<p>&nbsp;<\/p>","protected":false},"excerpt":{"rendered":"<p><span style=\"font-weight: 400;\">N\u00e2ng t\u1ea7m hi\u1ec7u su\u1ea5t x\u1eed l\u00fd v\u1eadt li\u1ec7u c\u1ee7a b\u1ea1n v\u1edbi <\/span><b>B\u1ed9 c\u1ea5p li\u1ec7u t\u1ea3i rung \u0111i\u1ec7n t\u1eeb SWOER<\/b><span style=\"font-weight: 400;\">. \u0110\u01b0\u1ee3c thi\u1ebft k\u1ebf ch\u00ednh x\u00e1c \u0111\u1ec3 v\u1eadn h\u00e0nh li\u1ec1n m\u1ea1ch, thi\u1ebft b\u1ecb \u0111\u1ea3m b\u1ea3o d\u00f2ng ch\u1ea3y v\u1eadt li\u1ec7u lu\u00f4n \u1ed5n \u0111\u1ecbnh v\u00e0 \u0111\u01b0\u1ee3c ki\u1ec3m so\u00e1t ch\u1eb7t ch\u1ebd, gi\u00fap t\u1ed1i \u01b0u h\u00f3a quy tr\u00ecnh s\u1ea3n xu\u1ea5t m\u1ed9t c\u00e1ch d\u1ec5 d\u00e0ng v\u00e0 hi\u1ec7u qu\u1ea3 nh\u1ea5t.<\/span><\/p>","protected":false},"featured_media":8207,"comment_status":"open","ping_status":"closed","template":"","meta":[],"product_brand":[],"product_cat":[37],"product_tag":[163,242,197,164],"class_list":{"0":"post-8206","1":"product","2":"type-product","3":"status-publish","4":"has-post-thumbnail","6":"product_cat-may-cap-lieu-dang-bac-thang","7":"product_tag-bo-cap-lieu-bac-thang","8":"product_tag-bo-cap-lieu-bang-tai","9":"product_tag-may-cap-lieu-bac-thang","10":"product_tag-step-feeder","12":"first","13":"instock","14":"shipping-taxable","15":"product-type-simple"},"yoast_head":"<!-- This site is optimized with the Yoast SEO plugin v26.0 - https:\/\/yoast.com\/wordpress\/plugins\/seo\/ -->\n<title>B\u1ed9 c\u1ea5p li\u1ec7u t\u1ea3i rung \u0111i\u1ec7n t\u1eed - Nh\u00e0 s\u1ea3n xu\u1ea5t m\u00e1y c\u1ea5p li\u1ec7u c\u00f4ng nghi\u1ec7p<\/title>\n<meta name=\"description\" content=\"B\u1ed9 c\u1ea5p li\u1ec7u t\u1ea3i rung \u0111i\u1ec7n t\u1eeb SWOER (0.1-6t\/h) \u0111\u1ea1t chu\u1ea9n qu\u1ed1c t\u1ebf. Thi\u1ebft k\u1ebf t\u00f9y ch\u1ec9nh d\u1ea3i \u00e1p 85-260V, t\u1ea7n s\u1ed1 40-400Hz. Gi\u1ea3i ph\u00e1p c\u1ea5p li\u1ec7u ch\u00ednh x\u00e1c\" \/>\n<meta name=\"robots\" content=\"index, follow, max-snippet:-1, max-image-preview:large, max-video-preview:-1\" \/>\n<link rel=\"canonical\" href=\"https:\/\/swoer.vn\/ko\/manufacturer\/bo-cap-lieu-tai-rung-dien-tu\/\" \/>\n<meta property=\"og:locale\" content=\"ko_KR\" \/>\n<meta property=\"og:type\" content=\"article\" \/>\n<meta property=\"og:title\" content=\"B\u1ed9 c\u1ea5p li\u1ec7u t\u1ea3i rung \u0111i\u1ec7n t\u1eed - Nh\u00e0 s\u1ea3n xu\u1ea5t m\u00e1y c\u1ea5p li\u1ec7u c\u00f4ng nghi\u1ec7p\" \/>\n<meta property=\"og:description\" content=\"B\u1ed9 c\u1ea5p li\u1ec7u t\u1ea3i rung \u0111i\u1ec7n t\u1eeb SWOER (0.1-6t\/h) \u0111\u1ea1t chu\u1ea9n qu\u1ed1c t\u1ebf. Thi\u1ebft k\u1ebf t\u00f9y ch\u1ec9nh d\u1ea3i \u00e1p 85-260V, t\u1ea7n s\u1ed1 40-400Hz. Gi\u1ea3i ph\u00e1p c\u1ea5p li\u1ec7u ch\u00ednh x\u00e1c\" \/>\n<meta property=\"og:url\" content=\"https:\/\/swoer.vn\/ko\/manufacturer\/bo-cap-lieu-tai-rung-dien-tu\/\" \/>\n<meta property=\"og:site_name\" content=\"Nh\u00e0 s\u1ea3n xu\u1ea5t m\u00e1y c\u1ea5p li\u1ec7u c\u00f4ng nghi\u1ec7p\" \/>\n<meta property=\"og:image\" content=\"https:\/\/swoer.vn\/wp-content\/uploads\/2026\/04\/Bo-cap-lieu-tai-rung-dien-tu.png\" \/>\n\t<meta property=\"og:image:width\" content=\"800\" \/>\n\t<meta property=\"og:image:height\" content=\"800\" \/>\n\t<meta property=\"og:image:type\" content=\"image\/png\" \/>\n<meta name=\"twitter:card\" content=\"summary_large_image\" \/>\n<meta name=\"twitter:label1\" content=\"\uc608\uc0c1 \ub418\ub294 \ud310\ub3c5 \uc2dc\uac04\" \/>\n\t<meta name=\"twitter:data1\" content=\"1\ubd84\" \/>\n<script type=\"application\/ld+json\" class=\"yoast-schema-graph\">{\"@context\":\"https:\/\/schema.org\",\"@graph\":[{\"@type\":\"WebPage\",\"@id\":\"https:\/\/swoer.vn\/manufacturer\/bo-cap-lieu-tai-rung-dien-tu\/\",\"url\":\"https:\/\/swoer.vn\/manufacturer\/bo-cap-lieu-tai-rung-dien-tu\/\",\"name\":\"B\u1ed9 c\u1ea5p li\u1ec7u t\u1ea3i rung \u0111i\u1ec7n t\u1eed - Nh\u00e0 s\u1ea3n xu\u1ea5t m\u00e1y c\u1ea5p li\u1ec7u c\u00f4ng nghi\u1ec7p\",\"isPartOf\":{\"@id\":\"https:\/\/swoer.vn\/#website\"},\"primaryImageOfPage\":{\"@id\":\"https:\/\/swoer.vn\/manufacturer\/bo-cap-lieu-tai-rung-dien-tu\/#primaryimage\"},\"image\":{\"@id\":\"https:\/\/swoer.vn\/manufacturer\/bo-cap-lieu-tai-rung-dien-tu\/#primaryimage\"},\"thumbnailUrl\":\"https:\/\/swoer.vn\/wp-content\/uploads\/2026\/04\/Bo-cap-lieu-tai-rung-dien-tu.png\",\"datePublished\":\"2026-04-03T01:46:44+00:00\",\"description\":\"B\u1ed9 c\u1ea5p li\u1ec7u t\u1ea3i rung \u0111i\u1ec7n t\u1eeb SWOER (0.1-6t\/h) \u0111\u1ea1t chu\u1ea9n qu\u1ed1c t\u1ebf. Thi\u1ebft k\u1ebf t\u00f9y ch\u1ec9nh d\u1ea3i \u00e1p 85-260V, t\u1ea7n s\u1ed1 40-400Hz. Gi\u1ea3i ph\u00e1p c\u1ea5p li\u1ec7u ch\u00ednh x\u00e1c\",\"breadcrumb\":{\"@id\":\"https:\/\/swoer.vn\/manufacturer\/bo-cap-lieu-tai-rung-dien-tu\/#breadcrumb\"},\"inLanguage\":\"ko-KR\",\"potentialAction\":[{\"@type\":\"ReadAction\",\"target\":[\"https:\/\/swoer.vn\/manufacturer\/bo-cap-lieu-tai-rung-dien-tu\/\"]}]},{\"@type\":\"ImageObject\",\"inLanguage\":\"ko-KR\",\"@id\":\"https:\/\/swoer.vn\/manufacturer\/bo-cap-lieu-tai-rung-dien-tu\/#primaryimage\",\"url\":\"https:\/\/swoer.vn\/wp-content\/uploads\/2026\/04\/Bo-cap-lieu-tai-rung-dien-tu.png\",\"contentUrl\":\"https:\/\/swoer.vn\/wp-content\/uploads\/2026\/04\/Bo-cap-lieu-tai-rung-dien-tu.png\",\"width\":800,\"height\":800,\"caption\":\"Bo\u0323\u0302 ca\u0302\u0301p lie\u0323\u0302u ta\u0309i rung \u0111ie\u0323\u0302n tu\u031b\u0309\"},{\"@type\":\"BreadcrumbList\",\"@id\":\"https:\/\/swoer.vn\/manufacturer\/bo-cap-lieu-tai-rung-dien-tu\/#breadcrumb\",\"itemListElement\":[{\"@type\":\"ListItem\",\"position\":1,\"name\":\"Home\",\"item\":\"https:\/\/swoer.vn\/\"},{\"@type\":\"ListItem\",\"position\":2,\"name\":\"S\u1ea3n ph\u1ea9m\",\"item\":\"https:\/\/swoer.vn\/shop\/\"},{\"@type\":\"ListItem\",\"position\":3,\"name\":\"B\u1ed9 c\u1ea5p li\u1ec7u t\u1ea3i rung \u0111i\u1ec7n t\u1eed\"}]},{\"@type\":\"WebSite\",\"@id\":\"https:\/\/swoer.vn\/#website\",\"url\":\"https:\/\/swoer.vn\/\",\"name\":\"Nh\u00e0 s\u1ea3n xu\u1ea5t m\u00e1y c\u1ea5p li\u1ec7u c\u00f4ng nghi\u1ec7p\",\"description\":\"Nh\u00e0 cung c\u1ea5p robot, m\u00e1y c\u1ea5p li\u1ec7u linh ho\u1ea1t, m\u00e1y c\u1ea5p li\u1ec7u ly t\u00e2m, m\u00e1y c\u1ea5p li\u1ec7u rung t\u1ef1 \u0111\u1ed9ng\",\"potentialAction\":[{\"@type\":\"SearchAction\",\"target\":{\"@type\":\"EntryPoint\",\"urlTemplate\":\"https:\/\/swoer.vn\/?s={search_term_string}\"},\"query-input\":{\"@type\":\"PropertyValueSpecification\",\"valueRequired\":true,\"valueName\":\"search_term_string\"}}],\"inLanguage\":\"ko-KR\"}]}<\/script>\n<!-- \/ Yoast SEO plugin. -->","yoast_head_json":{"title":"B\u1ed9 c\u1ea5p li\u1ec7u t\u1ea3i rung \u0111i\u1ec7n t\u1eed - Nh\u00e0 s\u1ea3n xu\u1ea5t m\u00e1y c\u1ea5p li\u1ec7u c\u00f4ng nghi\u1ec7p","description":"B\u1ed9 c\u1ea5p li\u1ec7u t\u1ea3i rung \u0111i\u1ec7n t\u1eeb SWOER (0.1-6t\/h) \u0111\u1ea1t chu\u1ea9n qu\u1ed1c t\u1ebf. Thi\u1ebft k\u1ebf t\u00f9y ch\u1ec9nh d\u1ea3i \u00e1p 85-260V, t\u1ea7n s\u1ed1 40-400Hz. Gi\u1ea3i ph\u00e1p c\u1ea5p li\u1ec7u ch\u00ednh x\u00e1c","robots":{"index":"index","follow":"follow","max-snippet":"max-snippet:-1","max-image-preview":"max-image-preview:large","max-video-preview":"max-video-preview:-1"},"canonical":"https:\/\/swoer.vn\/ko\/manufacturer\/bo-cap-lieu-tai-rung-dien-tu\/","og_locale":"ko_KR","og_type":"article","og_title":"B\u1ed9 c\u1ea5p li\u1ec7u t\u1ea3i rung \u0111i\u1ec7n t\u1eed - Nh\u00e0 s\u1ea3n xu\u1ea5t m\u00e1y c\u1ea5p li\u1ec7u c\u00f4ng nghi\u1ec7p","og_description":"B\u1ed9 c\u1ea5p li\u1ec7u t\u1ea3i rung \u0111i\u1ec7n t\u1eeb SWOER (0.1-6t\/h) \u0111\u1ea1t chu\u1ea9n qu\u1ed1c t\u1ebf. Thi\u1ebft k\u1ebf t\u00f9y ch\u1ec9nh d\u1ea3i \u00e1p 85-260V, t\u1ea7n s\u1ed1 40-400Hz. Gi\u1ea3i ph\u00e1p c\u1ea5p li\u1ec7u ch\u00ednh x\u00e1c","og_url":"https:\/\/swoer.vn\/ko\/manufacturer\/bo-cap-lieu-tai-rung-dien-tu\/","og_site_name":"Nh\u00e0 s\u1ea3n xu\u1ea5t m\u00e1y c\u1ea5p li\u1ec7u c\u00f4ng nghi\u1ec7p","og_image":[{"width":800,"height":800,"url":"https:\/\/swoer.vn\/wp-content\/uploads\/2026\/04\/Bo-cap-lieu-tai-rung-dien-tu.png","type":"image\/png"}],"twitter_card":"summary_large_image","twitter_misc":{"\uc608\uc0c1 \ub418\ub294 \ud310\ub3c5 \uc2dc\uac04":"1\ubd84"},"schema":{"@context":"https:\/\/schema.org","@graph":[{"@type":"WebPage","@id":"https:\/\/swoer.vn\/manufacturer\/bo-cap-lieu-tai-rung-dien-tu\/","url":"https:\/\/swoer.vn\/manufacturer\/bo-cap-lieu-tai-rung-dien-tu\/","name":"B\u1ed9 c\u1ea5p li\u1ec7u t\u1ea3i rung \u0111i\u1ec7n t\u1eed - Nh\u00e0 s\u1ea3n xu\u1ea5t m\u00e1y c\u1ea5p li\u1ec7u c\u00f4ng nghi\u1ec7p","isPartOf":{"@id":"https:\/\/swoer.vn\/#website"},"primaryImageOfPage":{"@id":"https:\/\/swoer.vn\/manufacturer\/bo-cap-lieu-tai-rung-dien-tu\/#primaryimage"},"image":{"@id":"https:\/\/swoer.vn\/manufacturer\/bo-cap-lieu-tai-rung-dien-tu\/#primaryimage"},"thumbnailUrl":"https:\/\/swoer.vn\/wp-content\/uploads\/2026\/04\/Bo-cap-lieu-tai-rung-dien-tu.png","datePublished":"2026-04-03T01:46:44+00:00","description":"B\u1ed9 c\u1ea5p li\u1ec7u t\u1ea3i rung \u0111i\u1ec7n t\u1eeb SWOER (0.1-6t\/h) \u0111\u1ea1t chu\u1ea9n qu\u1ed1c t\u1ebf. Thi\u1ebft k\u1ebf t\u00f9y ch\u1ec9nh d\u1ea3i \u00e1p 85-260V, t\u1ea7n s\u1ed1 40-400Hz. Gi\u1ea3i ph\u00e1p c\u1ea5p li\u1ec7u ch\u00ednh x\u00e1c","breadcrumb":{"@id":"https:\/\/swoer.vn\/manufacturer\/bo-cap-lieu-tai-rung-dien-tu\/#breadcrumb"},"inLanguage":"ko-KR","potentialAction":[{"@type":"ReadAction","target":["https:\/\/swoer.vn\/manufacturer\/bo-cap-lieu-tai-rung-dien-tu\/"]}]},{"@type":"ImageObject","inLanguage":"ko-KR","@id":"https:\/\/swoer.vn\/manufacturer\/bo-cap-lieu-tai-rung-dien-tu\/#primaryimage","url":"https:\/\/swoer.vn\/wp-content\/uploads\/2026\/04\/Bo-cap-lieu-tai-rung-dien-tu.png","contentUrl":"https:\/\/swoer.vn\/wp-content\/uploads\/2026\/04\/Bo-cap-lieu-tai-rung-dien-tu.png","width":800,"height":800,"caption":"Bo\u0323\u0302 ca\u0302\u0301p lie\u0323\u0302u ta\u0309i rung \u0111ie\u0323\u0302n tu\u031b\u0309"},{"@type":"BreadcrumbList","@id":"https:\/\/swoer.vn\/manufacturer\/bo-cap-lieu-tai-rung-dien-tu\/#breadcrumb","itemListElement":[{"@type":"ListItem","position":1,"name":"Home","item":"https:\/\/swoer.vn\/"},{"@type":"ListItem","position":2,"name":"S\u1ea3n ph\u1ea9m","item":"https:\/\/swoer.vn\/shop\/"},{"@type":"ListItem","position":3,"name":"B\u1ed9 c\u1ea5p li\u1ec7u t\u1ea3i rung \u0111i\u1ec7n t\u1eed"}]},{"@type":"WebSite","@id":"https:\/\/swoer.vn\/#website","url":"https:\/\/swoer.vn\/","name":"\uc0b0\uc5c5\uc6a9 \ud53c\ub354 \uc81c\uc870\uc5c5\uccb4","description":"\ub85c\ubd07, \ud50c\ub809\uc2dc\ube14 \ud53c\ub354, \uc6d0\uc2ec \ud53c\ub354, \uc790\ub3d9 \uc9c4\ub3d9 \ud53c\ub354 \uacf5\uae09\uc5c5\uccb4","potentialAction":[{"@type":"SearchAction","target":{"@type":"EntryPoint","urlTemplate":"https:\/\/swoer.vn\/?s={search_term_string}"},"query-input":{"@type":"PropertyValueSpecification","valueRequired":true,"valueName":"search_term_string"}}],"inLanguage":"ko-KR"}]}},"_links":{"self":[{"href":"https:\/\/swoer.vn\/ko\/wp-json\/wp\/v2\/product\/8206","targetHints":{"allow":["GET"]}}],"collection":[{"href":"https:\/\/swoer.vn\/ko\/wp-json\/wp\/v2\/product"}],"about":[{"href":"https:\/\/swoer.vn\/ko\/wp-json\/wp\/v2\/types\/product"}],"replies":[{"embeddable":true,"href":"https:\/\/swoer.vn\/ko\/wp-json\/wp\/v2\/comments?post=8206"}],"wp:featuredmedia":[{"embeddable":true,"href":"https:\/\/swoer.vn\/ko\/wp-json\/wp\/v2\/media\/8207"}],"wp:attachment":[{"href":"https:\/\/swoer.vn\/ko\/wp-json\/wp\/v2\/media?parent=8206"}],"wp:term":[{"taxonomy":"product_brand","embeddable":true,"href":"https:\/\/swoer.vn\/ko\/wp-json\/wp\/v2\/product_brand?post=8206"},{"taxonomy":"product_cat","embeddable":true,"href":"https:\/\/swoer.vn\/ko\/wp-json\/wp\/v2\/product_cat?post=8206"},{"taxonomy":"product_tag","embeddable":true,"href":"https:\/\/swoer.vn\/ko\/wp-json\/wp\/v2\/product_tag?post=8206"}],"curies":[{"name":"wp","href":"https:\/\/api.w.org\/{rel}","templated":true}]}}