{"id":8190,"date":"2026-04-02T09:42:16","date_gmt":"2026-04-02T02:42:16","guid":{"rendered":"https:\/\/swoer.vn\/?post_type=product&#038;p=8190"},"modified":"2026-04-02T09:42:16","modified_gmt":"2026-04-02T02:42:16","slug":"robot-delta-sw-hrd2t-sd-m","status":"publish","type":"product","link":"https:\/\/swoer.vn\/ko\/manufacturer\/robot-delta-sw-hrd2t-sd-m\/","title":{"rendered":"Robot Delta SW-HRD2T-SD-M"},"content":{"rendered":"<h2><span style=\"font-weight: 400;\">\u01afu \u0111i\u1ec3m c\u00f4ng ngh\u1ec7<\/span><\/h2>\n<ul>\n<li style=\"font-weight: 400;\" aria-level=\"1\"><b>Thi\u1ebft k\u1ebf t\u1ed1i \u01b0u kh\u00f4ng gian:<\/b><span style=\"font-weight: 400;\"> Tr\u1ecdng l\u01b0\u1ee3ng m\u00e1y ch\u1ec9 kho\u1ea3ng <\/span><b>45kg<\/b><span style=\"font-weight: 400;\"> v\u1edbi k\u00edch th\u01b0\u1edbc nh\u1ecf g\u1ecdn, c\u1ef1c k\u1ef3 ph\u00f9 h\u1ee3p cho c\u00e1c \u1ee9ng d\u1ee5ng \u0111\u1ec3 b\u00e0n ho\u1eb7c t\u00edch h\u1ee3p v\u00e0o c\u00e1c kh\u00f4ng gian l\u00e0m vi\u1ec7c h\u1ea1n ch\u1ebf.<\/span><\/li>\n<li style=\"font-weight: 400;\" aria-level=\"1\"><b>T\u1ed1c \u0111\u1ed9 g\u1eafp-\u0111\u1eb7t \u1ea5n t\u01b0\u1ee3ng:<\/b><span style=\"font-weight: 400;\"> Duy tr\u00ec nh\u1ecbp \u0111\u1ed9 l\u00e0m vi\u1ec7c l\u00ean t\u1edbi <\/span><b>6000 l\u1ea7n\/gi\u1edd<\/b><span style=\"font-weight: 400;\">, \u0111\u1ea3m b\u1ea3o d\u00f2ng ch\u1ea3y s\u1ea3n xu\u1ea5t li\u00ean t\u1ee5c v\u00e0 \u1ed5n \u0111\u1ecbnh.<\/span><\/li>\n<li style=\"font-weight: 400;\" aria-level=\"1\"><b>\u0110\u1ed9 ch\u00ednh x\u00e1c l\u1eb7p l\u1ea1i tuy\u1ec7t v\u1eddi:<\/b><span style=\"font-weight: 400;\"> V\u1edbi sai s\u1ed1 ch\u1ec9 <\/span><b>\u00b10.05mm<\/b><span style=\"font-weight: 400;\">, robot \u0111\u1ea3m b\u1ea3o m\u1ecdi linh ki\u1ec7n si\u00eau nh\u1ecf (t\u1eeb 0.2mm) \u0111\u1ec1u \u0111\u01b0\u1ee3c \u0111\u1eb7t v\u00e0o v\u1ecb tr\u00ed y\u00eau c\u1ea7u m\u1ed9t c\u00e1ch ho\u00e0n h\u1ea3o.<\/span><\/li>\n<li style=\"font-weight: 400;\" aria-level=\"1\"><b>Th\u1ecb gi\u00e1c m\u00e1y t\u00ednh t\u00edch h\u1ee3p:<\/b><span style=\"font-weight: 400;\"> Trang b\u1ecb h\u1ec7 th\u1ed1ng camera <\/span><b>Hikvision<\/b><span style=\"font-weight: 400;\"> \u0111\u1ed9 ph\u00e2n gi\u1ea3i cao, h\u1ed7 tr\u1ee3 nh\u1eadn di\u1ec7n v\u1eadt th\u1ec3 th\u00f4ng minh v\u00e0 x\u1eed l\u00fd linh ho\u1ea1t c\u00e1c s\u1ea3n ph\u1ea9m c\u00f3 h\u00ecnh d\u00e1ng ph\u1ee9c t\u1ea1p.<\/span><\/li>\n<li style=\"font-weight: 400;\" aria-level=\"1\"><b>\u0110i\u1ec1u khi\u1ec3n th\u00f4ng minh:<\/b><span style=\"font-weight: 400;\"> H\u1ec7 th\u1ed1ng gi\u1ea3ng d\u1ea1y c\u1ea3m \u1ee9ng c\u1ee7a SWOER cho ph\u00e9p l\u01b0u tr\u1eef <\/span><b>kh\u00f4ng gi\u1edbi h\u1ea1n<\/b><span style=\"font-weight: 400;\"> c\u00e1c c\u00f4ng th\u1ee9c s\u1ea3n ph\u1ea9m, gi\u00fap chuy\u1ec3n \u0111\u1ed5i m\u00e3 h\u00e0ng nhanh ch\u00f3ng ch\u1ec9 trong v\u00e0i thao t\u00e1c.<\/span><\/li>\n<\/ul>\n<h2><span style=\"font-weight: 400;\">\uba85\uc138\uc11c<\/span><\/h2>\n<table>\n<tbody>\n<tr>\n<td><b>STT<\/b><\/td>\n<td><b>Danh m\u1ee5c th\u00f4ng s\u1ed1<\/b><\/td>\n<td><b>Ch\u1ec9 s\u1ed1 k\u1ef9 thu\u1eadt<\/b><\/td>\n<\/tr>\n<tr>\n<td><span style=\"font-weight: 400;\">1<\/span><\/td>\n<td><b>\ubaa8\ub378<\/b><\/td>\n<td><b>SW-HRD2T-SD-M<\/b><\/td>\n<\/tr>\n<tr>\n<td><span style=\"font-weight: 400;\">2<\/span><\/td>\n<td><span style=\"font-weight: 400;\">Ph\u1ea1m vi c\u1ea5p li\u1ec7u &amp; m\u1ea1 hi\u1ec7u qu\u1ea3<\/span><\/td>\n<td><span style=\"font-weight: 400;\">210 x 160 mm<\/span><\/td>\n<\/tr>\n<tr>\n<td><span style=\"font-weight: 400;\">3<\/span><\/td>\n<td><span style=\"font-weight: 400;\">K\u00edch th\u01b0\u1edbc linh ki\u1ec7n th\u00edch \u1ee9ng<\/span><\/td>\n<td><span style=\"font-weight: 400;\">D\u00e0i\/R\u1ed9ng t\u1eeb 0.2 &#8211; 15 mm<\/span><\/td>\n<\/tr>\n<tr>\n<td><span style=\"font-weight: 400;\">4<\/span><\/td>\n<td><span style=\"font-weight: 400;\">\u0110\u1ed9 ch\u00ednh x\u00e1c l\u1eb7p l\u1ea1i<\/span><\/td>\n<td><span style=\"font-weight: 400;\">\u00b1 0.05 mm<\/span><\/td>\n<\/tr>\n<tr>\n<td><span style=\"font-weight: 400;\">5<\/span><\/td>\n<td><span style=\"font-weight: 400;\">T\u1ed1c \u0111\u1ed9 g\u1eafp-\u0111\u1eb7t \u0111\u1ec9nh cao<\/span><\/td>\n<td><span style=\"font-weight: 400;\">6000 l\u1ea7n\/gi\u1edd<\/span><\/td>\n<\/tr>\n<tr>\n<td><span style=\"font-weight: 400;\">6<\/span><\/td>\n<td><span style=\"font-weight: 400;\">Ph\u01b0\u01a1ng th\u1ee9c g\u1eafp<\/span><\/td>\n<td><span style=\"font-weight: 400;\">Chuy\u1ec3n \u0111\u1ed5i t\u1ef1 \u0111\u1ed9ng k\u1eb9p h\u00fat &amp; k\u1eb9p c\u01a1 kh\u00ed<\/span><\/td>\n<\/tr>\n<tr>\n<td><span style=\"font-weight: 400;\">7<\/span><\/td>\n<td><span style=\"font-weight: 400;\">H\u1ec7 th\u1ed1ng camera<\/span><\/td>\n<td><span style=\"font-weight: 400;\">Hikvision (1200W x 1 + 130W x 1)<\/span><\/td>\n<\/tr>\n<tr>\n<td><span style=\"font-weight: 400;\">8<\/span><\/td>\n<td><span style=\"font-weight: 400;\">\uc81c\uc5b4 \uc2dc\uc2a4\ud15c<\/span><\/td>\n<td><span style=\"font-weight: 400;\">SWOER Touch Teaching (C\u1ea7m tay)<\/span><\/td>\n<\/tr>\n<tr>\n<td><span style=\"font-weight: 400;\">9<\/span><\/td>\n<td><span style=\"font-weight: 400;\">\u0110i\u1ec7n \u00e1p &amp; C\u00f4ng su\u1ea5t<\/span><\/td>\n<td><span style=\"font-weight: 400;\">AC 220V \/ 1.5 KW<\/span><\/td>\n<\/tr>\n<tr>\n<td><span style=\"font-weight: 400;\">10<\/span><\/td>\n<td><span style=\"font-weight: 400;\">\uc7a5\uce58 \ubb34\uac8c<\/span><\/td>\n<td><span style=\"font-weight: 400;\">Kho\u1ea3ng 45 kg<\/span><\/td>\n<\/tr>\n<tr>\n<td><span style=\"font-weight: 400;\">11<\/span><\/td>\n<td><span style=\"font-weight: 400;\">\uc804\uccb4 \uce58\uc218<\/span><\/td>\n<td><span style=\"font-weight: 400;\">400 x 600 x 655 mm<\/span><\/td>\n<\/tr>\n<\/tbody>\n<\/table>\n<h2><span style=\"font-weight: 400;\">\u1ee8ng d\u1ee5ng th\u1ef1c ti\u1ec5n<\/span><\/h2>\n<p><span style=\"font-weight: 400;\">Nh\u1edd s\u1ef1 linh ho\u1ea1t v\u00e0 \u0111\u1ed9 ch\u00ednh x\u00e1c cao, <\/span><b>SW-HRD2T-SD-M<\/b><span style=\"font-weight: 400;\"> l\u00e0 l\u1ef1a ch\u1ecdn l\u00fd t\u01b0\u1edfng cho c\u00e1c l\u0129nh v\u1ef1c:<\/span><\/p>\n<ul>\n<li style=\"font-weight: 400;\" aria-level=\"1\"><b>M\u1ea1 \u0111i\u1ec7n chi ti\u1ebft si\u00eau nh\u1ecf:<\/b><span style=\"font-weight: 400;\"> Ph\u00f9 h\u1ee3p cho c\u00e1c m\u00e1y m\u1ea1 \u0111\u1ec3 b\u00e0n \u0111\u01a1n l\u1ebb.<\/span><\/li>\n<li style=\"font-weight: 400;\" aria-level=\"1\"><b>C\u1ea5p li\u1ec7u t\u1ef1 \u0111\u1ed9ng Online:<\/b><span style=\"font-weight: 400;\"> G\u1eafp linh ki\u1ec7n t\u1eeb ph\u1ec5u rung \u0111\u01b0a v\u00e0o d\u00e2y chuy\u1ec1n l\u1eafp r\u00e1p.<\/span><\/li>\n<li style=\"font-weight: 400;\" aria-level=\"1\"><b>\u0110\u00f3ng g\u00f3i b\u0103ng t\u1ea3i (Taping):<\/b><span style=\"font-weight: 400;\"> S\u1eafp x\u1ebfp linh ki\u1ec7n v\u00e0o khay ho\u1eb7c b\u0103ng \u0111\u1ecbnh h\u00ecnh t\u1ed1c \u0111\u1ed9 cao.<\/span><\/li>\n<\/ul>","protected":false},"excerpt":{"rendered":"<p><span style=\"font-weight: 400;\">\ub378\ud0c0 \ub85c\ubd07 <\/span><b>SW-HRD2T-SD-M<\/b><span style=\"font-weight: 400;\"> c\u1ee7a SWOER l\u00e0 h\u1ec7 th\u1ed1ng robot song song chuy\u00ean d\u1ee5ng cho c\u00e1c t\u00e1c v\u1ee5 ph\u00e2n lo\u1ea1i t\u1ed1c \u0111\u1ed9 cao, m\u1ea1 \u0111i\u1ec7n ch\u00ednh x\u00e1c v\u00e0 c\u1ea5p li\u1ec7u t\u1ef1 \u0111\u1ed9ng. V\u1edbi thi\u1ebft k\u1ebf t\u1ed1i \u01b0u h\u00f3a kh\u00f4ng gian v\u00e0 hi\u1ec7u su\u1ea5t v\u1eadn h\u00e0nh b\u1ec1n b\u1ec9, \u0111\u00e2y l\u00e0 tr\u1ee3 th\u1ee7 \u0111\u1eafc l\u1ef1c gi\u00fap n\u00e2ng cao n\u0103ng su\u1ea5t v\u00e0 \u0111\u1ed9 ch\u00ednh x\u00e1c cho m\u1ecdi d\u00e2y chuy\u1ec1n s\u1ea3n xu\u1ea5t linh ki\u1ec7n \u0111i\u1ec7n t\u1eed, c\u01a1 kh\u00ed ch\u00ednh x\u00e1c.<\/span><\/p>","protected":false},"featured_media":8191,"comment_status":"open","ping_status":"closed","template":"","meta":[],"product_brand":[],"product_cat":[69],"product_tag":[150,70,240,239],"class_list":{"0":"post-8190","1":"product","2":"type-product","3":"status-publish","4":"has-post-thumbnail","6":"product_cat-delta-robot","7":"product_tag-delta-robot","8":"product_tag-robot-delta","9":"product_tag-robot-gap-dat","10":"product_tag-robot-song-song","12":"first","13":"instock","14":"shipping-taxable","15":"product-type-simple"},"yoast_head":"<!-- This site is optimized with the Yoast SEO plugin v26.0 - https:\/\/yoast.com\/wordpress\/plugins\/seo\/ -->\n<title>Robot Delta SW-HRD2T-SD-M - Nh\u00e0 s\u1ea3n xu\u1ea5t m\u00e1y c\u1ea5p li\u1ec7u c\u00f4ng nghi\u1ec7p<\/title>\n<meta name=\"description\" content=\"Delta Robot SW-HRD2T-SD-M ch\u00ednh x\u00e1c \u00b10.05mm, t\u1ed1c \u0111\u1ed9 6000 l\u1ea7n\/gi\u1edd. Thi\u1ebft k\u1ebf \u0111\u1ec3 b\u00e0n nh\u1ecf g\u1ecdn 45kg, t\u00edch h\u1ee3p camera Hikvision. Gi\u1ea3i ph\u00e1p m\u1ea1 v\u00e0 c\u1ea5p li\u1ec7u t\u1ef1 \u0111\u1ed9ng.\" \/>\n<meta name=\"robots\" content=\"index, follow, max-snippet:-1, max-image-preview:large, max-video-preview:-1\" \/>\n<link rel=\"canonical\" href=\"https:\/\/swoer.vn\/ko\/manufacturer\/robot-delta-sw-hrd2t-sd-m\/\" \/>\n<meta property=\"og:locale\" content=\"ko_KR\" \/>\n<meta property=\"og:type\" content=\"article\" \/>\n<meta property=\"og:title\" content=\"Robot Delta SW-HRD2T-SD-M - Nh\u00e0 s\u1ea3n xu\u1ea5t m\u00e1y c\u1ea5p li\u1ec7u c\u00f4ng nghi\u1ec7p\" \/>\n<meta property=\"og:description\" content=\"Delta Robot SW-HRD2T-SD-M ch\u00ednh x\u00e1c \u00b10.05mm, t\u1ed1c \u0111\u1ed9 6000 l\u1ea7n\/gi\u1edd. Thi\u1ebft k\u1ebf \u0111\u1ec3 b\u00e0n nh\u1ecf g\u1ecdn 45kg, t\u00edch h\u1ee3p camera Hikvision. Gi\u1ea3i ph\u00e1p m\u1ea1 v\u00e0 c\u1ea5p li\u1ec7u t\u1ef1 \u0111\u1ed9ng.\" \/>\n<meta property=\"og:url\" content=\"https:\/\/swoer.vn\/ko\/manufacturer\/robot-delta-sw-hrd2t-sd-m\/\" \/>\n<meta property=\"og:site_name\" content=\"Nh\u00e0 s\u1ea3n xu\u1ea5t m\u00e1y c\u1ea5p li\u1ec7u c\u00f4ng nghi\u1ec7p\" \/>\n<meta property=\"og:image\" content=\"https:\/\/swoer.vn\/wp-content\/uploads\/2026\/04\/ROBOT-DELTA-SW-HRD2T-SD-M.png\" \/>\n\t<meta property=\"og:image:width\" content=\"800\" \/>\n\t<meta property=\"og:image:height\" content=\"800\" \/>\n\t<meta property=\"og:image:type\" content=\"image\/png\" \/>\n<meta name=\"twitter:card\" content=\"summary_large_image\" \/>\n<meta name=\"twitter:label1\" content=\"\uc608\uc0c1 \ub418\ub294 \ud310\ub3c5 \uc2dc\uac04\" \/>\n\t<meta name=\"twitter:data1\" content=\"3\ubd84\" \/>\n<script type=\"application\/ld+json\" class=\"yoast-schema-graph\">{\"@context\":\"https:\/\/schema.org\",\"@graph\":[{\"@type\":\"WebPage\",\"@id\":\"https:\/\/swoer.vn\/manufacturer\/robot-delta-sw-hrd2t-sd-m\/\",\"url\":\"https:\/\/swoer.vn\/manufacturer\/robot-delta-sw-hrd2t-sd-m\/\",\"name\":\"Robot Delta SW-HRD2T-SD-M - Nh\u00e0 s\u1ea3n xu\u1ea5t m\u00e1y c\u1ea5p li\u1ec7u c\u00f4ng nghi\u1ec7p\",\"isPartOf\":{\"@id\":\"https:\/\/swoer.vn\/#website\"},\"primaryImageOfPage\":{\"@id\":\"https:\/\/swoer.vn\/manufacturer\/robot-delta-sw-hrd2t-sd-m\/#primaryimage\"},\"image\":{\"@id\":\"https:\/\/swoer.vn\/manufacturer\/robot-delta-sw-hrd2t-sd-m\/#primaryimage\"},\"thumbnailUrl\":\"https:\/\/swoer.vn\/wp-content\/uploads\/2026\/04\/ROBOT-DELTA-SW-HRD2T-SD-M.png\",\"datePublished\":\"2026-04-02T02:42:16+00:00\",\"description\":\"Delta Robot SW-HRD2T-SD-M ch\u00ednh x\u00e1c \u00b10.05mm, t\u1ed1c \u0111\u1ed9 6000 l\u1ea7n\/gi\u1edd. Thi\u1ebft k\u1ebf \u0111\u1ec3 b\u00e0n nh\u1ecf g\u1ecdn 45kg, t\u00edch h\u1ee3p camera Hikvision. Gi\u1ea3i ph\u00e1p m\u1ea1 v\u00e0 c\u1ea5p li\u1ec7u t\u1ef1 \u0111\u1ed9ng.\",\"breadcrumb\":{\"@id\":\"https:\/\/swoer.vn\/manufacturer\/robot-delta-sw-hrd2t-sd-m\/#breadcrumb\"},\"inLanguage\":\"ko-KR\",\"potentialAction\":[{\"@type\":\"ReadAction\",\"target\":[\"https:\/\/swoer.vn\/manufacturer\/robot-delta-sw-hrd2t-sd-m\/\"]}]},{\"@type\":\"ImageObject\",\"inLanguage\":\"ko-KR\",\"@id\":\"https:\/\/swoer.vn\/manufacturer\/robot-delta-sw-hrd2t-sd-m\/#primaryimage\",\"url\":\"https:\/\/swoer.vn\/wp-content\/uploads\/2026\/04\/ROBOT-DELTA-SW-HRD2T-SD-M.png\",\"contentUrl\":\"https:\/\/swoer.vn\/wp-content\/uploads\/2026\/04\/ROBOT-DELTA-SW-HRD2T-SD-M.png\",\"width\":800,\"height\":800,\"caption\":\"ROBOT DELTA SW-HRD2T-SD-M\"},{\"@type\":\"BreadcrumbList\",\"@id\":\"https:\/\/swoer.vn\/manufacturer\/robot-delta-sw-hrd2t-sd-m\/#breadcrumb\",\"itemListElement\":[{\"@type\":\"ListItem\",\"position\":1,\"name\":\"Home\",\"item\":\"https:\/\/swoer.vn\/\"},{\"@type\":\"ListItem\",\"position\":2,\"name\":\"S\u1ea3n ph\u1ea9m\",\"item\":\"https:\/\/swoer.vn\/shop\/\"},{\"@type\":\"ListItem\",\"position\":3,\"name\":\"Robot Delta SW-HRD2T-SD-M\"}]},{\"@type\":\"WebSite\",\"@id\":\"https:\/\/swoer.vn\/#website\",\"url\":\"https:\/\/swoer.vn\/\",\"name\":\"Nh\u00e0 s\u1ea3n xu\u1ea5t m\u00e1y c\u1ea5p li\u1ec7u c\u00f4ng nghi\u1ec7p\",\"description\":\"Nh\u00e0 cung c\u1ea5p robot, m\u00e1y c\u1ea5p li\u1ec7u linh ho\u1ea1t, m\u00e1y c\u1ea5p li\u1ec7u ly t\u00e2m, m\u00e1y c\u1ea5p li\u1ec7u rung t\u1ef1 \u0111\u1ed9ng\",\"potentialAction\":[{\"@type\":\"SearchAction\",\"target\":{\"@type\":\"EntryPoint\",\"urlTemplate\":\"https:\/\/swoer.vn\/?s={search_term_string}\"},\"query-input\":{\"@type\":\"PropertyValueSpecification\",\"valueRequired\":true,\"valueName\":\"search_term_string\"}}],\"inLanguage\":\"ko-KR\"}]}<\/script>\n<!-- \/ Yoast SEO plugin. -->","yoast_head_json":{"title":"Robot Delta SW-HRD2T-SD-M - Nh\u00e0 s\u1ea3n xu\u1ea5t m\u00e1y c\u1ea5p li\u1ec7u c\u00f4ng nghi\u1ec7p","description":"Delta Robot SW-HRD2T-SD-M ch\u00ednh x\u00e1c \u00b10.05mm, t\u1ed1c \u0111\u1ed9 6000 l\u1ea7n\/gi\u1edd. Thi\u1ebft k\u1ebf \u0111\u1ec3 b\u00e0n nh\u1ecf g\u1ecdn 45kg, t\u00edch h\u1ee3p camera Hikvision. Gi\u1ea3i ph\u00e1p m\u1ea1 v\u00e0 c\u1ea5p li\u1ec7u t\u1ef1 \u0111\u1ed9ng.","robots":{"index":"index","follow":"follow","max-snippet":"max-snippet:-1","max-image-preview":"max-image-preview:large","max-video-preview":"max-video-preview:-1"},"canonical":"https:\/\/swoer.vn\/ko\/manufacturer\/robot-delta-sw-hrd2t-sd-m\/","og_locale":"ko_KR","og_type":"article","og_title":"Robot Delta SW-HRD2T-SD-M - Nh\u00e0 s\u1ea3n xu\u1ea5t m\u00e1y c\u1ea5p li\u1ec7u c\u00f4ng nghi\u1ec7p","og_description":"Delta Robot SW-HRD2T-SD-M ch\u00ednh x\u00e1c \u00b10.05mm, t\u1ed1c \u0111\u1ed9 6000 l\u1ea7n\/gi\u1edd. Thi\u1ebft k\u1ebf \u0111\u1ec3 b\u00e0n nh\u1ecf g\u1ecdn 45kg, t\u00edch h\u1ee3p camera Hikvision. Gi\u1ea3i ph\u00e1p m\u1ea1 v\u00e0 c\u1ea5p li\u1ec7u t\u1ef1 \u0111\u1ed9ng.","og_url":"https:\/\/swoer.vn\/ko\/manufacturer\/robot-delta-sw-hrd2t-sd-m\/","og_site_name":"Nh\u00e0 s\u1ea3n xu\u1ea5t m\u00e1y c\u1ea5p li\u1ec7u c\u00f4ng nghi\u1ec7p","og_image":[{"width":800,"height":800,"url":"https:\/\/swoer.vn\/wp-content\/uploads\/2026\/04\/ROBOT-DELTA-SW-HRD2T-SD-M.png","type":"image\/png"}],"twitter_card":"summary_large_image","twitter_misc":{"\uc608\uc0c1 \ub418\ub294 \ud310\ub3c5 \uc2dc\uac04":"3\ubd84"},"schema":{"@context":"https:\/\/schema.org","@graph":[{"@type":"WebPage","@id":"https:\/\/swoer.vn\/manufacturer\/robot-delta-sw-hrd2t-sd-m\/","url":"https:\/\/swoer.vn\/manufacturer\/robot-delta-sw-hrd2t-sd-m\/","name":"Robot Delta SW-HRD2T-SD-M - Nh\u00e0 s\u1ea3n xu\u1ea5t m\u00e1y c\u1ea5p li\u1ec7u c\u00f4ng nghi\u1ec7p","isPartOf":{"@id":"https:\/\/swoer.vn\/#website"},"primaryImageOfPage":{"@id":"https:\/\/swoer.vn\/manufacturer\/robot-delta-sw-hrd2t-sd-m\/#primaryimage"},"image":{"@id":"https:\/\/swoer.vn\/manufacturer\/robot-delta-sw-hrd2t-sd-m\/#primaryimage"},"thumbnailUrl":"https:\/\/swoer.vn\/wp-content\/uploads\/2026\/04\/ROBOT-DELTA-SW-HRD2T-SD-M.png","datePublished":"2026-04-02T02:42:16+00:00","description":"Delta Robot SW-HRD2T-SD-M ch\u00ednh x\u00e1c \u00b10.05mm, t\u1ed1c \u0111\u1ed9 6000 l\u1ea7n\/gi\u1edd. Thi\u1ebft k\u1ebf \u0111\u1ec3 b\u00e0n nh\u1ecf g\u1ecdn 45kg, t\u00edch h\u1ee3p camera Hikvision. Gi\u1ea3i ph\u00e1p m\u1ea1 v\u00e0 c\u1ea5p li\u1ec7u t\u1ef1 \u0111\u1ed9ng.","breadcrumb":{"@id":"https:\/\/swoer.vn\/manufacturer\/robot-delta-sw-hrd2t-sd-m\/#breadcrumb"},"inLanguage":"ko-KR","potentialAction":[{"@type":"ReadAction","target":["https:\/\/swoer.vn\/manufacturer\/robot-delta-sw-hrd2t-sd-m\/"]}]},{"@type":"ImageObject","inLanguage":"ko-KR","@id":"https:\/\/swoer.vn\/manufacturer\/robot-delta-sw-hrd2t-sd-m\/#primaryimage","url":"https:\/\/swoer.vn\/wp-content\/uploads\/2026\/04\/ROBOT-DELTA-SW-HRD2T-SD-M.png","contentUrl":"https:\/\/swoer.vn\/wp-content\/uploads\/2026\/04\/ROBOT-DELTA-SW-HRD2T-SD-M.png","width":800,"height":800,"caption":"ROBOT DELTA SW-HRD2T-SD-M"},{"@type":"BreadcrumbList","@id":"https:\/\/swoer.vn\/manufacturer\/robot-delta-sw-hrd2t-sd-m\/#breadcrumb","itemListElement":[{"@type":"ListItem","position":1,"name":"Home","item":"https:\/\/swoer.vn\/"},{"@type":"ListItem","position":2,"name":"S\u1ea3n ph\u1ea9m","item":"https:\/\/swoer.vn\/shop\/"},{"@type":"ListItem","position":3,"name":"Robot Delta SW-HRD2T-SD-M"}]},{"@type":"WebSite","@id":"https:\/\/swoer.vn\/#website","url":"https:\/\/swoer.vn\/","name":"\uc0b0\uc5c5\uc6a9 \ud53c\ub354 \uc81c\uc870\uc5c5\uccb4","description":"\ub85c\ubd07, \ud50c\ub809\uc2dc\ube14 \ud53c\ub354, \uc6d0\uc2ec \ud53c\ub354, \uc790\ub3d9 \uc9c4\ub3d9 \ud53c\ub354 \uacf5\uae09\uc5c5\uccb4","potentialAction":[{"@type":"SearchAction","target":{"@type":"EntryPoint","urlTemplate":"https:\/\/swoer.vn\/?s={search_term_string}"},"query-input":{"@type":"PropertyValueSpecification","valueRequired":true,"valueName":"search_term_string"}}],"inLanguage":"ko-KR"}]}},"_links":{"self":[{"href":"https:\/\/swoer.vn\/ko\/wp-json\/wp\/v2\/product\/8190","targetHints":{"allow":["GET"]}}],"collection":[{"href":"https:\/\/swoer.vn\/ko\/wp-json\/wp\/v2\/product"}],"about":[{"href":"https:\/\/swoer.vn\/ko\/wp-json\/wp\/v2\/types\/product"}],"replies":[{"embeddable":true,"href":"https:\/\/swoer.vn\/ko\/wp-json\/wp\/v2\/comments?post=8190"}],"wp:featuredmedia":[{"embeddable":true,"href":"https:\/\/swoer.vn\/ko\/wp-json\/wp\/v2\/media\/8191"}],"wp:attachment":[{"href":"https:\/\/swoer.vn\/ko\/wp-json\/wp\/v2\/media?parent=8190"}],"wp:term":[{"taxonomy":"product_brand","embeddable":true,"href":"https:\/\/swoer.vn\/ko\/wp-json\/wp\/v2\/product_brand?post=8190"},{"taxonomy":"product_cat","embeddable":true,"href":"https:\/\/swoer.vn\/ko\/wp-json\/wp\/v2\/product_cat?post=8190"},{"taxonomy":"product_tag","embeddable":true,"href":"https:\/\/swoer.vn\/ko\/wp-json\/wp\/v2\/product_tag?post=8190"}],"curies":[{"name":"wp","href":"https:\/\/api.w.org\/{rel}","templated":true}]}}