{"id":8188,"date":"2026-04-02T09:37:01","date_gmt":"2026-04-02T02:37:01","guid":{"rendered":"https:\/\/swoer.vn\/?post_type=product&#038;p=8188"},"modified":"2026-04-02T09:37:01","modified_gmt":"2026-04-02T02:37:01","slug":"robot-delta-sw-hrd3t-sd-m","status":"publish","type":"product","link":"https:\/\/swoer.vn\/ko\/manufacturer\/robot-delta-sw-hrd3t-sd-m\/","title":{"rendered":"Robot Delta SW-HRD3T-SD-M"},"content":{"rendered":"<h2><span style=\"font-weight: 400;\">\u0110\u1eb7c \u0111i\u1ec3m k\u1ef9 thu\u1eadt<\/span><\/h2>\n<ul>\n<li style=\"font-weight: 400;\" aria-level=\"1\"><b>\u0110\u1ed9 ch\u00ednh x\u00e1c l\u1eb7p l\u1ea1i c\u1ef1c cao:<\/b><span style=\"font-weight: 400;\"> Sai s\u1ed1 ch\u1ec9 <\/span><b>\u00b10.05mm<\/b><span style=\"font-weight: 400;\">, \u0111\u1ea3m b\u1ea3o c\u00e1c thao t\u00e1c l\u1eafp r\u00e1p v\u00e0 m\u1ea1 chi ti\u1ebft nh\u1ecf lu\u00f4n \u0111\u1ea1t chu\u1ea9n.<\/span><\/li>\n<li style=\"font-weight: 400;\" aria-level=\"1\"><b>T\u1ed1c \u0111\u1ed9 v\u1eadn h\u00e0nh th\u1ea7n t\u1ed1c:<\/b><span style=\"font-weight: 400;\"> \u0110\u1ea1t t\u1ed1c \u0111\u1ed9 g\u1eafp &#8211; \u0111\u1eb7t (pick-and-place) t\u1ed1i \u0111a l\u00ean \u0111\u1ebfn <\/span><b>6000 l\u1ea7n\/gi\u1edd<\/b><span style=\"font-weight: 400;\">, gi\u00fap t\u0103ng s\u1ea3n l\u01b0\u1ee3ng \u0111\u00e1ng k\u1ec3.<\/span><\/li>\n<li style=\"font-weight: 400;\" aria-level=\"1\"><b>H\u1ec7 th\u1ed1ng th\u1ecb gi\u00e1c th\u00f4ng minh:<\/b><span style=\"font-weight: 400;\"> T\u00edch h\u1ee3p camera th\u01b0\u01a1ng hi\u1ec7u <\/span><b>Hikvision<\/b><span style=\"font-weight: 400;\"> (1200W<\/span><i><span style=\"font-weight: 400;\">1 + 130W<\/span><\/i><span style=\"font-weight: 400;\">1), \u0111\u00f3ng vai tr\u00f2 l\u00e0 &#8220;\u0111\u00f4i m\u1eaft&#8221; s\u1eafc b\u00e9n gi\u00fap robot nh\u1eadn di\u1ec7n v\u1eadt th\u1ec3 ch\u00ednh x\u00e1c tuy\u1ec7t \u0111\u1ed1i.<\/span><\/li>\n<li style=\"font-weight: 400;\" aria-level=\"1\"><b>H\u1ec7 th\u1ed1ng \u0111i\u1ec1u khi\u1ec3n \u0111\u1ed9c quy\u1ec1n:<\/b><span style=\"font-weight: 400;\"> S\u1eed d\u1ee5ng h\u1ec7 th\u1ed1ng gi\u1ea3ng d\u1ea1y c\u1ea3m \u1ee9ng c\u1ee7a SWOER v\u1edbi ch\u1ebf \u0111\u1ed9 c\u1ea7m tay linh ho\u1ea1t, cho ph\u00e9p l\u01b0u tr\u1eef s\u1ed1 l\u01b0\u1ee3ng c\u00f4ng th\u1ee9c s\u1ea3n ph\u1ea9m (recipes) kh\u00f4ng gi\u1edbi h\u1ea1n.<\/span><\/li>\n<li style=\"font-weight: 400;\" aria-level=\"1\"><b>C\u01a1 ch\u1ebf g\u1eafp linh ho\u1ea1t:<\/b><span style=\"font-weight: 400;\"> C\u00f3 th\u1ec3 chuy\u1ec3n \u0111\u1ed5i t\u1ef1 \u0111\u1ed9ng gi\u1eefa k\u1eb9p h\u00fat v\u00e0 k\u1eb9p c\u01a1 kh\u00ed t\u00f9y theo \u0111\u1eb7c \u0111i\u1ec3m s\u1ea3n ph\u1ea9m.<\/span><\/li>\n<\/ul>\n<h2><span style=\"font-weight: 400;\">\uba85\uc138\uc11c<\/span><\/h2>\n<table>\n<tbody>\n<tr>\n<td><b>STT<\/b><\/td>\n<td><b>Danh m\u1ee5c th\u00f4ng s\u1ed1<\/b><\/td>\n<td><b>Ch\u1ec9 s\u1ed1 k\u1ef9 thu\u1eadt<\/b><\/td>\n<\/tr>\n<tr>\n<td><span style=\"font-weight: 400;\">1<\/span><\/td>\n<td><b>\ubaa8\ub378<\/b><\/td>\n<td><b>SW-HRD3T-SD-M<\/b><\/td>\n<\/tr>\n<tr>\n<td><span style=\"font-weight: 400;\">2<\/span><\/td>\n<td><span style=\"font-weight: 400;\">Ph\u1ea1m vi m\u1ea1 v\u00e0 c\u1ea5p li\u1ec7u hi\u1ec7u qu\u1ea3<\/span><\/td>\n<td><span style=\"font-weight: 400;\">220 x 200 mm<\/span><\/td>\n<\/tr>\n<tr>\n<td><span style=\"font-weight: 400;\">3<\/span><\/td>\n<td><span style=\"font-weight: 400;\">K\u00edch th\u01b0\u1edbc s\u1ea3n ph\u1ea9m th\u00edch \u1ee9ng<\/span><\/td>\n<td><span style=\"font-weight: 400;\">D\u00e0i v\u00e0 r\u1ed9ng trong kho\u1ea3ng 0.2 &#8211; 15 mm<\/span><\/td>\n<\/tr>\n<tr>\n<td><span style=\"font-weight: 400;\">4<\/span><\/td>\n<td><span style=\"font-weight: 400;\">\u0110\u1ed9 ch\u00ednh x\u00e1c l\u1eb7p l\u1ea1i<\/span><\/td>\n<td><span style=\"font-weight: 400;\">\u00b1 0.05 mm<\/span><\/td>\n<\/tr>\n<tr>\n<td><span style=\"font-weight: 400;\">5<\/span><\/td>\n<td><span style=\"font-weight: 400;\">T\u1ed1c \u0111\u1ed9 g\u1eafp-\u0111\u1eb7t t\u1ed1i \u0111a<\/span><\/td>\n<td><span style=\"font-weight: 400;\">6000 l\u1ea7n\/gi\u1edd<\/span><\/td>\n<\/tr>\n<tr>\n<td><span style=\"font-weight: 400;\">6<\/span><\/td>\n<td><span style=\"font-weight: 400;\">\uc81c\uc5b4 \uc2dc\uc2a4\ud15c<\/span><\/td>\n<td><span style=\"font-weight: 400;\">SWOER Touch Teaching System (C\u1ea7m tay)<\/span><\/td>\n<\/tr>\n<tr>\n<td><span style=\"font-weight: 400;\">7<\/span><\/td>\n<td><span style=\"font-weight: 400;\">H\u1ec7 th\u1ed1ng Camera<\/span><\/td>\n<td><span style=\"font-weight: 400;\">Hikvision (1200W x 1 + 130W x 1)<\/span><\/td>\n<\/tr>\n<tr>\n<td><span style=\"font-weight: 400;\">8<\/span><\/td>\n<td><span style=\"font-weight: 400;\">\u0110i\u1ec7n \u00e1p \u0111\u1ecbnh m\u1ee9c<\/span><\/td>\n<td><span style=\"font-weight: 400;\">AC 220V<\/span><\/td>\n<\/tr>\n<tr>\n<td><span style=\"font-weight: 400;\">9<\/span><\/td>\n<td><span style=\"font-weight: 400;\">\uc815\uaca9 \uc804\ub825<\/span><\/td>\n<td><span style=\"font-weight: 400;\">1.5 KW<\/span><\/td>\n<\/tr>\n<tr>\n<td><span style=\"font-weight: 400;\">10<\/span><\/td>\n<td><span style=\"font-weight: 400;\">\u00c1p su\u1ea5t kh\u00ed n\u00e9n<\/span><\/td>\n<td><span style=\"font-weight: 400;\">0.2 &#8211; 0.5 MP<\/span><\/td>\n<\/tr>\n<tr>\n<td><span style=\"font-weight: 400;\">11<\/span><\/td>\n<td><span style=\"font-weight: 400;\">\uc7a5\uce58 \ubb34\uac8c<\/span><\/td>\n<td><span style=\"font-weight: 400;\">Kho\u1ea3ng 55 kg<\/span><\/td>\n<\/tr>\n<tr>\n<td><span style=\"font-weight: 400;\">12<\/span><\/td>\n<td><span style=\"font-weight: 400;\">K\u00edch th\u01b0\u1edbc m\u00e1y<\/span><\/td>\n<td><span style=\"font-weight: 400;\">505 x 738 x 805 mm<\/span><\/td>\n<\/tr>\n<\/tbody>\n<\/table>\n<h2><span style=\"font-weight: 400;\">\uc560\ud50c\ub9ac\ucf00\uc774\uc158<\/span><\/h2>\n<p><span style=\"font-weight: 400;\">V\u1edbi thi\u1ebft k\u1ebf \u0111\u1ec3 b\u00e0n nh\u1ecf g\u1ecdn v\u00e0 hi\u1ec7u su\u1ea5t m\u1ea1nh m\u1ebd, <\/span><b>SW-HRD3T-SD-M<\/b><span style=\"font-weight: 400;\"> \u0111\u01b0\u1ee3c \u1ee9ng d\u1ee5ng r\u1ed9ng r\u00e3i trong:<\/span><\/p>\n<ol>\n<li style=\"font-weight: 400;\" aria-level=\"1\"><b>M\u1ea1 \u0111i\u1ec7n ch\u00ednh x\u00e1c:<\/b><span style=\"font-weight: 400;\"> S\u1eed d\u1ee5ng cho c\u00e1c m\u00e1y \u0111\u01a1n l\u1ebb ho\u1eb7c h\u1ec7 th\u1ed1ng m\u1ea1 t\u1ef1 \u0111\u1ed9ng.<\/span><\/li>\n<li style=\"font-weight: 400;\" aria-level=\"1\"><b>C\u1ea5p li\u1ec7u t\u1ef1 \u0111\u1ed9ng (Online Loading):<\/b><span style=\"font-weight: 400;\"> T\u00edch h\u1ee3p v\u00e0o d\u00e2y chuy\u1ec1n s\u1ea3n xu\u1ea5t li\u00ean t\u1ee5c \u0111\u1ec3 g\u1eafp linh ki\u1ec7n.<\/span><\/li>\n<li style=\"font-weight: 400;\" aria-level=\"1\"><b>\u0110\u00f3ng g\u00f3i linh ho\u1ea1t (Taping):<\/b><span style=\"font-weight: 400;\"> T\u1ef1 \u0111\u1ed9ng \u0111\u01b0a s\u1ea3n ph\u1ea9m v\u00e0o b\u0103ng t\u1ea3i \u0111\u00f3ng g\u00f3i v\u1edbi t\u1ed1c \u0111\u1ed9 cao.<\/span><\/li>\n<\/ol>","protected":false},"excerpt":{"rendered":"<p><span style=\"font-weight: 400;\">D\u00f2ng Robot Delta <\/span><b>SW-HRD3T-SD-M<\/b><span style=\"font-weight: 400;\"> t\u1eeb th\u01b0\u01a1ng hi\u1ec7u SWOER l\u00e0 s\u1ef1 l\u1ef1a ch\u1ecdn h\u00e0ng \u0111\u1ea7u cho c\u00e1c quy tr\u00ecnh t\u1ef1 \u0111\u1ed9ng h\u00f3a \u0111\u00f2i h\u1ecfi s\u1ef1 t\u1ec9 m\u1ec9 nh\u01b0 m\u1ea1 ch\u00ednh x\u00e1c, c\u1ea5p li\u1ec7u t\u1ef1 \u0111\u1ed9ng v\u00e0 \u0111\u00f3ng g\u00f3i b\u0103ng t\u1ea3i linh ho\u1ea1t. Thi\u1ebft b\u1ecb mang l\u1ea1i hi\u1ec7u su\u1ea5t v\u01b0\u1ee3t tr\u1ed9i, gi\u00fap t\u1ed1i \u01b0u h\u00f3a d\u00e2y chuy\u1ec1n s\u1ea3n xu\u1ea5t trong nhi\u1ec1u ng\u00e0nh c\u00f4ng nghi\u1ec7p kh\u00e1c nhau.<\/span><\/p>","protected":false},"featured_media":8189,"comment_status":"open","ping_status":"closed","template":"","meta":[],"product_brand":[],"product_cat":[69,76],"product_tag":[150,238,70],"class_list":{"0":"post-8188","1":"product","2":"type-product","3":"status-publish","4":"has-post-thumbnail","6":"product_cat-delta-robot","7":"product_cat-san-pham-moi","8":"product_tag-delta-robot","9":"product_tag-flex-feeder-voi-robot","10":"product_tag-robot-delta","12":"first","13":"instock","14":"shipping-taxable","15":"product-type-simple"},"yoast_head":"<!-- This site is optimized with the Yoast SEO plugin v26.0 - https:\/\/yoast.com\/wordpress\/plugins\/seo\/ -->\n<title>Robot Delta SW-HRD3T-SD-M - Nh\u00e0 s\u1ea3n xu\u1ea5t m\u00e1y c\u1ea5p li\u1ec7u c\u00f4ng nghi\u1ec7p<\/title>\n<meta name=\"description\" content=\"Delta Robot SW-HRD3T-SD-M ch\u00ednh x\u00e1c \u00b10.05mm, t\u1ed1c \u0111\u1ed9 6000 l\u1ea7n\/gi\u1edd. T\u00edch h\u1ee3p camera Hikvision, h\u1ed7 tr\u1ee3 m\u1ea1 ch\u00ednh x\u00e1c &amp; \u0111\u00f3ng g\u00f3i b\u0103ng t\u1ea3i. B\u1ea3o h\u00e0nh 1 n\u0103m\" \/>\n<meta name=\"robots\" content=\"index, follow, max-snippet:-1, max-image-preview:large, max-video-preview:-1\" \/>\n<link rel=\"canonical\" href=\"https:\/\/swoer.vn\/ko\/manufacturer\/robot-delta-sw-hrd3t-sd-m\/\" \/>\n<meta property=\"og:locale\" content=\"ko_KR\" \/>\n<meta property=\"og:type\" content=\"article\" \/>\n<meta property=\"og:title\" content=\"Robot Delta SW-HRD3T-SD-M - Nh\u00e0 s\u1ea3n xu\u1ea5t m\u00e1y c\u1ea5p li\u1ec7u c\u00f4ng nghi\u1ec7p\" \/>\n<meta property=\"og:description\" content=\"Delta Robot SW-HRD3T-SD-M ch\u00ednh x\u00e1c \u00b10.05mm, t\u1ed1c \u0111\u1ed9 6000 l\u1ea7n\/gi\u1edd. T\u00edch h\u1ee3p camera Hikvision, h\u1ed7 tr\u1ee3 m\u1ea1 ch\u00ednh x\u00e1c &amp; \u0111\u00f3ng g\u00f3i b\u0103ng t\u1ea3i. B\u1ea3o h\u00e0nh 1 n\u0103m\" \/>\n<meta property=\"og:url\" content=\"https:\/\/swoer.vn\/ko\/manufacturer\/robot-delta-sw-hrd3t-sd-m\/\" \/>\n<meta property=\"og:site_name\" content=\"Nh\u00e0 s\u1ea3n xu\u1ea5t m\u00e1y c\u1ea5p li\u1ec7u c\u00f4ng nghi\u1ec7p\" \/>\n<meta property=\"og:image\" content=\"https:\/\/swoer.vn\/wp-content\/uploads\/2026\/04\/ROBOT-DELTA-SW-HRD3T-SD-M.png\" \/>\n\t<meta property=\"og:image:width\" content=\"800\" \/>\n\t<meta property=\"og:image:height\" content=\"800\" \/>\n\t<meta property=\"og:image:type\" content=\"image\/png\" \/>\n<meta name=\"twitter:card\" content=\"summary_large_image\" \/>\n<meta name=\"twitter:label1\" content=\"\uc608\uc0c1 \ub418\ub294 \ud310\ub3c5 \uc2dc\uac04\" \/>\n\t<meta name=\"twitter:data1\" content=\"3\ubd84\" \/>\n<script type=\"application\/ld+json\" class=\"yoast-schema-graph\">{\"@context\":\"https:\/\/schema.org\",\"@graph\":[{\"@type\":\"WebPage\",\"@id\":\"https:\/\/swoer.vn\/manufacturer\/robot-delta-sw-hrd3t-sd-m\/\",\"url\":\"https:\/\/swoer.vn\/manufacturer\/robot-delta-sw-hrd3t-sd-m\/\",\"name\":\"Robot Delta SW-HRD3T-SD-M - Nh\u00e0 s\u1ea3n xu\u1ea5t m\u00e1y c\u1ea5p li\u1ec7u c\u00f4ng nghi\u1ec7p\",\"isPartOf\":{\"@id\":\"https:\/\/swoer.vn\/#website\"},\"primaryImageOfPage\":{\"@id\":\"https:\/\/swoer.vn\/manufacturer\/robot-delta-sw-hrd3t-sd-m\/#primaryimage\"},\"image\":{\"@id\":\"https:\/\/swoer.vn\/manufacturer\/robot-delta-sw-hrd3t-sd-m\/#primaryimage\"},\"thumbnailUrl\":\"https:\/\/swoer.vn\/wp-content\/uploads\/2026\/04\/ROBOT-DELTA-SW-HRD3T-SD-M.png\",\"datePublished\":\"2026-04-02T02:37:01+00:00\",\"description\":\"Delta Robot SW-HRD3T-SD-M ch\u00ednh x\u00e1c \u00b10.05mm, t\u1ed1c \u0111\u1ed9 6000 l\u1ea7n\/gi\u1edd. T\u00edch h\u1ee3p camera Hikvision, h\u1ed7 tr\u1ee3 m\u1ea1 ch\u00ednh x\u00e1c & \u0111\u00f3ng g\u00f3i b\u0103ng t\u1ea3i. B\u1ea3o h\u00e0nh 1 n\u0103m\",\"breadcrumb\":{\"@id\":\"https:\/\/swoer.vn\/manufacturer\/robot-delta-sw-hrd3t-sd-m\/#breadcrumb\"},\"inLanguage\":\"ko-KR\",\"potentialAction\":[{\"@type\":\"ReadAction\",\"target\":[\"https:\/\/swoer.vn\/manufacturer\/robot-delta-sw-hrd3t-sd-m\/\"]}]},{\"@type\":\"ImageObject\",\"inLanguage\":\"ko-KR\",\"@id\":\"https:\/\/swoer.vn\/manufacturer\/robot-delta-sw-hrd3t-sd-m\/#primaryimage\",\"url\":\"https:\/\/swoer.vn\/wp-content\/uploads\/2026\/04\/ROBOT-DELTA-SW-HRD3T-SD-M.png\",\"contentUrl\":\"https:\/\/swoer.vn\/wp-content\/uploads\/2026\/04\/ROBOT-DELTA-SW-HRD3T-SD-M.png\",\"width\":800,\"height\":800,\"caption\":\"ROBOT DELTA SW-HRD3T-SD-M\"},{\"@type\":\"BreadcrumbList\",\"@id\":\"https:\/\/swoer.vn\/manufacturer\/robot-delta-sw-hrd3t-sd-m\/#breadcrumb\",\"itemListElement\":[{\"@type\":\"ListItem\",\"position\":1,\"name\":\"Home\",\"item\":\"https:\/\/swoer.vn\/\"},{\"@type\":\"ListItem\",\"position\":2,\"name\":\"S\u1ea3n ph\u1ea9m\",\"item\":\"https:\/\/swoer.vn\/shop\/\"},{\"@type\":\"ListItem\",\"position\":3,\"name\":\"Robot Delta SW-HRD3T-SD-M\"}]},{\"@type\":\"WebSite\",\"@id\":\"https:\/\/swoer.vn\/#website\",\"url\":\"https:\/\/swoer.vn\/\",\"name\":\"Nh\u00e0 s\u1ea3n xu\u1ea5t m\u00e1y c\u1ea5p li\u1ec7u c\u00f4ng nghi\u1ec7p\",\"description\":\"Nh\u00e0 cung c\u1ea5p robot, m\u00e1y c\u1ea5p li\u1ec7u linh ho\u1ea1t, m\u00e1y c\u1ea5p li\u1ec7u ly t\u00e2m, m\u00e1y c\u1ea5p li\u1ec7u rung t\u1ef1 \u0111\u1ed9ng\",\"potentialAction\":[{\"@type\":\"SearchAction\",\"target\":{\"@type\":\"EntryPoint\",\"urlTemplate\":\"https:\/\/swoer.vn\/?s={search_term_string}\"},\"query-input\":{\"@type\":\"PropertyValueSpecification\",\"valueRequired\":true,\"valueName\":\"search_term_string\"}}],\"inLanguage\":\"ko-KR\"}]}<\/script>\n<!-- \/ Yoast SEO plugin. -->","yoast_head_json":{"title":"Robot Delta SW-HRD3T-SD-M - Nh\u00e0 s\u1ea3n xu\u1ea5t m\u00e1y c\u1ea5p li\u1ec7u c\u00f4ng nghi\u1ec7p","description":"Delta Robot SW-HRD3T-SD-M ch\u00ednh x\u00e1c \u00b10.05mm, t\u1ed1c \u0111\u1ed9 6000 l\u1ea7n\/gi\u1edd. T\u00edch h\u1ee3p camera Hikvision, h\u1ed7 tr\u1ee3 m\u1ea1 ch\u00ednh x\u00e1c & \u0111\u00f3ng g\u00f3i b\u0103ng t\u1ea3i. B\u1ea3o h\u00e0nh 1 n\u0103m","robots":{"index":"index","follow":"follow","max-snippet":"max-snippet:-1","max-image-preview":"max-image-preview:large","max-video-preview":"max-video-preview:-1"},"canonical":"https:\/\/swoer.vn\/ko\/manufacturer\/robot-delta-sw-hrd3t-sd-m\/","og_locale":"ko_KR","og_type":"article","og_title":"Robot Delta SW-HRD3T-SD-M - Nh\u00e0 s\u1ea3n xu\u1ea5t m\u00e1y c\u1ea5p li\u1ec7u c\u00f4ng nghi\u1ec7p","og_description":"Delta Robot SW-HRD3T-SD-M ch\u00ednh x\u00e1c \u00b10.05mm, t\u1ed1c \u0111\u1ed9 6000 l\u1ea7n\/gi\u1edd. T\u00edch h\u1ee3p camera Hikvision, h\u1ed7 tr\u1ee3 m\u1ea1 ch\u00ednh x\u00e1c & \u0111\u00f3ng g\u00f3i b\u0103ng t\u1ea3i. B\u1ea3o h\u00e0nh 1 n\u0103m","og_url":"https:\/\/swoer.vn\/ko\/manufacturer\/robot-delta-sw-hrd3t-sd-m\/","og_site_name":"Nh\u00e0 s\u1ea3n xu\u1ea5t m\u00e1y c\u1ea5p li\u1ec7u c\u00f4ng nghi\u1ec7p","og_image":[{"width":800,"height":800,"url":"https:\/\/swoer.vn\/wp-content\/uploads\/2026\/04\/ROBOT-DELTA-SW-HRD3T-SD-M.png","type":"image\/png"}],"twitter_card":"summary_large_image","twitter_misc":{"\uc608\uc0c1 \ub418\ub294 \ud310\ub3c5 \uc2dc\uac04":"3\ubd84"},"schema":{"@context":"https:\/\/schema.org","@graph":[{"@type":"WebPage","@id":"https:\/\/swoer.vn\/manufacturer\/robot-delta-sw-hrd3t-sd-m\/","url":"https:\/\/swoer.vn\/manufacturer\/robot-delta-sw-hrd3t-sd-m\/","name":"Robot Delta SW-HRD3T-SD-M - Nh\u00e0 s\u1ea3n xu\u1ea5t m\u00e1y c\u1ea5p li\u1ec7u c\u00f4ng nghi\u1ec7p","isPartOf":{"@id":"https:\/\/swoer.vn\/#website"},"primaryImageOfPage":{"@id":"https:\/\/swoer.vn\/manufacturer\/robot-delta-sw-hrd3t-sd-m\/#primaryimage"},"image":{"@id":"https:\/\/swoer.vn\/manufacturer\/robot-delta-sw-hrd3t-sd-m\/#primaryimage"},"thumbnailUrl":"https:\/\/swoer.vn\/wp-content\/uploads\/2026\/04\/ROBOT-DELTA-SW-HRD3T-SD-M.png","datePublished":"2026-04-02T02:37:01+00:00","description":"Delta Robot SW-HRD3T-SD-M ch\u00ednh x\u00e1c \u00b10.05mm, t\u1ed1c \u0111\u1ed9 6000 l\u1ea7n\/gi\u1edd. T\u00edch h\u1ee3p camera Hikvision, h\u1ed7 tr\u1ee3 m\u1ea1 ch\u00ednh x\u00e1c & \u0111\u00f3ng g\u00f3i b\u0103ng t\u1ea3i. B\u1ea3o h\u00e0nh 1 n\u0103m","breadcrumb":{"@id":"https:\/\/swoer.vn\/manufacturer\/robot-delta-sw-hrd3t-sd-m\/#breadcrumb"},"inLanguage":"ko-KR","potentialAction":[{"@type":"ReadAction","target":["https:\/\/swoer.vn\/manufacturer\/robot-delta-sw-hrd3t-sd-m\/"]}]},{"@type":"ImageObject","inLanguage":"ko-KR","@id":"https:\/\/swoer.vn\/manufacturer\/robot-delta-sw-hrd3t-sd-m\/#primaryimage","url":"https:\/\/swoer.vn\/wp-content\/uploads\/2026\/04\/ROBOT-DELTA-SW-HRD3T-SD-M.png","contentUrl":"https:\/\/swoer.vn\/wp-content\/uploads\/2026\/04\/ROBOT-DELTA-SW-HRD3T-SD-M.png","width":800,"height":800,"caption":"ROBOT DELTA SW-HRD3T-SD-M"},{"@type":"BreadcrumbList","@id":"https:\/\/swoer.vn\/manufacturer\/robot-delta-sw-hrd3t-sd-m\/#breadcrumb","itemListElement":[{"@type":"ListItem","position":1,"name":"Home","item":"https:\/\/swoer.vn\/"},{"@type":"ListItem","position":2,"name":"S\u1ea3n ph\u1ea9m","item":"https:\/\/swoer.vn\/shop\/"},{"@type":"ListItem","position":3,"name":"Robot Delta SW-HRD3T-SD-M"}]},{"@type":"WebSite","@id":"https:\/\/swoer.vn\/#website","url":"https:\/\/swoer.vn\/","name":"\uc0b0\uc5c5\uc6a9 \ud53c\ub354 \uc81c\uc870\uc5c5\uccb4","description":"\ub85c\ubd07, \ud50c\ub809\uc2dc\ube14 \ud53c\ub354, \uc6d0\uc2ec \ud53c\ub354, \uc790\ub3d9 \uc9c4\ub3d9 \ud53c\ub354 \uacf5\uae09\uc5c5\uccb4","potentialAction":[{"@type":"SearchAction","target":{"@type":"EntryPoint","urlTemplate":"https:\/\/swoer.vn\/?s={search_term_string}"},"query-input":{"@type":"PropertyValueSpecification","valueRequired":true,"valueName":"search_term_string"}}],"inLanguage":"ko-KR"}]}},"_links":{"self":[{"href":"https:\/\/swoer.vn\/ko\/wp-json\/wp\/v2\/product\/8188","targetHints":{"allow":["GET"]}}],"collection":[{"href":"https:\/\/swoer.vn\/ko\/wp-json\/wp\/v2\/product"}],"about":[{"href":"https:\/\/swoer.vn\/ko\/wp-json\/wp\/v2\/types\/product"}],"replies":[{"embeddable":true,"href":"https:\/\/swoer.vn\/ko\/wp-json\/wp\/v2\/comments?post=8188"}],"wp:featuredmedia":[{"embeddable":true,"href":"https:\/\/swoer.vn\/ko\/wp-json\/wp\/v2\/media\/8189"}],"wp:attachment":[{"href":"https:\/\/swoer.vn\/ko\/wp-json\/wp\/v2\/media?parent=8188"}],"wp:term":[{"taxonomy":"product_brand","embeddable":true,"href":"https:\/\/swoer.vn\/ko\/wp-json\/wp\/v2\/product_brand?post=8188"},{"taxonomy":"product_cat","embeddable":true,"href":"https:\/\/swoer.vn\/ko\/wp-json\/wp\/v2\/product_cat?post=8188"},{"taxonomy":"product_tag","embeddable":true,"href":"https:\/\/swoer.vn\/ko\/wp-json\/wp\/v2\/product_tag?post=8188"}],"curies":[{"name":"wp","href":"https:\/\/api.w.org\/{rel}","templated":true}]}}