{"id":8148,"date":"2026-03-31T09:03:23","date_gmt":"2026-03-31T02:03:23","guid":{"rendered":"https:\/\/swoer.vn\/?post_type=product&#038;p=8148"},"modified":"2026-03-31T09:03:23","modified_gmt":"2026-03-31T02:03:23","slug":"he-thong-hinh-anh-ccd","status":"publish","type":"product","link":"https:\/\/swoer.vn\/ko\/manufacturer\/he-thong-hinh-anh-ccd\/","title":{"rendered":"H\u1ec7 th\u1ed1ng h\u00ecnh \u1ea3nh CCD"},"content":{"rendered":"<h2><span style=\"font-weight: 400;\">\u0110\u1eb7c \u0111i\u1ec3m k\u1ef9 thu\u1eadt n\u1ed5i b\u1eadt<\/span><\/h2>\n<p><span style=\"font-weight: 400;\">H\u1ec7 th\u1ed1ng <\/span><b>SW-80302<\/b><span style=\"font-weight: 400;\"> t\u00edch h\u1ee3p c\u00e1c c\u00f4ng ngh\u1ec7 th\u00f4ng minh gi\u00fap t\u1ed1i \u01b0u h\u00f3a quy tr\u00ecnh ki\u1ec3m tra t\u1ef1 \u0111\u1ed9ng:<\/span><\/p>\n<ul>\n<li style=\"font-weight: 400;\" aria-level=\"1\"><b>C\u01a1 ch\u1ebf k\u00edch ho\u1ea1t n\u1ed9i b\u1ed9 (Internal Trigger):<\/b><span style=\"font-weight: 400;\"> \u0110\u1ea3m b\u1ea3o vi\u1ec7c ch\u1ee5p \u1ea3nh ch\u00ednh x\u00e1c v\u00e0 \u0111\u1ed3ng b\u1ed9, t\u1ed1i \u01b0u h\u00f3a th\u1eddi \u0111i\u1ec3m ki\u1ec3m tra s\u1ea3n ph\u1ea9m.<\/span><\/li>\n<li style=\"font-weight: 400;\" aria-level=\"1\"><b>Nh\u1eadn di\u1ec7n \u0111a lu\u1ed3ng (Multi-Track):<\/b><span style=\"font-weight: 400;\"> C\u00f3 kh\u1ea3 n\u0103ng x\u00e1c \u0111\u1ecbnh v\u00e0 theo d\u00f5i \u0111\u1ed3ng th\u1eddi l\u00ean \u0111\u1ebfn <\/span><b>4 \u0111\u1ed1i t\u01b0\u1ee3ng<\/b><span style=\"font-weight: 400;\">, x\u1eed l\u00fd t\u1ed1t c\u00e1c c\u1ea5u h\u00ecnh s\u1ea3n ph\u1ea9m ph\u1ee9c t\u1ea1p.<\/span><\/li>\n<li style=\"font-weight: 400;\" aria-level=\"1\"><b>T\u1ed1c \u0111\u1ed9 nh\u1eadn di\u1ec7n c\u1ef1c nhanh:<\/b><span style=\"font-weight: 400;\"> X\u1eed l\u00fd \u1ea5n t\u01b0\u1ee3ng v\u1edbi c\u00f4ng su\u1ea5t <\/span><b>300 s\u1ea3n ph\u1ea9m\/ph\u00fat<\/b><span style=\"font-weight: 400;\">, \u0111\u00e1p \u1ee9ng t\u1ed1t c\u00e1c d\u00e2y chuy\u1ec1n s\u1ea3n xu\u1ea5t s\u1ea3n l\u01b0\u1ee3ng l\u1edbn.<\/span><\/li>\n<li style=\"font-weight: 400;\" aria-level=\"1\"><b>\u0110\u1ed9 ch\u00ednh x\u00e1c tuy\u1ec7t \u0111\u1ed1i:<\/b><span style=\"font-weight: 400;\"> \u0110\u1ea1t t\u1ef7 l\u1ec7 nh\u1eadn di\u1ec7n ch\u00ednh x\u00e1c l\u00ean \u0111\u1ebfn <\/span><b>99,99%<\/b><span style=\"font-weight: 400;\">, gi\u00fap gi\u1ea3m thi\u1ec3u sai s\u00f3t v\u00e0 b\u1ea3o v\u1ec7 uy t\u00edn ch\u1ea5t l\u01b0\u1ee3ng \u0111\u1ea7u ra.<\/span><\/li>\n<li style=\"font-weight: 400;\" aria-level=\"1\"><b>T\u1ef7 l\u1ec7 sai l\u1ed7i t\u1ed1i thi\u1ec3u:<\/b><span style=\"font-weight: 400;\"> Duy tr\u00ec t\u1ef7 l\u1ec7 v\u1eadt li\u1ec7u l\u1ed7i\/ng\u01b0\u1ee3c \u1edf m\u1ee9c c\u1ef1c th\u1ea5p, d\u01b0\u1edbi <\/span><b>0,0001%<\/b><span style=\"font-weight: 400;\">, gi\u00fap ti\u1ebft ki\u1ec7m t\u00e0i nguy\u00ean v\u00e0 gi\u1ea3m l\u00e3ng ph\u00ed.<\/span><\/li>\n<li style=\"font-weight: 400;\" aria-level=\"1\"><b>V\u1eadn h\u00e0nh th\u00f4ng minh:<\/b><span style=\"font-weight: 400;\"> H\u1ed7 tr\u1ee3 k\u1ef9 thu\u1eadt t\u1eeb xa theo th\u1eddi gian th\u1ef1c v\u00e0 ch\u1ee9c n\u0103ng chuy\u1ec3n \u0111\u1ed5i s\u1ea3n ph\u1ea9m ch\u1ec9 v\u1edbi m\u1ed9t c\u00fa nh\u1ea5p chu\u1ed9t (One-Click), gi\u1ea3m thi\u1ec3u t\u1ed1i \u0111a th\u1eddi gian d\u1eebng m\u00e1y.<\/span><\/li>\n<li style=\"font-weight: 400;\" aria-level=\"1\"><b>L\u1eafp \u0111\u1eb7t Plug-and-Play:<\/b><span style=\"font-weight: 400;\"> Thi\u1ebft k\u1ebf tinh g\u1ecdn gi\u00fap c\u00e0i \u0111\u1eb7t nhanh ch\u00f3ng, lo\u1ea1i b\u1ecf c\u00e1c b\u01b0\u1edbc hi\u1ec7u ch\u1ec9nh ph\u1ee9c t\u1ea1p.<\/span><\/li>\n<\/ul>\n<h2><span style=\"font-weight: 400;\">Th\u00f4ng s\u1ed1 k\u1ef9 thu\u1eadt chi ti\u1ebft<\/span><\/h2>\n<table>\n<tbody>\n<tr>\n<td><b>H\u1ea1ng m\u1ee5c<\/b><\/td>\n<td><b>Th\u00f4ng tin chi ti\u1ebft<\/b><\/td>\n<\/tr>\n<tr>\n<td><b>\ubaa8\ub378<\/b><\/td>\n<td><b>SW-80302<\/b><\/td>\n<\/tr>\n<tr>\n<td><b>\ub4f1\ub85d \uc0c1\ud45c<\/b><\/td>\n<td><b>\uc2a4\uc6cc\uc5b4<\/b><\/td>\n<\/tr>\n<tr>\n<td><b>\uc804\uc555<\/b><\/td>\n<td><span style=\"font-weight: 400;\">220V<\/span><\/td>\n<\/tr>\n<tr>\n<td><b>\uc6a9\ub7c9<\/b><\/td>\n<td><span style=\"font-weight: 400;\">T\u00f9y ch\u1ecdn: 65W \/ 150W \/ 180W \/ 220W \/ 350W<\/span><\/td>\n<\/tr>\n<tr>\n<td><b>\uc778\uc99d<\/b><\/td>\n<td><b>CE, ROHS, ISO9001<\/b><\/td>\n<\/tr>\n<tr>\n<td><b>Xu\u1ea5t x\u1ee9<\/b><\/td>\n<td><span style=\"font-weight: 400;\">\uc911\uad6d<\/span><\/td>\n<\/tr>\n<\/tbody>\n<\/table>\n<h2><span style=\"font-weight: 400;\">Danh m\u1ee5c thi\u1ebft b\u1ecb \u0111\u1ed3ng b\u1ed9<\/span><\/h2>\n<p><span style=\"font-weight: 400;\">M\u1ed9t b\u1ed9 s\u1ea3n ph\u1ea9m ti\u00eau chu\u1ea9n bao g\u1ed3m \u0111\u1ea7y \u0111\u1ee7 c\u00e1c c\u1ea5u ki\u1ec7n sau:<\/span><\/p>\n<ul>\n<li style=\"font-weight: 400;\" aria-level=\"1\"><b>01 M\u00e1y t\u00ednh c\u00f4ng nghi\u1ec7p<\/b><span style=\"font-weight: 400;\"> (Industrial computer)<\/span><\/li>\n<li style=\"font-weight: 400;\" aria-level=\"1\"><b>01 M\u00e0n h\u00ecnh hi\u1ec3n th\u1ecb 8-inch<\/b><\/li>\n<li style=\"font-weight: 400;\" aria-level=\"1\"><b>01 Camera CCD chuy\u00ean d\u1ee5ng<\/b><\/li>\n<li style=\"font-weight: 400;\" aria-level=\"1\"><b>01 \u1ed0ng k\u00ednh<\/b><span style=\"font-weight: 400;\"> (Lens)<\/span><\/li>\n<li style=\"font-weight: 400;\" aria-level=\"1\"><b>01 Ngu\u1ed3n s\u00e1ng b\u1ed5 tr\u1ee3<\/b><span style=\"font-weight: 400;\"> (Light source)<\/span><\/li>\n<li style=\"font-weight: 400;\" aria-level=\"1\"><b>01 Gi\u00e1 \u0111\u1ee1 c\u1ed1 \u0111\u1ecbnh Camera v\u00e0 ngu\u1ed3n s\u00e1ng<\/b><\/li>\n<\/ul>\n<h2><span style=\"font-weight: 400;\">Ch\u00ednh s\u00e1ch th\u01b0\u01a1ng m\u1ea1i &amp; b\u1ea3o h\u00e0nh<\/span><\/h2>\n<ul>\n<li style=\"font-weight: 400;\" aria-level=\"1\"><b>B\u1ea3o h\u00e0nh:<\/b><span style=\"font-weight: 400;\"> 01 n\u0103m ch\u00ednh h\u00e3ng.<\/span><\/li>\n<li style=\"font-weight: 400;\" aria-level=\"1\"><b>S\u1ed1 l\u01b0\u1ee3ng \u0111\u1eb7t h\u00e0ng t\u1ed1i thi\u1ec3u (MOQ):<\/b><span style=\"font-weight: 400;\"> 01 b\u1ed9.<\/span><\/li>\n<li style=\"font-weight: 400;\" aria-level=\"1\"><b>Th\u1eddi gian giao h\u00e0ng:<\/b><span style=\"font-weight: 400;\"> 10 &#8211; 14 ng\u00e0y.<\/span><\/li>\n<li style=\"font-weight: 400;\" aria-level=\"1\"><b>\u0110i\u1ec1u kho\u1ea3n thanh to\u00e1n:<\/b><span style=\"font-weight: 400;\"> T\/T (\u0110\u1eb7t c\u1ecdc 40%, thanh to\u00e1n 60% c\u00f2n l\u1ea1i tr\u01b0\u1edbc khi giao h\u00e0ng).<\/span><\/li>\n<\/ul>","protected":false},"excerpt":{"rendered":"<p><span style=\"font-weight: 400;\">N\u00e2ng t\u1ea7m d\u00e2y chuy\u1ec1n s\u1ea3n xu\u1ea5t c\u1ee7a b\u1ea1n v\u1edbi h\u1ec7 th\u1ed1ng h\u00ecnh \u1ea3nh CCD ti\u00ean ti\u1ebfn, \u0111\u01b0\u1ee3c thi\u1ebft k\u1ebf \u0111\u1ec3 tinh gi\u1ea3n quy tr\u00ecnh ki\u1ec3m tra, \u0111\u1ea3m b\u1ea3o ch\u1ea5t l\u01b0\u1ee3ng s\u1ea3n ph\u1ea9m tuy\u1ec7t \u0111\u1ed1i v\u00e0 t\u1ed1i \u0111a h\u00f3a hi\u1ec7u su\u1ea5t v\u1eadn h\u00e0nh. \u0110\u00e2y l\u00e0 gi\u1ea3i ph\u00e1p c\u00f4ng ngh\u1ec7 cao s\u1edf h\u1eefu b\u1ed9 t\u00ednh n\u0103ng to\u00e0n di\u1ec7n, gi\u00fap doanh nghi\u1ec7p \u0111\u1ea1t \u0111\u01b0\u1ee3c nh\u1eefng k\u1ebft qu\u1ea3 ki\u1ec3m so\u00e1t ch\u1ea5t l\u01b0\u1ee3ng v\u01b0\u1ee3t tr\u1ed9i.<\/span><\/p>","protected":false},"featured_media":8149,"comment_status":"open","ping_status":"closed","template":"","meta":[],"product_brand":[],"product_cat":[221],"product_tag":[226,227,223],"class_list":{"0":"post-8148","1":"product","2":"type-product","3":"status-publish","4":"has-post-thumbnail","6":"product_cat-he-thong-vision-ccd","7":"product_tag-he-thong-hinh-anh-ccd","8":"product_tag-he-thong-kiem-soat-hinh-anh-ccd","9":"product_tag-he-thong-vision-ccd","11":"first","12":"instock","13":"shipping-taxable","14":"product-type-simple"},"yoast_head":"<!-- This site is optimized with the Yoast SEO plugin v26.0 - https:\/\/yoast.com\/wordpress\/plugins\/seo\/ -->\n<title>H\u1ec7 th\u1ed1ng h\u00ecnh \u1ea3nh CCD - Nh\u00e0 s\u1ea3n xu\u1ea5t m\u00e1y c\u1ea5p li\u1ec7u c\u00f4ng nghi\u1ec7p<\/title>\n<meta name=\"description\" content=\"H\u1ec7 th\u1ed1ng camera CCD SWOER SW-80302 \u0111\u1ea1t chu\u1ea9n ISO9001\/CE. Nh\u1eadn di\u1ec7n 4 \u0111\u1ed1i t\u01b0\u1ee3ng c\u00f9ng l\u00fac, t\u1ed1c \u0111\u1ed9 300 s\u1ea3n ph\u1ea9m\/ph\u00fat, \u0111\u1ed9 ch\u00ednh x\u00e1c 99.99%. B\u1ea3o h\u00e0nh 1 n\u0103m\" \/>\n<meta name=\"robots\" content=\"index, follow, max-snippet:-1, max-image-preview:large, max-video-preview:-1\" \/>\n<link rel=\"canonical\" href=\"https:\/\/swoer.vn\/ko\/manufacturer\/he-thong-hinh-anh-ccd\/\" \/>\n<meta property=\"og:locale\" content=\"ko_KR\" \/>\n<meta property=\"og:type\" content=\"article\" \/>\n<meta property=\"og:title\" content=\"H\u1ec7 th\u1ed1ng h\u00ecnh \u1ea3nh CCD - Nh\u00e0 s\u1ea3n xu\u1ea5t m\u00e1y c\u1ea5p li\u1ec7u c\u00f4ng nghi\u1ec7p\" \/>\n<meta property=\"og:description\" content=\"H\u1ec7 th\u1ed1ng camera CCD SWOER SW-80302 \u0111\u1ea1t chu\u1ea9n ISO9001\/CE. Nh\u1eadn di\u1ec7n 4 \u0111\u1ed1i t\u01b0\u1ee3ng c\u00f9ng l\u00fac, t\u1ed1c \u0111\u1ed9 300 s\u1ea3n ph\u1ea9m\/ph\u00fat, \u0111\u1ed9 ch\u00ednh x\u00e1c 99.99%. B\u1ea3o h\u00e0nh 1 n\u0103m\" \/>\n<meta property=\"og:url\" content=\"https:\/\/swoer.vn\/ko\/manufacturer\/he-thong-hinh-anh-ccd\/\" \/>\n<meta property=\"og:site_name\" content=\"Nh\u00e0 s\u1ea3n xu\u1ea5t m\u00e1y c\u1ea5p li\u1ec7u c\u00f4ng nghi\u1ec7p\" \/>\n<meta property=\"og:image\" content=\"https:\/\/swoer.vn\/wp-content\/uploads\/2026\/03\/CCD-Imaging-System.png\" \/>\n\t<meta property=\"og:image:width\" content=\"800\" \/>\n\t<meta property=\"og:image:height\" content=\"800\" \/>\n\t<meta property=\"og:image:type\" content=\"image\/png\" \/>\n<meta name=\"twitter:card\" content=\"summary_large_image\" \/>\n<meta name=\"twitter:label1\" content=\"\uc608\uc0c1 \ub418\ub294 \ud310\ub3c5 \uc2dc\uac04\" \/>\n\t<meta name=\"twitter:data1\" content=\"3\ubd84\" \/>\n<script type=\"application\/ld+json\" class=\"yoast-schema-graph\">{\"@context\":\"https:\/\/schema.org\",\"@graph\":[{\"@type\":\"WebPage\",\"@id\":\"https:\/\/swoer.vn\/manufacturer\/he-thong-hinh-anh-ccd\/\",\"url\":\"https:\/\/swoer.vn\/manufacturer\/he-thong-hinh-anh-ccd\/\",\"name\":\"H\u1ec7 th\u1ed1ng h\u00ecnh \u1ea3nh CCD - Nh\u00e0 s\u1ea3n xu\u1ea5t m\u00e1y c\u1ea5p li\u1ec7u c\u00f4ng nghi\u1ec7p\",\"isPartOf\":{\"@id\":\"https:\/\/swoer.vn\/#website\"},\"primaryImageOfPage\":{\"@id\":\"https:\/\/swoer.vn\/manufacturer\/he-thong-hinh-anh-ccd\/#primaryimage\"},\"image\":{\"@id\":\"https:\/\/swoer.vn\/manufacturer\/he-thong-hinh-anh-ccd\/#primaryimage\"},\"thumbnailUrl\":\"https:\/\/swoer.vn\/wp-content\/uploads\/2026\/03\/CCD-Imaging-System.png\",\"datePublished\":\"2026-03-31T02:03:23+00:00\",\"description\":\"H\u1ec7 th\u1ed1ng camera CCD SWOER SW-80302 \u0111\u1ea1t chu\u1ea9n ISO9001\/CE. Nh\u1eadn di\u1ec7n 4 \u0111\u1ed1i t\u01b0\u1ee3ng c\u00f9ng l\u00fac, t\u1ed1c \u0111\u1ed9 300 s\u1ea3n ph\u1ea9m\/ph\u00fat, \u0111\u1ed9 ch\u00ednh x\u00e1c 99.99%. B\u1ea3o h\u00e0nh 1 n\u0103m\",\"breadcrumb\":{\"@id\":\"https:\/\/swoer.vn\/manufacturer\/he-thong-hinh-anh-ccd\/#breadcrumb\"},\"inLanguage\":\"ko-KR\",\"potentialAction\":[{\"@type\":\"ReadAction\",\"target\":[\"https:\/\/swoer.vn\/manufacturer\/he-thong-hinh-anh-ccd\/\"]}]},{\"@type\":\"ImageObject\",\"inLanguage\":\"ko-KR\",\"@id\":\"https:\/\/swoer.vn\/manufacturer\/he-thong-hinh-anh-ccd\/#primaryimage\",\"url\":\"https:\/\/swoer.vn\/wp-content\/uploads\/2026\/03\/CCD-Imaging-System.png\",\"contentUrl\":\"https:\/\/swoer.vn\/wp-content\/uploads\/2026\/03\/CCD-Imaging-System.png\",\"width\":800,\"height\":800,\"caption\":\"CCD Imaging System\"},{\"@type\":\"BreadcrumbList\",\"@id\":\"https:\/\/swoer.vn\/manufacturer\/he-thong-hinh-anh-ccd\/#breadcrumb\",\"itemListElement\":[{\"@type\":\"ListItem\",\"position\":1,\"name\":\"Home\",\"item\":\"https:\/\/swoer.vn\/\"},{\"@type\":\"ListItem\",\"position\":2,\"name\":\"S\u1ea3n ph\u1ea9m\",\"item\":\"https:\/\/swoer.vn\/shop\/\"},{\"@type\":\"ListItem\",\"position\":3,\"name\":\"H\u1ec7 th\u1ed1ng h\u00ecnh \u1ea3nh CCD\"}]},{\"@type\":\"WebSite\",\"@id\":\"https:\/\/swoer.vn\/#website\",\"url\":\"https:\/\/swoer.vn\/\",\"name\":\"Nh\u00e0 s\u1ea3n xu\u1ea5t m\u00e1y c\u1ea5p li\u1ec7u c\u00f4ng nghi\u1ec7p\",\"description\":\"Nh\u00e0 cung c\u1ea5p robot, m\u00e1y c\u1ea5p li\u1ec7u linh ho\u1ea1t, m\u00e1y c\u1ea5p li\u1ec7u ly t\u00e2m, m\u00e1y c\u1ea5p li\u1ec7u rung t\u1ef1 \u0111\u1ed9ng\",\"potentialAction\":[{\"@type\":\"SearchAction\",\"target\":{\"@type\":\"EntryPoint\",\"urlTemplate\":\"https:\/\/swoer.vn\/?s={search_term_string}\"},\"query-input\":{\"@type\":\"PropertyValueSpecification\",\"valueRequired\":true,\"valueName\":\"search_term_string\"}}],\"inLanguage\":\"ko-KR\"}]}<\/script>\n<!-- \/ Yoast SEO plugin. -->","yoast_head_json":{"title":"H\u1ec7 th\u1ed1ng h\u00ecnh \u1ea3nh CCD - Nh\u00e0 s\u1ea3n xu\u1ea5t m\u00e1y c\u1ea5p li\u1ec7u c\u00f4ng nghi\u1ec7p","description":"H\u1ec7 th\u1ed1ng camera CCD SWOER SW-80302 \u0111\u1ea1t chu\u1ea9n ISO9001\/CE. Nh\u1eadn di\u1ec7n 4 \u0111\u1ed1i t\u01b0\u1ee3ng c\u00f9ng l\u00fac, t\u1ed1c \u0111\u1ed9 300 s\u1ea3n ph\u1ea9m\/ph\u00fat, \u0111\u1ed9 ch\u00ednh x\u00e1c 99.99%. B\u1ea3o h\u00e0nh 1 n\u0103m","robots":{"index":"index","follow":"follow","max-snippet":"max-snippet:-1","max-image-preview":"max-image-preview:large","max-video-preview":"max-video-preview:-1"},"canonical":"https:\/\/swoer.vn\/ko\/manufacturer\/he-thong-hinh-anh-ccd\/","og_locale":"ko_KR","og_type":"article","og_title":"H\u1ec7 th\u1ed1ng h\u00ecnh \u1ea3nh CCD - Nh\u00e0 s\u1ea3n xu\u1ea5t m\u00e1y c\u1ea5p li\u1ec7u c\u00f4ng nghi\u1ec7p","og_description":"H\u1ec7 th\u1ed1ng camera CCD SWOER SW-80302 \u0111\u1ea1t chu\u1ea9n ISO9001\/CE. Nh\u1eadn di\u1ec7n 4 \u0111\u1ed1i t\u01b0\u1ee3ng c\u00f9ng l\u00fac, t\u1ed1c \u0111\u1ed9 300 s\u1ea3n ph\u1ea9m\/ph\u00fat, \u0111\u1ed9 ch\u00ednh x\u00e1c 99.99%. B\u1ea3o h\u00e0nh 1 n\u0103m","og_url":"https:\/\/swoer.vn\/ko\/manufacturer\/he-thong-hinh-anh-ccd\/","og_site_name":"Nh\u00e0 s\u1ea3n xu\u1ea5t m\u00e1y c\u1ea5p li\u1ec7u c\u00f4ng nghi\u1ec7p","og_image":[{"width":800,"height":800,"url":"https:\/\/swoer.vn\/wp-content\/uploads\/2026\/03\/CCD-Imaging-System.png","type":"image\/png"}],"twitter_card":"summary_large_image","twitter_misc":{"\uc608\uc0c1 \ub418\ub294 \ud310\ub3c5 \uc2dc\uac04":"3\ubd84"},"schema":{"@context":"https:\/\/schema.org","@graph":[{"@type":"WebPage","@id":"https:\/\/swoer.vn\/manufacturer\/he-thong-hinh-anh-ccd\/","url":"https:\/\/swoer.vn\/manufacturer\/he-thong-hinh-anh-ccd\/","name":"H\u1ec7 th\u1ed1ng h\u00ecnh \u1ea3nh CCD - Nh\u00e0 s\u1ea3n xu\u1ea5t m\u00e1y c\u1ea5p li\u1ec7u c\u00f4ng nghi\u1ec7p","isPartOf":{"@id":"https:\/\/swoer.vn\/#website"},"primaryImageOfPage":{"@id":"https:\/\/swoer.vn\/manufacturer\/he-thong-hinh-anh-ccd\/#primaryimage"},"image":{"@id":"https:\/\/swoer.vn\/manufacturer\/he-thong-hinh-anh-ccd\/#primaryimage"},"thumbnailUrl":"https:\/\/swoer.vn\/wp-content\/uploads\/2026\/03\/CCD-Imaging-System.png","datePublished":"2026-03-31T02:03:23+00:00","description":"H\u1ec7 th\u1ed1ng camera CCD SWOER SW-80302 \u0111\u1ea1t chu\u1ea9n ISO9001\/CE. Nh\u1eadn di\u1ec7n 4 \u0111\u1ed1i t\u01b0\u1ee3ng c\u00f9ng l\u00fac, t\u1ed1c \u0111\u1ed9 300 s\u1ea3n ph\u1ea9m\/ph\u00fat, \u0111\u1ed9 ch\u00ednh x\u00e1c 99.99%. B\u1ea3o h\u00e0nh 1 n\u0103m","breadcrumb":{"@id":"https:\/\/swoer.vn\/manufacturer\/he-thong-hinh-anh-ccd\/#breadcrumb"},"inLanguage":"ko-KR","potentialAction":[{"@type":"ReadAction","target":["https:\/\/swoer.vn\/manufacturer\/he-thong-hinh-anh-ccd\/"]}]},{"@type":"ImageObject","inLanguage":"ko-KR","@id":"https:\/\/swoer.vn\/manufacturer\/he-thong-hinh-anh-ccd\/#primaryimage","url":"https:\/\/swoer.vn\/wp-content\/uploads\/2026\/03\/CCD-Imaging-System.png","contentUrl":"https:\/\/swoer.vn\/wp-content\/uploads\/2026\/03\/CCD-Imaging-System.png","width":800,"height":800,"caption":"CCD Imaging System"},{"@type":"BreadcrumbList","@id":"https:\/\/swoer.vn\/manufacturer\/he-thong-hinh-anh-ccd\/#breadcrumb","itemListElement":[{"@type":"ListItem","position":1,"name":"Home","item":"https:\/\/swoer.vn\/"},{"@type":"ListItem","position":2,"name":"S\u1ea3n ph\u1ea9m","item":"https:\/\/swoer.vn\/shop\/"},{"@type":"ListItem","position":3,"name":"H\u1ec7 th\u1ed1ng h\u00ecnh \u1ea3nh CCD"}]},{"@type":"WebSite","@id":"https:\/\/swoer.vn\/#website","url":"https:\/\/swoer.vn\/","name":"\uc0b0\uc5c5\uc6a9 \ud53c\ub354 \uc81c\uc870\uc5c5\uccb4","description":"\ub85c\ubd07, \ud50c\ub809\uc2dc\ube14 \ud53c\ub354, \uc6d0\uc2ec \ud53c\ub354, \uc790\ub3d9 \uc9c4\ub3d9 \ud53c\ub354 \uacf5\uae09\uc5c5\uccb4","potentialAction":[{"@type":"SearchAction","target":{"@type":"EntryPoint","urlTemplate":"https:\/\/swoer.vn\/?s={search_term_string}"},"query-input":{"@type":"PropertyValueSpecification","valueRequired":true,"valueName":"search_term_string"}}],"inLanguage":"ko-KR"}]}},"_links":{"self":[{"href":"https:\/\/swoer.vn\/ko\/wp-json\/wp\/v2\/product\/8148","targetHints":{"allow":["GET"]}}],"collection":[{"href":"https:\/\/swoer.vn\/ko\/wp-json\/wp\/v2\/product"}],"about":[{"href":"https:\/\/swoer.vn\/ko\/wp-json\/wp\/v2\/types\/product"}],"replies":[{"embeddable":true,"href":"https:\/\/swoer.vn\/ko\/wp-json\/wp\/v2\/comments?post=8148"}],"wp:featuredmedia":[{"embeddable":true,"href":"https:\/\/swoer.vn\/ko\/wp-json\/wp\/v2\/media\/8149"}],"wp:attachment":[{"href":"https:\/\/swoer.vn\/ko\/wp-json\/wp\/v2\/media?parent=8148"}],"wp:term":[{"taxonomy":"product_brand","embeddable":true,"href":"https:\/\/swoer.vn\/ko\/wp-json\/wp\/v2\/product_brand?post=8148"},{"taxonomy":"product_cat","embeddable":true,"href":"https:\/\/swoer.vn\/ko\/wp-json\/wp\/v2\/product_cat?post=8148"},{"taxonomy":"product_tag","embeddable":true,"href":"https:\/\/swoer.vn\/ko\/wp-json\/wp\/v2\/product_tag?post=8148"}],"curies":[{"name":"wp","href":"https:\/\/api.w.org\/{rel}","templated":true}]}}