{"id":5307,"date":"2025-10-15T15:36:48","date_gmt":"2025-10-15T08:36:48","guid":{"rendered":"https:\/\/swoer.vn\/?post_type=product&#038;p=5307"},"modified":"2025-10-15T15:36:49","modified_gmt":"2025-10-15T08:36:49","slug":"may-rot-keo-tu-dong-de-ban-4-truc-quay","status":"publish","type":"product","link":"https:\/\/swoer.vn\/ko\/manufacturer\/may-rot-keo-tu-dong-de-ban-4-truc-quay\/","title":{"rendered":"M\u00e1y r\u00f3t keo t\u1ef1 \u0111\u1ed9ng \u0111\u1ec1 b\u00e0n 4 tr\u1ee5c quay"},"content":{"rendered":"<h2><span style=\"font-weight: 400;\">\uc81c\ud488 \uc0ac\uc591<\/span><\/h2>\n<table>\n<tbody>\n<tr>\n<td><b>Thu\u1ed9c t\u00ednh<\/b><\/td>\n<td><b>Gi\u00e1 tr\u1ecb<\/b><\/td>\n<\/tr>\n<tr>\n<td><span style=\"font-weight: 400;\">\ucd5c\ub300 \uc18d\ub3c4<\/span><\/td>\n<td><span style=\"font-weight: 400;\">600 mm\/s<\/span><\/td>\n<\/tr>\n<tr>\n<td><span style=\"font-weight: 400;\">H\u00e0nh tr\u00ecnh X\/Y\/Z<\/span><\/td>\n<td><span style=\"font-weight: 400;\">300\u00d7300\u00d7100 mm<\/span><\/td>\n<\/tr>\n<tr>\n<td><span style=\"font-weight: 400;\">L\u01b0\u1ee3ng keo nh\u1ecf nh\u1ea5t<\/span><\/td>\n<td><span style=\"font-weight: 400;\">0.01 mg<\/span><\/td>\n<\/tr>\n<tr>\n<td><span style=\"font-weight: 400;\">\ucd5c\ub300 \ud558\uc911<\/span><\/td>\n<td><span style=\"font-weight: 400;\">10 kg<\/span><\/td>\n<\/tr>\n<tr>\n<td><span style=\"font-weight: 400;\">\u0110\u1ed9 ch\u00ednh x\u00e1c l\u1eb7p l\u1ea1i<\/span><\/td>\n<td><span style=\"font-weight: 400;\">\u00b10.02 mm<\/span><\/td>\n<\/tr>\n<tr>\n<td><span style=\"font-weight: 400;\">\uc6a9\ub7c9<\/span><\/td>\n<td><span style=\"font-weight: 400;\">400 W<\/span><\/td>\n<\/tr>\n<tr>\n<td><span style=\"font-weight: 400;\">\ubb34\uac8c<\/span><\/td>\n<td><span style=\"font-weight: 400;\">80 kg<\/span><\/td>\n<\/tr>\n<tr>\n<td><span style=\"font-weight: 400;\">\u00c1p su\u1ea5t<\/span><\/td>\n<td><span style=\"font-weight: 400;\">0.3\u22120.6 MPa<\/span><\/td>\n<\/tr>\n<tr>\n<td><span style=\"font-weight: 400;\">\uc804\uc555<\/span><\/td>\n<td><span style=\"font-weight: 400;\">220 V<\/span><\/td>\n<\/tr>\n<tr>\n<td><span style=\"font-weight: 400;\">Ch\u1ee9c n\u0103ng c\u1ed1t l\u00f5i<\/span><\/td>\n<td><span style=\"font-weight: 400;\">R\u00f3t keo h\u00ecnh tr\u00f2n\/v\u00f2ng tr\u00ean v\u1eadt th\u1ec3 quay<\/span><\/td>\n<\/tr>\n<\/tbody>\n<\/table>\n<p><span style=\"font-weight: 400;\">M\u00e1y r\u00f3t keo t\u1ef1 \u0111\u1ed9ng \u0111\u1ec3 b\u00e0n 4 tr\u1ee5c quay l\u00e0 m\u1ed9t thi\u1ebft b\u1ecb chuy\u00ean d\u1ee5ng \u0111\u01b0\u1ee3c t\u1ea1o ra \u0111\u1ec3 gi\u1ea3i quy\u1ebft th\u00e1ch th\u1ee9c <\/span><b>&#8220;ph\u1ee7 keo h\u00ecnh tr\u00f2n\/v\u00f2ng&#8221;<\/b><span style=\"font-weight: 400;\">. Thi\u1ebft b\u1ecb n\u00e0y m\u1edf r\u1ed9ng kh\u1ea3 n\u0103ng r\u00f3t keo ph\u1eb3ng truy\u1ec1n th\u1ed1ng sang c\u00e1c chi ti\u1ebft c\u00f3 d\u1ea1ng <\/span><b>v\u1eadt th\u1ec3 quay (revolving workpieces)<\/b><span style=\"font-weight: 400;\">, th\u1ec3 hi\u1ec7n s\u1ef1 v\u01b0\u1ee3t tr\u1ed9i trong vi\u1ec7c n\u00e2ng cao \u0111\u1ed9 ch\u00ednh x\u00e1c, hi\u1ec7u su\u1ea5t v\u00e0 t\u00ednh nh\u1ea5t qu\u00e1n, l\u00e0 m\u1ed9t c\u00f4ng c\u1ee5 t\u1ef1 \u0111\u1ed9ng h\u00f3a kh\u00f4ng th\u1ec3 thi\u1ebfu trong ng\u00e0nh s\u1ea3n xu\u1ea5t ch\u00ednh x\u00e1c hi\u1ec7n \u0111\u1ea1i.<\/span><\/p>","protected":false},"excerpt":{"rendered":"<p><span style=\"font-weight: 400;\"><strong>M\u00e1y r\u00f3t keo t\u1ef1 \u0111\u1ed9ng 4 tr\u1ee5c quay<\/strong> l\u00e0 thi\u1ebft b\u1ecb chuy\u00ean d\u1ee5ng gi\u1ea3i quy\u1ebft th\u00e1ch th\u1ee9c <\/span><b>&#8220;ph\u1ee7 keo h\u00ecnh tr\u00f2n\/v\u00f2ng&#8221;<\/b><span style=\"font-weight: 400;\"> tr\u00ean c\u00e1c v\u1eadt th\u1ec3 quay, m\u1edf r\u1ed9ng kh\u1ea3 n\u0103ng r\u00f3t keo ph\u1eb3ng truy\u1ec1n th\u1ed1ng. M\u00e1y \u0111\u1ea1t \u0111\u1ed9 ch\u00ednh x\u00e1c l\u1eb7p l\u1ea1i \u00b10.02 mm v\u00e0 c\u00f3 th\u1ec3 r\u00f3t l\u01b0\u1ee3ng keo nh\u1ecf nh\u1ea5t ch\u1ec9 0.01 mg. V\u1edbi t\u1ed1c \u0111\u1ed9 t\u1ed1i \u0111a 600 mm\/s v\u00e0 h\u00e0nh tr\u00ecnh 300\u00d7300\u00d7100 mm, thi\u1ebft b\u1ecb n\u00e2ng cao hi\u1ec7u su\u1ea5t v\u00e0 t\u00ednh nh\u1ea5t qu\u00e1n cho c\u00e1c quy tr\u00ecnh r\u00f3t keo ph\u1ee9c t\u1ea1p trong ng\u00e0nh s\u1ea3n xu\u1ea5t ch\u00ednh x\u00e1c.<\/span><\/p>","protected":false},"featured_media":5308,"comment_status":"open","ping_status":"closed","template":"","meta":[],"product_brand":[],"product_cat":[46],"product_tag":[216,215,49],"class_list":{"0":"post-5307","1":"product","2":"type-product","3":"status-publish","4":"has-post-thumbnail","6":"product_cat-may-tan-dinh-tu-dong","7":"product_tag-may-ban-keo-tu-dong","8":"product_tag-may-rot-keo-tu-dong","9":"product_tag-may-tan-dinh-tu-dong","11":"first","12":"instock","13":"shipping-taxable","14":"product-type-simple"},"yoast_head":"<!-- This site is optimized with the Yoast SEO plugin v26.0 - https:\/\/yoast.com\/wordpress\/plugins\/seo\/ -->\n<title>M\u00e1y r\u00f3t keo t\u1ef1 \u0111\u1ed9ng \u0111\u1ec1 b\u00e0n 4 tr\u1ee5c quay - Nh\u00e0 s\u1ea3n xu\u1ea5t m\u00e1y c\u1ea5p li\u1ec7u c\u00f4ng nghi\u1ec7p<\/title>\n<meta name=\"description\" content=\"M\u00e1y r\u00f3t keo \u0111\u1ec3 b\u00e0n 4 tr\u1ee5c quay (300\u00d7300\u00d7100 mm), gi\u1ea3i quy\u1ebft r\u00f3t keo h\u00ecnh tr\u00f2n. \u0110\u1ed9 ch\u00ednh x\u00e1c \u00b10.02 mm, t\u1ed1i thi\u1ec3u 0.01 mg\/la\u02c6\u02cbn, t\u1ed1c \u0111\u1ed9 600 mm\/s.\" \/>\n<meta name=\"robots\" content=\"index, follow, max-snippet:-1, max-image-preview:large, max-video-preview:-1\" \/>\n<link rel=\"canonical\" href=\"https:\/\/swoer.vn\/ko\/manufacturer\/may-rot-keo-tu-dong-de-ban-4-truc-quay\/\" \/>\n<meta property=\"og:locale\" content=\"ko_KR\" \/>\n<meta property=\"og:type\" content=\"article\" \/>\n<meta property=\"og:title\" content=\"M\u00e1y r\u00f3t keo t\u1ef1 \u0111\u1ed9ng \u0111\u1ec1 b\u00e0n 4 tr\u1ee5c quay - Nh\u00e0 s\u1ea3n xu\u1ea5t m\u00e1y c\u1ea5p li\u1ec7u c\u00f4ng nghi\u1ec7p\" \/>\n<meta property=\"og:description\" content=\"M\u00e1y r\u00f3t keo \u0111\u1ec3 b\u00e0n 4 tr\u1ee5c quay (300\u00d7300\u00d7100 mm), gi\u1ea3i quy\u1ebft r\u00f3t keo h\u00ecnh tr\u00f2n. \u0110\u1ed9 ch\u00ednh x\u00e1c \u00b10.02 mm, t\u1ed1i thi\u1ec3u 0.01 mg\/la\u02c6\u02cbn, t\u1ed1c \u0111\u1ed9 600 mm\/s.\" \/>\n<meta property=\"og:url\" content=\"https:\/\/swoer.vn\/ko\/manufacturer\/may-rot-keo-tu-dong-de-ban-4-truc-quay\/\" \/>\n<meta property=\"og:site_name\" content=\"Nh\u00e0 s\u1ea3n xu\u1ea5t m\u00e1y c\u1ea5p li\u1ec7u c\u00f4ng nghi\u1ec7p\" \/>\n<meta property=\"article:modified_time\" content=\"2025-10-15T08:36:49+00:00\" \/>\n<meta property=\"og:image\" content=\"https:\/\/swoer.vn\/wp-content\/uploads\/2025\/10\/BENCHTOP-4-AXIS-ROTARY-AUTOMATIC-DISPENSING-MACHINE.png\" \/>\n\t<meta property=\"og:image:width\" content=\"800\" \/>\n\t<meta property=\"og:image:height\" content=\"800\" \/>\n\t<meta property=\"og:image:type\" content=\"image\/png\" \/>\n<meta name=\"twitter:card\" content=\"summary_large_image\" \/>\n<meta name=\"twitter:label1\" content=\"\uc608\uc0c1 \ub418\ub294 \ud310\ub3c5 \uc2dc\uac04\" \/>\n\t<meta name=\"twitter:data1\" content=\"2\ubd84\" \/>\n<script type=\"application\/ld+json\" class=\"yoast-schema-graph\">{\"@context\":\"https:\/\/schema.org\",\"@graph\":[{\"@type\":\"WebPage\",\"@id\":\"https:\/\/swoer.vn\/manufacturer\/may-rot-keo-tu-dong-de-ban-4-truc-quay\/\",\"url\":\"https:\/\/swoer.vn\/manufacturer\/may-rot-keo-tu-dong-de-ban-4-truc-quay\/\",\"name\":\"M\u00e1y r\u00f3t keo t\u1ef1 \u0111\u1ed9ng \u0111\u1ec1 b\u00e0n 4 tr\u1ee5c quay - Nh\u00e0 s\u1ea3n xu\u1ea5t m\u00e1y c\u1ea5p li\u1ec7u c\u00f4ng nghi\u1ec7p\",\"isPartOf\":{\"@id\":\"https:\/\/swoer.vn\/#website\"},\"primaryImageOfPage\":{\"@id\":\"https:\/\/swoer.vn\/manufacturer\/may-rot-keo-tu-dong-de-ban-4-truc-quay\/#primaryimage\"},\"image\":{\"@id\":\"https:\/\/swoer.vn\/manufacturer\/may-rot-keo-tu-dong-de-ban-4-truc-quay\/#primaryimage\"},\"thumbnailUrl\":\"https:\/\/swoer.vn\/wp-content\/uploads\/2025\/10\/BENCHTOP-4-AXIS-ROTARY-AUTOMATIC-DISPENSING-MACHINE.png\",\"datePublished\":\"2025-10-15T08:36:48+00:00\",\"dateModified\":\"2025-10-15T08:36:49+00:00\",\"description\":\"M\u00e1y r\u00f3t keo \u0111\u1ec3 b\u00e0n 4 tr\u1ee5c quay (300\u00d7300\u00d7100 mm), gi\u1ea3i quy\u1ebft r\u00f3t keo h\u00ecnh tr\u00f2n. \u0110\u1ed9 ch\u00ednh x\u00e1c \u00b10.02 mm, t\u1ed1i thi\u1ec3u 0.01 mg\/la\u02c6\u02cbn, t\u1ed1c \u0111\u1ed9 600 mm\/s.\",\"breadcrumb\":{\"@id\":\"https:\/\/swoer.vn\/manufacturer\/may-rot-keo-tu-dong-de-ban-4-truc-quay\/#breadcrumb\"},\"inLanguage\":\"ko-KR\",\"potentialAction\":[{\"@type\":\"ReadAction\",\"target\":[\"https:\/\/swoer.vn\/manufacturer\/may-rot-keo-tu-dong-de-ban-4-truc-quay\/\"]}]},{\"@type\":\"ImageObject\",\"inLanguage\":\"ko-KR\",\"@id\":\"https:\/\/swoer.vn\/manufacturer\/may-rot-keo-tu-dong-de-ban-4-truc-quay\/#primaryimage\",\"url\":\"https:\/\/swoer.vn\/wp-content\/uploads\/2025\/10\/BENCHTOP-4-AXIS-ROTARY-AUTOMATIC-DISPENSING-MACHINE.png\",\"contentUrl\":\"https:\/\/swoer.vn\/wp-content\/uploads\/2025\/10\/BENCHTOP-4-AXIS-ROTARY-AUTOMATIC-DISPENSING-MACHINE.png\",\"width\":800,\"height\":800,\"caption\":\"BENCHTOP 4-AXIS ROTARY AUTOMATIC DISPENSING MACHINE\"},{\"@type\":\"BreadcrumbList\",\"@id\":\"https:\/\/swoer.vn\/manufacturer\/may-rot-keo-tu-dong-de-ban-4-truc-quay\/#breadcrumb\",\"itemListElement\":[{\"@type\":\"ListItem\",\"position\":1,\"name\":\"Home\",\"item\":\"https:\/\/swoer.vn\/\"},{\"@type\":\"ListItem\",\"position\":2,\"name\":\"S\u1ea3n ph\u1ea9m\",\"item\":\"https:\/\/swoer.vn\/shop\/\"},{\"@type\":\"ListItem\",\"position\":3,\"name\":\"M\u00e1y r\u00f3t keo t\u1ef1 \u0111\u1ed9ng \u0111\u1ec1 b\u00e0n 4 tr\u1ee5c quay\"}]},{\"@type\":\"WebSite\",\"@id\":\"https:\/\/swoer.vn\/#website\",\"url\":\"https:\/\/swoer.vn\/\",\"name\":\"Nh\u00e0 s\u1ea3n xu\u1ea5t m\u00e1y c\u1ea5p li\u1ec7u c\u00f4ng nghi\u1ec7p\",\"description\":\"Nh\u00e0 cung c\u1ea5p robot, m\u00e1y c\u1ea5p li\u1ec7u linh ho\u1ea1t, m\u00e1y c\u1ea5p li\u1ec7u ly t\u00e2m, m\u00e1y c\u1ea5p li\u1ec7u rung t\u1ef1 \u0111\u1ed9ng\",\"potentialAction\":[{\"@type\":\"SearchAction\",\"target\":{\"@type\":\"EntryPoint\",\"urlTemplate\":\"https:\/\/swoer.vn\/?s={search_term_string}\"},\"query-input\":{\"@type\":\"PropertyValueSpecification\",\"valueRequired\":true,\"valueName\":\"search_term_string\"}}],\"inLanguage\":\"ko-KR\"}]}<\/script>\n<!-- \/ Yoast SEO plugin. -->","yoast_head_json":{"title":"M\u00e1y r\u00f3t keo t\u1ef1 \u0111\u1ed9ng \u0111\u1ec1 b\u00e0n 4 tr\u1ee5c quay - Nh\u00e0 s\u1ea3n xu\u1ea5t m\u00e1y c\u1ea5p li\u1ec7u c\u00f4ng nghi\u1ec7p","description":"M\u00e1y r\u00f3t keo \u0111\u1ec3 b\u00e0n 4 tr\u1ee5c quay (300\u00d7300\u00d7100 mm), gi\u1ea3i quy\u1ebft r\u00f3t keo h\u00ecnh tr\u00f2n. \u0110\u1ed9 ch\u00ednh x\u00e1c \u00b10.02 mm, t\u1ed1i thi\u1ec3u 0.01 mg\/la\u02c6\u02cbn, t\u1ed1c \u0111\u1ed9 600 mm\/s.","robots":{"index":"index","follow":"follow","max-snippet":"max-snippet:-1","max-image-preview":"max-image-preview:large","max-video-preview":"max-video-preview:-1"},"canonical":"https:\/\/swoer.vn\/ko\/manufacturer\/may-rot-keo-tu-dong-de-ban-4-truc-quay\/","og_locale":"ko_KR","og_type":"article","og_title":"M\u00e1y r\u00f3t keo t\u1ef1 \u0111\u1ed9ng \u0111\u1ec1 b\u00e0n 4 tr\u1ee5c quay - Nh\u00e0 s\u1ea3n xu\u1ea5t m\u00e1y c\u1ea5p li\u1ec7u c\u00f4ng nghi\u1ec7p","og_description":"M\u00e1y r\u00f3t keo \u0111\u1ec3 b\u00e0n 4 tr\u1ee5c quay (300\u00d7300\u00d7100 mm), gi\u1ea3i quy\u1ebft r\u00f3t keo h\u00ecnh tr\u00f2n. \u0110\u1ed9 ch\u00ednh x\u00e1c \u00b10.02 mm, t\u1ed1i thi\u1ec3u 0.01 mg\/la\u02c6\u02cbn, t\u1ed1c \u0111\u1ed9 600 mm\/s.","og_url":"https:\/\/swoer.vn\/ko\/manufacturer\/may-rot-keo-tu-dong-de-ban-4-truc-quay\/","og_site_name":"Nh\u00e0 s\u1ea3n xu\u1ea5t m\u00e1y c\u1ea5p li\u1ec7u c\u00f4ng nghi\u1ec7p","article_modified_time":"2025-10-15T08:36:49+00:00","og_image":[{"width":800,"height":800,"url":"https:\/\/swoer.vn\/wp-content\/uploads\/2025\/10\/BENCHTOP-4-AXIS-ROTARY-AUTOMATIC-DISPENSING-MACHINE.png","type":"image\/png"}],"twitter_card":"summary_large_image","twitter_misc":{"\uc608\uc0c1 \ub418\ub294 \ud310\ub3c5 \uc2dc\uac04":"2\ubd84"},"schema":{"@context":"https:\/\/schema.org","@graph":[{"@type":"WebPage","@id":"https:\/\/swoer.vn\/manufacturer\/may-rot-keo-tu-dong-de-ban-4-truc-quay\/","url":"https:\/\/swoer.vn\/manufacturer\/may-rot-keo-tu-dong-de-ban-4-truc-quay\/","name":"M\u00e1y r\u00f3t keo t\u1ef1 \u0111\u1ed9ng \u0111\u1ec1 b\u00e0n 4 tr\u1ee5c quay - Nh\u00e0 s\u1ea3n xu\u1ea5t m\u00e1y c\u1ea5p li\u1ec7u c\u00f4ng nghi\u1ec7p","isPartOf":{"@id":"https:\/\/swoer.vn\/#website"},"primaryImageOfPage":{"@id":"https:\/\/swoer.vn\/manufacturer\/may-rot-keo-tu-dong-de-ban-4-truc-quay\/#primaryimage"},"image":{"@id":"https:\/\/swoer.vn\/manufacturer\/may-rot-keo-tu-dong-de-ban-4-truc-quay\/#primaryimage"},"thumbnailUrl":"https:\/\/swoer.vn\/wp-content\/uploads\/2025\/10\/BENCHTOP-4-AXIS-ROTARY-AUTOMATIC-DISPENSING-MACHINE.png","datePublished":"2025-10-15T08:36:48+00:00","dateModified":"2025-10-15T08:36:49+00:00","description":"M\u00e1y r\u00f3t keo \u0111\u1ec3 b\u00e0n 4 tr\u1ee5c quay (300\u00d7300\u00d7100 mm), gi\u1ea3i quy\u1ebft r\u00f3t keo h\u00ecnh tr\u00f2n. \u0110\u1ed9 ch\u00ednh x\u00e1c \u00b10.02 mm, t\u1ed1i thi\u1ec3u 0.01 mg\/la\u02c6\u02cbn, t\u1ed1c \u0111\u1ed9 600 mm\/s.","breadcrumb":{"@id":"https:\/\/swoer.vn\/manufacturer\/may-rot-keo-tu-dong-de-ban-4-truc-quay\/#breadcrumb"},"inLanguage":"ko-KR","potentialAction":[{"@type":"ReadAction","target":["https:\/\/swoer.vn\/manufacturer\/may-rot-keo-tu-dong-de-ban-4-truc-quay\/"]}]},{"@type":"ImageObject","inLanguage":"ko-KR","@id":"https:\/\/swoer.vn\/manufacturer\/may-rot-keo-tu-dong-de-ban-4-truc-quay\/#primaryimage","url":"https:\/\/swoer.vn\/wp-content\/uploads\/2025\/10\/BENCHTOP-4-AXIS-ROTARY-AUTOMATIC-DISPENSING-MACHINE.png","contentUrl":"https:\/\/swoer.vn\/wp-content\/uploads\/2025\/10\/BENCHTOP-4-AXIS-ROTARY-AUTOMATIC-DISPENSING-MACHINE.png","width":800,"height":800,"caption":"BENCHTOP 4-AXIS ROTARY AUTOMATIC DISPENSING MACHINE"},{"@type":"BreadcrumbList","@id":"https:\/\/swoer.vn\/manufacturer\/may-rot-keo-tu-dong-de-ban-4-truc-quay\/#breadcrumb","itemListElement":[{"@type":"ListItem","position":1,"name":"Home","item":"https:\/\/swoer.vn\/"},{"@type":"ListItem","position":2,"name":"S\u1ea3n ph\u1ea9m","item":"https:\/\/swoer.vn\/shop\/"},{"@type":"ListItem","position":3,"name":"M\u00e1y r\u00f3t keo t\u1ef1 \u0111\u1ed9ng \u0111\u1ec1 b\u00e0n 4 tr\u1ee5c quay"}]},{"@type":"WebSite","@id":"https:\/\/swoer.vn\/#website","url":"https:\/\/swoer.vn\/","name":"\uc0b0\uc5c5\uc6a9 \ud53c\ub354 \uc81c\uc870\uc5c5\uccb4","description":"\ub85c\ubd07, \ud50c\ub809\uc2dc\ube14 \ud53c\ub354, \uc6d0\uc2ec \ud53c\ub354, \uc790\ub3d9 \uc9c4\ub3d9 \ud53c\ub354 \uacf5\uae09\uc5c5\uccb4","potentialAction":[{"@type":"SearchAction","target":{"@type":"EntryPoint","urlTemplate":"https:\/\/swoer.vn\/?s={search_term_string}"},"query-input":{"@type":"PropertyValueSpecification","valueRequired":true,"valueName":"search_term_string"}}],"inLanguage":"ko-KR"}]}},"_links":{"self":[{"href":"https:\/\/swoer.vn\/ko\/wp-json\/wp\/v2\/product\/5307","targetHints":{"allow":["GET"]}}],"collection":[{"href":"https:\/\/swoer.vn\/ko\/wp-json\/wp\/v2\/product"}],"about":[{"href":"https:\/\/swoer.vn\/ko\/wp-json\/wp\/v2\/types\/product"}],"replies":[{"embeddable":true,"href":"https:\/\/swoer.vn\/ko\/wp-json\/wp\/v2\/comments?post=5307"}],"wp:featuredmedia":[{"embeddable":true,"href":"https:\/\/swoer.vn\/ko\/wp-json\/wp\/v2\/media\/5308"}],"wp:attachment":[{"href":"https:\/\/swoer.vn\/ko\/wp-json\/wp\/v2\/media?parent=5307"}],"wp:term":[{"taxonomy":"product_brand","embeddable":true,"href":"https:\/\/swoer.vn\/ko\/wp-json\/wp\/v2\/product_brand?post=5307"},{"taxonomy":"product_cat","embeddable":true,"href":"https:\/\/swoer.vn\/ko\/wp-json\/wp\/v2\/product_cat?post=5307"},{"taxonomy":"product_tag","embeddable":true,"href":"https:\/\/swoer.vn\/ko\/wp-json\/wp\/v2\/product_tag?post=5307"}],"curies":[{"name":"wp","href":"https:\/\/api.w.org\/{rel}","templated":true}]}}