{"id":5260,"date":"2025-10-14T15:07:45","date_gmt":"2025-10-14T08:07:45","guid":{"rendered":"https:\/\/swoer.vn\/?post_type=product&#038;p=5260"},"modified":"2025-10-14T15:07:46","modified_gmt":"2025-10-14T08:07:46","slug":"may-tu-dong-dan-ep-vat-lieu-phu-tro-su-dung-he-thong-thi-giac","status":"publish","type":"product","link":"https:\/\/swoer.vn\/ko\/manufacturer\/may-tu-dong-dan-ep-vat-lieu-phu-tro-su-dung-he-thong-thi-giac\/","title":{"rendered":"M\u00e1y t\u1ef1 \u0111\u1ed9ng d\u00e1n\/\u00e9p v\u1eadt li\u1ec7u ph\u1ee5 tr\u1ee3 s\u1eed d\u1ee5ng h\u1ec7 th\u1ed1ng th\u1ecb gi\u00e1c"},"content":{"rendered":"<h2><span style=\"font-weight: 400;\">\uc81c\ud488 \uc0ac\uc591:<\/span><\/h2>\n<table>\n<tbody>\n<tr>\n<td><span style=\"font-weight: 400;\">\ub9e4\uac1c\ubcc0\uc218<\/span><\/td>\n<td><span style=\"font-weight: 400;\">Gi\u00e1 tr\u1ecb<\/span><\/td>\n<td><span style=\"font-weight: 400;\">Ghi ch\u00fa<\/span><\/td>\n<\/tr>\n<tr>\n<td><b>K\u00edch th\u01b0\u1edbc nh\u00e3n\/m\u00e0ng \u00e1p d\u1ee5ng<\/b><\/td>\n<td><span style=\"font-weight: 400;\">D\u00e0i 5 mm\u221299 mm; R\u1ed9ng 5 mm\u221299 mm<\/span><\/td>\n<td><\/td>\n<\/tr>\n<tr>\n<td><b>\u0110\u1ed9 ch\u00ednh x\u00e1c \u00e9p d\u00e1n<\/b><\/td>\n<td><span style=\"font-weight: 400;\">\u00b10.1 mm\u223c0.2 mm<\/span><\/td>\n<td><span style=\"font-weight: 400;\">(\u0110\u1ed9 ch\u00ednh x\u00e1c c\u00f3 th\u1ec3 thay \u0111\u1ed5i t\u00f9y thu\u1ed9c v\u00e0o h\u00ecnh d\u1ea1ng v\u1eadt li\u1ec7u ph\u1ee5)<\/span><\/td>\n<\/tr>\n<tr>\n<td><b>T\u1ed1c \u0111\u1ed9 \u00e9p d\u00e1n<\/b><\/td>\n<td><span style=\"font-weight: 400;\">1200\u22121800 pcs\/h<\/span><\/td>\n<td><span style=\"font-weight: 400;\">(T\u00f9y thu\u1ed9c v\u00e0o \u0111\u1eb7c tr\u01b0ng c\u1ee7a s\u1ea3n ph\u1ea9m)<\/span><\/td>\n<\/tr>\n<tr>\n<td><b>T\u1ef7 l\u1ec7 th\u00e0nh ph\u1ea9m<\/b><\/td>\n<td><span style=\"font-weight: 400;\">99.6%<\/span><\/td>\n<td><\/td>\n<\/tr>\n<tr>\n<td><b>\uc804\uc555<\/b><\/td>\n<td><span style=\"font-weight: 400;\">220V\/50 Hz<\/span><\/td>\n<td><\/td>\n<\/tr>\n<tr>\n<td><b>\uc6a9\ub7c9<\/b><\/td>\n<td><span style=\"font-weight: 400;\">5 kW<\/span><\/td>\n<td><\/td>\n<\/tr>\n<tr>\n<td><b>\u00c1p su\u1ea5t kh\u00ed n\u00e9n<\/b><\/td>\n<td><span style=\"font-weight: 400;\">0.4\u223c0.6 Mpa<\/span><\/td>\n<td><\/td>\n<\/tr>\n<tr>\n<td><b>\ubb34\uac8c<\/b><\/td>\n<td><span style=\"font-weight: 400;\">Kho\u1ea3ng 200 kg<\/span><\/td>\n<td><\/td>\n<\/tr>\n<tr>\n<td><b>\uc804\uccb4 \uce58\uc218<\/b><\/td>\n<td><span style=\"font-weight: 400;\">D\u00e0i 850 mm\u00d7 R\u1ed9ng 800 mm\u00d7 Cao 1700 mm<\/span><\/td>\n<td><\/td>\n<\/tr>\n<\/tbody>\n<\/table>\n<p><span style=\"font-weight: 400;\">Thi\u1ebft b\u1ecb n\u00e0y th\u1ef1c hi\u1ec7n vi\u1ec7c <\/span><b>\u0111\u1ecbnh v\u1ecb t\u1ef1 \u0111\u1ed9ng<\/b><span style=\"font-weight: 400;\"> \uadf8\ub9ac\uace0 <\/span><b>\u00e9p d\u00e1n<\/b><span style=\"font-weight: 400;\"> gi\u1eefa v\u1eadt li\u1ec7u ph\u1ee5 tr\u1ee3 (phim, nh\u00e3n, b\u0103ng keo) v\u00e0 s\u1ea3n ph\u1ea9m th\u00f4ng qua h\u1ec7 th\u1ed1ng th\u1ecb gi\u00e1c m\u00e1y. Thi\u1ebft b\u1ecb \u0111\u00e1p \u1ee9ng ti\u00eau chu\u1ea9n <\/span><b>3-Cao<\/b><span style=\"font-weight: 400;\"> (\u0110\u1ed9 ch\u00ednh x\u00e1c cao, hi\u1ec7u su\u1ea5t cao, t\u1ef7 l\u1ec7 th\u00e0nh ph\u1ea9m cao).<\/span><\/p>\n<h2><span style=\"font-weight: 400;\">\uc81c\ud488 \uc18c\uac1c<\/span><\/h2>\n<ol>\n<li style=\"font-weight: 400;\" aria-level=\"1\"><span style=\"font-weight: 400;\">\u0110\u00e2y l\u00e0 thi\u1ebft b\u1ecb <\/span><b>s\u1ed1 h\u00f3a<\/b><span style=\"font-weight: 400;\">, c\u00f3 kh\u1ea3 n\u0103ng <\/span><b>t\u1ef1 nh\u1eadn di\u1ec7n v\u00e0 ph\u00e1n \u0111o\u00e1n<\/b><span style=\"font-weight: 400;\">.<\/span><\/li>\n<li style=\"font-weight: 400;\" aria-level=\"1\"><span style=\"font-weight: 400;\">Thi\u1ebft b\u1ecb ch\u1ee7 y\u1ebfu \u0111\u01b0\u1ee3c thi\u1ebft k\u1ebf \u0111\u1ec3 th\u1ef1c hi\u1ec7n quy tr\u00ecnh <\/span><b>d\u00e1n\/\u00e9p v\u1eadt li\u1ec7u ph\u1ee5 tr\u1ee3 t\u1ef1 \u0111\u1ed9ng<\/b><span style=\"font-weight: 400;\"> \u0111\u1ed1i v\u1edbi c\u00e1c s\u1ea3n ph\u1ea9m m\u00e0 quy tr\u00ecnh th\u1ee7 c\u00f4ng kh\u00f4ng th\u1ec3 \u0111\u1ea1t \u0111\u01b0\u1ee3c \u0111\u1ed9 ch\u00ednh x\u00e1c ho\u1eb7c c\u00f3 hi\u1ec7u su\u1ea5t th\u1ea5p.<\/span><\/li>\n<li style=\"font-weight: 400;\" aria-level=\"1\"><span style=\"font-weight: 400;\">Th\u00f4ng qua s\u1ef1 ph\u1ed1i h\u1ee3p c\u1ee7a nhi\u1ec1u nh\u00f3m <\/span><b>h\u1ec7 th\u1ed1ng d\u1eabn h\u01b0\u1edbng th\u1ecb gi\u00e1c <\/b><span style=\"font-weight: 400;\">v\u00e0 c\u01a1 c\u1ea5u XYZ, thi\u1ebft b\u1ecb th\u1ef1c hi\u1ec7n vi\u1ec7c <\/span><b>\u0111\u1ecbnh v\u1ecb v\u00e0 \u00e9p d\u00e1n ch\u00ednh x\u00e1c<\/b><span style=\"font-weight: 400;\"> gi\u1eefa v\u1eadt li\u1ec7u ph\u1ee5 v\u00e0 s\u1ea3n ph\u1ea9m. \u0110i\u1ec1u n\u00e0y \u0111\u1ea3m b\u1ea3o \u0111\u1ea1t \u0111\u01b0\u1ee3c hi\u1ec7u su\u1ea5t s\u1ea3n xu\u1ea5t t\u1ed1i \u0111a trong khi v\u1eabn \u0111\u00e1p \u1ee9ng \u0111\u1ea7y \u0111\u1ee7 ch\u1ee9c n\u0103ng c\u1ee7a s\u1ea3n ph\u1ea9m.<\/span><\/li>\n<li style=\"font-weight: 400;\" aria-level=\"1\"><span style=\"font-weight: 400;\">M\u00e1y s\u1eed d\u1ee5ng <\/span><b>c\u01a1 c\u1ea5u h\u00fat k\u00e9p<\/b><span style=\"font-weight: 400;\">, t\u1ee9c l\u00e0 c\u01a1 c\u1ea5u tr\u1ee5c xoay R k\u00e9p \u0111\u1ec3 th\u1ef1c hi\u1ec7n thao t\u00e1c \u00e9p d\u00e1n, gi\u00fap t\u0103ng c\u01b0\u1eddng hi\u1ec7u su\u1ea5t.<\/span><\/li>\n<li style=\"font-weight: 400;\" aria-level=\"1\"><span style=\"font-weight: 400;\">S\u1eed d\u1ee5ng h\u1ec7 th\u1ed1ng \u0111i\u1ec1u khi\u1ec3n <\/span><b>PLC<\/b><span style=\"font-weight: 400;\">, d\u1ec5 d\u00e0ng thi\u1ebft l\u1eadp theo nhu c\u1ea7u c\u1ee7a kh\u00e1ch h\u00e0ng, c\u00f3 ch\u1ee9c n\u0103ng <\/span><b>t\u1ef1 ch\u1ea9n \u0111o\u00e1n l\u1ed7i<\/b><span style=\"font-weight: 400;\"> bao g\u1ed3m l\u1ed7i h\u1ec7 th\u1ed1ng \u0111i\u1ec7n, c\u01a1 kh\u00ed v\u00e0 l\u1ed7i thao t\u00e1c v\u1eadn h\u00e0nh.<\/span><\/li>\n<li style=\"font-weight: 400;\" aria-level=\"1\"><span style=\"font-weight: 400;\">Thi\u1ebft b\u1ecb hi\u1ec3n th\u1ecb c\u00e1c ch\u1ee9c n\u0103ng nh\u01b0 <\/span><b>\u0111\u1ebfm s\u1ea3n l\u01b0\u1ee3ng <\/b><span style=\"font-weight: 400;\">\uadf8\ub9ac\uace0 <\/span><b>ph\u00e2n t\u00edch hi\u1ec7u su\u1ea5t<\/b><span style=\"font-weight: 400;\">.<\/span><\/li>\n<li style=\"font-weight: 400;\" aria-level=\"1\"><span style=\"font-weight: 400;\">C\u00f3 ch\u1ee9c n\u0103ng <\/span><b>c\u1ea3nh b\u00e1o b\u1ea5t th\u01b0\u1eddng<\/b><span style=\"font-weight: 400;\"> khi v\u1eadt li\u1ec7u ph\u1ee5 ho\u1eb7c s\u1ea3n ph\u1ea9m b\u1ecb thi\u1ebfu, khi v\u1eadt li\u1ec7u \u0111\u1ebfn ho\u1eb7c b\u1ecb k\u1eb9t, c\u00f9ng v\u1edbi ch\u1ee9c n\u0103ng <\/span><b>ghi nh\u1eadn l\u1ecbch s\u1eed l\u1ed7i thi\u1ebft b\u1ecb<\/b><span style=\"font-weight: 400;\">.<\/span><\/li>\n<li style=\"font-weight: 400;\" aria-level=\"1\"><span style=\"font-weight: 400;\">\uc124\uacc4 <\/span><b>v\u1ecf b\u1ea3o v\u1ec7 to\u00e0n b\u1ed9 m\u00e1y<\/b><span style=\"font-weight: 400;\"> kh\u00f4ng ch\u1ec9 \u0111\u1ea3m b\u1ea3o an to\u00e0n v\u1eadn h\u00e0nh m\u00e0 c\u00f2n b\u1ea3o v\u1ec7 c\u00e1c th\u00e0nh ph\u1ea7n c\u1ed1t l\u00f5i kh\u1ecfi c\u00e1c t\u00e1c \u0111\u1ed9ng b\u00ean ngo\u00e0i.<\/span><\/li>\n<\/ol>\n<h2><span style=\"font-weight: 400;\">Quy tr\u00ecnh l\u00e0m vi\u1ec7c<\/span><\/h2>\n<p><span style=\"font-weight: 400;\">\u0110\u01b0a s\u1ea3n ph\u1ea9m v\u00e0o khoang c\u1ea5p li\u1ec7u \u2192 T\u1ef1 \u0111\u1ed9ng c\u1ea5p li\u1ec7u \u2192 Ph\u00e1n \u0111o\u00e1n \u0111\u1ea1t v\u1ecb tr\u00ed \u2192 T\u1ef1 \u0111\u1ed9ng \u00e9p d\u00e1n \u2192 Xu\u1ea5t s\u1ea3n ph\u1ea9m<\/span><\/p>\n<p><b><i>(<\/i><\/b><b><i>Ghi ch\u00fa<\/i><\/b><b><i>:<\/i><\/b><i><span style=\"font-weight: 400;\"> Thi\u1ebft b\u1ecb c\u00f3 th\u1ec3 \u0111\u01b0\u1ee3c t\u00f9y bi\u1ebfn theo y\u00eau c\u1ea7u c\u1ee7a kh\u00e1ch h\u00e0ng \u0111\u1ec3 th\u1ef1c hi\u1ec7n <\/span><\/i><b><i>\u00c9p d\u00e1n l\u0103n <\/i><\/b><i><span style=\"font-weight: 400;\">ho\u1eb7c <\/span><\/i><b><i>\u00c9p d\u00e1n th\u1eb3ng \u0111\u1ee9ng <\/i><\/b><i><span style=\"font-weight: 400;\">(ch\u1ecdn m\u1ed9t trong hai).)<\/span><\/i><\/p>\n<h2><span style=\"font-weight: 400;\">\uc560\ud50c\ub9ac\ucf00\uc774\uc158<\/span><\/h2>\n<ol>\n<li style=\"font-weight: 400;\" aria-level=\"1\"><b>V\u1eadt li\u1ec7u ph\u1ee5 tr\u1ee3 \u00e1p d\u1ee5ng:<\/b><span style=\"font-weight: 400;\"> M\u00e0ng PET, M\u00e0ng FPC, Nh\u00e3n t\u1ef1 d\u00ednh, B\u0103ng keo hai m\u1eb7t v\u00e0 c\u00e1c v\u1eadt li\u1ec7u kh\u00e1c.<\/span><\/li>\n<li style=\"font-weight: 400;\" aria-level=\"1\"><b>S\u1ea3n ph\u1ea9m \u00e1p d\u1ee5ng:<\/b><span style=\"font-weight: 400;\"> M\u1ecdi s\u1ea3n ph\u1ea9m c\u00f3 <\/span><b>\u0111\u1eb7c tr\u01b0ng b\u1ec1 m\u1eb7t ph\u1eb3ng<\/b><span style=\"font-weight: 400;\">.<\/span><\/li>\n<li style=\"font-weight: 400;\" aria-level=\"1\"><b>Ng\u00e0nh c\u00f4ng nghi\u1ec7p \u00e1p d\u1ee5ng:<\/b><span style=\"font-weight: 400;\"> \u1ee8ng d\u1ee5ng r\u1ed9ng r\u00e3i trong c\u00e1c ng\u00e0nh <\/span><b>\u0110i\u1ec7n t\u1eed, D\u01b0\u1ee3c ph\u1ea9m, C\u01a1 kh\u00ed\/Kim lo\u1ea1i, Nh\u1ef1a v\u00e0 In \u1ea5n<\/b><span style=\"font-weight: 400;\">, v.v.<\/span><\/li>\n<\/ol>","protected":false},"excerpt":{"rendered":"<p><span style=\"font-weight: 400;\">M\u00e1y t\u1ef1 \u0111\u1ed9ng d\u00e1n\/\u00e9p vision l\u00e0 gi\u1ea3i ph\u00e1p s\u1ea3n xu\u1ea5t thi\u1ebft y\u1ebfu, \u0111\u1ea1t ti\u00eau chu\u1ea9n 3-Cao (\u0110\u1ed9 ch\u00ednh x\u00e1c \u00b10.1 mm, Hi\u1ec7u su\u1ea5t 1800 pcs\/h, T\u1ef7 l\u1ec7 99.6%). Thi\u1ebft b\u1ecb s\u1ed1 h\u00f3a n\u00e0y d\u00f9ng nhi\u1ec1u nh\u00f3m Vision \u0111\u1ec3 t\u1ef1 \u0111\u1ed9ng \u0111\u1ecbnh v\u1ecb v\u00e0 \u00e9p d\u00e1n v\u1eadt li\u1ec7u ph\u1ee5 (PET\/FPC\/double-sided tape) l\u00ean s\u1ea3n ph\u1ea9m ph\u1eb3ng. V\u1edbi h\u1ec7 th\u1ed1ng PLC, ch\u1ea9n \u0111o\u00e1n l\u1ed7i t\u1ef1 \u0111\u1ed9ng v\u00e0 c\u01a1 c\u1ea5u h\u00fat k\u00e9p, m\u00e1y \u0111\u1ea3m b\u1ea3o quy tr\u00ecnh <\/span><b>&#8220;Unmanned Production&#8221;<\/b><span style=\"font-weight: 400;\"> \u1ed5n \u0111\u1ecbnh cho ng\u00e0nh \u0110i\u1ec7n t\u1eed, Y t\u1ebf v\u00e0 C\u01a1 kh\u00ed ch\u00ednh x\u00e1c.<\/span><\/p>","protected":false},"featured_media":5261,"comment_status":"open","ping_status":"closed","template":"","meta":[],"product_brand":[],"product_cat":[142,76],"product_tag":[208,178,133,140],"class_list":{"0":"post-5260","1":"product","2":"type-product","3":"status-publish","4":"has-post-thumbnail","6":"product_cat-may-lap-rap-tu-dong","7":"product_cat-san-pham-moi","8":"product_tag-he-thong-lap-rap","9":"product_tag-lap-rap-tu-dong-hoa","10":"product_tag-may-lap-rap","11":"product_tag-may-lap-rap-tu-dong","13":"first","14":"instock","15":"shipping-taxable","16":"product-type-simple"},"yoast_head":"<!-- This site is optimized with the Yoast SEO plugin v26.0 - https:\/\/yoast.com\/wordpress\/plugins\/seo\/ -->\n<title>M\u00e1y t\u1ef1 \u0111\u1ed9ng d\u00e1n\/\u00e9p v\u1eadt li\u1ec7u ph\u1ee5 tr\u1ee3 s\u1eed d\u1ee5ng h\u1ec7 th\u1ed1ng th\u1ecb gi\u00e1c - Nh\u00e0 s\u1ea3n xu\u1ea5t m\u00e1y c\u1ea5p li\u1ec7u c\u00f4ng nghi\u1ec7p<\/title>\n<meta name=\"description\" content=\"M\u00e1y d\u00e1n\/\u00e9p t\u1ef1 \u0111\u1ed9ng Vision (\u00b10.1mm) \u0111\u1ea1t 1800 pcs\/h. Gi\u1ea3i ph\u00e1p s\u1ed1 h\u00f3a cho linh ki\u1ec7n \u0111i\u1ec7n t\u1eed, y t\u1ebf. T\u1ef1 \u0111\u1ed9ng \u0111\u1ecbnh v\u1ecb, ch\u1ea9n \u0111o\u00e1n l\u1ed7i, linh ho\u1ea1t l\u0103n\/\u00e9p\" \/>\n<meta name=\"robots\" content=\"index, follow, max-snippet:-1, max-image-preview:large, max-video-preview:-1\" \/>\n<link rel=\"canonical\" href=\"https:\/\/swoer.vn\/ko\/manufacturer\/may-tu-dong-dan-ep-vat-lieu-phu-tro-su-dung-he-thong-thi-giac\/\" \/>\n<meta property=\"og:locale\" content=\"ko_KR\" \/>\n<meta property=\"og:type\" content=\"article\" \/>\n<meta property=\"og:title\" content=\"M\u00e1y t\u1ef1 \u0111\u1ed9ng d\u00e1n\/\u00e9p v\u1eadt li\u1ec7u ph\u1ee5 tr\u1ee3 s\u1eed d\u1ee5ng h\u1ec7 th\u1ed1ng th\u1ecb gi\u00e1c - Nh\u00e0 s\u1ea3n xu\u1ea5t m\u00e1y c\u1ea5p li\u1ec7u c\u00f4ng nghi\u1ec7p\" \/>\n<meta property=\"og:description\" content=\"M\u00e1y d\u00e1n\/\u00e9p t\u1ef1 \u0111\u1ed9ng Vision (\u00b10.1mm) \u0111\u1ea1t 1800 pcs\/h. Gi\u1ea3i ph\u00e1p s\u1ed1 h\u00f3a cho linh ki\u1ec7n \u0111i\u1ec7n t\u1eed, y t\u1ebf. T\u1ef1 \u0111\u1ed9ng \u0111\u1ecbnh v\u1ecb, ch\u1ea9n \u0111o\u00e1n l\u1ed7i, linh ho\u1ea1t l\u0103n\/\u00e9p\" \/>\n<meta property=\"og:url\" content=\"https:\/\/swoer.vn\/ko\/manufacturer\/may-tu-dong-dan-ep-vat-lieu-phu-tro-su-dung-he-thong-thi-giac\/\" \/>\n<meta property=\"og:site_name\" content=\"Nh\u00e0 s\u1ea3n xu\u1ea5t m\u00e1y c\u1ea5p li\u1ec7u c\u00f4ng nghi\u1ec7p\" \/>\n<meta property=\"article:modified_time\" content=\"2025-10-14T08:07:46+00:00\" \/>\n<meta property=\"og:image\" content=\"https:\/\/swoer.vn\/wp-content\/uploads\/2025\/10\/VISION-ALIGNMENT-AUTOMATIC-LAMINATING-MACHINE.png\" \/>\n\t<meta property=\"og:image:width\" content=\"800\" \/>\n\t<meta property=\"og:image:height\" content=\"800\" \/>\n\t<meta property=\"og:image:type\" content=\"image\/png\" \/>\n<meta name=\"twitter:card\" content=\"summary_large_image\" \/>\n<meta name=\"twitter:label1\" content=\"\uc608\uc0c1 \ub418\ub294 \ud310\ub3c5 \uc2dc\uac04\" \/>\n\t<meta name=\"twitter:data1\" content=\"4\ubd84\" \/>\n<script type=\"application\/ld+json\" class=\"yoast-schema-graph\">{\"@context\":\"https:\/\/schema.org\",\"@graph\":[{\"@type\":\"WebPage\",\"@id\":\"https:\/\/swoer.vn\/manufacturer\/may-tu-dong-dan-ep-vat-lieu-phu-tro-su-dung-he-thong-thi-giac\/\",\"url\":\"https:\/\/swoer.vn\/manufacturer\/may-tu-dong-dan-ep-vat-lieu-phu-tro-su-dung-he-thong-thi-giac\/\",\"name\":\"M\u00e1y t\u1ef1 \u0111\u1ed9ng d\u00e1n\/\u00e9p v\u1eadt li\u1ec7u ph\u1ee5 tr\u1ee3 s\u1eed d\u1ee5ng h\u1ec7 th\u1ed1ng th\u1ecb gi\u00e1c - Nh\u00e0 s\u1ea3n xu\u1ea5t m\u00e1y c\u1ea5p li\u1ec7u c\u00f4ng nghi\u1ec7p\",\"isPartOf\":{\"@id\":\"https:\/\/swoer.vn\/#website\"},\"primaryImageOfPage\":{\"@id\":\"https:\/\/swoer.vn\/manufacturer\/may-tu-dong-dan-ep-vat-lieu-phu-tro-su-dung-he-thong-thi-giac\/#primaryimage\"},\"image\":{\"@id\":\"https:\/\/swoer.vn\/manufacturer\/may-tu-dong-dan-ep-vat-lieu-phu-tro-su-dung-he-thong-thi-giac\/#primaryimage\"},\"thumbnailUrl\":\"https:\/\/swoer.vn\/wp-content\/uploads\/2025\/10\/VISION-ALIGNMENT-AUTOMATIC-LAMINATING-MACHINE.png\",\"datePublished\":\"2025-10-14T08:07:45+00:00\",\"dateModified\":\"2025-10-14T08:07:46+00:00\",\"description\":\"M\u00e1y d\u00e1n\/\u00e9p t\u1ef1 \u0111\u1ed9ng Vision (\u00b10.1mm) \u0111\u1ea1t 1800 pcs\/h. Gi\u1ea3i ph\u00e1p s\u1ed1 h\u00f3a cho linh ki\u1ec7n \u0111i\u1ec7n t\u1eed, y t\u1ebf. T\u1ef1 \u0111\u1ed9ng \u0111\u1ecbnh v\u1ecb, ch\u1ea9n \u0111o\u00e1n l\u1ed7i, linh ho\u1ea1t l\u0103n\/\u00e9p\",\"breadcrumb\":{\"@id\":\"https:\/\/swoer.vn\/manufacturer\/may-tu-dong-dan-ep-vat-lieu-phu-tro-su-dung-he-thong-thi-giac\/#breadcrumb\"},\"inLanguage\":\"ko-KR\",\"potentialAction\":[{\"@type\":\"ReadAction\",\"target\":[\"https:\/\/swoer.vn\/manufacturer\/may-tu-dong-dan-ep-vat-lieu-phu-tro-su-dung-he-thong-thi-giac\/\"]}]},{\"@type\":\"ImageObject\",\"inLanguage\":\"ko-KR\",\"@id\":\"https:\/\/swoer.vn\/manufacturer\/may-tu-dong-dan-ep-vat-lieu-phu-tro-su-dung-he-thong-thi-giac\/#primaryimage\",\"url\":\"https:\/\/swoer.vn\/wp-content\/uploads\/2025\/10\/VISION-ALIGNMENT-AUTOMATIC-LAMINATING-MACHINE.png\",\"contentUrl\":\"https:\/\/swoer.vn\/wp-content\/uploads\/2025\/10\/VISION-ALIGNMENT-AUTOMATIC-LAMINATING-MACHINE.png\",\"width\":800,\"height\":800,\"caption\":\"VISION ALIGNMENT AUTOMATIC LAMINATING MACHINE\"},{\"@type\":\"BreadcrumbList\",\"@id\":\"https:\/\/swoer.vn\/manufacturer\/may-tu-dong-dan-ep-vat-lieu-phu-tro-su-dung-he-thong-thi-giac\/#breadcrumb\",\"itemListElement\":[{\"@type\":\"ListItem\",\"position\":1,\"name\":\"Home\",\"item\":\"https:\/\/swoer.vn\/\"},{\"@type\":\"ListItem\",\"position\":2,\"name\":\"S\u1ea3n ph\u1ea9m\",\"item\":\"https:\/\/swoer.vn\/shop\/\"},{\"@type\":\"ListItem\",\"position\":3,\"name\":\"M\u00e1y t\u1ef1 \u0111\u1ed9ng d\u00e1n\/\u00e9p v\u1eadt li\u1ec7u ph\u1ee5 tr\u1ee3 s\u1eed d\u1ee5ng h\u1ec7 th\u1ed1ng th\u1ecb gi\u00e1c\"}]},{\"@type\":\"WebSite\",\"@id\":\"https:\/\/swoer.vn\/#website\",\"url\":\"https:\/\/swoer.vn\/\",\"name\":\"Nh\u00e0 s\u1ea3n xu\u1ea5t m\u00e1y c\u1ea5p li\u1ec7u c\u00f4ng nghi\u1ec7p\",\"description\":\"Nh\u00e0 cung c\u1ea5p robot, m\u00e1y c\u1ea5p li\u1ec7u linh ho\u1ea1t, m\u00e1y c\u1ea5p li\u1ec7u ly t\u00e2m, m\u00e1y c\u1ea5p li\u1ec7u rung t\u1ef1 \u0111\u1ed9ng\",\"potentialAction\":[{\"@type\":\"SearchAction\",\"target\":{\"@type\":\"EntryPoint\",\"urlTemplate\":\"https:\/\/swoer.vn\/?s={search_term_string}\"},\"query-input\":{\"@type\":\"PropertyValueSpecification\",\"valueRequired\":true,\"valueName\":\"search_term_string\"}}],\"inLanguage\":\"ko-KR\"}]}<\/script>\n<!-- \/ Yoast SEO plugin. -->","yoast_head_json":{"title":"M\u00e1y t\u1ef1 \u0111\u1ed9ng d\u00e1n\/\u00e9p v\u1eadt li\u1ec7u ph\u1ee5 tr\u1ee3 s\u1eed d\u1ee5ng h\u1ec7 th\u1ed1ng th\u1ecb gi\u00e1c - Nh\u00e0 s\u1ea3n xu\u1ea5t m\u00e1y c\u1ea5p li\u1ec7u c\u00f4ng nghi\u1ec7p","description":"M\u00e1y d\u00e1n\/\u00e9p t\u1ef1 \u0111\u1ed9ng Vision (\u00b10.1mm) \u0111\u1ea1t 1800 pcs\/h. Gi\u1ea3i ph\u00e1p s\u1ed1 h\u00f3a cho linh ki\u1ec7n \u0111i\u1ec7n t\u1eed, y t\u1ebf. T\u1ef1 \u0111\u1ed9ng \u0111\u1ecbnh v\u1ecb, ch\u1ea9n \u0111o\u00e1n l\u1ed7i, linh ho\u1ea1t l\u0103n\/\u00e9p","robots":{"index":"index","follow":"follow","max-snippet":"max-snippet:-1","max-image-preview":"max-image-preview:large","max-video-preview":"max-video-preview:-1"},"canonical":"https:\/\/swoer.vn\/ko\/manufacturer\/may-tu-dong-dan-ep-vat-lieu-phu-tro-su-dung-he-thong-thi-giac\/","og_locale":"ko_KR","og_type":"article","og_title":"M\u00e1y t\u1ef1 \u0111\u1ed9ng d\u00e1n\/\u00e9p v\u1eadt li\u1ec7u ph\u1ee5 tr\u1ee3 s\u1eed d\u1ee5ng h\u1ec7 th\u1ed1ng th\u1ecb gi\u00e1c - Nh\u00e0 s\u1ea3n xu\u1ea5t m\u00e1y c\u1ea5p li\u1ec7u c\u00f4ng nghi\u1ec7p","og_description":"M\u00e1y d\u00e1n\/\u00e9p t\u1ef1 \u0111\u1ed9ng Vision (\u00b10.1mm) \u0111\u1ea1t 1800 pcs\/h. Gi\u1ea3i ph\u00e1p s\u1ed1 h\u00f3a cho linh ki\u1ec7n \u0111i\u1ec7n t\u1eed, y t\u1ebf. T\u1ef1 \u0111\u1ed9ng \u0111\u1ecbnh v\u1ecb, ch\u1ea9n \u0111o\u00e1n l\u1ed7i, linh ho\u1ea1t l\u0103n\/\u00e9p","og_url":"https:\/\/swoer.vn\/ko\/manufacturer\/may-tu-dong-dan-ep-vat-lieu-phu-tro-su-dung-he-thong-thi-giac\/","og_site_name":"Nh\u00e0 s\u1ea3n xu\u1ea5t m\u00e1y c\u1ea5p li\u1ec7u c\u00f4ng nghi\u1ec7p","article_modified_time":"2025-10-14T08:07:46+00:00","og_image":[{"width":800,"height":800,"url":"https:\/\/swoer.vn\/wp-content\/uploads\/2025\/10\/VISION-ALIGNMENT-AUTOMATIC-LAMINATING-MACHINE.png","type":"image\/png"}],"twitter_card":"summary_large_image","twitter_misc":{"\uc608\uc0c1 \ub418\ub294 \ud310\ub3c5 \uc2dc\uac04":"4\ubd84"},"schema":{"@context":"https:\/\/schema.org","@graph":[{"@type":"WebPage","@id":"https:\/\/swoer.vn\/manufacturer\/may-tu-dong-dan-ep-vat-lieu-phu-tro-su-dung-he-thong-thi-giac\/","url":"https:\/\/swoer.vn\/manufacturer\/may-tu-dong-dan-ep-vat-lieu-phu-tro-su-dung-he-thong-thi-giac\/","name":"M\u00e1y t\u1ef1 \u0111\u1ed9ng d\u00e1n\/\u00e9p v\u1eadt li\u1ec7u ph\u1ee5 tr\u1ee3 s\u1eed d\u1ee5ng h\u1ec7 th\u1ed1ng th\u1ecb gi\u00e1c - Nh\u00e0 s\u1ea3n xu\u1ea5t m\u00e1y c\u1ea5p li\u1ec7u c\u00f4ng nghi\u1ec7p","isPartOf":{"@id":"https:\/\/swoer.vn\/#website"},"primaryImageOfPage":{"@id":"https:\/\/swoer.vn\/manufacturer\/may-tu-dong-dan-ep-vat-lieu-phu-tro-su-dung-he-thong-thi-giac\/#primaryimage"},"image":{"@id":"https:\/\/swoer.vn\/manufacturer\/may-tu-dong-dan-ep-vat-lieu-phu-tro-su-dung-he-thong-thi-giac\/#primaryimage"},"thumbnailUrl":"https:\/\/swoer.vn\/wp-content\/uploads\/2025\/10\/VISION-ALIGNMENT-AUTOMATIC-LAMINATING-MACHINE.png","datePublished":"2025-10-14T08:07:45+00:00","dateModified":"2025-10-14T08:07:46+00:00","description":"M\u00e1y d\u00e1n\/\u00e9p t\u1ef1 \u0111\u1ed9ng Vision (\u00b10.1mm) \u0111\u1ea1t 1800 pcs\/h. Gi\u1ea3i ph\u00e1p s\u1ed1 h\u00f3a cho linh ki\u1ec7n \u0111i\u1ec7n t\u1eed, y t\u1ebf. T\u1ef1 \u0111\u1ed9ng \u0111\u1ecbnh v\u1ecb, ch\u1ea9n \u0111o\u00e1n l\u1ed7i, linh ho\u1ea1t l\u0103n\/\u00e9p","breadcrumb":{"@id":"https:\/\/swoer.vn\/manufacturer\/may-tu-dong-dan-ep-vat-lieu-phu-tro-su-dung-he-thong-thi-giac\/#breadcrumb"},"inLanguage":"ko-KR","potentialAction":[{"@type":"ReadAction","target":["https:\/\/swoer.vn\/manufacturer\/may-tu-dong-dan-ep-vat-lieu-phu-tro-su-dung-he-thong-thi-giac\/"]}]},{"@type":"ImageObject","inLanguage":"ko-KR","@id":"https:\/\/swoer.vn\/manufacturer\/may-tu-dong-dan-ep-vat-lieu-phu-tro-su-dung-he-thong-thi-giac\/#primaryimage","url":"https:\/\/swoer.vn\/wp-content\/uploads\/2025\/10\/VISION-ALIGNMENT-AUTOMATIC-LAMINATING-MACHINE.png","contentUrl":"https:\/\/swoer.vn\/wp-content\/uploads\/2025\/10\/VISION-ALIGNMENT-AUTOMATIC-LAMINATING-MACHINE.png","width":800,"height":800,"caption":"VISION ALIGNMENT AUTOMATIC LAMINATING MACHINE"},{"@type":"BreadcrumbList","@id":"https:\/\/swoer.vn\/manufacturer\/may-tu-dong-dan-ep-vat-lieu-phu-tro-su-dung-he-thong-thi-giac\/#breadcrumb","itemListElement":[{"@type":"ListItem","position":1,"name":"Home","item":"https:\/\/swoer.vn\/"},{"@type":"ListItem","position":2,"name":"S\u1ea3n ph\u1ea9m","item":"https:\/\/swoer.vn\/shop\/"},{"@type":"ListItem","position":3,"name":"M\u00e1y t\u1ef1 \u0111\u1ed9ng d\u00e1n\/\u00e9p v\u1eadt li\u1ec7u ph\u1ee5 tr\u1ee3 s\u1eed d\u1ee5ng h\u1ec7 th\u1ed1ng th\u1ecb gi\u00e1c"}]},{"@type":"WebSite","@id":"https:\/\/swoer.vn\/#website","url":"https:\/\/swoer.vn\/","name":"\uc0b0\uc5c5\uc6a9 \ud53c\ub354 \uc81c\uc870\uc5c5\uccb4","description":"\ub85c\ubd07, \ud50c\ub809\uc2dc\ube14 \ud53c\ub354, \uc6d0\uc2ec \ud53c\ub354, \uc790\ub3d9 \uc9c4\ub3d9 \ud53c\ub354 \uacf5\uae09\uc5c5\uccb4","potentialAction":[{"@type":"SearchAction","target":{"@type":"EntryPoint","urlTemplate":"https:\/\/swoer.vn\/?s={search_term_string}"},"query-input":{"@type":"PropertyValueSpecification","valueRequired":true,"valueName":"search_term_string"}}],"inLanguage":"ko-KR"}]}},"_links":{"self":[{"href":"https:\/\/swoer.vn\/ko\/wp-json\/wp\/v2\/product\/5260","targetHints":{"allow":["GET"]}}],"collection":[{"href":"https:\/\/swoer.vn\/ko\/wp-json\/wp\/v2\/product"}],"about":[{"href":"https:\/\/swoer.vn\/ko\/wp-json\/wp\/v2\/types\/product"}],"replies":[{"embeddable":true,"href":"https:\/\/swoer.vn\/ko\/wp-json\/wp\/v2\/comments?post=5260"}],"wp:featuredmedia":[{"embeddable":true,"href":"https:\/\/swoer.vn\/ko\/wp-json\/wp\/v2\/media\/5261"}],"wp:attachment":[{"href":"https:\/\/swoer.vn\/ko\/wp-json\/wp\/v2\/media?parent=5260"}],"wp:term":[{"taxonomy":"product_brand","embeddable":true,"href":"https:\/\/swoer.vn\/ko\/wp-json\/wp\/v2\/product_brand?post=5260"},{"taxonomy":"product_cat","embeddable":true,"href":"https:\/\/swoer.vn\/ko\/wp-json\/wp\/v2\/product_cat?post=5260"},{"taxonomy":"product_tag","embeddable":true,"href":"https:\/\/swoer.vn\/ko\/wp-json\/wp\/v2\/product_tag?post=5260"}],"curies":[{"name":"wp","href":"https:\/\/api.w.org\/{rel}","templated":true}]}}