{"id":4962,"date":"2025-10-02T14:29:58","date_gmt":"2025-10-02T07:29:58","guid":{"rendered":"https:\/\/swoer.vn\/?post_type=product&#038;p=4962"},"modified":"2025-10-02T14:29:58","modified_gmt":"2025-10-02T07:29:58","slug":"bo-nap-linh-hoat-linh-kien-cho-he-thong-nap","status":"publish","type":"product","link":"https:\/\/swoer.vn\/ko\/manufacturer\/bo-nap-linh-hoat-linh-kien-cho-he-thong-nap\/","title":{"rendered":"B\u1ed9 n\u1ea1p linh ho\u1ea1t linh ki\u1ec7n cho h\u1ec7 th\u1ed1ng n\u1ea1p"},"content":{"rendered":"<h2><span style=\"font-weight: 400;\">\uc81c\ud488 \uc0ac\uc591:<\/span><\/h2>\n<table>\n<tbody>\n<tr>\n<td><span style=\"font-weight: 400;\">M\u00e3 s\u1ea3n ph\u1ea9m<\/span><\/td>\n<td><span style=\"font-weight: 400;\">Flex Feeder ZDP1723<\/span><\/td>\n<\/tr>\n<tr>\n<td><span style=\"font-weight: 400;\">C\u00f4ng su\u1ea5t \u0111\u1ed9ng c\u01a1 (kW)<\/span><\/td>\n<td><span style=\"font-weight: 400;\">1 \u0111\u1ebfn 10<\/span><\/td>\n<\/tr>\n<tr>\n<td><span style=\"font-weight: 400;\">Lead Time<\/span><\/td>\n<td><span style=\"font-weight: 400;\">7 &#8211; 14 ng\u00e0y<\/span><\/td>\n<\/tr>\n<tr>\n<td><span style=\"font-weight: 400;\">\uc720\ud615<\/span><\/td>\n<td><span style=\"font-weight: 400;\">Electromagnetic Vibrating Feeder<\/span><\/td>\n<\/tr>\n<tr>\n<td><span style=\"font-weight: 400;\">Appearance<\/span><\/td>\n<td><span style=\"font-weight: 400;\">Open-type<\/span><\/td>\n<\/tr>\n<tr>\n<td><span style=\"font-weight: 400;\">Warranty<\/span><\/td>\n<td><span style=\"font-weight: 400;\">1\ub144<\/span><\/td>\n<\/tr>\n<tr>\n<td><span style=\"font-weight: 400;\">Installation Slope<\/span><\/td>\n<td><span style=\"font-weight: 400;\">Customized<\/span><\/td>\n<\/tr>\n<tr>\n<td><span style=\"font-weight: 400;\">Overall Dimension<\/span><\/td>\n<td><span style=\"font-weight: 400;\">Customized<\/span><\/td>\n<\/tr>\n<tr>\n<td><span style=\"font-weight: 400;\">Xu\u1ea5t x\u1ee9<\/span><\/td>\n<td><span style=\"font-weight: 400;\">\uc911\uad6d<\/span><\/td>\n<\/tr>\n<tr>\n<td><span style=\"font-weight: 400;\">S\u1ee9c ch\u1ee9a (t\/h)<\/span><\/td>\n<td><span style=\"font-weight: 400;\">80 &#8211; 150<\/span><\/td>\n<\/tr>\n<tr>\n<td><span style=\"font-weight: 400;\">Custom Accessories<\/span><\/td>\n<td><span style=\"font-weight: 400;\">Custom Made<\/span><\/td>\n<\/tr>\n<tr>\n<td><span style=\"font-weight: 400;\">Movement Mode<\/span><\/td>\n<td><span style=\"font-weight: 400;\">Linear<\/span><\/td>\n<\/tr>\n<tr>\n<td><span style=\"font-weight: 400;\">After-sales Service<\/span><\/td>\n<td><span style=\"font-weight: 400;\">Online Technical Support<\/span><\/td>\n<\/tr>\n<tr>\n<td><span style=\"font-weight: 400;\">Max Feeding (mm)<\/span><\/td>\n<td><span style=\"font-weight: 400;\">Customized<\/span><\/td>\n<\/tr>\n<tr>\n<td><span style=\"font-weight: 400;\">Chute Size (mm)<\/span><\/td>\n<td><span style=\"font-weight: 400;\">Customized<\/span><\/td>\n<\/tr>\n<tr>\n<td><span style=\"font-weight: 400;\">Nh\u00e3n hi\u1ec7u<\/span><\/td>\n<td><span style=\"font-weight: 400;\">\uc2a4\uc6cc\uc5b4<\/span><\/td>\n<\/tr>\n<tr>\n<td><span style=\"font-weight: 400;\">C\u00f4ng su\u1ea5t \u0111\u1ea7u v\u00e0o<\/span><\/td>\n<td><span style=\"font-weight: 400;\">DC 12V 10A<\/span><\/td>\n<\/tr>\n<tr>\n<td><span style=\"font-weight: 400;\">K\u00edch th\u01b0\u1edbc h\u1ed9p<\/span><\/td>\n<td><span style=\"font-weight: 400;\">170 * 230 mm<\/span><\/td>\n<\/tr>\n<tr>\n<td><span style=\"font-weight: 400;\">\u0110\u1ed9ng c\u01a1 cu\u1ed9n d\u00e2y \u00e2m thanh<\/span><\/td>\n<td><span style=\"font-weight: 400;\">12V1A<\/span><\/td>\n<\/tr>\n<tr>\n<td><span style=\"font-weight: 400;\">Tr\u1ecdng l\u01b0\u1ee3ng (kg)<\/span><\/td>\n<td><span style=\"font-weight: 400;\">9<\/span><\/td>\n<\/tr>\n<tr>\n<td><span style=\"font-weight: 400;\">Ti\u1ebfng \u1ed3n v\u1eadn h\u00e0nh<\/span><\/td>\n<td><span style=\"font-weight: 400;\">Kh\u00f4ng t\u1ea3i &lt;68 db<\/span><\/td>\n<\/tr>\n<tr>\n<td><span style=\"font-weight: 400;\">\uc9c4\ub3d9 \ubaa8\ub4dc<\/span><\/td>\n<td><span style=\"font-weight: 400;\">11<\/span><\/td>\n<\/tr>\n<tr>\n<td><span style=\"font-weight: 400;\">\uc81c\uc5b4 \uc2dc\uc2a4\ud15c<\/span><\/td>\n<td><span style=\"font-weight: 400;\">B\u1ed9 \u0111i\u1ec1u khi\u1ec3n \u0111\u1eb7c bi\u1ec7t t\u1ef1 ph\u00e1t tri\u1ec3n<\/span><\/td>\n<\/tr>\n<tr>\n<td><span style=\"font-weight: 400;\">Giao di\u1ec7n m\u00e1y<\/span><\/td>\n<td><span style=\"font-weight: 400;\">M\u00e0n h\u00ecnh c\u1ea3m \u1ee9ng 4.3 inch<\/span><\/td>\n<\/tr>\n<tr>\n<td><span style=\"font-weight: 400;\">Protocol<\/span><\/td>\n<td><span style=\"font-weight: 400;\">Modbus-rtu v\u00e0 ch\u1ebf \u0111\u1ed9 chu\u1ed7i<\/span><\/td>\n<\/tr>\n<tr>\n<td><span style=\"font-weight: 400;\">Ngu\u1ed3n \u0111i\u1ec7n \u0111\u00e8n n\u1ec1n<\/span><\/td>\n<td><span style=\"font-weight: 400;\">V\u1edbi ngu\u1ed3n \u0111i\u1ec7n \u0111\u00e8n n\u1ec1n LED<\/span><\/td>\n<\/tr>\n<tr>\n<td><span style=\"font-weight: 400;\">Giao di\u1ec7n giao ti\u1ebfp<\/span><\/td>\n<td><span style=\"font-weight: 400;\">11 RS232 + 1 RS485 (c\u00f3 th\u1ec3 giao ti\u1ebfp \u0111\u1ed3ng th\u1eddi)<\/span><\/td>\n<\/tr>\n<tr>\n<td><span style=\"font-weight: 400;\">Giao di\u1ec7n k\u1ef9 thu\u1eadt s\u1ed1<\/span><\/td>\n<td><span style=\"font-weight: 400;\">B\u1ed1n \u0111\u1ea7u v\u00e0o k\u1ef9 thu\u1eadt s\u1ed1 v\u00e0 m\u1ed9t \u0111\u1ea7u ra k\u1ef9 thu\u1eadt s\u1ed1<\/span><\/td>\n<\/tr>\n<tr>\n<td><span style=\"font-weight: 400;\">Ph\u1ee5 ki\u1ec7n<\/span><\/td>\n<td><span style=\"font-weight: 400;\">B\u1ed9 \u0111i\u1ec1u khi\u1ec3n + c\u00e1p n\u1ea1p m\u1ec1m + b\u1ed9 d\u00e2y \u0111i\u1ec7n ph\u00f9 h\u1ee3p<\/span><\/td>\n<\/tr>\n<tr>\n<td><span style=\"font-weight: 400;\">T\u1ea7n s\u1ed1 ho\u1ea1t \u0111\u1ed9ng<\/span><\/td>\n<td><span style=\"font-weight: 400;\">M\u1eb7c \u0111\u1ecbnh 10 ~ 99 c\u00f3 th\u1ec3 m\u1edf th\u00eam d\u1ea3i t\u1ea7n s\u1ed1<\/span><\/td>\n<\/tr>\n<tr>\n<td><span style=\"font-weight: 400;\">Ph\u1ec5u h\u1ee9ng<\/span><\/td>\n<td><span style=\"font-weight: 400;\">C\u00f3 th\u1ec3 t\u00f9y ch\u1ec9nh ph\u1ec5u h\u1ee9ng theo v\u1eadt li\u1ec7u v\u00e0 cung c\u1ea5p \u0111i\u1ec3m IO ho\u1eb7c giao di\u1ec7n \u0111i\u1ec1u khi\u1ec3n giao ti\u1ebfp<\/span><\/td>\n<\/tr>\n<tr>\n<td><span style=\"font-weight: 400;\">Tr\u1ecdng l\u01b0\u1ee3ng c\u00f3 th\u1ec3 \u0111\u1ea3o ng\u01b0\u1ee3c c\u1ee7a m\u1ed9t v\u1eadt li\u1ec7u<\/span><\/td>\n<td><span style=\"font-weight: 400;\">\u226460G thay \u0111\u1ed5i t\u00f9y theo v\u1eadt li\u1ec7u v\u00e0 h\u00ecnh d\u1ea1ng c\u1ee7a v\u1eadt li\u1ec7u<\/span><\/td>\n<\/tr>\n<\/tbody>\n<\/table>\n<h2><span style=\"font-weight: 400;\">Quy tr\u00ecnh mua h\u00e0ng:<\/span><\/h2>\n<h3><span style=\"font-weight: 400;\">B\u01b0\u1edbc 1:<\/span><\/h3>\n<ol>\n<li><span style=\"font-weight: 400;\"> Ng\u01b0\u1eddi mua cung c\u1ea5p h\u00ecnh \u1ea3nh v\u1eadt l\u00fd, k\u00edch c\u1ee1 v\u00e0 v\u1eadt li\u1ec7u;<\/span><\/li>\n<li><span style=\"font-weight: 400;\"> Ng\u01b0\u1eddi mua cung c\u1ea5p \u0111\u01a1n h\u00e0ng v\u00e0 h\u01b0\u1edbng d\u1eabn x\u1ea3 v\u1eadt li\u1ec7u.<\/span><\/li>\n<li><span style=\"font-weight: 400;\"> Ng\u01b0\u1eddi mua cung c\u1ea5p t\u1ed1c \u0111\u1ed9 x\u1ea3;<\/span><\/li>\n<li><span style=\"font-weight: 400;\"> Ng\u01b0\u1ee3c chi\u1ec1u kim \u0111\u1ed3ng h\u1ed3 ho\u1eb7c theo chi\u1ec1u kim \u0111\u1ed3ng h\u1ed3;<\/span><\/li>\n<li><span style=\"font-weight: 400;\"> X\u00e1c nh\u1eadn n\u1ebfu b\u1ea1n c\u1ea7n khay n\u1ea1p tuy\u1ebfn t\u00ednh, ph\u1ec5u h\u1ee9ng, b\u1ea3ng \u0111\u1ee1 v\u00e0 n\u1eafp ch\u1ed1ng \u00e2m thanh.<\/span><\/li>\n<\/ol>\n<h3><span style=\"font-weight: 400;\">B\u01b0\u1edbc 2: Ph\u1ea3n h\u1ed3i v\u1ec1 \u0111\u00e1nh gi\u00e1 c\u1ee7a ng\u01b0\u1eddi b\u00e1n<\/span><\/h3>\n<p><span style=\"font-weight: 400;\">V\u1eadt li\u1ec7u (tr\u1ea3 l\u1ea1i cho ng\u01b0\u1eddi mua c\u00f3 khay n\u1ea1p rung) ph\u1ea3i \u0111\u01b0\u1ee3c s\u1eed d\u1ee5ng \u0111\u1ec3 \u0111i\u1ec1u ch\u1ec9nh khay n\u1ea1p rung.<\/span><\/p>\n<h3><span style=\"font-weight: 400;\">B\u01b0\u1edbc 3: Sau khi thanh to\u00e1n v\u00e0 giao h\u00e0ng<\/span><\/h3>\n<ol>\n<li><span style=\"font-weight: 400;\"> Ng\u01b0\u1eddi b\u00e1n b\u1eaft \u0111\u1ea7u \u0111\u1eb7t h\u00e0ng v\u00e0 th\u1ef1c hi\u1ec7n thanh to\u00e1n kh\u00f4ng tr\u1ea3 ti\u1ec1n.<\/span><\/li>\n<li><span style=\"font-weight: 400;\"> Quay video tr\u00ean m\u00e1y ki\u1ec3m tra;<\/span><\/li>\n<li><span style=\"font-weight: 400;\"> Ng\u01b0\u1eddi mua h\u00e0i l\u00f2ng v\u00e0 th\u1ef1c hi\u1ec7n thanh to\u00e1n cu\u1ed1i c\u00f9ng.<\/span><\/li>\n<li><span style=\"font-weight: 400;\"> Ng\u01b0\u1eddi b\u00e1n \u0111\u00f3ng g\u00f3i c\u00e1c h\u1ed9p g\u1ed7 v\u00e0 giao h\u00e0ng b\u1eb1ng h\u1eadu c\u1ea7n.<\/span><\/li>\n<\/ol>","protected":false},"excerpt":{"rendered":"<div id=\"09b34bcb802116b7\" class=\"conversation-container message-actions-hover-boundary ng-star-inserted\">\n<div>\n<div class=\"response-container ng-tns-c3570656371-232 response-container-with-gpi is-mobile ng-star-inserted response-container-has-multiple-responses\" data-hveid=\"1\">\n<div class=\"presented-response-container ng-tns-c3570656371-232\">\n<div class=\"response-container-content ng-tns-c3570656371-232 is-mobile\">\n<div class=\"response-content ng-tns-c3570656371-232\">\n<div id=\"model-response-message-contentr_09b34bcb802116b7\" class=\"markdown markdown-main-panel enable-updated-hr-color\" dir=\"ltr\">\n<p><b>B\u1ed9 n\u1ea1p linh ho\u1ea1t linh ki\u1ec7n (Flexible Parts Feeder)<\/b> c\u1ee7a SWOER l\u00e0 s\u1ef1 n\u00e2ng c\u1ea5p thi\u1ebft y\u1ebfu cho c\u00e1c h\u1ec7 th\u1ed1ng n\u1ea1p t\u1ef1 \u0111\u1ed9ng hi\u1ec7n \u0111\u1ea1i, \u0111\u1eb7c bi\u1ec7t l\u00e0 khi b\u1ea1n ph\u1ea3i \u0111\u1ed1i m\u1eb7t v\u1edbi <b>\u0111a d\u1ea1ng m\u1eabu m\u00e3<\/b> \uadf8\ub9ac\uace0 <b>linh ki\u1ec7n c\u00f3 h\u00ecnh d\u1ea1ng b\u1ea5t \u0111\u1ed1i x\u1ee9ng<\/b>. Kh\u00e1c bi\u1ec7t v\u1edbi b\u00e1t rung truy\u1ec1n th\u1ed1ng, thi\u1ebft b\u1ecb n\u00e0y s\u1eed d\u1ee5ng <b>c\u01a1 ch\u1ebf rung \u0111\u1ed9ng \u0111a tr\u1ee5c<\/b> k\u1ebft h\u1ee3p v\u1edbi <b>c\u00f4ng ngh\u1ec7 Th\u1ecb gi\u00e1c m\u00e1y (Vision System)<\/b>. B\u1ed9 n\u1ea1p linh ho\u1ea1t gi\u00fap <b>t\u00e1ch r\u1eddi v\u00e0 \u0111\u1ecbnh v\u1ecb ch\u00ednh x\u00e1c<\/b> chi ti\u1ebft n\u1eb1m ng\u1eabu nhi\u00ean, sau \u0111\u00f3 truy\u1ec1n t\u1ecda \u0111\u1ed9 theo th\u1eddi gian th\u1ef1c \u0111\u1ebfn robot. \u0110i\u1ec1u n\u00e0y kh\u00f4ng ch\u1ec9 gi\u00fap b\u1ea1n <b>lo\u1ea1i b\u1ecf c\u00e1c d\u1ee5ng c\u1ee5 c\u01a1 kh\u00ed chuy\u00ean bi\u1ec7t<\/b> t\u1ed1n k\u00e9m, m\u00e0 c\u00f2n <b>gi\u1ea3m th\u1eddi gian chuy\u1ec3n \u0111\u1ed5i s\u1ea3n ph\u1ea9m xu\u1ed1ng g\u1ea7n nh\u01b0 b\u1eb1ng kh\u00f4ng<\/b>, t\u1ed1i \u0111a h\u00f3a hi\u1ec7u su\u1ea5t v\u00e0 t\u00ednh linh ho\u1ea1t c\u1ee7a to\u00e0n b\u1ed9 h\u1ec7 th\u1ed1ng n\u1ea1p.<\/p>\n<\/div>\n<\/div>\n<\/div>\n<\/div>\n<\/div>\n<\/div>\n<\/div>","protected":false},"featured_media":4963,"comment_status":"open","ping_status":"closed","template":"","meta":[],"product_brand":[],"product_cat":[62],"product_tag":[66,206,205,65],"class_list":{"0":"post-4962","1":"product","2":"type-product","3":"status-publish","4":"has-post-thumbnail","6":"product_cat-bo-nap-linh-hoat","7":"product_tag-bo-nap-linh-hoat","8":"product_tag-flex-feeder","9":"product_tag-flexible-feeder","10":"product_tag-may-cap-lieu-linh-hoat","12":"first","13":"instock","14":"shipping-taxable","15":"product-type-simple"},"yoast_head":"<!-- This site is optimized with the Yoast SEO plugin v26.0 - https:\/\/yoast.com\/wordpress\/plugins\/seo\/ -->\n<title>B\u1ed9 n\u1ea1p linh ho\u1ea1t linh ki\u1ec7n cho h\u1ec7 th\u1ed1ng n\u1ea1p - Nh\u00e0 s\u1ea3n xu\u1ea5t m\u00e1y c\u1ea5p li\u1ec7u c\u00f4ng nghi\u1ec7p<\/title>\n<meta name=\"description\" content=\"B\u1ed9 n\u1ea1p linh ho\u1ea1t linh ki\u1ec7n SWOER: Gi\u1ea3i ph\u00e1p c\u1ea5p ph\u00f4i th\u00f4ng minh, t\u00edch h\u1ee3p Vision System cho robot. X\u1eed l\u00fd linh ki\u1ec7n ph\u1ee9c t\u1ea1p, gi\u1ea3m th\u1eddi gian chuy\u1ec3n \u0111\u1ed5i\" \/>\n<meta name=\"robots\" content=\"index, follow, max-snippet:-1, max-image-preview:large, max-video-preview:-1\" \/>\n<link rel=\"canonical\" href=\"https:\/\/swoer.vn\/ko\/manufacturer\/bo-nap-linh-hoat-linh-kien-cho-he-thong-nap\/\" \/>\n<meta property=\"og:locale\" content=\"ko_KR\" \/>\n<meta property=\"og:type\" content=\"article\" \/>\n<meta property=\"og:title\" content=\"B\u1ed9 n\u1ea1p linh ho\u1ea1t linh ki\u1ec7n cho h\u1ec7 th\u1ed1ng n\u1ea1p - Nh\u00e0 s\u1ea3n xu\u1ea5t m\u00e1y c\u1ea5p li\u1ec7u c\u00f4ng nghi\u1ec7p\" \/>\n<meta property=\"og:description\" content=\"B\u1ed9 n\u1ea1p linh ho\u1ea1t linh ki\u1ec7n SWOER: Gi\u1ea3i ph\u00e1p c\u1ea5p ph\u00f4i th\u00f4ng minh, t\u00edch h\u1ee3p Vision System cho robot. X\u1eed l\u00fd linh ki\u1ec7n ph\u1ee9c t\u1ea1p, gi\u1ea3m th\u1eddi gian chuy\u1ec3n \u0111\u1ed5i\" \/>\n<meta property=\"og:url\" content=\"https:\/\/swoer.vn\/ko\/manufacturer\/bo-nap-linh-hoat-linh-kien-cho-he-thong-nap\/\" \/>\n<meta property=\"og:site_name\" content=\"Nh\u00e0 s\u1ea3n xu\u1ea5t m\u00e1y c\u1ea5p li\u1ec7u c\u00f4ng nghi\u1ec7p\" \/>\n<meta property=\"og:image\" content=\"https:\/\/swoer.vn\/wp-content\/uploads\/2025\/10\/Bo-nap-linh-hoat-linh-kien-cho-he-thong-nap.png\" \/>\n\t<meta property=\"og:image:width\" content=\"800\" \/>\n\t<meta property=\"og:image:height\" content=\"800\" \/>\n\t<meta property=\"og:image:type\" content=\"image\/png\" \/>\n<meta name=\"twitter:card\" content=\"summary_large_image\" \/>\n<meta name=\"twitter:label1\" content=\"\uc608\uc0c1 \ub418\ub294 \ud310\ub3c5 \uc2dc\uac04\" \/>\n\t<meta name=\"twitter:data1\" content=\"3\ubd84\" \/>\n<script type=\"application\/ld+json\" class=\"yoast-schema-graph\">{\"@context\":\"https:\/\/schema.org\",\"@graph\":[{\"@type\":\"WebPage\",\"@id\":\"https:\/\/swoer.vn\/manufacturer\/bo-nap-linh-hoat-linh-kien-cho-he-thong-nap\/\",\"url\":\"https:\/\/swoer.vn\/manufacturer\/bo-nap-linh-hoat-linh-kien-cho-he-thong-nap\/\",\"name\":\"B\u1ed9 n\u1ea1p linh ho\u1ea1t linh ki\u1ec7n cho h\u1ec7 th\u1ed1ng n\u1ea1p - Nh\u00e0 s\u1ea3n xu\u1ea5t m\u00e1y c\u1ea5p li\u1ec7u c\u00f4ng nghi\u1ec7p\",\"isPartOf\":{\"@id\":\"https:\/\/swoer.vn\/#website\"},\"primaryImageOfPage\":{\"@id\":\"https:\/\/swoer.vn\/manufacturer\/bo-nap-linh-hoat-linh-kien-cho-he-thong-nap\/#primaryimage\"},\"image\":{\"@id\":\"https:\/\/swoer.vn\/manufacturer\/bo-nap-linh-hoat-linh-kien-cho-he-thong-nap\/#primaryimage\"},\"thumbnailUrl\":\"https:\/\/swoer.vn\/wp-content\/uploads\/2025\/10\/Bo-nap-linh-hoat-linh-kien-cho-he-thong-nap.png\",\"datePublished\":\"2025-10-02T07:29:58+00:00\",\"description\":\"B\u1ed9 n\u1ea1p linh ho\u1ea1t linh ki\u1ec7n SWOER: Gi\u1ea3i ph\u00e1p c\u1ea5p ph\u00f4i th\u00f4ng minh, t\u00edch h\u1ee3p Vision System cho robot. X\u1eed l\u00fd linh ki\u1ec7n ph\u1ee9c t\u1ea1p, gi\u1ea3m th\u1eddi gian chuy\u1ec3n \u0111\u1ed5i\",\"breadcrumb\":{\"@id\":\"https:\/\/swoer.vn\/manufacturer\/bo-nap-linh-hoat-linh-kien-cho-he-thong-nap\/#breadcrumb\"},\"inLanguage\":\"ko-KR\",\"potentialAction\":[{\"@type\":\"ReadAction\",\"target\":[\"https:\/\/swoer.vn\/manufacturer\/bo-nap-linh-hoat-linh-kien-cho-he-thong-nap\/\"]}]},{\"@type\":\"ImageObject\",\"inLanguage\":\"ko-KR\",\"@id\":\"https:\/\/swoer.vn\/manufacturer\/bo-nap-linh-hoat-linh-kien-cho-he-thong-nap\/#primaryimage\",\"url\":\"https:\/\/swoer.vn\/wp-content\/uploads\/2025\/10\/Bo-nap-linh-hoat-linh-kien-cho-he-thong-nap.png\",\"contentUrl\":\"https:\/\/swoer.vn\/wp-content\/uploads\/2025\/10\/Bo-nap-linh-hoat-linh-kien-cho-he-thong-nap.png\",\"width\":800,\"height\":800,\"caption\":\"Bo\u0323\u0302 na\u0323p linh hoa\u0323t linh kie\u0323\u0302n cho he\u0323\u0302 tho\u0302\u0301ng na\u0323p\"},{\"@type\":\"BreadcrumbList\",\"@id\":\"https:\/\/swoer.vn\/manufacturer\/bo-nap-linh-hoat-linh-kien-cho-he-thong-nap\/#breadcrumb\",\"itemListElement\":[{\"@type\":\"ListItem\",\"position\":1,\"name\":\"Home\",\"item\":\"https:\/\/swoer.vn\/\"},{\"@type\":\"ListItem\",\"position\":2,\"name\":\"S\u1ea3n ph\u1ea9m\",\"item\":\"https:\/\/swoer.vn\/shop\/\"},{\"@type\":\"ListItem\",\"position\":3,\"name\":\"B\u1ed9 n\u1ea1p linh ho\u1ea1t linh ki\u1ec7n cho h\u1ec7 th\u1ed1ng n\u1ea1p\"}]},{\"@type\":\"WebSite\",\"@id\":\"https:\/\/swoer.vn\/#website\",\"url\":\"https:\/\/swoer.vn\/\",\"name\":\"Nh\u00e0 s\u1ea3n xu\u1ea5t m\u00e1y c\u1ea5p li\u1ec7u c\u00f4ng nghi\u1ec7p\",\"description\":\"Nh\u00e0 cung c\u1ea5p robot, m\u00e1y c\u1ea5p li\u1ec7u linh ho\u1ea1t, m\u00e1y c\u1ea5p li\u1ec7u ly t\u00e2m, m\u00e1y c\u1ea5p li\u1ec7u rung t\u1ef1 \u0111\u1ed9ng\",\"potentialAction\":[{\"@type\":\"SearchAction\",\"target\":{\"@type\":\"EntryPoint\",\"urlTemplate\":\"https:\/\/swoer.vn\/?s={search_term_string}\"},\"query-input\":{\"@type\":\"PropertyValueSpecification\",\"valueRequired\":true,\"valueName\":\"search_term_string\"}}],\"inLanguage\":\"ko-KR\"}]}<\/script>\n<!-- \/ Yoast SEO plugin. -->","yoast_head_json":{"title":"B\u1ed9 n\u1ea1p linh ho\u1ea1t linh ki\u1ec7n cho h\u1ec7 th\u1ed1ng n\u1ea1p - Nh\u00e0 s\u1ea3n xu\u1ea5t m\u00e1y c\u1ea5p li\u1ec7u c\u00f4ng nghi\u1ec7p","description":"B\u1ed9 n\u1ea1p linh ho\u1ea1t linh ki\u1ec7n SWOER: Gi\u1ea3i ph\u00e1p c\u1ea5p ph\u00f4i th\u00f4ng minh, t\u00edch h\u1ee3p Vision System cho robot. X\u1eed l\u00fd linh ki\u1ec7n ph\u1ee9c t\u1ea1p, gi\u1ea3m th\u1eddi gian chuy\u1ec3n \u0111\u1ed5i","robots":{"index":"index","follow":"follow","max-snippet":"max-snippet:-1","max-image-preview":"max-image-preview:large","max-video-preview":"max-video-preview:-1"},"canonical":"https:\/\/swoer.vn\/ko\/manufacturer\/bo-nap-linh-hoat-linh-kien-cho-he-thong-nap\/","og_locale":"ko_KR","og_type":"article","og_title":"B\u1ed9 n\u1ea1p linh ho\u1ea1t linh ki\u1ec7n cho h\u1ec7 th\u1ed1ng n\u1ea1p - Nh\u00e0 s\u1ea3n xu\u1ea5t m\u00e1y c\u1ea5p li\u1ec7u c\u00f4ng nghi\u1ec7p","og_description":"B\u1ed9 n\u1ea1p linh ho\u1ea1t linh ki\u1ec7n SWOER: Gi\u1ea3i ph\u00e1p c\u1ea5p ph\u00f4i th\u00f4ng minh, t\u00edch h\u1ee3p Vision System cho robot. X\u1eed l\u00fd linh ki\u1ec7n ph\u1ee9c t\u1ea1p, gi\u1ea3m th\u1eddi gian chuy\u1ec3n \u0111\u1ed5i","og_url":"https:\/\/swoer.vn\/ko\/manufacturer\/bo-nap-linh-hoat-linh-kien-cho-he-thong-nap\/","og_site_name":"Nh\u00e0 s\u1ea3n xu\u1ea5t m\u00e1y c\u1ea5p li\u1ec7u c\u00f4ng nghi\u1ec7p","og_image":[{"width":800,"height":800,"url":"https:\/\/swoer.vn\/wp-content\/uploads\/2025\/10\/Bo-nap-linh-hoat-linh-kien-cho-he-thong-nap.png","type":"image\/png"}],"twitter_card":"summary_large_image","twitter_misc":{"\uc608\uc0c1 \ub418\ub294 \ud310\ub3c5 \uc2dc\uac04":"3\ubd84"},"schema":{"@context":"https:\/\/schema.org","@graph":[{"@type":"WebPage","@id":"https:\/\/swoer.vn\/manufacturer\/bo-nap-linh-hoat-linh-kien-cho-he-thong-nap\/","url":"https:\/\/swoer.vn\/manufacturer\/bo-nap-linh-hoat-linh-kien-cho-he-thong-nap\/","name":"B\u1ed9 n\u1ea1p linh ho\u1ea1t linh ki\u1ec7n cho h\u1ec7 th\u1ed1ng n\u1ea1p - Nh\u00e0 s\u1ea3n xu\u1ea5t m\u00e1y c\u1ea5p li\u1ec7u c\u00f4ng nghi\u1ec7p","isPartOf":{"@id":"https:\/\/swoer.vn\/#website"},"primaryImageOfPage":{"@id":"https:\/\/swoer.vn\/manufacturer\/bo-nap-linh-hoat-linh-kien-cho-he-thong-nap\/#primaryimage"},"image":{"@id":"https:\/\/swoer.vn\/manufacturer\/bo-nap-linh-hoat-linh-kien-cho-he-thong-nap\/#primaryimage"},"thumbnailUrl":"https:\/\/swoer.vn\/wp-content\/uploads\/2025\/10\/Bo-nap-linh-hoat-linh-kien-cho-he-thong-nap.png","datePublished":"2025-10-02T07:29:58+00:00","description":"B\u1ed9 n\u1ea1p linh ho\u1ea1t linh ki\u1ec7n SWOER: Gi\u1ea3i ph\u00e1p c\u1ea5p ph\u00f4i th\u00f4ng minh, t\u00edch h\u1ee3p Vision System cho robot. X\u1eed l\u00fd linh ki\u1ec7n ph\u1ee9c t\u1ea1p, gi\u1ea3m th\u1eddi gian chuy\u1ec3n \u0111\u1ed5i","breadcrumb":{"@id":"https:\/\/swoer.vn\/manufacturer\/bo-nap-linh-hoat-linh-kien-cho-he-thong-nap\/#breadcrumb"},"inLanguage":"ko-KR","potentialAction":[{"@type":"ReadAction","target":["https:\/\/swoer.vn\/manufacturer\/bo-nap-linh-hoat-linh-kien-cho-he-thong-nap\/"]}]},{"@type":"ImageObject","inLanguage":"ko-KR","@id":"https:\/\/swoer.vn\/manufacturer\/bo-nap-linh-hoat-linh-kien-cho-he-thong-nap\/#primaryimage","url":"https:\/\/swoer.vn\/wp-content\/uploads\/2025\/10\/Bo-nap-linh-hoat-linh-kien-cho-he-thong-nap.png","contentUrl":"https:\/\/swoer.vn\/wp-content\/uploads\/2025\/10\/Bo-nap-linh-hoat-linh-kien-cho-he-thong-nap.png","width":800,"height":800,"caption":"Bo\u0323\u0302 na\u0323p linh hoa\u0323t linh kie\u0323\u0302n cho he\u0323\u0302 tho\u0302\u0301ng na\u0323p"},{"@type":"BreadcrumbList","@id":"https:\/\/swoer.vn\/manufacturer\/bo-nap-linh-hoat-linh-kien-cho-he-thong-nap\/#breadcrumb","itemListElement":[{"@type":"ListItem","position":1,"name":"Home","item":"https:\/\/swoer.vn\/"},{"@type":"ListItem","position":2,"name":"S\u1ea3n ph\u1ea9m","item":"https:\/\/swoer.vn\/shop\/"},{"@type":"ListItem","position":3,"name":"B\u1ed9 n\u1ea1p linh ho\u1ea1t linh ki\u1ec7n cho h\u1ec7 th\u1ed1ng n\u1ea1p"}]},{"@type":"WebSite","@id":"https:\/\/swoer.vn\/#website","url":"https:\/\/swoer.vn\/","name":"\uc0b0\uc5c5\uc6a9 \ud53c\ub354 \uc81c\uc870\uc5c5\uccb4","description":"\ub85c\ubd07, \ud50c\ub809\uc2dc\ube14 \ud53c\ub354, \uc6d0\uc2ec \ud53c\ub354, \uc790\ub3d9 \uc9c4\ub3d9 \ud53c\ub354 \uacf5\uae09\uc5c5\uccb4","potentialAction":[{"@type":"SearchAction","target":{"@type":"EntryPoint","urlTemplate":"https:\/\/swoer.vn\/?s={search_term_string}"},"query-input":{"@type":"PropertyValueSpecification","valueRequired":true,"valueName":"search_term_string"}}],"inLanguage":"ko-KR"}]}},"_links":{"self":[{"href":"https:\/\/swoer.vn\/ko\/wp-json\/wp\/v2\/product\/4962","targetHints":{"allow":["GET"]}}],"collection":[{"href":"https:\/\/swoer.vn\/ko\/wp-json\/wp\/v2\/product"}],"about":[{"href":"https:\/\/swoer.vn\/ko\/wp-json\/wp\/v2\/types\/product"}],"replies":[{"embeddable":true,"href":"https:\/\/swoer.vn\/ko\/wp-json\/wp\/v2\/comments?post=4962"}],"wp:featuredmedia":[{"embeddable":true,"href":"https:\/\/swoer.vn\/ko\/wp-json\/wp\/v2\/media\/4963"}],"wp:attachment":[{"href":"https:\/\/swoer.vn\/ko\/wp-json\/wp\/v2\/media?parent=4962"}],"wp:term":[{"taxonomy":"product_brand","embeddable":true,"href":"https:\/\/swoer.vn\/ko\/wp-json\/wp\/v2\/product_brand?post=4962"},{"taxonomy":"product_cat","embeddable":true,"href":"https:\/\/swoer.vn\/ko\/wp-json\/wp\/v2\/product_cat?post=4962"},{"taxonomy":"product_tag","embeddable":true,"href":"https:\/\/swoer.vn\/ko\/wp-json\/wp\/v2\/product_tag?post=4962"}],"curies":[{"name":"wp","href":"https:\/\/api.w.org\/{rel}","templated":true}]}}