{"id":4887,"date":"2025-09-30T15:19:21","date_gmt":"2025-09-30T08:19:21","guid":{"rendered":"https:\/\/swoer.vn\/?post_type=product&#038;p=4887"},"modified":"2025-09-30T15:19:22","modified_gmt":"2025-09-30T08:19:22","slug":"may-cap-lieu-bac-thang-hung-vong-chu-o-nhua","status":"publish","type":"product","link":"https:\/\/swoer.vn\/ko\/manufacturer\/may-cap-lieu-bac-thang-hung-vong-chu-o-nhua\/","title":{"rendered":"M\u00e1y c\u1ea5p li\u1ec7u b\u1eadc thang h\u1ee9ng v\u00f2ng ch\u1eef O nh\u1ef1a"},"content":{"rendered":"<h2><span style=\"font-weight: 400;\">\uc81c\ud488 \uc0ac\uc591:<\/span><\/h2>\n<table>\n<thead>\n<tr>\n<th><span style=\"font-weight: 400;\">M\u00e3 s\u1ea3n ph\u1ea9m<\/span><\/th>\n<th><span style=\"font-weight: 400;\">SW-HEC01<\/span><\/th>\n<\/tr>\n<tr>\n<th><span style=\"font-weight: 400;\">\ubcf4\uc7a5\ud558\ub2e4<\/span><\/th>\n<th><span style=\"font-weight: 400;\">1\ub144<\/span><\/th>\n<\/tr>\n<tr>\n<th><span style=\"font-weight: 400;\">\uc7ac\ub8cc<\/span><\/th>\n<th><span style=\"font-weight: 400;\">\uc2a4\ud14c\uc778\ub9ac\uc2a4 \uc2a4\ud2f8<\/span><\/th>\n<\/tr>\n<tr>\n<th><span style=\"font-weight: 400;\">Lead Time<\/span><\/th>\n<th><span style=\"font-weight: 400;\">7 &#8211; 14 ng\u00e0y<\/span><\/th>\n<\/tr>\n<tr>\n<th><span style=\"font-weight: 400;\">Nh\u00e3n hi\u1ec7u<\/span><\/th>\n<th><span style=\"font-weight: 400;\">\uc2a4\uc6cc\uc5b4<\/span><\/th>\n<\/tr>\n<tr>\n<th><span style=\"font-weight: 400;\">After-sales Service<\/span><\/th>\n<th><span style=\"font-weight: 400;\">Online Technical Support<\/span><\/th>\n<\/tr>\n<tr>\n<th><span style=\"font-weight: 400;\">C\u1ea5u tr\u00fac<\/span><\/th>\n<th><span style=\"font-weight: 400;\">B\u0103ng t\u1ea3i \u0111ai<\/span><\/th>\n<\/tr>\n<\/thead>\n<tbody>\n<tr>\n<td><span style=\"font-weight: 400;\">\u0110\u1eb7c t\u00ednh v\u1eadt li\u1ec7u<\/span><\/td>\n<td><span style=\"font-weight: 400;\">Solid<\/span><\/td>\n<\/tr>\n<tr>\n<td><span style=\"font-weight: 400;\">Custom Accessories<\/span><\/td>\n<td><span style=\"font-weight: 400;\">Custom Made<\/span><\/td>\n<\/tr>\n<tr>\n<td><span style=\"font-weight: 400;\">Xu\u1ea5t x\u1ee9<\/span><\/td>\n<td><span style=\"font-weight: 400;\">\uc911\uad6d<\/span><\/td>\n<\/tr>\n<tr>\n<td><span style=\"font-weight: 400;\">Chi\u1ec1u cao n\u00e2ng (m)<\/span><\/td>\n<td><span style=\"font-weight: 400;\">2 &#8211; 4<\/span><\/td>\n<\/tr>\n<tr>\n<td><span style=\"font-weight: 400;\">\u0110i\u1ec7n dung (m3\/h)<\/span><\/td>\n<td><span style=\"font-weight: 400;\">1 &#8211; 4<\/span><\/td>\n<\/tr>\n<tr>\n<td><span style=\"font-weight: 400;\">Ngu\u1ed3n<\/span><\/td>\n<td><span style=\"font-weight: 400;\">220V \/50 ho\u1eb7c 60Hz \/ 750W<\/span><\/td>\n<\/tr>\n<tr>\n<td><span style=\"font-weight: 400;\">Tr\u1ecdng l\u01b0\u1ee3ng (kg)<\/span><\/td>\n<td><span style=\"font-weight: 400;\">300<\/span><\/td>\n<\/tr>\n<\/tbody>\n<\/table>\n<h2><span style=\"font-weight: 400;\">\ud2b9\uc9d5:<\/span><\/h2>\n<ul>\n<li style=\"font-weight: 400;\" aria-level=\"1\"><span style=\"font-weight: 400;\">C\u1ea5u tr\u00fac \u0111\u01a1n gi\u1ea3n, d\u1ec5 l\u1eafp \u0111\u1eb7t v\u00e0 b\u1ea3o tr\u00ec<\/span><\/li>\n<li style=\"font-weight: 400;\" aria-level=\"1\"><span style=\"font-weight: 400;\">M\u1ed9t ph\u1ec5u h\u1ee9ng \u0111\u1ec3 n\u00e2ng, d\u1ec5 l\u00e0m s\u1ea1ch<\/span><\/li>\n<li style=\"font-weight: 400;\" aria-level=\"1\"><span style=\"font-weight: 400;\">\u0110i\u1ec1u khi\u1ec3n t\u1ed1c \u0111\u1ed9 b\u1ed9 bi\u1ebfn t\u1ea7n.<\/span><\/li>\n<li style=\"font-weight: 400;\" aria-level=\"1\"><span style=\"font-weight: 400;\">K\u1ebft c\u1ea5u nh\u1ecf g\u1ecdn v\u1edbi k\u00edch th\u01b0\u1edbc ph\u00f2ng \u00edt h\u01a1n.<\/span><\/li>\n<li style=\"font-weight: 400;\" aria-level=\"1\"><span style=\"font-weight: 400;\">Th\u00e9p nh\u1eb9 c\u00f3 l\u1edbp ph\u1ee7 b\u1ed9t v\u00e0 khung SS-304 l\u00e0 tu\u1ef3 ch\u1ecdn.<\/span><\/li>\n<\/ul>","protected":false},"excerpt":{"rendered":"<p><b>M\u00e1y c\u1ea5p li\u1ec7u b\u1eadc thang h\u1ee9ng v\u00f2ng ch\u1eef O nh\u1ef1a<\/b> c\u1ee7a SWOER l\u00e0 thi\u1ebft b\u1ecb chuy\u00ean d\u1ee5ng, \u0111\u01b0\u1ee3c thi\u1ebft k\u1ebf \u0111\u1ec3 gi\u1ea3i quy\u1ebft tri\u1ec7t \u0111\u1ec3 th\u00e1ch th\u1ee9c trong vi\u1ec7c c\u1ea5p li\u1ec7u c\u00e1c chi ti\u1ebft nh\u1ef1a ho\u1eb7c cao su c\u00f3 h\u00ecnh d\u1ea1ng v\u00f2ng (O-Ring). Kh\u00e1c v\u1edbi c\u00e1c m\u00e1y rung truy\u1ec1n th\u1ed1ng d\u1ec5 g\u00e2y d\u00ednh ho\u1eb7c bi\u1ebfn d\u1ea1ng v\u1eadt li\u1ec7u m\u1ec1m, m\u00e1y s\u1eed d\u1ee5ng <b>c\u01a1 c\u1ea5u b\u1eadc thang (Step Feeder)<\/b>. C\u00e1c v\u00f2ng O-Ring \u0111\u01b0\u1ee3c <b>h\u1ee9ng v\u00e0 n\u00e2ng l\u00ean nh\u1eb9 nh\u00e0ng<\/b> t\u1eebng b\u01b0\u1edbc, \u0111\u1ea3m b\u1ea3o ch\u00fang \u0111\u01b0\u1ee3c t\u00e1ch r\u1eddi ho\u00e0n to\u00e0n v\u00e0 gi\u1eef nguy\u00ean h\u00ecnh d\u1ea1ng. H\u1ec7 th\u1ed1ng n\u00e0y cung c\u1ea5p m\u1ed9t lu\u1ed3ng c\u1ea5p li\u1ec7u li\u00ean t\u1ee5c, \u1ed5n \u0111\u1ecbnh v\u00e0 t\u1ed1c \u0111\u1ed9 cao, lo\u1ea1i b\u1ecf l\u1ed7i k\u1eb9t ph\u00f4i v\u00e0 \u0111\u1ea3m b\u1ea3o r\u1eb1ng c\u00e1c v\u00f2ng O-Ring \u0111\u00e3 s\u1eb5n s\u00e0ng \u0111\u1ec3 l\u1eafp r\u00e1p v\u00e0o c\u00e1c kh\u1edbp n\u1ed1i ho\u1eb7c thi\u1ebft b\u1ecb m\u1ed9t c\u00e1ch ch\u00ednh x\u00e1c nh\u1ea5t.<\/p>","protected":false},"featured_media":4888,"comment_status":"open","ping_status":"closed","template":"","meta":[],"product_brand":[],"product_cat":[37],"product_tag":[163,197,164],"class_list":{"0":"post-4887","1":"product","2":"type-product","3":"status-publish","4":"has-post-thumbnail","6":"product_cat-may-cap-lieu-dang-bac-thang","7":"product_tag-bo-cap-lieu-bac-thang","8":"product_tag-may-cap-lieu-bac-thang","9":"product_tag-step-feeder","11":"first","12":"instock","13":"shipping-taxable","14":"product-type-simple"},"yoast_head":"<!-- This site is optimized with the Yoast SEO plugin v26.0 - https:\/\/yoast.com\/wordpress\/plugins\/seo\/ -->\n<title>M\u00e1y c\u1ea5p li\u1ec7u b\u1eadc thang h\u1ee9ng v\u00f2ng ch\u1eef O nh\u1ef1a - Nh\u00e0 s\u1ea3n xu\u1ea5t m\u00e1y c\u1ea5p li\u1ec7u c\u00f4ng nghi\u1ec7p<\/title>\n<meta name=\"description\" content=\"M\u00e1y c\u1ea5p li\u1ec7u b\u1eadc thang h\u1ee9ng v\u00f2ng ch\u1eef O nh\u1ef1a SWOER: Chuy\u00ean c\u1ea5p li\u1ec7u v\u00f2ng O-Ring nh\u1ef1a\/cao su. Thi\u1ebft k\u1ebf b\u1eadc thang ch\u1ed1ng d\u00ednh, ng\u0103n ng\u1eeba bi\u1ebfn d\u1ea1ng.\" \/>\n<meta name=\"robots\" content=\"index, follow, max-snippet:-1, max-image-preview:large, max-video-preview:-1\" \/>\n<link rel=\"canonical\" href=\"https:\/\/swoer.vn\/ko\/manufacturer\/may-cap-lieu-bac-thang-hung-vong-chu-o-nhua\/\" \/>\n<meta property=\"og:locale\" content=\"ko_KR\" \/>\n<meta property=\"og:type\" content=\"article\" \/>\n<meta property=\"og:title\" content=\"M\u00e1y c\u1ea5p li\u1ec7u b\u1eadc thang h\u1ee9ng v\u00f2ng ch\u1eef O nh\u1ef1a - Nh\u00e0 s\u1ea3n xu\u1ea5t m\u00e1y c\u1ea5p li\u1ec7u c\u00f4ng nghi\u1ec7p\" \/>\n<meta property=\"og:description\" content=\"M\u00e1y c\u1ea5p li\u1ec7u b\u1eadc thang h\u1ee9ng v\u00f2ng ch\u1eef O nh\u1ef1a SWOER: Chuy\u00ean c\u1ea5p li\u1ec7u v\u00f2ng O-Ring nh\u1ef1a\/cao su. Thi\u1ebft k\u1ebf b\u1eadc thang ch\u1ed1ng d\u00ednh, ng\u0103n ng\u1eeba bi\u1ebfn d\u1ea1ng.\" \/>\n<meta property=\"og:url\" content=\"https:\/\/swoer.vn\/ko\/manufacturer\/may-cap-lieu-bac-thang-hung-vong-chu-o-nhua\/\" \/>\n<meta property=\"og:site_name\" content=\"Nh\u00e0 s\u1ea3n xu\u1ea5t m\u00e1y c\u1ea5p li\u1ec7u c\u00f4ng nghi\u1ec7p\" \/>\n<meta property=\"article:modified_time\" content=\"2025-09-30T08:19:22+00:00\" \/>\n<meta property=\"og:image\" content=\"https:\/\/swoer.vn\/wp-content\/uploads\/2025\/09\/May-cap-lieu-bac-thang-hung-vong-chu-O-nhua.png\" \/>\n\t<meta property=\"og:image:width\" content=\"800\" \/>\n\t<meta property=\"og:image:height\" content=\"800\" \/>\n\t<meta property=\"og:image:type\" content=\"image\/png\" \/>\n<meta name=\"twitter:card\" content=\"summary_large_image\" \/>\n<meta name=\"twitter:label1\" content=\"\uc608\uc0c1 \ub418\ub294 \ud310\ub3c5 \uc2dc\uac04\" \/>\n\t<meta name=\"twitter:data1\" content=\"1\ubd84\" \/>\n<script type=\"application\/ld+json\" class=\"yoast-schema-graph\">{\"@context\":\"https:\/\/schema.org\",\"@graph\":[{\"@type\":\"WebPage\",\"@id\":\"https:\/\/swoer.vn\/manufacturer\/may-cap-lieu-bac-thang-hung-vong-chu-o-nhua\/\",\"url\":\"https:\/\/swoer.vn\/manufacturer\/may-cap-lieu-bac-thang-hung-vong-chu-o-nhua\/\",\"name\":\"M\u00e1y c\u1ea5p li\u1ec7u b\u1eadc thang h\u1ee9ng v\u00f2ng ch\u1eef O nh\u1ef1a - Nh\u00e0 s\u1ea3n xu\u1ea5t m\u00e1y c\u1ea5p li\u1ec7u c\u00f4ng nghi\u1ec7p\",\"isPartOf\":{\"@id\":\"https:\/\/swoer.vn\/#website\"},\"primaryImageOfPage\":{\"@id\":\"https:\/\/swoer.vn\/manufacturer\/may-cap-lieu-bac-thang-hung-vong-chu-o-nhua\/#primaryimage\"},\"image\":{\"@id\":\"https:\/\/swoer.vn\/manufacturer\/may-cap-lieu-bac-thang-hung-vong-chu-o-nhua\/#primaryimage\"},\"thumbnailUrl\":\"https:\/\/swoer.vn\/wp-content\/uploads\/2025\/09\/May-cap-lieu-bac-thang-hung-vong-chu-O-nhua.png\",\"datePublished\":\"2025-09-30T08:19:21+00:00\",\"dateModified\":\"2025-09-30T08:19:22+00:00\",\"description\":\"M\u00e1y c\u1ea5p li\u1ec7u b\u1eadc thang h\u1ee9ng v\u00f2ng ch\u1eef O nh\u1ef1a SWOER: Chuy\u00ean c\u1ea5p li\u1ec7u v\u00f2ng O-Ring nh\u1ef1a\/cao su. Thi\u1ebft k\u1ebf b\u1eadc thang ch\u1ed1ng d\u00ednh, ng\u0103n ng\u1eeba bi\u1ebfn d\u1ea1ng.\",\"breadcrumb\":{\"@id\":\"https:\/\/swoer.vn\/manufacturer\/may-cap-lieu-bac-thang-hung-vong-chu-o-nhua\/#breadcrumb\"},\"inLanguage\":\"ko-KR\",\"potentialAction\":[{\"@type\":\"ReadAction\",\"target\":[\"https:\/\/swoer.vn\/manufacturer\/may-cap-lieu-bac-thang-hung-vong-chu-o-nhua\/\"]}]},{\"@type\":\"ImageObject\",\"inLanguage\":\"ko-KR\",\"@id\":\"https:\/\/swoer.vn\/manufacturer\/may-cap-lieu-bac-thang-hung-vong-chu-o-nhua\/#primaryimage\",\"url\":\"https:\/\/swoer.vn\/wp-content\/uploads\/2025\/09\/May-cap-lieu-bac-thang-hung-vong-chu-O-nhua.png\",\"contentUrl\":\"https:\/\/swoer.vn\/wp-content\/uploads\/2025\/09\/May-cap-lieu-bac-thang-hung-vong-chu-O-nhua.png\",\"width\":800,\"height\":800,\"caption\":\"Ma\u0301y ca\u0302\u0301p lie\u0323\u0302u ba\u0323\u0302c thang hu\u031b\u0301ng vo\u0300ng chu\u031b\u0303 O nhu\u031b\u0323a\"},{\"@type\":\"BreadcrumbList\",\"@id\":\"https:\/\/swoer.vn\/manufacturer\/may-cap-lieu-bac-thang-hung-vong-chu-o-nhua\/#breadcrumb\",\"itemListElement\":[{\"@type\":\"ListItem\",\"position\":1,\"name\":\"Home\",\"item\":\"https:\/\/swoer.vn\/\"},{\"@type\":\"ListItem\",\"position\":2,\"name\":\"S\u1ea3n ph\u1ea9m\",\"item\":\"https:\/\/swoer.vn\/shop\/\"},{\"@type\":\"ListItem\",\"position\":3,\"name\":\"M\u00e1y c\u1ea5p li\u1ec7u b\u1eadc thang h\u1ee9ng v\u00f2ng ch\u1eef O nh\u1ef1a\"}]},{\"@type\":\"WebSite\",\"@id\":\"https:\/\/swoer.vn\/#website\",\"url\":\"https:\/\/swoer.vn\/\",\"name\":\"Nh\u00e0 s\u1ea3n xu\u1ea5t m\u00e1y c\u1ea5p li\u1ec7u c\u00f4ng nghi\u1ec7p\",\"description\":\"Nh\u00e0 cung c\u1ea5p robot, m\u00e1y c\u1ea5p li\u1ec7u linh ho\u1ea1t, m\u00e1y c\u1ea5p li\u1ec7u ly t\u00e2m, m\u00e1y c\u1ea5p li\u1ec7u rung t\u1ef1 \u0111\u1ed9ng\",\"potentialAction\":[{\"@type\":\"SearchAction\",\"target\":{\"@type\":\"EntryPoint\",\"urlTemplate\":\"https:\/\/swoer.vn\/?s={search_term_string}\"},\"query-input\":{\"@type\":\"PropertyValueSpecification\",\"valueRequired\":true,\"valueName\":\"search_term_string\"}}],\"inLanguage\":\"ko-KR\"}]}<\/script>\n<!-- \/ Yoast SEO plugin. -->","yoast_head_json":{"title":"M\u00e1y c\u1ea5p li\u1ec7u b\u1eadc thang h\u1ee9ng v\u00f2ng ch\u1eef O nh\u1ef1a - Nh\u00e0 s\u1ea3n xu\u1ea5t m\u00e1y c\u1ea5p li\u1ec7u c\u00f4ng nghi\u1ec7p","description":"M\u00e1y c\u1ea5p li\u1ec7u b\u1eadc thang h\u1ee9ng v\u00f2ng ch\u1eef O nh\u1ef1a SWOER: Chuy\u00ean c\u1ea5p li\u1ec7u v\u00f2ng O-Ring nh\u1ef1a\/cao su. Thi\u1ebft k\u1ebf b\u1eadc thang ch\u1ed1ng d\u00ednh, ng\u0103n ng\u1eeba bi\u1ebfn d\u1ea1ng.","robots":{"index":"index","follow":"follow","max-snippet":"max-snippet:-1","max-image-preview":"max-image-preview:large","max-video-preview":"max-video-preview:-1"},"canonical":"https:\/\/swoer.vn\/ko\/manufacturer\/may-cap-lieu-bac-thang-hung-vong-chu-o-nhua\/","og_locale":"ko_KR","og_type":"article","og_title":"M\u00e1y c\u1ea5p li\u1ec7u b\u1eadc thang h\u1ee9ng v\u00f2ng ch\u1eef O nh\u1ef1a - Nh\u00e0 s\u1ea3n xu\u1ea5t m\u00e1y c\u1ea5p li\u1ec7u c\u00f4ng nghi\u1ec7p","og_description":"M\u00e1y c\u1ea5p li\u1ec7u b\u1eadc thang h\u1ee9ng v\u00f2ng ch\u1eef O nh\u1ef1a SWOER: Chuy\u00ean c\u1ea5p li\u1ec7u v\u00f2ng O-Ring nh\u1ef1a\/cao su. Thi\u1ebft k\u1ebf b\u1eadc thang ch\u1ed1ng d\u00ednh, ng\u0103n ng\u1eeba bi\u1ebfn d\u1ea1ng.","og_url":"https:\/\/swoer.vn\/ko\/manufacturer\/may-cap-lieu-bac-thang-hung-vong-chu-o-nhua\/","og_site_name":"Nh\u00e0 s\u1ea3n xu\u1ea5t m\u00e1y c\u1ea5p li\u1ec7u c\u00f4ng nghi\u1ec7p","article_modified_time":"2025-09-30T08:19:22+00:00","og_image":[{"width":800,"height":800,"url":"https:\/\/swoer.vn\/wp-content\/uploads\/2025\/09\/May-cap-lieu-bac-thang-hung-vong-chu-O-nhua.png","type":"image\/png"}],"twitter_card":"summary_large_image","twitter_misc":{"\uc608\uc0c1 \ub418\ub294 \ud310\ub3c5 \uc2dc\uac04":"1\ubd84"},"schema":{"@context":"https:\/\/schema.org","@graph":[{"@type":"WebPage","@id":"https:\/\/swoer.vn\/manufacturer\/may-cap-lieu-bac-thang-hung-vong-chu-o-nhua\/","url":"https:\/\/swoer.vn\/manufacturer\/may-cap-lieu-bac-thang-hung-vong-chu-o-nhua\/","name":"M\u00e1y c\u1ea5p li\u1ec7u b\u1eadc thang h\u1ee9ng v\u00f2ng ch\u1eef O nh\u1ef1a - Nh\u00e0 s\u1ea3n xu\u1ea5t m\u00e1y c\u1ea5p li\u1ec7u c\u00f4ng nghi\u1ec7p","isPartOf":{"@id":"https:\/\/swoer.vn\/#website"},"primaryImageOfPage":{"@id":"https:\/\/swoer.vn\/manufacturer\/may-cap-lieu-bac-thang-hung-vong-chu-o-nhua\/#primaryimage"},"image":{"@id":"https:\/\/swoer.vn\/manufacturer\/may-cap-lieu-bac-thang-hung-vong-chu-o-nhua\/#primaryimage"},"thumbnailUrl":"https:\/\/swoer.vn\/wp-content\/uploads\/2025\/09\/May-cap-lieu-bac-thang-hung-vong-chu-O-nhua.png","datePublished":"2025-09-30T08:19:21+00:00","dateModified":"2025-09-30T08:19:22+00:00","description":"M\u00e1y c\u1ea5p li\u1ec7u b\u1eadc thang h\u1ee9ng v\u00f2ng ch\u1eef O nh\u1ef1a SWOER: Chuy\u00ean c\u1ea5p li\u1ec7u v\u00f2ng O-Ring nh\u1ef1a\/cao su. Thi\u1ebft k\u1ebf b\u1eadc thang ch\u1ed1ng d\u00ednh, ng\u0103n ng\u1eeba bi\u1ebfn d\u1ea1ng.","breadcrumb":{"@id":"https:\/\/swoer.vn\/manufacturer\/may-cap-lieu-bac-thang-hung-vong-chu-o-nhua\/#breadcrumb"},"inLanguage":"ko-KR","potentialAction":[{"@type":"ReadAction","target":["https:\/\/swoer.vn\/manufacturer\/may-cap-lieu-bac-thang-hung-vong-chu-o-nhua\/"]}]},{"@type":"ImageObject","inLanguage":"ko-KR","@id":"https:\/\/swoer.vn\/manufacturer\/may-cap-lieu-bac-thang-hung-vong-chu-o-nhua\/#primaryimage","url":"https:\/\/swoer.vn\/wp-content\/uploads\/2025\/09\/May-cap-lieu-bac-thang-hung-vong-chu-O-nhua.png","contentUrl":"https:\/\/swoer.vn\/wp-content\/uploads\/2025\/09\/May-cap-lieu-bac-thang-hung-vong-chu-O-nhua.png","width":800,"height":800,"caption":"Ma\u0301y ca\u0302\u0301p lie\u0323\u0302u ba\u0323\u0302c thang hu\u031b\u0301ng vo\u0300ng chu\u031b\u0303 O nhu\u031b\u0323a"},{"@type":"BreadcrumbList","@id":"https:\/\/swoer.vn\/manufacturer\/may-cap-lieu-bac-thang-hung-vong-chu-o-nhua\/#breadcrumb","itemListElement":[{"@type":"ListItem","position":1,"name":"Home","item":"https:\/\/swoer.vn\/"},{"@type":"ListItem","position":2,"name":"S\u1ea3n ph\u1ea9m","item":"https:\/\/swoer.vn\/shop\/"},{"@type":"ListItem","position":3,"name":"M\u00e1y c\u1ea5p li\u1ec7u b\u1eadc thang h\u1ee9ng v\u00f2ng ch\u1eef O nh\u1ef1a"}]},{"@type":"WebSite","@id":"https:\/\/swoer.vn\/#website","url":"https:\/\/swoer.vn\/","name":"\uc0b0\uc5c5\uc6a9 \ud53c\ub354 \uc81c\uc870\uc5c5\uccb4","description":"\ub85c\ubd07, \ud50c\ub809\uc2dc\ube14 \ud53c\ub354, \uc6d0\uc2ec \ud53c\ub354, \uc790\ub3d9 \uc9c4\ub3d9 \ud53c\ub354 \uacf5\uae09\uc5c5\uccb4","potentialAction":[{"@type":"SearchAction","target":{"@type":"EntryPoint","urlTemplate":"https:\/\/swoer.vn\/?s={search_term_string}"},"query-input":{"@type":"PropertyValueSpecification","valueRequired":true,"valueName":"search_term_string"}}],"inLanguage":"ko-KR"}]}},"_links":{"self":[{"href":"https:\/\/swoer.vn\/ko\/wp-json\/wp\/v2\/product\/4887","targetHints":{"allow":["GET"]}}],"collection":[{"href":"https:\/\/swoer.vn\/ko\/wp-json\/wp\/v2\/product"}],"about":[{"href":"https:\/\/swoer.vn\/ko\/wp-json\/wp\/v2\/types\/product"}],"replies":[{"embeddable":true,"href":"https:\/\/swoer.vn\/ko\/wp-json\/wp\/v2\/comments?post=4887"}],"wp:featuredmedia":[{"embeddable":true,"href":"https:\/\/swoer.vn\/ko\/wp-json\/wp\/v2\/media\/4888"}],"wp:attachment":[{"href":"https:\/\/swoer.vn\/ko\/wp-json\/wp\/v2\/media?parent=4887"}],"wp:term":[{"taxonomy":"product_brand","embeddable":true,"href":"https:\/\/swoer.vn\/ko\/wp-json\/wp\/v2\/product_brand?post=4887"},{"taxonomy":"product_cat","embeddable":true,"href":"https:\/\/swoer.vn\/ko\/wp-json\/wp\/v2\/product_cat?post=4887"},{"taxonomy":"product_tag","embeddable":true,"href":"https:\/\/swoer.vn\/ko\/wp-json\/wp\/v2\/product_tag?post=4887"}],"curies":[{"name":"wp","href":"https:\/\/api.w.org\/{rel}","templated":true}]}}