{"id":4825,"date":"2025-09-27T10:37:50","date_gmt":"2025-09-27T03:37:50","guid":{"rendered":"https:\/\/swoer.vn\/?post_type=product&#038;p=4825"},"modified":"2025-09-27T10:45:49","modified_gmt":"2025-09-27T03:45:49","slug":"may-dan-mang-de-ban","status":"publish","type":"product","link":"https:\/\/swoer.vn\/ko\/manufacturer\/may-dan-mang-de-ban\/","title":{"rendered":"M\u00e1y d\u00e1n m\u00e0ng \u0111\u1ec3 b\u00e0n"},"content":{"rendered":"<h2>\uc81c\ud488 \uc0ac\uc591<\/h2>\n<table>\n<thead>\n<tr>\n<td>\ud2b9\uc131<\/td>\n<td>Chi ti\u1ebft<\/td>\n<\/tr>\n<\/thead>\n<tbody>\n<tr>\n<td><b>Ch\u1ebf \u0111\u1ed9 ho\u1ea1t \u0111\u1ed9ng<\/b><\/td>\n<td>B\u00e1n t\u1ef1 \u0111\u1ed9ng<\/td>\n<\/tr>\n<tr>\n<td><b>\uc785\ub825 \uc804\uc555<\/b><\/td>\n<td>AC-220V<\/td>\n<\/tr>\n<tr>\n<td><b>\uc6a9\ub7c9<\/b><\/td>\n<td>0.3KW<\/td>\n<\/tr>\n<tr>\n<td><b>\ubb34\uac8c<\/b><\/td>\n<td>40KG<\/td>\n<\/tr>\n<tr>\n<td><b>\ud06c\uae30<\/b><\/td>\n<td><span class=\"math-inline\"><span class=\"katex\"><span class=\"katex-html\" aria-hidden=\"true\"><span class=\"base\"><span class=\"mord\">650<\/span><span class=\"mbin\">\u00d7<\/span><\/span><span class=\"base\"><span class=\"mord\">400<\/span><span class=\"mbin\">\u00d7<\/span><\/span><span class=\"base\"><span class=\"mord\">650<\/span><span class=\"mord text\"><span class=\"mord\">\u00a0mm<\/span><\/span><\/span><\/span><\/span><\/span><\/td>\n<\/tr>\n<tr>\n<td><b>V\u1eadt li\u1ec7u ch\u00ednh<\/b><\/td>\n<td>Th\u00e9p, Nh\u00f4m<\/td>\n<\/tr>\n<tr>\n<td><b>Linh ki\u1ec7n c\u1ed1t l\u00f5i<\/b><\/td>\n<td>PLC, \u0110\u1ed9ng c\u01a1<\/td>\n<\/tr>\n<tr>\n<td><b>B\u1ea3ng \u0111i\u1ec1u khi\u1ec3n<\/b><\/td>\n<td>M\u00e0n h\u00ecnh c\u1ea3m \u1ee9ng<\/td>\n<\/tr>\n<tr>\n<td><b>\ub4f1\ub85d \uc0c1\ud45c<\/b><\/td>\n<td>\uc2a4\uc6cc\uc5b4<\/td>\n<\/tr>\n<tr>\n<td><b>Xu\u1ea5t x\u1ee9<\/b><\/td>\n<td>\uc911\uad6d<\/td>\n<\/tr>\n<tr>\n<td><b>T\u00f9y ch\u1ec9nh<\/b><\/td>\n<td>C\u00f3 s\u1eb5n<\/td>\n<\/tr>\n<tr>\n<td><b>\ubcf4\uc7a5\ud558\ub2e4<\/b><\/td>\n<td>1\ub144<\/td>\n<\/tr>\n<\/tbody>\n<\/table>\n<h2>M\u00f4 t\u1ea3<\/h2>\n<p>\u0110\u00e2y l\u00e0 m\u00e1y d\u00e1n nh\u00e3n t\u1ef1 \u0111\u1ed9ng nh\u1ecf g\u1ecdn, c\u00f3 th\u1ec3 \u0111\u1eb7t tr\u00ean b\u00e0n ho\u1eb7c tr\u00ean k\u1ec7. T\u00ednh n\u0103ng c\u1ed1t l\u00f5i c\u1ee7a m\u00e1y l\u00e0 s\u1ef1 k\u1ebft h\u1ee3p c\u1ee7a hai c\u00f4ng ngh\u1ec7 d\u00e1n nh\u00e3n kh\u00e1c nhau trong m\u1ed9t m\u00e1y:<\/p>\n<ol>\n<li>In tampon: th\u01b0\u1eddng \u0111\u01b0\u1ee3c g\u1ecdi l\u00e0 ph\u01b0\u01a1ng ph\u00e1p &#8220;nh\u1eb7t v\u00e0 d\u00e1n&#8221;. M\u00e1y s\u1eed d\u1ee5ng \u0111\u1ea7u h\u00fat (ho\u1eb7c \u0111\u1ea7u d\u00e1n nh\u00e3n) \u0111\u1ec3 l\u1ea5y nh\u00e3n t\u1eeb gi\u1ea5y l\u00f3t nh\u00e3n, sau \u0111\u00f3 di chuy\u1ec3n v\u00e0 d\u00e1n ch\u00ednh x\u00e1c l\u00ean b\u1ec1 m\u1eb7t s\u1ea3n ph\u1ea9m. Ph\u01b0\u01a1ng ph\u00e1p n\u00e0y ph\u00f9 h\u1ee3p cho c\u00e1c b\u1ec1 m\u1eb7t ph\u1eb3ng ho\u1eb7c cong, ho\u1eb7c c\u00e1c \u1ee9ng d\u1ee5ng y\u00eau c\u1ea7u \u0111\u1ecbnh v\u1ecb ch\u00ednh x\u00e1c.<\/li>\n<li>In cu\u1ed9n: c\u00f2n \u0111\u01b0\u1ee3c g\u1ecdi l\u00e0 d\u00e1n nh\u00e3n c\u1ea1o ho\u1eb7c d\u00e1n nh\u00e3n b\u1eb1ng c\u1ecd. \u0110\u1ea7u d\u00e1n nh\u00e3n d\u00e1n nh\u00e3n l\u00ean b\u1ec1 m\u1eb7t s\u1ea3n ph\u1ea9m b\u1eb1ng \u0111\u1ed9ng t\u00e1c l\u0103n (th\u01b0\u1eddng s\u1eed d\u1ee5ng con l\u0103n ho\u1eb7c c\u1ecd), &#8220;l\u0103n&#8221; nh\u00e3n l\u00ean s\u1ea3n ph\u1ea9m nh\u01b0 m\u1ed9t con d\u1ea5u. Ph\u01b0\u01a1ng ph\u00e1p n\u00e0y lo\u1ea1i b\u1ecf hi\u1ec7u qu\u1ea3 kh\u00f4ng kh\u00ed gi\u1eefa nh\u00e3n v\u00e0 s\u1ea3n ph\u1ea9m, \u0111\u1ea3m b\u1ea3o \u0111\u1ed9 li\u00ean k\u1ebft ch\u1eafc ch\u1eafn h\u01a1n. Ph\u01b0\u01a1ng ph\u00e1p n\u00e0y \u0111\u1eb7c bi\u1ec7t ph\u00f9 h\u1ee3p cho c\u00e1c b\u1ec1 m\u1eb7t cong (nh\u01b0 chai v\u00e0 \u1ed1ng) ho\u1eb7c nh\u1eefng b\u1ec1 m\u1eb7t h\u01a1i g\u1ed3 gh\u1ec1.<\/li>\n<\/ol>\n<p>In tampon k\u1ebft h\u1ee3p hai quy tr\u00ecnh n\u00e0y: \u0111\u1ea7u ti\u00ean m\u00e1y s\u1eed d\u1ee5ng &#8220;in tampon&#8221; \u0111\u1ec3 \u0111\u1ecbnh v\u1ecb ch\u00ednh x\u00e1c, sau \u0111\u00f3 &#8220;l\u0103n&#8221; \u0111\u1ec3 \u0111\u1ea1t \u0111\u01b0\u1ee3c \u0111\u1ed9 li\u00ean k\u1ebft ch\u1eafc ch\u1eafn.<\/p>\n<h2>C\u00e1c t\u00ednh n\u0103ng v\u00e0 \u01b0u \u0111i\u1ec3m c\u1ed1t l\u00f5i<\/h2>\n<ul>\n<li>\u0110\u1ed9 ch\u00ednh x\u00e1c v\u00e0 \u1ed5n \u0111\u1ecbnh cao: Ph\u00f9 h\u1ee3p cho c\u00e1c s\u1ea3n ph\u1ea9m y\u00eau c\u1ea7u d\u00e1n nh\u00e3n ch\u00ednh x\u00e1c.<\/li>\n<li>Kh\u1ea3 n\u0103ng \u1ee9ng d\u1ee5ng r\u1ed9ng r\u00e3i: Ph\u00f9 h\u1ee3p cho c\u1ea3 b\u1ec1 m\u1eb7t ph\u1eb3ng l\u1eabn b\u1ec1 m\u1eb7t kh\u00f4ng \u0111\u1ec1u nh\u01b0 b\u1ec1 m\u1eb7t cong v\u00e0 l\u00f5m.<\/li>\n<li>Kh\u00f4ng t\u1ea1o b\u1ecdt kh\u00ed ho\u1eb7c n\u1ebfp nh\u0103n: Quy tr\u00ecnh &#8220;cu\u1ed9n&#8221; lo\u1ea1i b\u1ecf hi\u1ec7u qu\u1ea3 c\u00e1c b\u1ecdt kh\u00ed v\u00e0 n\u1ebfp nh\u0103n th\u01b0\u1eddng g\u1eb7p \u1edf ph\u01b0\u01a1ng ph\u00e1p d\u00e1n nh\u00e3n truy\u1ec1n th\u1ed1ng.<\/li>\n<li>Nh\u1ecf g\u1ecdn v\u00e0 linh ho\u1ea1t: Thi\u1ebft k\u1ebf \u0111\u1ec3 b\u00e0n chi\u1ebfm di\u1ec7n t\u00edch nh\u1ecf, d\u1ec5 d\u00e0ng di chuy\u1ec3n v\u00e0 s\u1eed d\u1ee5ng tr\u00ean nhi\u1ec1u d\u00e2y chuy\u1ec1n s\u1ea3n xu\u1ea5t kh\u00e1c nhau.<\/li>\n<li>V\u1eadn h\u00e0nh \u0111\u01a1n gi\u1ea3n: Giao di\u1ec7n th\u00e2n thi\u1ec7n v\u1edbi ng\u01b0\u1eddi d\u00f9ng cho ph\u00e9p d\u1ec5 d\u00e0ng thi\u1ebft l\u1eadp v\u00e0 \u0111i\u1ec1u ch\u1ec9nh c\u00e1c th\u00f4ng s\u1ed1. Vi\u1ec7c thay \u0111\u1ed5i s\u1ea3n ph\u1ea9m th\u01b0\u1eddng ch\u1ec9 c\u1ea7n thay \u0111\u1ed5i thi\u1ebft b\u1ecb c\u1ed1 \u0111\u1ecbnh.<\/li>\n<li>Ti\u1ebft ki\u1ec7m chi ph\u00ed: So v\u1edbi c\u00e1c d\u00e2y chuy\u1ec1n s\u1ea3n xu\u1ea5t l\u1edbn, ho\u00e0n to\u00e0n t\u1ef1 \u0111\u1ed9ng, s\u1ea3n ph\u1ea9m n\u00e0y c\u00f3 gi\u00e1 c\u1ea3 ph\u1ea3i ch\u0103ng h\u01a1n v\u00e0 l\u00fd t\u01b0\u1edfng cho s\u1ea3n xu\u1ea5t quy m\u00f4 v\u1eeba v\u00e0 nh\u1ecf.<\/li>\n<\/ul>","protected":false},"excerpt":{"rendered":"<div id=\"d2e34d8ce3ffc051\" class=\"conversation-container message-actions-hover-boundary ng-star-inserted\">\n<div>\n<div class=\"response-container ng-tns-c1222284846-134 response-container-with-gpi is-mobile ng-star-inserted response-container-has-multiple-responses\">\n<div class=\"presented-response-container ng-tns-c1222284846-134\">\n<div class=\"response-container-content ng-tns-c1222284846-134 is-mobile\">\n<div class=\"response-content ng-tns-c1222284846-134\">\n<div id=\"model-response-message-contentr_d2e34d8ce3ffc051\" class=\"markdown markdown-main-panel enable-updated-hr-color\" dir=\"ltr\">\n<p><b>M\u00e1y d\u00e1n m\u00e0ng \u0111\u1ec3 b\u00e0n<\/b> c\u1ee7a SWOER l\u00e0 thi\u1ebft b\u1ecb l\u00fd t\u01b0\u1edfng cho c\u00e1c c\u01a1 s\u1edf s\u1ea3n xu\u1ea5t quy m\u00f4 nh\u1ecf, ph\u00f2ng th\u00ed nghi\u1ec7m, ho\u1eb7c c\u00e1c doanh nghi\u1ec7p \u0111ang th\u1eed nghi\u1ec7m s\u1ea3n ph\u1ea9m m\u1edbi. \u0110\u01b0\u1ee3c thi\u1ebft k\u1ebf t\u1ed1i \u01b0u v\u1ec1 k\u00edch th\u01b0\u1edbc, m\u00e1y kh\u00f4ng chi\u1ebfm d\u1ee5ng nhi\u1ec1u kh\u00f4ng gian nh\u01b0ng v\u1eabn mang l\u1ea1i hi\u1ec7u su\u1ea5t v\u00e0 ch\u1ea5t l\u01b0\u1ee3ng d\u00e1n m\u00e0ng v\u01b0\u1ee3t tr\u1ed9i. M\u00e1y s\u1eed d\u1ee5ng c\u00f4ng ngh\u1ec7 nhi\u1ec7t ho\u1eb7c c\u1ea3m \u1ee9ng (t\u00f9y phi\u00ean b\u1ea3n) \u0111\u1ec3 t\u1ea1o ra l\u1edbp seal k\u00edn ho\u00e0n h\u1ea3o cho n\u1eafp chai, l\u1ecd. \u0110i\u1ec1u n\u00e0y kh\u00f4ng ch\u1ec9 <b>ng\u0103n ng\u1eeba r\u00f2 r\u1ec9, k\u00e9o d\u00e0i th\u1eddi h\u1ea1n s\u1eed d\u1ee5ng<\/b> m\u00e0 c\u00f2n l\u00e0 b\u1eb1ng ch\u1ee9ng v\u1ec1 t\u00ednh to\u00e0n v\u1eb9n c\u1ee7a s\u1ea3n ph\u1ea9m, gi\u00fap kh\u00e1ch h\u00e0ng y\u00ean t\u00e2m tuy\u1ec7t \u0111\u1ed1i. V\u1edbi thao t\u00e1c \u0111\u01a1n gi\u1ea3n, m\u00e1y d\u00e1n m\u00e0ng \u0111\u1ec3 b\u00e0n l\u00e0 gi\u1ea3i ph\u00e1p n\u00e2ng c\u1ea5p ch\u1ea5t l\u01b0\u1ee3ng \u0111\u00f3ng g\u00f3i nhanh ch\u00f3ng v\u00e0 hi\u1ec7u qu\u1ea3.<\/p>\n<\/div>\n<\/div>\n<\/div>\n<\/div>\n<\/div>\n<\/div>\n<\/div>","protected":false},"featured_media":4826,"comment_status":"open","ping_status":"closed","template":"","meta":[],"product_brand":[],"product_cat":[149,76],"product_tag":[190,191,144],"class_list":{"0":"post-4825","1":"product","2":"type-product","3":"status-publish","4":"has-post-thumbnail","6":"product_cat-may-dan-nhan-tu-dong","7":"product_cat-san-pham-moi","8":"product_tag-may-dan-mang-tu-dong","9":"product_tag-may-dan-nhan-de-ban","10":"product_tag-may-dan-nhan-tu-dong","12":"first","13":"instock","14":"shipping-taxable","15":"product-type-simple"},"yoast_head":"<!-- This site is optimized with the Yoast SEO plugin v26.0 - https:\/\/yoast.com\/wordpress\/plugins\/seo\/ -->\n<title>M\u00e1y d\u00e1n m\u00e0ng \u0111\u1ec3 b\u00e0n - Nh\u00e0 s\u1ea3n xu\u1ea5t m\u00e1y c\u1ea5p li\u1ec7u c\u00f4ng nghi\u1ec7p<\/title>\n<meta name=\"description\" content=\"M\u00e1y d\u00e1n m\u00e0ng \u0111\u1ec3 b\u00e0n SWOER: Gi\u1ea3i ph\u00e1p d\u00e1n m\u00e0ng\/seal n\u1eafp chai l\u1ecd t\u1ef1 \u0111\u1ed9ng, nh\u1ecf g\u1ecdn, l\u00fd t\u01b0\u1edfng cho s\u1ea3n xu\u1ea5t quy m\u00f4 nh\u1ecf v\u00e0 ph\u00f2ng th\u00ed nghi\u1ec7m. \u0110\u1ea3m b\u1ea3o \u0111\u1ed9 k\u00edn\" \/>\n<meta name=\"robots\" content=\"index, follow, max-snippet:-1, max-image-preview:large, max-video-preview:-1\" \/>\n<link rel=\"canonical\" href=\"https:\/\/swoer.vn\/ko\/manufacturer\/may-dan-mang-de-ban\/\" \/>\n<meta property=\"og:locale\" content=\"ko_KR\" \/>\n<meta property=\"og:type\" content=\"article\" \/>\n<meta property=\"og:title\" content=\"M\u00e1y d\u00e1n m\u00e0ng \u0111\u1ec3 b\u00e0n - Nh\u00e0 s\u1ea3n xu\u1ea5t m\u00e1y c\u1ea5p li\u1ec7u c\u00f4ng nghi\u1ec7p\" \/>\n<meta property=\"og:description\" content=\"M\u00e1y d\u00e1n m\u00e0ng \u0111\u1ec3 b\u00e0n SWOER: Gi\u1ea3i ph\u00e1p d\u00e1n m\u00e0ng\/seal n\u1eafp chai l\u1ecd t\u1ef1 \u0111\u1ed9ng, nh\u1ecf g\u1ecdn, l\u00fd t\u01b0\u1edfng cho s\u1ea3n xu\u1ea5t quy m\u00f4 nh\u1ecf v\u00e0 ph\u00f2ng th\u00ed nghi\u1ec7m. \u0110\u1ea3m b\u1ea3o \u0111\u1ed9 k\u00edn\" \/>\n<meta property=\"og:url\" content=\"https:\/\/swoer.vn\/ko\/manufacturer\/may-dan-mang-de-ban\/\" \/>\n<meta property=\"og:site_name\" content=\"Nh\u00e0 s\u1ea3n xu\u1ea5t m\u00e1y c\u1ea5p li\u1ec7u c\u00f4ng nghi\u1ec7p\" \/>\n<meta property=\"article:modified_time\" content=\"2025-09-27T03:45:49+00:00\" \/>\n<meta property=\"og:image\" content=\"https:\/\/swoer.vn\/wp-content\/uploads\/2025\/09\/May-dan-mang-de-ban.png\" \/>\n\t<meta property=\"og:image:width\" content=\"800\" \/>\n\t<meta property=\"og:image:height\" content=\"800\" \/>\n\t<meta property=\"og:image:type\" content=\"image\/png\" \/>\n<meta name=\"twitter:card\" content=\"summary_large_image\" \/>\n<meta name=\"twitter:label1\" content=\"\uc608\uc0c1 \ub418\ub294 \ud310\ub3c5 \uc2dc\uac04\" \/>\n\t<meta name=\"twitter:data1\" content=\"3\ubd84\" \/>\n<script type=\"application\/ld+json\" class=\"yoast-schema-graph\">{\"@context\":\"https:\/\/schema.org\",\"@graph\":[{\"@type\":\"WebPage\",\"@id\":\"https:\/\/swoer.vn\/manufacturer\/may-dan-mang-de-ban\/\",\"url\":\"https:\/\/swoer.vn\/manufacturer\/may-dan-mang-de-ban\/\",\"name\":\"M\u00e1y d\u00e1n m\u00e0ng \u0111\u1ec3 b\u00e0n - Nh\u00e0 s\u1ea3n xu\u1ea5t m\u00e1y c\u1ea5p li\u1ec7u c\u00f4ng nghi\u1ec7p\",\"isPartOf\":{\"@id\":\"https:\/\/swoer.vn\/#website\"},\"primaryImageOfPage\":{\"@id\":\"https:\/\/swoer.vn\/manufacturer\/may-dan-mang-de-ban\/#primaryimage\"},\"image\":{\"@id\":\"https:\/\/swoer.vn\/manufacturer\/may-dan-mang-de-ban\/#primaryimage\"},\"thumbnailUrl\":\"https:\/\/swoer.vn\/wp-content\/uploads\/2025\/09\/May-dan-mang-de-ban.png\",\"datePublished\":\"2025-09-27T03:37:50+00:00\",\"dateModified\":\"2025-09-27T03:45:49+00:00\",\"description\":\"M\u00e1y d\u00e1n m\u00e0ng \u0111\u1ec3 b\u00e0n SWOER: Gi\u1ea3i ph\u00e1p d\u00e1n m\u00e0ng\/seal n\u1eafp chai l\u1ecd t\u1ef1 \u0111\u1ed9ng, nh\u1ecf g\u1ecdn, l\u00fd t\u01b0\u1edfng cho s\u1ea3n xu\u1ea5t quy m\u00f4 nh\u1ecf v\u00e0 ph\u00f2ng th\u00ed nghi\u1ec7m. \u0110\u1ea3m b\u1ea3o \u0111\u1ed9 k\u00edn\",\"breadcrumb\":{\"@id\":\"https:\/\/swoer.vn\/manufacturer\/may-dan-mang-de-ban\/#breadcrumb\"},\"inLanguage\":\"ko-KR\",\"potentialAction\":[{\"@type\":\"ReadAction\",\"target\":[\"https:\/\/swoer.vn\/manufacturer\/may-dan-mang-de-ban\/\"]}]},{\"@type\":\"ImageObject\",\"inLanguage\":\"ko-KR\",\"@id\":\"https:\/\/swoer.vn\/manufacturer\/may-dan-mang-de-ban\/#primaryimage\",\"url\":\"https:\/\/swoer.vn\/wp-content\/uploads\/2025\/09\/May-dan-mang-de-ban.png\",\"contentUrl\":\"https:\/\/swoer.vn\/wp-content\/uploads\/2025\/09\/May-dan-mang-de-ban.png\",\"width\":800,\"height\":800,\"caption\":\"Ma\u0301y da\u0301n ma\u0300ng \u0111e\u0302\u0309 ba\u0300n\"},{\"@type\":\"BreadcrumbList\",\"@id\":\"https:\/\/swoer.vn\/manufacturer\/may-dan-mang-de-ban\/#breadcrumb\",\"itemListElement\":[{\"@type\":\"ListItem\",\"position\":1,\"name\":\"Home\",\"item\":\"https:\/\/swoer.vn\/\"},{\"@type\":\"ListItem\",\"position\":2,\"name\":\"S\u1ea3n ph\u1ea9m\",\"item\":\"https:\/\/swoer.vn\/shop\/\"},{\"@type\":\"ListItem\",\"position\":3,\"name\":\"M\u00e1y d\u00e1n m\u00e0ng \u0111\u1ec3 b\u00e0n\"}]},{\"@type\":\"WebSite\",\"@id\":\"https:\/\/swoer.vn\/#website\",\"url\":\"https:\/\/swoer.vn\/\",\"name\":\"Nh\u00e0 s\u1ea3n xu\u1ea5t m\u00e1y c\u1ea5p li\u1ec7u c\u00f4ng nghi\u1ec7p\",\"description\":\"Nh\u00e0 cung c\u1ea5p robot, m\u00e1y c\u1ea5p li\u1ec7u linh ho\u1ea1t, m\u00e1y c\u1ea5p li\u1ec7u ly t\u00e2m, m\u00e1y c\u1ea5p li\u1ec7u rung t\u1ef1 \u0111\u1ed9ng\",\"potentialAction\":[{\"@type\":\"SearchAction\",\"target\":{\"@type\":\"EntryPoint\",\"urlTemplate\":\"https:\/\/swoer.vn\/?s={search_term_string}\"},\"query-input\":{\"@type\":\"PropertyValueSpecification\",\"valueRequired\":true,\"valueName\":\"search_term_string\"}}],\"inLanguage\":\"ko-KR\"}]}<\/script>\n<!-- \/ Yoast SEO plugin. -->","yoast_head_json":{"title":"M\u00e1y d\u00e1n m\u00e0ng \u0111\u1ec3 b\u00e0n - Nh\u00e0 s\u1ea3n xu\u1ea5t m\u00e1y c\u1ea5p li\u1ec7u c\u00f4ng nghi\u1ec7p","description":"M\u00e1y d\u00e1n m\u00e0ng \u0111\u1ec3 b\u00e0n SWOER: Gi\u1ea3i ph\u00e1p d\u00e1n m\u00e0ng\/seal n\u1eafp chai l\u1ecd t\u1ef1 \u0111\u1ed9ng, nh\u1ecf g\u1ecdn, l\u00fd t\u01b0\u1edfng cho s\u1ea3n xu\u1ea5t quy m\u00f4 nh\u1ecf v\u00e0 ph\u00f2ng th\u00ed nghi\u1ec7m. \u0110\u1ea3m b\u1ea3o \u0111\u1ed9 k\u00edn","robots":{"index":"index","follow":"follow","max-snippet":"max-snippet:-1","max-image-preview":"max-image-preview:large","max-video-preview":"max-video-preview:-1"},"canonical":"https:\/\/swoer.vn\/ko\/manufacturer\/may-dan-mang-de-ban\/","og_locale":"ko_KR","og_type":"article","og_title":"M\u00e1y d\u00e1n m\u00e0ng \u0111\u1ec3 b\u00e0n - Nh\u00e0 s\u1ea3n xu\u1ea5t m\u00e1y c\u1ea5p li\u1ec7u c\u00f4ng nghi\u1ec7p","og_description":"M\u00e1y d\u00e1n m\u00e0ng \u0111\u1ec3 b\u00e0n SWOER: Gi\u1ea3i ph\u00e1p d\u00e1n m\u00e0ng\/seal n\u1eafp chai l\u1ecd t\u1ef1 \u0111\u1ed9ng, nh\u1ecf g\u1ecdn, l\u00fd t\u01b0\u1edfng cho s\u1ea3n xu\u1ea5t quy m\u00f4 nh\u1ecf v\u00e0 ph\u00f2ng th\u00ed nghi\u1ec7m. \u0110\u1ea3m b\u1ea3o \u0111\u1ed9 k\u00edn","og_url":"https:\/\/swoer.vn\/ko\/manufacturer\/may-dan-mang-de-ban\/","og_site_name":"Nh\u00e0 s\u1ea3n xu\u1ea5t m\u00e1y c\u1ea5p li\u1ec7u c\u00f4ng nghi\u1ec7p","article_modified_time":"2025-09-27T03:45:49+00:00","og_image":[{"width":800,"height":800,"url":"https:\/\/swoer.vn\/wp-content\/uploads\/2025\/09\/May-dan-mang-de-ban.png","type":"image\/png"}],"twitter_card":"summary_large_image","twitter_misc":{"\uc608\uc0c1 \ub418\ub294 \ud310\ub3c5 \uc2dc\uac04":"3\ubd84"},"schema":{"@context":"https:\/\/schema.org","@graph":[{"@type":"WebPage","@id":"https:\/\/swoer.vn\/manufacturer\/may-dan-mang-de-ban\/","url":"https:\/\/swoer.vn\/manufacturer\/may-dan-mang-de-ban\/","name":"M\u00e1y d\u00e1n m\u00e0ng \u0111\u1ec3 b\u00e0n - Nh\u00e0 s\u1ea3n xu\u1ea5t m\u00e1y c\u1ea5p li\u1ec7u c\u00f4ng nghi\u1ec7p","isPartOf":{"@id":"https:\/\/swoer.vn\/#website"},"primaryImageOfPage":{"@id":"https:\/\/swoer.vn\/manufacturer\/may-dan-mang-de-ban\/#primaryimage"},"image":{"@id":"https:\/\/swoer.vn\/manufacturer\/may-dan-mang-de-ban\/#primaryimage"},"thumbnailUrl":"https:\/\/swoer.vn\/wp-content\/uploads\/2025\/09\/May-dan-mang-de-ban.png","datePublished":"2025-09-27T03:37:50+00:00","dateModified":"2025-09-27T03:45:49+00:00","description":"M\u00e1y d\u00e1n m\u00e0ng \u0111\u1ec3 b\u00e0n SWOER: Gi\u1ea3i ph\u00e1p d\u00e1n m\u00e0ng\/seal n\u1eafp chai l\u1ecd t\u1ef1 \u0111\u1ed9ng, nh\u1ecf g\u1ecdn, l\u00fd t\u01b0\u1edfng cho s\u1ea3n xu\u1ea5t quy m\u00f4 nh\u1ecf v\u00e0 ph\u00f2ng th\u00ed nghi\u1ec7m. \u0110\u1ea3m b\u1ea3o \u0111\u1ed9 k\u00edn","breadcrumb":{"@id":"https:\/\/swoer.vn\/manufacturer\/may-dan-mang-de-ban\/#breadcrumb"},"inLanguage":"ko-KR","potentialAction":[{"@type":"ReadAction","target":["https:\/\/swoer.vn\/manufacturer\/may-dan-mang-de-ban\/"]}]},{"@type":"ImageObject","inLanguage":"ko-KR","@id":"https:\/\/swoer.vn\/manufacturer\/may-dan-mang-de-ban\/#primaryimage","url":"https:\/\/swoer.vn\/wp-content\/uploads\/2025\/09\/May-dan-mang-de-ban.png","contentUrl":"https:\/\/swoer.vn\/wp-content\/uploads\/2025\/09\/May-dan-mang-de-ban.png","width":800,"height":800,"caption":"Ma\u0301y da\u0301n ma\u0300ng \u0111e\u0302\u0309 ba\u0300n"},{"@type":"BreadcrumbList","@id":"https:\/\/swoer.vn\/manufacturer\/may-dan-mang-de-ban\/#breadcrumb","itemListElement":[{"@type":"ListItem","position":1,"name":"Home","item":"https:\/\/swoer.vn\/"},{"@type":"ListItem","position":2,"name":"S\u1ea3n ph\u1ea9m","item":"https:\/\/swoer.vn\/shop\/"},{"@type":"ListItem","position":3,"name":"M\u00e1y d\u00e1n m\u00e0ng \u0111\u1ec3 b\u00e0n"}]},{"@type":"WebSite","@id":"https:\/\/swoer.vn\/#website","url":"https:\/\/swoer.vn\/","name":"\uc0b0\uc5c5\uc6a9 \ud53c\ub354 \uc81c\uc870\uc5c5\uccb4","description":"\ub85c\ubd07, \ud50c\ub809\uc2dc\ube14 \ud53c\ub354, \uc6d0\uc2ec \ud53c\ub354, \uc790\ub3d9 \uc9c4\ub3d9 \ud53c\ub354 \uacf5\uae09\uc5c5\uccb4","potentialAction":[{"@type":"SearchAction","target":{"@type":"EntryPoint","urlTemplate":"https:\/\/swoer.vn\/?s={search_term_string}"},"query-input":{"@type":"PropertyValueSpecification","valueRequired":true,"valueName":"search_term_string"}}],"inLanguage":"ko-KR"}]}},"_links":{"self":[{"href":"https:\/\/swoer.vn\/ko\/wp-json\/wp\/v2\/product\/4825","targetHints":{"allow":["GET"]}}],"collection":[{"href":"https:\/\/swoer.vn\/ko\/wp-json\/wp\/v2\/product"}],"about":[{"href":"https:\/\/swoer.vn\/ko\/wp-json\/wp\/v2\/types\/product"}],"replies":[{"embeddable":true,"href":"https:\/\/swoer.vn\/ko\/wp-json\/wp\/v2\/comments?post=4825"}],"wp:featuredmedia":[{"embeddable":true,"href":"https:\/\/swoer.vn\/ko\/wp-json\/wp\/v2\/media\/4826"}],"wp:attachment":[{"href":"https:\/\/swoer.vn\/ko\/wp-json\/wp\/v2\/media?parent=4825"}],"wp:term":[{"taxonomy":"product_brand","embeddable":true,"href":"https:\/\/swoer.vn\/ko\/wp-json\/wp\/v2\/product_brand?post=4825"},{"taxonomy":"product_cat","embeddable":true,"href":"https:\/\/swoer.vn\/ko\/wp-json\/wp\/v2\/product_cat?post=4825"},{"taxonomy":"product_tag","embeddable":true,"href":"https:\/\/swoer.vn\/ko\/wp-json\/wp\/v2\/product_tag?post=4825"}],"curies":[{"name":"wp","href":"https:\/\/api.w.org\/{rel}","templated":true}]}}