{"id":4764,"date":"2025-09-25T10:58:20","date_gmt":"2025-09-25T03:58:20","guid":{"rendered":"https:\/\/swoer.vn\/?post_type=product&#038;p=4764"},"modified":"2025-09-25T10:58:20","modified_gmt":"2025-09-25T03:58:20","slug":"may-buoc-cap-nylon-tu-dong","status":"publish","type":"product","link":"https:\/\/swoer.vn\/ko\/manufacturer\/may-buoc-cap-nylon-tu-dong\/","title":{"rendered":"M\u00e1y bu\u1ed9c c\u00e1p nylon t\u1ef1 \u0111\u1ed9ng"},"content":{"rendered":"<h2><span style=\"font-weight: 400;\">\uc81c\ud488 \uc0ac\uc591:<\/span><\/h2>\n<table>\n<tbody>\n<tr>\n<td><span style=\"font-weight: 400;\">\uc785\ub825 \uc804\uc555<\/span><\/td>\n<td><span style=\"font-weight: 400;\">AC-220V<\/span><\/td>\n<\/tr>\n<tr>\n<td><span style=\"font-weight: 400;\">\u00c1p su\u1ea5t kh\u00ed \u0111\u1ea7u v\u00e0o<\/span><\/td>\n<td><span style=\"font-weight: 400;\">0.6MPa<\/span><\/td>\n<\/tr>\n<tr>\n<td><span style=\"font-weight: 400;\">\ubb34\uac8c<\/span><\/td>\n<td><span style=\"font-weight: 400;\">120kg<\/span><\/td>\n<\/tr>\n<tr>\n<td><span style=\"font-weight: 400;\">\uc6a9\ub7c9<\/span><\/td>\n<td><span style=\"font-weight: 400;\">0.6kW<\/span><\/td>\n<\/tr>\n<tr>\n<td><span style=\"font-weight: 400;\">Xu\u1ea5t x\u1ee9<\/span><\/td>\n<td><span style=\"font-weight: 400;\">\uc911\uad6d<\/span><\/td>\n<\/tr>\n<tr>\n<td><span style=\"font-weight: 400;\">\ub4f1\ub85d \uc0c1\ud45c<\/span><\/td>\n<td><span style=\"font-weight: 400;\">\uc2a4\uc6cc\uc5b4<\/span><\/td>\n<\/tr>\n<tr>\n<td><span style=\"font-weight: 400;\">Chi\u1ec1u d\u00e0i d\u00e2y bu\u1ed9c c\u00e1p \u00e1p d\u1ee5ng<\/span><\/td>\n<td><span style=\"font-weight: 400;\">80-150mm<\/span><\/td>\n<\/tr>\n<tr>\n<td><span style=\"font-weight: 400;\">\u0110\u01b0\u1eddng k\u00ednh b\u00f3<\/span><\/td>\n<td><span style=\"font-weight: 400;\">30mm<\/span><\/td>\n<\/tr>\n<tr>\n<td><span style=\"font-weight: 400;\">Chi\u1ec1u r\u1ed9ng d\u00e2y bu\u1ed9c c\u00e1p \u00e1p d\u1ee5ng<\/span><\/td>\n<td><span style=\"font-weight: 400;\">2.5-5.0mm<\/span><\/td>\n<\/tr>\n<tr>\n<td><span style=\"font-weight: 400;\">L\u1ef1c si\u1ebft<\/span><\/td>\n<td><span style=\"font-weight: 400;\">15N<\/span><\/td>\n<\/tr>\n<tr>\n<td><span style=\"font-weight: 400;\">T\u1ed1c \u0111\u1ed9 b\u00f3<\/span><\/td>\n<td><span style=\"font-weight: 400;\">1500 d\u00e2y\/ph\u00fat<\/span><\/td>\n<\/tr>\n<tr>\n<td><span style=\"font-weight: 400;\">B\u1ea3ng \u0111i\u1ec1u khi\u1ec3n<\/span><\/td>\n<td><span style=\"font-weight: 400;\">M\u00e0n h\u00ecnh c\u1ea3m \u1ee9ng<\/span><\/td>\n<\/tr>\n<tr>\n<td><span style=\"font-weight: 400;\">\ud06c\uae30<\/span><\/td>\n<td><span style=\"font-weight: 400;\">1200 * 550 * 800mm<\/span><\/td>\n<\/tr>\n<tr>\n<td><span style=\"font-weight: 400;\">\ubcf4\uc7a5\ud558\ub2e4<\/span><\/td>\n<td><span style=\"font-weight: 400;\">1\ub144<\/span><\/td>\n<\/tr>\n<\/tbody>\n<\/table>\n<h2><span style=\"font-weight: 400;\">\ud2b9\uc9d5:<\/span><\/h2>\n<p><span style=\"font-weight: 400;\">M\u00e1y bu\u1ed9c c\u00e1p nylon t\u1ef1 \u0111\u1ed9ng l\u00e0 m\u1ed9t gi\u1ea3i ph\u00e1p thay th\u1ebf t\u1ef1 \u0111\u1ed9ng cho vi\u1ec7c bu\u1ed9c c\u00e1p th\u1ee7 c\u00f4ng v\u00e0 l\u00e0 m\u1ed9t thi\u1ebft b\u1ecb t\u1ef1 \u0111\u1ed9ng quan tr\u1ecdng cho s\u1ea3n xu\u1ea5t hi\u1ec7u qu\u1ea3, ch\u1ea5t l\u01b0\u1ee3ng cao trong ng\u00e0nh s\u1ea3n xu\u1ea5t hi\u1ec7n \u0111\u1ea1i. M\u00e1y \u0111\u1eb7c bi\u1ec7t ph\u00f9 h\u1ee3p v\u1edbi nhi\u1ec1u ng\u00e0nh c\u00f4ng nghi\u1ec7p, bao g\u1ed3m d\u00e2y \u0111i\u1ec7n \u00f4 t\u00f4, thi\u1ebft b\u1ecb gia d\u1ee5ng, \u0111i\u1ec7n t\u1eed, c\u00e1p d\u1eef li\u1ec7u\/truy\u1ec1n th\u00f4ng v\u00e0 chi\u1ebfu s\u00e1ng. M\u00e1y c\u00f3 kh\u1ea3 n\u0103ng th\u00edch \u1ee9ng cao, chu k\u1ef3 s\u1ea3n xu\u1ea5t nhanh v\u00e0 \u0111\u1ed9 an to\u00e0n v\u01b0\u1ee3t tr\u1ed9i.<\/span><\/p>","protected":false},"excerpt":{"rendered":"<p>Trong ng\u00e0nh s\u1ea3n xu\u1ea5t \u0111i\u1ec7n t\u1eed v\u00e0 thi\u1ebft b\u1ecb \u0111i\u1ec7n, vi\u1ec7c bu\u1ed9c c\u00e1p nylon l\u00e0 m\u1ed9t c\u00f4ng \u0111o\u1ea1n \u0111\u00f2i h\u1ecfi s\u1ef1 t\u1ec9 m\u1ec9 v\u00e0 t\u1ed1c \u0111\u1ed9 cao. <b>M\u00e1y bu\u1ed9c c\u00e1p nylon t\u1ef1 \u0111\u1ed9ng<\/b> c\u1ee7a SWOER l\u00e0 gi\u1ea3i ph\u00e1p chuy\u00ean bi\u1ec7t. M\u00e1y \u0111\u01b0\u1ee3c thi\u1ebft k\u1ebf \u0111\u1ec3 t\u1ef1 \u0111\u1ed9ng h\u00f3a to\u00e0n b\u1ed9 quy tr\u00ecnh n\u00e0y, t\u1eeb c\u1ea5p c\u00e1p, si\u1ebft ch\u1eb7t \u0111\u1ebfn c\u1eaft b\u1ecf ph\u1ea7n th\u1eeba. Gi\u1ea3i ph\u00e1p n\u00e0y gi\u00fap lo\u1ea1i b\u1ecf sai s\u00f3t do con ng\u01b0\u1eddi, \u0111\u1ed3ng th\u1eddi n\u00e2ng cao n\u0103ng su\u1ea5t, \u0111\u1ea3m b\u1ea3o ch\u1ea5t l\u01b0\u1ee3ng s\u1ea3n ph\u1ea9m \u0111\u1ed3ng nh\u1ea5t v\u00e0 t\u1ed1i \u01b0u h\u00f3a chi ph\u00ed s\u1ea3n xu\u1ea5t.<\/p>","protected":false},"featured_media":4765,"comment_status":"open","ping_status":"closed","template":"","meta":[],"product_brand":[],"product_cat":[142],"product_tag":[178,133,140],"class_list":{"0":"post-4764","1":"product","2":"type-product","3":"status-publish","4":"has-post-thumbnail","6":"product_cat-may-lap-rap-tu-dong","7":"product_tag-lap-rap-tu-dong-hoa","8":"product_tag-may-lap-rap","9":"product_tag-may-lap-rap-tu-dong","11":"first","12":"instock","13":"shipping-taxable","14":"product-type-simple"},"yoast_head":"<!-- This site is optimized with the Yoast SEO plugin v26.0 - https:\/\/yoast.com\/wordpress\/plugins\/seo\/ -->\n<title>M\u00e1y bu\u1ed9c c\u00e1p nylon t\u1ef1 \u0111\u1ed9ng - Nh\u00e0 s\u1ea3n xu\u1ea5t m\u00e1y c\u1ea5p li\u1ec7u c\u00f4ng nghi\u1ec7p<\/title>\n<meta name=\"description\" content=\"M\u00e1y bu\u1ed9c c\u00e1p nylon t\u1ef1 \u0111\u1ed9ng SWOER: T\u1ef1 \u0111\u1ed9ng h\u00f3a quy tr\u00ecnh bu\u1ed9c c\u00e1p nylon, n\u00e2ng cao n\u0103ng su\u1ea5t, \u0111\u1ea3m b\u1ea3o \u0111\u1ed9 ch\u00ednh x\u00e1c v\u00e0 ch\u1ea5t l\u01b0\u1ee3ng s\u1ea3n ph\u1ea9m.\" \/>\n<meta name=\"robots\" content=\"index, follow, max-snippet:-1, max-image-preview:large, max-video-preview:-1\" \/>\n<link rel=\"canonical\" href=\"https:\/\/swoer.vn\/ko\/manufacturer\/may-buoc-cap-nylon-tu-dong\/\" \/>\n<meta property=\"og:locale\" content=\"ko_KR\" \/>\n<meta property=\"og:type\" content=\"article\" \/>\n<meta property=\"og:title\" content=\"M\u00e1y bu\u1ed9c c\u00e1p nylon t\u1ef1 \u0111\u1ed9ng - Nh\u00e0 s\u1ea3n xu\u1ea5t m\u00e1y c\u1ea5p li\u1ec7u c\u00f4ng nghi\u1ec7p\" \/>\n<meta property=\"og:description\" content=\"M\u00e1y bu\u1ed9c c\u00e1p nylon t\u1ef1 \u0111\u1ed9ng SWOER: T\u1ef1 \u0111\u1ed9ng h\u00f3a quy tr\u00ecnh bu\u1ed9c c\u00e1p nylon, n\u00e2ng cao n\u0103ng su\u1ea5t, \u0111\u1ea3m b\u1ea3o \u0111\u1ed9 ch\u00ednh x\u00e1c v\u00e0 ch\u1ea5t l\u01b0\u1ee3ng s\u1ea3n ph\u1ea9m.\" \/>\n<meta property=\"og:url\" content=\"https:\/\/swoer.vn\/ko\/manufacturer\/may-buoc-cap-nylon-tu-dong\/\" \/>\n<meta property=\"og:site_name\" content=\"Nh\u00e0 s\u1ea3n xu\u1ea5t m\u00e1y c\u1ea5p li\u1ec7u c\u00f4ng nghi\u1ec7p\" \/>\n<meta property=\"og:image\" content=\"https:\/\/swoer.vn\/wp-content\/uploads\/2025\/09\/May-buoc-cap-nylon-tu-dong-.png\" \/>\n\t<meta property=\"og:image:width\" content=\"800\" \/>\n\t<meta property=\"og:image:height\" content=\"800\" \/>\n\t<meta property=\"og:image:type\" content=\"image\/png\" \/>\n<meta name=\"twitter:card\" content=\"summary_large_image\" \/>\n<meta name=\"twitter:label1\" content=\"\uc608\uc0c1 \ub418\ub294 \ud310\ub3c5 \uc2dc\uac04\" \/>\n\t<meta name=\"twitter:data1\" content=\"2\ubd84\" \/>\n<script type=\"application\/ld+json\" class=\"yoast-schema-graph\">{\"@context\":\"https:\/\/schema.org\",\"@graph\":[{\"@type\":\"WebPage\",\"@id\":\"https:\/\/swoer.vn\/manufacturer\/may-buoc-cap-nylon-tu-dong\/\",\"url\":\"https:\/\/swoer.vn\/manufacturer\/may-buoc-cap-nylon-tu-dong\/\",\"name\":\"M\u00e1y bu\u1ed9c c\u00e1p nylon t\u1ef1 \u0111\u1ed9ng - Nh\u00e0 s\u1ea3n xu\u1ea5t m\u00e1y c\u1ea5p li\u1ec7u c\u00f4ng nghi\u1ec7p\",\"isPartOf\":{\"@id\":\"https:\/\/swoer.vn\/#website\"},\"primaryImageOfPage\":{\"@id\":\"https:\/\/swoer.vn\/manufacturer\/may-buoc-cap-nylon-tu-dong\/#primaryimage\"},\"image\":{\"@id\":\"https:\/\/swoer.vn\/manufacturer\/may-buoc-cap-nylon-tu-dong\/#primaryimage\"},\"thumbnailUrl\":\"https:\/\/swoer.vn\/wp-content\/uploads\/2025\/09\/May-buoc-cap-nylon-tu-dong-.png\",\"datePublished\":\"2025-09-25T03:58:20+00:00\",\"description\":\"M\u00e1y bu\u1ed9c c\u00e1p nylon t\u1ef1 \u0111\u1ed9ng SWOER: T\u1ef1 \u0111\u1ed9ng h\u00f3a quy tr\u00ecnh bu\u1ed9c c\u00e1p nylon, n\u00e2ng cao n\u0103ng su\u1ea5t, \u0111\u1ea3m b\u1ea3o \u0111\u1ed9 ch\u00ednh x\u00e1c v\u00e0 ch\u1ea5t l\u01b0\u1ee3ng s\u1ea3n ph\u1ea9m.\",\"breadcrumb\":{\"@id\":\"https:\/\/swoer.vn\/manufacturer\/may-buoc-cap-nylon-tu-dong\/#breadcrumb\"},\"inLanguage\":\"ko-KR\",\"potentialAction\":[{\"@type\":\"ReadAction\",\"target\":[\"https:\/\/swoer.vn\/manufacturer\/may-buoc-cap-nylon-tu-dong\/\"]}]},{\"@type\":\"ImageObject\",\"inLanguage\":\"ko-KR\",\"@id\":\"https:\/\/swoer.vn\/manufacturer\/may-buoc-cap-nylon-tu-dong\/#primaryimage\",\"url\":\"https:\/\/swoer.vn\/wp-content\/uploads\/2025\/09\/May-buoc-cap-nylon-tu-dong-.png\",\"contentUrl\":\"https:\/\/swoer.vn\/wp-content\/uploads\/2025\/09\/May-buoc-cap-nylon-tu-dong-.png\",\"width\":800,\"height\":800,\"caption\":\"Ma\u0301y buo\u0323\u0302c ca\u0301p nylon tu\u031b\u0323 \u0111o\u0323\u0302ng\"},{\"@type\":\"BreadcrumbList\",\"@id\":\"https:\/\/swoer.vn\/manufacturer\/may-buoc-cap-nylon-tu-dong\/#breadcrumb\",\"itemListElement\":[{\"@type\":\"ListItem\",\"position\":1,\"name\":\"Home\",\"item\":\"https:\/\/swoer.vn\/\"},{\"@type\":\"ListItem\",\"position\":2,\"name\":\"S\u1ea3n ph\u1ea9m\",\"item\":\"https:\/\/swoer.vn\/shop\/\"},{\"@type\":\"ListItem\",\"position\":3,\"name\":\"M\u00e1y bu\u1ed9c c\u00e1p nylon t\u1ef1 \u0111\u1ed9ng\"}]},{\"@type\":\"WebSite\",\"@id\":\"https:\/\/swoer.vn\/#website\",\"url\":\"https:\/\/swoer.vn\/\",\"name\":\"Nh\u00e0 s\u1ea3n xu\u1ea5t m\u00e1y c\u1ea5p li\u1ec7u c\u00f4ng nghi\u1ec7p\",\"description\":\"Nh\u00e0 cung c\u1ea5p robot, m\u00e1y c\u1ea5p li\u1ec7u linh ho\u1ea1t, m\u00e1y c\u1ea5p li\u1ec7u ly t\u00e2m, m\u00e1y c\u1ea5p li\u1ec7u rung t\u1ef1 \u0111\u1ed9ng\",\"potentialAction\":[{\"@type\":\"SearchAction\",\"target\":{\"@type\":\"EntryPoint\",\"urlTemplate\":\"https:\/\/swoer.vn\/?s={search_term_string}\"},\"query-input\":{\"@type\":\"PropertyValueSpecification\",\"valueRequired\":true,\"valueName\":\"search_term_string\"}}],\"inLanguage\":\"ko-KR\"}]}<\/script>\n<!-- \/ Yoast SEO plugin. -->","yoast_head_json":{"title":"M\u00e1y bu\u1ed9c c\u00e1p nylon t\u1ef1 \u0111\u1ed9ng - Nh\u00e0 s\u1ea3n xu\u1ea5t m\u00e1y c\u1ea5p li\u1ec7u c\u00f4ng nghi\u1ec7p","description":"M\u00e1y bu\u1ed9c c\u00e1p nylon t\u1ef1 \u0111\u1ed9ng SWOER: T\u1ef1 \u0111\u1ed9ng h\u00f3a quy tr\u00ecnh bu\u1ed9c c\u00e1p nylon, n\u00e2ng cao n\u0103ng su\u1ea5t, \u0111\u1ea3m b\u1ea3o \u0111\u1ed9 ch\u00ednh x\u00e1c v\u00e0 ch\u1ea5t l\u01b0\u1ee3ng s\u1ea3n ph\u1ea9m.","robots":{"index":"index","follow":"follow","max-snippet":"max-snippet:-1","max-image-preview":"max-image-preview:large","max-video-preview":"max-video-preview:-1"},"canonical":"https:\/\/swoer.vn\/ko\/manufacturer\/may-buoc-cap-nylon-tu-dong\/","og_locale":"ko_KR","og_type":"article","og_title":"M\u00e1y bu\u1ed9c c\u00e1p nylon t\u1ef1 \u0111\u1ed9ng - Nh\u00e0 s\u1ea3n xu\u1ea5t m\u00e1y c\u1ea5p li\u1ec7u c\u00f4ng nghi\u1ec7p","og_description":"M\u00e1y bu\u1ed9c c\u00e1p nylon t\u1ef1 \u0111\u1ed9ng SWOER: T\u1ef1 \u0111\u1ed9ng h\u00f3a quy tr\u00ecnh bu\u1ed9c c\u00e1p nylon, n\u00e2ng cao n\u0103ng su\u1ea5t, \u0111\u1ea3m b\u1ea3o \u0111\u1ed9 ch\u00ednh x\u00e1c v\u00e0 ch\u1ea5t l\u01b0\u1ee3ng s\u1ea3n ph\u1ea9m.","og_url":"https:\/\/swoer.vn\/ko\/manufacturer\/may-buoc-cap-nylon-tu-dong\/","og_site_name":"Nh\u00e0 s\u1ea3n xu\u1ea5t m\u00e1y c\u1ea5p li\u1ec7u c\u00f4ng nghi\u1ec7p","og_image":[{"width":800,"height":800,"url":"https:\/\/swoer.vn\/wp-content\/uploads\/2025\/09\/May-buoc-cap-nylon-tu-dong-.png","type":"image\/png"}],"twitter_card":"summary_large_image","twitter_misc":{"\uc608\uc0c1 \ub418\ub294 \ud310\ub3c5 \uc2dc\uac04":"2\ubd84"},"schema":{"@context":"https:\/\/schema.org","@graph":[{"@type":"WebPage","@id":"https:\/\/swoer.vn\/manufacturer\/may-buoc-cap-nylon-tu-dong\/","url":"https:\/\/swoer.vn\/manufacturer\/may-buoc-cap-nylon-tu-dong\/","name":"M\u00e1y bu\u1ed9c c\u00e1p nylon t\u1ef1 \u0111\u1ed9ng - Nh\u00e0 s\u1ea3n xu\u1ea5t m\u00e1y c\u1ea5p li\u1ec7u c\u00f4ng nghi\u1ec7p","isPartOf":{"@id":"https:\/\/swoer.vn\/#website"},"primaryImageOfPage":{"@id":"https:\/\/swoer.vn\/manufacturer\/may-buoc-cap-nylon-tu-dong\/#primaryimage"},"image":{"@id":"https:\/\/swoer.vn\/manufacturer\/may-buoc-cap-nylon-tu-dong\/#primaryimage"},"thumbnailUrl":"https:\/\/swoer.vn\/wp-content\/uploads\/2025\/09\/May-buoc-cap-nylon-tu-dong-.png","datePublished":"2025-09-25T03:58:20+00:00","description":"M\u00e1y bu\u1ed9c c\u00e1p nylon t\u1ef1 \u0111\u1ed9ng SWOER: T\u1ef1 \u0111\u1ed9ng h\u00f3a quy tr\u00ecnh bu\u1ed9c c\u00e1p nylon, n\u00e2ng cao n\u0103ng su\u1ea5t, \u0111\u1ea3m b\u1ea3o \u0111\u1ed9 ch\u00ednh x\u00e1c v\u00e0 ch\u1ea5t l\u01b0\u1ee3ng s\u1ea3n ph\u1ea9m.","breadcrumb":{"@id":"https:\/\/swoer.vn\/manufacturer\/may-buoc-cap-nylon-tu-dong\/#breadcrumb"},"inLanguage":"ko-KR","potentialAction":[{"@type":"ReadAction","target":["https:\/\/swoer.vn\/manufacturer\/may-buoc-cap-nylon-tu-dong\/"]}]},{"@type":"ImageObject","inLanguage":"ko-KR","@id":"https:\/\/swoer.vn\/manufacturer\/may-buoc-cap-nylon-tu-dong\/#primaryimage","url":"https:\/\/swoer.vn\/wp-content\/uploads\/2025\/09\/May-buoc-cap-nylon-tu-dong-.png","contentUrl":"https:\/\/swoer.vn\/wp-content\/uploads\/2025\/09\/May-buoc-cap-nylon-tu-dong-.png","width":800,"height":800,"caption":"Ma\u0301y buo\u0323\u0302c ca\u0301p nylon tu\u031b\u0323 \u0111o\u0323\u0302ng"},{"@type":"BreadcrumbList","@id":"https:\/\/swoer.vn\/manufacturer\/may-buoc-cap-nylon-tu-dong\/#breadcrumb","itemListElement":[{"@type":"ListItem","position":1,"name":"Home","item":"https:\/\/swoer.vn\/"},{"@type":"ListItem","position":2,"name":"S\u1ea3n ph\u1ea9m","item":"https:\/\/swoer.vn\/shop\/"},{"@type":"ListItem","position":3,"name":"M\u00e1y bu\u1ed9c c\u00e1p nylon t\u1ef1 \u0111\u1ed9ng"}]},{"@type":"WebSite","@id":"https:\/\/swoer.vn\/#website","url":"https:\/\/swoer.vn\/","name":"\uc0b0\uc5c5\uc6a9 \ud53c\ub354 \uc81c\uc870\uc5c5\uccb4","description":"\ub85c\ubd07, \ud50c\ub809\uc2dc\ube14 \ud53c\ub354, \uc6d0\uc2ec \ud53c\ub354, \uc790\ub3d9 \uc9c4\ub3d9 \ud53c\ub354 \uacf5\uae09\uc5c5\uccb4","potentialAction":[{"@type":"SearchAction","target":{"@type":"EntryPoint","urlTemplate":"https:\/\/swoer.vn\/?s={search_term_string}"},"query-input":{"@type":"PropertyValueSpecification","valueRequired":true,"valueName":"search_term_string"}}],"inLanguage":"ko-KR"}]}},"_links":{"self":[{"href":"https:\/\/swoer.vn\/ko\/wp-json\/wp\/v2\/product\/4764","targetHints":{"allow":["GET"]}}],"collection":[{"href":"https:\/\/swoer.vn\/ko\/wp-json\/wp\/v2\/product"}],"about":[{"href":"https:\/\/swoer.vn\/ko\/wp-json\/wp\/v2\/types\/product"}],"replies":[{"embeddable":true,"href":"https:\/\/swoer.vn\/ko\/wp-json\/wp\/v2\/comments?post=4764"}],"wp:featuredmedia":[{"embeddable":true,"href":"https:\/\/swoer.vn\/ko\/wp-json\/wp\/v2\/media\/4765"}],"wp:attachment":[{"href":"https:\/\/swoer.vn\/ko\/wp-json\/wp\/v2\/media?parent=4764"}],"wp:term":[{"taxonomy":"product_brand","embeddable":true,"href":"https:\/\/swoer.vn\/ko\/wp-json\/wp\/v2\/product_brand?post=4764"},{"taxonomy":"product_cat","embeddable":true,"href":"https:\/\/swoer.vn\/ko\/wp-json\/wp\/v2\/product_cat?post=4764"},{"taxonomy":"product_tag","embeddable":true,"href":"https:\/\/swoer.vn\/ko\/wp-json\/wp\/v2\/product_tag?post=4764"}],"curies":[{"name":"wp","href":"https:\/\/api.w.org\/{rel}","templated":true}]}}