{"id":4719,"date":"2025-09-23T15:03:23","date_gmt":"2025-09-23T08:03:23","guid":{"rendered":"https:\/\/swoer.vn\/?post_type=product&#038;p=4719"},"modified":"2025-09-23T15:04:54","modified_gmt":"2025-09-23T08:04:54","slug":"may-lap-rap-dau-noi-servo","status":"publish","type":"product","link":"https:\/\/swoer.vn\/ko\/manufacturer\/may-lap-rap-dau-noi-servo\/","title":{"rendered":"M\u00e1y l\u1eafp r\u00e1p \u0111\u1ea7u n\u1ed1i servo"},"content":{"rendered":"<h2><span style=\"font-weight: 400;\">\uc81c\ud488 \uc0ac\uc591:<\/span><\/h2>\n<table>\n<tbody>\n<tr>\n<td><span style=\"font-weight: 400;\">\uc785\ub825 \uc804\uc555<\/span><\/td>\n<td><span style=\"font-weight: 400;\">AC 220V-240V<\/span><\/td>\n<\/tr>\n<tr>\n<td><span style=\"font-weight: 400;\">\uc6a9\ub7c9<\/span><\/td>\n<td><span style=\"font-weight: 400;\">1 kW<\/span><\/td>\n<\/tr>\n<tr>\n<td><span style=\"font-weight: 400;\">M\u1ee9c \u0111\u1ed9 t\u1ef1 \u0111\u1ed9ng h\u00f3a<\/span><\/td>\n<td><span style=\"font-weight: 400;\">T\u1ef1 \u0111\u1ed9ng<\/span><\/td>\n<\/tr>\n<tr>\n<td><span style=\"font-weight: 400;\">C\u00f4ng su\u1ea5t s\u1ea3n xu\u1ea5t<\/span><\/td>\n<td><span style=\"font-weight: 400;\">1200-1500 s\u1ea3n ph\u1ea9m\/gi\u1edd<\/span><\/td>\n<\/tr>\n<tr>\n<td><span style=\"font-weight: 400;\">Thi\u1ebft b\u1ecb ch\u00ednh<\/span><\/td>\n<td><span style=\"font-weight: 400;\">PLC, Xi lanh, \u0110\u1ed9ng c\u01a1<\/span><\/td>\n<\/tr>\n<tr>\n<td><span style=\"font-weight: 400;\">\ub4f1\ub85d \uc0c1\ud45c<\/span><\/td>\n<td><span style=\"font-weight: 400;\">\uc2a4\uc6cc\uc5b4<\/span><\/td>\n<\/tr>\n<tr>\n<td><span style=\"font-weight: 400;\">Xu\u1ea5t x\u1ee9<\/span><\/td>\n<td><span style=\"font-weight: 400;\">\uc911\uad6d<\/span><\/td>\n<\/tr>\n<tr>\n<td><span style=\"font-weight: 400;\">\uc7ac\ub8cc<\/span><\/td>\n<td><span style=\"font-weight: 400;\">Th\u00e9p, Nh\u00f4m<\/span><\/td>\n<\/tr>\n<tr>\n<td><span style=\"font-weight: 400;\">M\u00e0u khung<\/span><\/td>\n<td><span style=\"font-weight: 400;\">Tr\u1eafng<\/span><\/td>\n<\/tr>\n<tr>\n<td><span style=\"font-weight: 400;\">\u00c1p su\u1ea5t kh\u00ed<\/span><\/td>\n<td><span style=\"font-weight: 400;\">0,5 MPa tr\u1edf l\u00ean<\/span><\/td>\n<\/tr>\n<tr>\n<td><span style=\"font-weight: 400;\">\ud06c\uae30<\/span><\/td>\n<td><span style=\"font-weight: 400;\">2400*700*2100 mm<\/span><\/td>\n<\/tr>\n<tr>\n<td><span style=\"font-weight: 400;\">\ucd5c\uc18c \uc8fc\ubb38 \uc218\ub7c9<\/span><\/td>\n<td><span style=\"font-weight: 400;\">1 \u0111\u01a1n v\u1ecb<\/span><\/td>\n<\/tr>\n<tr>\n<td><span style=\"font-weight: 400;\">\ubb34\uac8c<\/span><\/td>\n<td><span style=\"font-weight: 400;\">800 kg<\/span><\/td>\n<\/tr>\n<tr>\n<td><span style=\"font-weight: 400;\">Bao b\u00ec<\/span><\/td>\n<td><span style=\"font-weight: 400;\">Gi\u1ea5y b\u1ea1c, h\u1ed9p g\u1ed7<\/span><\/td>\n<\/tr>\n<tr>\n<td><span style=\"font-weight: 400;\">Video ki\u1ec3m tra t\u1ea1i nh\u00e0 m\u00e1y<\/span><\/td>\n<td><span style=\"font-weight: 400;\">C\u00f3 s\u1eb5n<\/span><\/td>\n<\/tr>\n<tr>\n<td><span style=\"font-weight: 400;\">D\u1ecbch v\u1ee5 h\u1eadu m\u00e3i<\/span><\/td>\n<td><span style=\"font-weight: 400;\">L\u1eafp \u0111\u1eb7t v\u00e0 v\u1eadn h\u00e0nh t\u1ea1i ch\u1ed7<\/span><\/td>\n<\/tr>\n<tr>\n<td><span style=\"font-weight: 400;\">\ubcf4\uc7a5\ud558\ub2e4<\/span><\/td>\n<td><span style=\"font-weight: 400;\">1\ub144<\/span><\/td>\n<\/tr>\n<\/tbody>\n<\/table>\n<h2><span style=\"font-weight: 400;\">\uc791\ub3d9 \uc6d0\ub9ac:<\/span><\/h2>\n<p><span style=\"font-weight: 400;\">M\u00e1y l\u1eafp r\u00e1p \u0111\u1ea7u n\u1ed1i servo l\u00e0 v\u00ed d\u1ee5 \u0111i\u1ec3n h\u00ecnh v\u1ec1 thi\u1ebft b\u1ecb t\u1ef1 \u0111\u1ed9ng h\u00f3a \u1ee9ng d\u1ee5ng c\u00f4ng ngh\u1ec7 cao trong s\u1ea3n xu\u1ea5t hi\u1ec7n \u0111\u1ea1i cao c\u1ea5p. K\u1ebft h\u1ee3p k\u1ef9 thu\u1eadt c\u01a1 kh\u00ed ch\u00ednh x\u00e1c, c\u00f4ng ngh\u1ec7 \u0111i\u1ec1u khi\u1ec3n servo, th\u1ecb gi\u00e1c m\u00e1y v\u00e0 ph\u1ea7n m\u1ec1m th\u00f4ng minh, ch\u00fang \u0111\u01b0\u1ee3c thi\u1ebft k\u1ebf \u0111\u1ec3 \u0111\u00e1p \u1ee9ng nh\u1eefng y\u00eau c\u1ea7u kh\u1eaft khe v\u1ec1 hi\u1ec7u qu\u1ea3, \u0111\u1ed9 ch\u00ednh x\u00e1c v\u00e0 \u0111\u1ed9 tin c\u1eady trong vi\u1ec7c l\u1eafp r\u00e1p \u0111\u1ea7u n\u1ed1i \u0111i\u1ec7n t\u1eed ch\u00ednh x\u00e1c. Ch\u00fang l\u00e0 th\u00e0nh ph\u1ea7n thi\u1ebft y\u1ebfu c\u1ee7a C\u00f4ng nghi\u1ec7p 4.0 v\u00e0 c\u00e1c nh\u00e0 m\u00e1y th\u00f4ng minh.<\/span><\/p>","protected":false},"excerpt":{"rendered":"<p>Trong ng\u00e0nh s\u1ea3n xu\u1ea5t \u0111i\u1ec7n t\u1eed v\u00e0 robot, vi\u1ec7c l\u1eafp r\u00e1p c\u00e1c \u0111\u1ea7u n\u1ed1i servo \u0111\u00f2i h\u1ecfi s\u1ef1 ch\u00ednh x\u00e1c cao \u0111\u1ec3 \u0111\u1ea3m b\u1ea3o t\u00edn hi\u1ec7u \u1ed5n \u0111\u1ecbnh v\u00e0 hi\u1ec7u su\u1ea5t ho\u1ea1t \u0111\u1ed9ng. <b>M\u00e1y l\u1eafp r\u00e1p \u0111\u1ea7u n\u1ed1i servo<\/b> c\u1ee7a SWOER l\u00e0 gi\u1ea3i ph\u00e1p chuy\u00ean bi\u1ec7t. M\u00e1y \u0111\u01b0\u1ee3c thi\u1ebft k\u1ebf \u0111\u1ec3 t\u1ef1 \u0111\u1ed9ng h\u00f3a to\u00e0n b\u1ed9 quy tr\u00ecnh n\u00e0y. N\u00f3 c\u00f3 kh\u1ea3 n\u0103ng nh\u1eadn di\u1ec7n, \u0111\u1ecbnh v\u1ecb v\u00e0 l\u1eafp r\u00e1p c\u00e1c chi ti\u1ebft nh\u1ecf c\u1ee7a \u0111\u1ea7u n\u1ed1i m\u1ed9t c\u00e1ch ch\u00ednh x\u00e1c. Gi\u1ea3i ph\u00e1p n\u00e0y gi\u00fap lo\u1ea1i b\u1ecf sai s\u00f3t do con ng\u01b0\u1eddi. \u0110\u1ed3ng th\u1eddi, n\u00f3 gi\u00fap n\u00e2ng cao n\u0103ng su\u1ea5t v\u00e0 \u0111\u1ea3m b\u1ea3o ch\u1ea5t l\u01b0\u1ee3ng s\u1ea3n ph\u1ea9m \u0111\u1ed3ng nh\u1ea5t.<\/p>","protected":false},"featured_media":4720,"comment_status":"open","ping_status":"closed","template":"","meta":[],"product_brand":[],"product_cat":[142],"product_tag":[178,133,181,140],"class_list":{"0":"post-4719","1":"product","2":"type-product","3":"status-publish","4":"has-post-thumbnail","6":"product_cat-may-lap-rap-tu-dong","7":"product_tag-lap-rap-tu-dong-hoa","8":"product_tag-may-lap-rap","9":"product_tag-may-lap-rap-dau-noi-servo","10":"product_tag-may-lap-rap-tu-dong","12":"first","13":"instock","14":"shipping-taxable","15":"product-type-simple"},"yoast_head":"<!-- This site is optimized with the Yoast SEO plugin v26.0 - https:\/\/yoast.com\/wordpress\/plugins\/seo\/ -->\n<title>M\u00e1y l\u1eafp r\u00e1p \u0111\u1ea7u n\u1ed1i servo - Nh\u00e0 s\u1ea3n xu\u1ea5t m\u00e1y c\u1ea5p li\u1ec7u c\u00f4ng nghi\u1ec7p<\/title>\n<meta name=\"description\" content=\"M\u00e1y l\u1eafp r\u00e1p \u0111\u1ea7u n\u1ed1i servo SWOER: T\u1ef1 \u0111\u1ed9ng h\u00f3a quy tr\u00ecnh l\u1eafp r\u00e1p \u0111\u1ea7u n\u1ed1i servo. N\u00e2ng cao n\u0103ng su\u1ea5t, \u0111\u1ea3m b\u1ea3o \u0111\u1ed9 ch\u00ednh x\u00e1c v\u00e0 ch\u1ea5t l\u01b0\u1ee3ng s\u1ea3n ph\u1ea9m.\" \/>\n<meta name=\"robots\" content=\"index, follow, max-snippet:-1, max-image-preview:large, max-video-preview:-1\" \/>\n<link rel=\"canonical\" href=\"https:\/\/swoer.vn\/ko\/manufacturer\/may-lap-rap-dau-noi-servo\/\" \/>\n<meta property=\"og:locale\" content=\"ko_KR\" \/>\n<meta property=\"og:type\" content=\"article\" \/>\n<meta property=\"og:title\" content=\"M\u00e1y l\u1eafp r\u00e1p \u0111\u1ea7u n\u1ed1i servo - Nh\u00e0 s\u1ea3n xu\u1ea5t m\u00e1y c\u1ea5p li\u1ec7u c\u00f4ng nghi\u1ec7p\" \/>\n<meta property=\"og:description\" content=\"M\u00e1y l\u1eafp r\u00e1p \u0111\u1ea7u n\u1ed1i servo SWOER: T\u1ef1 \u0111\u1ed9ng h\u00f3a quy tr\u00ecnh l\u1eafp r\u00e1p \u0111\u1ea7u n\u1ed1i servo. N\u00e2ng cao n\u0103ng su\u1ea5t, \u0111\u1ea3m b\u1ea3o \u0111\u1ed9 ch\u00ednh x\u00e1c v\u00e0 ch\u1ea5t l\u01b0\u1ee3ng s\u1ea3n ph\u1ea9m.\" \/>\n<meta property=\"og:url\" content=\"https:\/\/swoer.vn\/ko\/manufacturer\/may-lap-rap-dau-noi-servo\/\" \/>\n<meta property=\"og:site_name\" content=\"Nh\u00e0 s\u1ea3n xu\u1ea5t m\u00e1y c\u1ea5p li\u1ec7u c\u00f4ng nghi\u1ec7p\" \/>\n<meta property=\"article:modified_time\" content=\"2025-09-23T08:04:54+00:00\" \/>\n<meta property=\"og:image\" content=\"https:\/\/swoer.vn\/wp-content\/uploads\/2025\/09\/May-lap-rap-dau-noi-servo-.png\" \/>\n\t<meta property=\"og:image:width\" content=\"800\" \/>\n\t<meta property=\"og:image:height\" content=\"800\" \/>\n\t<meta property=\"og:image:type\" content=\"image\/png\" \/>\n<meta name=\"twitter:card\" content=\"summary_large_image\" \/>\n<meta name=\"twitter:label1\" content=\"\uc608\uc0c1 \ub418\ub294 \ud310\ub3c5 \uc2dc\uac04\" \/>\n\t<meta name=\"twitter:data1\" content=\"2\ubd84\" \/>\n<script type=\"application\/ld+json\" class=\"yoast-schema-graph\">{\"@context\":\"https:\/\/schema.org\",\"@graph\":[{\"@type\":\"WebPage\",\"@id\":\"https:\/\/swoer.vn\/manufacturer\/may-lap-rap-dau-noi-servo\/\",\"url\":\"https:\/\/swoer.vn\/manufacturer\/may-lap-rap-dau-noi-servo\/\",\"name\":\"M\u00e1y l\u1eafp r\u00e1p \u0111\u1ea7u n\u1ed1i servo - Nh\u00e0 s\u1ea3n xu\u1ea5t m\u00e1y c\u1ea5p li\u1ec7u c\u00f4ng nghi\u1ec7p\",\"isPartOf\":{\"@id\":\"https:\/\/swoer.vn\/#website\"},\"primaryImageOfPage\":{\"@id\":\"https:\/\/swoer.vn\/manufacturer\/may-lap-rap-dau-noi-servo\/#primaryimage\"},\"image\":{\"@id\":\"https:\/\/swoer.vn\/manufacturer\/may-lap-rap-dau-noi-servo\/#primaryimage\"},\"thumbnailUrl\":\"https:\/\/swoer.vn\/wp-content\/uploads\/2025\/09\/May-lap-rap-dau-noi-servo-.png\",\"datePublished\":\"2025-09-23T08:03:23+00:00\",\"dateModified\":\"2025-09-23T08:04:54+00:00\",\"description\":\"M\u00e1y l\u1eafp r\u00e1p \u0111\u1ea7u n\u1ed1i servo SWOER: T\u1ef1 \u0111\u1ed9ng h\u00f3a quy tr\u00ecnh l\u1eafp r\u00e1p \u0111\u1ea7u n\u1ed1i servo. N\u00e2ng cao n\u0103ng su\u1ea5t, \u0111\u1ea3m b\u1ea3o \u0111\u1ed9 ch\u00ednh x\u00e1c v\u00e0 ch\u1ea5t l\u01b0\u1ee3ng s\u1ea3n ph\u1ea9m.\",\"breadcrumb\":{\"@id\":\"https:\/\/swoer.vn\/manufacturer\/may-lap-rap-dau-noi-servo\/#breadcrumb\"},\"inLanguage\":\"ko-KR\",\"potentialAction\":[{\"@type\":\"ReadAction\",\"target\":[\"https:\/\/swoer.vn\/manufacturer\/may-lap-rap-dau-noi-servo\/\"]}]},{\"@type\":\"ImageObject\",\"inLanguage\":\"ko-KR\",\"@id\":\"https:\/\/swoer.vn\/manufacturer\/may-lap-rap-dau-noi-servo\/#primaryimage\",\"url\":\"https:\/\/swoer.vn\/wp-content\/uploads\/2025\/09\/May-lap-rap-dau-noi-servo-.png\",\"contentUrl\":\"https:\/\/swoer.vn\/wp-content\/uploads\/2025\/09\/May-lap-rap-dau-noi-servo-.png\",\"width\":800,\"height\":800,\"caption\":\"Ma\u0301y la\u0306\u0301p ra\u0301p \u0111a\u0302\u0300u no\u0302\u0301i servo\"},{\"@type\":\"BreadcrumbList\",\"@id\":\"https:\/\/swoer.vn\/manufacturer\/may-lap-rap-dau-noi-servo\/#breadcrumb\",\"itemListElement\":[{\"@type\":\"ListItem\",\"position\":1,\"name\":\"Home\",\"item\":\"https:\/\/swoer.vn\/\"},{\"@type\":\"ListItem\",\"position\":2,\"name\":\"S\u1ea3n ph\u1ea9m\",\"item\":\"https:\/\/swoer.vn\/shop\/\"},{\"@type\":\"ListItem\",\"position\":3,\"name\":\"M\u00e1y l\u1eafp r\u00e1p \u0111\u1ea7u n\u1ed1i servo\"}]},{\"@type\":\"WebSite\",\"@id\":\"https:\/\/swoer.vn\/#website\",\"url\":\"https:\/\/swoer.vn\/\",\"name\":\"Nh\u00e0 s\u1ea3n xu\u1ea5t m\u00e1y c\u1ea5p li\u1ec7u c\u00f4ng nghi\u1ec7p\",\"description\":\"Nh\u00e0 cung c\u1ea5p robot, m\u00e1y c\u1ea5p li\u1ec7u linh ho\u1ea1t, m\u00e1y c\u1ea5p li\u1ec7u ly t\u00e2m, m\u00e1y c\u1ea5p li\u1ec7u rung t\u1ef1 \u0111\u1ed9ng\",\"potentialAction\":[{\"@type\":\"SearchAction\",\"target\":{\"@type\":\"EntryPoint\",\"urlTemplate\":\"https:\/\/swoer.vn\/?s={search_term_string}\"},\"query-input\":{\"@type\":\"PropertyValueSpecification\",\"valueRequired\":true,\"valueName\":\"search_term_string\"}}],\"inLanguage\":\"ko-KR\"}]}<\/script>\n<!-- \/ Yoast SEO plugin. -->","yoast_head_json":{"title":"M\u00e1y l\u1eafp r\u00e1p \u0111\u1ea7u n\u1ed1i servo - Nh\u00e0 s\u1ea3n xu\u1ea5t m\u00e1y c\u1ea5p li\u1ec7u c\u00f4ng nghi\u1ec7p","description":"M\u00e1y l\u1eafp r\u00e1p \u0111\u1ea7u n\u1ed1i servo SWOER: T\u1ef1 \u0111\u1ed9ng h\u00f3a quy tr\u00ecnh l\u1eafp r\u00e1p \u0111\u1ea7u n\u1ed1i servo. N\u00e2ng cao n\u0103ng su\u1ea5t, \u0111\u1ea3m b\u1ea3o \u0111\u1ed9 ch\u00ednh x\u00e1c v\u00e0 ch\u1ea5t l\u01b0\u1ee3ng s\u1ea3n ph\u1ea9m.","robots":{"index":"index","follow":"follow","max-snippet":"max-snippet:-1","max-image-preview":"max-image-preview:large","max-video-preview":"max-video-preview:-1"},"canonical":"https:\/\/swoer.vn\/ko\/manufacturer\/may-lap-rap-dau-noi-servo\/","og_locale":"ko_KR","og_type":"article","og_title":"M\u00e1y l\u1eafp r\u00e1p \u0111\u1ea7u n\u1ed1i servo - Nh\u00e0 s\u1ea3n xu\u1ea5t m\u00e1y c\u1ea5p li\u1ec7u c\u00f4ng nghi\u1ec7p","og_description":"M\u00e1y l\u1eafp r\u00e1p \u0111\u1ea7u n\u1ed1i servo SWOER: T\u1ef1 \u0111\u1ed9ng h\u00f3a quy tr\u00ecnh l\u1eafp r\u00e1p \u0111\u1ea7u n\u1ed1i servo. N\u00e2ng cao n\u0103ng su\u1ea5t, \u0111\u1ea3m b\u1ea3o \u0111\u1ed9 ch\u00ednh x\u00e1c v\u00e0 ch\u1ea5t l\u01b0\u1ee3ng s\u1ea3n ph\u1ea9m.","og_url":"https:\/\/swoer.vn\/ko\/manufacturer\/may-lap-rap-dau-noi-servo\/","og_site_name":"Nh\u00e0 s\u1ea3n xu\u1ea5t m\u00e1y c\u1ea5p li\u1ec7u c\u00f4ng nghi\u1ec7p","article_modified_time":"2025-09-23T08:04:54+00:00","og_image":[{"width":800,"height":800,"url":"https:\/\/swoer.vn\/wp-content\/uploads\/2025\/09\/May-lap-rap-dau-noi-servo-.png","type":"image\/png"}],"twitter_card":"summary_large_image","twitter_misc":{"\uc608\uc0c1 \ub418\ub294 \ud310\ub3c5 \uc2dc\uac04":"2\ubd84"},"schema":{"@context":"https:\/\/schema.org","@graph":[{"@type":"WebPage","@id":"https:\/\/swoer.vn\/manufacturer\/may-lap-rap-dau-noi-servo\/","url":"https:\/\/swoer.vn\/manufacturer\/may-lap-rap-dau-noi-servo\/","name":"M\u00e1y l\u1eafp r\u00e1p \u0111\u1ea7u n\u1ed1i servo - Nh\u00e0 s\u1ea3n xu\u1ea5t m\u00e1y c\u1ea5p li\u1ec7u c\u00f4ng nghi\u1ec7p","isPartOf":{"@id":"https:\/\/swoer.vn\/#website"},"primaryImageOfPage":{"@id":"https:\/\/swoer.vn\/manufacturer\/may-lap-rap-dau-noi-servo\/#primaryimage"},"image":{"@id":"https:\/\/swoer.vn\/manufacturer\/may-lap-rap-dau-noi-servo\/#primaryimage"},"thumbnailUrl":"https:\/\/swoer.vn\/wp-content\/uploads\/2025\/09\/May-lap-rap-dau-noi-servo-.png","datePublished":"2025-09-23T08:03:23+00:00","dateModified":"2025-09-23T08:04:54+00:00","description":"M\u00e1y l\u1eafp r\u00e1p \u0111\u1ea7u n\u1ed1i servo SWOER: T\u1ef1 \u0111\u1ed9ng h\u00f3a quy tr\u00ecnh l\u1eafp r\u00e1p \u0111\u1ea7u n\u1ed1i servo. N\u00e2ng cao n\u0103ng su\u1ea5t, \u0111\u1ea3m b\u1ea3o \u0111\u1ed9 ch\u00ednh x\u00e1c v\u00e0 ch\u1ea5t l\u01b0\u1ee3ng s\u1ea3n ph\u1ea9m.","breadcrumb":{"@id":"https:\/\/swoer.vn\/manufacturer\/may-lap-rap-dau-noi-servo\/#breadcrumb"},"inLanguage":"ko-KR","potentialAction":[{"@type":"ReadAction","target":["https:\/\/swoer.vn\/manufacturer\/may-lap-rap-dau-noi-servo\/"]}]},{"@type":"ImageObject","inLanguage":"ko-KR","@id":"https:\/\/swoer.vn\/manufacturer\/may-lap-rap-dau-noi-servo\/#primaryimage","url":"https:\/\/swoer.vn\/wp-content\/uploads\/2025\/09\/May-lap-rap-dau-noi-servo-.png","contentUrl":"https:\/\/swoer.vn\/wp-content\/uploads\/2025\/09\/May-lap-rap-dau-noi-servo-.png","width":800,"height":800,"caption":"Ma\u0301y la\u0306\u0301p ra\u0301p \u0111a\u0302\u0300u no\u0302\u0301i servo"},{"@type":"BreadcrumbList","@id":"https:\/\/swoer.vn\/manufacturer\/may-lap-rap-dau-noi-servo\/#breadcrumb","itemListElement":[{"@type":"ListItem","position":1,"name":"Home","item":"https:\/\/swoer.vn\/"},{"@type":"ListItem","position":2,"name":"S\u1ea3n ph\u1ea9m","item":"https:\/\/swoer.vn\/shop\/"},{"@type":"ListItem","position":3,"name":"M\u00e1y l\u1eafp r\u00e1p \u0111\u1ea7u n\u1ed1i servo"}]},{"@type":"WebSite","@id":"https:\/\/swoer.vn\/#website","url":"https:\/\/swoer.vn\/","name":"\uc0b0\uc5c5\uc6a9 \ud53c\ub354 \uc81c\uc870\uc5c5\uccb4","description":"\ub85c\ubd07, \ud50c\ub809\uc2dc\ube14 \ud53c\ub354, \uc6d0\uc2ec \ud53c\ub354, \uc790\ub3d9 \uc9c4\ub3d9 \ud53c\ub354 \uacf5\uae09\uc5c5\uccb4","potentialAction":[{"@type":"SearchAction","target":{"@type":"EntryPoint","urlTemplate":"https:\/\/swoer.vn\/?s={search_term_string}"},"query-input":{"@type":"PropertyValueSpecification","valueRequired":true,"valueName":"search_term_string"}}],"inLanguage":"ko-KR"}]}},"_links":{"self":[{"href":"https:\/\/swoer.vn\/ko\/wp-json\/wp\/v2\/product\/4719","targetHints":{"allow":["GET"]}}],"collection":[{"href":"https:\/\/swoer.vn\/ko\/wp-json\/wp\/v2\/product"}],"about":[{"href":"https:\/\/swoer.vn\/ko\/wp-json\/wp\/v2\/types\/product"}],"replies":[{"embeddable":true,"href":"https:\/\/swoer.vn\/ko\/wp-json\/wp\/v2\/comments?post=4719"}],"wp:featuredmedia":[{"embeddable":true,"href":"https:\/\/swoer.vn\/ko\/wp-json\/wp\/v2\/media\/4720"}],"wp:attachment":[{"href":"https:\/\/swoer.vn\/ko\/wp-json\/wp\/v2\/media?parent=4719"}],"wp:term":[{"taxonomy":"product_brand","embeddable":true,"href":"https:\/\/swoer.vn\/ko\/wp-json\/wp\/v2\/product_brand?post=4719"},{"taxonomy":"product_cat","embeddable":true,"href":"https:\/\/swoer.vn\/ko\/wp-json\/wp\/v2\/product_cat?post=4719"},{"taxonomy":"product_tag","embeddable":true,"href":"https:\/\/swoer.vn\/ko\/wp-json\/wp\/v2\/product_tag?post=4719"}],"curies":[{"name":"wp","href":"https:\/\/api.w.org\/{rel}","templated":true}]}}