{"id":4655,"date":"2025-09-19T14:46:46","date_gmt":"2025-09-19T07:46:46","guid":{"rendered":"https:\/\/swoer.vn\/?post_type=product&#038;p=4655"},"modified":"2025-09-19T14:50:53","modified_gmt":"2025-09-19T07:50:53","slug":"may-lap-rap-tu-dong-vong-xop","status":"publish","type":"product","link":"https:\/\/swoer.vn\/ko\/manufacturer\/may-lap-rap-tu-dong-vong-xop\/","title":{"rendered":"M\u00e1y l\u1eafp r\u00e1p t\u1ef1 \u0111\u1ed9ng v\u00f2ng x\u1ed1p"},"content":{"rendered":"<h2><span style=\"font-weight: 400;\">\uc81c\ud488 \uc0ac\uc591:<\/span><\/h2>\n<table>\n<tbody>\n<tr>\n<td><span style=\"font-weight: 400;\">M\u00e3 s\u1ea3n ph\u1ea9m<\/span><\/td>\n<td><span style=\"font-weight: 400;\">Sponge Ring Automatic Assembly Machine<\/span><\/td>\n<\/tr>\n<tr>\n<td><span style=\"font-weight: 400;\">S\u1ea3n xu\u1ea5t<\/span><\/td>\n<td><span style=\"font-weight: 400;\">Li\u00ean t\u1ee5c<\/span><\/td>\n<\/tr>\n<tr>\n<td><span style=\"font-weight: 400;\">T\u1ef1 \u0111\u1ed9ng ho\u00e1<\/span><\/td>\n<td><span style=\"font-weight: 400;\">Automation<\/span><\/td>\n<\/tr>\n<tr>\n<td><span style=\"font-weight: 400;\">Lead Time<\/span><\/td>\n<td><span style=\"font-weight: 400;\">Within 30 days<\/span><\/td>\n<\/tr>\n<tr>\n<td><span style=\"font-weight: 400;\">Transmission Type<\/span><\/td>\n<td><span style=\"font-weight: 400;\">Flexible<\/span><\/td>\n<\/tr>\n<tr>\n<td><span style=\"font-weight: 400;\">Certification<\/span><\/td>\n<td><span style=\"font-weight: 400;\">CE<\/span><\/td>\n<\/tr>\n<tr>\n<td><span style=\"font-weight: 400;\">Rhythm<\/span><\/td>\n<td><span style=\"font-weight: 400;\">Flow Production Line<\/span><\/td>\n<\/tr>\n<tr>\n<td><span style=\"font-weight: 400;\">Nh\u00e3n hi\u1ec7u<\/span><\/td>\n<td><span style=\"font-weight: 400;\">\uc2a4\uc6cc\uc5b4<\/span><\/td>\n<\/tr>\n<tr>\n<td><span style=\"font-weight: 400;\">\ub9e4\uac1c\ubcc0\uc218<\/span><\/td>\n<td><span style=\"font-weight: 400;\">2200 * 960 * 750 (mm)<\/span><\/td>\n<\/tr>\n<tr>\n<td><span style=\"font-weight: 400;\">After-sales Service<\/span><\/td>\n<td><span style=\"font-weight: 400;\">1\ub144<\/span><\/td>\n<\/tr>\n<tr>\n<td><span style=\"font-weight: 400;\">Warranty<\/span><\/td>\n<td><span style=\"font-weight: 400;\">1\ub144<\/span><\/td>\n<\/tr>\n<tr>\n<td><span style=\"font-weight: 400;\">Automatic Production Line<\/span><\/td>\n<td><span style=\"font-weight: 400;\">Customized<\/span><\/td>\n<\/tr>\n<tr>\n<td><span style=\"font-weight: 400;\">Production Scope<\/span><\/td>\n<td><span style=\"font-weight: 400;\">Product Line<\/span><\/td>\n<\/tr>\n<tr>\n<td><span style=\"font-weight: 400;\">Xu\u1ea5t x\u1ee9<\/span><\/td>\n<td><span style=\"font-weight: 400;\">\uc911\uad6d<\/span><\/td>\n<\/tr>\n<tr>\n<td><span style=\"font-weight: 400;\">Ngu\u1ed3n c\u1ea5p \u0111i\u1ec7n<\/span><\/td>\n<td><span style=\"font-weight: 400;\">100V &#8211; 500V 50\/60Hz<\/span><\/td>\n<\/tr>\n<tr>\n<td><span style=\"font-weight: 400;\">\u00c1p su\u1ea5t<\/span><\/td>\n<td><span style=\"font-weight: 400;\">&gt; 0.5 MPa<\/span><\/td>\n<\/tr>\n<tr>\n<td><span style=\"font-weight: 400;\">K\u00edch th\u01b0\u1edbc c\u01a1 h\u1ecdc<\/span><\/td>\n<td><span style=\"font-weight: 400;\">1200 * 750 * 1850 (mm)<\/span><\/td>\n<\/tr>\n<tr>\n<td><span style=\"font-weight: 400;\">Dung l\u01b0\u1ee3ng<\/span><\/td>\n<td><span style=\"font-weight: 400;\">1800 M\u00c1Y T\u00cdNH\/H<\/span><\/td>\n<\/tr>\n<tr>\n<td><span style=\"font-weight: 400;\">\uc6a9\ub7c9<\/span><\/td>\n<td><span style=\"font-weight: 400;\">650W<\/span><\/td>\n<\/tr>\n<tr>\n<td><span style=\"font-weight: 400;\">Tr\u1ecdng l\u01b0\u1ee3ng s\u1ea3n ph\u1ea9m<\/span><\/td>\n<td><span style=\"font-weight: 400;\">300kg<\/span><\/td>\n<\/tr>\n<\/tbody>\n<\/table>\n<h2><span style=\"font-weight: 400;\">\uc0ac\uc6a9 \uc124\uba85\uc11c:<\/span><\/h2>\n<ol>\n<li><span style=\"font-weight: 400;\"> M\u00e1y c\u00f3 kh\u1ea3 n\u0103ng t\u1ef1 \u0111\u1ed9ng ti\u1ebfp li\u1ec7u, \u0111\u1ecbnh v\u1ecb t\u1ef1 \u0111\u1ed9ng v\u00e0 l\u1eafp r\u00e1p.<\/span><\/li>\n<li><span style=\"font-weight: 400;\"> T\u00f9y theo y\u00eau c\u1ea7u l\u1eafp r\u00e1p s\u1ea3n ph\u1ea9m, c\u00f3 th\u1ec3 thi\u1ebft l\u1eadp c\u00e1c th\u00f4ng s\u1ed1 v\u00e0 thi\u1ebft b\u1ecb ph\u00e1t hi\u1ec7n ch\u00ednh x\u00e1c theo nhu c\u1ea7u.<\/span><\/li>\n<li><span style=\"font-weight: 400;\"> Nh\u00e2n l\u1ef1c ch\u1ec9 c\u1ea7n b\u1ed5 sung ph\u1ee5 t\u00f9ng v\u00e0 v\u1eadt li\u1ec7u, v\u00e0 m\u00e1y t\u1ef1 \u0111\u1ed9ng ho\u00e0n th\u00e0nh vi\u1ec7c l\u1eafp r\u00e1p m\u1ed7i quy tr\u00ecnh, v\u00e0 m\u00e1y t\u1ef1 \u0111\u1ed9ng c\u1eaft v\u1eadt li\u1ec7u.<\/span><\/li>\n<li><span style=\"font-weight: 400;\"> Thi\u1ebft b\u1ecb c\u00f3 ch\u1ee9c n\u0103ng ph\u00e1t hi\u1ec7n th\u00f4ng minh, t\u00ednh linh ho\u1ea1t v\u00e0 linh ho\u1ea1t cao, v\u00e0 d\u1ec5 d\u00e0ng \u0111\u01b0a thi\u1ebft b\u1ecb v\u00e0o d\u00e2y chuy\u1ec1n s\u1ea3n xu\u1ea5t.<\/span><\/li>\n<li><span style=\"font-weight: 400;\"> Giao di\u1ec7n ng\u01b0\u1eddi d\u00f9ng m\u00e1y, giao di\u1ec7n tr\u1ef1c quan, v\u1eadn h\u00e0nh \u0111\u01a1n gi\u1ea3n v\u00e0 an to\u00e0n.<\/span><\/li>\n<li><span style=\"font-weight: 400;\"> T\u1ea5t c\u1ea3 c\u00e1c tr\u1ea1m l\u00e0m vi\u1ec7c ch\u00ednh c\u1ee7a thi\u1ebft b\u1ecb c\u00f3 th\u1ec3 linh ho\u1ea1t thi\u1ebft l\u1eadp t\u1ed1c \u0111\u1ed9 v\u00e0 s\u1ed1 l\u01b0\u1ee3ng \u0111i\u1ec1u ch\u1ec9nh.<\/span><\/li>\n<li><span style=\"font-weight: 400;\"> T\u1ef1 \u0111\u1ed9ng d\u1eebng, b\u00e1o \u0111\u1ed9ng v\u00e0 hi\u1ec3n th\u1ecb th\u00f4ng tin l\u1ed7i trong tr\u01b0\u1eddng h\u1ee3p h\u1ecfng h\u00f3c, \u0111\u1ec3 ki\u1ec3m tra v\u00e0 kh\u1eafc ph\u1ee5c s\u1ef1 c\u1ed1.<\/span><\/li>\n<li><span style=\"font-weight: 400;\"> Ch\u1ea5t l\u01b0\u1ee3ng l\u00e0 \u0111\u00e1ng tin c\u1eady. C\u00e1c k\u1ef9 s\u01b0 chuy\u00ean nghi\u1ec7p thi\u1ebft k\u1ebf v\u00e0 g\u1ee1 l\u1ed7i t\u1eebng s\u1ea3n ph\u1ea9m v\u00e0 cung c\u1ea5p d\u1ecbch v\u1ee5 sau b\u00e1n h\u00e0ng.<\/span><\/li>\n<\/ol>","protected":false},"excerpt":{"rendered":"<p>Trong c\u00e1c ng\u00e0nh s\u1ea3n xu\u1ea5t c\u1ea7n \u0111\u1ed9 ch\u00ednh x\u00e1c cao nh\u01b0 \u0111i\u1ec7n t\u1eed, c\u01a1 kh\u00ed, hay s\u1ea3n xu\u1ea5t bao b\u00ec, vi\u1ec7c l\u1eafp v\u00f2ng x\u1ed1p v\u00e0o s\u1ea3n ph\u1ea9m c\u00f3 th\u1ec3 t\u1ed1n nhi\u1ec1u th\u1eddi gian. <b>M\u00e1y l\u1eafp r\u00e1p t\u1ef1 \u0111\u1ed9ng v\u00f2ng x\u1ed1p<\/b> c\u1ee7a SWOER l\u00e0 gi\u1ea3i ph\u00e1p t\u1ed1i \u01b0u. N\u00f3 \u0111\u01b0\u1ee3c thi\u1ebft k\u1ebf \u0111\u1ec3 t\u1ef1 \u0111\u1ed9ng h\u00f3a ho\u00e0n to\u00e0n quy tr\u00ecnh n\u00e0y. M\u00e1y c\u00f3 kh\u1ea3 n\u0103ng nh\u1eadn di\u1ec7n, g\u1eafp v\u00e0 l\u1eafp v\u00f2ng x\u1ed1p v\u00e0o v\u1ecb tr\u00ed ch\u00ednh x\u00e1c tr\u00ean s\u1ea3n ph\u1ea9m. N\u00f3 ho\u1ea1t \u0111\u1ed9ng v\u1edbi t\u1ed1c \u0111\u1ed9 cao v\u00e0 \u0111\u1ed9 ch\u00ednh x\u00e1c tuy\u1ec7t \u0111\u1ed1i. Gi\u1ea3i ph\u00e1p n\u00e0y gi\u00fap lo\u1ea1i b\u1ecf ho\u00e0n to\u00e0n sai s\u00f3t do con ng\u01b0\u1eddi, t\u0103ng n\u0103ng su\u1ea5t l\u00ean g\u1ea5p nhi\u1ec1u l\u1ea7n. N\u00f3 \u0111\u1ea3m b\u1ea3o ch\u1ea5t l\u01b0\u1ee3ng s\u1ea3n ph\u1ea9m \u0111\u1ed3ng nh\u1ea5t.<\/p>","protected":false},"featured_media":4656,"comment_status":"open","ping_status":"closed","template":"","meta":[],"product_brand":[],"product_cat":[142],"product_tag":[176,133,140],"class_list":{"0":"post-4655","1":"product","2":"type-product","3":"status-publish","4":"has-post-thumbnail","6":"product_cat-may-lap-rap-tu-dong","7":"product_tag-lap-rap-tu-dong","8":"product_tag-may-lap-rap","9":"product_tag-may-lap-rap-tu-dong","11":"first","12":"instock","13":"shipping-taxable","14":"product-type-simple"},"yoast_head":"<!-- This site is optimized with the Yoast SEO plugin v26.0 - https:\/\/yoast.com\/wordpress\/plugins\/seo\/ -->\n<title>M\u00e1y l\u1eafp r\u00e1p t\u1ef1 \u0111\u1ed9ng v\u00f2ng x\u1ed1p - Nh\u00e0 s\u1ea3n xu\u1ea5t m\u00e1y c\u1ea5p li\u1ec7u c\u00f4ng nghi\u1ec7p<\/title>\n<meta name=\"description\" content=\"M\u00e1y l\u1eafp r\u00e1p t\u1ef1 \u0111\u1ed9ng v\u00f2ng x\u1ed1p SWOER: T\u1ef1 \u0111\u1ed9ng h\u00f3a quy tr\u00ecnh l\u1eafp v\u00f2ng x\u1ed1p. N\u00e2ng cao t\u1ed1c \u0111\u1ed9 v\u00e0 \u0111\u1ed9 ch\u00ednh x\u00e1c, \u0111\u1ea3m b\u1ea3o ch\u1ea5t l\u01b0\u1ee3ng s\u1ea3n ph\u1ea9m \u0111\u1ed3ng nh\u1ea5t.\" \/>\n<meta name=\"robots\" content=\"index, follow, max-snippet:-1, max-image-preview:large, max-video-preview:-1\" \/>\n<link rel=\"canonical\" href=\"https:\/\/swoer.vn\/ko\/manufacturer\/may-lap-rap-tu-dong-vong-xop\/\" \/>\n<meta property=\"og:locale\" content=\"ko_KR\" \/>\n<meta property=\"og:type\" content=\"article\" \/>\n<meta property=\"og:title\" content=\"M\u00e1y l\u1eafp r\u00e1p t\u1ef1 \u0111\u1ed9ng v\u00f2ng x\u1ed1p - Nh\u00e0 s\u1ea3n xu\u1ea5t m\u00e1y c\u1ea5p li\u1ec7u c\u00f4ng nghi\u1ec7p\" \/>\n<meta property=\"og:description\" content=\"M\u00e1y l\u1eafp r\u00e1p t\u1ef1 \u0111\u1ed9ng v\u00f2ng x\u1ed1p SWOER: T\u1ef1 \u0111\u1ed9ng h\u00f3a quy tr\u00ecnh l\u1eafp v\u00f2ng x\u1ed1p. N\u00e2ng cao t\u1ed1c \u0111\u1ed9 v\u00e0 \u0111\u1ed9 ch\u00ednh x\u00e1c, \u0111\u1ea3m b\u1ea3o ch\u1ea5t l\u01b0\u1ee3ng s\u1ea3n ph\u1ea9m \u0111\u1ed3ng nh\u1ea5t.\" \/>\n<meta property=\"og:url\" content=\"https:\/\/swoer.vn\/ko\/manufacturer\/may-lap-rap-tu-dong-vong-xop\/\" \/>\n<meta property=\"og:site_name\" content=\"Nh\u00e0 s\u1ea3n xu\u1ea5t m\u00e1y c\u1ea5p li\u1ec7u c\u00f4ng nghi\u1ec7p\" \/>\n<meta property=\"article:modified_time\" content=\"2025-09-19T07:50:53+00:00\" \/>\n<meta property=\"og:image\" content=\"https:\/\/swoer.vn\/wp-content\/uploads\/2025\/09\/May-lap-rap-tu-dong-vong-xop.png\" \/>\n\t<meta property=\"og:image:width\" content=\"800\" \/>\n\t<meta property=\"og:image:height\" content=\"800\" \/>\n\t<meta property=\"og:image:type\" content=\"image\/png\" \/>\n<meta name=\"twitter:card\" content=\"summary_large_image\" \/>\n<meta name=\"twitter:label1\" content=\"\uc608\uc0c1 \ub418\ub294 \ud310\ub3c5 \uc2dc\uac04\" \/>\n\t<meta name=\"twitter:data1\" content=\"2\ubd84\" \/>\n<script type=\"application\/ld+json\" class=\"yoast-schema-graph\">{\"@context\":\"https:\/\/schema.org\",\"@graph\":[{\"@type\":\"WebPage\",\"@id\":\"https:\/\/swoer.vn\/manufacturer\/may-lap-rap-tu-dong-vong-xop\/\",\"url\":\"https:\/\/swoer.vn\/manufacturer\/may-lap-rap-tu-dong-vong-xop\/\",\"name\":\"M\u00e1y l\u1eafp r\u00e1p t\u1ef1 \u0111\u1ed9ng v\u00f2ng x\u1ed1p - Nh\u00e0 s\u1ea3n xu\u1ea5t m\u00e1y c\u1ea5p li\u1ec7u c\u00f4ng nghi\u1ec7p\",\"isPartOf\":{\"@id\":\"https:\/\/swoer.vn\/#website\"},\"primaryImageOfPage\":{\"@id\":\"https:\/\/swoer.vn\/manufacturer\/may-lap-rap-tu-dong-vong-xop\/#primaryimage\"},\"image\":{\"@id\":\"https:\/\/swoer.vn\/manufacturer\/may-lap-rap-tu-dong-vong-xop\/#primaryimage\"},\"thumbnailUrl\":\"https:\/\/swoer.vn\/wp-content\/uploads\/2025\/09\/May-lap-rap-tu-dong-vong-xop.png\",\"datePublished\":\"2025-09-19T07:46:46+00:00\",\"dateModified\":\"2025-09-19T07:50:53+00:00\",\"description\":\"M\u00e1y l\u1eafp r\u00e1p t\u1ef1 \u0111\u1ed9ng v\u00f2ng x\u1ed1p SWOER: T\u1ef1 \u0111\u1ed9ng h\u00f3a quy tr\u00ecnh l\u1eafp v\u00f2ng x\u1ed1p. N\u00e2ng cao t\u1ed1c \u0111\u1ed9 v\u00e0 \u0111\u1ed9 ch\u00ednh x\u00e1c, \u0111\u1ea3m b\u1ea3o ch\u1ea5t l\u01b0\u1ee3ng s\u1ea3n ph\u1ea9m \u0111\u1ed3ng nh\u1ea5t.\",\"breadcrumb\":{\"@id\":\"https:\/\/swoer.vn\/manufacturer\/may-lap-rap-tu-dong-vong-xop\/#breadcrumb\"},\"inLanguage\":\"ko-KR\",\"potentialAction\":[{\"@type\":\"ReadAction\",\"target\":[\"https:\/\/swoer.vn\/manufacturer\/may-lap-rap-tu-dong-vong-xop\/\"]}]},{\"@type\":\"ImageObject\",\"inLanguage\":\"ko-KR\",\"@id\":\"https:\/\/swoer.vn\/manufacturer\/may-lap-rap-tu-dong-vong-xop\/#primaryimage\",\"url\":\"https:\/\/swoer.vn\/wp-content\/uploads\/2025\/09\/May-lap-rap-tu-dong-vong-xop.png\",\"contentUrl\":\"https:\/\/swoer.vn\/wp-content\/uploads\/2025\/09\/May-lap-rap-tu-dong-vong-xop.png\",\"width\":800,\"height\":800,\"caption\":\"M\u00e1y l\u1eafp r\u00e1p t\u1ef1 \u0111\u1ed9ng v\u00f2ng x\u1ed1p\"},{\"@type\":\"BreadcrumbList\",\"@id\":\"https:\/\/swoer.vn\/manufacturer\/may-lap-rap-tu-dong-vong-xop\/#breadcrumb\",\"itemListElement\":[{\"@type\":\"ListItem\",\"position\":1,\"name\":\"Home\",\"item\":\"https:\/\/swoer.vn\/\"},{\"@type\":\"ListItem\",\"position\":2,\"name\":\"S\u1ea3n ph\u1ea9m\",\"item\":\"https:\/\/swoer.vn\/shop\/\"},{\"@type\":\"ListItem\",\"position\":3,\"name\":\"M\u00e1y l\u1eafp r\u00e1p t\u1ef1 \u0111\u1ed9ng v\u00f2ng x\u1ed1p\"}]},{\"@type\":\"WebSite\",\"@id\":\"https:\/\/swoer.vn\/#website\",\"url\":\"https:\/\/swoer.vn\/\",\"name\":\"Nh\u00e0 s\u1ea3n xu\u1ea5t m\u00e1y c\u1ea5p li\u1ec7u c\u00f4ng nghi\u1ec7p\",\"description\":\"Nh\u00e0 cung c\u1ea5p robot, m\u00e1y c\u1ea5p li\u1ec7u linh ho\u1ea1t, m\u00e1y c\u1ea5p li\u1ec7u ly t\u00e2m, m\u00e1y c\u1ea5p li\u1ec7u rung t\u1ef1 \u0111\u1ed9ng\",\"potentialAction\":[{\"@type\":\"SearchAction\",\"target\":{\"@type\":\"EntryPoint\",\"urlTemplate\":\"https:\/\/swoer.vn\/?s={search_term_string}\"},\"query-input\":{\"@type\":\"PropertyValueSpecification\",\"valueRequired\":true,\"valueName\":\"search_term_string\"}}],\"inLanguage\":\"ko-KR\"}]}<\/script>\n<!-- \/ Yoast SEO plugin. -->","yoast_head_json":{"title":"M\u00e1y l\u1eafp r\u00e1p t\u1ef1 \u0111\u1ed9ng v\u00f2ng x\u1ed1p - Nh\u00e0 s\u1ea3n xu\u1ea5t m\u00e1y c\u1ea5p li\u1ec7u c\u00f4ng nghi\u1ec7p","description":"M\u00e1y l\u1eafp r\u00e1p t\u1ef1 \u0111\u1ed9ng v\u00f2ng x\u1ed1p SWOER: T\u1ef1 \u0111\u1ed9ng h\u00f3a quy tr\u00ecnh l\u1eafp v\u00f2ng x\u1ed1p. N\u00e2ng cao t\u1ed1c \u0111\u1ed9 v\u00e0 \u0111\u1ed9 ch\u00ednh x\u00e1c, \u0111\u1ea3m b\u1ea3o ch\u1ea5t l\u01b0\u1ee3ng s\u1ea3n ph\u1ea9m \u0111\u1ed3ng nh\u1ea5t.","robots":{"index":"index","follow":"follow","max-snippet":"max-snippet:-1","max-image-preview":"max-image-preview:large","max-video-preview":"max-video-preview:-1"},"canonical":"https:\/\/swoer.vn\/ko\/manufacturer\/may-lap-rap-tu-dong-vong-xop\/","og_locale":"ko_KR","og_type":"article","og_title":"M\u00e1y l\u1eafp r\u00e1p t\u1ef1 \u0111\u1ed9ng v\u00f2ng x\u1ed1p - Nh\u00e0 s\u1ea3n xu\u1ea5t m\u00e1y c\u1ea5p li\u1ec7u c\u00f4ng nghi\u1ec7p","og_description":"M\u00e1y l\u1eafp r\u00e1p t\u1ef1 \u0111\u1ed9ng v\u00f2ng x\u1ed1p SWOER: T\u1ef1 \u0111\u1ed9ng h\u00f3a quy tr\u00ecnh l\u1eafp v\u00f2ng x\u1ed1p. N\u00e2ng cao t\u1ed1c \u0111\u1ed9 v\u00e0 \u0111\u1ed9 ch\u00ednh x\u00e1c, \u0111\u1ea3m b\u1ea3o ch\u1ea5t l\u01b0\u1ee3ng s\u1ea3n ph\u1ea9m \u0111\u1ed3ng nh\u1ea5t.","og_url":"https:\/\/swoer.vn\/ko\/manufacturer\/may-lap-rap-tu-dong-vong-xop\/","og_site_name":"Nh\u00e0 s\u1ea3n xu\u1ea5t m\u00e1y c\u1ea5p li\u1ec7u c\u00f4ng nghi\u1ec7p","article_modified_time":"2025-09-19T07:50:53+00:00","og_image":[{"width":800,"height":800,"url":"https:\/\/swoer.vn\/wp-content\/uploads\/2025\/09\/May-lap-rap-tu-dong-vong-xop.png","type":"image\/png"}],"twitter_card":"summary_large_image","twitter_misc":{"\uc608\uc0c1 \ub418\ub294 \ud310\ub3c5 \uc2dc\uac04":"2\ubd84"},"schema":{"@context":"https:\/\/schema.org","@graph":[{"@type":"WebPage","@id":"https:\/\/swoer.vn\/manufacturer\/may-lap-rap-tu-dong-vong-xop\/","url":"https:\/\/swoer.vn\/manufacturer\/may-lap-rap-tu-dong-vong-xop\/","name":"M\u00e1y l\u1eafp r\u00e1p t\u1ef1 \u0111\u1ed9ng v\u00f2ng x\u1ed1p - Nh\u00e0 s\u1ea3n xu\u1ea5t m\u00e1y c\u1ea5p li\u1ec7u c\u00f4ng nghi\u1ec7p","isPartOf":{"@id":"https:\/\/swoer.vn\/#website"},"primaryImageOfPage":{"@id":"https:\/\/swoer.vn\/manufacturer\/may-lap-rap-tu-dong-vong-xop\/#primaryimage"},"image":{"@id":"https:\/\/swoer.vn\/manufacturer\/may-lap-rap-tu-dong-vong-xop\/#primaryimage"},"thumbnailUrl":"https:\/\/swoer.vn\/wp-content\/uploads\/2025\/09\/May-lap-rap-tu-dong-vong-xop.png","datePublished":"2025-09-19T07:46:46+00:00","dateModified":"2025-09-19T07:50:53+00:00","description":"M\u00e1y l\u1eafp r\u00e1p t\u1ef1 \u0111\u1ed9ng v\u00f2ng x\u1ed1p SWOER: T\u1ef1 \u0111\u1ed9ng h\u00f3a quy tr\u00ecnh l\u1eafp v\u00f2ng x\u1ed1p. N\u00e2ng cao t\u1ed1c \u0111\u1ed9 v\u00e0 \u0111\u1ed9 ch\u00ednh x\u00e1c, \u0111\u1ea3m b\u1ea3o ch\u1ea5t l\u01b0\u1ee3ng s\u1ea3n ph\u1ea9m \u0111\u1ed3ng nh\u1ea5t.","breadcrumb":{"@id":"https:\/\/swoer.vn\/manufacturer\/may-lap-rap-tu-dong-vong-xop\/#breadcrumb"},"inLanguage":"ko-KR","potentialAction":[{"@type":"ReadAction","target":["https:\/\/swoer.vn\/manufacturer\/may-lap-rap-tu-dong-vong-xop\/"]}]},{"@type":"ImageObject","inLanguage":"ko-KR","@id":"https:\/\/swoer.vn\/manufacturer\/may-lap-rap-tu-dong-vong-xop\/#primaryimage","url":"https:\/\/swoer.vn\/wp-content\/uploads\/2025\/09\/May-lap-rap-tu-dong-vong-xop.png","contentUrl":"https:\/\/swoer.vn\/wp-content\/uploads\/2025\/09\/May-lap-rap-tu-dong-vong-xop.png","width":800,"height":800,"caption":"M\u00e1y l\u1eafp r\u00e1p t\u1ef1 \u0111\u1ed9ng v\u00f2ng x\u1ed1p"},{"@type":"BreadcrumbList","@id":"https:\/\/swoer.vn\/manufacturer\/may-lap-rap-tu-dong-vong-xop\/#breadcrumb","itemListElement":[{"@type":"ListItem","position":1,"name":"Home","item":"https:\/\/swoer.vn\/"},{"@type":"ListItem","position":2,"name":"S\u1ea3n ph\u1ea9m","item":"https:\/\/swoer.vn\/shop\/"},{"@type":"ListItem","position":3,"name":"M\u00e1y l\u1eafp r\u00e1p t\u1ef1 \u0111\u1ed9ng v\u00f2ng x\u1ed1p"}]},{"@type":"WebSite","@id":"https:\/\/swoer.vn\/#website","url":"https:\/\/swoer.vn\/","name":"\uc0b0\uc5c5\uc6a9 \ud53c\ub354 \uc81c\uc870\uc5c5\uccb4","description":"\ub85c\ubd07, \ud50c\ub809\uc2dc\ube14 \ud53c\ub354, \uc6d0\uc2ec \ud53c\ub354, \uc790\ub3d9 \uc9c4\ub3d9 \ud53c\ub354 \uacf5\uae09\uc5c5\uccb4","potentialAction":[{"@type":"SearchAction","target":{"@type":"EntryPoint","urlTemplate":"https:\/\/swoer.vn\/?s={search_term_string}"},"query-input":{"@type":"PropertyValueSpecification","valueRequired":true,"valueName":"search_term_string"}}],"inLanguage":"ko-KR"}]}},"_links":{"self":[{"href":"https:\/\/swoer.vn\/ko\/wp-json\/wp\/v2\/product\/4655","targetHints":{"allow":["GET"]}}],"collection":[{"href":"https:\/\/swoer.vn\/ko\/wp-json\/wp\/v2\/product"}],"about":[{"href":"https:\/\/swoer.vn\/ko\/wp-json\/wp\/v2\/types\/product"}],"replies":[{"embeddable":true,"href":"https:\/\/swoer.vn\/ko\/wp-json\/wp\/v2\/comments?post=4655"}],"wp:featuredmedia":[{"embeddable":true,"href":"https:\/\/swoer.vn\/ko\/wp-json\/wp\/v2\/media\/4656"}],"wp:attachment":[{"href":"https:\/\/swoer.vn\/ko\/wp-json\/wp\/v2\/media?parent=4655"}],"wp:term":[{"taxonomy":"product_brand","embeddable":true,"href":"https:\/\/swoer.vn\/ko\/wp-json\/wp\/v2\/product_brand?post=4655"},{"taxonomy":"product_cat","embeddable":true,"href":"https:\/\/swoer.vn\/ko\/wp-json\/wp\/v2\/product_cat?post=4655"},{"taxonomy":"product_tag","embeddable":true,"href":"https:\/\/swoer.vn\/ko\/wp-json\/wp\/v2\/product_tag?post=4655"}],"curies":[{"name":"wp","href":"https:\/\/api.w.org\/{rel}","templated":true}]}}