{"id":4552,"date":"2025-09-15T15:06:48","date_gmt":"2025-09-15T08:06:48","guid":{"rendered":"https:\/\/swoer.vn\/?post_type=product&#038;p=4552"},"modified":"2025-09-15T15:06:48","modified_gmt":"2025-09-15T08:06:48","slug":"may-lap-rap-tu-dong-cho-sung-phun","status":"publish","type":"product","link":"https:\/\/swoer.vn\/ko\/manufacturer\/may-lap-rap-tu-dong-cho-sung-phun\/","title":{"rendered":"M\u00e1y l\u1eafp r\u00e1p t\u1ef1 \u0111\u1ed9ng cho s\u00fang phun"},"content":{"rendered":"<p>Thi\u1ebft b\u1ecb l\u1eafp r\u00e1p t\u1ef1 \u0111\u1ed9ng cho s\u00fang phun con s\u00fang n\u00e0y \u0111\u01b0\u1ee3c trang b\u1ecb b\u1ed9 \u0111i\u1ec1u khi\u1ec3n logic l\u1eadp tr\u00ecnh (PLC) ti\u00ean ti\u1ebfn, hi\u1ec7u su\u1ea5t cao v\u00e0 m\u00e0n h\u00ecnh c\u1ea3m \u1ee9ng, cho ph\u00e9p t\u1ef1 \u0111\u1ed9ng n\u1ea1p li\u1ec7u, l\u1eafp r\u00e1p v\u00e0 ki\u1ec3m tra. Thi\u1ebft b\u1ecb c\u00f3 kh\u1ea3 n\u0103ng v\u1eadn h\u00e0nh ti\u1ebft ki\u1ec7m n\u0103ng l\u01b0\u1ee3ng, giao di\u1ec7n th\u00e2n thi\u1ec7n v\u1edbi ng\u01b0\u1eddi d\u00f9ng v\u00e0 c\u01a1 ch\u1ebf an to\u00e0n to\u00e0n di\u1ec7n, \u0111\u1ea3m b\u1ea3o hi\u1ec7u su\u1ea5t \u0111\u00e1ng tin c\u1eady v\u00e0 an to\u00e0n cho ng\u01b0\u1eddi v\u1eadn h\u00e0nh. H\u1ec7 th\u1ed1ng h\u1ed7 tr\u1ee3 c\u00e1c gi\u1ea3i ph\u00e1p t\u00f9y ch\u1ec9nh \u0111\u1ec3 \u0111\u00e1p \u1ee9ng nhu c\u1ea7u c\u1ee5 th\u1ec3 c\u1ee7a kh\u00e1ch h\u00e0ng.<\/p>\n<p>Ch\u00fang t\u00f4i l\u00e0 nh\u00e0 s\u1ea3n xu\u1ea5t, ch\u1ee7 y\u1ebfu xu\u1ea5t kh\u1ea9u sang Hoa K\u1ef3, Ch\u00e2u \u00c2u, Vi\u1ec7t Nam, \u1ea4n \u0110\u1ed9 v\u00e0 Algeria. H\u1ecd cung c\u1ea5p c\u00e1c d\u1ecbch v\u1ee5 t\u00f9y ch\u1ec9nh, t\u00f9y ch\u1ec9nh theo \u0111\u01a1n \u0111\u1eb7t h\u00e0ng, t\u00f9y ch\u1ec9nh theo m\u1eabu v\u00e0 t\u00f9y ch\u1ec9nh theo \u0111\u01a1n \u0111\u1eb7t h\u00e0ng. V\u00e0 c\u00f3 t\u1ef7 l\u1ec7 \u0111\u00e1nh gi\u00e1 t\u00edch c\u1ef1c 98,0%.<\/p>\n<p>S\u1ed1 l\u01b0\u1ee3ng \u0111\u1eb7t h\u00e0ng t\u1ed1i thi\u1ec3u: 1 b\u1ed9<\/p>\n<p>Th\u1eddi gian giao h\u00e0ng: 3 th\u00e1ng<\/p>\n<p>T\u1ed1c \u0111\u1ed9 s\u1ea3n xu\u1ea5t: 30-50 s\u1ea3n ph\u1ea9m\/ph\u00fat<\/p>\n<p>T\u00f9y ch\u1ecdn t\u00f9y ch\u1ec9nh<\/p>\n<ul>\n<li>\u0110\u00f3ng g\u00f3i theo y\u00eau c\u1ea7u<\/li>\n<li>T\u00f9y ch\u1ec9nh theo y\u00eau c\u1ea7u<\/li>\n<\/ul>\n<h2>\uc81c\ud488 \uc0ac\uc591:<\/h2>\n<table>\n<tbody>\n<tr>\n<td width=\"151\">\ubcf4\uc99d\uae30\uac04<\/td>\n<td width=\"126\">1\ub144<\/td>\n<td width=\"138\">\uc804\uc555<\/td>\n<td width=\"138\">220V\/380V\/50Hz<\/td>\n<\/tr>\n<tr>\n<td width=\"151\">C\u00f4ng xu\u1ea5t<\/td>\n<td width=\"126\">1,2 kW<\/td>\n<td width=\"138\">Video ki\u1ec3m tra xu\u1ea5t x\u01b0\u1edfng<\/td>\n<td width=\"138\">C\u00f3<\/td>\n<\/tr>\n<tr>\n<td width=\"151\">B\u00e1o c\u00e1o th\u1eed nghi\u1ec7m<\/td>\n<td width=\"126\">C\u00f3 s\u1eb5n<\/td>\n<td width=\"138\">Th\u00e0nh ph\u1ea7n c\u1ed1t l\u00f5i<\/td>\n<td width=\"138\">\u0110\u1ed9ng c\u01a1 PLC<\/td>\n<\/tr>\n<tr>\n<td width=\"151\">\ubb34\uac8c<\/td>\n<td width=\"126\">750 kg<\/td>\n<td width=\"138\">\uc6d0\uc0b0\uc9c0<\/td>\n<td width=\"138\">\uc911\uad6d<\/td>\n<\/tr>\n<tr>\n<td width=\"151\">\ub4f1\ub85d \uc0c1\ud45c<\/td>\n<td width=\"126\">\uc2a4\uc6cc\uc5b4<\/td>\n<td width=\"138\">\uc81c\ud488 \uc774\ub984<\/td>\n<td width=\"138\">M\u00e1y l\u1eafp r\u00e1p \u00f4 t\u00f4<\/td>\n<\/tr>\n<tr>\n<td width=\"151\">Lo\u1ea1i \u1ee9ng d\u1ee5ng<\/td>\n<td width=\"126\">S\u1ea3n xu\u1ea5t b\u00ecnh x\u1ecbt k\u00edch ho\u1ea1t<\/td>\n<td width=\"138\">\ud06c\uae30<\/td>\n<td width=\"138\">3200*2000*22000mm<\/td>\n<\/tr>\n<tr>\n<td width=\"151\">Cung c\u1ea5p \u0111i\u1ec7n<\/td>\n<td width=\"126\">1,2 kW<\/td>\n<td width=\"138\">\ub514\uc2a4\ud50c\ub808\uc774 \ubaa8\ub4dc<\/td>\n<td width=\"138\">Giao di\u1ec7n m\u00e1y himl<\/td>\n<\/tr>\n<tr>\n<td width=\"151\">PLC<\/td>\n<td width=\"126\">Delta Robot<\/td>\n<td width=\"138\">M\u00e0n h\u00ecnh c\u1ea3m \u1ee9ng<\/td>\n<td width=\"138\">Delta Robot<\/td>\n<\/tr>\n<tr>\n<td width=\"151\">Giao \u0111i\u1ec7n b\u00ean ngo\u00e0i<\/td>\n<td width=\"126\">RS232<\/td>\n<td width=\"138\">Cung c\u1ea5p d\u1ecbch v\u1ee5 sau b\u00e1n h\u00e0ng<\/td>\n<td width=\"138\">H\u1ed7 tr\u1ee3 tr\u1ef1c tuy\u1ebfn<\/td>\n<\/tr>\n<tr>\n<td width=\"151\">D\u1ecbch v\u1ee5 sau b\u1ea3o h\u00e0nh<\/td>\n<td width=\"126\">Video h\u1ed7 tr\u1ee3 k\u1ef9 thu\u1eadt<\/td>\n<td width=\"138\">&nbsp;<\/td>\n<td width=\"138\">&nbsp;<\/td>\n<\/tr>\n<\/tbody>\n<\/table>","protected":false},"excerpt":{"rendered":"<p>Trong ng\u00e0nh s\u1ea3n xu\u1ea5t s\u00fang phun, \u0111\u1ed9 ch\u00ednh x\u00e1c v\u00e0 t\u1ed1c \u0111\u1ed9 l\u1eafp r\u00e1p l\u00e0 y\u1ebfu t\u1ed1 quy\u1ebft \u0111\u1ecbnh ch\u1ea5t l\u01b0\u1ee3ng s\u1ea3n ph\u1ea9m. <b>M\u00e1y l\u1eafp r\u00e1p t\u1ef1 \u0111\u1ed9ng cho s\u00fang phun<\/b> c\u1ee7a SWOER l\u00e0 gi\u1ea3i ph\u00e1p chuy\u00ean bi\u1ec7t \u0111\u01b0\u1ee3c thi\u1ebft k\u1ebf \u0111\u1ec3 gi\u1ea3i quy\u1ebft c\u00e1c th\u00e1ch th\u1ee9c n\u00e0y. V\u1edbi h\u1ec7 th\u1ed1ng \u0111\u01b0\u1ee3c l\u1eadp tr\u00ecnh \u0111\u1ec3 x\u1eed l\u00fd t\u1eebng chi ti\u1ebft nh\u1ecf nh\u1ea5t, t\u1eeb tay c\u1ea7m, v\u00f2i phun \u0111\u1ebfn c\u00e1c gio\u0103ng cao su, m\u00e1y \u0111\u1ea3m b\u1ea3o m\u1ecdi b\u1ed9 ph\u1eadn \u0111\u01b0\u1ee3c l\u1eafp r\u00e1p m\u1ed9t c\u00e1ch ch\u00ednh x\u00e1c tuy\u1ec7t \u0111\u1ed1i. Gi\u1ea3i ph\u00e1p n\u00e0y kh\u00f4ng ch\u1ec9 gi\u00fap t\u0103ng n\u0103ng su\u1ea5t v\u01b0\u1ee3t tr\u1ed9i m\u00e0 c\u00f2n lo\u1ea1i b\u1ecf ho\u00e0n to\u00e0n l\u1ed7i do con ng\u01b0\u1eddi, mang l\u1ea1i s\u1ef1 \u0111\u1ed3ng nh\u1ea5t v\u00e0 ch\u1ea5t l\u01b0\u1ee3ng cao nh\u1ea5t cho t\u1eebng s\u1ea3n ph\u1ea9m.<\/p>","protected":false},"featured_media":4553,"comment_status":"open","ping_status":"closed","template":"","meta":[],"product_brand":[],"product_cat":[142],"product_tag":[135,133,140],"class_list":{"0":"post-4552","1":"product","2":"type-product","3":"status-publish","4":"has-post-thumbnail","6":"product_cat-may-lap-rap-tu-dong","7":"product_tag-he-thong-may-lap-rap-tu-dong","8":"product_tag-may-lap-rap","9":"product_tag-may-lap-rap-tu-dong","11":"first","12":"instock","13":"shipping-taxable","14":"product-type-simple"},"yoast_head":"<!-- This site is optimized with the Yoast SEO plugin v26.0 - https:\/\/yoast.com\/wordpress\/plugins\/seo\/ -->\n<title>M\u00e1y l\u1eafp r\u00e1p t\u1ef1 \u0111\u1ed9ng cho s\u00fang phun - Nh\u00e0 s\u1ea3n xu\u1ea5t m\u00e1y c\u1ea5p li\u1ec7u c\u00f4ng nghi\u1ec7p<\/title>\n<meta name=\"description\" content=\"M\u00e1y l\u1eafp r\u00e1p t\u1ef1 \u0111\u1ed9ng SWOER cho s\u00fang phun: T\u0103ng n\u0103ng su\u1ea5t v\u00e0 \u0111\u1ed9 ch\u00ednh x\u00e1c. X\u1eed l\u00fd m\u1ecdi chi ti\u1ebft t\u1eeb tay c\u1ea7m \u0111\u1ebfn v\u00f2i phun, \u0111\u1ea3m b\u1ea3o ch\u1ea5t l\u01b0\u1ee3ng \u0111\u1ed3ng nh\u1ea5t\" \/>\n<meta name=\"robots\" content=\"index, follow, max-snippet:-1, max-image-preview:large, max-video-preview:-1\" \/>\n<link rel=\"canonical\" href=\"https:\/\/swoer.vn\/ko\/manufacturer\/may-lap-rap-tu-dong-cho-sung-phun\/\" \/>\n<meta property=\"og:locale\" content=\"ko_KR\" \/>\n<meta property=\"og:type\" content=\"article\" \/>\n<meta property=\"og:title\" content=\"M\u00e1y l\u1eafp r\u00e1p t\u1ef1 \u0111\u1ed9ng cho s\u00fang phun - Nh\u00e0 s\u1ea3n xu\u1ea5t m\u00e1y c\u1ea5p li\u1ec7u c\u00f4ng nghi\u1ec7p\" \/>\n<meta property=\"og:description\" content=\"M\u00e1y l\u1eafp r\u00e1p t\u1ef1 \u0111\u1ed9ng SWOER cho s\u00fang phun: T\u0103ng n\u0103ng su\u1ea5t v\u00e0 \u0111\u1ed9 ch\u00ednh x\u00e1c. X\u1eed l\u00fd m\u1ecdi chi ti\u1ebft t\u1eeb tay c\u1ea7m \u0111\u1ebfn v\u00f2i phun, \u0111\u1ea3m b\u1ea3o ch\u1ea5t l\u01b0\u1ee3ng \u0111\u1ed3ng nh\u1ea5t\" \/>\n<meta property=\"og:url\" content=\"https:\/\/swoer.vn\/ko\/manufacturer\/may-lap-rap-tu-dong-cho-sung-phun\/\" \/>\n<meta property=\"og:site_name\" content=\"Nh\u00e0 s\u1ea3n xu\u1ea5t m\u00e1y c\u1ea5p li\u1ec7u c\u00f4ng nghi\u1ec7p\" \/>\n<meta property=\"og:image\" content=\"https:\/\/swoer.vn\/wp-content\/uploads\/2025\/09\/May-lap-rap-o-to.png\" \/>\n\t<meta property=\"og:image:width\" content=\"800\" \/>\n\t<meta property=\"og:image:height\" content=\"800\" \/>\n\t<meta property=\"og:image:type\" content=\"image\/png\" \/>\n<meta name=\"twitter:card\" content=\"summary_large_image\" \/>\n<meta name=\"twitter:label1\" content=\"\uc608\uc0c1 \ub418\ub294 \ud310\ub3c5 \uc2dc\uac04\" \/>\n\t<meta name=\"twitter:data1\" content=\"2\ubd84\" \/>\n<script type=\"application\/ld+json\" class=\"yoast-schema-graph\">{\"@context\":\"https:\/\/schema.org\",\"@graph\":[{\"@type\":\"WebPage\",\"@id\":\"https:\/\/swoer.vn\/manufacturer\/may-lap-rap-tu-dong-cho-sung-phun\/\",\"url\":\"https:\/\/swoer.vn\/manufacturer\/may-lap-rap-tu-dong-cho-sung-phun\/\",\"name\":\"M\u00e1y l\u1eafp r\u00e1p t\u1ef1 \u0111\u1ed9ng cho s\u00fang phun - Nh\u00e0 s\u1ea3n xu\u1ea5t m\u00e1y c\u1ea5p li\u1ec7u c\u00f4ng nghi\u1ec7p\",\"isPartOf\":{\"@id\":\"https:\/\/swoer.vn\/#website\"},\"primaryImageOfPage\":{\"@id\":\"https:\/\/swoer.vn\/manufacturer\/may-lap-rap-tu-dong-cho-sung-phun\/#primaryimage\"},\"image\":{\"@id\":\"https:\/\/swoer.vn\/manufacturer\/may-lap-rap-tu-dong-cho-sung-phun\/#primaryimage\"},\"thumbnailUrl\":\"https:\/\/swoer.vn\/wp-content\/uploads\/2025\/09\/May-lap-rap-o-to.png\",\"datePublished\":\"2025-09-15T08:06:48+00:00\",\"description\":\"M\u00e1y l\u1eafp r\u00e1p t\u1ef1 \u0111\u1ed9ng SWOER cho s\u00fang phun: T\u0103ng n\u0103ng su\u1ea5t v\u00e0 \u0111\u1ed9 ch\u00ednh x\u00e1c. X\u1eed l\u00fd m\u1ecdi chi ti\u1ebft t\u1eeb tay c\u1ea7m \u0111\u1ebfn v\u00f2i phun, \u0111\u1ea3m b\u1ea3o ch\u1ea5t l\u01b0\u1ee3ng \u0111\u1ed3ng nh\u1ea5t\",\"breadcrumb\":{\"@id\":\"https:\/\/swoer.vn\/manufacturer\/may-lap-rap-tu-dong-cho-sung-phun\/#breadcrumb\"},\"inLanguage\":\"ko-KR\",\"potentialAction\":[{\"@type\":\"ReadAction\",\"target\":[\"https:\/\/swoer.vn\/manufacturer\/may-lap-rap-tu-dong-cho-sung-phun\/\"]}]},{\"@type\":\"ImageObject\",\"inLanguage\":\"ko-KR\",\"@id\":\"https:\/\/swoer.vn\/manufacturer\/may-lap-rap-tu-dong-cho-sung-phun\/#primaryimage\",\"url\":\"https:\/\/swoer.vn\/wp-content\/uploads\/2025\/09\/May-lap-rap-o-to.png\",\"contentUrl\":\"https:\/\/swoer.vn\/wp-content\/uploads\/2025\/09\/May-lap-rap-o-to.png\",\"width\":800,\"height\":800,\"caption\":\"Ma\u0301y la\u0306\u0301p ra\u0301p t\u1ef1 \u0111\u1ed9ng cho s\u00fang phun\"},{\"@type\":\"BreadcrumbList\",\"@id\":\"https:\/\/swoer.vn\/manufacturer\/may-lap-rap-tu-dong-cho-sung-phun\/#breadcrumb\",\"itemListElement\":[{\"@type\":\"ListItem\",\"position\":1,\"name\":\"Home\",\"item\":\"https:\/\/swoer.vn\/\"},{\"@type\":\"ListItem\",\"position\":2,\"name\":\"S\u1ea3n ph\u1ea9m\",\"item\":\"https:\/\/swoer.vn\/shop\/\"},{\"@type\":\"ListItem\",\"position\":3,\"name\":\"M\u00e1y l\u1eafp r\u00e1p t\u1ef1 \u0111\u1ed9ng cho s\u00fang phun\"}]},{\"@type\":\"WebSite\",\"@id\":\"https:\/\/swoer.vn\/#website\",\"url\":\"https:\/\/swoer.vn\/\",\"name\":\"Nh\u00e0 s\u1ea3n xu\u1ea5t m\u00e1y c\u1ea5p li\u1ec7u c\u00f4ng nghi\u1ec7p\",\"description\":\"Nh\u00e0 cung c\u1ea5p robot, m\u00e1y c\u1ea5p li\u1ec7u linh ho\u1ea1t, m\u00e1y c\u1ea5p li\u1ec7u ly t\u00e2m, m\u00e1y c\u1ea5p li\u1ec7u rung t\u1ef1 \u0111\u1ed9ng\",\"potentialAction\":[{\"@type\":\"SearchAction\",\"target\":{\"@type\":\"EntryPoint\",\"urlTemplate\":\"https:\/\/swoer.vn\/?s={search_term_string}\"},\"query-input\":{\"@type\":\"PropertyValueSpecification\",\"valueRequired\":true,\"valueName\":\"search_term_string\"}}],\"inLanguage\":\"ko-KR\"}]}<\/script>\n<!-- \/ Yoast SEO plugin. -->","yoast_head_json":{"title":"M\u00e1y l\u1eafp r\u00e1p t\u1ef1 \u0111\u1ed9ng cho s\u00fang phun - Nh\u00e0 s\u1ea3n xu\u1ea5t m\u00e1y c\u1ea5p li\u1ec7u c\u00f4ng nghi\u1ec7p","description":"M\u00e1y l\u1eafp r\u00e1p t\u1ef1 \u0111\u1ed9ng SWOER cho s\u00fang phun: T\u0103ng n\u0103ng su\u1ea5t v\u00e0 \u0111\u1ed9 ch\u00ednh x\u00e1c. X\u1eed l\u00fd m\u1ecdi chi ti\u1ebft t\u1eeb tay c\u1ea7m \u0111\u1ebfn v\u00f2i phun, \u0111\u1ea3m b\u1ea3o ch\u1ea5t l\u01b0\u1ee3ng \u0111\u1ed3ng nh\u1ea5t","robots":{"index":"index","follow":"follow","max-snippet":"max-snippet:-1","max-image-preview":"max-image-preview:large","max-video-preview":"max-video-preview:-1"},"canonical":"https:\/\/swoer.vn\/ko\/manufacturer\/may-lap-rap-tu-dong-cho-sung-phun\/","og_locale":"ko_KR","og_type":"article","og_title":"M\u00e1y l\u1eafp r\u00e1p t\u1ef1 \u0111\u1ed9ng cho s\u00fang phun - Nh\u00e0 s\u1ea3n xu\u1ea5t m\u00e1y c\u1ea5p li\u1ec7u c\u00f4ng nghi\u1ec7p","og_description":"M\u00e1y l\u1eafp r\u00e1p t\u1ef1 \u0111\u1ed9ng SWOER cho s\u00fang phun: T\u0103ng n\u0103ng su\u1ea5t v\u00e0 \u0111\u1ed9 ch\u00ednh x\u00e1c. X\u1eed l\u00fd m\u1ecdi chi ti\u1ebft t\u1eeb tay c\u1ea7m \u0111\u1ebfn v\u00f2i phun, \u0111\u1ea3m b\u1ea3o ch\u1ea5t l\u01b0\u1ee3ng \u0111\u1ed3ng nh\u1ea5t","og_url":"https:\/\/swoer.vn\/ko\/manufacturer\/may-lap-rap-tu-dong-cho-sung-phun\/","og_site_name":"Nh\u00e0 s\u1ea3n xu\u1ea5t m\u00e1y c\u1ea5p li\u1ec7u c\u00f4ng nghi\u1ec7p","og_image":[{"width":800,"height":800,"url":"https:\/\/swoer.vn\/wp-content\/uploads\/2025\/09\/May-lap-rap-o-to.png","type":"image\/png"}],"twitter_card":"summary_large_image","twitter_misc":{"\uc608\uc0c1 \ub418\ub294 \ud310\ub3c5 \uc2dc\uac04":"2\ubd84"},"schema":{"@context":"https:\/\/schema.org","@graph":[{"@type":"WebPage","@id":"https:\/\/swoer.vn\/manufacturer\/may-lap-rap-tu-dong-cho-sung-phun\/","url":"https:\/\/swoer.vn\/manufacturer\/may-lap-rap-tu-dong-cho-sung-phun\/","name":"M\u00e1y l\u1eafp r\u00e1p t\u1ef1 \u0111\u1ed9ng cho s\u00fang phun - Nh\u00e0 s\u1ea3n xu\u1ea5t m\u00e1y c\u1ea5p li\u1ec7u c\u00f4ng nghi\u1ec7p","isPartOf":{"@id":"https:\/\/swoer.vn\/#website"},"primaryImageOfPage":{"@id":"https:\/\/swoer.vn\/manufacturer\/may-lap-rap-tu-dong-cho-sung-phun\/#primaryimage"},"image":{"@id":"https:\/\/swoer.vn\/manufacturer\/may-lap-rap-tu-dong-cho-sung-phun\/#primaryimage"},"thumbnailUrl":"https:\/\/swoer.vn\/wp-content\/uploads\/2025\/09\/May-lap-rap-o-to.png","datePublished":"2025-09-15T08:06:48+00:00","description":"M\u00e1y l\u1eafp r\u00e1p t\u1ef1 \u0111\u1ed9ng SWOER cho s\u00fang phun: T\u0103ng n\u0103ng su\u1ea5t v\u00e0 \u0111\u1ed9 ch\u00ednh x\u00e1c. X\u1eed l\u00fd m\u1ecdi chi ti\u1ebft t\u1eeb tay c\u1ea7m \u0111\u1ebfn v\u00f2i phun, \u0111\u1ea3m b\u1ea3o ch\u1ea5t l\u01b0\u1ee3ng \u0111\u1ed3ng nh\u1ea5t","breadcrumb":{"@id":"https:\/\/swoer.vn\/manufacturer\/may-lap-rap-tu-dong-cho-sung-phun\/#breadcrumb"},"inLanguage":"ko-KR","potentialAction":[{"@type":"ReadAction","target":["https:\/\/swoer.vn\/manufacturer\/may-lap-rap-tu-dong-cho-sung-phun\/"]}]},{"@type":"ImageObject","inLanguage":"ko-KR","@id":"https:\/\/swoer.vn\/manufacturer\/may-lap-rap-tu-dong-cho-sung-phun\/#primaryimage","url":"https:\/\/swoer.vn\/wp-content\/uploads\/2025\/09\/May-lap-rap-o-to.png","contentUrl":"https:\/\/swoer.vn\/wp-content\/uploads\/2025\/09\/May-lap-rap-o-to.png","width":800,"height":800,"caption":"Ma\u0301y la\u0306\u0301p ra\u0301p t\u1ef1 \u0111\u1ed9ng cho s\u00fang phun"},{"@type":"BreadcrumbList","@id":"https:\/\/swoer.vn\/manufacturer\/may-lap-rap-tu-dong-cho-sung-phun\/#breadcrumb","itemListElement":[{"@type":"ListItem","position":1,"name":"Home","item":"https:\/\/swoer.vn\/"},{"@type":"ListItem","position":2,"name":"S\u1ea3n ph\u1ea9m","item":"https:\/\/swoer.vn\/shop\/"},{"@type":"ListItem","position":3,"name":"M\u00e1y l\u1eafp r\u00e1p t\u1ef1 \u0111\u1ed9ng cho s\u00fang phun"}]},{"@type":"WebSite","@id":"https:\/\/swoer.vn\/#website","url":"https:\/\/swoer.vn\/","name":"\uc0b0\uc5c5\uc6a9 \ud53c\ub354 \uc81c\uc870\uc5c5\uccb4","description":"\ub85c\ubd07, \ud50c\ub809\uc2dc\ube14 \ud53c\ub354, \uc6d0\uc2ec \ud53c\ub354, \uc790\ub3d9 \uc9c4\ub3d9 \ud53c\ub354 \uacf5\uae09\uc5c5\uccb4","potentialAction":[{"@type":"SearchAction","target":{"@type":"EntryPoint","urlTemplate":"https:\/\/swoer.vn\/?s={search_term_string}"},"query-input":{"@type":"PropertyValueSpecification","valueRequired":true,"valueName":"search_term_string"}}],"inLanguage":"ko-KR"}]}},"_links":{"self":[{"href":"https:\/\/swoer.vn\/ko\/wp-json\/wp\/v2\/product\/4552","targetHints":{"allow":["GET"]}}],"collection":[{"href":"https:\/\/swoer.vn\/ko\/wp-json\/wp\/v2\/product"}],"about":[{"href":"https:\/\/swoer.vn\/ko\/wp-json\/wp\/v2\/types\/product"}],"replies":[{"embeddable":true,"href":"https:\/\/swoer.vn\/ko\/wp-json\/wp\/v2\/comments?post=4552"}],"wp:featuredmedia":[{"embeddable":true,"href":"https:\/\/swoer.vn\/ko\/wp-json\/wp\/v2\/media\/4553"}],"wp:attachment":[{"href":"https:\/\/swoer.vn\/ko\/wp-json\/wp\/v2\/media?parent=4552"}],"wp:term":[{"taxonomy":"product_brand","embeddable":true,"href":"https:\/\/swoer.vn\/ko\/wp-json\/wp\/v2\/product_brand?post=4552"},{"taxonomy":"product_cat","embeddable":true,"href":"https:\/\/swoer.vn\/ko\/wp-json\/wp\/v2\/product_cat?post=4552"},{"taxonomy":"product_tag","embeddable":true,"href":"https:\/\/swoer.vn\/ko\/wp-json\/wp\/v2\/product_tag?post=4552"}],"curies":[{"name":"wp","href":"https:\/\/api.w.org\/{rel}","templated":true}]}}