{"id":4539,"date":"2025-09-15T10:17:47","date_gmt":"2025-09-15T03:17:47","guid":{"rendered":"https:\/\/swoer.vn\/?post_type=product&#038;p=4539"},"modified":"2025-09-15T10:17:47","modified_gmt":"2025-09-15T03:17:47","slug":"bo-dieu-khien-may-nap-rung-on-dinh-dien-ap-hien-thi-so-sw-30","status":"publish","type":"product","link":"https:\/\/swoer.vn\/ko\/manufacturer\/bo-dieu-khien-may-nap-rung-on-dinh-dien-ap-hien-thi-so-sw-30\/","title":{"rendered":"B\u1ed9 \u0111i\u1ec1u khi\u1ec3n m\u00e1y n\u1ea1p rung \u1ed5n \u0111\u1ecbnh \u0111i\u1ec7n \u00e1p hi\u1ec3n th\u1ecb s\u1ed1 SW-30"},"content":{"rendered":"<h2><span style=\"font-weight: 400;\">\uc81c\ud488 \uc0ac\uc591:<\/span><\/h2>\n<table>\n<tbody>\n<tr>\n<td><span style=\"font-weight: 400;\">M\u00e3 s\u1ea3n ph\u1ea9m<\/span><\/td>\n<td><span style=\"font-weight: 400;\">SW-30<\/span><\/td>\n<\/tr>\n<tr>\n<td><span style=\"font-weight: 400;\">C\u00f4ng su\u1ea5t \u0111\u1ed9ng c\u01a1 (kW)<\/span><\/td>\n<td><span style=\"font-weight: 400;\">1 \u0111\u1ebfn 10<\/span><\/td>\n<\/tr>\n<tr>\n<td><span style=\"font-weight: 400;\">\uc0ac\uc6a9<\/span><\/td>\n<td><span style=\"font-weight: 400;\">Digital Frequency Controller<\/span><\/td>\n<\/tr>\n<tr>\n<td><span style=\"font-weight: 400;\">Warranty<\/span><\/td>\n<td><span style=\"font-weight: 400;\">1\ub144<\/span><\/td>\n<\/tr>\n<tr>\n<td><span style=\"font-weight: 400;\">Appearance<\/span><\/td>\n<td><span style=\"font-weight: 400;\">Black<\/span><\/td>\n<\/tr>\n<tr>\n<td><span style=\"font-weight: 400;\">Installation Slope<\/span><\/td>\n<td><span style=\"font-weight: 400;\">Customized<\/span><\/td>\n<\/tr>\n<tr>\n<td><span style=\"font-weight: 400;\">Overall Dimension<\/span><\/td>\n<td><span style=\"font-weight: 400;\">L 150 mm * W 69 mm * H 70 mm\/90 mm<\/span><\/td>\n<\/tr>\n<tr>\n<td><span style=\"font-weight: 400;\">G\u00f3i v\u1eadn chuy\u1ec3n<\/span><\/td>\n<td><span style=\"font-weight: 400;\">Carton\/G\u1ed7 d\u00e1n<\/span><\/td>\n<\/tr>\n<tr>\n<td><span style=\"font-weight: 400;\">Xu\u1ea5t x\u1ee9<\/span><\/td>\n<td><span style=\"font-weight: 400;\">\uc911\uad6d<\/span><\/td>\n<\/tr>\n<tr>\n<td><span style=\"font-weight: 400;\">S\u1ee9c ch\u1ee9a (t\/h)<\/span><\/td>\n<td><span style=\"font-weight: 400;\">80 &#8211; 150<\/span><\/td>\n<\/tr>\n<tr>\n<td><span style=\"font-weight: 400;\">\uc720\ud615\u00a0<\/span><\/td>\n<td><span style=\"font-weight: 400;\">Vibratory Feeder Controller<\/span><\/td>\n<\/tr>\n<tr>\n<td><span style=\"font-weight: 400;\">Lead Time<\/span><\/td>\n<td><span style=\"font-weight: 400;\">7 &#8211; 14 ng\u00e0y<\/span><\/td>\n<\/tr>\n<tr>\n<td><span style=\"font-weight: 400;\">Movement Mode<\/span><\/td>\n<td><span style=\"font-weight: 400;\">Digital Frequency Controller<\/span><\/td>\n<\/tr>\n<tr>\n<td><span style=\"font-weight: 400;\">Max Feeding (mm)<\/span><\/td>\n<td><span style=\"font-weight: 400;\">Customized<\/span><\/td>\n<\/tr>\n<tr>\n<td><span style=\"font-weight: 400;\">Chute Size (mm)<\/span><\/td>\n<td><span style=\"font-weight: 400;\">Customized<\/span><\/td>\n<\/tr>\n<tr>\n<td><span style=\"font-weight: 400;\">Nh\u00e3n hi\u1ec7u<\/span><\/td>\n<td><span style=\"font-weight: 400;\">\uc2a4\uc6cc\uc5b4<\/span><\/td>\n<\/tr>\n<\/tbody>\n<\/table>\n<h2><span style=\"font-weight: 400;\">\ud2b9\uc9d5:<\/span><\/h2>\n<ul>\n<li style=\"font-weight: 400;\" aria-level=\"1\"><span style=\"font-weight: 400;\">H\u1ec7 s\u1ed1 c\u00f4ng su\u1ea5t cao, ti\u1ebft ki\u1ec7m \u0111\u00e1ng k\u1ec3 chi ph\u00ed \u0111i\u1ec7n. So v\u1edbi b\u1ed9 \u0111i\u1ec1u khi\u1ec3n th\u00f4ng th\u01b0\u1eddng nh\u01b0 trong d\u00f2ng \u0111i\u1ec7n \u1ed5 \u0111\u0129a 1,5A th\u01b0\u1eddng d\u00f9ng nh\u1ea5t, gi\u1ea3 s\u1eed 1,0RMB tr\u00ean m\u1ed7i kilowatt, vi\u1ec7c s\u1eed d\u1ee5ng b\u1ed9 \u0111i\u1ec1u khi\u1ec3n n\u00e0y ho\u1ea1t \u0111\u1ed9ng t\u00e1m gi\u1edd m\u1ed7i ng\u00e0y c\u00f3 th\u1ec3 ti\u1ebft ki\u1ec7m \u0111i\u1ec7n kho\u1ea3ng 1.6 RMB.<\/span><\/li>\n<li style=\"font-weight: 400;\" aria-level=\"1\"><span style=\"font-weight: 400;\">Giao di\u1ec7n quang \u0111i\u1ec7n th\u00f4ng minh hi\u1ec7u su\u1ea5t cao \u0111\u1ec3 k\u1ebft n\u1ed1i c\u1ea3m bi\u1ebfn quang \u0111i\u1ec7n b\u00ean ngo\u00e0i (c\u00f3 s\u1eb5n \u0111\u1ed9 ph\u1ea3n chi\u1ebfu v\u00e0 \u0111\u1ed9 l\u1ec7ch), c\u00f4ng ngh\u1ec7 nh\u1eadn d\u1ea1ng m\u1edd k\u1ef9 thu\u1eadt s\u1ed1 t\u00edch h\u1ee3p s\u1eb5n c\u1ee7a m\u00e1y, ngo\u00e0i \u00e1nh s\u00e1ng m\u00f4i tr\u01b0\u1eddng th\u00edch nghi, \u0111\u1ed9 nh\u1ea1y c\u00f3 th\u1ec3 \u0111\u01b0\u1ee3c \u0111\u1eb7t th\u00e0nh 99 c\u1ea3m bi\u1ebfn quang \u0111i\u1ec7n, kh\u00f4ng c\u00f3 c\u1ea3m bi\u1ebfn s\u1ee3i quang h\u1ecdc t\u1ed1n k\u00e9m, x\u00e1c \u0111\u1ecbnh ch\u00ednh x\u00e1c vi\u1ec7c cho ph\u00f4i gia c\u00f4ng \u0103n nh\u1ecf ho\u1eb7c trong su\u1ed1t.\u00a0<\/span><\/li>\n<li style=\"font-weight: 400;\" aria-level=\"1\"><span style=\"font-weight: 400;\">V\u1eadn h\u00e0nh xe bu\u00fdt t\u1ed1c \u0111\u1ed9, thi\u1ebft k\u1ebf \u0111\u01b0\u1ee3c c\u1ea5p b\u1eb1ng s\u00e1ng ch\u1ebf, nhanh ch\u00f3ng v\u00e0 ch\u00ednh x\u00e1c, \u0111\u00e1ng tin c\u1eady v\u00e0 b\u1ec1n.\u00a0<\/span><\/li>\n<li style=\"font-weight: 400;\" aria-level=\"1\"><span style=\"font-weight: 400;\">T\u1ed1i \u01b0u h\u00f3a \u0111\u1ea7u n\u1ed1i \u0111i\u1ec1u khi\u1ec3n b\u00ean ngo\u00e0i, l\u1eafp \u0111\u1eb7t linh ho\u1ea1t v\u00e0 thu\u1eadn ti\u1ec7n.\u00a0<\/span><\/li>\n<li style=\"font-weight: 400;\" aria-level=\"1\"><span style=\"font-weight: 400;\">Ch\u01b0\u01a1ng tr\u00ecnh kh\u1edfi \u0111\u1ed9ng ch\u1eadm th\u00f4ng minh v\u00e0 d\u1eebng ch\u1eadm, \u0111\u1ea3m b\u1ea3o th\u1eddi gian b\u1eaft \u0111\u1ea7u v\u00e0 d\u1eebng ch\u1ea1y ch\u1eadm \u0111\u01b0\u1ee3c tr\u00f4i ch\u1ea3y.\u00a0\u00a0<\/span><\/li>\n<li style=\"font-weight: 400;\" aria-level=\"1\"><span style=\"font-weight: 400;\">\u0110\u1ea7u ra ngu\u1ed3n \u0111i\u1ec7n 24V 200mA DC.\u00a0<\/span><\/li>\n<li style=\"font-weight: 400;\" aria-level=\"1\"><span style=\"font-weight: 400;\">\u0110\u01b0\u1ee3c s\u1eed d\u1ee5ng c\u00e1c thi\u1ebft b\u1ecb \u0111i\u1ec7n hi\u1ec7u su\u1ea5t cao, gi\u1ea3m hao nhi\u1ec7t v\u00e0 t\u1ed1i \u01b0u h\u00f3a thi\u1ebft k\u1ebf nhi\u1ec7t, gi\u1ea3m nhi\u1ec7t \u0111\u1ed9 t\u0103ng, l\u00e0m vi\u1ec7c \u1ed5n \u0111\u1ecbnh v\u00e0 \u0111\u00e1ng tin c\u1eady h\u01a1n.\u00a0<\/span><\/li>\n<li style=\"font-weight: 400;\" aria-level=\"1\"><span style=\"font-weight: 400;\">B\u1ed9 \u0111i\u1ec1u ch\u1ec9nh \u0111\u1ed9 ch\u00ednh x\u00e1c cao, trong tr\u01b0\u1eddng h\u1ee3p \u0111i\u1ec7n \u00e1p l\u01b0\u1edbi \u0111i\u1ec7n dao \u0111\u1ed9ng, gi\u1eef \u0111i\u1ec7n \u00e1p \u0111\u1ea7u ra \u1ed5n \u0111\u1ecbnh v\u00e0 c\u00f3 th\u1ec3 ng\u0103n hi\u1ec7u qu\u1ea3 \u0111\u00e1nh b\u1ea1i do t\u1ea7n s\u1ed1 \u0111i\u1ec7n.\u00a0<\/span><\/li>\n<li style=\"font-weight: 400;\" aria-level=\"1\"><span style=\"font-weight: 400;\">Thi\u1ebft l\u1eadp t\u00f9y ch\u1ec9nh gi\u1edbi h\u1ea1n tr\u00ean c\u1ee7a \u0111i\u1ec7n \u00e1p \u0111\u1ea7u ra \u0111\u1ec3 \u0111\u00e1p \u1ee9ng c\u00e1c \u1ee9ng d\u1ee5ng v\u00e0 thi\u1ebft b\u1ecb m\u00e1y m\u00f3c kh\u00e1c nhau c\u1ea7n thi\u1ebft.\u00a0<\/span><\/li>\n<li style=\"font-weight: 400;\" aria-level=\"1\"><span style=\"font-weight: 400;\">H\u1ec7 th\u1ed1ng t\u00edch h\u1ee3p cao, k\u00edch th\u01b0\u1edbc t\u1ed1i \u01b0u, tr\u1ecdng l\u01b0\u1ee3ng nh\u1eb9, di\u1ec7n t\u00edch nh\u1ecf, d\u1ec5 l\u1eafp \u0111\u1eb7t.\u00a0 \u00a0 \u00a0 \u00a0 \u00a0 <\/span><\/li>\n<li style=\"font-weight: 400;\" aria-level=\"1\"><span style=\"font-weight: 400;\">Th\u00e2n m\u00e1y \u0111\u01b0\u1ee3c \u0111\u00f3ng k\u00edn ho\u00e0n to\u00e0n, \u0111\u01b0\u1ee3c \u0111i\u1ec1u ch\u1ec9nh theo m\u00f4i tr\u01b0\u1eddng l\u00e0m vi\u1ec7c kh\u00f4ng th\u00e2n thi\u1ec7n.<\/span><\/li>\n<li style=\"font-weight: 400;\" aria-level=\"1\"><span style=\"font-weight: 400;\">V\u1edbi b\u1ea3o v\u1ec7 qu\u00e1 nhi\u1ec7t, qu\u00e1 t\u1ea3i, \u0111o\u1ea3n m\u1ea1ch \u0111\u1ea7u ra.\u00a0\u00a0<\/span><\/li>\n<\/ul>","protected":false},"excerpt":{"rendered":"<p>\u0110\u1eebng \u0111\u1ec3 s\u1ef1 dao \u0111\u1ed9ng c\u1ee7a \u0111i\u1ec7n \u00e1p l\u00e0m \u1ea3nh h\u01b0\u1edfng \u0111\u1ebfn hi\u1ec7u su\u1ea5t s\u1ea3n xu\u1ea5t c\u1ee7a b\u1ea1n. <b>B\u1ed9 \u0111i\u1ec1u khi\u1ec3n m\u00e1y n\u1ea1p rung \u1ed5n \u0111\u1ecbnh \u0111i\u1ec7n \u00e1p hi\u1ec3n th\u1ecb s\u1ed1 SW-30<\/b> c\u1ee7a SWOER l\u00e0 gi\u1ea3i ph\u00e1p t\u1ed1i \u01b0u cho m\u1ecdi th\u00e1ch th\u1ee9c. D\u00f2ng SW-30 kh\u00f4ng ch\u1ec9 cung c\u1ea5p ngu\u1ed3n \u0111i\u1ec7n \u1ed5n \u0111\u1ecbnh tuy\u1ec7t \u0111\u1ed1i m\u00e0 c\u00f2n t\u00edch h\u1ee3p c\u00e1c t\u00ednh n\u0103ng \u0111i\u1ec1u ch\u1ec9nh th\u00f4ng minh, cho ph\u00e9p b\u1ea1n tinh ch\u1ec9nh t\u1ed1c \u0111\u1ed9 v\u00e0 bi\u00ean \u0111\u1ed9 rung m\u1ed9t c\u00e1ch ch\u00ednh x\u00e1c. M\u00e0n h\u00ecnh hi\u1ec3n th\u1ecb s\u1ed1 r\u00f5 r\u00e0ng gi\u00fap ng\u01b0\u1eddi v\u1eadn h\u00e0nh d\u1ec5 d\u00e0ng theo d\u00f5i v\u00e0 ki\u1ec3m so\u00e1t quy tr\u00ecnh, \u0111\u1ea3m b\u1ea3o m\u00e1y c\u1ea5p li\u1ec7u ho\u1ea1t \u0111\u1ed9ng tr\u01a1n tru v\u00e0 li\u00ean t\u1ee5c, n\u00e2ng cao n\u0103ng su\u1ea5t t\u1ed5ng th\u1ec3.<\/p>","protected":false},"featured_media":4540,"comment_status":"open","ping_status":"closed","template":"","meta":[],"product_brand":[],"product_cat":[86],"product_tag":[157,158,155],"class_list":{"0":"post-4539","1":"product","2":"type-product","3":"status-publish","4":"has-post-thumbnail","6":"product_cat-bo-dieu-khien-nap-rung","7":"product_tag-bo-dieu-khien-may-nap-rung","8":"product_tag-bo-dieu-khien-rung","9":"product_tag-bo-dieu-khien-tan-so-rung","11":"first","12":"instock","13":"shipping-taxable","14":"product-type-simple"},"yoast_head":"<!-- This site is optimized with the Yoast SEO plugin v26.0 - https:\/\/yoast.com\/wordpress\/plugins\/seo\/ -->\n<title>B\u1ed9 \u0111i\u1ec1u khi\u1ec3n m\u00e1y n\u1ea1p rung \u1ed5n \u0111\u1ecbnh \u0111i\u1ec7n \u00e1p hi\u1ec3n th\u1ecb s\u1ed1 SW-30 - Nh\u00e0 s\u1ea3n xu\u1ea5t m\u00e1y c\u1ea5p li\u1ec7u c\u00f4ng nghi\u1ec7p<\/title>\n<meta name=\"description\" content=\"B\u1ed9 \u0111i\u1ec1u khi\u1ec3n m\u00e1y n\u1ea1p rung SWOER SW-30: \u1ed4n \u0111\u1ecbnh \u0111i\u1ec7n \u00e1p, \u0111i\u1ec1u ch\u1ec9nh th\u00f4ng minh, t\u1ed1i \u01b0u t\u1ed1c \u0111\u1ed9 v\u00e0 bi\u00ean \u0111\u1ed9 rung. N\u00e2ng cao hi\u1ec7u su\u1ea5t m\u00e1y c\u1ea5p li\u1ec7u rung c\u1ee7a b\u1ea1n.\" \/>\n<meta name=\"robots\" content=\"index, follow, max-snippet:-1, max-image-preview:large, max-video-preview:-1\" \/>\n<link rel=\"canonical\" href=\"https:\/\/swoer.vn\/ko\/manufacturer\/bo-dieu-khien-may-nap-rung-on-dinh-dien-ap-hien-thi-so-sw-30\/\" \/>\n<meta property=\"og:locale\" content=\"ko_KR\" \/>\n<meta property=\"og:type\" content=\"article\" \/>\n<meta property=\"og:title\" content=\"B\u1ed9 \u0111i\u1ec1u khi\u1ec3n m\u00e1y n\u1ea1p rung \u1ed5n \u0111\u1ecbnh \u0111i\u1ec7n \u00e1p hi\u1ec3n th\u1ecb s\u1ed1 SW-30 - Nh\u00e0 s\u1ea3n xu\u1ea5t m\u00e1y c\u1ea5p li\u1ec7u c\u00f4ng nghi\u1ec7p\" \/>\n<meta property=\"og:description\" content=\"B\u1ed9 \u0111i\u1ec1u khi\u1ec3n m\u00e1y n\u1ea1p rung SWOER SW-30: \u1ed4n \u0111\u1ecbnh \u0111i\u1ec7n \u00e1p, \u0111i\u1ec1u ch\u1ec9nh th\u00f4ng minh, t\u1ed1i \u01b0u t\u1ed1c \u0111\u1ed9 v\u00e0 bi\u00ean \u0111\u1ed9 rung. N\u00e2ng cao hi\u1ec7u su\u1ea5t m\u00e1y c\u1ea5p li\u1ec7u rung c\u1ee7a b\u1ea1n.\" \/>\n<meta property=\"og:url\" content=\"https:\/\/swoer.vn\/ko\/manufacturer\/bo-dieu-khien-may-nap-rung-on-dinh-dien-ap-hien-thi-so-sw-30\/\" \/>\n<meta property=\"og:site_name\" content=\"Nh\u00e0 s\u1ea3n xu\u1ea5t m\u00e1y c\u1ea5p li\u1ec7u c\u00f4ng nghi\u1ec7p\" \/>\n<meta property=\"og:image\" content=\"https:\/\/swoer.vn\/wp-content\/uploads\/2025\/09\/Bo-dieu-khien-may-nap-rung-on-dinh-dien-ap-hien-thi-so-SW-30.png\" \/>\n\t<meta property=\"og:image:width\" content=\"800\" \/>\n\t<meta property=\"og:image:height\" content=\"800\" \/>\n\t<meta property=\"og:image:type\" content=\"image\/png\" \/>\n<meta name=\"twitter:card\" content=\"summary_large_image\" \/>\n<meta name=\"twitter:label1\" content=\"\uc608\uc0c1 \ub418\ub294 \ud310\ub3c5 \uc2dc\uac04\" \/>\n\t<meta name=\"twitter:data1\" content=\"3\ubd84\" \/>\n<script type=\"application\/ld+json\" class=\"yoast-schema-graph\">{\"@context\":\"https:\/\/schema.org\",\"@graph\":[{\"@type\":\"WebPage\",\"@id\":\"https:\/\/swoer.vn\/manufacturer\/bo-dieu-khien-may-nap-rung-on-dinh-dien-ap-hien-thi-so-sw-30\/\",\"url\":\"https:\/\/swoer.vn\/manufacturer\/bo-dieu-khien-may-nap-rung-on-dinh-dien-ap-hien-thi-so-sw-30\/\",\"name\":\"B\u1ed9 \u0111i\u1ec1u khi\u1ec3n m\u00e1y n\u1ea1p rung \u1ed5n \u0111\u1ecbnh \u0111i\u1ec7n \u00e1p hi\u1ec3n th\u1ecb s\u1ed1 SW-30 - Nh\u00e0 s\u1ea3n xu\u1ea5t m\u00e1y c\u1ea5p li\u1ec7u c\u00f4ng nghi\u1ec7p\",\"isPartOf\":{\"@id\":\"https:\/\/swoer.vn\/#website\"},\"primaryImageOfPage\":{\"@id\":\"https:\/\/swoer.vn\/manufacturer\/bo-dieu-khien-may-nap-rung-on-dinh-dien-ap-hien-thi-so-sw-30\/#primaryimage\"},\"image\":{\"@id\":\"https:\/\/swoer.vn\/manufacturer\/bo-dieu-khien-may-nap-rung-on-dinh-dien-ap-hien-thi-so-sw-30\/#primaryimage\"},\"thumbnailUrl\":\"https:\/\/swoer.vn\/wp-content\/uploads\/2025\/09\/Bo-dieu-khien-may-nap-rung-on-dinh-dien-ap-hien-thi-so-SW-30.png\",\"datePublished\":\"2025-09-15T03:17:47+00:00\",\"description\":\"B\u1ed9 \u0111i\u1ec1u khi\u1ec3n m\u00e1y n\u1ea1p rung SWOER SW-30: \u1ed4n \u0111\u1ecbnh \u0111i\u1ec7n \u00e1p, \u0111i\u1ec1u ch\u1ec9nh th\u00f4ng minh, t\u1ed1i \u01b0u t\u1ed1c \u0111\u1ed9 v\u00e0 bi\u00ean \u0111\u1ed9 rung. N\u00e2ng cao hi\u1ec7u su\u1ea5t m\u00e1y c\u1ea5p li\u1ec7u rung c\u1ee7a b\u1ea1n.\",\"breadcrumb\":{\"@id\":\"https:\/\/swoer.vn\/manufacturer\/bo-dieu-khien-may-nap-rung-on-dinh-dien-ap-hien-thi-so-sw-30\/#breadcrumb\"},\"inLanguage\":\"ko-KR\",\"potentialAction\":[{\"@type\":\"ReadAction\",\"target\":[\"https:\/\/swoer.vn\/manufacturer\/bo-dieu-khien-may-nap-rung-on-dinh-dien-ap-hien-thi-so-sw-30\/\"]}]},{\"@type\":\"ImageObject\",\"inLanguage\":\"ko-KR\",\"@id\":\"https:\/\/swoer.vn\/manufacturer\/bo-dieu-khien-may-nap-rung-on-dinh-dien-ap-hien-thi-so-sw-30\/#primaryimage\",\"url\":\"https:\/\/swoer.vn\/wp-content\/uploads\/2025\/09\/Bo-dieu-khien-may-nap-rung-on-dinh-dien-ap-hien-thi-so-SW-30.png\",\"contentUrl\":\"https:\/\/swoer.vn\/wp-content\/uploads\/2025\/09\/Bo-dieu-khien-may-nap-rung-on-dinh-dien-ap-hien-thi-so-SW-30.png\",\"width\":800,\"height\":800,\"caption\":\"Bo\u0323\u0302 \u0111ie\u0302\u0300u khie\u0302\u0309n ma\u0301y na\u0323p rung o\u0302\u0309n \u0111i\u0323nh \u0111ie\u0323\u0302n a\u0301p hie\u0302\u0309n thi\u0323 so\u0302\u0301 SW-30\"},{\"@type\":\"BreadcrumbList\",\"@id\":\"https:\/\/swoer.vn\/manufacturer\/bo-dieu-khien-may-nap-rung-on-dinh-dien-ap-hien-thi-so-sw-30\/#breadcrumb\",\"itemListElement\":[{\"@type\":\"ListItem\",\"position\":1,\"name\":\"Home\",\"item\":\"https:\/\/swoer.vn\/\"},{\"@type\":\"ListItem\",\"position\":2,\"name\":\"S\u1ea3n ph\u1ea9m\",\"item\":\"https:\/\/swoer.vn\/shop\/\"},{\"@type\":\"ListItem\",\"position\":3,\"name\":\"B\u1ed9 \u0111i\u1ec1u khi\u1ec3n m\u00e1y n\u1ea1p rung \u1ed5n \u0111\u1ecbnh \u0111i\u1ec7n \u00e1p hi\u1ec3n th\u1ecb s\u1ed1 SW-30\"}]},{\"@type\":\"WebSite\",\"@id\":\"https:\/\/swoer.vn\/#website\",\"url\":\"https:\/\/swoer.vn\/\",\"name\":\"Nh\u00e0 s\u1ea3n xu\u1ea5t m\u00e1y c\u1ea5p li\u1ec7u c\u00f4ng nghi\u1ec7p\",\"description\":\"Nh\u00e0 cung c\u1ea5p robot, m\u00e1y c\u1ea5p li\u1ec7u linh ho\u1ea1t, m\u00e1y c\u1ea5p li\u1ec7u ly t\u00e2m, m\u00e1y c\u1ea5p li\u1ec7u rung t\u1ef1 \u0111\u1ed9ng\",\"potentialAction\":[{\"@type\":\"SearchAction\",\"target\":{\"@type\":\"EntryPoint\",\"urlTemplate\":\"https:\/\/swoer.vn\/?s={search_term_string}\"},\"query-input\":{\"@type\":\"PropertyValueSpecification\",\"valueRequired\":true,\"valueName\":\"search_term_string\"}}],\"inLanguage\":\"ko-KR\"}]}<\/script>\n<!-- \/ Yoast SEO plugin. -->","yoast_head_json":{"title":"B\u1ed9 \u0111i\u1ec1u khi\u1ec3n m\u00e1y n\u1ea1p rung \u1ed5n \u0111\u1ecbnh \u0111i\u1ec7n \u00e1p hi\u1ec3n th\u1ecb s\u1ed1 SW-30 - Nh\u00e0 s\u1ea3n xu\u1ea5t m\u00e1y c\u1ea5p li\u1ec7u c\u00f4ng nghi\u1ec7p","description":"B\u1ed9 \u0111i\u1ec1u khi\u1ec3n m\u00e1y n\u1ea1p rung SWOER SW-30: \u1ed4n \u0111\u1ecbnh \u0111i\u1ec7n \u00e1p, \u0111i\u1ec1u ch\u1ec9nh th\u00f4ng minh, t\u1ed1i \u01b0u t\u1ed1c \u0111\u1ed9 v\u00e0 bi\u00ean \u0111\u1ed9 rung. N\u00e2ng cao hi\u1ec7u su\u1ea5t m\u00e1y c\u1ea5p li\u1ec7u rung c\u1ee7a b\u1ea1n.","robots":{"index":"index","follow":"follow","max-snippet":"max-snippet:-1","max-image-preview":"max-image-preview:large","max-video-preview":"max-video-preview:-1"},"canonical":"https:\/\/swoer.vn\/ko\/manufacturer\/bo-dieu-khien-may-nap-rung-on-dinh-dien-ap-hien-thi-so-sw-30\/","og_locale":"ko_KR","og_type":"article","og_title":"B\u1ed9 \u0111i\u1ec1u khi\u1ec3n m\u00e1y n\u1ea1p rung \u1ed5n \u0111\u1ecbnh \u0111i\u1ec7n \u00e1p hi\u1ec3n th\u1ecb s\u1ed1 SW-30 - Nh\u00e0 s\u1ea3n xu\u1ea5t m\u00e1y c\u1ea5p li\u1ec7u c\u00f4ng nghi\u1ec7p","og_description":"B\u1ed9 \u0111i\u1ec1u khi\u1ec3n m\u00e1y n\u1ea1p rung SWOER SW-30: \u1ed4n \u0111\u1ecbnh \u0111i\u1ec7n \u00e1p, \u0111i\u1ec1u ch\u1ec9nh th\u00f4ng minh, t\u1ed1i \u01b0u t\u1ed1c \u0111\u1ed9 v\u00e0 bi\u00ean \u0111\u1ed9 rung. N\u00e2ng cao hi\u1ec7u su\u1ea5t m\u00e1y c\u1ea5p li\u1ec7u rung c\u1ee7a b\u1ea1n.","og_url":"https:\/\/swoer.vn\/ko\/manufacturer\/bo-dieu-khien-may-nap-rung-on-dinh-dien-ap-hien-thi-so-sw-30\/","og_site_name":"Nh\u00e0 s\u1ea3n xu\u1ea5t m\u00e1y c\u1ea5p li\u1ec7u c\u00f4ng nghi\u1ec7p","og_image":[{"width":800,"height":800,"url":"https:\/\/swoer.vn\/wp-content\/uploads\/2025\/09\/Bo-dieu-khien-may-nap-rung-on-dinh-dien-ap-hien-thi-so-SW-30.png","type":"image\/png"}],"twitter_card":"summary_large_image","twitter_misc":{"\uc608\uc0c1 \ub418\ub294 \ud310\ub3c5 \uc2dc\uac04":"3\ubd84"},"schema":{"@context":"https:\/\/schema.org","@graph":[{"@type":"WebPage","@id":"https:\/\/swoer.vn\/manufacturer\/bo-dieu-khien-may-nap-rung-on-dinh-dien-ap-hien-thi-so-sw-30\/","url":"https:\/\/swoer.vn\/manufacturer\/bo-dieu-khien-may-nap-rung-on-dinh-dien-ap-hien-thi-so-sw-30\/","name":"B\u1ed9 \u0111i\u1ec1u khi\u1ec3n m\u00e1y n\u1ea1p rung \u1ed5n \u0111\u1ecbnh \u0111i\u1ec7n \u00e1p hi\u1ec3n th\u1ecb s\u1ed1 SW-30 - Nh\u00e0 s\u1ea3n xu\u1ea5t m\u00e1y c\u1ea5p li\u1ec7u c\u00f4ng nghi\u1ec7p","isPartOf":{"@id":"https:\/\/swoer.vn\/#website"},"primaryImageOfPage":{"@id":"https:\/\/swoer.vn\/manufacturer\/bo-dieu-khien-may-nap-rung-on-dinh-dien-ap-hien-thi-so-sw-30\/#primaryimage"},"image":{"@id":"https:\/\/swoer.vn\/manufacturer\/bo-dieu-khien-may-nap-rung-on-dinh-dien-ap-hien-thi-so-sw-30\/#primaryimage"},"thumbnailUrl":"https:\/\/swoer.vn\/wp-content\/uploads\/2025\/09\/Bo-dieu-khien-may-nap-rung-on-dinh-dien-ap-hien-thi-so-SW-30.png","datePublished":"2025-09-15T03:17:47+00:00","description":"B\u1ed9 \u0111i\u1ec1u khi\u1ec3n m\u00e1y n\u1ea1p rung SWOER SW-30: \u1ed4n \u0111\u1ecbnh \u0111i\u1ec7n \u00e1p, \u0111i\u1ec1u ch\u1ec9nh th\u00f4ng minh, t\u1ed1i \u01b0u t\u1ed1c \u0111\u1ed9 v\u00e0 bi\u00ean \u0111\u1ed9 rung. N\u00e2ng cao hi\u1ec7u su\u1ea5t m\u00e1y c\u1ea5p li\u1ec7u rung c\u1ee7a b\u1ea1n.","breadcrumb":{"@id":"https:\/\/swoer.vn\/manufacturer\/bo-dieu-khien-may-nap-rung-on-dinh-dien-ap-hien-thi-so-sw-30\/#breadcrumb"},"inLanguage":"ko-KR","potentialAction":[{"@type":"ReadAction","target":["https:\/\/swoer.vn\/manufacturer\/bo-dieu-khien-may-nap-rung-on-dinh-dien-ap-hien-thi-so-sw-30\/"]}]},{"@type":"ImageObject","inLanguage":"ko-KR","@id":"https:\/\/swoer.vn\/manufacturer\/bo-dieu-khien-may-nap-rung-on-dinh-dien-ap-hien-thi-so-sw-30\/#primaryimage","url":"https:\/\/swoer.vn\/wp-content\/uploads\/2025\/09\/Bo-dieu-khien-may-nap-rung-on-dinh-dien-ap-hien-thi-so-SW-30.png","contentUrl":"https:\/\/swoer.vn\/wp-content\/uploads\/2025\/09\/Bo-dieu-khien-may-nap-rung-on-dinh-dien-ap-hien-thi-so-SW-30.png","width":800,"height":800,"caption":"Bo\u0323\u0302 \u0111ie\u0302\u0300u khie\u0302\u0309n ma\u0301y na\u0323p rung o\u0302\u0309n \u0111i\u0323nh \u0111ie\u0323\u0302n a\u0301p hie\u0302\u0309n thi\u0323 so\u0302\u0301 SW-30"},{"@type":"BreadcrumbList","@id":"https:\/\/swoer.vn\/manufacturer\/bo-dieu-khien-may-nap-rung-on-dinh-dien-ap-hien-thi-so-sw-30\/#breadcrumb","itemListElement":[{"@type":"ListItem","position":1,"name":"Home","item":"https:\/\/swoer.vn\/"},{"@type":"ListItem","position":2,"name":"S\u1ea3n ph\u1ea9m","item":"https:\/\/swoer.vn\/shop\/"},{"@type":"ListItem","position":3,"name":"B\u1ed9 \u0111i\u1ec1u khi\u1ec3n m\u00e1y n\u1ea1p rung \u1ed5n \u0111\u1ecbnh \u0111i\u1ec7n \u00e1p hi\u1ec3n th\u1ecb s\u1ed1 SW-30"}]},{"@type":"WebSite","@id":"https:\/\/swoer.vn\/#website","url":"https:\/\/swoer.vn\/","name":"\uc0b0\uc5c5\uc6a9 \ud53c\ub354 \uc81c\uc870\uc5c5\uccb4","description":"\ub85c\ubd07, \ud50c\ub809\uc2dc\ube14 \ud53c\ub354, \uc6d0\uc2ec \ud53c\ub354, \uc790\ub3d9 \uc9c4\ub3d9 \ud53c\ub354 \uacf5\uae09\uc5c5\uccb4","potentialAction":[{"@type":"SearchAction","target":{"@type":"EntryPoint","urlTemplate":"https:\/\/swoer.vn\/?s={search_term_string}"},"query-input":{"@type":"PropertyValueSpecification","valueRequired":true,"valueName":"search_term_string"}}],"inLanguage":"ko-KR"}]}},"_links":{"self":[{"href":"https:\/\/swoer.vn\/ko\/wp-json\/wp\/v2\/product\/4539","targetHints":{"allow":["GET"]}}],"collection":[{"href":"https:\/\/swoer.vn\/ko\/wp-json\/wp\/v2\/product"}],"about":[{"href":"https:\/\/swoer.vn\/ko\/wp-json\/wp\/v2\/types\/product"}],"replies":[{"embeddable":true,"href":"https:\/\/swoer.vn\/ko\/wp-json\/wp\/v2\/comments?post=4539"}],"wp:featuredmedia":[{"embeddable":true,"href":"https:\/\/swoer.vn\/ko\/wp-json\/wp\/v2\/media\/4540"}],"wp:attachment":[{"href":"https:\/\/swoer.vn\/ko\/wp-json\/wp\/v2\/media?parent=4539"}],"wp:term":[{"taxonomy":"product_brand","embeddable":true,"href":"https:\/\/swoer.vn\/ko\/wp-json\/wp\/v2\/product_brand?post=4539"},{"taxonomy":"product_cat","embeddable":true,"href":"https:\/\/swoer.vn\/ko\/wp-json\/wp\/v2\/product_cat?post=4539"},{"taxonomy":"product_tag","embeddable":true,"href":"https:\/\/swoer.vn\/ko\/wp-json\/wp\/v2\/product_tag?post=4539"}],"curies":[{"name":"wp","href":"https:\/\/api.w.org\/{rel}","templated":true}]}}