{"id":3146,"date":"2025-05-24T10:53:15","date_gmt":"2025-05-24T03:53:15","guid":{"rendered":"https:\/\/swoer.vn\/?post_type=product&#038;p=3146"},"modified":"2025-05-24T10:53:15","modified_gmt":"2025-05-24T03:53:15","slug":"robot-delta-bo-cap-lieu-linh-hoat-sw-600","status":"publish","type":"product","link":"https:\/\/swoer.vn\/ko\/manufacturer\/robot-delta-bo-cap-lieu-linh-hoat-sw-600\/","title":{"rendered":"Robot Delta &#8211; B\u1ed9 c\u1ea5p li\u1ec7u linh ho\u1ea1t SW-600"},"content":{"rendered":"<h2>\uc81c\ud488 \uc0ac\uc591:<\/h2>\n<table>\n<tbody>\n<tr>\n<td><b>H\u1ea1ng m\u1ee5c<\/b><\/td>\n<td><b>\ub9e4\uac1c\ubcc0\uc218<\/b><\/td>\n<td><b>Ghi ch\u00fa<\/b><\/td>\n<\/tr>\n<tr>\n<td><b>M\u00e3 thi\u1ebft b\u1ecb<\/b><\/td>\n<td><span style=\"font-weight: 400;\">SW-600<\/span><\/td>\n<td><\/td>\n<\/tr>\n<tr>\n<td><b>\uc790\uc138\ud55c \uc0ac\uc591<\/b><\/td>\n<td><span style=\"font-weight: 400;\">H\u00e0nh tr\u00ecnh 600mm<\/span><\/td>\n<td><\/td>\n<\/tr>\n<tr>\n<td><b>\uc804\uccb4 \uce58\uc218<\/b><\/td>\n<td><span style=\"font-weight: 400;\">D\u00e0i 788 \u00d7 R\u1ed9ng 495 \u00d7 Cao 872mm<\/span><\/td>\n<td><\/td>\n<\/tr>\n<tr>\n<td><b>T\u1ea3i tr\u1ecdng<\/b><\/td>\n<td><span style=\"font-weight: 400;\">1KG<\/span><\/td>\n<td><\/td>\n<\/tr>\n<tr>\n<td><b>\u0110\u0129a rung<\/b><\/td>\n<td><span style=\"font-weight: 400;\">305mm \u00d7 226mm<\/span><\/td>\n<td><span style=\"font-weight: 400;\">B\u1ec1 m\u1eb7t \u0111\u0129a: tu\u1ef3 ch\u1ecdn<\/span><\/td>\n<\/tr>\n<tr>\n<td><b>Dung t\u00edch kho ch\u1ee9a<\/b><\/td>\n<td><span style=\"font-weight: 400;\">5L<\/span><\/td>\n<td><\/td>\n<\/tr>\n<tr>\n<td><b>Camera L-CCD<\/b><\/td>\n<td><span style=\"font-weight: 400;\">1200W<\/span><\/td>\n<td><\/td>\n<\/tr>\n<tr>\n<td><b>Camera T-CCD<\/b><\/td>\n<td><span style=\"font-weight: 400;\">500W<\/span><\/td>\n<td><span style=\"font-weight: 400;\">Tu\u1ef3 ch\u1ecdn<\/span><\/td>\n<\/tr>\n<tr>\n<td><b>\uc81c\uc5b4 \uc2dc\uc2a4\ud15c<\/b><\/td>\n<td><span style=\"font-weight: 400;\">T\u1ef1 nghi\u00ean c\u1ee9u ph\u00e1t tri\u1ec3n (robot + th\u1ecb gi\u00e1c + b\u1ed9 \u0111i\u1ec1u khi\u1ec3n rung t\u00edch h\u1ee3p)<\/span><\/td>\n<td><\/td>\n<\/tr>\n<tr>\n<td><b>\uc815\ud655\uc131<\/b><\/td>\n<td><span style=\"font-weight: 400;\">Kh\u00f4ng bay: \u00b10.15mmBay: \u00b10.05mm<\/span><\/td>\n<td><\/td>\n<\/tr>\n<tr>\n<td><b>\uc18d\ub3c4<\/b><\/td>\n<td><span style=\"font-weight: 400;\">2500\u20133500 s\u1ea3n ph\u1ea9m\/gi\u1edd<\/span><\/td>\n<td><span style=\"font-weight: 400;\">Tu\u1ef3 theo s\u1ea3n ph\u1ea9m<\/span><\/td>\n<\/tr>\n<tr>\n<td><b>S\u1ed1 l\u01b0\u1ee3ng h\u00fat<\/b><\/td>\n<td><span style=\"font-weight: 400;\">1 chi\u1ebfc<\/span><\/td>\n<td><\/td>\n<\/tr>\n<tr>\n<td><b>Ph\u1ea1m vi x\u1ea3 s\u1ea3n ph\u1ea9m<\/b><\/td>\n<td><span style=\"font-weight: 400;\">350mm \u00d7 250mm<\/span><\/td>\n<td><\/td>\n<\/tr>\n<tr>\n<td><b>\u0110i\u1ec7n \u00e1p s\u1eed d\u1ee5ng<\/b><\/td>\n<td><span style=\"font-weight: 400;\">220V \/ 50HZ<\/span><\/td>\n<td><\/td>\n<\/tr>\n<tr>\n<td><b>\u00c1p su\u1ea5t kh\u00ed ngu\u1ed3n<\/b><\/td>\n<td><span style=\"font-weight: 400;\">0.5\u20130.7 Mpa<\/span><\/td>\n<td><\/td>\n<\/tr>\n<tr>\n<td><b>Tr\u1ecdng l\u01b0\u1ee3ng \/ C\u00f4ng su\u1ea5t<\/b><\/td>\n<td><span style=\"font-weight: 400;\">Kho\u1ea3ng 80KG \/ 2KW<\/span><\/td>\n<td><\/td>\n<\/tr>\n<\/tbody>\n<\/table>\n<p data-start=\"53\" data-end=\"708\"><strong data-start=\"53\" data-end=\"77\">M\u00e1y g\u1eafp \u0111\u0129a nh\u1ec7n m\u1ec1m<\/strong> l\u00e0 m\u1ed9t lo\u1ea1i robot c\u00f3 t\u1ed1c \u0111\u1ed9 v\u00e0 \u0111\u1ed9 ch\u00ednh x\u00e1c cao, hi\u1ec7n \u0111ang \u0111\u01b0\u1ee3c \u1ee9ng d\u1ee5ng r\u1ed9ng r\u00e3i trong l\u0129nh v\u1ef1c c\u1ea5p li\u1ec7u m\u1ec1m. K\u1ebft h\u1ee3p v\u1edbi \u0111\u0129a rung m\u1ec1m, th\u1ecb gi\u00e1c AI, kho ch\u1ee9a, \u0111\u0129a h\u00fat t\u00f9y ch\u1ec9nh,&#8230; \u0111\u00e3 h\u00ecnh th\u00e0nh n\u00ean m\u00e1y g\u1eafp \u0111\u0129a nh\u1ec7n m\u1ec1m th\u00f4ng minh. Trong qu\u00e1 tr\u00ecnh s\u1ea3n xu\u1ea5t t\u1ef1 \u0111\u1ed9ng h\u00f3a \u0111a d\u1ea1ng s\u1ea3n ph\u1ea9m, m\u00e1y g\u1eafp \u0111\u0129a nh\u1ec7n m\u1ec1m ph\u00e1t huy vai tr\u00f2 to l\u1edbn. \u0110\u1eb7c bi\u1ec7t \u0111\u01b0\u1ee3c \u1ee9ng d\u1ee5ng trong c\u00e1c l\u0129nh v\u1ef1c nh\u01b0 linh ki\u1ec7n \u0111i\u1ec7n t\u1eed 3C, thi\u1ebft b\u1ecb y t\u1ebf, ch\u1ea5t b\u00e1n d\u1eabn, linh ki\u1ec7n c\u01a1 kh\u00ed ch\u00ednh x\u00e1c, \u00e9p nh\u1ef1a,&#8230; M\u00e1y g\u1eafp \u0111\u0129a nh\u1ec7n m\u1ec1m c\u00f3 nh\u1eefng \u01b0u \u0111i\u1ec3m n\u1ed5i b\u1eadt nh\u01b0: k\u1ebft c\u1ea5u \u0111\u01a1n gi\u1ea3n, \u0111\u1ed9 ch\u00ednh x\u00e1c cao, t\u1ed1c \u0111\u1ed9 nhanh, t\u00ednh \u1ed5n \u0111\u1ecbnh v\u00e0 \u0111\u1ed9 tin c\u1eady cao, d\u1ec5 s\u1eed d\u1ee5ng v\u00e0 d\u1ec5 v\u1eadn h\u00e0nh.<\/p>\n<p><img loading=\"lazy\" decoding=\"async\" class=\"aligncenter wp-image-3147 size-full\" src=\"https:\/\/swoer.vn\/wp-content\/uploads\/2025\/05\/thong-so-sw-600.png\" alt=\"\" width=\"1366\" height=\"768\" title=\"\" srcset=\"https:\/\/swoer.vn\/wp-content\/uploads\/2025\/05\/thong-so-sw-600.png 1366w, https:\/\/swoer.vn\/wp-content\/uploads\/2025\/05\/thong-so-sw-600-300x169.png 300w, https:\/\/swoer.vn\/wp-content\/uploads\/2025\/05\/thong-so-sw-600-1024x576.png 1024w, https:\/\/swoer.vn\/wp-content\/uploads\/2025\/05\/thong-so-sw-600-768x432.png 768w, https:\/\/swoer.vn\/wp-content\/uploads\/2025\/05\/thong-so-sw-600-18x10.png 18w, https:\/\/swoer.vn\/wp-content\/uploads\/2025\/05\/thong-so-sw-600-600x337.png 600w\" sizes=\"auto, (max-width: 1366px) 100vw, 1366px\" \/><\/p>\n<p data-start=\"62\" data-end=\"308\"><strong data-start=\"62\" data-end=\"86\">M\u00e1y g\u1eafp \u0111\u0129a nh\u1ec7n m\u1ec1m<\/strong> l\u00e0 m\u1ed9t thi\u1ebft b\u1ecb t\u00edch h\u1ee3p cao, k\u1ebft h\u1ee3p gi\u1eefa c\u1ea5p li\u1ec7u m\u1ec1m, th\u1ecb gi\u00e1c AI v\u00e0 robot nh\u1ec7n m\u1ec1m. N\u00f3 c\u00f3 th\u1ec3 t\u1ef1 \u0111\u1ed9ng ho\u00e0n th\u00e0nh vi\u1ec7c nh\u1eadn d\u1ea1ng, \u0111\u1ecbnh v\u1ecb v\u00e0 g\u1eafp linh ki\u1ec7n, l\u00e0 gi\u1ea3i ph\u00e1p l\u00fd t\u01b0\u1edfng cho vi\u1ec7c c\u1ea5p li\u1ec7u ch\u00ednh x\u00e1c, t\u1ed1c \u0111\u1ed9 cao.<\/p>\n<p data-start=\"62\" data-end=\"308\"><img loading=\"lazy\" decoding=\"async\" class=\"aligncenter wp-image-3148 size-full\" src=\"https:\/\/swoer.vn\/wp-content\/uploads\/2025\/05\/hinh-anh-sw-600.png\" alt=\"\" width=\"1366\" height=\"768\" title=\"\" srcset=\"https:\/\/swoer.vn\/wp-content\/uploads\/2025\/05\/hinh-anh-sw-600.png 1366w, https:\/\/swoer.vn\/wp-content\/uploads\/2025\/05\/hinh-anh-sw-600-300x169.png 300w, https:\/\/swoer.vn\/wp-content\/uploads\/2025\/05\/hinh-anh-sw-600-1024x576.png 1024w, https:\/\/swoer.vn\/wp-content\/uploads\/2025\/05\/hinh-anh-sw-600-768x432.png 768w, https:\/\/swoer.vn\/wp-content\/uploads\/2025\/05\/hinh-anh-sw-600-18x10.png 18w, https:\/\/swoer.vn\/wp-content\/uploads\/2025\/05\/hinh-anh-sw-600-600x337.png 600w\" sizes=\"auto, (max-width: 1366px) 100vw, 1366px\" \/><\/p>","protected":false},"excerpt":{"rendered":"<p><strong data-start=\"53\" data-end=\"77\">M\u00e1y g\u1eafp \u0111\u0129a nh\u1ec7n m\u1ec1m<\/strong> l\u00e0 m\u1ed9t lo\u1ea1i robot c\u00f3 t\u1ed1c \u0111\u1ed9 v\u00e0 \u0111\u1ed9 ch\u00ednh x\u00e1c cao, hi\u1ec7n \u0111ang \u0111\u01b0\u1ee3c \u1ee9ng d\u1ee5ng r\u1ed9ng r\u00e3i trong l\u0129nh v\u1ef1c c\u1ea5p li\u1ec7u m\u1ec1m. K\u1ebft h\u1ee3p v\u1edbi \u0111\u0129a rung m\u1ec1m, th\u1ecb gi\u00e1c AI, kho ch\u1ee9a, \u0111\u0129a h\u00fat t\u00f9y ch\u1ec9nh,&#8230; \u0111\u00e3 h\u00ecnh th\u00e0nh n\u00ean m\u00e1y g\u1eafp \u0111\u0129a nh\u1ec7n m\u1ec1m th\u00f4ng minh. Trong qu\u00e1 tr\u00ecnh s\u1ea3n xu\u1ea5t t\u1ef1 \u0111\u1ed9ng h\u00f3a \u0111a d\u1ea1ng s\u1ea3n ph\u1ea9m, m\u00e1y g\u1eafp \u0111\u0129a nh\u1ec7n m\u1ec1m ph\u00e1t huy vai tr\u00f2 to l\u1edbn. \u0110\u1eb7c bi\u1ec7t \u0111\u01b0\u1ee3c \u1ee9ng d\u1ee5ng trong c\u00e1c l\u0129nh v\u1ef1c nh\u01b0 linh ki\u1ec7n \u0111i\u1ec7n t\u1eed 3C, thi\u1ebft b\u1ecb y t\u1ebf, ch\u1ea5t b\u00e1n d\u1eabn, linh ki\u1ec7n c\u01a1 kh\u00ed ch\u00ednh x\u00e1c, \u00e9p nh\u1ef1a,&#8230; M\u00e1y g\u1eafp \u0111\u0129a nh\u1ec7n m\u1ec1m c\u00f3 nh\u1eefng \u01b0u \u0111i\u1ec3m n\u1ed5i b\u1eadt nh\u01b0: k\u1ebft c\u1ea5u \u0111\u01a1n gi\u1ea3n, \u0111\u1ed9 ch\u00ednh x\u00e1c cao, t\u1ed1c \u0111\u1ed9 nhanh, t\u00ednh \u1ed5n \u0111\u1ecbnh v\u00e0 \u0111\u1ed9 tin c\u1eady cao, d\u1ec5 s\u1eed d\u1ee5ng v\u00e0 d\u1ec5 v\u1eadn h\u00e0nh.<\/p>","protected":false},"featured_media":3149,"comment_status":"open","ping_status":"closed","template":"","meta":[],"product_brand":[],"product_cat":[69],"product_tag":[151,150,70],"class_list":{"0":"post-3146","1":"product","2":"type-product","3":"status-publish","4":"has-post-thumbnail","6":"product_cat-delta-robot","7":"product_tag-cap-lieu-linh-hoat","8":"product_tag-delta-robot","9":"product_tag-robot-delta","11":"first","12":"instock","13":"shipping-taxable","14":"product-type-simple"},"yoast_head":"<!-- This site is optimized with the Yoast SEO plugin v26.0 - https:\/\/yoast.com\/wordpress\/plugins\/seo\/ -->\n<title>Robot Delta - B\u1ed9 c\u1ea5p li\u1ec7u linh ho\u1ea1t SW-600 - Nh\u00e0 s\u1ea3n xu\u1ea5t m\u00e1y c\u1ea5p li\u1ec7u c\u00f4ng nghi\u1ec7p<\/title>\n<meta name=\"description\" content=\"Robot delta (nh\u1ec7n m\u1ec1m) l\u00e0 m\u1ed9t thi\u1ebft b\u1ecb t\u00edch h\u1ee3p cao, k\u1ebft h\u1ee3p gi\u1eefa c\u1ea5p li\u1ec7u m\u1ec1m, th\u1ecb gi\u00e1c AI v\u00e0 robot nh\u1ec7n m\u1ec1m. N\u00f3 c\u00f3 th\u1ec3 t\u1ef1 \u0111\u1ed9ng ho\u00e0n th\u00e0nh...\" \/>\n<meta name=\"robots\" content=\"index, follow, max-snippet:-1, max-image-preview:large, max-video-preview:-1\" \/>\n<link rel=\"canonical\" href=\"https:\/\/swoer.vn\/ko\/manufacturer\/robot-delta-bo-cap-lieu-linh-hoat-sw-600\/\" \/>\n<meta property=\"og:locale\" content=\"ko_KR\" \/>\n<meta property=\"og:type\" content=\"article\" \/>\n<meta property=\"og:title\" content=\"Robot Delta - B\u1ed9 c\u1ea5p li\u1ec7u linh ho\u1ea1t SW-600 - Nh\u00e0 s\u1ea3n xu\u1ea5t m\u00e1y c\u1ea5p li\u1ec7u c\u00f4ng nghi\u1ec7p\" \/>\n<meta property=\"og:description\" content=\"Robot delta (nh\u1ec7n m\u1ec1m) l\u00e0 m\u1ed9t thi\u1ebft b\u1ecb t\u00edch h\u1ee3p cao, k\u1ebft h\u1ee3p gi\u1eefa c\u1ea5p li\u1ec7u m\u1ec1m, th\u1ecb gi\u00e1c AI v\u00e0 robot nh\u1ec7n m\u1ec1m. N\u00f3 c\u00f3 th\u1ec3 t\u1ef1 \u0111\u1ed9ng ho\u00e0n th\u00e0nh...\" \/>\n<meta property=\"og:url\" content=\"https:\/\/swoer.vn\/ko\/manufacturer\/robot-delta-bo-cap-lieu-linh-hoat-sw-600\/\" \/>\n<meta property=\"og:site_name\" content=\"Nh\u00e0 s\u1ea3n xu\u1ea5t m\u00e1y c\u1ea5p li\u1ec7u c\u00f4ng nghi\u1ec7p\" \/>\n<meta property=\"og:image\" content=\"https:\/\/swoer.vn\/wp-content\/uploads\/2025\/05\/sw-600.png\" \/>\n\t<meta property=\"og:image:width\" content=\"800\" \/>\n\t<meta property=\"og:image:height\" content=\"800\" \/>\n\t<meta property=\"og:image:type\" content=\"image\/png\" \/>\n<meta name=\"twitter:card\" content=\"summary_large_image\" \/>\n<meta name=\"twitter:label1\" content=\"\uc608\uc0c1 \ub418\ub294 \ud310\ub3c5 \uc2dc\uac04\" \/>\n\t<meta name=\"twitter:data1\" content=\"3\ubd84\" \/>\n<script type=\"application\/ld+json\" class=\"yoast-schema-graph\">{\"@context\":\"https:\/\/schema.org\",\"@graph\":[{\"@type\":\"WebPage\",\"@id\":\"https:\/\/swoer.vn\/manufacturer\/robot-delta-bo-cap-lieu-linh-hoat-sw-600\/\",\"url\":\"https:\/\/swoer.vn\/manufacturer\/robot-delta-bo-cap-lieu-linh-hoat-sw-600\/\",\"name\":\"Robot Delta - B\u1ed9 c\u1ea5p li\u1ec7u linh ho\u1ea1t SW-600 - Nh\u00e0 s\u1ea3n xu\u1ea5t m\u00e1y c\u1ea5p li\u1ec7u c\u00f4ng nghi\u1ec7p\",\"isPartOf\":{\"@id\":\"https:\/\/swoer.vn\/#website\"},\"primaryImageOfPage\":{\"@id\":\"https:\/\/swoer.vn\/manufacturer\/robot-delta-bo-cap-lieu-linh-hoat-sw-600\/#primaryimage\"},\"image\":{\"@id\":\"https:\/\/swoer.vn\/manufacturer\/robot-delta-bo-cap-lieu-linh-hoat-sw-600\/#primaryimage\"},\"thumbnailUrl\":\"https:\/\/swoer.vn\/wp-content\/uploads\/2025\/05\/sw-600.png\",\"datePublished\":\"2025-05-24T03:53:15+00:00\",\"description\":\"Robot delta (nh\u1ec7n m\u1ec1m) l\u00e0 m\u1ed9t thi\u1ebft b\u1ecb t\u00edch h\u1ee3p cao, k\u1ebft h\u1ee3p gi\u1eefa c\u1ea5p li\u1ec7u m\u1ec1m, th\u1ecb gi\u00e1c AI v\u00e0 robot nh\u1ec7n m\u1ec1m. N\u00f3 c\u00f3 th\u1ec3 t\u1ef1 \u0111\u1ed9ng ho\u00e0n th\u00e0nh...\",\"breadcrumb\":{\"@id\":\"https:\/\/swoer.vn\/manufacturer\/robot-delta-bo-cap-lieu-linh-hoat-sw-600\/#breadcrumb\"},\"inLanguage\":\"ko-KR\",\"potentialAction\":[{\"@type\":\"ReadAction\",\"target\":[\"https:\/\/swoer.vn\/manufacturer\/robot-delta-bo-cap-lieu-linh-hoat-sw-600\/\"]}]},{\"@type\":\"ImageObject\",\"inLanguage\":\"ko-KR\",\"@id\":\"https:\/\/swoer.vn\/manufacturer\/robot-delta-bo-cap-lieu-linh-hoat-sw-600\/#primaryimage\",\"url\":\"https:\/\/swoer.vn\/wp-content\/uploads\/2025\/05\/sw-600.png\",\"contentUrl\":\"https:\/\/swoer.vn\/wp-content\/uploads\/2025\/05\/sw-600.png\",\"width\":800,\"height\":800},{\"@type\":\"BreadcrumbList\",\"@id\":\"https:\/\/swoer.vn\/manufacturer\/robot-delta-bo-cap-lieu-linh-hoat-sw-600\/#breadcrumb\",\"itemListElement\":[{\"@type\":\"ListItem\",\"position\":1,\"name\":\"Home\",\"item\":\"https:\/\/swoer.vn\/\"},{\"@type\":\"ListItem\",\"position\":2,\"name\":\"S\u1ea3n ph\u1ea9m\",\"item\":\"https:\/\/swoer.vn\/shop\/\"},{\"@type\":\"ListItem\",\"position\":3,\"name\":\"Robot Delta &#8211; B\u1ed9 c\u1ea5p li\u1ec7u linh ho\u1ea1t SW-600\"}]},{\"@type\":\"WebSite\",\"@id\":\"https:\/\/swoer.vn\/#website\",\"url\":\"https:\/\/swoer.vn\/\",\"name\":\"Nh\u00e0 s\u1ea3n xu\u1ea5t m\u00e1y c\u1ea5p li\u1ec7u c\u00f4ng nghi\u1ec7p\",\"description\":\"Nh\u00e0 cung c\u1ea5p robot, m\u00e1y c\u1ea5p li\u1ec7u linh ho\u1ea1t, m\u00e1y c\u1ea5p li\u1ec7u ly t\u00e2m, m\u00e1y c\u1ea5p li\u1ec7u rung t\u1ef1 \u0111\u1ed9ng\",\"potentialAction\":[{\"@type\":\"SearchAction\",\"target\":{\"@type\":\"EntryPoint\",\"urlTemplate\":\"https:\/\/swoer.vn\/?s={search_term_string}\"},\"query-input\":{\"@type\":\"PropertyValueSpecification\",\"valueRequired\":true,\"valueName\":\"search_term_string\"}}],\"inLanguage\":\"ko-KR\"}]}<\/script>\n<!-- \/ Yoast SEO plugin. -->","yoast_head_json":{"title":"Robot Delta - B\u1ed9 c\u1ea5p li\u1ec7u linh ho\u1ea1t SW-600 - Nh\u00e0 s\u1ea3n xu\u1ea5t m\u00e1y c\u1ea5p li\u1ec7u c\u00f4ng nghi\u1ec7p","description":"Robot delta (nh\u1ec7n m\u1ec1m) l\u00e0 m\u1ed9t thi\u1ebft b\u1ecb t\u00edch h\u1ee3p cao, k\u1ebft h\u1ee3p gi\u1eefa c\u1ea5p li\u1ec7u m\u1ec1m, th\u1ecb gi\u00e1c AI v\u00e0 robot nh\u1ec7n m\u1ec1m. N\u00f3 c\u00f3 th\u1ec3 t\u1ef1 \u0111\u1ed9ng ho\u00e0n th\u00e0nh...","robots":{"index":"index","follow":"follow","max-snippet":"max-snippet:-1","max-image-preview":"max-image-preview:large","max-video-preview":"max-video-preview:-1"},"canonical":"https:\/\/swoer.vn\/ko\/manufacturer\/robot-delta-bo-cap-lieu-linh-hoat-sw-600\/","og_locale":"ko_KR","og_type":"article","og_title":"Robot Delta - B\u1ed9 c\u1ea5p li\u1ec7u linh ho\u1ea1t SW-600 - Nh\u00e0 s\u1ea3n xu\u1ea5t m\u00e1y c\u1ea5p li\u1ec7u c\u00f4ng nghi\u1ec7p","og_description":"Robot delta (nh\u1ec7n m\u1ec1m) l\u00e0 m\u1ed9t thi\u1ebft b\u1ecb t\u00edch h\u1ee3p cao, k\u1ebft h\u1ee3p gi\u1eefa c\u1ea5p li\u1ec7u m\u1ec1m, th\u1ecb gi\u00e1c AI v\u00e0 robot nh\u1ec7n m\u1ec1m. N\u00f3 c\u00f3 th\u1ec3 t\u1ef1 \u0111\u1ed9ng ho\u00e0n th\u00e0nh...","og_url":"https:\/\/swoer.vn\/ko\/manufacturer\/robot-delta-bo-cap-lieu-linh-hoat-sw-600\/","og_site_name":"Nh\u00e0 s\u1ea3n xu\u1ea5t m\u00e1y c\u1ea5p li\u1ec7u c\u00f4ng nghi\u1ec7p","og_image":[{"width":800,"height":800,"url":"https:\/\/swoer.vn\/wp-content\/uploads\/2025\/05\/sw-600.png","type":"image\/png"}],"twitter_card":"summary_large_image","twitter_misc":{"\uc608\uc0c1 \ub418\ub294 \ud310\ub3c5 \uc2dc\uac04":"3\ubd84"},"schema":{"@context":"https:\/\/schema.org","@graph":[{"@type":"WebPage","@id":"https:\/\/swoer.vn\/manufacturer\/robot-delta-bo-cap-lieu-linh-hoat-sw-600\/","url":"https:\/\/swoer.vn\/manufacturer\/robot-delta-bo-cap-lieu-linh-hoat-sw-600\/","name":"Robot Delta - B\u1ed9 c\u1ea5p li\u1ec7u linh ho\u1ea1t SW-600 - Nh\u00e0 s\u1ea3n xu\u1ea5t m\u00e1y c\u1ea5p li\u1ec7u c\u00f4ng nghi\u1ec7p","isPartOf":{"@id":"https:\/\/swoer.vn\/#website"},"primaryImageOfPage":{"@id":"https:\/\/swoer.vn\/manufacturer\/robot-delta-bo-cap-lieu-linh-hoat-sw-600\/#primaryimage"},"image":{"@id":"https:\/\/swoer.vn\/manufacturer\/robot-delta-bo-cap-lieu-linh-hoat-sw-600\/#primaryimage"},"thumbnailUrl":"https:\/\/swoer.vn\/wp-content\/uploads\/2025\/05\/sw-600.png","datePublished":"2025-05-24T03:53:15+00:00","description":"Robot delta (nh\u1ec7n m\u1ec1m) l\u00e0 m\u1ed9t thi\u1ebft b\u1ecb t\u00edch h\u1ee3p cao, k\u1ebft h\u1ee3p gi\u1eefa c\u1ea5p li\u1ec7u m\u1ec1m, th\u1ecb gi\u00e1c AI v\u00e0 robot nh\u1ec7n m\u1ec1m. N\u00f3 c\u00f3 th\u1ec3 t\u1ef1 \u0111\u1ed9ng ho\u00e0n th\u00e0nh...","breadcrumb":{"@id":"https:\/\/swoer.vn\/manufacturer\/robot-delta-bo-cap-lieu-linh-hoat-sw-600\/#breadcrumb"},"inLanguage":"ko-KR","potentialAction":[{"@type":"ReadAction","target":["https:\/\/swoer.vn\/manufacturer\/robot-delta-bo-cap-lieu-linh-hoat-sw-600\/"]}]},{"@type":"ImageObject","inLanguage":"ko-KR","@id":"https:\/\/swoer.vn\/manufacturer\/robot-delta-bo-cap-lieu-linh-hoat-sw-600\/#primaryimage","url":"https:\/\/swoer.vn\/wp-content\/uploads\/2025\/05\/sw-600.png","contentUrl":"https:\/\/swoer.vn\/wp-content\/uploads\/2025\/05\/sw-600.png","width":800,"height":800},{"@type":"BreadcrumbList","@id":"https:\/\/swoer.vn\/manufacturer\/robot-delta-bo-cap-lieu-linh-hoat-sw-600\/#breadcrumb","itemListElement":[{"@type":"ListItem","position":1,"name":"Home","item":"https:\/\/swoer.vn\/"},{"@type":"ListItem","position":2,"name":"S\u1ea3n ph\u1ea9m","item":"https:\/\/swoer.vn\/shop\/"},{"@type":"ListItem","position":3,"name":"Robot Delta &#8211; B\u1ed9 c\u1ea5p li\u1ec7u linh ho\u1ea1t SW-600"}]},{"@type":"WebSite","@id":"https:\/\/swoer.vn\/#website","url":"https:\/\/swoer.vn\/","name":"\uc0b0\uc5c5\uc6a9 \ud53c\ub354 \uc81c\uc870\uc5c5\uccb4","description":"\ub85c\ubd07, \ud50c\ub809\uc2dc\ube14 \ud53c\ub354, \uc6d0\uc2ec \ud53c\ub354, \uc790\ub3d9 \uc9c4\ub3d9 \ud53c\ub354 \uacf5\uae09\uc5c5\uccb4","potentialAction":[{"@type":"SearchAction","target":{"@type":"EntryPoint","urlTemplate":"https:\/\/swoer.vn\/?s={search_term_string}"},"query-input":{"@type":"PropertyValueSpecification","valueRequired":true,"valueName":"search_term_string"}}],"inLanguage":"ko-KR"}]}},"_links":{"self":[{"href":"https:\/\/swoer.vn\/ko\/wp-json\/wp\/v2\/product\/3146","targetHints":{"allow":["GET"]}}],"collection":[{"href":"https:\/\/swoer.vn\/ko\/wp-json\/wp\/v2\/product"}],"about":[{"href":"https:\/\/swoer.vn\/ko\/wp-json\/wp\/v2\/types\/product"}],"replies":[{"embeddable":true,"href":"https:\/\/swoer.vn\/ko\/wp-json\/wp\/v2\/comments?post=3146"}],"wp:featuredmedia":[{"embeddable":true,"href":"https:\/\/swoer.vn\/ko\/wp-json\/wp\/v2\/media\/3149"}],"wp:attachment":[{"href":"https:\/\/swoer.vn\/ko\/wp-json\/wp\/v2\/media?parent=3146"}],"wp:term":[{"taxonomy":"product_brand","embeddable":true,"href":"https:\/\/swoer.vn\/ko\/wp-json\/wp\/v2\/product_brand?post=3146"},{"taxonomy":"product_cat","embeddable":true,"href":"https:\/\/swoer.vn\/ko\/wp-json\/wp\/v2\/product_cat?post=3146"},{"taxonomy":"product_tag","embeddable":true,"href":"https:\/\/swoer.vn\/ko\/wp-json\/wp\/v2\/product_tag?post=3146"}],"curies":[{"name":"wp","href":"https:\/\/api.w.org\/{rel}","templated":true}]}}