{"id":2991,"date":"2025-05-08T15:14:04","date_gmt":"2025-05-08T08:14:04","guid":{"rendered":"https:\/\/swoer.vn\/?post_type=product&#038;p=2991"},"modified":"2025-05-08T15:59:39","modified_gmt":"2025-05-08T08:59:39","slug":"may-dan-nhan-cuon-hoan-toan-tu-dong","status":"publish","type":"product","link":"https:\/\/swoer.vn\/ko\/manufacturer\/may-dan-nhan-cuon-hoan-toan-tu-dong\/","title":{"rendered":"M\u00e1y d\u00e1n nh\u00e3n cu\u1ed9n ho\u00e0n to\u00e0n t\u1ef1 \u0111\u1ed9ng"},"content":{"rendered":"<h2><span style=\"font-weight: 400;\">1. C\u00f4ng d\u1ee5ng ch\u00ednh<\/span><\/h2>\n<ul>\n<li style=\"font-weight: 400;\" aria-level=\"1\"><span style=\"font-weight: 400;\">D\u00e1n nh\u00e3n to\u00e0n b\u1ed9 ho\u1eb7c n\u1eeda chu vi, m\u1eb7t tr\u01b0\u1edbc v\u00e0 m\u1eb7t sau cho nhi\u1ec1u s\u1ea3n ph\u1ea9m h\u00ecnh tr\u1ee5 nh\u01b0: Lon th\u1ef1c ph\u1ea9m, chai nh\u1ef1a m\u1ef9 ph\u1ea9m, l\u1ecd thu\u1ed1c,&#8230;<\/span><\/li>\n<li style=\"font-weight: 400;\" aria-level=\"1\"><span style=\"font-weight: 400;\">C\u00f3 th\u1ec3 t\u00edch h\u1ee3p <\/span><b>m\u00e1y m\u00e3 h\u00f3a ruy b\u0103ng<\/b><span style=\"font-weight: 400;\">, cho ph\u00e9p <\/span><b>in s\u1ed1 l\u00f4, ng\u00e0y s\u1ea3n xu\u1ea5t<\/b><span style=\"font-weight: 400;\"> c\u00f9ng l\u00fac v\u1edbi d\u00e1n nh\u00e3n.<\/span><\/li>\n<\/ul>\n<h2><span style=\"font-weight: 400;\">2. Ph\u1ea1m vi s\u1eed d\u1ee5ng<\/span><\/h2>\n<ul>\n<li style=\"font-weight: 400;\" aria-level=\"1\"><b>Lo\u1ea1i nh\u00e3n \u00e1p d\u1ee5ng<\/b><span style=\"font-weight: 400;\">: T\u1ef1 d\u00ednh, m\u00e0ng t\u1ef1 d\u00ednh, m\u00e3 v\u1ea1ch, m\u00e3 gi\u00e1m s\u00e1t \u0111i\u1ec7n t\u1eed,&#8230;<\/span><\/li>\n<li style=\"font-weight: 400;\" aria-level=\"1\"><b>Lo\u1ea1i s\u1ea3n ph\u1ea9m \u00e1p d\u1ee5ng<\/b><span style=\"font-weight: 400;\">: C\u00e1c s\u1ea3n ph\u1ea9m c\u1ea7n d\u00e1n nh\u00e3n quanh th\u00e2n ho\u1eb7c b\u1ec1 m\u1eb7t h\u00ecnh n\u00f3n.<\/span><\/li>\n<li style=\"font-weight: 400;\" aria-level=\"1\"><b>Ng\u00e0nh ngh\u1ec1 ph\u00f9 h\u1ee3p<\/b><span style=\"font-weight: 400;\">: Th\u1ef1c ph\u1ea9m, d\u01b0\u1ee3c ph\u1ea9m, m\u1ef9 ph\u1ea9m, h\u00f3a ch\u1ea5t, \u0111i\u1ec7n t\u1eed, ph\u1ea7n c\u1ee9ng, nh\u1ef1a,&#8230;<\/span><\/li>\n<li style=\"font-weight: 400;\" aria-level=\"1\"><b>V\u00ed d\u1ee5 \u1ee9ng d\u1ee5ng<\/b><span style=\"font-weight: 400;\">: Nh\u00e3n chai tr\u00f2n PET, nh\u00e3n h\u1ed9p nh\u1ef1a, nh\u00e3n h\u1ed9p th\u1ef1c ph\u1ea9m,&#8230;<\/span><\/li>\n<\/ul>\n<h2><span style=\"font-weight: 400;\">3. Th\u00f4ng s\u1ed1 k\u1ef9 thu\u1eadt<\/span><\/h2>\n<table>\n<tbody>\n<tr>\n<td><b>\ub9e4\uac1c\ubcc0\uc218<\/b><\/td>\n<td><b>Gi\u00e1 tr\u1ecb<\/b><\/td>\n<\/tr>\n<tr>\n<td><span style=\"font-weight: 400;\">\uc720\ud615<\/span><\/td>\n<td><span style=\"font-weight: 400;\">SW-DS601<\/span><\/td>\n<\/tr>\n<tr>\n<td><span style=\"font-weight: 400;\">\u0110\u1ed9 ch\u00ednh x\u00e1c d\u00e1n nh\u00e3n<\/span><\/td>\n<td><span style=\"font-weight: 400;\">\u00b11mm (kh\u00f4ng t\u00ednh sai s\u1ed1 t\u1eeb s\u1ea3n ph\u1ea9m &amp; nh\u00e3n)<\/span><\/td>\n<\/tr>\n<tr>\n<td><span style=\"font-weight: 400;\">T\u1ed1c \u0111\u1ed9 d\u00e1n nh\u00e3n<\/span><\/td>\n<td><span style=\"font-weight: 400;\">60 \u2013 100 s\u1ea3n ph\u1ea9m\/ph\u00fat (t\u00f9y k\u00edch th\u01b0\u1edbc nh\u00e3n)<\/span><\/td>\n<\/tr>\n<tr>\n<td><span style=\"font-weight: 400;\">\u0110\u01b0\u1eddng k\u00ednh s\u1ea3n ph\u1ea9m<\/span><\/td>\n<td><span style=\"font-weight: 400;\">\u03a630 \u2013 \u03a6150 mm<\/span><\/td>\n<\/tr>\n<tr>\n<td><span style=\"font-weight: 400;\">K\u00edch th\u01b0\u1edbc nh\u00e3n<\/span><\/td>\n<td><span style=\"font-weight: 400;\">R\u1ed9ng 15 \u2013 110 mm \/ D\u00e0i \u2265 20 mm<\/span><\/td>\n<\/tr>\n<tr>\n<td><span style=\"font-weight: 400;\">K\u00edch th\u01b0\u1edbc m\u00e1y<\/span><\/td>\n<td><span style=\"font-weight: 400;\">1800 \u00d7 900 \u00d7 1300 mm (D\u00e0i \u00d7 R\u1ed9ng \u00d7 Cao)<\/span><\/td>\n<\/tr>\n<tr>\n<td><span style=\"font-weight: 400;\">\uc804\uc6d0 \uacf5\uae09<\/span><\/td>\n<td><span style=\"font-weight: 400;\">220V, 50\/60Hz<\/span><\/td>\n<\/tr>\n<tr>\n<td><span style=\"font-weight: 400;\">Tr\u1ecdng l\u01b0\u1ee3ng m\u00e1y<\/span><\/td>\n<td><span style=\"font-weight: 400;\">180 kg<\/span><\/td>\n<\/tr>\n<\/tbody>\n<\/table>\n<p>&nbsp;<\/p>","protected":false},"excerpt":{"rendered":"<p class=\"\" data-start=\"131\" data-end=\"593\">M\u00e1y d\u00e1n nh\u00e3n cu\u1ed9n ho\u00e0n to\u00e0n t\u1ef1 \u0111\u1ed9ng c\u1ee7a SWOER l\u00e0 gi\u1ea3i ph\u00e1p t\u1ed1i \u01b0u cho doanh nghi\u1ec7p c\u1ea7n t\u0103ng t\u1ed1c \u0111\u1ed9 v\u00e0 \u0111\u1ed9 ch\u00ednh x\u00e1c trong kh\u00e2u d\u00e1n nh\u00e3n. V\u1edbi kh\u1ea3 n\u0103ng x\u1eed l\u00fd linh ho\u1ea1t nhi\u1ec1u lo\u1ea1i s\u1ea3n ph\u1ea9m tr\u00f2n nh\u01b0 chai l\u1ecd, lon h\u1ed9p,\u2026 thi\u1ebft b\u1ecb n\u00e0y kh\u00f4ng ch\u1ec9 \u0111\u1ea3m b\u1ea3o t\u00ednh th\u1ea9m m\u1ef9 cao m\u00e0 c\u00f2n c\u00f3 th\u1ec3 t\u00edch h\u1ee3p in m\u00e3 s\u1ed1 l\u00f4 v\u00e0 ng\u00e0y s\u1ea3n xu\u1ea5t, gi\u00fap \u0111\u1ed3ng b\u1ed9 quy tr\u00ecnh \u0111\u00f3ng g\u00f3i m\u1ed9t c\u00e1ch chuy\u00ean nghi\u1ec7p. \u0110\u00e2y l\u00e0 l\u1ef1a ch\u1ecdn l\u00fd t\u01b0\u1edfng cho c\u00e1c ng\u00e0nh th\u1ef1c ph\u1ea9m, m\u1ef9 ph\u1ea9m, d\u01b0\u1ee3c ph\u1ea9m v\u00e0 nhi\u1ec1u l\u0129nh v\u1ef1c kh\u00e1c.<\/p>","protected":false},"featured_media":2992,"comment_status":"open","ping_status":"closed","template":"","meta":[],"product_brand":[],"product_cat":[149],"product_tag":[143,144],"class_list":{"0":"post-2991","1":"product","2":"type-product","3":"status-publish","4":"has-post-thumbnail","6":"product_cat-may-dan-nhan-tu-dong","7":"product_tag-may-dan-nhan","8":"product_tag-may-dan-nhan-tu-dong","10":"first","11":"instock","12":"shipping-taxable","13":"product-type-simple"},"yoast_head":"<!-- This site is optimized with the Yoast SEO plugin v26.0 - https:\/\/yoast.com\/wordpress\/plugins\/seo\/ -->\n<title>M\u00e1y d\u00e1n nh\u00e3n cu\u1ed9n ho\u00e0n to\u00e0n t\u1ef1 \u0111\u1ed9ng - Nh\u00e0 s\u1ea3n xu\u1ea5t m\u00e1y c\u1ea5p li\u1ec7u c\u00f4ng nghi\u1ec7p<\/title>\n<meta name=\"description\" content=\"M\u00e1y d\u00e1n nh\u00e3n cu\u1ed9n t\u1ef1 \u0111\u1ed9ng SWOER \u2013 d\u00e1n nhanh, ch\u00ednh x\u00e1c cho chai l\u1ecd, lon h\u1ed9p. T\u00edch h\u1ee3p in m\u00e3 l\u00f4, t\u1ed1i \u01b0u \u0111\u00f3ng g\u00f3i chuy\u00ean nghi\u1ec7p!\" \/>\n<meta name=\"robots\" content=\"index, follow, max-snippet:-1, max-image-preview:large, max-video-preview:-1\" \/>\n<link rel=\"canonical\" href=\"https:\/\/swoer.vn\/ko\/manufacturer\/may-dan-nhan-cuon-hoan-toan-tu-dong\/\" \/>\n<meta property=\"og:locale\" content=\"ko_KR\" \/>\n<meta property=\"og:type\" content=\"article\" \/>\n<meta property=\"og:title\" content=\"M\u00e1y d\u00e1n nh\u00e3n cu\u1ed9n ho\u00e0n to\u00e0n t\u1ef1 \u0111\u1ed9ng - Nh\u00e0 s\u1ea3n xu\u1ea5t m\u00e1y c\u1ea5p li\u1ec7u c\u00f4ng nghi\u1ec7p\" \/>\n<meta property=\"og:description\" content=\"M\u00e1y d\u00e1n nh\u00e3n cu\u1ed9n t\u1ef1 \u0111\u1ed9ng SWOER \u2013 d\u00e1n nhanh, ch\u00ednh x\u00e1c cho chai l\u1ecd, lon h\u1ed9p. T\u00edch h\u1ee3p in m\u00e3 l\u00f4, t\u1ed1i \u01b0u \u0111\u00f3ng g\u00f3i chuy\u00ean nghi\u1ec7p!\" \/>\n<meta property=\"og:url\" content=\"https:\/\/swoer.vn\/ko\/manufacturer\/may-dan-nhan-cuon-hoan-toan-tu-dong\/\" \/>\n<meta property=\"og:site_name\" content=\"Nh\u00e0 s\u1ea3n xu\u1ea5t m\u00e1y c\u1ea5p li\u1ec7u c\u00f4ng nghi\u1ec7p\" \/>\n<meta property=\"article:modified_time\" content=\"2025-05-08T08:59:39+00:00\" \/>\n<meta property=\"og:image\" content=\"https:\/\/swoer.vn\/wp-content\/uploads\/2025\/05\/may-dan-nhan-cuon-hoan-toan-tu-dong.webp\" \/>\n\t<meta property=\"og:image:width\" content=\"800\" \/>\n\t<meta property=\"og:image:height\" content=\"800\" \/>\n\t<meta property=\"og:image:type\" content=\"image\/webp\" \/>\n<meta name=\"twitter:card\" content=\"summary_large_image\" \/>\n<meta name=\"twitter:label1\" content=\"\uc608\uc0c1 \ub418\ub294 \ud310\ub3c5 \uc2dc\uac04\" \/>\n\t<meta name=\"twitter:data1\" content=\"2\ubd84\" \/>\n<script type=\"application\/ld+json\" class=\"yoast-schema-graph\">{\"@context\":\"https:\/\/schema.org\",\"@graph\":[{\"@type\":\"WebPage\",\"@id\":\"https:\/\/swoer.vn\/manufacturer\/may-dan-nhan-cuon-hoan-toan-tu-dong\/\",\"url\":\"https:\/\/swoer.vn\/manufacturer\/may-dan-nhan-cuon-hoan-toan-tu-dong\/\",\"name\":\"M\u00e1y d\u00e1n nh\u00e3n cu\u1ed9n ho\u00e0n to\u00e0n t\u1ef1 \u0111\u1ed9ng - Nh\u00e0 s\u1ea3n xu\u1ea5t m\u00e1y c\u1ea5p li\u1ec7u c\u00f4ng nghi\u1ec7p\",\"isPartOf\":{\"@id\":\"https:\/\/swoer.vn\/#website\"},\"primaryImageOfPage\":{\"@id\":\"https:\/\/swoer.vn\/manufacturer\/may-dan-nhan-cuon-hoan-toan-tu-dong\/#primaryimage\"},\"image\":{\"@id\":\"https:\/\/swoer.vn\/manufacturer\/may-dan-nhan-cuon-hoan-toan-tu-dong\/#primaryimage\"},\"thumbnailUrl\":\"https:\/\/swoer.vn\/wp-content\/uploads\/2025\/05\/may-dan-nhan-cuon-hoan-toan-tu-dong.webp\",\"datePublished\":\"2025-05-08T08:14:04+00:00\",\"dateModified\":\"2025-05-08T08:59:39+00:00\",\"description\":\"M\u00e1y d\u00e1n nh\u00e3n cu\u1ed9n t\u1ef1 \u0111\u1ed9ng SWOER \u2013 d\u00e1n nhanh, ch\u00ednh x\u00e1c cho chai l\u1ecd, lon h\u1ed9p. T\u00edch h\u1ee3p in m\u00e3 l\u00f4, t\u1ed1i \u01b0u \u0111\u00f3ng g\u00f3i chuy\u00ean nghi\u1ec7p!\",\"breadcrumb\":{\"@id\":\"https:\/\/swoer.vn\/manufacturer\/may-dan-nhan-cuon-hoan-toan-tu-dong\/#breadcrumb\"},\"inLanguage\":\"ko-KR\",\"potentialAction\":[{\"@type\":\"ReadAction\",\"target\":[\"https:\/\/swoer.vn\/manufacturer\/may-dan-nhan-cuon-hoan-toan-tu-dong\/\"]}]},{\"@type\":\"ImageObject\",\"inLanguage\":\"ko-KR\",\"@id\":\"https:\/\/swoer.vn\/manufacturer\/may-dan-nhan-cuon-hoan-toan-tu-dong\/#primaryimage\",\"url\":\"https:\/\/swoer.vn\/wp-content\/uploads\/2025\/05\/may-dan-nhan-cuon-hoan-toan-tu-dong.webp\",\"contentUrl\":\"https:\/\/swoer.vn\/wp-content\/uploads\/2025\/05\/may-dan-nhan-cuon-hoan-toan-tu-dong.webp\",\"width\":800,\"height\":800,\"caption\":\"m\u00e1y d\u00e1n nh\u00e3n cu\u1ed9n ho\u00e0n to\u00e0n t\u1ef1 \u0111\u1ed9ng\"},{\"@type\":\"BreadcrumbList\",\"@id\":\"https:\/\/swoer.vn\/manufacturer\/may-dan-nhan-cuon-hoan-toan-tu-dong\/#breadcrumb\",\"itemListElement\":[{\"@type\":\"ListItem\",\"position\":1,\"name\":\"Home\",\"item\":\"https:\/\/swoer.vn\/\"},{\"@type\":\"ListItem\",\"position\":2,\"name\":\"S\u1ea3n ph\u1ea9m\",\"item\":\"https:\/\/swoer.vn\/shop\/\"},{\"@type\":\"ListItem\",\"position\":3,\"name\":\"M\u00e1y d\u00e1n nh\u00e3n cu\u1ed9n ho\u00e0n to\u00e0n t\u1ef1 \u0111\u1ed9ng\"}]},{\"@type\":\"WebSite\",\"@id\":\"https:\/\/swoer.vn\/#website\",\"url\":\"https:\/\/swoer.vn\/\",\"name\":\"Nh\u00e0 s\u1ea3n xu\u1ea5t m\u00e1y c\u1ea5p li\u1ec7u c\u00f4ng nghi\u1ec7p\",\"description\":\"Nh\u00e0 cung c\u1ea5p robot, m\u00e1y c\u1ea5p li\u1ec7u linh ho\u1ea1t, m\u00e1y c\u1ea5p li\u1ec7u ly t\u00e2m, m\u00e1y c\u1ea5p li\u1ec7u rung t\u1ef1 \u0111\u1ed9ng\",\"potentialAction\":[{\"@type\":\"SearchAction\",\"target\":{\"@type\":\"EntryPoint\",\"urlTemplate\":\"https:\/\/swoer.vn\/?s={search_term_string}\"},\"query-input\":{\"@type\":\"PropertyValueSpecification\",\"valueRequired\":true,\"valueName\":\"search_term_string\"}}],\"inLanguage\":\"ko-KR\"}]}<\/script>\n<!-- \/ Yoast SEO plugin. -->","yoast_head_json":{"title":"M\u00e1y d\u00e1n nh\u00e3n cu\u1ed9n ho\u00e0n to\u00e0n t\u1ef1 \u0111\u1ed9ng - Nh\u00e0 s\u1ea3n xu\u1ea5t m\u00e1y c\u1ea5p li\u1ec7u c\u00f4ng nghi\u1ec7p","description":"M\u00e1y d\u00e1n nh\u00e3n cu\u1ed9n t\u1ef1 \u0111\u1ed9ng SWOER \u2013 d\u00e1n nhanh, ch\u00ednh x\u00e1c cho chai l\u1ecd, lon h\u1ed9p. T\u00edch h\u1ee3p in m\u00e3 l\u00f4, t\u1ed1i \u01b0u \u0111\u00f3ng g\u00f3i chuy\u00ean nghi\u1ec7p!","robots":{"index":"index","follow":"follow","max-snippet":"max-snippet:-1","max-image-preview":"max-image-preview:large","max-video-preview":"max-video-preview:-1"},"canonical":"https:\/\/swoer.vn\/ko\/manufacturer\/may-dan-nhan-cuon-hoan-toan-tu-dong\/","og_locale":"ko_KR","og_type":"article","og_title":"M\u00e1y d\u00e1n nh\u00e3n cu\u1ed9n ho\u00e0n to\u00e0n t\u1ef1 \u0111\u1ed9ng - Nh\u00e0 s\u1ea3n xu\u1ea5t m\u00e1y c\u1ea5p li\u1ec7u c\u00f4ng nghi\u1ec7p","og_description":"M\u00e1y d\u00e1n nh\u00e3n cu\u1ed9n t\u1ef1 \u0111\u1ed9ng SWOER \u2013 d\u00e1n nhanh, ch\u00ednh x\u00e1c cho chai l\u1ecd, lon h\u1ed9p. T\u00edch h\u1ee3p in m\u00e3 l\u00f4, t\u1ed1i \u01b0u \u0111\u00f3ng g\u00f3i chuy\u00ean nghi\u1ec7p!","og_url":"https:\/\/swoer.vn\/ko\/manufacturer\/may-dan-nhan-cuon-hoan-toan-tu-dong\/","og_site_name":"Nh\u00e0 s\u1ea3n xu\u1ea5t m\u00e1y c\u1ea5p li\u1ec7u c\u00f4ng nghi\u1ec7p","article_modified_time":"2025-05-08T08:59:39+00:00","og_image":[{"width":800,"height":800,"url":"https:\/\/swoer.vn\/wp-content\/uploads\/2025\/05\/may-dan-nhan-cuon-hoan-toan-tu-dong.webp","type":"image\/webp"}],"twitter_card":"summary_large_image","twitter_misc":{"\uc608\uc0c1 \ub418\ub294 \ud310\ub3c5 \uc2dc\uac04":"2\ubd84"},"schema":{"@context":"https:\/\/schema.org","@graph":[{"@type":"WebPage","@id":"https:\/\/swoer.vn\/manufacturer\/may-dan-nhan-cuon-hoan-toan-tu-dong\/","url":"https:\/\/swoer.vn\/manufacturer\/may-dan-nhan-cuon-hoan-toan-tu-dong\/","name":"M\u00e1y d\u00e1n nh\u00e3n cu\u1ed9n ho\u00e0n to\u00e0n t\u1ef1 \u0111\u1ed9ng - Nh\u00e0 s\u1ea3n xu\u1ea5t m\u00e1y c\u1ea5p li\u1ec7u c\u00f4ng nghi\u1ec7p","isPartOf":{"@id":"https:\/\/swoer.vn\/#website"},"primaryImageOfPage":{"@id":"https:\/\/swoer.vn\/manufacturer\/may-dan-nhan-cuon-hoan-toan-tu-dong\/#primaryimage"},"image":{"@id":"https:\/\/swoer.vn\/manufacturer\/may-dan-nhan-cuon-hoan-toan-tu-dong\/#primaryimage"},"thumbnailUrl":"https:\/\/swoer.vn\/wp-content\/uploads\/2025\/05\/may-dan-nhan-cuon-hoan-toan-tu-dong.webp","datePublished":"2025-05-08T08:14:04+00:00","dateModified":"2025-05-08T08:59:39+00:00","description":"M\u00e1y d\u00e1n nh\u00e3n cu\u1ed9n t\u1ef1 \u0111\u1ed9ng SWOER \u2013 d\u00e1n nhanh, ch\u00ednh x\u00e1c cho chai l\u1ecd, lon h\u1ed9p. T\u00edch h\u1ee3p in m\u00e3 l\u00f4, t\u1ed1i \u01b0u \u0111\u00f3ng g\u00f3i chuy\u00ean nghi\u1ec7p!","breadcrumb":{"@id":"https:\/\/swoer.vn\/manufacturer\/may-dan-nhan-cuon-hoan-toan-tu-dong\/#breadcrumb"},"inLanguage":"ko-KR","potentialAction":[{"@type":"ReadAction","target":["https:\/\/swoer.vn\/manufacturer\/may-dan-nhan-cuon-hoan-toan-tu-dong\/"]}]},{"@type":"ImageObject","inLanguage":"ko-KR","@id":"https:\/\/swoer.vn\/manufacturer\/may-dan-nhan-cuon-hoan-toan-tu-dong\/#primaryimage","url":"https:\/\/swoer.vn\/wp-content\/uploads\/2025\/05\/may-dan-nhan-cuon-hoan-toan-tu-dong.webp","contentUrl":"https:\/\/swoer.vn\/wp-content\/uploads\/2025\/05\/may-dan-nhan-cuon-hoan-toan-tu-dong.webp","width":800,"height":800,"caption":"m\u00e1y d\u00e1n nh\u00e3n cu\u1ed9n ho\u00e0n to\u00e0n t\u1ef1 \u0111\u1ed9ng"},{"@type":"BreadcrumbList","@id":"https:\/\/swoer.vn\/manufacturer\/may-dan-nhan-cuon-hoan-toan-tu-dong\/#breadcrumb","itemListElement":[{"@type":"ListItem","position":1,"name":"Home","item":"https:\/\/swoer.vn\/"},{"@type":"ListItem","position":2,"name":"S\u1ea3n ph\u1ea9m","item":"https:\/\/swoer.vn\/shop\/"},{"@type":"ListItem","position":3,"name":"M\u00e1y d\u00e1n nh\u00e3n cu\u1ed9n ho\u00e0n to\u00e0n t\u1ef1 \u0111\u1ed9ng"}]},{"@type":"WebSite","@id":"https:\/\/swoer.vn\/#website","url":"https:\/\/swoer.vn\/","name":"\uc0b0\uc5c5\uc6a9 \ud53c\ub354 \uc81c\uc870\uc5c5\uccb4","description":"\ub85c\ubd07, \ud50c\ub809\uc2dc\ube14 \ud53c\ub354, \uc6d0\uc2ec \ud53c\ub354, \uc790\ub3d9 \uc9c4\ub3d9 \ud53c\ub354 \uacf5\uae09\uc5c5\uccb4","potentialAction":[{"@type":"SearchAction","target":{"@type":"EntryPoint","urlTemplate":"https:\/\/swoer.vn\/?s={search_term_string}"},"query-input":{"@type":"PropertyValueSpecification","valueRequired":true,"valueName":"search_term_string"}}],"inLanguage":"ko-KR"}]}},"_links":{"self":[{"href":"https:\/\/swoer.vn\/ko\/wp-json\/wp\/v2\/product\/2991","targetHints":{"allow":["GET"]}}],"collection":[{"href":"https:\/\/swoer.vn\/ko\/wp-json\/wp\/v2\/product"}],"about":[{"href":"https:\/\/swoer.vn\/ko\/wp-json\/wp\/v2\/types\/product"}],"replies":[{"embeddable":true,"href":"https:\/\/swoer.vn\/ko\/wp-json\/wp\/v2\/comments?post=2991"}],"wp:featuredmedia":[{"embeddable":true,"href":"https:\/\/swoer.vn\/ko\/wp-json\/wp\/v2\/media\/2992"}],"wp:attachment":[{"href":"https:\/\/swoer.vn\/ko\/wp-json\/wp\/v2\/media?parent=2991"}],"wp:term":[{"taxonomy":"product_brand","embeddable":true,"href":"https:\/\/swoer.vn\/ko\/wp-json\/wp\/v2\/product_brand?post=2991"},{"taxonomy":"product_cat","embeddable":true,"href":"https:\/\/swoer.vn\/ko\/wp-json\/wp\/v2\/product_cat?post=2991"},{"taxonomy":"product_tag","embeddable":true,"href":"https:\/\/swoer.vn\/ko\/wp-json\/wp\/v2\/product_tag?post=2991"}],"curies":[{"name":"wp","href":"https:\/\/api.w.org\/{rel}","templated":true}]}}