{"id":2788,"date":"2025-04-01T16:41:25","date_gmt":"2025-04-01T09:41:25","guid":{"rendered":"https:\/\/swoer.vn\/?post_type=product&#038;p=2788"},"modified":"2025-04-01T16:41:26","modified_gmt":"2025-04-01T09:41:26","slug":"may-lap-rap-vong-xop-tu-dong","status":"publish","type":"product","link":"https:\/\/swoer.vn\/ko\/manufacturer\/may-lap-rap-vong-xop-tu-dong\/","title":{"rendered":"M\u00e1y l\u1eafp r\u00e1p v\u00f2ng x\u1ed1p t\u1ef1 \u0111\u1ed9ng"},"content":{"rendered":"<h2><span style=\"font-weight: 400;\">\uc81c\ud488 \uc815\ubcf4:<\/span><\/h2>\n<table style=\"height: 403px;\" width=\"573\">\n<tbody>\n<tr>\n<td>\n<p style=\"text-align: center;\"><span style=\"font-weight: 400;\">T\u00ean thi\u1ebft b\u1ecb<\/span><\/p>\n<\/td>\n<td style=\"text-align: center;\"><span style=\"font-weight: 400;\">M\u00e1y l\u1eafp r\u00e1p v\u00f2ng x\u1ed1p t\u1ef1 \u0111\u1ed9ng<\/span><\/td>\n<\/tr>\n<tr>\n<td style=\"text-align: center;\"><span style=\"font-weight: 400;\">\uc804\uc6d0 \uacf5\uae09<\/span><\/td>\n<td>\n<p style=\"text-align: center;\"><span style=\"font-weight: 400;\">100V-500V 50\/60Hz<\/span><\/p>\n<\/td>\n<\/tr>\n<tr>\n<td>\n<p style=\"text-align: center;\"><span style=\"font-weight: 400;\">\u00c1p su\u1ea5t<\/span><\/p>\n<\/td>\n<td style=\"text-align: center;\"><span style=\"font-weight: 400;\">&gt; 0.5 MPa<\/span><\/td>\n<\/tr>\n<tr>\n<td style=\"text-align: center;\"><span style=\"font-weight: 400;\">K\u00edch th\u01b0\u1edbc c\u01a1 h\u1ecdc<\/span><\/td>\n<td>\n<p style=\"text-align: center;\"><span style=\"font-weight: 400;\">1200 * 750 * 1850 (mm)<\/span><\/p>\n<\/td>\n<\/tr>\n<tr>\n<td>\n<p style=\"text-align: center;\"><span style=\"font-weight: 400;\">\uc0dd\uc0b0\ub825<\/span><\/p>\n<\/td>\n<td style=\"text-align: center;\"><span style=\"font-weight: 400;\">1800 s\u1ea3n ph\u1ea9m\/gi\u1edd<\/span><\/td>\n<\/tr>\n<tr>\n<td style=\"text-align: center;\"><span style=\"font-weight: 400;\">\uc6a9\ub7c9<\/span><\/td>\n<td>\n<p style=\"text-align: center;\"><span style=\"font-weight: 400;\">650W<\/span><\/p>\n<\/td>\n<\/tr>\n<tr>\n<td><span style=\"font-weight: 400;\">Tr\u1ecdng l\u01b0\u1ee3ng s\u1ea3n ph\u1ea9m<\/span><\/td>\n<td><span style=\"font-weight: 400;\">300Kg<\/span><\/td>\n<\/tr>\n<\/tbody>\n<\/table>\n<h2><span style=\"font-weight: 400;\">H\u01b0\u1edbng d\u1eabn s\u1eed d\u1ee5ng thi\u1ebft b\u1ecb:<\/span><\/h2>\n<ol>\n<li style=\"font-weight: 400;\" aria-level=\"1\"><span style=\"font-weight: 400;\">M\u00e1y s\u1eed d\u1ee5ng c\u01a1 ch\u1ebf c\u1ea5p li\u1ec7u t\u1ef1 \u0111\u1ed9ng, \u0111\u1ecbnh v\u1ecb t\u1ef1 \u0111\u1ed9ng v\u00e0 l\u1eafp r\u00e1p.<\/span><\/li>\n<li style=\"font-weight: 400;\" aria-level=\"1\"><span style=\"font-weight: 400;\">Theo y\u00eau c\u1ea7u l\u1eafp r\u00e1p s\u1ea3n ph\u1ea9m, c\u00f3 th\u1ec3 c\u00e0i \u0111\u1eb7t t\u00f9y \u00fd c\u00e1c th\u00f4ng s\u1ed1 v\u00e0 b\u1ed9 ph\u1eadn ph\u00e1t hi\u1ec7n ch\u00ednh x\u00e1c.<\/span><\/li>\n<li style=\"font-weight: 400;\" aria-level=\"1\"><span style=\"font-weight: 400;\">Nh\u00e2n c\u00f4ng ch\u1ec9 c\u1ea7n b\u1ed5 sung linh ki\u1ec7n v\u00e0 v\u1eadt li\u1ec7u, m\u00e1y t\u1ef1 \u0111\u1ed9ng ho\u00e0n th\u00e0nh l\u1eafp r\u00e1p t\u1eebng c\u00f4ng \u0111o\u1ea1n theo tr\u00ecnh t\u1ef1, v\u00e0 m\u00e1y t\u1ef1 \u0111\u1ed9ng c\u1eaft v\u1eadt li\u1ec7u.<\/span><\/li>\n<li style=\"font-weight: 400;\" aria-level=\"1\"><span style=\"font-weight: 400;\">C\u00f3 ch\u1ee9c n\u0103ng ph\u00e1t hi\u1ec7n th\u00f4ng minh, t\u00ednh linh ho\u1ea1t v\u00e0 \u0111a n\u0103ng cao, thi\u1ebft b\u1ecb d\u1ec5 d\u00e0ng \u0111\u01b0a v\u00e0o d\u00e2y chuy\u1ec1n s\u1ea3n xu\u1ea5t.<\/span><\/li>\n<li style=\"font-weight: 400;\" aria-level=\"1\"><span style=\"font-weight: 400;\">Giao di\u1ec7n ng\u01b0\u1eddi-m\u00e1y, giao di\u1ec7n tr\u1ef1c quan, thao t\u00e1c \u0111\u01a1n gi\u1ea3n v\u00e0 an to\u00e0n;<\/span><\/li>\n<li style=\"font-weight: 400;\" aria-level=\"1\"><span style=\"font-weight: 400;\">T\u1ea5t c\u1ea3 c\u00e1c tr\u1ea1m l\u00e0m vi\u1ec7c ch\u00ednh c\u1ee7a thi\u1ebft b\u1ecb \u0111\u1ec1u c\u00f3 th\u1ec3 c\u00e0i \u0111\u1eb7t linh ho\u1ea1t t\u1ed1c \u0111\u1ed9 \u0111i\u1ec1u ch\u1ec9nh v\u00e0 s\u1ed1 l\u01b0\u1ee3ng.<\/span><\/li>\n<li style=\"font-weight: 400;\" aria-level=\"1\"><span style=\"font-weight: 400;\">T\u1ef1 \u0111\u1ed9ng d\u1eebng, b\u00e1o \u0111\u1ed9ng v\u00e0 hi\u1ec3n th\u1ecb th\u00f4ng tin l\u1ed7i khi c\u00f3 s\u1ef1 c\u1ed1, \u0111\u1ec3 ki\u1ec3m tra v\u00e0 kh\u1eafc ph\u1ee5c s\u1ef1 c\u1ed1.<\/span><\/li>\n<li style=\"font-weight: 400;\" aria-level=\"1\"><span style=\"font-weight: 400;\">Ch\u1ea5t l\u01b0\u1ee3ng \u0111\u00e1ng tin c\u1eady. C\u00e1c k\u1ef9 s\u01b0 chuy\u00ean nghi\u1ec7p thi\u1ebft k\u1ebf v\u00e0 g\u1ee1 l\u1ed7i s\u1ea3n ph\u1ea9m ri\u00eang l\u1ebb v\u00e0 cung c\u1ea5p d\u1ecbch v\u1ee5 h\u1eadu m\u00e3i.<\/span><\/li>\n<\/ol>","protected":false},"excerpt":{"rendered":"<p>M\u00e1y l\u1eafp r\u00e1p v\u00f2ng x\u1ed1p t\u1ef1 \u0111\u1ed9ng SWOER: T\u0103ng n\u0103ng su\u1ea5t 1800 sp\/gi\u1edd, t\u1ef1 \u0111\u1ed9ng h\u00f3a l\u1eafp r\u00e1p, \u0111\u1ecbnh v\u1ecb ch\u00ednh x\u00e1c, gi\u1ea3m chi ph\u00ed nh\u00e2n c\u00f4ng. H\u1ec7 th\u1ed1ng th\u00f4ng minh, d\u1ec5 v\u1eadn h\u00e0nh, ph\u00f9 h\u1ee3p nhi\u1ec1u \u1ee9ng d\u1ee5ng.<\/p>","protected":false},"featured_media":2789,"comment_status":"open","ping_status":"closed","template":"","meta":[],"product_brand":[],"product_cat":[142],"product_tag":[133,137,138],"class_list":{"0":"post-2788","1":"product","2":"type-product","3":"status-publish","4":"has-post-thumbnail","6":"product_cat-may-lap-rap-tu-dong","7":"product_tag-may-lap-rap","8":"product_tag-may-lap-rap-dem-xop-nap-nhom","9":"product_tag-may-lap-rap-truc-vit","11":"first","12":"instock","13":"shipping-taxable","14":"product-type-simple"},"yoast_head":"<!-- This site is optimized with the Yoast SEO plugin v26.0 - https:\/\/yoast.com\/wordpress\/plugins\/seo\/ -->\n<title>M\u00e1y l\u1eafp r\u00e1p v\u00f2ng x\u1ed1p t\u1ef1 \u0111\u1ed9ng - Nh\u00e0 s\u1ea3n xu\u1ea5t m\u00e1y c\u1ea5p li\u1ec7u c\u00f4ng nghi\u1ec7p<\/title>\n<meta name=\"description\" content=\"D\u00e2y chuy\u1ec1n s\u1ea3n xu\u1ea5t t\u1ef1 \u0111\u1ed9ng gi\u00e1 t\u1ed1t, ph\u00f9 h\u1ee3p cho m\u00e1y l\u1eafp r\u00e1p linh ki\u1ec7n nh\u1ef1a, m\u00e1y l\u1eafp r\u00e1p t\u1ef1 \u0111\u1ed9ng \u0111\u1ed3 ch\u01a1i th\u1ee7 c\u00f4ng, m\u00e1y l\u1eafp r\u00e1p v\u00f2ng x\u1ed1p t\u1ef1 \u0111\u1ed9ng.\" \/>\n<meta name=\"robots\" content=\"index, follow, max-snippet:-1, max-image-preview:large, max-video-preview:-1\" \/>\n<link rel=\"canonical\" href=\"https:\/\/swoer.vn\/ko\/manufacturer\/may-lap-rap-vong-xop-tu-dong\/\" \/>\n<meta property=\"og:locale\" content=\"ko_KR\" \/>\n<meta property=\"og:type\" content=\"article\" \/>\n<meta property=\"og:title\" content=\"M\u00e1y l\u1eafp r\u00e1p v\u00f2ng x\u1ed1p t\u1ef1 \u0111\u1ed9ng - Nh\u00e0 s\u1ea3n xu\u1ea5t m\u00e1y c\u1ea5p li\u1ec7u c\u00f4ng nghi\u1ec7p\" \/>\n<meta property=\"og:description\" content=\"D\u00e2y chuy\u1ec1n s\u1ea3n xu\u1ea5t t\u1ef1 \u0111\u1ed9ng gi\u00e1 t\u1ed1t, ph\u00f9 h\u1ee3p cho m\u00e1y l\u1eafp r\u00e1p linh ki\u1ec7n nh\u1ef1a, m\u00e1y l\u1eafp r\u00e1p t\u1ef1 \u0111\u1ed9ng \u0111\u1ed3 ch\u01a1i th\u1ee7 c\u00f4ng, m\u00e1y l\u1eafp r\u00e1p v\u00f2ng x\u1ed1p t\u1ef1 \u0111\u1ed9ng.\" \/>\n<meta property=\"og:url\" content=\"https:\/\/swoer.vn\/ko\/manufacturer\/may-lap-rap-vong-xop-tu-dong\/\" \/>\n<meta property=\"og:site_name\" content=\"Nh\u00e0 s\u1ea3n xu\u1ea5t m\u00e1y c\u1ea5p li\u1ec7u c\u00f4ng nghi\u1ec7p\" \/>\n<meta property=\"article:modified_time\" content=\"2025-04-01T09:41:26+00:00\" \/>\n<meta property=\"og:image\" content=\"https:\/\/swoer.vn\/wp-content\/uploads\/2025\/04\/May-lap-rap-vong-xop-tu-dong.webp\" \/>\n\t<meta property=\"og:image:width\" content=\"548\" \/>\n\t<meta property=\"og:image:height\" content=\"548\" \/>\n\t<meta property=\"og:image:type\" content=\"image\/webp\" \/>\n<meta name=\"twitter:card\" content=\"summary_large_image\" \/>\n<meta name=\"twitter:label1\" content=\"\uc608\uc0c1 \ub418\ub294 \ud310\ub3c5 \uc2dc\uac04\" \/>\n\t<meta name=\"twitter:data1\" content=\"2\ubd84\" \/>\n<script type=\"application\/ld+json\" class=\"yoast-schema-graph\">{\"@context\":\"https:\/\/schema.org\",\"@graph\":[{\"@type\":\"WebPage\",\"@id\":\"https:\/\/swoer.vn\/manufacturer\/may-lap-rap-vong-xop-tu-dong\/\",\"url\":\"https:\/\/swoer.vn\/manufacturer\/may-lap-rap-vong-xop-tu-dong\/\",\"name\":\"M\u00e1y l\u1eafp r\u00e1p v\u00f2ng x\u1ed1p t\u1ef1 \u0111\u1ed9ng - Nh\u00e0 s\u1ea3n xu\u1ea5t m\u00e1y c\u1ea5p li\u1ec7u c\u00f4ng nghi\u1ec7p\",\"isPartOf\":{\"@id\":\"https:\/\/swoer.vn\/#website\"},\"primaryImageOfPage\":{\"@id\":\"https:\/\/swoer.vn\/manufacturer\/may-lap-rap-vong-xop-tu-dong\/#primaryimage\"},\"image\":{\"@id\":\"https:\/\/swoer.vn\/manufacturer\/may-lap-rap-vong-xop-tu-dong\/#primaryimage\"},\"thumbnailUrl\":\"https:\/\/swoer.vn\/wp-content\/uploads\/2025\/04\/May-lap-rap-vong-xop-tu-dong.webp\",\"datePublished\":\"2025-04-01T09:41:25+00:00\",\"dateModified\":\"2025-04-01T09:41:26+00:00\",\"description\":\"D\u00e2y chuy\u1ec1n s\u1ea3n xu\u1ea5t t\u1ef1 \u0111\u1ed9ng gi\u00e1 t\u1ed1t, ph\u00f9 h\u1ee3p cho m\u00e1y l\u1eafp r\u00e1p linh ki\u1ec7n nh\u1ef1a, m\u00e1y l\u1eafp r\u00e1p t\u1ef1 \u0111\u1ed9ng \u0111\u1ed3 ch\u01a1i th\u1ee7 c\u00f4ng, m\u00e1y l\u1eafp r\u00e1p v\u00f2ng x\u1ed1p t\u1ef1 \u0111\u1ed9ng.\",\"breadcrumb\":{\"@id\":\"https:\/\/swoer.vn\/manufacturer\/may-lap-rap-vong-xop-tu-dong\/#breadcrumb\"},\"inLanguage\":\"ko-KR\",\"potentialAction\":[{\"@type\":\"ReadAction\",\"target\":[\"https:\/\/swoer.vn\/manufacturer\/may-lap-rap-vong-xop-tu-dong\/\"]}]},{\"@type\":\"ImageObject\",\"inLanguage\":\"ko-KR\",\"@id\":\"https:\/\/swoer.vn\/manufacturer\/may-lap-rap-vong-xop-tu-dong\/#primaryimage\",\"url\":\"https:\/\/swoer.vn\/wp-content\/uploads\/2025\/04\/May-lap-rap-vong-xop-tu-dong.webp\",\"contentUrl\":\"https:\/\/swoer.vn\/wp-content\/uploads\/2025\/04\/May-lap-rap-vong-xop-tu-dong.webp\",\"width\":548,\"height\":548,\"caption\":\"M\u00e1y l\u1eafp r\u00e1p v\u00f2ng x\u1ed1p t\u1ef1 \u0111\u1ed9ng\"},{\"@type\":\"BreadcrumbList\",\"@id\":\"https:\/\/swoer.vn\/manufacturer\/may-lap-rap-vong-xop-tu-dong\/#breadcrumb\",\"itemListElement\":[{\"@type\":\"ListItem\",\"position\":1,\"name\":\"Home\",\"item\":\"https:\/\/swoer.vn\/\"},{\"@type\":\"ListItem\",\"position\":2,\"name\":\"S\u1ea3n ph\u1ea9m\",\"item\":\"https:\/\/swoer.vn\/shop\/\"},{\"@type\":\"ListItem\",\"position\":3,\"name\":\"M\u00e1y l\u1eafp r\u00e1p v\u00f2ng x\u1ed1p t\u1ef1 \u0111\u1ed9ng\"}]},{\"@type\":\"WebSite\",\"@id\":\"https:\/\/swoer.vn\/#website\",\"url\":\"https:\/\/swoer.vn\/\",\"name\":\"Nh\u00e0 s\u1ea3n xu\u1ea5t m\u00e1y c\u1ea5p li\u1ec7u c\u00f4ng nghi\u1ec7p\",\"description\":\"Nh\u00e0 cung c\u1ea5p robot, m\u00e1y c\u1ea5p li\u1ec7u linh ho\u1ea1t, m\u00e1y c\u1ea5p li\u1ec7u ly t\u00e2m, m\u00e1y c\u1ea5p li\u1ec7u rung t\u1ef1 \u0111\u1ed9ng\",\"potentialAction\":[{\"@type\":\"SearchAction\",\"target\":{\"@type\":\"EntryPoint\",\"urlTemplate\":\"https:\/\/swoer.vn\/?s={search_term_string}\"},\"query-input\":{\"@type\":\"PropertyValueSpecification\",\"valueRequired\":true,\"valueName\":\"search_term_string\"}}],\"inLanguage\":\"ko-KR\"}]}<\/script>\n<!-- \/ Yoast SEO plugin. -->","yoast_head_json":{"title":"M\u00e1y l\u1eafp r\u00e1p v\u00f2ng x\u1ed1p t\u1ef1 \u0111\u1ed9ng - Nh\u00e0 s\u1ea3n xu\u1ea5t m\u00e1y c\u1ea5p li\u1ec7u c\u00f4ng nghi\u1ec7p","description":"D\u00e2y chuy\u1ec1n s\u1ea3n xu\u1ea5t t\u1ef1 \u0111\u1ed9ng gi\u00e1 t\u1ed1t, ph\u00f9 h\u1ee3p cho m\u00e1y l\u1eafp r\u00e1p linh ki\u1ec7n nh\u1ef1a, m\u00e1y l\u1eafp r\u00e1p t\u1ef1 \u0111\u1ed9ng \u0111\u1ed3 ch\u01a1i th\u1ee7 c\u00f4ng, m\u00e1y l\u1eafp r\u00e1p v\u00f2ng x\u1ed1p t\u1ef1 \u0111\u1ed9ng.","robots":{"index":"index","follow":"follow","max-snippet":"max-snippet:-1","max-image-preview":"max-image-preview:large","max-video-preview":"max-video-preview:-1"},"canonical":"https:\/\/swoer.vn\/ko\/manufacturer\/may-lap-rap-vong-xop-tu-dong\/","og_locale":"ko_KR","og_type":"article","og_title":"M\u00e1y l\u1eafp r\u00e1p v\u00f2ng x\u1ed1p t\u1ef1 \u0111\u1ed9ng - Nh\u00e0 s\u1ea3n xu\u1ea5t m\u00e1y c\u1ea5p li\u1ec7u c\u00f4ng nghi\u1ec7p","og_description":"D\u00e2y chuy\u1ec1n s\u1ea3n xu\u1ea5t t\u1ef1 \u0111\u1ed9ng gi\u00e1 t\u1ed1t, ph\u00f9 h\u1ee3p cho m\u00e1y l\u1eafp r\u00e1p linh ki\u1ec7n nh\u1ef1a, m\u00e1y l\u1eafp r\u00e1p t\u1ef1 \u0111\u1ed9ng \u0111\u1ed3 ch\u01a1i th\u1ee7 c\u00f4ng, m\u00e1y l\u1eafp r\u00e1p v\u00f2ng x\u1ed1p t\u1ef1 \u0111\u1ed9ng.","og_url":"https:\/\/swoer.vn\/ko\/manufacturer\/may-lap-rap-vong-xop-tu-dong\/","og_site_name":"Nh\u00e0 s\u1ea3n xu\u1ea5t m\u00e1y c\u1ea5p li\u1ec7u c\u00f4ng nghi\u1ec7p","article_modified_time":"2025-04-01T09:41:26+00:00","og_image":[{"width":548,"height":548,"url":"https:\/\/swoer.vn\/wp-content\/uploads\/2025\/04\/May-lap-rap-vong-xop-tu-dong.webp","type":"image\/webp"}],"twitter_card":"summary_large_image","twitter_misc":{"\uc608\uc0c1 \ub418\ub294 \ud310\ub3c5 \uc2dc\uac04":"2\ubd84"},"schema":{"@context":"https:\/\/schema.org","@graph":[{"@type":"WebPage","@id":"https:\/\/swoer.vn\/manufacturer\/may-lap-rap-vong-xop-tu-dong\/","url":"https:\/\/swoer.vn\/manufacturer\/may-lap-rap-vong-xop-tu-dong\/","name":"M\u00e1y l\u1eafp r\u00e1p v\u00f2ng x\u1ed1p t\u1ef1 \u0111\u1ed9ng - Nh\u00e0 s\u1ea3n xu\u1ea5t m\u00e1y c\u1ea5p li\u1ec7u c\u00f4ng nghi\u1ec7p","isPartOf":{"@id":"https:\/\/swoer.vn\/#website"},"primaryImageOfPage":{"@id":"https:\/\/swoer.vn\/manufacturer\/may-lap-rap-vong-xop-tu-dong\/#primaryimage"},"image":{"@id":"https:\/\/swoer.vn\/manufacturer\/may-lap-rap-vong-xop-tu-dong\/#primaryimage"},"thumbnailUrl":"https:\/\/swoer.vn\/wp-content\/uploads\/2025\/04\/May-lap-rap-vong-xop-tu-dong.webp","datePublished":"2025-04-01T09:41:25+00:00","dateModified":"2025-04-01T09:41:26+00:00","description":"D\u00e2y chuy\u1ec1n s\u1ea3n xu\u1ea5t t\u1ef1 \u0111\u1ed9ng gi\u00e1 t\u1ed1t, ph\u00f9 h\u1ee3p cho m\u00e1y l\u1eafp r\u00e1p linh ki\u1ec7n nh\u1ef1a, m\u00e1y l\u1eafp r\u00e1p t\u1ef1 \u0111\u1ed9ng \u0111\u1ed3 ch\u01a1i th\u1ee7 c\u00f4ng, m\u00e1y l\u1eafp r\u00e1p v\u00f2ng x\u1ed1p t\u1ef1 \u0111\u1ed9ng.","breadcrumb":{"@id":"https:\/\/swoer.vn\/manufacturer\/may-lap-rap-vong-xop-tu-dong\/#breadcrumb"},"inLanguage":"ko-KR","potentialAction":[{"@type":"ReadAction","target":["https:\/\/swoer.vn\/manufacturer\/may-lap-rap-vong-xop-tu-dong\/"]}]},{"@type":"ImageObject","inLanguage":"ko-KR","@id":"https:\/\/swoer.vn\/manufacturer\/may-lap-rap-vong-xop-tu-dong\/#primaryimage","url":"https:\/\/swoer.vn\/wp-content\/uploads\/2025\/04\/May-lap-rap-vong-xop-tu-dong.webp","contentUrl":"https:\/\/swoer.vn\/wp-content\/uploads\/2025\/04\/May-lap-rap-vong-xop-tu-dong.webp","width":548,"height":548,"caption":"M\u00e1y l\u1eafp r\u00e1p v\u00f2ng x\u1ed1p t\u1ef1 \u0111\u1ed9ng"},{"@type":"BreadcrumbList","@id":"https:\/\/swoer.vn\/manufacturer\/may-lap-rap-vong-xop-tu-dong\/#breadcrumb","itemListElement":[{"@type":"ListItem","position":1,"name":"Home","item":"https:\/\/swoer.vn\/"},{"@type":"ListItem","position":2,"name":"S\u1ea3n ph\u1ea9m","item":"https:\/\/swoer.vn\/shop\/"},{"@type":"ListItem","position":3,"name":"M\u00e1y l\u1eafp r\u00e1p v\u00f2ng x\u1ed1p t\u1ef1 \u0111\u1ed9ng"}]},{"@type":"WebSite","@id":"https:\/\/swoer.vn\/#website","url":"https:\/\/swoer.vn\/","name":"\uc0b0\uc5c5\uc6a9 \ud53c\ub354 \uc81c\uc870\uc5c5\uccb4","description":"\ub85c\ubd07, \ud50c\ub809\uc2dc\ube14 \ud53c\ub354, \uc6d0\uc2ec \ud53c\ub354, \uc790\ub3d9 \uc9c4\ub3d9 \ud53c\ub354 \uacf5\uae09\uc5c5\uccb4","potentialAction":[{"@type":"SearchAction","target":{"@type":"EntryPoint","urlTemplate":"https:\/\/swoer.vn\/?s={search_term_string}"},"query-input":{"@type":"PropertyValueSpecification","valueRequired":true,"valueName":"search_term_string"}}],"inLanguage":"ko-KR"}]}},"_links":{"self":[{"href":"https:\/\/swoer.vn\/ko\/wp-json\/wp\/v2\/product\/2788","targetHints":{"allow":["GET"]}}],"collection":[{"href":"https:\/\/swoer.vn\/ko\/wp-json\/wp\/v2\/product"}],"about":[{"href":"https:\/\/swoer.vn\/ko\/wp-json\/wp\/v2\/types\/product"}],"replies":[{"embeddable":true,"href":"https:\/\/swoer.vn\/ko\/wp-json\/wp\/v2\/comments?post=2788"}],"wp:featuredmedia":[{"embeddable":true,"href":"https:\/\/swoer.vn\/ko\/wp-json\/wp\/v2\/media\/2789"}],"wp:attachment":[{"href":"https:\/\/swoer.vn\/ko\/wp-json\/wp\/v2\/media?parent=2788"}],"wp:term":[{"taxonomy":"product_brand","embeddable":true,"href":"https:\/\/swoer.vn\/ko\/wp-json\/wp\/v2\/product_brand?post=2788"},{"taxonomy":"product_cat","embeddable":true,"href":"https:\/\/swoer.vn\/ko\/wp-json\/wp\/v2\/product_cat?post=2788"},{"taxonomy":"product_tag","embeddable":true,"href":"https:\/\/swoer.vn\/ko\/wp-json\/wp\/v2\/product_tag?post=2788"}],"curies":[{"name":"wp","href":"https:\/\/api.w.org\/{rel}","templated":true}]}}