{"id":2116,"date":"2025-03-04T09:40:28","date_gmt":"2025-03-04T02:40:28","guid":{"rendered":"https:\/\/swoer.vn\/?post_type=product&#038;p=2116"},"modified":"2025-03-04T14:46:42","modified_gmt":"2025-03-04T07:46:42","slug":"he-thong-cap-phoi-rung-co-vo-boc-voi-2-duong-ray","status":"publish","type":"product","link":"https:\/\/swoer.vn\/ko\/manufacturer\/he-thong-cap-phoi-rung-co-vo-boc-voi-2-duong-ray\/","title":{"rendered":"2\uac1c\uc758 \ub808\uc77c\uc774 \uc788\ub294 \ubc00\ud3d0\ud615 \uc9c4\ub3d9 \uacf5\uae09 \uc2dc\uc2a4\ud15c"},"content":{"rendered":"<h2>\uc81c\ud488 \uc0ac\uc591<\/h2>\n<table width=\"887\">\n<tbody>\n<tr>\n<td width=\"396\">\uc81c\ud488 \uc774\ub984<\/td>\n<td width=\"491\">2\uac1c\uc758 \ub808\uc77c\uc774 \uc788\ub294 \ubc00\ud3d0\ud615 \uc9c4\ub3d9 \uacf5\uae09 \uc2dc\uc2a4\ud15c<\/td>\n<\/tr>\n<tr>\n<td width=\"396\">\uc7ac\ub8cc<\/td>\n<td width=\"491\">AL7075 \/ SUS304<\/td>\n<\/tr>\n<tr>\n<td width=\"396\">\uc7ac\ub8cc \ud2b9\uc131<\/td>\n<td width=\"491\">\ub0c9\uac04\ucc98\ub9ac \ub2e8\uc870 \ud569\uae08, \uace0\uac15\ub3c4, \uace0\uacbd\ub3c4<\/td>\n<\/tr>\n<tr>\n<td width=\"396\">\uc804\uc555<\/td>\n<td width=\"491\">220V<\/td>\n<\/tr>\n<tr>\n<td width=\"396\">\uc6a9\ub7c9<\/td>\n<td width=\"491\">65W \/ 150W \/ 180W \/ 220W \/ 350W<\/td>\n<\/tr>\n<tr>\n<td width=\"396\">\uc778\uc99d<\/td>\n<td width=\"491\">CE, ROHS, ISO9001<\/td>\n<\/tr>\n<tr>\n<td width=\"396\">\ubcf4\uc7a5\ud558\ub2e4<\/td>\n<td width=\"491\">1\ub144<\/td>\n<\/tr>\n<tr>\n<td width=\"396\">\ucd5c\uc18c \uc8fc\ubb38 \uc218\ub7c9<\/td>\n<td width=\"491\">1\uc138\ud2b8<\/td>\n<\/tr>\n<tr>\n<td width=\"396\">\ubc30\uc1a1\uc77c<\/td>\n<td width=\"491\">28\uc77c<\/td>\n<\/tr>\n<tr>\n<td width=\"396\">\uacb0\uc81c\ubc29\ubc95<\/td>\n<td width=\"491\">T\/T \ubcf4\uc99d\uae08 30%, \uc794\uc561\uc740 \ub0a9\ud488 \uc804 \uc9c0\ubd88<\/td>\n<\/tr>\n<tr>\n<td width=\"396\">\uc6d0\uc0b0\uc9c0<\/td>\n<td width=\"491\">\uc911\uad6d<\/td>\n<\/tr>\n<\/tbody>\n<\/table>\n\t<div id=\"gap-344243849\" class=\"gap-element clearfix\" style=\"display:block; height:auto;\">\n\t\t\n<style>\n#gap-344243849 {\n  padding-top: 30px;\n}\n<\/style>\n\t<\/div>\n\t\n<h3 data-sourcepos=\"3:1-3:72\"><strong>\ub9de\ucda4\ud615 \uc9c4\ub3d9 \ud53c\ub354\ub97c \uc8fc\ubb38\ud560 \ub54c \uc54c\uc544\uc57c \ud560 \uc81c\ud488 \uc815\ubcf4:<\/strong><\/h3>\n<p data-sourcepos=\"5:1-5:36\"><strong>1. \uacf5\ubc31\/\uc18c\uc7ac\uc5d0 \ub300\ud55c \uc815\ubcf4:<\/strong><\/p>\n<ul data-sourcepos=\"7:1-19:0\">\n<li data-sourcepos=\"7:1-9:43\"><strong>\uc7ac\ub8cc \uc720\ud615:<\/strong>\n<ul data-sourcepos=\"8:5-9:43\">\n<li data-sourcepos=\"8:5-8:43\">\uc7ac\ub8cc(\uae08\uc18d, \ud50c\ub77c\uc2a4\ud2f1, \uc138\ub77c\ubbf9 \ub4f1)<\/li>\n<li data-sourcepos=\"9:5-9:43\">\ud2b9\uc131(\ucde8\uc57d\ud568, \ub048\uc801\uac70\ub9bc, \uc5f0\ub9c8\uc131 \ub4f1)<\/li>\n<\/ul>\n<\/li>\n<li data-sourcepos=\"10:1-12:31\"><strong>\uc7ac\ub8cc \ud06c\uae30 \ubc0f \ubaa8\uc591:<\/strong>\n<ul data-sourcepos=\"11:5-12:31\">\n<li data-sourcepos=\"11:5-11:45\">\uc0c1\uc138 \uce58\uc218 \ub3c4\uba74 \ub610\ub294 \uc2dc\ud3b8<\/li>\n<li data-sourcepos=\"12:5-12:31\">\ubaa8\uc591\uc758 \ubcf5\uc7a1\uc131<\/li>\n<\/ul>\n<\/li>\n<li data-sourcepos=\"13:1-15:29\"><strong>\uc7ac\ub8cc \ubb34\uac8c:<\/strong>\n<ul data-sourcepos=\"14:5-15:29\">\n<li data-sourcepos=\"14:5-14:35\">\uac01 \uc7ac\ub8cc\uc758 \ubb34\uac8c<\/li>\n<li data-sourcepos=\"15:5-15:29\">\ud544\uc694\ud55c \uacf5\uae09 \uc18d\ub3c4<\/li>\n<\/ul>\n<\/li>\n<li data-sourcepos=\"16:1-19:0\"><strong>\uc7ac\ub8cc \uc0c1\ud0dc:<\/strong>\n<ul data-sourcepos=\"17:5-19:0\">\n<li data-sourcepos=\"17:5-17:32\">\ud5d0\uac70\uc6b4 \ud615\ud0dc \ub610\ub294 \ud3ec\uc7a5\ub41c \ud615\ud0dc<\/li>\n<li data-sourcepos=\"18:5-19:0\">\uc7ac\ub8cc \ud45c\uba74\uc758 \uc0c1\ud0dc\ub294 \ub9e4\ub048\ud55c\uc9c0, \uae30\ub984\uae30\uac00 \uc788\ub294\uc9c0 \ub4f1\uc785\ub2c8\ub2e4.<\/li>\n<\/ul>\n<\/li>\n<\/ul>\n<p data-sourcepos=\"20:1-20:24\"><strong>2. \uacf5\ubc31 \uacf5\uae09\uc5d0 \ub300\ud55c \uc694\uad6c \uc0ac\ud56d:<\/strong><\/p>\n<ul data-sourcepos=\"22:1-34:0\">\n<li data-sourcepos=\"22:1-24:44\"><strong>\uacf5\uae09 \uc18d\ub3c4:<\/strong>\n<ul data-sourcepos=\"23:5-24:44\">\n<li data-sourcepos=\"23:5-23:40\">1\ubd84\ub2f9 \uacf5\uae09\ud560 \uc790\uc7ac\ub7c9<\/li>\n<li data-sourcepos=\"24:5-24:44\">\uc0dd\uc0b0\ub77c\uc778\uc758 \uc18d\ub3c4 \uc694\uad6c\uc0ac\ud56d<\/li>\n<\/ul>\n<\/li>\n<li data-sourcepos=\"25:1-27:45\"><strong>\uacf5\uae09 \ubc29\ud5a5 \ubc0f \uc704\uce58:<\/strong>\n<ul data-sourcepos=\"26:5-27:45\">\n<li data-sourcepos=\"26:5-26:60\">\ub2e4\uc74c \ub2e8\uacc4\ub85c\ub294 \uc5b4\ub5a4 \ubc29\ud5a5\uc73c\ub85c \uc790\ub8cc\ub97c \ubcf4\ub0b4\uc57c \ud560\uae4c\uc694?<\/li>\n<li data-sourcepos=\"27:5-27:45\">\uae09\uc218\uad6c \uc704\uce58 \ubc0f \ub192\uc774<\/li>\n<\/ul>\n<\/li>\n<li data-sourcepos=\"28:1-30:38\"><strong>\uae09\uc2dd \uc815\ud655\ub3c4:<\/strong>\n<ul data-sourcepos=\"29:5-30:38\">\n<li data-sourcepos=\"29:5-29:46\">\uc7ac\ub8cc \uc704\uce58 \uc815\ud655\ub3c4\uc5d0 \ub300\ud55c \uc694\uad6c \uc0ac\ud56d<\/li>\n<li data-sourcepos=\"30:5-30:38\">\ud2b9\ubcc4\ud55c \uc900\ube44\uac00 \ud544\uc694\ud55c\uac00\uc694?<\/li>\n<\/ul>\n<\/li>\n<li data-sourcepos=\"31:1-34:0\"><strong>\uc0ac\ub8cc \uc548\uc815\uc131:<\/strong>\n<ul data-sourcepos=\"32:5-34:0\">\n<li data-sourcepos=\"32:5-32:37\">\uacc4\uc18d\ud574\uc11c \uba39\uc774\ub97c \uc8fc\uc5b4\uc57c \ud569\ub2c8\uae4c?<\/li>\n<li data-sourcepos=\"33:5-34:0\">\uc0ac\ub8cc \uc548\uc815\uc131\uc5d0 \ub300\ud55c \uc694\uad6c \uc0ac\ud56d<\/li>\n<\/ul>\n<\/li>\n<\/ul>\n<p data-sourcepos=\"35:1-35:27\"><strong>3. \uc7a5\uce58 \ud658\uacbd:<\/strong><\/p>\n<ul data-sourcepos=\"37:1-47:0\">\n<li data-sourcepos=\"37:1-39:36\"><strong>\uc791\uc5c5 \uacf5\uac04:<\/strong>\n<ul data-sourcepos=\"38:5-39:36\">\n<li data-sourcepos=\"38:5-38:65\">\ud53c\ub354 \uc124\uce58\ub97c \uc704\ud55c \uc0ac\uc6a9 \uac00\ub2a5\ud55c \uacf5\uac04 \uce58\uc218<\/li>\n<li data-sourcepos=\"39:5-39:36\">\uc0dd\uc0b0\ub77c\uc778\uc758 \ub808\uc774\uc544\uc6c3<\/li>\n<\/ul>\n<\/li>\n<li data-sourcepos=\"40:1-42:66\"><strong>\uc791\uc5c5 \ud658\uacbd:<\/strong>\n<ul data-sourcepos=\"41:5-42:66\">\n<li data-sourcepos=\"41:5-41:57\">\uc628\ub3c4, \uc2b5\ub3c4, \uba3c\uc9c0 \ub4f1\uc758 \ud658\uacbd \uc870\uac74<\/li>\n<li data-sourcepos=\"42:5-42:66\">\ubc29\uc9c4, \ubc29\ud3ed \ub4f1 \ud2b9\ubcc4\ud55c \uc694\uad6c \uc0ac\ud56d\uc740 \uc788\ub098\uc694?<\/li>\n<\/ul>\n<\/li>\n<li data-sourcepos=\"43:1-44:55\"><strong>\uc804\ub825 \uc694\uad6c \uc0ac\ud56d:<\/strong>\n<ul data-sourcepos=\"44:5-44:55\">\n<li data-sourcepos=\"44:5-44:55\">\uc804\uc555, \uc8fc\ud30c\uc218 \ub4f1 \uc804\uc6d0 \uacf5\uae09 \ub9e4\uac1c\ubcc0\uc218<\/li>\n<\/ul>\n<\/li>\n<li data-sourcepos=\"45:1-47:0\"><strong>\uc18c\uc74c \uc694\uad6c \uc0ac\ud56d:<\/strong>\n<ul data-sourcepos=\"46:5-47:0\">\n<li data-sourcepos=\"46:5-47:0\">\uc18c\uc74c \uc81c\ud55c\uc774 \uc788\ub098\uc694?<\/li>\n<\/ul>\n<\/li>\n<\/ul>\n<p data-sourcepos=\"48:1-48:28\"><strong>4. \uc790\ub3d9\ud654 \ud1b5\ud569:<\/strong><\/p>\n<ul data-sourcepos=\"50:1-56:0\">\n<li data-sourcepos=\"50:1-52:36\"><strong>\uae30\uc874 \uc7a5\ube44\uc640 \ud1b5\ud569:<\/strong>\n<ul data-sourcepos=\"51:5-52:36\">\n<li data-sourcepos=\"51:5-51:40\">\uc5b4\ub5a4 \uc7a5\uce58\ub97c \uc5f0\uacb0\ud574\uc57c \ud569\ub2c8\uae4c?<\/li>\n<li data-sourcepos=\"52:5-52:36\">\uc81c\uc5b4 \uc2e0\ud638 \uc694\uad6c \uc0ac\ud56d<\/li>\n<\/ul>\n<\/li>\n<li data-sourcepos=\"53:1-56:0\"><strong>\uc81c\uc5b4 \uc2dc\uc2a4\ud15c \uc694\uad6c \uc0ac\ud56d:<\/strong>\n<ul data-sourcepos=\"54:5-56:0\">\n<li data-sourcepos=\"54:5-54:33\">PLC \uc81c\uc5b4\uac00 \ud544\uc694\ud569\ub2c8\uae4c?<\/li>\n<li data-sourcepos=\"55:5-56:0\">\uc13c\uc11c \ud53c\ub4dc\ubc31\uc774 \ud544\uc694\ud55c\uac00\uc694?<\/li>\n<\/ul>\n<\/li>\n<\/ul>\n<p data-sourcepos=\"57:1-57:33\"><strong>5. \uae30\ud0c0 \ud2b9\ubcc4 \uc694\uad6c\uc0ac\ud56d:<\/strong><\/p>\n<ul data-sourcepos=\"59:1-67:0\">\n<li data-sourcepos=\"59:1-61:37\"><strong>\uccad\uc18c \uc694\uad6c \uc0ac\ud56d:<\/strong>\n<ul data-sourcepos=\"60:5-61:37\">\n<li data-sourcepos=\"60:5-60:39\">\uccad\uc18c\ud558\uae30 \uc26c\uc6b4 \ub514\uc790\uc778\uc774 \ud544\uc694\ud569\ub2c8\uae4c?<\/li>\n<li data-sourcepos=\"61:5-61:37\">\uc74c\uc2dd \ub610\ub294 \uc758\ub8cc \uc694\uad6c \uc0ac\ud56d<\/li>\n<\/ul>\n<\/li>\n<li data-sourcepos=\"62:1-64:39\"><strong>\uc720\uc9c0 \ubcf4\uc218 \uc694\uad6c \uc0ac\ud56d:<\/strong>\n<ul data-sourcepos=\"63:5-64:39\">\n<li data-sourcepos=\"63:5-63:25\">\ud3b8\ub9ac\ud55c \uc720\uc9c0\uad00\ub9ac.<\/li>\n<li data-sourcepos=\"64:5-64:39\">\ubd80\ud488\uc744 \uc27d\uac8c \uad50\uccb4\ud560 \uc218 \uc788\ub098\uc694?<\/li>\n<\/ul>\n<\/li>\n<li data-sourcepos=\"65:1-67:0\"><strong>\uc548\uc804 \uc694\uad6c \uc0ac\ud56d:<\/strong>\n<ul data-sourcepos=\"66:5-67:0\">\n<li data-sourcepos=\"66:5-67:0\">\uc548\uc804 \uc7a5\ube44\uac00 \ud544\uc694\ud55c\uac00\uc694?<\/li>\n<\/ul>\n<\/li>\n<\/ul>","protected":false},"excerpt":{"rendered":"<p>\uc9c4\ub3d9\uc2dd \uacf5\uae09 \uc2dc\uc2a4\ud15c\uc5d0\ub294 \uacf5\uae09 \ud6a8\uc728\uc744 \ub192\uc774\uae30 \uc704\ud55c 2\uac1c\uc758 \ub808\uc77c\uc774 \uc788\ub294 \ucee4\ubc84\uac00 \uc788\uc5b4 \uc0dd\uc0b0 \uc911 \uc548\uc815\uc131\uacfc \uc815\ud655\uc131\uc744 \ubcf4\uc7a5\ud569\ub2c8\ub2e4. \uacac\uace0\ud55c \ub514\uc790\uc778\uc73c\ub85c \uc18c\uc74c\uc744 \ucd5c\uc18c\ud654\ud558\uace0 \uc791\uc5c5\ubb3c\uc744 \uc678\ubd80 \ucda9\uaca9\uc73c\ub85c\ubd80\ud130 \ubcf4\ud638\ud569\ub2c8\ub2e4. \uc790\ub3d9\ucc28, \uc804\uc790, \uc758\ub8cc \uc7a5\ube44 \ub4f1 \ub2e4\uc591\ud55c \uc0b0\uc5c5\uc5d0 \uc801\ud569\ud569\ub2c8\ub2e4. \uc6b0\ub9ac\ub294 \uadc0\ud558\uc758 \uc694\uad6c \uc0ac\ud56d\uc5d0 \ub9de\ucdb0 \ub9de\ucda4\ud615 \uc194\ub8e8\uc158\uc744 \uc81c\uacf5\ud569\ub2c8\ub2e4. \uc790\uc138\ud55c \uc870\uc5b8\uc744 \uc6d0\ud558\uc2dc\uba74 \uc9c0\uae08 \uc5f0\ub77d\ud558\uc138\uc694!<\/p>","protected":false},"featured_media":2117,"comment_status":"open","ping_status":"closed","template":"","meta":[],"product_brand":[],"product_cat":[106],"product_tag":[104,105,103],"class_list":{"0":"post-2116","1":"product","2":"type-product","3":"status-publish","4":"has-post-thumbnail","6":"product_cat-mam-rung-cap-phoi","7":"product_tag-he-thong-cap-phoi-tu-dong","8":"product_tag-pheu-rung-cap-nap-tu-dong","9":"product_tag-pheu-rung-cap-san-pham-tu-dong","11":"first","12":"instock","13":"shipping-taxable","14":"product-type-simple"},"yoast_head":"<!-- This site is optimized with the Yoast SEO plugin v26.0 - https:\/\/yoast.com\/wordpress\/plugins\/seo\/ -->\n<title>H\u1ec7 th\u1ed1ng c\u1ea5p ph\u00f4i rung c\u00f3 v\u1ecf b\u1ecdc v\u1edbi 2 \u0111\u01b0\u1eddng ray - Nh\u00e0 s\u1ea3n xu\u1ea5t m\u00e1y c\u1ea5p li\u1ec7u c\u00f4ng nghi\u1ec7p<\/title>\n<meta name=\"description\" content=\"H\u1ec7 th\u1ed1ng c\u1ea5p ph\u00f4i rung c\u00f3 v\u1ecf b\u1ecdc v\u1edbi 2 \u0111\u01b0\u1eddng ray, \u0111\u1ea3m b\u1ea3o c\u1ea5p ph\u00f4i ch\u00ednh x\u00e1c, \u1ed5n \u0111\u1ecbnh. Gi\u1ea3i ph\u00e1p t\u1ef1 \u0111\u1ed9ng h\u00f3a t\u1ed1i \u01b0u cho d\u00e2y chuy\u1ec1n s\u1ea3n xu\u1ea5t.\" \/>\n<meta name=\"robots\" content=\"index, follow, max-snippet:-1, max-image-preview:large, max-video-preview:-1\" \/>\n<link rel=\"canonical\" href=\"https:\/\/swoer.vn\/ko\/manufacturer\/he-thong-cap-phoi-rung-co-vo-boc-voi-2-duong-ray\/\" \/>\n<meta property=\"og:locale\" content=\"ko_KR\" \/>\n<meta property=\"og:type\" content=\"article\" \/>\n<meta property=\"og:title\" content=\"H\u1ec7 th\u1ed1ng c\u1ea5p ph\u00f4i rung c\u00f3 v\u1ecf b\u1ecdc v\u1edbi 2 \u0111\u01b0\u1eddng ray - Nh\u00e0 s\u1ea3n xu\u1ea5t m\u00e1y c\u1ea5p li\u1ec7u c\u00f4ng nghi\u1ec7p\" \/>\n<meta property=\"og:description\" content=\"H\u1ec7 th\u1ed1ng c\u1ea5p ph\u00f4i rung c\u00f3 v\u1ecf b\u1ecdc v\u1edbi 2 \u0111\u01b0\u1eddng ray, \u0111\u1ea3m b\u1ea3o c\u1ea5p ph\u00f4i ch\u00ednh x\u00e1c, \u1ed5n \u0111\u1ecbnh. Gi\u1ea3i ph\u00e1p t\u1ef1 \u0111\u1ed9ng h\u00f3a t\u1ed1i \u01b0u cho d\u00e2y chuy\u1ec1n s\u1ea3n xu\u1ea5t.\" \/>\n<meta property=\"og:url\" content=\"https:\/\/swoer.vn\/ko\/manufacturer\/he-thong-cap-phoi-rung-co-vo-boc-voi-2-duong-ray\/\" \/>\n<meta property=\"og:site_name\" content=\"Nh\u00e0 s\u1ea3n xu\u1ea5t m\u00e1y c\u1ea5p li\u1ec7u c\u00f4ng nghi\u1ec7p\" \/>\n<meta property=\"article:modified_time\" content=\"2025-03-04T07:46:42+00:00\" \/>\n<meta property=\"og:image\" content=\"https:\/\/swoer.vn\/wp-content\/uploads\/2025\/03\/He-thong-cap-phoi-rung-co-vo-boc-voi-2-duong-ray.webp\" \/>\n\t<meta property=\"og:image:width\" content=\"1000\" \/>\n\t<meta property=\"og:image:height\" content=\"1000\" \/>\n\t<meta property=\"og:image:type\" content=\"image\/webp\" \/>\n<meta name=\"twitter:card\" content=\"summary_large_image\" \/>\n<meta name=\"twitter:label1\" content=\"\uc608\uc0c1 \ub418\ub294 \ud310\ub3c5 \uc2dc\uac04\" \/>\n\t<meta name=\"twitter:data1\" content=\"3\ubd84\" \/>\n<script type=\"application\/ld+json\" class=\"yoast-schema-graph\">{\"@context\":\"https:\/\/schema.org\",\"@graph\":[{\"@type\":\"WebPage\",\"@id\":\"https:\/\/swoer.vn\/manufacturer\/he-thong-cap-phoi-rung-co-vo-boc-voi-2-duong-ray\/\",\"url\":\"https:\/\/swoer.vn\/manufacturer\/he-thong-cap-phoi-rung-co-vo-boc-voi-2-duong-ray\/\",\"name\":\"H\u1ec7 th\u1ed1ng c\u1ea5p ph\u00f4i rung c\u00f3 v\u1ecf b\u1ecdc v\u1edbi 2 \u0111\u01b0\u1eddng ray - Nh\u00e0 s\u1ea3n xu\u1ea5t m\u00e1y c\u1ea5p li\u1ec7u c\u00f4ng nghi\u1ec7p\",\"isPartOf\":{\"@id\":\"https:\/\/swoer.vn\/#website\"},\"primaryImageOfPage\":{\"@id\":\"https:\/\/swoer.vn\/manufacturer\/he-thong-cap-phoi-rung-co-vo-boc-voi-2-duong-ray\/#primaryimage\"},\"image\":{\"@id\":\"https:\/\/swoer.vn\/manufacturer\/he-thong-cap-phoi-rung-co-vo-boc-voi-2-duong-ray\/#primaryimage\"},\"thumbnailUrl\":\"https:\/\/swoer.vn\/wp-content\/uploads\/2025\/03\/He-thong-cap-phoi-rung-co-vo-boc-voi-2-duong-ray.webp\",\"datePublished\":\"2025-03-04T02:40:28+00:00\",\"dateModified\":\"2025-03-04T07:46:42+00:00\",\"description\":\"H\u1ec7 th\u1ed1ng c\u1ea5p ph\u00f4i rung c\u00f3 v\u1ecf b\u1ecdc v\u1edbi 2 \u0111\u01b0\u1eddng ray, \u0111\u1ea3m b\u1ea3o c\u1ea5p ph\u00f4i ch\u00ednh x\u00e1c, \u1ed5n \u0111\u1ecbnh. Gi\u1ea3i ph\u00e1p t\u1ef1 \u0111\u1ed9ng h\u00f3a t\u1ed1i \u01b0u cho d\u00e2y chuy\u1ec1n s\u1ea3n xu\u1ea5t.\",\"breadcrumb\":{\"@id\":\"https:\/\/swoer.vn\/manufacturer\/he-thong-cap-phoi-rung-co-vo-boc-voi-2-duong-ray\/#breadcrumb\"},\"inLanguage\":\"ko-KR\",\"potentialAction\":[{\"@type\":\"ReadAction\",\"target\":[\"https:\/\/swoer.vn\/manufacturer\/he-thong-cap-phoi-rung-co-vo-boc-voi-2-duong-ray\/\"]}]},{\"@type\":\"ImageObject\",\"inLanguage\":\"ko-KR\",\"@id\":\"https:\/\/swoer.vn\/manufacturer\/he-thong-cap-phoi-rung-co-vo-boc-voi-2-duong-ray\/#primaryimage\",\"url\":\"https:\/\/swoer.vn\/wp-content\/uploads\/2025\/03\/He-thong-cap-phoi-rung-co-vo-boc-voi-2-duong-ray.webp\",\"contentUrl\":\"https:\/\/swoer.vn\/wp-content\/uploads\/2025\/03\/He-thong-cap-phoi-rung-co-vo-boc-voi-2-duong-ray.webp\",\"width\":1000,\"height\":1000,\"caption\":\"H\u1ec7 th\u1ed1ng c\u1ea5p ph\u00f4i rung c\u00f3 v\u1ecf b\u1ecdc v\u1edbi 2 \u0111\u01b0\u1eddng ray\"},{\"@type\":\"BreadcrumbList\",\"@id\":\"https:\/\/swoer.vn\/manufacturer\/he-thong-cap-phoi-rung-co-vo-boc-voi-2-duong-ray\/#breadcrumb\",\"itemListElement\":[{\"@type\":\"ListItem\",\"position\":1,\"name\":\"Home\",\"item\":\"https:\/\/swoer.vn\/\"},{\"@type\":\"ListItem\",\"position\":2,\"name\":\"S\u1ea3n ph\u1ea9m\",\"item\":\"https:\/\/swoer.vn\/shop\/\"},{\"@type\":\"ListItem\",\"position\":3,\"name\":\"H\u1ec7 th\u1ed1ng c\u1ea5p ph\u00f4i rung c\u00f3 v\u1ecf b\u1ecdc v\u1edbi 2 \u0111\u01b0\u1eddng ray\"}]},{\"@type\":\"WebSite\",\"@id\":\"https:\/\/swoer.vn\/#website\",\"url\":\"https:\/\/swoer.vn\/\",\"name\":\"Nh\u00e0 s\u1ea3n xu\u1ea5t m\u00e1y c\u1ea5p li\u1ec7u c\u00f4ng nghi\u1ec7p\",\"description\":\"Nh\u00e0 cung c\u1ea5p robot, m\u00e1y c\u1ea5p li\u1ec7u linh ho\u1ea1t, m\u00e1y c\u1ea5p li\u1ec7u ly t\u00e2m, m\u00e1y c\u1ea5p li\u1ec7u rung t\u1ef1 \u0111\u1ed9ng\",\"potentialAction\":[{\"@type\":\"SearchAction\",\"target\":{\"@type\":\"EntryPoint\",\"urlTemplate\":\"https:\/\/swoer.vn\/?s={search_term_string}\"},\"query-input\":{\"@type\":\"PropertyValueSpecification\",\"valueRequired\":true,\"valueName\":\"search_term_string\"}}],\"inLanguage\":\"ko-KR\"}]}<\/script>\n<!-- \/ Yoast SEO plugin. -->","yoast_head_json":{"title":"2\uac1c \ub808\uc77c\uc774 \uc788\ub294 \ubc00\ud3d0\ud615 \uc9c4\ub3d9 \ud53c\ub354 \uc2dc\uc2a4\ud15c - \uc0b0\uc5c5\uc6a9 \ud53c\ub354 \uc81c\uc870\uc5c5\uccb4","description":"\uc9c4\ub3d9\uc2dd \ud53c\ub354 \uc2dc\uc2a4\ud15c\uc740 2\uac1c\uc758 \ub808\uc77c\uc774 \uc788\ub294 \ud558\uc6b0\uc9d5\uc744 \uac16\ucd94\uace0 \uc788\uc5b4 \uc815\ud655\ud558\uace0 \uc548\uc815\uc801\uc778 \uacf5\uae09\uc744 \ubcf4\uc7a5\ud569\ub2c8\ub2e4. \uc0dd\uc0b0 \ub77c\uc778\uc744 \uc704\ud55c \ucd5c\uc801\uc758 \uc790\ub3d9\ud654 \uc194\ub8e8\uc158.","robots":{"index":"index","follow":"follow","max-snippet":"max-snippet:-1","max-image-preview":"max-image-preview:large","max-video-preview":"max-video-preview:-1"},"canonical":"https:\/\/swoer.vn\/ko\/manufacturer\/he-thong-cap-phoi-rung-co-vo-boc-voi-2-duong-ray\/","og_locale":"ko_KR","og_type":"article","og_title":"H\u1ec7 th\u1ed1ng c\u1ea5p ph\u00f4i rung c\u00f3 v\u1ecf b\u1ecdc v\u1edbi 2 \u0111\u01b0\u1eddng ray - Nh\u00e0 s\u1ea3n xu\u1ea5t m\u00e1y c\u1ea5p li\u1ec7u c\u00f4ng nghi\u1ec7p","og_description":"H\u1ec7 th\u1ed1ng c\u1ea5p ph\u00f4i rung c\u00f3 v\u1ecf b\u1ecdc v\u1edbi 2 \u0111\u01b0\u1eddng ray, \u0111\u1ea3m b\u1ea3o c\u1ea5p ph\u00f4i ch\u00ednh x\u00e1c, \u1ed5n \u0111\u1ecbnh. Gi\u1ea3i ph\u00e1p t\u1ef1 \u0111\u1ed9ng h\u00f3a t\u1ed1i \u01b0u cho d\u00e2y chuy\u1ec1n s\u1ea3n xu\u1ea5t.","og_url":"https:\/\/swoer.vn\/ko\/manufacturer\/he-thong-cap-phoi-rung-co-vo-boc-voi-2-duong-ray\/","og_site_name":"Nh\u00e0 s\u1ea3n xu\u1ea5t m\u00e1y c\u1ea5p li\u1ec7u c\u00f4ng nghi\u1ec7p","article_modified_time":"2025-03-04T07:46:42+00:00","og_image":[{"width":1000,"height":1000,"url":"https:\/\/swoer.vn\/wp-content\/uploads\/2025\/03\/He-thong-cap-phoi-rung-co-vo-boc-voi-2-duong-ray.webp","type":"image\/webp"}],"twitter_card":"summary_large_image","twitter_misc":{"\uc608\uc0c1 \ub418\ub294 \ud310\ub3c5 \uc2dc\uac04":"3\ubd84"},"schema":{"@context":"https:\/\/schema.org","@graph":[{"@type":"WebPage","@id":"https:\/\/swoer.vn\/manufacturer\/he-thong-cap-phoi-rung-co-vo-boc-voi-2-duong-ray\/","url":"https:\/\/swoer.vn\/manufacturer\/he-thong-cap-phoi-rung-co-vo-boc-voi-2-duong-ray\/","name":"2\uac1c \ub808\uc77c\uc774 \uc788\ub294 \ubc00\ud3d0\ud615 \uc9c4\ub3d9 \ud53c\ub354 \uc2dc\uc2a4\ud15c - \uc0b0\uc5c5\uc6a9 \ud53c\ub354 \uc81c\uc870\uc5c5\uccb4","isPartOf":{"@id":"https:\/\/swoer.vn\/#website"},"primaryImageOfPage":{"@id":"https:\/\/swoer.vn\/manufacturer\/he-thong-cap-phoi-rung-co-vo-boc-voi-2-duong-ray\/#primaryimage"},"image":{"@id":"https:\/\/swoer.vn\/manufacturer\/he-thong-cap-phoi-rung-co-vo-boc-voi-2-duong-ray\/#primaryimage"},"thumbnailUrl":"https:\/\/swoer.vn\/wp-content\/uploads\/2025\/03\/He-thong-cap-phoi-rung-co-vo-boc-voi-2-duong-ray.webp","datePublished":"2025-03-04T02:40:28+00:00","dateModified":"2025-03-04T07:46:42+00:00","description":"\uc9c4\ub3d9\uc2dd \ud53c\ub354 \uc2dc\uc2a4\ud15c\uc740 2\uac1c\uc758 \ub808\uc77c\uc774 \uc788\ub294 \ud558\uc6b0\uc9d5\uc744 \uac16\ucd94\uace0 \uc788\uc5b4 \uc815\ud655\ud558\uace0 \uc548\uc815\uc801\uc778 \uacf5\uae09\uc744 \ubcf4\uc7a5\ud569\ub2c8\ub2e4. \uc0dd\uc0b0 \ub77c\uc778\uc744 \uc704\ud55c \ucd5c\uc801\uc758 \uc790\ub3d9\ud654 \uc194\ub8e8\uc158.","breadcrumb":{"@id":"https:\/\/swoer.vn\/manufacturer\/he-thong-cap-phoi-rung-co-vo-boc-voi-2-duong-ray\/#breadcrumb"},"inLanguage":"ko-KR","potentialAction":[{"@type":"ReadAction","target":["https:\/\/swoer.vn\/manufacturer\/he-thong-cap-phoi-rung-co-vo-boc-voi-2-duong-ray\/"]}]},{"@type":"ImageObject","inLanguage":"ko-KR","@id":"https:\/\/swoer.vn\/manufacturer\/he-thong-cap-phoi-rung-co-vo-boc-voi-2-duong-ray\/#primaryimage","url":"https:\/\/swoer.vn\/wp-content\/uploads\/2025\/03\/He-thong-cap-phoi-rung-co-vo-boc-voi-2-duong-ray.webp","contentUrl":"https:\/\/swoer.vn\/wp-content\/uploads\/2025\/03\/He-thong-cap-phoi-rung-co-vo-boc-voi-2-duong-ray.webp","width":1000,"height":1000,"caption":"H\u1ec7 th\u1ed1ng c\u1ea5p ph\u00f4i rung c\u00f3 v\u1ecf b\u1ecdc v\u1edbi 2 \u0111\u01b0\u1eddng ray"},{"@type":"BreadcrumbList","@id":"https:\/\/swoer.vn\/manufacturer\/he-thong-cap-phoi-rung-co-vo-boc-voi-2-duong-ray\/#breadcrumb","itemListElement":[{"@type":"ListItem","position":1,"name":"Home","item":"https:\/\/swoer.vn\/"},{"@type":"ListItem","position":2,"name":"S\u1ea3n ph\u1ea9m","item":"https:\/\/swoer.vn\/shop\/"},{"@type":"ListItem","position":3,"name":"H\u1ec7 th\u1ed1ng c\u1ea5p ph\u00f4i rung c\u00f3 v\u1ecf b\u1ecdc v\u1edbi 2 \u0111\u01b0\u1eddng ray"}]},{"@type":"WebSite","@id":"https:\/\/swoer.vn\/#website","url":"https:\/\/swoer.vn\/","name":"\uc0b0\uc5c5\uc6a9 \ud53c\ub354 \uc81c\uc870\uc5c5\uccb4","description":"\ub85c\ubd07, \ud50c\ub809\uc2dc\ube14 \ud53c\ub354, \uc6d0\uc2ec \ud53c\ub354, \uc790\ub3d9 \uc9c4\ub3d9 \ud53c\ub354 \uacf5\uae09\uc5c5\uccb4","potentialAction":[{"@type":"SearchAction","target":{"@type":"EntryPoint","urlTemplate":"https:\/\/swoer.vn\/?s={search_term_string}"},"query-input":{"@type":"PropertyValueSpecification","valueRequired":true,"valueName":"search_term_string"}}],"inLanguage":"ko-KR"}]}},"_links":{"self":[{"href":"https:\/\/swoer.vn\/ko\/wp-json\/wp\/v2\/product\/2116","targetHints":{"allow":["GET"]}}],"collection":[{"href":"https:\/\/swoer.vn\/ko\/wp-json\/wp\/v2\/product"}],"about":[{"href":"https:\/\/swoer.vn\/ko\/wp-json\/wp\/v2\/types\/product"}],"replies":[{"embeddable":true,"href":"https:\/\/swoer.vn\/ko\/wp-json\/wp\/v2\/comments?post=2116"}],"wp:featuredmedia":[{"embeddable":true,"href":"https:\/\/swoer.vn\/ko\/wp-json\/wp\/v2\/media\/2117"}],"wp:attachment":[{"href":"https:\/\/swoer.vn\/ko\/wp-json\/wp\/v2\/media?parent=2116"}],"wp:term":[{"taxonomy":"product_brand","embeddable":true,"href":"https:\/\/swoer.vn\/ko\/wp-json\/wp\/v2\/product_brand?post=2116"},{"taxonomy":"product_cat","embeddable":true,"href":"https:\/\/swoer.vn\/ko\/wp-json\/wp\/v2\/product_cat?post=2116"},{"taxonomy":"product_tag","embeddable":true,"href":"https:\/\/swoer.vn\/ko\/wp-json\/wp\/v2\/product_tag?post=2116"}],"curies":[{"name":"wp","href":"https:\/\/api.w.org\/{rel}","templated":true}]}}