{"id":2067,"date":"2025-03-03T12:54:26","date_gmt":"2025-03-03T05:54:26","guid":{"rendered":"https:\/\/swoer.vn\/?post_type=product&#038;p=2067"},"modified":"2025-03-15T10:26:02","modified_gmt":"2025-03-15T03:26:02","slug":"de-rung-sw-c270","status":"publish","type":"product","link":"https:\/\/swoer.vn\/ko\/manufacturer\/de-rung-sw-c270\/","title":{"rendered":"\u0110\u1ebf rung SW-C270"},"content":{"rendered":"<h2>\uba85\uc138\uc11c<\/h2>\n<table style=\"border-collapse: collapse; width: 393.02pt;\" border=\"0\" width=\"524\" cellspacing=\"0\" cellpadding=\"0\">\n<tbody>\n<tr style=\"height: 14.25pt;\">\n<td class=\"et2\" style=\"height: 14.25pt; width: 145.50pt;\" width=\"194\" height=\"19\">\uc720\ud615<\/td>\n<td class=\"et2\" style=\"width: 248.00pt;\" width=\"330\">SW-C270<\/td>\n<\/tr>\n<tr style=\"height: 14.25pt;\">\n<td class=\"et2\" style=\"height: 14.25pt;\" height=\"19\">\uc804\uc555<\/td>\n<td class=\"et2\">220V<\/td>\n<\/tr>\n<tr style=\"height: 14.25pt;\">\n<td class=\"et2\" style=\"height: 14.25pt;\" height=\"19\">\ube48\ub3c4<\/td>\n<td class=\"et2\">50Hz<\/td>\n<\/tr>\n<tr style=\"height: 14.25pt;\">\n<td class=\"et2\" style=\"height: 14.25pt;\" height=\"19\">\uc804\ub958<\/td>\n<td class=\"et2\">3.4A<\/td>\n<\/tr>\n<tr style=\"height: 14.25pt;\">\n<td class=\"et2\" style=\"height: 14.25pt;\" height=\"19\">\ucd5c\ub300 \ud06c\uae30<\/td>\n<td class=\"et2\">480mm<\/td>\n<\/tr>\n<tr style=\"height: 14.25pt;\">\n<td class=\"et2\" style=\"height: 14.25pt;\" height=\"19\">\ucd5c\ub300 \ud558\uc911<\/td>\n<td class=\"et2\">12kg<\/td>\n<\/tr>\n<tr style=\"height: 14.25pt;\">\n<td class=\"et2\" style=\"height: 14.25pt;\" height=\"19\">\uc81c\uc5b4 \uc7a5\uce58<\/td>\n<td class=\"et2\">3A \uc8fc\ud30c\uc218 \ucee8\ud2b8\ub864\ub7ec<\/td>\n<\/tr>\n<tr style=\"height: 14.25pt;\">\n<td class=\"et2\" style=\"height: 14.25pt;\" height=\"19\">\uc2a4\ud504\ub9c1 \uc0ac\uc6a9<\/td>\n<td class=\"et2\">SW-50CRVA-106 x 35<\/td>\n<\/tr>\n<tr style=\"height: 14.25pt;\">\n<td class=\"et2\" style=\"height: 14.25pt;\" height=\"19\">\uc9c4\ub3d9\uc218<\/td>\n<td class=\"et2\">50-200Hz<\/td>\n<\/tr>\n<tr style=\"height: 14.25pt;\">\n<td class=\"et3\" style=\"height: 28.50pt;\" rowspan=\"2\" height=\"38\">\uae30\ubcf8 \ubb34\uac8c<\/td>\n<td class=\"et2\">39kg : \uae30\ubcf8\ud615, \uae30\uacc4 \ubcf8\uccb4 \ub0b4\ubd80\uc5d0 \uc11c\ube0c\uc0ac\uc77c\ub85c\uac00 \uc788\ub294 \ud0c0\uc785<\/td>\n<\/tr>\n<tr style=\"height: 14.25pt;\">\n<td class=\"et2\">45kg: \ub0ae\uc740 \ubd84\ub9ac, \ubc14\ub514 \uc7a5\ucc29 \ub9bc \ud3ec\ud568<\/td>\n<\/tr>\n<\/tbody>\n<\/table>\n\t<div id=\"gap-1459586752\" class=\"gap-element clearfix\" style=\"display:block; height:auto;\">\n\t\t\n<style>\n#gap-1459586752 {\n  padding-top: 30px;\n}\n<\/style>\n\t<\/div>\n\t\n<h2>\ud06c\uae30<\/h2>\n\t<div class=\"img has-hover x md-x lg-x y md-y lg-y\" id=\"image_1334603670\">\n\t\t\t\t\t\t\t\t<div class=\"img-inner dark\" >\n\t\t\t<img loading=\"lazy\" decoding=\"async\" width=\"833\" height=\"618\" src=\"https:\/\/swoer.vn\/wp-content\/uploads\/2025\/03\/Co-cau-truyen-dong-pheu-rung-SW-C270.webp\" class=\"attachment-original size-original\" alt=\"SW-C270 \uc9c4\ub3d9 \ud638\ud37c \uad6c\ub3d9 \uba54\ucee4\ub2c8\uc998\" srcset=\"https:\/\/swoer.vn\/wp-content\/uploads\/2025\/03\/Co-cau-truyen-dong-pheu-rung-SW-C270.webp 833w, https:\/\/swoer.vn\/wp-content\/uploads\/2025\/03\/Co-cau-truyen-dong-pheu-rung-SW-C270-300x223.webp 300w, https:\/\/swoer.vn\/wp-content\/uploads\/2025\/03\/Co-cau-truyen-dong-pheu-rung-SW-C270-768x570.webp 768w, https:\/\/swoer.vn\/wp-content\/uploads\/2025\/03\/Co-cau-truyen-dong-pheu-rung-SW-C270-16x12.webp 16w, https:\/\/swoer.vn\/wp-content\/uploads\/2025\/03\/Co-cau-truyen-dong-pheu-rung-SW-C270-600x445.webp 600w\" sizes=\"auto, (max-width: 833px) 100vw, 833px\" title=\"\">\t\t\t\t\t\t\n\t\t\t\t\t<\/div>\n\t\t\t\t\t\t\t\t\n<style>\n#image_1334603670 {\n  width: 100%;\n}\n<\/style>\n\t<\/div>","protected":false},"excerpt":{"rendered":"<p>SW-C270 \uc9c4\ub3d9 \ud638\ud37c \ub4dc\ub77c\uc774\ube0c\ub294 \uc9c4\ub3d9\uc2dd \uacf5\uae09 \uc2dc\uc2a4\ud15c\uc758 \ud544\uc218\uc801\uc778 \ubd80\ubd84\uc73c\ub85c, \ubd80\ub4dc\ub7fd\uace0 \uc815\ud655\ud55c \uc804\ub2ec\uc744 \ubcf4\uc7a5\ud569\ub2c8\ub2e4. \uc774 \uc81c\ud488\uc740 \uacf5\uae09 \uc131\ub2a5\uc744 \ucd5c\uc801\ud654\ud558\uace0, \uc9c4\ub3d9\uc744 \uc904\uc774\uba70, \uc790\ub3d9\ud654\ub41c \uc0dd\uc0b0 \ub77c\uc778\uc5d0 \uc27d\uac8c \ud1b5\ud569\ud560 \uc218 \uc788\uc2b5\ub2c8\ub2e4. \uc790\ub3d9\ucc28, \uc804\uc790, \uc758\ub8cc \ub4f1 \ub2e4\uc591\ud55c \uc0b0\uc5c5\uc5d0 \uc801\ud569\ud569\ub2c8\ub2e4.<\/p>","protected":false},"featured_media":2068,"comment_status":"open","ping_status":"closed","template":"","meta":[],"product_brand":[],"product_cat":[92],"product_tag":[97,96,95],"class_list":{"0":"post-2067","1":"product","2":"type-product","3":"status-publish","4":"has-post-thumbnail","6":"product_cat-de-nap-rung","7":"product_tag-bo-phan-tao-rung","8":"product_tag-bo-truyen-dong-pheu-rung","9":"product_tag-dong-co-rung","11":"first","12":"instock","13":"shipping-taxable","14":"product-type-simple"},"yoast_head":"<!-- This site is optimized with the Yoast SEO plugin v26.0 - https:\/\/yoast.com\/wordpress\/plugins\/seo\/ -->\n<title>\u0110\u1ebf rung SW-C270 - Nh\u00e0 s\u1ea3n xu\u1ea5t m\u00e1y c\u1ea5p li\u1ec7u c\u00f4ng nghi\u1ec7p<\/title>\n<meta name=\"description\" content=\"\u0110\u1ebf rung SW-C270 \u2013 Ph\u1ee5 ki\u1ec7n quan tr\u1ecdng c\u1ee7a m\u00e1y c\u1ea5p li\u1ec7u rung, gi\u00fap truy\u1ec1n \u0111\u1ed9ng \u1ed5n \u0111\u1ecbnh, ch\u00ednh x\u00e1c, ph\u00f9 h\u1ee3p cho ng\u00e0nh \u00f4 t\u00f4, \u0111i\u1ec7n t\u1eed, y t\u1ebf.\" \/>\n<meta name=\"robots\" content=\"index, follow, max-snippet:-1, max-image-preview:large, max-video-preview:-1\" \/>\n<link rel=\"canonical\" href=\"https:\/\/swoer.vn\/ko\/manufacturer\/de-rung-sw-c270\/\" \/>\n<meta property=\"og:locale\" content=\"ko_KR\" \/>\n<meta property=\"og:type\" content=\"article\" \/>\n<meta property=\"og:title\" content=\"\u0110\u1ebf rung SW-C270 - Nh\u00e0 s\u1ea3n xu\u1ea5t m\u00e1y c\u1ea5p li\u1ec7u c\u00f4ng nghi\u1ec7p\" \/>\n<meta property=\"og:description\" content=\"\u0110\u1ebf rung SW-C270 \u2013 Ph\u1ee5 ki\u1ec7n quan tr\u1ecdng c\u1ee7a m\u00e1y c\u1ea5p li\u1ec7u rung, gi\u00fap truy\u1ec1n \u0111\u1ed9ng \u1ed5n \u0111\u1ecbnh, ch\u00ednh x\u00e1c, ph\u00f9 h\u1ee3p cho ng\u00e0nh \u00f4 t\u00f4, \u0111i\u1ec7n t\u1eed, y t\u1ebf.\" \/>\n<meta property=\"og:url\" content=\"https:\/\/swoer.vn\/ko\/manufacturer\/de-rung-sw-c270\/\" \/>\n<meta property=\"og:site_name\" content=\"Nh\u00e0 s\u1ea3n xu\u1ea5t m\u00e1y c\u1ea5p li\u1ec7u c\u00f4ng nghi\u1ec7p\" \/>\n<meta property=\"article:modified_time\" content=\"2025-03-15T03:26:02+00:00\" \/>\n<meta property=\"og:image\" content=\"https:\/\/swoer.vn\/wp-content\/uploads\/2025\/03\/Bo-truyen-dong-bat-rung-SW-C270.webp\" \/>\n\t<meta property=\"og:image:width\" content=\"1000\" \/>\n\t<meta property=\"og:image:height\" content=\"1000\" \/>\n\t<meta property=\"og:image:type\" content=\"image\/webp\" \/>\n<meta name=\"twitter:card\" content=\"summary_large_image\" \/>\n<meta name=\"twitter:label1\" content=\"\uc608\uc0c1 \ub418\ub294 \ud310\ub3c5 \uc2dc\uac04\" \/>\n\t<meta name=\"twitter:data1\" content=\"1\ubd84\" \/>\n<script type=\"application\/ld+json\" class=\"yoast-schema-graph\">{\"@context\":\"https:\/\/schema.org\",\"@graph\":[{\"@type\":\"WebPage\",\"@id\":\"https:\/\/swoer.vn\/manufacturer\/de-rung-sw-c270\/\",\"url\":\"https:\/\/swoer.vn\/manufacturer\/de-rung-sw-c270\/\",\"name\":\"\u0110\u1ebf rung SW-C270 - Nh\u00e0 s\u1ea3n xu\u1ea5t m\u00e1y c\u1ea5p li\u1ec7u c\u00f4ng nghi\u1ec7p\",\"isPartOf\":{\"@id\":\"https:\/\/swoer.vn\/#website\"},\"primaryImageOfPage\":{\"@id\":\"https:\/\/swoer.vn\/manufacturer\/de-rung-sw-c270\/#primaryimage\"},\"image\":{\"@id\":\"https:\/\/swoer.vn\/manufacturer\/de-rung-sw-c270\/#primaryimage\"},\"thumbnailUrl\":\"https:\/\/swoer.vn\/wp-content\/uploads\/2025\/03\/Bo-truyen-dong-bat-rung-SW-C270.webp\",\"datePublished\":\"2025-03-03T05:54:26+00:00\",\"dateModified\":\"2025-03-15T03:26:02+00:00\",\"description\":\"\u0110\u1ebf rung SW-C270 \u2013 Ph\u1ee5 ki\u1ec7n quan tr\u1ecdng c\u1ee7a m\u00e1y c\u1ea5p li\u1ec7u rung, gi\u00fap truy\u1ec1n \u0111\u1ed9ng \u1ed5n \u0111\u1ecbnh, ch\u00ednh x\u00e1c, ph\u00f9 h\u1ee3p cho ng\u00e0nh \u00f4 t\u00f4, \u0111i\u1ec7n t\u1eed, y t\u1ebf.\",\"breadcrumb\":{\"@id\":\"https:\/\/swoer.vn\/manufacturer\/de-rung-sw-c270\/#breadcrumb\"},\"inLanguage\":\"ko-KR\",\"potentialAction\":[{\"@type\":\"ReadAction\",\"target\":[\"https:\/\/swoer.vn\/manufacturer\/de-rung-sw-c270\/\"]}]},{\"@type\":\"ImageObject\",\"inLanguage\":\"ko-KR\",\"@id\":\"https:\/\/swoer.vn\/manufacturer\/de-rung-sw-c270\/#primaryimage\",\"url\":\"https:\/\/swoer.vn\/wp-content\/uploads\/2025\/03\/Bo-truyen-dong-bat-rung-SW-C270.webp\",\"contentUrl\":\"https:\/\/swoer.vn\/wp-content\/uploads\/2025\/03\/Bo-truyen-dong-bat-rung-SW-C270.webp\",\"width\":1000,\"height\":1000,\"caption\":\"B\u1ed9 truy\u1ec1n \u0111\u1ed9ng b\u00e1t rung SW-C270\"},{\"@type\":\"BreadcrumbList\",\"@id\":\"https:\/\/swoer.vn\/manufacturer\/de-rung-sw-c270\/#breadcrumb\",\"itemListElement\":[{\"@type\":\"ListItem\",\"position\":1,\"name\":\"Home\",\"item\":\"https:\/\/swoer.vn\/\"},{\"@type\":\"ListItem\",\"position\":2,\"name\":\"S\u1ea3n ph\u1ea9m\",\"item\":\"https:\/\/swoer.vn\/shop\/\"},{\"@type\":\"ListItem\",\"position\":3,\"name\":\"\u0110\u1ebf rung SW-C270\"}]},{\"@type\":\"WebSite\",\"@id\":\"https:\/\/swoer.vn\/#website\",\"url\":\"https:\/\/swoer.vn\/\",\"name\":\"Nh\u00e0 s\u1ea3n xu\u1ea5t m\u00e1y c\u1ea5p li\u1ec7u c\u00f4ng nghi\u1ec7p\",\"description\":\"Nh\u00e0 cung c\u1ea5p robot, m\u00e1y c\u1ea5p li\u1ec7u linh ho\u1ea1t, m\u00e1y c\u1ea5p li\u1ec7u ly t\u00e2m, m\u00e1y c\u1ea5p li\u1ec7u rung t\u1ef1 \u0111\u1ed9ng\",\"potentialAction\":[{\"@type\":\"SearchAction\",\"target\":{\"@type\":\"EntryPoint\",\"urlTemplate\":\"https:\/\/swoer.vn\/?s={search_term_string}\"},\"query-input\":{\"@type\":\"PropertyValueSpecification\",\"valueRequired\":true,\"valueName\":\"search_term_string\"}}],\"inLanguage\":\"ko-KR\"}]}<\/script>\n<!-- \/ Yoast SEO plugin. -->","yoast_head_json":{"title":"\u0110\u1ebf rung SW-C270 - Nh\u00e0 s\u1ea3n xu\u1ea5t m\u00e1y c\u1ea5p li\u1ec7u c\u00f4ng nghi\u1ec7p","description":"\u0110\u1ebf rung SW-C270 \u2013 Ph\u1ee5 ki\u1ec7n quan tr\u1ecdng c\u1ee7a m\u00e1y c\u1ea5p li\u1ec7u rung, gi\u00fap truy\u1ec1n \u0111\u1ed9ng \u1ed5n \u0111\u1ecbnh, ch\u00ednh x\u00e1c, ph\u00f9 h\u1ee3p cho ng\u00e0nh \u00f4 t\u00f4, \u0111i\u1ec7n t\u1eed, y t\u1ebf.","robots":{"index":"index","follow":"follow","max-snippet":"max-snippet:-1","max-image-preview":"max-image-preview:large","max-video-preview":"max-video-preview:-1"},"canonical":"https:\/\/swoer.vn\/ko\/manufacturer\/de-rung-sw-c270\/","og_locale":"ko_KR","og_type":"article","og_title":"\u0110\u1ebf rung SW-C270 - Nh\u00e0 s\u1ea3n xu\u1ea5t m\u00e1y c\u1ea5p li\u1ec7u c\u00f4ng nghi\u1ec7p","og_description":"\u0110\u1ebf rung SW-C270 \u2013 Ph\u1ee5 ki\u1ec7n quan tr\u1ecdng c\u1ee7a m\u00e1y c\u1ea5p li\u1ec7u rung, gi\u00fap truy\u1ec1n \u0111\u1ed9ng \u1ed5n \u0111\u1ecbnh, ch\u00ednh x\u00e1c, ph\u00f9 h\u1ee3p cho ng\u00e0nh \u00f4 t\u00f4, \u0111i\u1ec7n t\u1eed, y t\u1ebf.","og_url":"https:\/\/swoer.vn\/ko\/manufacturer\/de-rung-sw-c270\/","og_site_name":"Nh\u00e0 s\u1ea3n xu\u1ea5t m\u00e1y c\u1ea5p li\u1ec7u c\u00f4ng nghi\u1ec7p","article_modified_time":"2025-03-15T03:26:02+00:00","og_image":[{"width":1000,"height":1000,"url":"https:\/\/swoer.vn\/wp-content\/uploads\/2025\/03\/Bo-truyen-dong-bat-rung-SW-C270.webp","type":"image\/webp"}],"twitter_card":"summary_large_image","twitter_misc":{"\uc608\uc0c1 \ub418\ub294 \ud310\ub3c5 \uc2dc\uac04":"1\ubd84"},"schema":{"@context":"https:\/\/schema.org","@graph":[{"@type":"WebPage","@id":"https:\/\/swoer.vn\/manufacturer\/de-rung-sw-c270\/","url":"https:\/\/swoer.vn\/manufacturer\/de-rung-sw-c270\/","name":"\u0110\u1ebf rung SW-C270 - Nh\u00e0 s\u1ea3n xu\u1ea5t m\u00e1y c\u1ea5p li\u1ec7u c\u00f4ng nghi\u1ec7p","isPartOf":{"@id":"https:\/\/swoer.vn\/#website"},"primaryImageOfPage":{"@id":"https:\/\/swoer.vn\/manufacturer\/de-rung-sw-c270\/#primaryimage"},"image":{"@id":"https:\/\/swoer.vn\/manufacturer\/de-rung-sw-c270\/#primaryimage"},"thumbnailUrl":"https:\/\/swoer.vn\/wp-content\/uploads\/2025\/03\/Bo-truyen-dong-bat-rung-SW-C270.webp","datePublished":"2025-03-03T05:54:26+00:00","dateModified":"2025-03-15T03:26:02+00:00","description":"\u0110\u1ebf rung SW-C270 \u2013 Ph\u1ee5 ki\u1ec7n quan tr\u1ecdng c\u1ee7a m\u00e1y c\u1ea5p li\u1ec7u rung, gi\u00fap truy\u1ec1n \u0111\u1ed9ng \u1ed5n \u0111\u1ecbnh, ch\u00ednh x\u00e1c, ph\u00f9 h\u1ee3p cho ng\u00e0nh \u00f4 t\u00f4, \u0111i\u1ec7n t\u1eed, y t\u1ebf.","breadcrumb":{"@id":"https:\/\/swoer.vn\/manufacturer\/de-rung-sw-c270\/#breadcrumb"},"inLanguage":"ko-KR","potentialAction":[{"@type":"ReadAction","target":["https:\/\/swoer.vn\/manufacturer\/de-rung-sw-c270\/"]}]},{"@type":"ImageObject","inLanguage":"ko-KR","@id":"https:\/\/swoer.vn\/manufacturer\/de-rung-sw-c270\/#primaryimage","url":"https:\/\/swoer.vn\/wp-content\/uploads\/2025\/03\/Bo-truyen-dong-bat-rung-SW-C270.webp","contentUrl":"https:\/\/swoer.vn\/wp-content\/uploads\/2025\/03\/Bo-truyen-dong-bat-rung-SW-C270.webp","width":1000,"height":1000,"caption":"B\u1ed9 truy\u1ec1n \u0111\u1ed9ng b\u00e1t rung SW-C270"},{"@type":"BreadcrumbList","@id":"https:\/\/swoer.vn\/manufacturer\/de-rung-sw-c270\/#breadcrumb","itemListElement":[{"@type":"ListItem","position":1,"name":"Home","item":"https:\/\/swoer.vn\/"},{"@type":"ListItem","position":2,"name":"S\u1ea3n ph\u1ea9m","item":"https:\/\/swoer.vn\/shop\/"},{"@type":"ListItem","position":3,"name":"\u0110\u1ebf rung SW-C270"}]},{"@type":"WebSite","@id":"https:\/\/swoer.vn\/#website","url":"https:\/\/swoer.vn\/","name":"\uc0b0\uc5c5\uc6a9 \ud53c\ub354 \uc81c\uc870\uc5c5\uccb4","description":"\ub85c\ubd07, \ud50c\ub809\uc2dc\ube14 \ud53c\ub354, \uc6d0\uc2ec \ud53c\ub354, \uc790\ub3d9 \uc9c4\ub3d9 \ud53c\ub354 \uacf5\uae09\uc5c5\uccb4","potentialAction":[{"@type":"SearchAction","target":{"@type":"EntryPoint","urlTemplate":"https:\/\/swoer.vn\/?s={search_term_string}"},"query-input":{"@type":"PropertyValueSpecification","valueRequired":true,"valueName":"search_term_string"}}],"inLanguage":"ko-KR"}]}},"_links":{"self":[{"href":"https:\/\/swoer.vn\/ko\/wp-json\/wp\/v2\/product\/2067","targetHints":{"allow":["GET"]}}],"collection":[{"href":"https:\/\/swoer.vn\/ko\/wp-json\/wp\/v2\/product"}],"about":[{"href":"https:\/\/swoer.vn\/ko\/wp-json\/wp\/v2\/types\/product"}],"replies":[{"embeddable":true,"href":"https:\/\/swoer.vn\/ko\/wp-json\/wp\/v2\/comments?post=2067"}],"wp:featuredmedia":[{"embeddable":true,"href":"https:\/\/swoer.vn\/ko\/wp-json\/wp\/v2\/media\/2068"}],"wp:attachment":[{"href":"https:\/\/swoer.vn\/ko\/wp-json\/wp\/v2\/media?parent=2067"}],"wp:term":[{"taxonomy":"product_brand","embeddable":true,"href":"https:\/\/swoer.vn\/ko\/wp-json\/wp\/v2\/product_brand?post=2067"},{"taxonomy":"product_cat","embeddable":true,"href":"https:\/\/swoer.vn\/ko\/wp-json\/wp\/v2\/product_cat?post=2067"},{"taxonomy":"product_tag","embeddable":true,"href":"https:\/\/swoer.vn\/ko\/wp-json\/wp\/v2\/product_tag?post=2067"}],"curies":[{"name":"wp","href":"https:\/\/api.w.org\/{rel}","templated":true}]}}