{"id":2029,"date":"2025-03-03T09:36:02","date_gmt":"2025-03-03T02:36:02","guid":{"rendered":"https:\/\/swoer.vn\/?post_type=product&#038;p=2029"},"modified":"2025-03-10T12:05:20","modified_gmt":"2025-03-10T05:05:20","slug":"bo-rung-thang-tuyen-tinh-zz800-800-s","status":"publish","type":"product","link":"https:\/\/swoer.vn\/ko\/manufacturer\/bo-rung-thang-tuyen-tinh-zz800-800-s\/","title":{"rendered":"\ub9ac\ub2c8\uc5b4 \uc9c4\ub3d9\uae30 ZZ800-800-S"},"content":{"rendered":"<h2>\ud06c\uae30<\/h2>\n\t<div class=\"img has-hover x md-x lg-x y md-y lg-y\" id=\"image_1514549525\">\n\t\t\t\t\t\t\t\t<div class=\"img-inner dark\" >\n\t\t\t<img loading=\"lazy\" decoding=\"async\" width=\"1025\" height=\"768\" src=\"https:\/\/swoer.vn\/wp-content\/uploads\/2025\/03\/Bang-tai-rung-tuyen-tinh-ZZ800-800-S-1.webp\" class=\"attachment-original size-original\" alt=\"\uc120\ud615 \uc9c4\ub3d9 \ucee8\ubca0\uc774\uc5b4 ZZ800-800-S\" srcset=\"https:\/\/swoer.vn\/wp-content\/uploads\/2025\/03\/Bang-tai-rung-tuyen-tinh-ZZ800-800-S-1.webp 1025w, https:\/\/swoer.vn\/wp-content\/uploads\/2025\/03\/Bang-tai-rung-tuyen-tinh-ZZ800-800-S-1-300x225.webp 300w, https:\/\/swoer.vn\/wp-content\/uploads\/2025\/03\/Bang-tai-rung-tuyen-tinh-ZZ800-800-S-1-768x575.webp 768w, https:\/\/swoer.vn\/wp-content\/uploads\/2025\/03\/Bang-tai-rung-tuyen-tinh-ZZ800-800-S-1-16x12.webp 16w, https:\/\/swoer.vn\/wp-content\/uploads\/2025\/03\/Bang-tai-rung-tuyen-tinh-ZZ800-800-S-1-600x450.webp 600w\" sizes=\"auto, (max-width: 1025px) 100vw, 1025px\" title=\"\">\t\t\t\t\t\t\n\t\t\t\t\t<\/div>\n\t\t\t\t\t\t\t\t\n<style>\n#image_1514549525 {\n  width: 100%;\n}\n<\/style>\n\t<\/div>","protected":false},"excerpt":{"rendered":"<p>ZZ800-800-S \uc120\ud615 \uc9c4\ub3d9\uae30\ub294 \uc9c4\ub3d9 \uacf5\uae09 \uc2dc\uc2a4\ud15c\uc758 \ud544\uc218\uc801\uc778 \ubd80\ubd84\uc73c\ub85c, \uc791\uc5c5\ubb3c\uc744 \ubd80\ub4dc\ub7fd\uac8c \uc6c0\uc9c1\uc774\uace0 \uc9c4\ub3d9\uc744 \uc904\uc774\ub294 \ub370 \ub3c4\uc6c0\uc774 \ub429\ub2c8\ub2e4. \uc790\ub3d9\ucc28, \uc804\uc790, \uc758\ub8cc \uc0b0\uc5c5\uc5d0 \uc801\ud569\ud569\ub2c8\ub2e4.<\/p>","protected":false},"featured_media":2030,"comment_status":"open","ping_status":"closed","template":"","meta":[],"product_brand":[],"product_cat":[87],"product_tag":[89,91,90],"class_list":{"0":"post-2029","1":"product","2":"type-product","3":"status-publish","4":"has-post-thumbnail","6":"product_cat-bo-nap-tuyen-tinh","7":"product_tag-bang-tai-rung-tuyen-tinh","8":"product_tag-may-cap-lieu-tuyen-tinh","9":"product_tag-may-cap-phoi-tuyen-tinh","11":"first","12":"instock","13":"shipping-taxable","14":"product-type-simple"},"yoast_head":"<!-- This site is optimized with the Yoast SEO plugin v26.0 - https:\/\/yoast.com\/wordpress\/plugins\/seo\/ -->\n<title>B\u1ed9 rung th\u1eb3ng tuy\u1ebfn t\u00ednh ZZ800-800-S - Nh\u00e0 s\u1ea3n xu\u1ea5t m\u00e1y c\u1ea5p li\u1ec7u c\u00f4ng nghi\u1ec7p<\/title>\n<meta name=\"description\" content=\"B\u1ed9 rung th\u1eb3ng tuy\u1ebfn t\u00ednh ZZ800-800-S \u2013 B\u1ed9 ph\u1eadn quan tr\u1ecdng c\u1ee7a m\u00e1y c\u1ea5p li\u1ec7u rung, gi\u00fap v\u1eadn chuy\u1ec3n ph\u00f4i \u1ed5n \u0111\u1ecbnh v\u00e0 ch\u00ednh x\u00e1c trong s\u1ea3n xu\u1ea5t t\u1ef1 \u0111\u1ed9ng.\" \/>\n<meta name=\"robots\" content=\"index, follow, max-snippet:-1, max-image-preview:large, max-video-preview:-1\" \/>\n<link rel=\"canonical\" href=\"https:\/\/swoer.vn\/ko\/manufacturer\/bo-rung-thang-tuyen-tinh-zz800-800-s\/\" \/>\n<meta property=\"og:locale\" content=\"ko_KR\" \/>\n<meta property=\"og:type\" content=\"article\" \/>\n<meta property=\"og:title\" content=\"B\u1ed9 rung th\u1eb3ng tuy\u1ebfn t\u00ednh ZZ800-800-S - Nh\u00e0 s\u1ea3n xu\u1ea5t m\u00e1y c\u1ea5p li\u1ec7u c\u00f4ng nghi\u1ec7p\" \/>\n<meta property=\"og:description\" content=\"B\u1ed9 rung th\u1eb3ng tuy\u1ebfn t\u00ednh ZZ800-800-S \u2013 B\u1ed9 ph\u1eadn quan tr\u1ecdng c\u1ee7a m\u00e1y c\u1ea5p li\u1ec7u rung, gi\u00fap v\u1eadn chuy\u1ec3n ph\u00f4i \u1ed5n \u0111\u1ecbnh v\u00e0 ch\u00ednh x\u00e1c trong s\u1ea3n xu\u1ea5t t\u1ef1 \u0111\u1ed9ng.\" \/>\n<meta property=\"og:url\" content=\"https:\/\/swoer.vn\/ko\/manufacturer\/bo-rung-thang-tuyen-tinh-zz800-800-s\/\" \/>\n<meta property=\"og:site_name\" content=\"Nh\u00e0 s\u1ea3n xu\u1ea5t m\u00e1y c\u1ea5p li\u1ec7u c\u00f4ng nghi\u1ec7p\" \/>\n<meta property=\"article:modified_time\" content=\"2025-03-10T05:05:20+00:00\" \/>\n<meta property=\"og:image\" content=\"https:\/\/swoer.vn\/wp-content\/uploads\/2025\/03\/He-thong-cap-lieu-tuyen-tinh-ZZ800-800-S.webp\" \/>\n\t<meta property=\"og:image:width\" content=\"800\" \/>\n\t<meta property=\"og:image:height\" content=\"800\" \/>\n\t<meta property=\"og:image:type\" content=\"image\/webp\" \/>\n<meta name=\"twitter:card\" content=\"summary_large_image\" \/>\n<meta name=\"twitter:label1\" content=\"\uc608\uc0c1 \ub418\ub294 \ud310\ub3c5 \uc2dc\uac04\" \/>\n\t<meta name=\"twitter:data1\" content=\"1\ubd84\" \/>\n<script type=\"application\/ld+json\" class=\"yoast-schema-graph\">{\"@context\":\"https:\/\/schema.org\",\"@graph\":[{\"@type\":\"WebPage\",\"@id\":\"https:\/\/swoer.vn\/manufacturer\/bo-rung-thang-tuyen-tinh-zz800-800-s\/\",\"url\":\"https:\/\/swoer.vn\/manufacturer\/bo-rung-thang-tuyen-tinh-zz800-800-s\/\",\"name\":\"B\u1ed9 rung th\u1eb3ng tuy\u1ebfn t\u00ednh ZZ800-800-S - Nh\u00e0 s\u1ea3n xu\u1ea5t m\u00e1y c\u1ea5p li\u1ec7u c\u00f4ng nghi\u1ec7p\",\"isPartOf\":{\"@id\":\"https:\/\/swoer.vn\/#website\"},\"primaryImageOfPage\":{\"@id\":\"https:\/\/swoer.vn\/manufacturer\/bo-rung-thang-tuyen-tinh-zz800-800-s\/#primaryimage\"},\"image\":{\"@id\":\"https:\/\/swoer.vn\/manufacturer\/bo-rung-thang-tuyen-tinh-zz800-800-s\/#primaryimage\"},\"thumbnailUrl\":\"https:\/\/swoer.vn\/wp-content\/uploads\/2025\/03\/He-thong-cap-lieu-tuyen-tinh-ZZ800-800-S.webp\",\"datePublished\":\"2025-03-03T02:36:02+00:00\",\"dateModified\":\"2025-03-10T05:05:20+00:00\",\"description\":\"B\u1ed9 rung th\u1eb3ng tuy\u1ebfn t\u00ednh ZZ800-800-S \u2013 B\u1ed9 ph\u1eadn quan tr\u1ecdng c\u1ee7a m\u00e1y c\u1ea5p li\u1ec7u rung, gi\u00fap v\u1eadn chuy\u1ec3n ph\u00f4i \u1ed5n \u0111\u1ecbnh v\u00e0 ch\u00ednh x\u00e1c trong s\u1ea3n xu\u1ea5t t\u1ef1 \u0111\u1ed9ng.\",\"breadcrumb\":{\"@id\":\"https:\/\/swoer.vn\/manufacturer\/bo-rung-thang-tuyen-tinh-zz800-800-s\/#breadcrumb\"},\"inLanguage\":\"ko-KR\",\"potentialAction\":[{\"@type\":\"ReadAction\",\"target\":[\"https:\/\/swoer.vn\/manufacturer\/bo-rung-thang-tuyen-tinh-zz800-800-s\/\"]}]},{\"@type\":\"ImageObject\",\"inLanguage\":\"ko-KR\",\"@id\":\"https:\/\/swoer.vn\/manufacturer\/bo-rung-thang-tuyen-tinh-zz800-800-s\/#primaryimage\",\"url\":\"https:\/\/swoer.vn\/wp-content\/uploads\/2025\/03\/He-thong-cap-lieu-tuyen-tinh-ZZ800-800-S.webp\",\"contentUrl\":\"https:\/\/swoer.vn\/wp-content\/uploads\/2025\/03\/He-thong-cap-lieu-tuyen-tinh-ZZ800-800-S.webp\",\"width\":800,\"height\":800,\"caption\":\"H\u1ec7 th\u1ed1ng c\u1ea5p li\u1ec7u tuy\u1ebfn t\u00ednh ZZ800-800-S\"},{\"@type\":\"BreadcrumbList\",\"@id\":\"https:\/\/swoer.vn\/manufacturer\/bo-rung-thang-tuyen-tinh-zz800-800-s\/#breadcrumb\",\"itemListElement\":[{\"@type\":\"ListItem\",\"position\":1,\"name\":\"Home\",\"item\":\"https:\/\/swoer.vn\/\"},{\"@type\":\"ListItem\",\"position\":2,\"name\":\"S\u1ea3n ph\u1ea9m\",\"item\":\"https:\/\/swoer.vn\/shop\/\"},{\"@type\":\"ListItem\",\"position\":3,\"name\":\"B\u1ed9 rung th\u1eb3ng tuy\u1ebfn t\u00ednh ZZ800-800-S\"}]},{\"@type\":\"WebSite\",\"@id\":\"https:\/\/swoer.vn\/#website\",\"url\":\"https:\/\/swoer.vn\/\",\"name\":\"Nh\u00e0 s\u1ea3n xu\u1ea5t m\u00e1y c\u1ea5p li\u1ec7u c\u00f4ng nghi\u1ec7p\",\"description\":\"Nh\u00e0 cung c\u1ea5p robot, m\u00e1y c\u1ea5p li\u1ec7u linh ho\u1ea1t, m\u00e1y c\u1ea5p li\u1ec7u ly t\u00e2m, m\u00e1y c\u1ea5p li\u1ec7u rung t\u1ef1 \u0111\u1ed9ng\",\"potentialAction\":[{\"@type\":\"SearchAction\",\"target\":{\"@type\":\"EntryPoint\",\"urlTemplate\":\"https:\/\/swoer.vn\/?s={search_term_string}\"},\"query-input\":{\"@type\":\"PropertyValueSpecification\",\"valueRequired\":true,\"valueName\":\"search_term_string\"}}],\"inLanguage\":\"ko-KR\"}]}<\/script>\n<!-- \/ Yoast SEO plugin. -->","yoast_head_json":{"title":"\uc120\ud615 \uc9c4\ub3d9\uae30 ZZ800-800-S - \uc0b0\uc5c5\uc6a9 \ud53c\ub354 \uc81c\uc870\uc5c5\uccb4","description":"ZZ800-800-S \uc120\ud615 \uc9c4\ub3d9\uae30 - \uc9c4\ub3d9 \uacf5\uae09\uae30\uc758 \ud575\uc2ec \ubd80\ubd84\uc73c\ub85c, \uc790\ub3d9 \uc0dd\uc0b0\uc5d0\uc11c \uc548\uc815\uc801\uc774\uace0 \uc815\ud655\ud558\uac8c \uc791\uc5c5\ubb3c\uc744 \uc6b4\ubc18\ud558\ub294 \ub370 \ub3c4\uc6c0\uc774 \ub429\ub2c8\ub2e4.","robots":{"index":"index","follow":"follow","max-snippet":"max-snippet:-1","max-image-preview":"max-image-preview:large","max-video-preview":"max-video-preview:-1"},"canonical":"https:\/\/swoer.vn\/ko\/manufacturer\/bo-rung-thang-tuyen-tinh-zz800-800-s\/","og_locale":"ko_KR","og_type":"article","og_title":"B\u1ed9 rung th\u1eb3ng tuy\u1ebfn t\u00ednh ZZ800-800-S - Nh\u00e0 s\u1ea3n xu\u1ea5t m\u00e1y c\u1ea5p li\u1ec7u c\u00f4ng nghi\u1ec7p","og_description":"B\u1ed9 rung th\u1eb3ng tuy\u1ebfn t\u00ednh ZZ800-800-S \u2013 B\u1ed9 ph\u1eadn quan tr\u1ecdng c\u1ee7a m\u00e1y c\u1ea5p li\u1ec7u rung, gi\u00fap v\u1eadn chuy\u1ec3n ph\u00f4i \u1ed5n \u0111\u1ecbnh v\u00e0 ch\u00ednh x\u00e1c trong s\u1ea3n xu\u1ea5t t\u1ef1 \u0111\u1ed9ng.","og_url":"https:\/\/swoer.vn\/ko\/manufacturer\/bo-rung-thang-tuyen-tinh-zz800-800-s\/","og_site_name":"Nh\u00e0 s\u1ea3n xu\u1ea5t m\u00e1y c\u1ea5p li\u1ec7u c\u00f4ng nghi\u1ec7p","article_modified_time":"2025-03-10T05:05:20+00:00","og_image":[{"width":800,"height":800,"url":"https:\/\/swoer.vn\/wp-content\/uploads\/2025\/03\/He-thong-cap-lieu-tuyen-tinh-ZZ800-800-S.webp","type":"image\/webp"}],"twitter_card":"summary_large_image","twitter_misc":{"\uc608\uc0c1 \ub418\ub294 \ud310\ub3c5 \uc2dc\uac04":"1\ubd84"},"schema":{"@context":"https:\/\/schema.org","@graph":[{"@type":"WebPage","@id":"https:\/\/swoer.vn\/manufacturer\/bo-rung-thang-tuyen-tinh-zz800-800-s\/","url":"https:\/\/swoer.vn\/manufacturer\/bo-rung-thang-tuyen-tinh-zz800-800-s\/","name":"\uc120\ud615 \uc9c4\ub3d9\uae30 ZZ800-800-S - \uc0b0\uc5c5\uc6a9 \ud53c\ub354 \uc81c\uc870\uc5c5\uccb4","isPartOf":{"@id":"https:\/\/swoer.vn\/#website"},"primaryImageOfPage":{"@id":"https:\/\/swoer.vn\/manufacturer\/bo-rung-thang-tuyen-tinh-zz800-800-s\/#primaryimage"},"image":{"@id":"https:\/\/swoer.vn\/manufacturer\/bo-rung-thang-tuyen-tinh-zz800-800-s\/#primaryimage"},"thumbnailUrl":"https:\/\/swoer.vn\/wp-content\/uploads\/2025\/03\/He-thong-cap-lieu-tuyen-tinh-ZZ800-800-S.webp","datePublished":"2025-03-03T02:36:02+00:00","dateModified":"2025-03-10T05:05:20+00:00","description":"ZZ800-800-S \uc120\ud615 \uc9c4\ub3d9\uae30 - \uc9c4\ub3d9 \uacf5\uae09\uae30\uc758 \ud575\uc2ec \ubd80\ubd84\uc73c\ub85c, \uc790\ub3d9 \uc0dd\uc0b0\uc5d0\uc11c \uc548\uc815\uc801\uc774\uace0 \uc815\ud655\ud558\uac8c \uc791\uc5c5\ubb3c\uc744 \uc6b4\ubc18\ud558\ub294 \ub370 \ub3c4\uc6c0\uc774 \ub429\ub2c8\ub2e4.","breadcrumb":{"@id":"https:\/\/swoer.vn\/manufacturer\/bo-rung-thang-tuyen-tinh-zz800-800-s\/#breadcrumb"},"inLanguage":"ko-KR","potentialAction":[{"@type":"ReadAction","target":["https:\/\/swoer.vn\/manufacturer\/bo-rung-thang-tuyen-tinh-zz800-800-s\/"]}]},{"@type":"ImageObject","inLanguage":"ko-KR","@id":"https:\/\/swoer.vn\/manufacturer\/bo-rung-thang-tuyen-tinh-zz800-800-s\/#primaryimage","url":"https:\/\/swoer.vn\/wp-content\/uploads\/2025\/03\/He-thong-cap-lieu-tuyen-tinh-ZZ800-800-S.webp","contentUrl":"https:\/\/swoer.vn\/wp-content\/uploads\/2025\/03\/He-thong-cap-lieu-tuyen-tinh-ZZ800-800-S.webp","width":800,"height":800,"caption":"H\u1ec7 th\u1ed1ng c\u1ea5p li\u1ec7u tuy\u1ebfn t\u00ednh ZZ800-800-S"},{"@type":"BreadcrumbList","@id":"https:\/\/swoer.vn\/manufacturer\/bo-rung-thang-tuyen-tinh-zz800-800-s\/#breadcrumb","itemListElement":[{"@type":"ListItem","position":1,"name":"Home","item":"https:\/\/swoer.vn\/"},{"@type":"ListItem","position":2,"name":"S\u1ea3n ph\u1ea9m","item":"https:\/\/swoer.vn\/shop\/"},{"@type":"ListItem","position":3,"name":"B\u1ed9 rung th\u1eb3ng tuy\u1ebfn t\u00ednh ZZ800-800-S"}]},{"@type":"WebSite","@id":"https:\/\/swoer.vn\/#website","url":"https:\/\/swoer.vn\/","name":"\uc0b0\uc5c5\uc6a9 \ud53c\ub354 \uc81c\uc870\uc5c5\uccb4","description":"\ub85c\ubd07, \ud50c\ub809\uc2dc\ube14 \ud53c\ub354, \uc6d0\uc2ec \ud53c\ub354, \uc790\ub3d9 \uc9c4\ub3d9 \ud53c\ub354 \uacf5\uae09\uc5c5\uccb4","potentialAction":[{"@type":"SearchAction","target":{"@type":"EntryPoint","urlTemplate":"https:\/\/swoer.vn\/?s={search_term_string}"},"query-input":{"@type":"PropertyValueSpecification","valueRequired":true,"valueName":"search_term_string"}}],"inLanguage":"ko-KR"}]}},"_links":{"self":[{"href":"https:\/\/swoer.vn\/ko\/wp-json\/wp\/v2\/product\/2029","targetHints":{"allow":["GET"]}}],"collection":[{"href":"https:\/\/swoer.vn\/ko\/wp-json\/wp\/v2\/product"}],"about":[{"href":"https:\/\/swoer.vn\/ko\/wp-json\/wp\/v2\/types\/product"}],"replies":[{"embeddable":true,"href":"https:\/\/swoer.vn\/ko\/wp-json\/wp\/v2\/comments?post=2029"}],"wp:featuredmedia":[{"embeddable":true,"href":"https:\/\/swoer.vn\/ko\/wp-json\/wp\/v2\/media\/2030"}],"wp:attachment":[{"href":"https:\/\/swoer.vn\/ko\/wp-json\/wp\/v2\/media?parent=2029"}],"wp:term":[{"taxonomy":"product_brand","embeddable":true,"href":"https:\/\/swoer.vn\/ko\/wp-json\/wp\/v2\/product_brand?post=2029"},{"taxonomy":"product_cat","embeddable":true,"href":"https:\/\/swoer.vn\/ko\/wp-json\/wp\/v2\/product_cat?post=2029"},{"taxonomy":"product_tag","embeddable":true,"href":"https:\/\/swoer.vn\/ko\/wp-json\/wp\/v2\/product_tag?post=2029"}],"curies":[{"name":"wp","href":"https:\/\/api.w.org\/{rel}","templated":true}]}}