{"id":2005,"date":"2025-03-03T08:29:16","date_gmt":"2025-03-03T01:29:16","guid":{"rendered":"https:\/\/swoer.vn\/?post_type=product&#038;p=2005"},"modified":"2025-03-03T08:41:14","modified_gmt":"2025-03-03T01:41:14","slug":"may-cap-lieu-tuyen-tinh-sw-140pt","status":"publish","type":"product","link":"https:\/\/swoer.vn\/ko\/manufacturer\/may-cap-lieu-tuyen-tinh-sw-140pt\/","title":{"rendered":"\uc120\ud615 \uacf5\uae09\uae30 SW-140PT"},"content":{"rendered":"<h1>PT \uc2dc\ub9ac\uc988 \uc9c4\ub3d9 \uc120\ud615 \ud53c\ub354<\/h1>\n<h2><strong>\ud2b9\uc131:<\/strong><\/h2>\n<table>\n<tbody>\n<tr>\n<td>\uc81c\ud488 \uc774\ub984<\/td>\n<td>\uc120\ud615 \uc9c4\ub3d9\uae30<\/td>\n<\/tr>\n<tr>\n<td>\ud30c\ud3b8 \uc7ac\ub8cc<\/td>\n<td>\uc2a4\ud14c\uc778\ub9ac\uc2a4 \uc2a4\ud2f8\/\uc218\uc9c0<\/td>\n<\/tr>\n<tr>\n<td>\uc804\uc6d0 \uacf5\uae09 \uc804\uc555<\/td>\n<td>220V 50\/60Hz<\/td>\n<\/tr>\n<tr>\n<td>\ucd5c\ub300 \uc804\ub958<\/td>\n<td>0.04A<\/td>\n<\/tr>\n<tr>\n<td>\ucd5c\ub300 \uc804\ub825<\/td>\n<td>8W<\/td>\n<\/tr>\n<tr>\n<td>\uacf5\uae09 \ucc44\ub110 \uae38\uc774<\/td>\n<td>&lt;350MM<\/td>\n<\/tr>\n<tr>\n<td>\uae09\uc9c0 \ucc44\ub110 \ud3ed<\/td>\n<td>&lt;35MM<\/td>\n<\/tr>\n<tr>\n<td>\ubb34\uac8c\ub97c \uc9c0\ud0f1\ud558\ub2e4<\/td>\n<td>&lt;1kg<\/td>\n<\/tr>\n<tr>\n<td>\ud328\ub110 \ud06c\uae30<\/td>\n<td>100x35mm(100x35mm)<\/td>\n<\/tr>\n<tr>\n<td>\uc21c\uc911\ub7c9<\/td>\n<td>1.7kg<\/td>\n<\/tr>\n<tr>\n<td>\uc81c\ud488 \ud06c\uae30<\/td>\n<td>116x63x88.5mm (\uc138\ub85c)<\/td>\n<\/tr>\n<\/tbody>\n<\/table>\n\t<div id=\"gap-940523007\" class=\"gap-element clearfix\" style=\"display:block; height:auto;\">\n\t\t\n<style>\n#gap-940523007 {\n  padding-top: 30px;\n}\n<\/style>\n\t<\/div>\n\t\n<p><strong>\ud30c\ud3b8\uc758 \uc7ac\uc9c8 \ucc28\uc774:<\/strong><\/p>\n<ul>\n<li aria-level=\"1\">\uc548\uc815\uc801\uc778 \ud50c\ub77c\uc2a4\ud2f1 \uc2dc\ud2b8 \uc131\ub2a5<\/li>\n<li aria-level=\"1\">\uc2a4\ud14c\uc778\ub9ac\uc2a4 \uac15\ud310\uc740 \uac15\ub3c4\uac00 \ub192\uace0, \uc778\uc131\uc774 \uc88b\uc73c\uba70, \ub179\uc2ac\uae30 \uc27d\uc9c0 \uc54a\uc2b5\ub2c8\ub2e4.<\/li>\n<\/ul>\n\t<div class=\"img has-hover x md-x lg-x y md-y lg-y\" id=\"image_1997918571\">\n\t\t\t\t\t\t\t\t<div class=\"img-inner dark\" >\n\t\t\t<img loading=\"lazy\" decoding=\"async\" width=\"1000\" height=\"523\" src=\"https:\/\/swoer.vn\/wp-content\/uploads\/2025\/03\/Bang-tai-rung-tuyen-tinh-SW-140PT.webp\" class=\"attachment-original size-original\" alt=\"\uc120\ud615 \uc9c4\ub3d9 \ucee8\ubca0\uc774\uc5b4 SW-140PT\" srcset=\"https:\/\/swoer.vn\/wp-content\/uploads\/2025\/03\/Bang-tai-rung-tuyen-tinh-SW-140PT.webp 1000w, https:\/\/swoer.vn\/wp-content\/uploads\/2025\/03\/Bang-tai-rung-tuyen-tinh-SW-140PT-300x157.webp 300w, https:\/\/swoer.vn\/wp-content\/uploads\/2025\/03\/Bang-tai-rung-tuyen-tinh-SW-140PT-768x402.webp 768w, https:\/\/swoer.vn\/wp-content\/uploads\/2025\/03\/Bang-tai-rung-tuyen-tinh-SW-140PT-18x9.webp 18w, https:\/\/swoer.vn\/wp-content\/uploads\/2025\/03\/Bang-tai-rung-tuyen-tinh-SW-140PT-600x314.webp 600w\" sizes=\"auto, (max-width: 1000px) 100vw, 1000px\" title=\"\">\t\t\t\t\t\t\n\t\t\t\t\t<\/div>\n\t\t\t\t\t\t\t\t\n<style>\n#image_1997918571 {\n  width: 100%;\n}\n<\/style>\n\t<\/div>\n\t\n\t<div id=\"gap-1819451388\" class=\"gap-element clearfix\" style=\"display:block; height:auto;\">\n\t\t\n<style>\n#gap-1819451388 {\n  padding-top: 30px;\n}\n<\/style>\n\t<\/div>\n\t\n\t<div class=\"img has-hover x md-x lg-x y md-y lg-y\" id=\"image_2124363339\">\n\t\t\t\t\t\t\t\t<div class=\"img-inner dark\" >\n\t\t\t<img loading=\"lazy\" decoding=\"async\" width=\"576\" height=\"692\" src=\"https:\/\/swoer.vn\/wp-content\/uploads\/2025\/03\/May-cap-phoi-tuyen-tinh-SW-140PT.webp\" class=\"attachment-original size-original\" alt=\"\uc120\ud615 \uacf5\uae09\uae30 SW-140PT\" srcset=\"https:\/\/swoer.vn\/wp-content\/uploads\/2025\/03\/May-cap-phoi-tuyen-tinh-SW-140PT.webp 576w, https:\/\/swoer.vn\/wp-content\/uploads\/2025\/03\/May-cap-phoi-tuyen-tinh-SW-140PT-250x300.webp 250w, https:\/\/swoer.vn\/wp-content\/uploads\/2025\/03\/May-cap-phoi-tuyen-tinh-SW-140PT-10x12.webp 10w\" sizes=\"auto, (max-width: 576px) 100vw, 576px\" title=\"\">\t\t\t\t\t\t\n\t\t\t\t\t<\/div>\n\t\t\t\t\t\t\t\t\n<style>\n#image_2124363339 {\n  width: 100%;\n}\n<\/style>\n\t<\/div>","protected":false},"excerpt":{"rendered":"<p>SW-140PT \uc120\ud615 \ud53c\ub354\ub294 \uc9c4\ub3d9 \uacf5\uae09 \uc2dc\uc2a4\ud15c\uc758 \ud544\uc218\uc801\uc778 \ubd80\ubd84\uc73c\ub85c, \uc791\uc5c5\ubb3c\uc744 \uc548\uc815\uc801\uc774\uace0 \uc815\ud655\ud558\uac8c \uc774\ub3d9\uc2dc\ud0a4\ub294 \ub370 \ub3c4\uc6c0\uc774 \ub429\ub2c8\ub2e4. \uacac\uace0\ud55c \ub514\uc790\uc778\uc73c\ub85c \uc790\ub3d9\ucc28, \uc804\uc790, \uc758\ub8cc \uc0b0\uc5c5\uc5d0 \uc801\ud569\ud569\ub2c8\ub2e4.<\/p>","protected":false},"featured_media":2010,"comment_status":"open","ping_status":"closed","template":"","meta":[],"product_brand":[],"product_cat":[87],"product_tag":[89,88,90],"class_list":{"0":"post-2005","1":"product","2":"type-product","3":"status-publish","4":"has-post-thumbnail","6":"product_cat-bo-nap-tuyen-tinh","7":"product_tag-bang-tai-rung-tuyen-tinh","8":"product_tag-he-thong-cap-lieu-tuyen-tinh","9":"product_tag-may-cap-phoi-tuyen-tinh","11":"first","12":"instock","13":"shipping-taxable","14":"product-type-simple"},"yoast_head":"<!-- This site is optimized with the Yoast SEO plugin v26.0 - https:\/\/yoast.com\/wordpress\/plugins\/seo\/ -->\n<title>M\u00e1y c\u1ea5p li\u1ec7u tuy\u1ebfn t\u00ednh SW-140PT - Nh\u00e0 s\u1ea3n xu\u1ea5t m\u00e1y c\u1ea5p li\u1ec7u c\u00f4ng nghi\u1ec7p<\/title>\n<meta name=\"description\" content=\"M\u00e1y c\u1ea5p li\u1ec7u tuy\u1ebfn t\u00ednh SW-140PT \u2013 B\u1ed9 ph\u1eadn quan tr\u1ecdng c\u1ee7a m\u00e1y c\u1ea5p li\u1ec7u rung, \u0111\u1ea3m b\u1ea3o v\u1eadn chuy\u1ec3n ph\u00f4i \u1ed5n \u0111\u1ecbnh v\u00e0 ch\u00ednh x\u00e1c trong s\u1ea3n xu\u1ea5t t\u1ef1 \u0111\u1ed9ng.\" \/>\n<meta name=\"robots\" content=\"index, follow, max-snippet:-1, max-image-preview:large, max-video-preview:-1\" \/>\n<link rel=\"canonical\" href=\"https:\/\/swoer.vn\/ko\/manufacturer\/may-cap-lieu-tuyen-tinh-sw-140pt\/\" \/>\n<meta property=\"og:locale\" content=\"ko_KR\" \/>\n<meta property=\"og:type\" content=\"article\" \/>\n<meta property=\"og:title\" content=\"M\u00e1y c\u1ea5p li\u1ec7u tuy\u1ebfn t\u00ednh SW-140PT - Nh\u00e0 s\u1ea3n xu\u1ea5t m\u00e1y c\u1ea5p li\u1ec7u c\u00f4ng nghi\u1ec7p\" \/>\n<meta property=\"og:description\" content=\"M\u00e1y c\u1ea5p li\u1ec7u tuy\u1ebfn t\u00ednh SW-140PT \u2013 B\u1ed9 ph\u1eadn quan tr\u1ecdng c\u1ee7a m\u00e1y c\u1ea5p li\u1ec7u rung, \u0111\u1ea3m b\u1ea3o v\u1eadn chuy\u1ec3n ph\u00f4i \u1ed5n \u0111\u1ecbnh v\u00e0 ch\u00ednh x\u00e1c trong s\u1ea3n xu\u1ea5t t\u1ef1 \u0111\u1ed9ng.\" \/>\n<meta property=\"og:url\" content=\"https:\/\/swoer.vn\/ko\/manufacturer\/may-cap-lieu-tuyen-tinh-sw-140pt\/\" \/>\n<meta property=\"og:site_name\" content=\"Nh\u00e0 s\u1ea3n xu\u1ea5t m\u00e1y c\u1ea5p li\u1ec7u c\u00f4ng nghi\u1ec7p\" \/>\n<meta property=\"article:modified_time\" content=\"2025-03-03T01:41:14+00:00\" \/>\n<meta property=\"og:image\" content=\"https:\/\/swoer.vn\/wp-content\/uploads\/2025\/03\/May-cap-lieu-tuyen-tinh-SW-140PT-1.webp\" \/>\n\t<meta property=\"og:image:width\" content=\"800\" \/>\n\t<meta property=\"og:image:height\" content=\"800\" \/>\n\t<meta property=\"og:image:type\" content=\"image\/webp\" \/>\n<meta name=\"twitter:card\" content=\"summary_large_image\" \/>\n<meta name=\"twitter:label1\" content=\"\uc608\uc0c1 \ub418\ub294 \ud310\ub3c5 \uc2dc\uac04\" \/>\n\t<meta name=\"twitter:data1\" content=\"1\ubd84\" \/>\n<script type=\"application\/ld+json\" class=\"yoast-schema-graph\">{\"@context\":\"https:\/\/schema.org\",\"@graph\":[{\"@type\":\"WebPage\",\"@id\":\"https:\/\/swoer.vn\/manufacturer\/may-cap-lieu-tuyen-tinh-sw-140pt\/\",\"url\":\"https:\/\/swoer.vn\/manufacturer\/may-cap-lieu-tuyen-tinh-sw-140pt\/\",\"name\":\"M\u00e1y c\u1ea5p li\u1ec7u tuy\u1ebfn t\u00ednh SW-140PT - Nh\u00e0 s\u1ea3n xu\u1ea5t m\u00e1y c\u1ea5p li\u1ec7u c\u00f4ng nghi\u1ec7p\",\"isPartOf\":{\"@id\":\"https:\/\/swoer.vn\/#website\"},\"primaryImageOfPage\":{\"@id\":\"https:\/\/swoer.vn\/manufacturer\/may-cap-lieu-tuyen-tinh-sw-140pt\/#primaryimage\"},\"image\":{\"@id\":\"https:\/\/swoer.vn\/manufacturer\/may-cap-lieu-tuyen-tinh-sw-140pt\/#primaryimage\"},\"thumbnailUrl\":\"https:\/\/swoer.vn\/wp-content\/uploads\/2025\/03\/May-cap-lieu-tuyen-tinh-SW-140PT-1.webp\",\"datePublished\":\"2025-03-03T01:29:16+00:00\",\"dateModified\":\"2025-03-03T01:41:14+00:00\",\"description\":\"M\u00e1y c\u1ea5p li\u1ec7u tuy\u1ebfn t\u00ednh SW-140PT \u2013 B\u1ed9 ph\u1eadn quan tr\u1ecdng c\u1ee7a m\u00e1y c\u1ea5p li\u1ec7u rung, \u0111\u1ea3m b\u1ea3o v\u1eadn chuy\u1ec3n ph\u00f4i \u1ed5n \u0111\u1ecbnh v\u00e0 ch\u00ednh x\u00e1c trong s\u1ea3n xu\u1ea5t t\u1ef1 \u0111\u1ed9ng.\",\"breadcrumb\":{\"@id\":\"https:\/\/swoer.vn\/manufacturer\/may-cap-lieu-tuyen-tinh-sw-140pt\/#breadcrumb\"},\"inLanguage\":\"ko-KR\",\"potentialAction\":[{\"@type\":\"ReadAction\",\"target\":[\"https:\/\/swoer.vn\/manufacturer\/may-cap-lieu-tuyen-tinh-sw-140pt\/\"]}]},{\"@type\":\"ImageObject\",\"inLanguage\":\"ko-KR\",\"@id\":\"https:\/\/swoer.vn\/manufacturer\/may-cap-lieu-tuyen-tinh-sw-140pt\/#primaryimage\",\"url\":\"https:\/\/swoer.vn\/wp-content\/uploads\/2025\/03\/May-cap-lieu-tuyen-tinh-SW-140PT-1.webp\",\"contentUrl\":\"https:\/\/swoer.vn\/wp-content\/uploads\/2025\/03\/May-cap-lieu-tuyen-tinh-SW-140PT-1.webp\",\"width\":800,\"height\":800,\"caption\":\"M\u00e1y c\u1ea5p li\u1ec7u tuy\u1ebfn t\u00ednh SW-140PT\"},{\"@type\":\"BreadcrumbList\",\"@id\":\"https:\/\/swoer.vn\/manufacturer\/may-cap-lieu-tuyen-tinh-sw-140pt\/#breadcrumb\",\"itemListElement\":[{\"@type\":\"ListItem\",\"position\":1,\"name\":\"Home\",\"item\":\"https:\/\/swoer.vn\/\"},{\"@type\":\"ListItem\",\"position\":2,\"name\":\"S\u1ea3n ph\u1ea9m\",\"item\":\"https:\/\/swoer.vn\/shop\/\"},{\"@type\":\"ListItem\",\"position\":3,\"name\":\"M\u00e1y c\u1ea5p li\u1ec7u tuy\u1ebfn t\u00ednh SW-140PT\"}]},{\"@type\":\"WebSite\",\"@id\":\"https:\/\/swoer.vn\/#website\",\"url\":\"https:\/\/swoer.vn\/\",\"name\":\"Nh\u00e0 s\u1ea3n xu\u1ea5t m\u00e1y c\u1ea5p li\u1ec7u c\u00f4ng nghi\u1ec7p\",\"description\":\"Nh\u00e0 cung c\u1ea5p robot, m\u00e1y c\u1ea5p li\u1ec7u linh ho\u1ea1t, m\u00e1y c\u1ea5p li\u1ec7u ly t\u00e2m, m\u00e1y c\u1ea5p li\u1ec7u rung t\u1ef1 \u0111\u1ed9ng\",\"potentialAction\":[{\"@type\":\"SearchAction\",\"target\":{\"@type\":\"EntryPoint\",\"urlTemplate\":\"https:\/\/swoer.vn\/?s={search_term_string}\"},\"query-input\":{\"@type\":\"PropertyValueSpecification\",\"valueRequired\":true,\"valueName\":\"search_term_string\"}}],\"inLanguage\":\"ko-KR\"}]}<\/script>\n<!-- \/ Yoast SEO plugin. -->","yoast_head_json":{"title":"\uc120\ud615 \ud53c\ub354 SW-140PT - \uc0b0\uc5c5\uc6a9 \ud53c\ub354 \uc81c\uc870\uc5c5\uccb4","description":"SW-140PT \uc120\ud615 \ud53c\ub354 - \uc9c4\ub3d9 \ud53c\ub354\uc758 \ud575\uc2ec \ubd80\ud488\uc73c\ub85c, \uc790\ub3d9 \uc0dd\uc0b0\uc5d0\uc11c \uc548\uc815\uc801\uc774\uace0 \uc815\ud655\ud55c \uc791\uc5c5\ubb3c \uc6b4\uc1a1\uc744 \ubcf4\uc7a5\ud569\ub2c8\ub2e4.","robots":{"index":"index","follow":"follow","max-snippet":"max-snippet:-1","max-image-preview":"max-image-preview:large","max-video-preview":"max-video-preview:-1"},"canonical":"https:\/\/swoer.vn\/ko\/manufacturer\/may-cap-lieu-tuyen-tinh-sw-140pt\/","og_locale":"ko_KR","og_type":"article","og_title":"M\u00e1y c\u1ea5p li\u1ec7u tuy\u1ebfn t\u00ednh SW-140PT - Nh\u00e0 s\u1ea3n xu\u1ea5t m\u00e1y c\u1ea5p li\u1ec7u c\u00f4ng nghi\u1ec7p","og_description":"M\u00e1y c\u1ea5p li\u1ec7u tuy\u1ebfn t\u00ednh SW-140PT \u2013 B\u1ed9 ph\u1eadn quan tr\u1ecdng c\u1ee7a m\u00e1y c\u1ea5p li\u1ec7u rung, \u0111\u1ea3m b\u1ea3o v\u1eadn chuy\u1ec3n ph\u00f4i \u1ed5n \u0111\u1ecbnh v\u00e0 ch\u00ednh x\u00e1c trong s\u1ea3n xu\u1ea5t t\u1ef1 \u0111\u1ed9ng.","og_url":"https:\/\/swoer.vn\/ko\/manufacturer\/may-cap-lieu-tuyen-tinh-sw-140pt\/","og_site_name":"Nh\u00e0 s\u1ea3n xu\u1ea5t m\u00e1y c\u1ea5p li\u1ec7u c\u00f4ng nghi\u1ec7p","article_modified_time":"2025-03-03T01:41:14+00:00","og_image":[{"width":800,"height":800,"url":"https:\/\/swoer.vn\/wp-content\/uploads\/2025\/03\/May-cap-lieu-tuyen-tinh-SW-140PT-1.webp","type":"image\/webp"}],"twitter_card":"summary_large_image","twitter_misc":{"\uc608\uc0c1 \ub418\ub294 \ud310\ub3c5 \uc2dc\uac04":"1\ubd84"},"schema":{"@context":"https:\/\/schema.org","@graph":[{"@type":"WebPage","@id":"https:\/\/swoer.vn\/manufacturer\/may-cap-lieu-tuyen-tinh-sw-140pt\/","url":"https:\/\/swoer.vn\/manufacturer\/may-cap-lieu-tuyen-tinh-sw-140pt\/","name":"\uc120\ud615 \ud53c\ub354 SW-140PT - \uc0b0\uc5c5\uc6a9 \ud53c\ub354 \uc81c\uc870\uc5c5\uccb4","isPartOf":{"@id":"https:\/\/swoer.vn\/#website"},"primaryImageOfPage":{"@id":"https:\/\/swoer.vn\/manufacturer\/may-cap-lieu-tuyen-tinh-sw-140pt\/#primaryimage"},"image":{"@id":"https:\/\/swoer.vn\/manufacturer\/may-cap-lieu-tuyen-tinh-sw-140pt\/#primaryimage"},"thumbnailUrl":"https:\/\/swoer.vn\/wp-content\/uploads\/2025\/03\/May-cap-lieu-tuyen-tinh-SW-140PT-1.webp","datePublished":"2025-03-03T01:29:16+00:00","dateModified":"2025-03-03T01:41:14+00:00","description":"SW-140PT \uc120\ud615 \ud53c\ub354 - \uc9c4\ub3d9 \ud53c\ub354\uc758 \ud575\uc2ec \ubd80\ud488\uc73c\ub85c, \uc790\ub3d9 \uc0dd\uc0b0\uc5d0\uc11c \uc548\uc815\uc801\uc774\uace0 \uc815\ud655\ud55c \uc791\uc5c5\ubb3c \uc6b4\uc1a1\uc744 \ubcf4\uc7a5\ud569\ub2c8\ub2e4.","breadcrumb":{"@id":"https:\/\/swoer.vn\/manufacturer\/may-cap-lieu-tuyen-tinh-sw-140pt\/#breadcrumb"},"inLanguage":"ko-KR","potentialAction":[{"@type":"ReadAction","target":["https:\/\/swoer.vn\/manufacturer\/may-cap-lieu-tuyen-tinh-sw-140pt\/"]}]},{"@type":"ImageObject","inLanguage":"ko-KR","@id":"https:\/\/swoer.vn\/manufacturer\/may-cap-lieu-tuyen-tinh-sw-140pt\/#primaryimage","url":"https:\/\/swoer.vn\/wp-content\/uploads\/2025\/03\/May-cap-lieu-tuyen-tinh-SW-140PT-1.webp","contentUrl":"https:\/\/swoer.vn\/wp-content\/uploads\/2025\/03\/May-cap-lieu-tuyen-tinh-SW-140PT-1.webp","width":800,"height":800,"caption":"M\u00e1y c\u1ea5p li\u1ec7u tuy\u1ebfn t\u00ednh SW-140PT"},{"@type":"BreadcrumbList","@id":"https:\/\/swoer.vn\/manufacturer\/may-cap-lieu-tuyen-tinh-sw-140pt\/#breadcrumb","itemListElement":[{"@type":"ListItem","position":1,"name":"Home","item":"https:\/\/swoer.vn\/"},{"@type":"ListItem","position":2,"name":"S\u1ea3n ph\u1ea9m","item":"https:\/\/swoer.vn\/shop\/"},{"@type":"ListItem","position":3,"name":"M\u00e1y c\u1ea5p li\u1ec7u tuy\u1ebfn t\u00ednh SW-140PT"}]},{"@type":"WebSite","@id":"https:\/\/swoer.vn\/#website","url":"https:\/\/swoer.vn\/","name":"\uc0b0\uc5c5\uc6a9 \ud53c\ub354 \uc81c\uc870\uc5c5\uccb4","description":"\ub85c\ubd07, \ud50c\ub809\uc2dc\ube14 \ud53c\ub354, \uc6d0\uc2ec \ud53c\ub354, \uc790\ub3d9 \uc9c4\ub3d9 \ud53c\ub354 \uacf5\uae09\uc5c5\uccb4","potentialAction":[{"@type":"SearchAction","target":{"@type":"EntryPoint","urlTemplate":"https:\/\/swoer.vn\/?s={search_term_string}"},"query-input":{"@type":"PropertyValueSpecification","valueRequired":true,"valueName":"search_term_string"}}],"inLanguage":"ko-KR"}]}},"_links":{"self":[{"href":"https:\/\/swoer.vn\/ko\/wp-json\/wp\/v2\/product\/2005","targetHints":{"allow":["GET"]}}],"collection":[{"href":"https:\/\/swoer.vn\/ko\/wp-json\/wp\/v2\/product"}],"about":[{"href":"https:\/\/swoer.vn\/ko\/wp-json\/wp\/v2\/types\/product"}],"replies":[{"embeddable":true,"href":"https:\/\/swoer.vn\/ko\/wp-json\/wp\/v2\/comments?post=2005"}],"wp:featuredmedia":[{"embeddable":true,"href":"https:\/\/swoer.vn\/ko\/wp-json\/wp\/v2\/media\/2010"}],"wp:attachment":[{"href":"https:\/\/swoer.vn\/ko\/wp-json\/wp\/v2\/media?parent=2005"}],"wp:term":[{"taxonomy":"product_brand","embeddable":true,"href":"https:\/\/swoer.vn\/ko\/wp-json\/wp\/v2\/product_brand?post=2005"},{"taxonomy":"product_cat","embeddable":true,"href":"https:\/\/swoer.vn\/ko\/wp-json\/wp\/v2\/product_cat?post=2005"},{"taxonomy":"product_tag","embeddable":true,"href":"https:\/\/swoer.vn\/ko\/wp-json\/wp\/v2\/product_tag?post=2005"}],"curies":[{"name":"wp","href":"https:\/\/api.w.org\/{rel}","templated":true}]}}