{"id":1894,"date":"2025-02-27T14:07:06","date_gmt":"2025-02-27T07:07:06","guid":{"rendered":"https:\/\/swoer.vn\/?post_type=product&#038;p=1894"},"modified":"2025-03-10T11:44:12","modified_gmt":"2025-03-10T04:44:12","slug":"bo-dieu-khien-rung-sdvc31-u-10a","status":"publish","type":"product","link":"https:\/\/swoer.vn\/ko\/manufacturer\/bo-dieu-khien-rung-sdvc31-u-10a\/","title":{"rendered":"SDVC31-U 10A \uc9c4\ub3d9 \ucee8\ud2b8\ub864\ub7ec"},"content":{"rendered":"<h1>SDVC31-U \uc9c4\ub3d9 \ucee8\ud2b8\ub864\ub7ec<\/h1>\n<p>\uc9c4\ub3d9 \ucee8\ud2b8\ub864\ub7ec\ub294 \uc9c4\ub3d9 \ud53c\ub354\uc758 \uc791\ub3d9 \uc0c1\ud0dc\ub97c \uc870\uc815\ud558\uace0 \uc81c\uc5b4\ud558\ub294 \ub370 \uc0ac\uc6a9\ub418\ub294 \uc804\uc790 \uc7a5\uce58\uc785\ub2c8\ub2e4. \uc804\ub958\uc640 \uc804\uc555\uc744 \uc81c\uc5b4\ud558\uc5ec \uc9c4\ub3d9 \uacf5\uae09\uae30\uc758 \uc9c4\ub3d9 \uc8fc\ud30c\uc218\uc640 \uc9c4\ub3d9 \uc9c4\ud3ed\uc744 \uc870\uc815\ud558\uc5ec \uc7ac\ub8cc\ub97c \uc801\uc808\ud55c \uc18d\ub3c4\uc640 \ubc29\uc2dd\uc73c\ub85c \uc6b4\ubc18\ud560 \uc218 \uc788\ub3c4\ub85d \ud569\ub2c8\ub2e4.<\/p>\n<h2><strong>\ud2b9\uc9d5<\/strong><\/h2>\n<ul>\n<li>\uace0\uc815\ubc00 \uc790\ub3d9 \uc8fc\ud30c\uc218 \uc870\uc815 \ubc0f \uc804\uc555 \uc548\uc815\ud654<\/li>\n<li>\uc870\uc808 \uac00\ub2a5\ud55c \uc2ac\ub85c\uc6b0 \uc2a4\ud0c0\ud2b8<\/li>\n<li>\uc2a4\uc704\uce58 \uc13c\uc11c\uc5d0 \uc758\ud55c \uc644\uc804 \uc815\uc9c0\/\uacf5\ud5c8 \uc815\uc9c0<\/li>\n<li>\uad11\uc804 \uc13c\uc11c\uc5d0 \uc758\ud55c \uc644\uc804\/\ube48 \uc167\ub2e4\uc6b4<\/li>\n<li>\uc6d0\uaca9 \uc18d\ub3c4 \uc81c\uc5b4<\/li>\n<li>DC \uc81c\uc5b4 \ucd9c\ub825<\/li>\n<li>\ud0a4\ubcf4\ub4dc \uc7a0\uae08<\/li>\n<\/ul>\n<h2><strong>\uae30\ubcf8 \uae30\ub2a5<\/strong><\/h2>\n<ul>\n<li><strong>\uc8fc\ud30c\uc218 \uc870\uc815<\/strong>\u00a0: \uc0ac\uc6a9\uc790\ub294 \ucee8\ud2b8\ub864\ub7ec\uc758 \ucd9c\ub825 \uc8fc\ud30c\uc218\ub97c \uc870\uc815\ud558\uc5ec \uc74c\uc2dd\uc744 \ub354 \ubd80\ub4dc\ub7fd\uace0, \uc870\uc6a9\ud558\uace0, \uc5d0\ub108\uc9c0 \uc808\uc57d\uc801\uc73c\ub85c \ub9cc\ub4dc\ub294 \ucd5c\uc801\uc758 \uc8fc\ud30c\uc218\ub97c \ucc3e\uc744 \uc218 \uc788\uc2b5\ub2c8\ub2e4.<\/li>\n<li><strong>\uace0\uc815\ubc00 \uc790\ub3d9 \uc804\uc555 \uc548\uc815\uae30<\/strong>\u00a0: \ub0b4\uc7a5\ub41c \ub514\uc9c0\ud138 \uc804\uc555 \uc548\uc815\uae30 \ud68c\ub85c\ub85c \ubd88\uc548\uc815\ud55c \uc804\uc6d0\uacf5\uae09\uc73c\ub85c \uc778\ud55c \uc804\uc6d0\uacf5\uae09 \uc18d\ub3c4 \ubcc0\ud654\ub97c \uc81c\uac70\ud569\ub2c8\ub2e4.<\/li>\n<li><strong>\uc870\uc808 \uac00\ub2a5\ud55c \uc2ac\ub85c\uc6b0 \uc2a4\ud0c0\ud2b8<\/strong>\u00a0: \uc2dc\ub3d9 \uc2dc, \ucd9c\ub825 \uc804\uc555\uc740 0\uc5d0\uc11c \uc0ac\uc804 \uc124\uc815 \uc804\uc555\uae4c\uc9c0 \uc810\uc9c4\uc801\uc73c\ub85c \uc99d\uac00\ud558\uc5ec \uc9c4\ub3d9\ud310\uc5d0 \ubbf8\uce58\ub294 \uc601\ud5a5\uc744 \uc904\uc5ec\uc90d\ub2c8\ub2e4. \uc0ac\uc6a9\uc790\ub294 \ub290\ub9b0 \uc2dc\uc791 \uc2dc\uac04\uc744 \ub514\uc9c0\ud138 \ubc29\uc2dd\uc73c\ub85c \ubbf8\ub9ac \uc124\uc815\ud560 \uc218 \uc788\uc2b5\ub2c8\ub2e4.<\/li>\n<li><strong>\uc13c\uc11c \uc815\uc9c0 \uc2a4\uc704\uce58<\/strong>\u00a0: NPN \uc720\ud615 \uc13c\uc11c \ub610\ub294 PLC \uc6d0\uaca9 \uc644\uc804\/\uacf5\ud68c\uc804 \uc815\uc9c0 \uc81c\uc5b4\ub97c \uc9c0\uc6d0\ud569\ub2c8\ub2e4.<\/li>\n<li><strong>\uad11\uc804 \uc13c\uc11c\uac00 \uac00\ub4dd \ucc38\/\ube44\uc5c8\uc74c\uc744 \uba48\ucda4<\/strong>\u00a0: \uad11\uc804 \uc13c\uc11c \uc644\uc804\/\uacf5\ud5c8 \uc815\uc9c0 \uc81c\uc5b4\ub97c \uc9c0\uc6d0\ud569\ub2c8\ub2e4.<\/li>\n<li><strong>\uc6d0\uaca9 \uc18d\ub3c4 \uc81c\uc5b4<\/strong>\u00a0: \uc0ac\uc6a9\uc790\ub294 \uc678\ubd80 \uc804\uc704\ucc28\uacc4, PLC \ub610\ub294 1-5V \uc804\uc555 \uc2e0\ud638\ub97c \ud1b5\ud574 \ucd9c\ub825 \uc804\uc555\uc744 \uc6d0\uaca9\uc73c\ub85c \uc81c\uc5b4\ud560 \uc218 \uc788\uc2b5\ub2c8\ub2e4.<\/li>\n<li><strong>DC \uc81c\uc5b4 \ucd9c\ub825<\/strong>\u00a0: \ucee8\ud2b8\ub864\ub7ec\ub294 \uc194\ub808\ub178\uc774\ub4dc \ubc38\ube0c\uc640 \uac19\uc740 \uc7a5\uce58\ub97c \uc81c\uc5b4\ud558\uae30 \uc704\ud574 \uc800\uc804\uc555 DC \uc81c\uc5b4 \uc2e0\ud638\ub97c \ucd9c\ub825\ud560 \uc218 \uc788\uc2b5\ub2c8\ub2e4.<\/li>\n<li><strong>\ud0a4\ubcf4\ub4dc \uc7a0\uae08<\/strong>\u00a0: \ucf1c\uae30\/\ub044\uae30 \ud0a4\ub97c \uae38\uac8c \ub20c\ub7ec \ubaa8\ub4e0 \ud0a4\ub97c \uc7a0\uadf8\uace0 \uc798\ubabb\ub41c \uc791\ub3d9\uc744 \ubc29\uc9c0\ud558\uc138\uc694.<\/li>\n<li><strong>\ucd5c\ub300 \ucd9c\ub825 \uc804\uc555 \uc124\uc815<\/strong>\u00a0: \uc0ac\uc6a9\uc790\ub294 \uc6b0\ubc1c\uc801\uc778 \uacfc\uc804\uc555\uc73c\ub85c \uc778\ud574 \uc9c4\ub3d9\uae30\uac00 \uc190\uc0c1\ub418\ub294 \uac83\uc744 \ubc29\uc9c0\ud558\uae30 \uc704\ud574 \ucd5c\ub300 \uc870\uc815 \uac00\ub2a5 \uc804\uc555\uc744 \uc124\uc815\ud560 \uc218 \uc788\uc2b5\ub2c8\ub2e4.<\/li>\n<li><strong>\uacfc\uc804\uc555 \ubcf4\ud638<\/strong>\u00a0: \uc785\ub825 \uc804\uc555\uc774 \ub108\ubb34 \ub192\uc544\uc11c \uc790\uccb4\ub97c \ubcf4\ud638\ud560 \uc218 \uc5c6\ub294 \uacbd\uc6b0 \uc804\uc6d0\uc774 \uc790\ub3d9\uc73c\ub85c \ucc28\ub2e8\ub429\ub2c8\ub2e4.<\/li>\n<li><strong>\ub514\uc9c0\ud138 \uacfc\uc5f4 \ubcf4\ud638<\/strong>\u00a0:\uc791\ub3d9 \uc628\ub3c4\uac00 \ub108\ubb34 \ub192\uc73c\uba74 \ucee8\ud2b8\ub864\ub7ec\uac00 \ucd9c\ub825\uc744 \uba48\ucd94\uace0 \uc790\uccb4\ub97c \ubcf4\ud638\ud560 \uc218 \uc5c6\uc2b5\ub2c8\ub2e4.<\/li>\n<li><strong>\uacfc\uc804\ub958 \ubcf4\ud638<\/strong>\u00a0: \ub3d9\uc791 \uc804\ub958\uac00 \uc815\uaca9 \uc804\ub958\ub97c \ucd08\uacfc\ud558\uba74 \uc2dc\uc2a4\ud15c\uc740 \ucd9c\ub825\uc744 \uc911\ub2e8\ud558\uc5ec \ucee8\ud2b8\ub864\ub7ec\uc640 \uc9c4\ub3d9 \uc7a5\uce58\ub97c \ubcf4\ud638\ud569\ub2c8\ub2e4.<\/li>\n<li><strong>\ubcf5\uad6c \uac00\ub2a5\ud55c \ub2e8\ub77d \ubcf4\ud638<\/strong>\u00a0: \uc2dc\uc2a4\ud15c\uc740 \ub2e8\ub77d \uc2dc \ucd9c\ub825\uc744 \uc911\ub2e8\ud558\uc5ec \uc81c\uc5b4\uae30\uc640 \uc9c4\ub3d9 \uc7a5\uce58\ub97c \ubcf4\ud638\ud569\ub2c8\ub2e4. \ub2e8\ub77d\uc774 \ud574\uacb0\ub41c \ud6c4, \uc2dc\uc2a4\ud15c\uc5d0 \ub2e4\uc2dc \uc804\uc6d0\uc744 \uacf5\uae09\ud558\uc5ec \uc815\uc0c1 \uc791\ub3d9\uc73c\ub85c \ub3cc\uc544\uac08 \uc218 \uc788\uc2b5\ub2c8\ub2e4.<\/li>\n<\/ul>\n\t<div id=\"gap-1965651835\" class=\"gap-element clearfix\" style=\"display:block; height:auto;\">\n\t\t\n<style>\n#gap-1965651835 {\n  padding-top: 30px;\n}\n<\/style>\n\t<\/div>\n\t\n<h2><strong>\uba85\uc138\uc11c<\/strong><\/h2>\n<table width=\"767\">\n<tbody>\n<tr>\n<td rowspan=\"2\" width=\"225\"><strong>\ubaa9<\/strong><\/td>\n<td colspan=\"3\" width=\"216\"><strong>\ubc94\uc704<\/strong><\/td>\n<td rowspan=\"2\" width=\"72\"><strong>\ub2e8\uc704<\/strong><\/td>\n<td rowspan=\"2\" width=\"254\"><strong>\ub300\ud45c<\/strong><\/td>\n<\/tr>\n<tr>\n<td><strong>\ucd5c\uc800\ud55c\uc758<\/strong><\/td>\n<td><strong>\ud2b9\uc9d5<\/strong><\/td>\n<td><strong>\ucd5c\uace0<\/strong><\/td>\n<\/tr>\n<tr>\n<td>\uc785\ub825 \uc804\uc555<\/td>\n<td>85<\/td>\n<td>220<\/td>\n<td>260<\/td>\n<td>\ub2e4\uc12f<\/td>\n<td>AC \uc720\ud6a8\uac12<\/td>\n<\/tr>\n<tr>\n<td>\ucd9c\ub825 \uc804\uc555 \uc870\uc815 \ubc94\uc704<\/td>\n<td>0<\/td>\n<td><\/td>\n<td>260<\/td>\n<td>\ub2e4\uc12f<\/td>\n<td>\uc785\ub825\uc804\uc555 150% \ubbf8\ub9cc<\/td>\n<\/tr>\n<tr>\n<td>\uc804\uc555 \uc870\uc808 \uc815\ud655\ub3c4<\/td>\n<td colspan=\"3\">1<\/td>\n<td>\ub2e4\uc12f<\/td>\n<td><\/td>\n<\/tr>\n<tr>\n<td>\uc804\uc555 \uc870\uc808 \uc815\ud655\ub3c4<\/td>\n<td>0<\/td>\n<td><\/td>\n<td>10<\/td>\n<td><\/td>\n<td>Vout\/Vin<\/td>\n<\/tr>\n<tr>\n<td>\uc804\uc555 \uc870\uc808 \uc751\ub2f5 \uc2dc\uac04<\/td>\n<td>0,0025<\/td>\n<td><\/td>\n<td>0,025<\/td>\n<td>\uc5d0\uc2a4<\/td>\n<td>1\/10 \uc0ac\uc774\ud074 \ucd9c\ub825 \uc804\uc555<\/td>\n<\/tr>\n<tr>\n<td rowspan=\"2\">\ucd9c\ub825 \uc804\ub958 \uc870\uc815 \ubc94\uc704<\/td>\n<td rowspan=\"2\">0<\/td>\n<td rowspan=\"2\"><\/td>\n<td rowspan=\"2\">10<\/td>\n<td rowspan=\"2\">\ud558\ub098<\/td>\n<td rowspan=\"2\"><\/td>\n<\/tr>\n<tr>\n<td rowspan=\"2\"><\/td>\n<td rowspan=\"2\"><\/td>\n<td rowspan=\"2\"><\/td>\n<td rowspan=\"2\"><\/td>\n<td rowspan=\"2\"><\/td>\n<td rowspan=\"2\"><\/td>\n<\/tr>\n<tr>\n<td>\ucd9c\ub825 \uc8fc\ud30c\uc218<\/td>\n<td>40<\/td>\n<td><\/td>\n<td>400<\/td>\n<td>\ube48\ub3c4<\/td>\n<td><\/td>\n<\/tr>\n<tr>\n<td>\uc8fc\ud30c\uc218 \uc870\uc815 \uc815\ud655\ub3c4<\/td>\n<td colspan=\"3\">0,1<\/td>\n<td>\ube48\ub3c4<\/td>\n<td><\/td>\n<\/tr>\n<tr>\n<td>\ucd9c\ub825\ud30c\ud615<\/td>\n<td colspan=\"3\">\uc0ac\uc778<\/td>\n<td><\/td>\n<td><\/td>\n<\/tr>\n<tr>\n<td>\ub290\ub9b0 \uc2dc\uc791 \uc2dc\uac04<\/td>\n<td>0<\/td>\n<td><\/td>\n<td>10<\/td>\n<td>\uc5d0\uc2a4<\/td>\n<td>\uacf5\uc7a5 \uae30\ubcf8\uac12\uc740 0.5\uc785\ub2c8\ub2e4<\/td>\n<\/tr>\n<tr>\n<td>\uc9c0\uc5f0\uc2dc\uac04<\/td>\n<td>0<\/td>\n<td><\/td>\n<td>20<\/td>\n<td>\uc5d0\uc2a4<\/td>\n<td>\uacf5\uc7a5 \uae30\ubcf8\uac12 0.2<\/td>\n<\/tr>\n<tr>\n<td>\uc9c0\uc5f0 \uc2dc\uac04 \uc815\ud655\ub3c4<\/td>\n<td colspan=\"3\">0,1<\/td>\n<td>\uc5d0\uc2a4<\/td>\n<td><\/td>\n<\/tr>\n<tr>\n<td>\uacfc\uc5f4 \ubcf4\ud638 \uc628\ub3c4<\/td>\n<td>60<\/td>\n<td>65<\/td>\n<td>65<\/td>\n<td>\u2103 (\u2103)<\/td>\n<td><\/td>\n<\/tr>\n<tr>\n<td>DC \uc81c\uc5b4 \ucd9c\ub825 \uc804\uc555<\/td>\n<td>22<\/td>\n<td>24<\/td>\n<td>26<\/td>\n<td>\ub2e4\uc12f<\/td>\n<td><\/td>\n<\/tr>\n<tr>\n<td>DC \uc81c\uc5b4 \ucd9c\ub825 \uc804\ub958<\/td>\n<td>0<\/td>\n<td><\/td>\n<td>200<\/td>\n<td>\uadc0\uc2e0<\/td>\n<td><\/td>\n<\/tr>\n<tr>\n<td>\uc544\ub0a0\ub85c\uadf8 \uc81c\uc5b4 \ubaa8\ub378<\/td>\n<td colspan=\"3\">1 \u2013 5<\/td>\n<td>\ub2e4\uc12f<\/td>\n<td>\uc6d0\uaca9 \uc18d\ub3c4 \uc81c\uc5b4 \uc804\uc555<\/td>\n<\/tr>\n<tr>\n<td>\ub514\uc9c0\ud138 \uc81c\uc5b4 \uc2e0\ud638<\/td>\n<td colspan=\"3\">24<\/td>\n<td>\ub2e4\uc12f<\/td>\n<td>\uc2a4\uc704\uce58 \uc2e0\ud638 \uc81c\uc5b4<\/td>\n<\/tr>\n<tr>\n<td>\uc870\uc815\ubc29\ubc95<\/td>\n<td colspan=\"3\">6<\/td>\n<td>\uc5f4\uc1e0<\/td>\n<td><\/td>\n<\/tr>\n<tr>\n<td>\ubb34\ubd80\ud558 \uc804\ub825 \uc18c\ubaa8\ub7c9<\/td>\n<td><\/td>\n<td>3<\/td>\n<td><\/td>\n<td>\ud2f0<\/td>\n<td><\/td>\n<\/tr>\n<tr>\n<td>\ub514\uc2a4\ud50c\ub808\uc774 \ubaa8\ub4dc<\/td>\n<td colspan=\"3\">5<\/td>\n<td>\uc190\uac00\ub77d<\/td>\n<td>LED \ub514\uc9c0\ud138 \ud29c\ube0c<\/td>\n<\/tr>\n<tr>\n<td>\uae09\uc5ec \ud658\uacbd \uc628\ub3c4<\/td>\n<td>0<\/td>\n<td>25<\/td>\n<td>40<\/td>\n<td>\u2103 (\u2103)<\/td>\n<td rowspan=\"2\">\ube44\uc751\ucd95<\/td>\n<\/tr>\n<tr>\n<td>\uae09\uc5ec \ud658\uacbd \uc2b5\ub3c4<\/td>\n<td>10<\/td>\n<td>60<\/td>\n<td>85<\/td>\n<td>%<\/td>\n<\/tr>\n<\/tbody>\n<\/table>\n<h2><strong><b>\uce58\uc218 \ubc0f \ubb34\uac8c<\/b><\/strong><\/h2>\n<ul>\n<li>\uce58\uc218: \uae38\uc774 190 x \ub108\ube44 242 x \ub192\uc774 94.5(mm)<\/li>\n<li>\ubb34\uac8c : 2670g (\uc561\uc138\uc11c\ub9ac \uc81c\uc678)<\/li>\n<\/ul>\n\t<div class=\"img has-hover x md-x lg-x y md-y lg-y\" id=\"image_299522005\">\n\t\t\t\t\t\t\t\t<div class=\"img-inner dark\" >\n\t\t\t<img loading=\"lazy\" decoding=\"async\" width=\"840\" height=\"538\" src=\"https:\/\/swoer.vn\/wp-content\/uploads\/2025\/02\/Ban-ve-kich-thuoc-SDVC31-U\uff0810A\uff09.webp\" class=\"attachment-original size-original\" alt=\"\uce58\uc218\ub3c4 SDVC31-U\uff0810A\uff09\" srcset=\"https:\/\/swoer.vn\/wp-content\/uploads\/2025\/02\/Ban-ve-kich-thuoc-SDVC31-U\uff0810A\uff09.webp 840w, https:\/\/swoer.vn\/wp-content\/uploads\/2025\/02\/Ban-ve-kich-thuoc-SDVC31-U\uff0810A\uff09-300x192.webp 300w, https:\/\/swoer.vn\/wp-content\/uploads\/2025\/02\/Ban-ve-kich-thuoc-SDVC31-U\uff0810A\uff09-768x492.webp 768w, https:\/\/swoer.vn\/wp-content\/uploads\/2025\/02\/Ban-ve-kich-thuoc-SDVC31-U\uff0810A\uff09-18x12.webp 18w, https:\/\/swoer.vn\/wp-content\/uploads\/2025\/02\/Ban-ve-kich-thuoc-SDVC31-U\uff0810A\uff09-600x384.webp 600w\" sizes=\"auto, (max-width: 840px) 100vw, 840px\" title=\"\">\t\t\t\t\t\t\n\t\t\t\t\t<\/div>\n\t\t\t\t\t\t\t\t\n<style>\n#image_299522005 {\n  width: 60%;\n}\n<\/style>\n\t<\/div>","protected":false},"excerpt":{"rendered":"<p>\uc9c4\ub3d9 \ucee8\ud2b8\ub864\ub7ec\ub294 \uc9c4\ub3d9 \ud53c\ub354\uc758 \uc791\ub3d9 \uc0c1\ud0dc\ub97c \uc870\uc815\ud558\uace0 \uc81c\uc5b4\ud558\ub294 \ub370 \uc0ac\uc6a9\ub418\ub294 \uc804\uc790 \uc7a5\uce58\uc785\ub2c8\ub2e4. \uc804\ub958\uc640 \uc804\uc555\uc744 \uc81c\uc5b4\ud558\uc5ec \uc9c4\ub3d9 \uacf5\uae09\uae30\uc758 \uc9c4\ub3d9 \uc8fc\ud30c\uc218\uc640 \uc9c4\ub3d9 \uc9c4\ud3ed\uc744 \uc870\uc815\ud558\uc5ec \uc7ac\ub8cc\ub97c \uc801\uc808\ud55c \uc18d\ub3c4\uc640 \ubc29\uc2dd\uc73c\ub85c \uc6b4\ubc18\ud560 \uc218 \uc788\ub3c4\ub85d \ud569\ub2c8\ub2e4.<\/p>","protected":false},"featured_media":1895,"comment_status":"open","ping_status":"closed","template":"","meta":[],"product_brand":[],"product_cat":[86],"product_tag":[83,82,81],"class_list":{"0":"post-1894","1":"product","2":"type-product","3":"status-publish","4":"has-post-thumbnail","6":"product_cat-bo-dieu-khien-nap-rung","7":"product_tag-bo-dieu-khien-bat-rung","8":"product_tag-bo-dieu-khien-may-cap-lieu-rung","9":"product_tag-bo-dieu-khien-rung-dong","11":"first","12":"instock","13":"shipping-taxable","14":"product-type-simple"},"yoast_head":"<!-- This site is optimized with the Yoast SEO plugin v26.0 - https:\/\/yoast.com\/wordpress\/plugins\/seo\/ -->\n<title>B\u1ed9 \u0111i\u1ec1u khi\u1ec3n rung SDVC31-U 10A - Nh\u00e0 s\u1ea3n xu\u1ea5t m\u00e1y c\u1ea5p li\u1ec7u c\u00f4ng nghi\u1ec7p<\/title>\n<meta name=\"description\" content=\"B\u1ed9 \u0111i\u1ec1u khi\u1ec3n rung gi\u00fap \u0111i\u1ec1u ch\u1ec9nh t\u1ea7n su\u1ea5t rung \u1ed5n \u0111\u1ecbnh, n\u00e2ng cao hi\u1ec7u su\u1ea5t v\u00e0 \u0111\u1ed9 ch\u00ednh x\u00e1c trong c\u00e1c h\u1ec7 th\u1ed1ng c\u1ea5p li\u1ec7u t\u1ef1 \u0111\u1ed9ng c\u00f4ng nghi\u1ec7p.\" \/>\n<meta name=\"robots\" content=\"index, follow, max-snippet:-1, max-image-preview:large, max-video-preview:-1\" \/>\n<link rel=\"canonical\" href=\"https:\/\/swoer.vn\/ko\/manufacturer\/bo-dieu-khien-rung-sdvc31-u-10a\/\" \/>\n<meta property=\"og:locale\" content=\"ko_KR\" \/>\n<meta property=\"og:type\" content=\"article\" \/>\n<meta property=\"og:title\" content=\"B\u1ed9 \u0111i\u1ec1u khi\u1ec3n rung SDVC31-U 10A - Nh\u00e0 s\u1ea3n xu\u1ea5t m\u00e1y c\u1ea5p li\u1ec7u c\u00f4ng nghi\u1ec7p\" \/>\n<meta property=\"og:description\" content=\"B\u1ed9 \u0111i\u1ec1u khi\u1ec3n rung gi\u00fap \u0111i\u1ec1u ch\u1ec9nh t\u1ea7n su\u1ea5t rung \u1ed5n \u0111\u1ecbnh, n\u00e2ng cao hi\u1ec7u su\u1ea5t v\u00e0 \u0111\u1ed9 ch\u00ednh x\u00e1c trong c\u00e1c h\u1ec7 th\u1ed1ng c\u1ea5p li\u1ec7u t\u1ef1 \u0111\u1ed9ng c\u00f4ng nghi\u1ec7p.\" \/>\n<meta property=\"og:url\" content=\"https:\/\/swoer.vn\/ko\/manufacturer\/bo-dieu-khien-rung-sdvc31-u-10a\/\" \/>\n<meta property=\"og:site_name\" content=\"Nh\u00e0 s\u1ea3n xu\u1ea5t m\u00e1y c\u1ea5p li\u1ec7u c\u00f4ng nghi\u1ec7p\" \/>\n<meta property=\"article:modified_time\" content=\"2025-03-10T04:44:12+00:00\" \/>\n<meta property=\"og:image\" content=\"https:\/\/swoer.vn\/wp-content\/uploads\/2025\/02\/Bo-dieu-khien-may-cap-lieu-rung-SDVC31-U-10A.webp\" \/>\n\t<meta property=\"og:image:width\" content=\"1000\" \/>\n\t<meta property=\"og:image:height\" content=\"1000\" \/>\n\t<meta property=\"og:image:type\" content=\"image\/webp\" \/>\n<meta name=\"twitter:card\" content=\"summary_large_image\" \/>\n<meta name=\"twitter:label1\" content=\"\uc608\uc0c1 \ub418\ub294 \ud310\ub3c5 \uc2dc\uac04\" \/>\n\t<meta name=\"twitter:data1\" content=\"5\ubd84\" \/>\n<script type=\"application\/ld+json\" class=\"yoast-schema-graph\">{\"@context\":\"https:\/\/schema.org\",\"@graph\":[{\"@type\":\"WebPage\",\"@id\":\"https:\/\/swoer.vn\/manufacturer\/bo-dieu-khien-rung-sdvc31-u-10a\/\",\"url\":\"https:\/\/swoer.vn\/manufacturer\/bo-dieu-khien-rung-sdvc31-u-10a\/\",\"name\":\"B\u1ed9 \u0111i\u1ec1u khi\u1ec3n rung SDVC31-U 10A - Nh\u00e0 s\u1ea3n xu\u1ea5t m\u00e1y c\u1ea5p li\u1ec7u c\u00f4ng nghi\u1ec7p\",\"isPartOf\":{\"@id\":\"https:\/\/swoer.vn\/#website\"},\"primaryImageOfPage\":{\"@id\":\"https:\/\/swoer.vn\/manufacturer\/bo-dieu-khien-rung-sdvc31-u-10a\/#primaryimage\"},\"image\":{\"@id\":\"https:\/\/swoer.vn\/manufacturer\/bo-dieu-khien-rung-sdvc31-u-10a\/#primaryimage\"},\"thumbnailUrl\":\"https:\/\/swoer.vn\/wp-content\/uploads\/2025\/02\/Bo-dieu-khien-may-cap-lieu-rung-SDVC31-U-10A.webp\",\"datePublished\":\"2025-02-27T07:07:06+00:00\",\"dateModified\":\"2025-03-10T04:44:12+00:00\",\"description\":\"B\u1ed9 \u0111i\u1ec1u khi\u1ec3n rung gi\u00fap \u0111i\u1ec1u ch\u1ec9nh t\u1ea7n su\u1ea5t rung \u1ed5n \u0111\u1ecbnh, n\u00e2ng cao hi\u1ec7u su\u1ea5t v\u00e0 \u0111\u1ed9 ch\u00ednh x\u00e1c trong c\u00e1c h\u1ec7 th\u1ed1ng c\u1ea5p li\u1ec7u t\u1ef1 \u0111\u1ed9ng c\u00f4ng nghi\u1ec7p.\",\"breadcrumb\":{\"@id\":\"https:\/\/swoer.vn\/manufacturer\/bo-dieu-khien-rung-sdvc31-u-10a\/#breadcrumb\"},\"inLanguage\":\"ko-KR\",\"potentialAction\":[{\"@type\":\"ReadAction\",\"target\":[\"https:\/\/swoer.vn\/manufacturer\/bo-dieu-khien-rung-sdvc31-u-10a\/\"]}]},{\"@type\":\"ImageObject\",\"inLanguage\":\"ko-KR\",\"@id\":\"https:\/\/swoer.vn\/manufacturer\/bo-dieu-khien-rung-sdvc31-u-10a\/#primaryimage\",\"url\":\"https:\/\/swoer.vn\/wp-content\/uploads\/2025\/02\/Bo-dieu-khien-may-cap-lieu-rung-SDVC31-U-10A.webp\",\"contentUrl\":\"https:\/\/swoer.vn\/wp-content\/uploads\/2025\/02\/Bo-dieu-khien-may-cap-lieu-rung-SDVC31-U-10A.webp\",\"width\":1000,\"height\":1000,\"caption\":\"B\u1ed9 \u0111i\u1ec1u khi\u1ec3n m\u00e1y c\u1ea5p li\u1ec7u rung SDVC31-U 10A\"},{\"@type\":\"BreadcrumbList\",\"@id\":\"https:\/\/swoer.vn\/manufacturer\/bo-dieu-khien-rung-sdvc31-u-10a\/#breadcrumb\",\"itemListElement\":[{\"@type\":\"ListItem\",\"position\":1,\"name\":\"Home\",\"item\":\"https:\/\/swoer.vn\/\"},{\"@type\":\"ListItem\",\"position\":2,\"name\":\"S\u1ea3n ph\u1ea9m\",\"item\":\"https:\/\/swoer.vn\/shop\/\"},{\"@type\":\"ListItem\",\"position\":3,\"name\":\"B\u1ed9 \u0111i\u1ec1u khi\u1ec3n rung SDVC31-U 10A\"}]},{\"@type\":\"WebSite\",\"@id\":\"https:\/\/swoer.vn\/#website\",\"url\":\"https:\/\/swoer.vn\/\",\"name\":\"Nh\u00e0 s\u1ea3n xu\u1ea5t m\u00e1y c\u1ea5p li\u1ec7u c\u00f4ng nghi\u1ec7p\",\"description\":\"Nh\u00e0 cung c\u1ea5p robot, m\u00e1y c\u1ea5p li\u1ec7u linh ho\u1ea1t, m\u00e1y c\u1ea5p li\u1ec7u ly t\u00e2m, m\u00e1y c\u1ea5p li\u1ec7u rung t\u1ef1 \u0111\u1ed9ng\",\"potentialAction\":[{\"@type\":\"SearchAction\",\"target\":{\"@type\":\"EntryPoint\",\"urlTemplate\":\"https:\/\/swoer.vn\/?s={search_term_string}\"},\"query-input\":{\"@type\":\"PropertyValueSpecification\",\"valueRequired\":true,\"valueName\":\"search_term_string\"}}],\"inLanguage\":\"ko-KR\"}]}<\/script>\n<!-- \/ Yoast SEO plugin. -->","yoast_head_json":{"title":"SDVC31-U 10A \uc9c4\ub3d9 \ucee8\ud2b8\ub864\ub7ec - \uc0b0\uc5c5\uc6a9 \ud53c\ub354 \uc81c\uc870\uc5c5\uccb4","description":"\uc9c4\ub3d9 \ucee8\ud2b8\ub864\ub7ec\ub294 \uc9c4\ub3d9 \uc8fc\ud30c\uc218\ub97c \uc548\uc815\uc801\uc73c\ub85c \uc870\uc808\ud558\uc5ec \uc0b0\uc5c5\uc6a9 \uc790\ub3d9 \uacf5\uae09 \uc2dc\uc2a4\ud15c\uc758 \ud6a8\uc728\uc131\uacfc \uc815\ud655\uc131\uc744 \ud5a5\uc0c1\ud558\ub294 \ub370 \ub3c4\uc6c0\uc774 \ub429\ub2c8\ub2e4.","robots":{"index":"index","follow":"follow","max-snippet":"max-snippet:-1","max-image-preview":"max-image-preview:large","max-video-preview":"max-video-preview:-1"},"canonical":"https:\/\/swoer.vn\/ko\/manufacturer\/bo-dieu-khien-rung-sdvc31-u-10a\/","og_locale":"ko_KR","og_type":"article","og_title":"B\u1ed9 \u0111i\u1ec1u khi\u1ec3n rung SDVC31-U 10A - Nh\u00e0 s\u1ea3n xu\u1ea5t m\u00e1y c\u1ea5p li\u1ec7u c\u00f4ng nghi\u1ec7p","og_description":"B\u1ed9 \u0111i\u1ec1u khi\u1ec3n rung gi\u00fap \u0111i\u1ec1u ch\u1ec9nh t\u1ea7n su\u1ea5t rung \u1ed5n \u0111\u1ecbnh, n\u00e2ng cao hi\u1ec7u su\u1ea5t v\u00e0 \u0111\u1ed9 ch\u00ednh x\u00e1c trong c\u00e1c h\u1ec7 th\u1ed1ng c\u1ea5p li\u1ec7u t\u1ef1 \u0111\u1ed9ng c\u00f4ng nghi\u1ec7p.","og_url":"https:\/\/swoer.vn\/ko\/manufacturer\/bo-dieu-khien-rung-sdvc31-u-10a\/","og_site_name":"Nh\u00e0 s\u1ea3n xu\u1ea5t m\u00e1y c\u1ea5p li\u1ec7u c\u00f4ng nghi\u1ec7p","article_modified_time":"2025-03-10T04:44:12+00:00","og_image":[{"width":1000,"height":1000,"url":"https:\/\/swoer.vn\/wp-content\/uploads\/2025\/02\/Bo-dieu-khien-may-cap-lieu-rung-SDVC31-U-10A.webp","type":"image\/webp"}],"twitter_card":"summary_large_image","twitter_misc":{"\uc608\uc0c1 \ub418\ub294 \ud310\ub3c5 \uc2dc\uac04":"5\ubd84"},"schema":{"@context":"https:\/\/schema.org","@graph":[{"@type":"WebPage","@id":"https:\/\/swoer.vn\/manufacturer\/bo-dieu-khien-rung-sdvc31-u-10a\/","url":"https:\/\/swoer.vn\/manufacturer\/bo-dieu-khien-rung-sdvc31-u-10a\/","name":"SDVC31-U 10A \uc9c4\ub3d9 \ucee8\ud2b8\ub864\ub7ec - \uc0b0\uc5c5\uc6a9 \ud53c\ub354 \uc81c\uc870\uc5c5\uccb4","isPartOf":{"@id":"https:\/\/swoer.vn\/#website"},"primaryImageOfPage":{"@id":"https:\/\/swoer.vn\/manufacturer\/bo-dieu-khien-rung-sdvc31-u-10a\/#primaryimage"},"image":{"@id":"https:\/\/swoer.vn\/manufacturer\/bo-dieu-khien-rung-sdvc31-u-10a\/#primaryimage"},"thumbnailUrl":"https:\/\/swoer.vn\/wp-content\/uploads\/2025\/02\/Bo-dieu-khien-may-cap-lieu-rung-SDVC31-U-10A.webp","datePublished":"2025-02-27T07:07:06+00:00","dateModified":"2025-03-10T04:44:12+00:00","description":"\uc9c4\ub3d9 \ucee8\ud2b8\ub864\ub7ec\ub294 \uc9c4\ub3d9 \uc8fc\ud30c\uc218\ub97c \uc548\uc815\uc801\uc73c\ub85c \uc870\uc808\ud558\uc5ec \uc0b0\uc5c5\uc6a9 \uc790\ub3d9 \uacf5\uae09 \uc2dc\uc2a4\ud15c\uc758 \ud6a8\uc728\uc131\uacfc \uc815\ud655\uc131\uc744 \ud5a5\uc0c1\ud558\ub294 \ub370 \ub3c4\uc6c0\uc774 \ub429\ub2c8\ub2e4.","breadcrumb":{"@id":"https:\/\/swoer.vn\/manufacturer\/bo-dieu-khien-rung-sdvc31-u-10a\/#breadcrumb"},"inLanguage":"ko-KR","potentialAction":[{"@type":"ReadAction","target":["https:\/\/swoer.vn\/manufacturer\/bo-dieu-khien-rung-sdvc31-u-10a\/"]}]},{"@type":"ImageObject","inLanguage":"ko-KR","@id":"https:\/\/swoer.vn\/manufacturer\/bo-dieu-khien-rung-sdvc31-u-10a\/#primaryimage","url":"https:\/\/swoer.vn\/wp-content\/uploads\/2025\/02\/Bo-dieu-khien-may-cap-lieu-rung-SDVC31-U-10A.webp","contentUrl":"https:\/\/swoer.vn\/wp-content\/uploads\/2025\/02\/Bo-dieu-khien-may-cap-lieu-rung-SDVC31-U-10A.webp","width":1000,"height":1000,"caption":"B\u1ed9 \u0111i\u1ec1u khi\u1ec3n m\u00e1y c\u1ea5p li\u1ec7u rung SDVC31-U 10A"},{"@type":"BreadcrumbList","@id":"https:\/\/swoer.vn\/manufacturer\/bo-dieu-khien-rung-sdvc31-u-10a\/#breadcrumb","itemListElement":[{"@type":"ListItem","position":1,"name":"Home","item":"https:\/\/swoer.vn\/"},{"@type":"ListItem","position":2,"name":"S\u1ea3n ph\u1ea9m","item":"https:\/\/swoer.vn\/shop\/"},{"@type":"ListItem","position":3,"name":"B\u1ed9 \u0111i\u1ec1u khi\u1ec3n rung SDVC31-U 10A"}]},{"@type":"WebSite","@id":"https:\/\/swoer.vn\/#website","url":"https:\/\/swoer.vn\/","name":"\uc0b0\uc5c5\uc6a9 \ud53c\ub354 \uc81c\uc870\uc5c5\uccb4","description":"\ub85c\ubd07, \ud50c\ub809\uc2dc\ube14 \ud53c\ub354, \uc6d0\uc2ec \ud53c\ub354, \uc790\ub3d9 \uc9c4\ub3d9 \ud53c\ub354 \uacf5\uae09\uc5c5\uccb4","potentialAction":[{"@type":"SearchAction","target":{"@type":"EntryPoint","urlTemplate":"https:\/\/swoer.vn\/?s={search_term_string}"},"query-input":{"@type":"PropertyValueSpecification","valueRequired":true,"valueName":"search_term_string"}}],"inLanguage":"ko-KR"}]}},"_links":{"self":[{"href":"https:\/\/swoer.vn\/ko\/wp-json\/wp\/v2\/product\/1894","targetHints":{"allow":["GET"]}}],"collection":[{"href":"https:\/\/swoer.vn\/ko\/wp-json\/wp\/v2\/product"}],"about":[{"href":"https:\/\/swoer.vn\/ko\/wp-json\/wp\/v2\/types\/product"}],"replies":[{"embeddable":true,"href":"https:\/\/swoer.vn\/ko\/wp-json\/wp\/v2\/comments?post=1894"}],"wp:featuredmedia":[{"embeddable":true,"href":"https:\/\/swoer.vn\/ko\/wp-json\/wp\/v2\/media\/1895"}],"wp:attachment":[{"href":"https:\/\/swoer.vn\/ko\/wp-json\/wp\/v2\/media?parent=1894"}],"wp:term":[{"taxonomy":"product_brand","embeddable":true,"href":"https:\/\/swoer.vn\/ko\/wp-json\/wp\/v2\/product_brand?post=1894"},{"taxonomy":"product_cat","embeddable":true,"href":"https:\/\/swoer.vn\/ko\/wp-json\/wp\/v2\/product_cat?post=1894"},{"taxonomy":"product_tag","embeddable":true,"href":"https:\/\/swoer.vn\/ko\/wp-json\/wp\/v2\/product_tag?post=1894"}],"curies":[{"name":"wp","href":"https:\/\/api.w.org\/{rel}","templated":true}]}}