{"id":1883,"date":"2025-02-27T13:42:20","date_gmt":"2025-02-27T06:42:20","guid":{"rendered":"https:\/\/swoer.vn\/?post_type=product&#038;p=1883"},"modified":"2025-03-10T11:47:01","modified_gmt":"2025-03-10T04:47:01","slug":"bo-dieu-khien-rung-sdvc31-l-4-5a","status":"publish","type":"product","link":"https:\/\/swoer.vn\/ko\/manufacturer\/bo-dieu-khien-rung-sdvc31-l-4-5a\/","title":{"rendered":"SDVC31-L 4.5A \uc9c4\ub3d9 \ucee8\ud2b8\ub864\ub7ec"},"content":{"rendered":"<h1>SDVC31-L \uc9c4\ub3d9 \ucee8\ud2b8\ub864\ub7ec<\/h1>\n<p>\uc9c4\ub3d9 \ucee8\ud2b8\ub864\ub7ec\ub294 \uc9c4\ub3d9 \ud53c\ub354\uc758 \uc791\ub3d9 \uc0c1\ud0dc\ub97c \uc870\uc815\ud558\uace0 \uc81c\uc5b4\ud558\ub294 \ub370 \uc0ac\uc6a9\ub418\ub294 \uc804\uc790 \uc7a5\uce58\uc785\ub2c8\ub2e4. \uc804\ub958\uc640 \uc804\uc555\uc744 \uc81c\uc5b4\ud558\uc5ec \uc9c4\ub3d9 \uacf5\uae09\uae30\uc758 \uc9c4\ub3d9 \uc8fc\ud30c\uc218\uc640 \uc9c4\ub3d9 \uc9c4\ud3ed\uc744 \uc870\uc815\ud558\uc5ec \uc7ac\ub8cc\ub97c \uc801\uc808\ud55c \uc18d\ub3c4\uc640 \ubc29\uc2dd\uc73c\ub85c \uc6b4\ubc18\ud560 \uc218 \uc788\ub3c4\ub85d \ud569\ub2c8\ub2e4.<\/p>\n\t<div id=\"gap-1153992049\" class=\"gap-element clearfix\" style=\"display:block; height:auto;\">\n\t\t\n<style>\n#gap-1153992049 {\n  padding-top: 30px;\n}\n<\/style>\n\t<\/div>\n\t\n<h2><strong>\ud2b9\uc9d5<\/strong><\/h2>\n<ul>\n<li data-sourcepos=\"3:1-5:25\">\n<p data-sourcepos=\"3:4-3:65\"><strong>\uc790\ub3d9 \uc804\uc555 \uc548\uc815\ud654\ub85c \uc815\ud655\ub3c4\uac00 \ubcc0\ud568 \uc5c6\uc74c:\u00a0<\/strong>\uc804\uc6d0 \uacf5\uae09 \uc18d\ub3c4\uc758 \ubcc0\ub3d9\uc73c\ub85c \uc778\ud55c \uc804\uc6d0 \uacf5\uae09\ub7c9 \ubcc0\ub3d9\uc744 \uc81c\uac70\ud558\ub294 \uace0\uc815\ubc00 \uc790\ub3d9 \uc804\uc555 \uc548\uc815\ud654 \uae30\ub2a5\uc73c\ub85c \uc548\uc815\uc801\uc778 \uc804\uc6d0 \uacf5\uae09 \uc18d\ub3c4\uc640 \uc77c\uad00\ub41c \uc131\ub2a5\uc744 \ubcf4\uc7a5\ud569\ub2c8\ub2e4.<\/p>\n<\/li>\n<li data-sourcepos=\"7:1-8:0\">\n<p data-sourcepos=\"7:4-7:49\"><strong>\uc870\uc808 \uac00\ub2a5\ud55c \uc18c\ud504\ud2b8 \uc2a4\ud0c0\ud2b8 \ubaa8\ub4dc\ub97c \uac16\ucd98 \uc18c\ud504\ud2b8 \uc2a4\ud0c0\ud2b8:\u00a0<\/strong>\uc810\uc9c4\uc801\uc73c\ub85c \ucd9c\ub825 \uc804\uc555\uc744 \uc99d\uac00\uc2dc\ud0a4\uace0 \ud639\ub3c5\ud55c \uc2dc\ub3d9 \ucda9\uaca9\uc744 \uc81c\uac70\ud558\ub294 \uc870\uc808 \uac00\ub2a5\ud55c \uc18c\ud504\ud2b8 \uc2a4\ud0c0\ud2b8 \uae30\ub2a5\uc73c\ub85c \uc7a5\ube44\ub97c \ubcf4\ud638\ud558\uace0 \ubb3c\ub9ac\uc801 \uc190\uc0c1\uc744 \ucd5c\uc18c\ud654\ud558\uc138\uc694.<\/p>\n<\/li>\n<li data-sourcepos=\"11:1-11:44\">\n<p data-sourcepos=\"11:4-11:44\"><strong>\uc2a4\uc704\uce58 \uc13c\uc11c \uc81c\uc5b4\ub97c \ud1b5\ud55c \uc2a4\ub9c8\ud2b8 \uc885\ub8cc:\u00a0<\/strong>\uc644\uc804\/\ube44\uc5b4 \uc788\ub294 \uc13c\uc11c \uc885\ub8cc \uc81c\uc5b4\ub97c \ud1b5\ud574 \uc9c0\ub2a5\ud615 \uc804\uc6d0 \uacf5\uae09 \uad00\ub9ac\ub97c \uad6c\ud604\ud558\uba74 NPN \ub610\ub294 PLC \uc720\ud615 \uc13c\uc11c\uac00 \uc6d0\uaca9\uc73c\ub85c \uc644\uc804\/\ube44\uc5b4 \uc788\ub294 \uc0c1\ud0dc\ub97c \uc885\ub8cc\ud558\uc5ec \uc6d0\ud65c\ud55c \uc791\ub3d9\uc744 \ubcf4\uc7a5\ud569\ub2c8\ub2e4.<\/p>\n<\/li>\n<li data-sourcepos=\"15:1-18:0\">\n<p data-sourcepos=\"15:4-15:60\"><strong>\uad11\uc804 \uc13c\uc11c\uac00 \uaebc\uc9c4 \uc0c1\ud0dc\uc5d0\uc11c \uc815\ud655\ud55c \uac10\uc9c0:\u00a0<\/strong>\uad11\uc804 \ubc18\uc0ac \uc13c\uc11c\ub97c \ud1b5\ud55c \uc644\uc804\/\ube44\uc5b4 \uc788\uc74c \uc815\uc9c0 \uc81c\uc5b4 \uae30\ub2a5\uc73c\ub85c \uc815\ud655\ud55c \uc7ac\ub8cc \uac10\uc9c0\uac00 \uac00\ub2a5\ud558\uace0 \uacf5\uae09 \ud6a8\uc728\uc744 \ud5a5\uc0c1\uc2dc\ud0b5\ub2c8\ub2e4.<\/p>\n<\/li>\n<li data-sourcepos=\"19:1-22:0\">\n<p data-sourcepos=\"19:4-19:57\"><strong>\uc6d0\uaca9 \uc18d\ub3c4 \uc81c\uc5b4\ub294 \ube44\uad50\ud560 \uc218 \uc5c6\ub294 \uc720\uc5f0\uc131\uc744 \uc81c\uacf5\ud569\ub2c8\ub2e4.\u00a0<\/strong>\uc678\ubd80 \uc804\uc704\ucc28\uacc4, PLC \ub610\ub294 1~5V \uc804\uc555 \uc2e0\ud638\ub97c \ud1b5\ud55c \uc6d0\uaca9 \uc18d\ub3c4 \uc81c\uc5b4\ub85c \uacf5\uae09 \uc18d\ub3c4\ub97c \uc815\ud655\ud558\uac8c \uc870\uc808\ud558\uc5ec \uc6d0\uaca9 \ucd9c\ub825 \uc804\uc555\uc758 \uc815\ubc00\ud55c \uc81c\uc5b4\ub97c \ubcf4\uc7a5\ud569\ub2c8\ub2e4.<\/p>\n<\/li>\n<li data-sourcepos=\"23:1-25:38\">\n<p data-sourcepos=\"23:4-23:50\"><strong>\uc720\uc5f0\uc131 \ud5a5\uc0c1\uc744 \uc704\ud55c DC \uc81c\uc5b4 \ucd9c\ub825:\u00a0<\/strong>DC \uc81c\uc5b4 \ucd9c\ub825\uc73c\ub85c \uc81c\uc5b4 \uae30\ub2a5\uc744 \ud655\uc7a5\ud558\uc5ec \ucee8\ud2b8\ub864\ub7ec\uac00 \uc194\ub808\ub178\uc774\ub4dc \ubc38\ube0c\uc640 \uac19\uc740 \uc7a5\uce58\ub97c \uc81c\uc5b4\ud560 \uc218 \uc788\uc73c\uba70, \uc774\ub97c \uc870\ud569\ud558\uc5ec \ub354\uc6b1 \ubcf5\uc7a1\ud55c \uc81c\uc5b4 \uc560\ud50c\ub9ac\ucf00\uc774\uc158\uc744 \ub9cc\ub4e4 \uc218 \uc788\uc2b5\ub2c8\ub2e4.<\/p>\n<\/li>\n<\/ul>\n\t<div id=\"gap-1292888168\" class=\"gap-element clearfix\" style=\"display:block; height:auto;\">\n\t\t\n<style>\n#gap-1292888168 {\n  padding-top: 30px;\n}\n<\/style>\n\t<\/div>\n\t\n<h2><strong>\uae30\ubcf8 \uae30\ub2a5<\/strong><\/h2>\n<h3 data-sourcepos=\"3:1-3:28\">\uc0ac\uc6a9\uc790 \uce5c\ud654\uc801\uc778 \uc791\ub3d9:<\/h3>\n<ul data-sourcepos=\"5:1-5:89\">\n<li data-sourcepos=\"5:1-5:89\"><strong>\uc8fc\ud30c\uc218 \uc870\uc815 \uc190\uc7a1\uc774:<\/strong>\u00a0\uc9c4\ub3d9 \uc8fc\ud30c\uc218\ub97c \ubbf8\uc138 \uc870\uc815\ud558\uc5ec \uacf5\uae09 \uacfc\uc815\uc744 \ub354\uc6b1 \ubd80\ub4dc\ub7fd\uace0, \uc870\uc6a9\ud558\uba70 \uc5d0\ub108\uc9c0 \ud6a8\uc728\uc801\uc73c\ub85c \ub9cc\ub4e4\uc5b4 \ubcf4\uc138\uc694.<\/li>\n<li data-sourcepos=\"6:1-6:127\"><strong>\uc790\ub3d9 \uc804\uc555 \uc870\uc808:<\/strong>\u00a0\ud1b5\ud569 \ub514\uc9c0\ud138 \ud68c\ub85c\ub294 \uc804\uc6d0 \uacf5\uae09 \uc7a5\uce58 \ubcc0\uacbd\uc73c\ub85c \uc778\ud55c \uc18d\ub3c4 \ubcc0\ub3d9\uc744 \uc81c\uac70\ud569\ub2c8\ub2e4.<\/li>\n<li data-sourcepos=\"7:1-7:14\"><strong>\uc870\uc808 \uac00\ub2a5\ud55c \ub290\ub9b0 \uc2dc\uc791:<\/strong>\u00a0\ucd9c\ub825 \uc804\uc555\uc740 \uc2dc\ub3d9 \uc2dc 0\uc5d0\uc11c \uc810\ucc28 \uc99d\uac00\ud558\uc5ec \uc9c4\ub3d9\ud310\uc5d0 \ubbf8\uce58\ub294 \uc601\ud5a5\uc744 \ucd5c\uc18c\ud654\ud569\ub2c8\ub2e4. \ub514\uc9c0\ud138 \ub290\ub9b0 \uc2dc\uc791 \uc2dc\uac04\uc744 \uc124\uc815\ud569\ub2c8\ub2e4.<\/li>\n<\/ul>\n<h3 data-sourcepos=\"9:1-9:29\">\uace0\uae09 \uc81c\uc5b4 \uc635\uc158:<\/h3>\n<ul data-sourcepos=\"11:1-11:1\">\n<li data-sourcepos=\"11:1-11:1\"><strong>\uc13c\uc11c \uae30\ubc18 \uc644\uc804\/\ube48 \uc167\uc624\ud504:<\/strong>\u00a0\uc7ac\ub8cc \uc218\uc900\uc5d0 \ub530\ub77c \uc790\ub3d9\uc73c\ub85c \uc885\ub8cc\ud560 \uc218 \uc788\ub3c4\ub85d NPN \uc13c\uc11c \ub610\ub294 PLC \uc81c\uc5b4\ub97c \uc9c0\uc6d0\ud569\ub2c8\ub2e4.<\/li>\n<li data-sourcepos=\"12:1-12:24\"><strong>\uad11\uc804 \uc13c\uc11c \ud1b5\ud569:<\/strong>\u00a0\uc804\uccb4\/\ube48 \uc81c\uc5b4\ub97c \uc704\ud55c \uad11\uc804 \ubc18\uc0ac \uc13c\uc11c\uac00 \ud3ec\ud568\ub418\uc5b4 \uc788\uc2b5\ub2c8\ub2e4.<\/li>\n<li data-sourcepos=\"13:1-13:122\"><strong>\uc6d0\uaca9 \uc18d\ub3c4 \uc81c\uc5b4:<\/strong>\u00a0\uc678\ubd80 \uc804\uc704\ucc28\uacc4, PLC \ub610\ub294 1~5V \uc804\uc555 \uc2e0\ud638\ub97c \ud1b5\ud574 \ucd9c\ub825 \uc804\uc555\uc744 \uc6d0\uaca9\uc73c\ub85c \uc870\uc808\ud569\ub2c8\ub2e4.<\/li>\n<li data-sourcepos=\"14:1-15:0\"><strong>DC \uc81c\uc5b4 \ucd9c\ub825:<\/strong>\u00a0\ucee8\ud2b8\ub864\ub7ec\uc758 \uc800\uc804\uc555 DC \uc2e0\ud638\ub97c \uc0ac\uc6a9\ud558\uc5ec \uc194\ub808\ub178\uc774\ub4dc \ubc38\ube0c\uc640 \uac19\uc740 \uc678\ubd80 \uc7a5\uce58\ub97c \uc81c\uc5b4\ud569\ub2c8\ub2e4.<\/li>\n<\/ul>\n<h3 data-sourcepos=\"16:1-16:40\">\uc0ac\uc6a9\uc790\uc758 \ubcf4\ud638 \ubc0f \uc548\uc804 \uac15\ud654:<\/h3>\n<ul data-sourcepos=\"18:1-20:63\">\n<li data-sourcepos=\"18:1-18:99\"><strong>\ud0a4\ubcf4\ub4dc \uc7a0\uae08:<\/strong>\u00a0\uc804\uc6d0 \ubc84\ud2bc\uc744 \uae38\uac8c \ub20c\ub7ec \ubaa8\ub4e0 \ud0a4\ub97c \uc7a0\uadf8\uba74 \uc2e4\uc218\ub85c \ud0a4\uac00 \uc791\ub3d9\ud558\ub294 \uac83\uc744 \ubc29\uc9c0\ud560 \uc218 \uc788\uc2b5\ub2c8\ub2e4.<\/li>\n<li data-sourcepos=\"19:1-19:110\"><strong>\ucd5c\ub300 \ucd9c\ub825 \uc804\uc555 \uc124\uc815:<\/strong>\u00a0\uc0ac\uc6a9\uc790 \uc624\ub958\uc640 \uc7a5\uce58 \uc190\uc0c1\uc744 \ubc29\uc9c0\ud558\ub824\uba74 \ucd5c\ub300 \uc804\uc555 \ud55c\ub3c4\ub97c \uc124\uc815\ud558\uc138\uc694.<\/li>\n<li data-sourcepos=\"20:1-20:63\"><strong>\uacfc\uc5f4 \ubcf4\ud638:<\/strong>\u00a0\ucee8\ud2b8\ub864\ub7ec \uc628\ub3c4\uac00 \ub108\ubb34 \ub192\uc544\uc9c0\uba74 \ucd9c\ub825\uc774 \uc790\ub3d9\uc73c\ub85c \uaebc\uc9d1\ub2c8\ub2e4.<\/li>\n<li data-sourcepos=\"21:1-21:145\"><strong>\uacfc\uc804\ub958 \ubcf4\ud638:<\/strong>\u00a0\ub3d9\uc791 \uc804\ub958\uac00 \uc815\uaca9\uac12\uc744 \ucd08\uacfc\ud558\uba74 \ucd9c\ub825\uc774 \uc911\ub2e8\ub418\uc5b4 \ucee8\ud2b8\ub864\ub7ec\uc640 \uc9c4\ub3d9 \uc7a5\uce58\ub97c \ubcf4\ud638\ud569\ub2c8\ub2e4.<\/li>\n<li data-sourcepos=\"22:1-22:209\"><strong>\ubcf5\uad6c \uac00\ub2a5\ud55c \ub2e8\ub77d \ubcf4\ud638:<\/strong>\u00a0\ub2e8\ub77d\uc774 \ubc1c\uc0dd\ud558\uba74 \ucee8\ud2b8\ub864\ub7ec\ub294 \ud4e8\uc988\ub97c \ub04a\uc9c0 \uc54a\uace0 \ucd9c\ub825\uc744 \uba48\ucda5\ub2c8\ub2e4. \ub2e8\ub77d\uc774 \ud574\uc18c\ub41c \ud6c4 \uc804\uc6d0\uc774 \ubcf5\uad6c\ub418\uba74 \ucee8\ud2b8\ub864\ub7ec\ub294 \uc815\uc0c1 \uc791\ub3d9\uc744 \uc7ac\uac1c\ud569\ub2c8\ub2e4.<\/li>\n<\/ul>\n\t<div id=\"gap-236038272\" class=\"gap-element clearfix\" style=\"display:block; height:auto;\">\n\t\t\n<style>\n#gap-236038272 {\n  padding-top: 30px;\n}\n<\/style>\n\t<\/div>\n\t\n<h2><strong>\uba85\uc138\uc11c<\/strong><\/h2>\n<table width=\"767\">\n<tbody>\n<tr>\n<td rowspan=\"2\" width=\"225\"><strong>\ubaa9<\/strong><\/td>\n<td colspan=\"3\" width=\"216\"><strong>\ubc94\uc704<\/strong><\/td>\n<td rowspan=\"2\" width=\"72\"><strong>\ub2e8\uc704<\/strong><\/td>\n<td rowspan=\"2\" width=\"254\"><strong>\ub300\ud45c<\/strong><\/td>\n<\/tr>\n<tr>\n<td><strong>\ucd5c\uc800\ud55c\uc758<\/strong><\/td>\n<td><strong>\ud2b9\uc9d5<\/strong><\/td>\n<td><strong>\ucd5c\uace0<\/strong><\/td>\n<\/tr>\n<tr>\n<td>\uc785\ub825 \uc804\uc555<\/td>\n<td>85<\/td>\n<td>220<\/td>\n<td>260<\/td>\n<td>\ub2e4\uc12f<\/td>\n<td>AC \uc720\ud6a8\uac12<\/td>\n<\/tr>\n<tr>\n<td>\ucd9c\ub825 \uc804\uc555 \uc870\uc815 \ubc94\uc704<\/td>\n<td>0<\/td>\n<td><\/td>\n<td>260<\/td>\n<td>\ub2e4\uc12f<\/td>\n<td>\uc785\ub825\uc804\uc555 150% \ubbf8\ub9cc<\/td>\n<\/tr>\n<tr>\n<td>\uc804\uc555 \uc870\uc808 \uc815\ud655\ub3c4<\/td>\n<td colspan=\"3\">1<\/td>\n<td>\ub2e4\uc12f<\/td>\n<td><\/td>\n<\/tr>\n<tr>\n<td>\uc804\uc555 \uc870\uc808 \uc815\ud655\ub3c4<\/td>\n<td>0<\/td>\n<td><\/td>\n<td>10<\/td>\n<td><\/td>\n<td>Vout\/Vin<\/td>\n<\/tr>\n<tr>\n<td>\uc804\uc555 \uc870\uc808 \uc751\ub2f5 \uc2dc\uac04<\/td>\n<td>0,0025<\/td>\n<td><\/td>\n<td>0,025<\/td>\n<td>\uc5d0\uc2a4<\/td>\n<td>1\/10 \uc0ac\uc774\ud074 \ucd9c\ub825 \uc804\uc555<\/td>\n<\/tr>\n<tr>\n<td rowspan=\"2\">\ucd9c\ub825 \uc804\ub958 \uc870\uc815 \ubc94\uc704<\/td>\n<td>0<\/td>\n<td><\/td>\n<td>4,5<\/td>\n<td>\ud558\ub098<\/td>\n<td>SDVC31-L-\uace0\ucd9c\ub825<\/td>\n<\/tr>\n<tr>\n<td>0<\/td>\n<td><\/td>\n<td>6<\/td>\n<td>\ubc84\uc9c0\ub2c8\uc544<\/td>\n<td>SDVC31-XL-\uc6a9\ub7c9 \uc99d\uac00<\/td>\n<\/tr>\n<tr>\n<td rowspan=\"2\">\ucd9c\ub825 \uc804\ub825<\/td>\n<td>0<\/td>\n<td><\/td>\n<td>990<\/td>\n<td>\ubc84\uc9c0\ub2c8\uc544<\/td>\n<td>SDVC31-L-\uace0\ucd9c\ub825<\/td>\n<\/tr>\n<tr>\n<td>0<\/td>\n<td><\/td>\n<td>1320<\/td>\n<td>\ubc84\uc9c0\ub2c8\uc544<\/td>\n<td>SDVC31-XL-\uc6a9\ub7c9 \uc99d\uac00<\/td>\n<\/tr>\n<tr>\n<td>\ucd9c\ub825 \uc8fc\ud30c\uc218<\/td>\n<td>40<\/td>\n<td><\/td>\n<td>400<\/td>\n<td>\ube48\ub3c4<\/td>\n<td><\/td>\n<\/tr>\n<tr>\n<td>\uc8fc\ud30c\uc218 \uc870\uc815 \uc815\ud655\ub3c4<\/td>\n<td colspan=\"3\">0,1<\/td>\n<td>\ube48\ub3c4<\/td>\n<td><\/td>\n<\/tr>\n<tr>\n<td>\ucd9c\ub825\ud30c\ud615<\/td>\n<td colspan=\"3\">\uc0ac\uc778<\/td>\n<td><\/td>\n<td><\/td>\n<\/tr>\n<tr>\n<td>\ub290\ub9b0 \uc2dc\uc791 \uc2dc\uac04<\/td>\n<td>0<\/td>\n<td><\/td>\n<td>10<\/td>\n<td>\uc5d0\uc2a4<\/td>\n<td>\uacf5\uc7a5 \uae30\ubcf8\uac12\uc740 0.5\uc785\ub2c8\ub2e4<\/td>\n<\/tr>\n<tr>\n<td>\uc9c0\uc5f0\uc2dc\uac04<\/td>\n<td>0<\/td>\n<td><\/td>\n<td>20<\/td>\n<td>\uc5d0\uc2a4<\/td>\n<td>\uacf5\uc7a5 \uae30\ubcf8\uac12 0.2<\/td>\n<\/tr>\n<tr>\n<td>\uc9c0\uc5f0 \uc2dc\uac04 \uc815\ud655\ub3c4<\/td>\n<td colspan=\"3\">0,1<\/td>\n<td>\uc5d0\uc2a4<\/td>\n<td><\/td>\n<\/tr>\n<tr>\n<td>\uacfc\uc5f4 \ubcf4\ud638 \uc628\ub3c4<\/td>\n<td>60<\/td>\n<td>65<\/td>\n<td>65<\/td>\n<td>\u2103 (\u2103)<\/td>\n<td><\/td>\n<\/tr>\n<tr>\n<td>DC \uc81c\uc5b4 \ucd9c\ub825 \uc804\uc555<\/td>\n<td>22<\/td>\n<td>24<\/td>\n<td>26<\/td>\n<td>\ub2e4\uc12f<\/td>\n<td><\/td>\n<\/tr>\n<tr>\n<td>DC \uc81c\uc5b4 \ucd9c\ub825 \uc804\ub958<\/td>\n<td>0<\/td>\n<td><\/td>\n<td>200<\/td>\n<td>\uadc0\uc2e0<\/td>\n<td><\/td>\n<\/tr>\n<tr>\n<td>\uc544\ub0a0\ub85c\uadf8 \uc81c\uc5b4 \ubaa8\ub378<\/td>\n<td colspan=\"3\">1\uc6d4 5\uc77c<\/td>\n<td>\ub2e4\uc12f<\/td>\n<td>\uc6d0\uaca9 \uc18d\ub3c4 \uc81c\uc5b4 \uc804\uc555<\/td>\n<\/tr>\n<tr>\n<td>\ub514\uc9c0\ud138 \uc81c\uc5b4 \uc2e0\ud638<\/td>\n<td colspan=\"3\">24<\/td>\n<td>\ub2e4\uc12f<\/td>\n<td>\uc2a4\uc704\uce58 \uc2e0\ud638 \uc81c\uc5b4<\/td>\n<\/tr>\n<tr>\n<td>\uc870\uc815\ubc29\ubc95<\/td>\n<td colspan=\"3\">6<\/td>\n<td>\uc5f4\uc1e0<\/td>\n<td><\/td>\n<\/tr>\n<tr>\n<td>\ubb34\ubd80\ud558 \uc804\ub825 \uc18c\ubaa8\ub7c9<\/td>\n<td><\/td>\n<td>3<\/td>\n<td><\/td>\n<td>\ud2f0<\/td>\n<td><\/td>\n<\/tr>\n<tr>\n<td>\ub514\uc2a4\ud50c\ub808\uc774 \ubaa8\ub4dc<\/td>\n<td colspan=\"3\">5<\/td>\n<td>\uc190\uac00\ub77d<\/td>\n<td>LED \ub514\uc9c0\ud138 \ud29c\ube0c<\/td>\n<\/tr>\n<tr>\n<td>\uae09\uc5ec \ud658\uacbd \uc628\ub3c4<\/td>\n<td>0<\/td>\n<td>25<\/td>\n<td>40<\/td>\n<td>\u2103 (\u2103)<\/td>\n<td rowspan=\"2\">\ube44\uc751\ucd95<\/td>\n<\/tr>\n<\/tbody>\n<\/table>\n\t<div id=\"gap-1349719530\" class=\"gap-element clearfix\" style=\"display:block; height:auto;\">\n\t\t\n<style>\n#gap-1349719530 {\n  padding-top: 30px;\n}\n<\/style>\n\t<\/div>\n\t\n<h2><strong><b>\uce58\uc218 \ubc0f \ubb34\uac8c<\/b><\/strong><\/h2>\n<ul>\n<li>\uce58\uc218: \uae38\uc774 190mm x \ub108\ube44 147.8mm x \ub192\uc774 94.5mm<\/li>\n<li>\ubb34\uac8c : 1675g (\uc561\uc138\uc11c\ub9ac \uc81c\uc678)<\/li>\n<\/ul>\n\t<div class=\"img has-hover x md-x lg-x y md-y lg-y\" id=\"image_879811489\">\n\t\t\t\t\t\t\t\t<div class=\"img-inner dark\" >\n\t\t\t<img loading=\"lazy\" decoding=\"async\" width=\"800\" height=\"595\" src=\"https:\/\/swoer.vn\/wp-content\/uploads\/2025\/02\/SDVC31-L-4.5A-Ban-ve-kich-thuoc.webp\" class=\"attachment-original size-original\" alt=\"SDVC31-L 4.5A \uce58\uc218 \ub3c4\uba74\" srcset=\"https:\/\/swoer.vn\/wp-content\/uploads\/2025\/02\/SDVC31-L-4.5A-Ban-ve-kich-thuoc.webp 800w, https:\/\/swoer.vn\/wp-content\/uploads\/2025\/02\/SDVC31-L-4.5A-Ban-ve-kich-thuoc-300x223.webp 300w, https:\/\/swoer.vn\/wp-content\/uploads\/2025\/02\/SDVC31-L-4.5A-Ban-ve-kich-thuoc-768x571.webp 768w, https:\/\/swoer.vn\/wp-content\/uploads\/2025\/02\/SDVC31-L-4.5A-Ban-ve-kich-thuoc-16x12.webp 16w, https:\/\/swoer.vn\/wp-content\/uploads\/2025\/02\/SDVC31-L-4.5A-Ban-ve-kich-thuoc-600x446.webp 600w\" sizes=\"auto, (max-width: 800px) 100vw, 800px\" title=\"\">\t\t\t\t\t\t\n\t\t\t\t\t<\/div>\n\t\t\t\t\t\t\t\t\n<style>\n#image_879811489 {\n  width: 60%;\n}\n<\/style>\n\t<\/div>","protected":false},"excerpt":{"rendered":"<p>SDVC31-L 4.5A \uc9c4\ub3d9 \ucee8\ud2b8\ub864\ub7ec\ub294 \uc9c4\ub3d9 \ud638\ud37c\uc758 \uc9c4\ub3d9 \uc8fc\ud30c\uc218\ub97c \uc870\uc815\ud558\ub3c4\ub85d \uc124\uacc4\ub418\uc5b4 \uc790\ub3d9 \uc2dc\uc2a4\ud15c\uc5d0\uc11c \uacf5\uae09 \ud504\ub85c\uc138\uc2a4\ub97c \ucd5c\uc801\ud654\ud558\ub294 \ub370 \ub3c4\uc6c0\uc774 \ub429\ub2c8\ub2e4. 4.5A \uc804\ub958\ub97c \uc81c\uacf5\ud558\ub294 \uc774 \ucee8\ud2b8\ub864\ub7ec\ub294 \uc548\uc815\uc801\uc774\uace0 \uc815\ubc00\ud55c \uc131\ub2a5\uc744 \ubcf4\uc7a5\ud558\uc5ec \uc804\uc790, \uc790\ub3d9\ucc28, \uc81c\uc57d\uacfc \uac19\uc740 \uc0b0\uc5c5\uc758 \uc0dd\uc0b0 \ud6a8\uc728\uc131\uc744 \uac1c\uc120\ud558\ub294 \ub370 \ub3c4\uc6c0\uc774 \ub429\ub2c8\ub2e4.<\/p>","protected":false},"featured_media":1884,"comment_status":"open","ping_status":"closed","template":"","meta":[],"product_brand":[],"product_cat":[86],"product_tag":[83,82,81],"class_list":{"0":"post-1883","1":"product","2":"type-product","3":"status-publish","4":"has-post-thumbnail","6":"product_cat-bo-dieu-khien-nap-rung","7":"product_tag-bo-dieu-khien-bat-rung","8":"product_tag-bo-dieu-khien-may-cap-lieu-rung","9":"product_tag-bo-dieu-khien-rung-dong","11":"first","12":"instock","13":"shipping-taxable","14":"product-type-simple"},"yoast_head":"<!-- This site is optimized with the Yoast SEO plugin v26.0 - https:\/\/yoast.com\/wordpress\/plugins\/seo\/ -->\n<title>B\u1ed9 \u0111i\u1ec1u khi\u1ec3n rung SDVC31-L 4.5A - Nh\u00e0 s\u1ea3n xu\u1ea5t m\u00e1y c\u1ea5p li\u1ec7u c\u00f4ng nghi\u1ec7p<\/title>\n<meta name=\"description\" content=\"B\u1ed9 \u0111i\u1ec1u khi\u1ec3n rung SDVC31-L 4.5A gi\u00fap \u0111i\u1ec1u ch\u1ec9nh t\u1ea7n su\u1ea5t rung ch\u00ednh x\u00e1c, n\u00e2ng cao hi\u1ec7u qu\u1ea3 ho\u1ea1t \u0111\u1ed9ng c\u1ee7a h\u1ec7 th\u1ed1ng c\u1ea5p li\u1ec7u rung trong s\u1ea3n xu\u1ea5t t\u1ef1 \u0111\u1ed9ng.\" \/>\n<meta name=\"robots\" content=\"index, follow, max-snippet:-1, max-image-preview:large, max-video-preview:-1\" \/>\n<link rel=\"canonical\" href=\"https:\/\/swoer.vn\/ko\/manufacturer\/bo-dieu-khien-rung-sdvc31-l-4-5a\/\" \/>\n<meta property=\"og:locale\" content=\"ko_KR\" \/>\n<meta property=\"og:type\" content=\"article\" \/>\n<meta property=\"og:title\" content=\"B\u1ed9 \u0111i\u1ec1u khi\u1ec3n rung SDVC31-L 4.5A - Nh\u00e0 s\u1ea3n xu\u1ea5t m\u00e1y c\u1ea5p li\u1ec7u c\u00f4ng nghi\u1ec7p\" \/>\n<meta property=\"og:description\" content=\"B\u1ed9 \u0111i\u1ec1u khi\u1ec3n rung SDVC31-L 4.5A gi\u00fap \u0111i\u1ec1u ch\u1ec9nh t\u1ea7n su\u1ea5t rung ch\u00ednh x\u00e1c, n\u00e2ng cao hi\u1ec7u qu\u1ea3 ho\u1ea1t \u0111\u1ed9ng c\u1ee7a h\u1ec7 th\u1ed1ng c\u1ea5p li\u1ec7u rung trong s\u1ea3n xu\u1ea5t t\u1ef1 \u0111\u1ed9ng.\" \/>\n<meta property=\"og:url\" content=\"https:\/\/swoer.vn\/ko\/manufacturer\/bo-dieu-khien-rung-sdvc31-l-4-5a\/\" \/>\n<meta property=\"og:site_name\" content=\"Nh\u00e0 s\u1ea3n xu\u1ea5t m\u00e1y c\u1ea5p li\u1ec7u c\u00f4ng nghi\u1ec7p\" \/>\n<meta property=\"article:modified_time\" content=\"2025-03-10T04:47:01+00:00\" \/>\n<meta property=\"og:image\" content=\"https:\/\/swoer.vn\/wp-content\/uploads\/2025\/02\/Bo-dieu-khien-pheu-rung-SDVC31-L-4.5A.webp\" \/>\n\t<meta property=\"og:image:width\" content=\"1000\" \/>\n\t<meta property=\"og:image:height\" content=\"1000\" \/>\n\t<meta property=\"og:image:type\" content=\"image\/webp\" \/>\n<meta name=\"twitter:card\" content=\"summary_large_image\" \/>\n<meta name=\"twitter:label1\" content=\"\uc608\uc0c1 \ub418\ub294 \ud310\ub3c5 \uc2dc\uac04\" \/>\n\t<meta name=\"twitter:data1\" content=\"6\ubd84\" \/>\n<script type=\"application\/ld+json\" class=\"yoast-schema-graph\">{\"@context\":\"https:\/\/schema.org\",\"@graph\":[{\"@type\":\"WebPage\",\"@id\":\"https:\/\/swoer.vn\/manufacturer\/bo-dieu-khien-rung-sdvc31-l-4-5a\/\",\"url\":\"https:\/\/swoer.vn\/manufacturer\/bo-dieu-khien-rung-sdvc31-l-4-5a\/\",\"name\":\"B\u1ed9 \u0111i\u1ec1u khi\u1ec3n rung SDVC31-L 4.5A - Nh\u00e0 s\u1ea3n xu\u1ea5t m\u00e1y c\u1ea5p li\u1ec7u c\u00f4ng nghi\u1ec7p\",\"isPartOf\":{\"@id\":\"https:\/\/swoer.vn\/#website\"},\"primaryImageOfPage\":{\"@id\":\"https:\/\/swoer.vn\/manufacturer\/bo-dieu-khien-rung-sdvc31-l-4-5a\/#primaryimage\"},\"image\":{\"@id\":\"https:\/\/swoer.vn\/manufacturer\/bo-dieu-khien-rung-sdvc31-l-4-5a\/#primaryimage\"},\"thumbnailUrl\":\"https:\/\/swoer.vn\/wp-content\/uploads\/2025\/02\/Bo-dieu-khien-pheu-rung-SDVC31-L-4.5A.webp\",\"datePublished\":\"2025-02-27T06:42:20+00:00\",\"dateModified\":\"2025-03-10T04:47:01+00:00\",\"description\":\"B\u1ed9 \u0111i\u1ec1u khi\u1ec3n rung SDVC31-L 4.5A gi\u00fap \u0111i\u1ec1u ch\u1ec9nh t\u1ea7n su\u1ea5t rung ch\u00ednh x\u00e1c, n\u00e2ng cao hi\u1ec7u qu\u1ea3 ho\u1ea1t \u0111\u1ed9ng c\u1ee7a h\u1ec7 th\u1ed1ng c\u1ea5p li\u1ec7u rung trong s\u1ea3n xu\u1ea5t t\u1ef1 \u0111\u1ed9ng.\",\"breadcrumb\":{\"@id\":\"https:\/\/swoer.vn\/manufacturer\/bo-dieu-khien-rung-sdvc31-l-4-5a\/#breadcrumb\"},\"inLanguage\":\"ko-KR\",\"potentialAction\":[{\"@type\":\"ReadAction\",\"target\":[\"https:\/\/swoer.vn\/manufacturer\/bo-dieu-khien-rung-sdvc31-l-4-5a\/\"]}]},{\"@type\":\"ImageObject\",\"inLanguage\":\"ko-KR\",\"@id\":\"https:\/\/swoer.vn\/manufacturer\/bo-dieu-khien-rung-sdvc31-l-4-5a\/#primaryimage\",\"url\":\"https:\/\/swoer.vn\/wp-content\/uploads\/2025\/02\/Bo-dieu-khien-pheu-rung-SDVC31-L-4.5A.webp\",\"contentUrl\":\"https:\/\/swoer.vn\/wp-content\/uploads\/2025\/02\/Bo-dieu-khien-pheu-rung-SDVC31-L-4.5A.webp\",\"width\":1000,\"height\":1000,\"caption\":\"B\u1ed9 \u0111i\u1ec1u khi\u1ec3n ph\u1ec5u rung SDVC31-L 4.5A\"},{\"@type\":\"BreadcrumbList\",\"@id\":\"https:\/\/swoer.vn\/manufacturer\/bo-dieu-khien-rung-sdvc31-l-4-5a\/#breadcrumb\",\"itemListElement\":[{\"@type\":\"ListItem\",\"position\":1,\"name\":\"Home\",\"item\":\"https:\/\/swoer.vn\/\"},{\"@type\":\"ListItem\",\"position\":2,\"name\":\"S\u1ea3n ph\u1ea9m\",\"item\":\"https:\/\/swoer.vn\/shop\/\"},{\"@type\":\"ListItem\",\"position\":3,\"name\":\"B\u1ed9 \u0111i\u1ec1u khi\u1ec3n rung SDVC31-L 4.5A\"}]},{\"@type\":\"WebSite\",\"@id\":\"https:\/\/swoer.vn\/#website\",\"url\":\"https:\/\/swoer.vn\/\",\"name\":\"Nh\u00e0 s\u1ea3n xu\u1ea5t m\u00e1y c\u1ea5p li\u1ec7u c\u00f4ng nghi\u1ec7p\",\"description\":\"Nh\u00e0 cung c\u1ea5p robot, m\u00e1y c\u1ea5p li\u1ec7u linh ho\u1ea1t, m\u00e1y c\u1ea5p li\u1ec7u ly t\u00e2m, m\u00e1y c\u1ea5p li\u1ec7u rung t\u1ef1 \u0111\u1ed9ng\",\"potentialAction\":[{\"@type\":\"SearchAction\",\"target\":{\"@type\":\"EntryPoint\",\"urlTemplate\":\"https:\/\/swoer.vn\/?s={search_term_string}\"},\"query-input\":{\"@type\":\"PropertyValueSpecification\",\"valueRequired\":true,\"valueName\":\"search_term_string\"}}],\"inLanguage\":\"ko-KR\"}]}<\/script>\n<!-- \/ Yoast SEO plugin. -->","yoast_head_json":{"title":"SDVC31-L 4.5A \uc9c4\ub3d9 \ucee8\ud2b8\ub864\ub7ec - \uc0b0\uc5c5\uc6a9 \ud53c\ub354 \uc81c\uc870\uc5c5\uccb4","description":"SDVC31-L 4.5A \uc9c4\ub3d9 \ucee8\ud2b8\ub864\ub7ec\ub294 \uc9c4\ub3d9 \uc8fc\ud30c\uc218\ub97c \uc815\ud655\ud558\uac8c \uc870\uc808\ud558\uc5ec \uc790\ub3d9 \uc0dd\uc0b0\uc5d0\uc11c \uc9c4\ub3d9 \uacf5\uae09 \uc2dc\uc2a4\ud15c\uc758 \uc791\ub3d9 \ud6a8\uc728\uc131\uc744 \ud5a5\uc0c1\uc2dc\ud0b5\ub2c8\ub2e4.","robots":{"index":"index","follow":"follow","max-snippet":"max-snippet:-1","max-image-preview":"max-image-preview:large","max-video-preview":"max-video-preview:-1"},"canonical":"https:\/\/swoer.vn\/ko\/manufacturer\/bo-dieu-khien-rung-sdvc31-l-4-5a\/","og_locale":"ko_KR","og_type":"article","og_title":"B\u1ed9 \u0111i\u1ec1u khi\u1ec3n rung SDVC31-L 4.5A - Nh\u00e0 s\u1ea3n xu\u1ea5t m\u00e1y c\u1ea5p li\u1ec7u c\u00f4ng nghi\u1ec7p","og_description":"B\u1ed9 \u0111i\u1ec1u khi\u1ec3n rung SDVC31-L 4.5A gi\u00fap \u0111i\u1ec1u ch\u1ec9nh t\u1ea7n su\u1ea5t rung ch\u00ednh x\u00e1c, n\u00e2ng cao hi\u1ec7u qu\u1ea3 ho\u1ea1t \u0111\u1ed9ng c\u1ee7a h\u1ec7 th\u1ed1ng c\u1ea5p li\u1ec7u rung trong s\u1ea3n xu\u1ea5t t\u1ef1 \u0111\u1ed9ng.","og_url":"https:\/\/swoer.vn\/ko\/manufacturer\/bo-dieu-khien-rung-sdvc31-l-4-5a\/","og_site_name":"Nh\u00e0 s\u1ea3n xu\u1ea5t m\u00e1y c\u1ea5p li\u1ec7u c\u00f4ng nghi\u1ec7p","article_modified_time":"2025-03-10T04:47:01+00:00","og_image":[{"width":1000,"height":1000,"url":"https:\/\/swoer.vn\/wp-content\/uploads\/2025\/02\/Bo-dieu-khien-pheu-rung-SDVC31-L-4.5A.webp","type":"image\/webp"}],"twitter_card":"summary_large_image","twitter_misc":{"\uc608\uc0c1 \ub418\ub294 \ud310\ub3c5 \uc2dc\uac04":"6\ubd84"},"schema":{"@context":"https:\/\/schema.org","@graph":[{"@type":"WebPage","@id":"https:\/\/swoer.vn\/manufacturer\/bo-dieu-khien-rung-sdvc31-l-4-5a\/","url":"https:\/\/swoer.vn\/manufacturer\/bo-dieu-khien-rung-sdvc31-l-4-5a\/","name":"SDVC31-L 4.5A \uc9c4\ub3d9 \ucee8\ud2b8\ub864\ub7ec - \uc0b0\uc5c5\uc6a9 \ud53c\ub354 \uc81c\uc870\uc5c5\uccb4","isPartOf":{"@id":"https:\/\/swoer.vn\/#website"},"primaryImageOfPage":{"@id":"https:\/\/swoer.vn\/manufacturer\/bo-dieu-khien-rung-sdvc31-l-4-5a\/#primaryimage"},"image":{"@id":"https:\/\/swoer.vn\/manufacturer\/bo-dieu-khien-rung-sdvc31-l-4-5a\/#primaryimage"},"thumbnailUrl":"https:\/\/swoer.vn\/wp-content\/uploads\/2025\/02\/Bo-dieu-khien-pheu-rung-SDVC31-L-4.5A.webp","datePublished":"2025-02-27T06:42:20+00:00","dateModified":"2025-03-10T04:47:01+00:00","description":"SDVC31-L 4.5A \uc9c4\ub3d9 \ucee8\ud2b8\ub864\ub7ec\ub294 \uc9c4\ub3d9 \uc8fc\ud30c\uc218\ub97c \uc815\ud655\ud558\uac8c \uc870\uc808\ud558\uc5ec \uc790\ub3d9 \uc0dd\uc0b0\uc5d0\uc11c \uc9c4\ub3d9 \uacf5\uae09 \uc2dc\uc2a4\ud15c\uc758 \uc791\ub3d9 \ud6a8\uc728\uc131\uc744 \ud5a5\uc0c1\uc2dc\ud0b5\ub2c8\ub2e4.","breadcrumb":{"@id":"https:\/\/swoer.vn\/manufacturer\/bo-dieu-khien-rung-sdvc31-l-4-5a\/#breadcrumb"},"inLanguage":"ko-KR","potentialAction":[{"@type":"ReadAction","target":["https:\/\/swoer.vn\/manufacturer\/bo-dieu-khien-rung-sdvc31-l-4-5a\/"]}]},{"@type":"ImageObject","inLanguage":"ko-KR","@id":"https:\/\/swoer.vn\/manufacturer\/bo-dieu-khien-rung-sdvc31-l-4-5a\/#primaryimage","url":"https:\/\/swoer.vn\/wp-content\/uploads\/2025\/02\/Bo-dieu-khien-pheu-rung-SDVC31-L-4.5A.webp","contentUrl":"https:\/\/swoer.vn\/wp-content\/uploads\/2025\/02\/Bo-dieu-khien-pheu-rung-SDVC31-L-4.5A.webp","width":1000,"height":1000,"caption":"B\u1ed9 \u0111i\u1ec1u khi\u1ec3n ph\u1ec5u rung SDVC31-L 4.5A"},{"@type":"BreadcrumbList","@id":"https:\/\/swoer.vn\/manufacturer\/bo-dieu-khien-rung-sdvc31-l-4-5a\/#breadcrumb","itemListElement":[{"@type":"ListItem","position":1,"name":"Home","item":"https:\/\/swoer.vn\/"},{"@type":"ListItem","position":2,"name":"S\u1ea3n ph\u1ea9m","item":"https:\/\/swoer.vn\/shop\/"},{"@type":"ListItem","position":3,"name":"B\u1ed9 \u0111i\u1ec1u khi\u1ec3n rung SDVC31-L 4.5A"}]},{"@type":"WebSite","@id":"https:\/\/swoer.vn\/#website","url":"https:\/\/swoer.vn\/","name":"\uc0b0\uc5c5\uc6a9 \ud53c\ub354 \uc81c\uc870\uc5c5\uccb4","description":"\ub85c\ubd07, \ud50c\ub809\uc2dc\ube14 \ud53c\ub354, \uc6d0\uc2ec \ud53c\ub354, \uc790\ub3d9 \uc9c4\ub3d9 \ud53c\ub354 \uacf5\uae09\uc5c5\uccb4","potentialAction":[{"@type":"SearchAction","target":{"@type":"EntryPoint","urlTemplate":"https:\/\/swoer.vn\/?s={search_term_string}"},"query-input":{"@type":"PropertyValueSpecification","valueRequired":true,"valueName":"search_term_string"}}],"inLanguage":"ko-KR"}]}},"_links":{"self":[{"href":"https:\/\/swoer.vn\/ko\/wp-json\/wp\/v2\/product\/1883","targetHints":{"allow":["GET"]}}],"collection":[{"href":"https:\/\/swoer.vn\/ko\/wp-json\/wp\/v2\/product"}],"about":[{"href":"https:\/\/swoer.vn\/ko\/wp-json\/wp\/v2\/types\/product"}],"replies":[{"embeddable":true,"href":"https:\/\/swoer.vn\/ko\/wp-json\/wp\/v2\/comments?post=1883"}],"wp:featuredmedia":[{"embeddable":true,"href":"https:\/\/swoer.vn\/ko\/wp-json\/wp\/v2\/media\/1884"}],"wp:attachment":[{"href":"https:\/\/swoer.vn\/ko\/wp-json\/wp\/v2\/media?parent=1883"}],"wp:term":[{"taxonomy":"product_brand","embeddable":true,"href":"https:\/\/swoer.vn\/ko\/wp-json\/wp\/v2\/product_brand?post=1883"},{"taxonomy":"product_cat","embeddable":true,"href":"https:\/\/swoer.vn\/ko\/wp-json\/wp\/v2\/product_cat?post=1883"},{"taxonomy":"product_tag","embeddable":true,"href":"https:\/\/swoer.vn\/ko\/wp-json\/wp\/v2\/product_tag?post=1883"}],"curies":[{"name":"wp","href":"https:\/\/api.w.org\/{rel}","templated":true}]}}