{"id":1848,"date":"2025-02-26T09:43:56","date_gmt":"2025-02-26T02:43:56","guid":{"rendered":"https:\/\/swoer.vn\/?post_type=product&#038;p=1848"},"modified":"2025-02-26T09:51:44","modified_gmt":"2025-02-26T02:51:44","slug":"bo-nap-linh-hoat-sw-530","status":"publish","type":"product","link":"https:\/\/swoer.vn\/ko\/manufacturer\/bo-nap-linh-hoat-sw-530\/","title":{"rendered":"\ud50c\ub809\uc2dc\ube14 \ud53c\ub354 SW-530"},"content":{"rendered":"<h2>\uc790\uc138\ud55c \uc0ac\uc591<\/h2>\n<table width=\"650\">\n<tbody>\n<tr>\n<td width=\"356\"><strong>\ub300\ud45c<\/strong><\/td>\n<td width=\"294\">SW-530<\/td>\n<\/tr>\n<tr>\n<td width=\"356\"><strong>\ud06c\uae30(mm)<\/strong><\/td>\n<td width=\"294\">710*480*211<\/td>\n<\/tr>\n<tr>\n<td><strong>\uacf5\uae09\uae30 \ud06c\uae30(mm)<\/strong><\/td>\n<td width=\"294\">550*460*60<\/td>\n<\/tr>\n<tr>\n<td width=\"356\"><strong>\ubb34\uac8c<\/strong><\/td>\n<td width=\"294\">\uc57d 61.5kg<\/td>\n<\/tr>\n<tr>\n<td width=\"356\"><strong>\uc804\uc555<\/strong><\/td>\n<td width=\"294\">DC20-30V(\uad8c\uc7a5 24V)<\/td>\n<\/tr>\n<tr>\n<td width=\"356\"><strong>\ucd5c\ub300 \uc804\ub958<\/strong><\/td>\n<td width=\"294\">6A<\/td>\n<\/tr>\n<tr>\n<td width=\"356\"><strong>\uc791\ub3d9 \uc6d0\ub9ac<\/strong><\/td>\n<td width=\"294\">\uc704, \uc544\ub798, \uc67c\ucabd, \uc624\ub978\ucabd, \uc67c\ucabd \uc704, \uc67c\ucabd \uc544\ub798, \uc624\ub978\ucabd \uc704, \uc624\ub978\ucabd \uc544\ub798, \uac00\uc6b4\ub370 \uc704 \uc544\ub798, \uac00\uc6b4\ub370 \uc67c\ucabd\uacfc \uc624\ub978\ucabd, \ud754\ub4e4\uace0 \ub4a4\uc9d1\uae30, \uc9c4\ub3d9\ud558\uc5ec \uc9c1\uc811 \ub85c\ub4dc\ud569\ub2c8\ub2e4.<\/td>\n<\/tr>\n<tr>\n<td width=\"356\"><strong>\uc815\uaca9<\/strong><\/td>\n<td width=\"294\">10~62Hz<\/td>\n<\/tr>\n<tr>\n<td width=\"356\"><strong>\uc791\ub3d9 \uc18c\uc74c<\/strong><\/td>\n<td width=\"294\">&lt;50dB<\/td>\n<\/tr>\n<tr>\n<td width=\"356\"><strong>\ucd5c\ub300 \ud558\uc911<\/strong><\/td>\n<td width=\"294\">1.5kg<\/td>\n<\/tr>\n<tr>\n<td width=\"356\"><strong>\ub4a4\uc9d1\ud78c \ub2e8\uc77c \uc7ac\ub8cc\uc758 \ubb34\uac8c<\/strong><\/td>\n<td width=\"294\">&lt;150g<\/td>\n<\/tr>\n<tr>\n<td rowspan=\"2\" width=\"356\"><strong>\uc2e0\ud638 \uc0c1\ud638\uc791\uc6a9<\/strong><\/td>\n<td width=\"294\">TCP\/IP \ud1b5\uc2e0<\/td>\n<\/tr>\n<tr>\n<td width=\"294\">\uc785\ucd9c\ub825 \uc778\ud130\ud398\uc774\uc2a4<\/td>\n<\/tr>\n<\/tbody>\n<\/table>\n\t<div id=\"gap-2066636157\" class=\"gap-element clearfix\" style=\"display:block; height:auto;\">\n\t\t\n<style>\n#gap-2066636157 {\n  padding-top: 30px;\n}\n<\/style>\n\t<\/div>\n\t\n<h2><strong>\uc678\ubd80 \uce58\uc218<\/strong><\/h2>\n\t<div class=\"img has-hover x md-x lg-x y md-y lg-y\" id=\"image_1869385672\">\n\t\t\t\t\t\t\t\t<div class=\"img-inner dark\" >\n\t\t\t<img loading=\"lazy\" decoding=\"async\" width=\"681\" height=\"600\" src=\"https:\/\/swoer.vn\/wp-content\/uploads\/2025\/02\/Kich-thuoc-ben-ngoai-SW-420.webp\" class=\"attachment-original size-original\" alt=\"SW-420 \uc678\ubd80 \uce58\uc218\" srcset=\"https:\/\/swoer.vn\/wp-content\/uploads\/2025\/02\/Kich-thuoc-ben-ngoai-SW-420.webp 681w, https:\/\/swoer.vn\/wp-content\/uploads\/2025\/02\/Kich-thuoc-ben-ngoai-SW-420-300x264.webp 300w, https:\/\/swoer.vn\/wp-content\/uploads\/2025\/02\/Kich-thuoc-ben-ngoai-SW-420-14x12.webp 14w, https:\/\/swoer.vn\/wp-content\/uploads\/2025\/02\/Kich-thuoc-ben-ngoai-SW-420-600x529.webp 600w\" sizes=\"auto, (max-width: 681px) 100vw, 681px\" title=\"\">\t\t\t\t\t\t\n\t\t\t\t\t<\/div>\n\t\t\t\t\t\t\t\t\n<style>\n#image_1869385672 {\n  width: 60%;\n}\n<\/style>\n\t<\/div>","protected":false},"excerpt":{"rendered":"<p><strong>\ub300\ud615 \ubd88\uaddc\uce59 \uc18c\uc7ac\uc5d0 \ub300\ud55c \ud6a8\uc728\uc801\uc778 \uc2a4\ud06c\ub9ac\ub2dd \uc194\ub8e8\uc158<\/strong><\/p>\n<ol>\n<li>\uc7a5\ub09c\uac10 \ube14\ub85d\uacfc \uac19\uc740 \ud06c\uace0 \ubd88\uaddc\uce59\ud55c \uc7ac\ub8cc\ub97c \uc120\ubcc4\ud558\ub294 \ub370 \uc801\ud569\ud569\ub2c8\ub2e4.<\/li>\n<li>\uc758\ub8cc\uae30\uae30 \ubc0f \uc790\ub3d9\ucc28 \ubd80\ud488 \uac80\uc0ac\uc5d0 \uc801\ud569\ud569\ub2c8\ub2e4.<\/li>\n<li>\ud2b9\uc218\ud55c \ubaa8\uc591\uc758 \uae08\uc18d \ubd80\ud488\uc744 \uac00\uacf5\ud558\ub294 \ub370 \uc0ac\uc6a9\ub429\ub2c8\ub2e4.<\/li>\n<\/ol>","protected":false},"featured_media":1849,"comment_status":"open","ping_status":"closed","template":"","meta":[],"product_brand":[],"product_cat":[62],"product_tag":[67,68,65],"class_list":{"0":"post-1848","1":"product","2":"type-product","3":"status-publish","4":"has-post-thumbnail","6":"product_cat-bo-nap-linh-hoat","7":"product_tag-bo-cap-lieu-da-nang","8":"product_tag-he-thong-cap-lieu-linh-hoat","9":"product_tag-may-cap-lieu-linh-hoat","11":"first","12":"instock","13":"shipping-taxable","14":"product-type-simple"},"yoast_head":"<!-- This site is optimized with the Yoast SEO plugin v26.0 - https:\/\/yoast.com\/wordpress\/plugins\/seo\/ -->\n<title>B\u1ed9 n\u1ea1p linh ho\u1ea1t SW-530 - Nh\u00e0 s\u1ea3n xu\u1ea5t m\u00e1y c\u1ea5p li\u1ec7u c\u00f4ng nghi\u1ec7p<\/title>\n<meta name=\"description\" content=\"Th\u00edch h\u1ee3p \u0111\u1ec3 s\u00e0ng l\u1ecdc c\u00e1c v\u1eadt li\u1ec7u l\u1edbn kh\u00f4ng \u0111\u1ec1u, ch\u1eb3ng h\u1ea1n nh\u01b0 kh\u1ed1i \u0111\u1ed3 ch\u01a1i, y t\u1ebfthi\u1ebft b\u1ecb, ph\u1ee5 t\u00f9ng \u00f4 t\u00f4, b\u1ed9 ph\u1eadn kim lo\u1ea1i c\u00f3 h\u00ecnh d\u1ea1ng \u0111\u1eb7c bi\u1ec7t, v.v\" \/>\n<meta name=\"robots\" content=\"index, follow, max-snippet:-1, max-image-preview:large, max-video-preview:-1\" \/>\n<link rel=\"canonical\" href=\"https:\/\/swoer.vn\/ko\/manufacturer\/bo-nap-linh-hoat-sw-530\/\" \/>\n<meta property=\"og:locale\" content=\"ko_KR\" \/>\n<meta property=\"og:type\" content=\"article\" \/>\n<meta property=\"og:title\" content=\"B\u1ed9 n\u1ea1p linh ho\u1ea1t SW-530 - Nh\u00e0 s\u1ea3n xu\u1ea5t m\u00e1y c\u1ea5p li\u1ec7u c\u00f4ng nghi\u1ec7p\" \/>\n<meta property=\"og:description\" content=\"Th\u00edch h\u1ee3p \u0111\u1ec3 s\u00e0ng l\u1ecdc c\u00e1c v\u1eadt li\u1ec7u l\u1edbn kh\u00f4ng \u0111\u1ec1u, ch\u1eb3ng h\u1ea1n nh\u01b0 kh\u1ed1i \u0111\u1ed3 ch\u01a1i, y t\u1ebfthi\u1ebft b\u1ecb, ph\u1ee5 t\u00f9ng \u00f4 t\u00f4, b\u1ed9 ph\u1eadn kim lo\u1ea1i c\u00f3 h\u00ecnh d\u1ea1ng \u0111\u1eb7c bi\u1ec7t, v.v\" \/>\n<meta property=\"og:url\" content=\"https:\/\/swoer.vn\/ko\/manufacturer\/bo-nap-linh-hoat-sw-530\/\" \/>\n<meta property=\"og:site_name\" content=\"Nh\u00e0 s\u1ea3n xu\u1ea5t m\u00e1y c\u1ea5p li\u1ec7u c\u00f4ng nghi\u1ec7p\" \/>\n<meta property=\"article:modified_time\" content=\"2025-02-26T02:51:44+00:00\" \/>\n<meta property=\"og:image\" content=\"https:\/\/swoer.vn\/wp-content\/uploads\/2025\/02\/Bo-nap-linh-hoat-SW-530.webp\" \/>\n\t<meta property=\"og:image:width\" content=\"1000\" \/>\n\t<meta property=\"og:image:height\" content=\"1000\" \/>\n\t<meta property=\"og:image:type\" content=\"image\/webp\" \/>\n<meta name=\"twitter:card\" content=\"summary_large_image\" \/>\n<meta name=\"twitter:label1\" content=\"\uc608\uc0c1 \ub418\ub294 \ud310\ub3c5 \uc2dc\uac04\" \/>\n\t<meta name=\"twitter:data1\" content=\"1\ubd84\" \/>\n<script type=\"application\/ld+json\" class=\"yoast-schema-graph\">{\"@context\":\"https:\/\/schema.org\",\"@graph\":[{\"@type\":\"WebPage\",\"@id\":\"https:\/\/swoer.vn\/manufacturer\/bo-nap-linh-hoat-sw-530\/\",\"url\":\"https:\/\/swoer.vn\/manufacturer\/bo-nap-linh-hoat-sw-530\/\",\"name\":\"B\u1ed9 n\u1ea1p linh ho\u1ea1t SW-530 - Nh\u00e0 s\u1ea3n xu\u1ea5t m\u00e1y c\u1ea5p li\u1ec7u c\u00f4ng nghi\u1ec7p\",\"isPartOf\":{\"@id\":\"https:\/\/swoer.vn\/#website\"},\"primaryImageOfPage\":{\"@id\":\"https:\/\/swoer.vn\/manufacturer\/bo-nap-linh-hoat-sw-530\/#primaryimage\"},\"image\":{\"@id\":\"https:\/\/swoer.vn\/manufacturer\/bo-nap-linh-hoat-sw-530\/#primaryimage\"},\"thumbnailUrl\":\"https:\/\/swoer.vn\/wp-content\/uploads\/2025\/02\/Bo-nap-linh-hoat-SW-530.webp\",\"datePublished\":\"2025-02-26T02:43:56+00:00\",\"dateModified\":\"2025-02-26T02:51:44+00:00\",\"description\":\"Th\u00edch h\u1ee3p \u0111\u1ec3 s\u00e0ng l\u1ecdc c\u00e1c v\u1eadt li\u1ec7u l\u1edbn kh\u00f4ng \u0111\u1ec1u, ch\u1eb3ng h\u1ea1n nh\u01b0 kh\u1ed1i \u0111\u1ed3 ch\u01a1i, y t\u1ebfthi\u1ebft b\u1ecb, ph\u1ee5 t\u00f9ng \u00f4 t\u00f4, b\u1ed9 ph\u1eadn kim lo\u1ea1i c\u00f3 h\u00ecnh d\u1ea1ng \u0111\u1eb7c bi\u1ec7t, v.v\",\"breadcrumb\":{\"@id\":\"https:\/\/swoer.vn\/manufacturer\/bo-nap-linh-hoat-sw-530\/#breadcrumb\"},\"inLanguage\":\"ko-KR\",\"potentialAction\":[{\"@type\":\"ReadAction\",\"target\":[\"https:\/\/swoer.vn\/manufacturer\/bo-nap-linh-hoat-sw-530\/\"]}]},{\"@type\":\"ImageObject\",\"inLanguage\":\"ko-KR\",\"@id\":\"https:\/\/swoer.vn\/manufacturer\/bo-nap-linh-hoat-sw-530\/#primaryimage\",\"url\":\"https:\/\/swoer.vn\/wp-content\/uploads\/2025\/02\/Bo-nap-linh-hoat-SW-530.webp\",\"contentUrl\":\"https:\/\/swoer.vn\/wp-content\/uploads\/2025\/02\/Bo-nap-linh-hoat-SW-530.webp\",\"width\":1000,\"height\":1000,\"caption\":\"B\u1ed9 n\u1ea1p linh ho\u1ea1t SW-530\"},{\"@type\":\"BreadcrumbList\",\"@id\":\"https:\/\/swoer.vn\/manufacturer\/bo-nap-linh-hoat-sw-530\/#breadcrumb\",\"itemListElement\":[{\"@type\":\"ListItem\",\"position\":1,\"name\":\"Home\",\"item\":\"https:\/\/swoer.vn\/\"},{\"@type\":\"ListItem\",\"position\":2,\"name\":\"S\u1ea3n ph\u1ea9m\",\"item\":\"https:\/\/swoer.vn\/shop\/\"},{\"@type\":\"ListItem\",\"position\":3,\"name\":\"B\u1ed9 n\u1ea1p linh ho\u1ea1t SW-530\"}]},{\"@type\":\"WebSite\",\"@id\":\"https:\/\/swoer.vn\/#website\",\"url\":\"https:\/\/swoer.vn\/\",\"name\":\"Nh\u00e0 s\u1ea3n xu\u1ea5t m\u00e1y c\u1ea5p li\u1ec7u c\u00f4ng nghi\u1ec7p\",\"description\":\"Nh\u00e0 cung c\u1ea5p robot, m\u00e1y c\u1ea5p li\u1ec7u linh ho\u1ea1t, m\u00e1y c\u1ea5p li\u1ec7u ly t\u00e2m, m\u00e1y c\u1ea5p li\u1ec7u rung t\u1ef1 \u0111\u1ed9ng\",\"potentialAction\":[{\"@type\":\"SearchAction\",\"target\":{\"@type\":\"EntryPoint\",\"urlTemplate\":\"https:\/\/swoer.vn\/?s={search_term_string}\"},\"query-input\":{\"@type\":\"PropertyValueSpecification\",\"valueRequired\":true,\"valueName\":\"search_term_string\"}}],\"inLanguage\":\"ko-KR\"}]}<\/script>\n<!-- \/ Yoast SEO plugin. -->","yoast_head_json":{"title":"\ud50c\ub809\uc2dc\ube14 \ud53c\ub354 SW-530 - \uc0b0\uc5c5\uc6a9 \ud53c\ub354 \uc81c\uc870\uc5c5\uccb4","description":"\uc7a5\ub09c\uac10 \ube14\ub85d, \uc758\ub8cc \uc7a5\ube44, \uc790\ub3d9\ucc28 \ubd80\ud488, \ud2b9\uc218 \ubaa8\uc591\uc758 \uae08\uc18d \ubd80\ud488 \ub4f1 \ud06c\uace0 \ubd88\uaddc\uce59\ud55c \uc7ac\ub8cc\ub97c \uc120\ubcc4\ud558\ub294 \ub370 \uc801\ud569\ud569\ub2c8\ub2e4.","robots":{"index":"index","follow":"follow","max-snippet":"max-snippet:-1","max-image-preview":"max-image-preview:large","max-video-preview":"max-video-preview:-1"},"canonical":"https:\/\/swoer.vn\/ko\/manufacturer\/bo-nap-linh-hoat-sw-530\/","og_locale":"ko_KR","og_type":"article","og_title":"B\u1ed9 n\u1ea1p linh ho\u1ea1t SW-530 - Nh\u00e0 s\u1ea3n xu\u1ea5t m\u00e1y c\u1ea5p li\u1ec7u c\u00f4ng nghi\u1ec7p","og_description":"Th\u00edch h\u1ee3p \u0111\u1ec3 s\u00e0ng l\u1ecdc c\u00e1c v\u1eadt li\u1ec7u l\u1edbn kh\u00f4ng \u0111\u1ec1u, ch\u1eb3ng h\u1ea1n nh\u01b0 kh\u1ed1i \u0111\u1ed3 ch\u01a1i, y t\u1ebfthi\u1ebft b\u1ecb, ph\u1ee5 t\u00f9ng \u00f4 t\u00f4, b\u1ed9 ph\u1eadn kim lo\u1ea1i c\u00f3 h\u00ecnh d\u1ea1ng \u0111\u1eb7c bi\u1ec7t, v.v","og_url":"https:\/\/swoer.vn\/ko\/manufacturer\/bo-nap-linh-hoat-sw-530\/","og_site_name":"Nh\u00e0 s\u1ea3n xu\u1ea5t m\u00e1y c\u1ea5p li\u1ec7u c\u00f4ng nghi\u1ec7p","article_modified_time":"2025-02-26T02:51:44+00:00","og_image":[{"width":1000,"height":1000,"url":"https:\/\/swoer.vn\/wp-content\/uploads\/2025\/02\/Bo-nap-linh-hoat-SW-530.webp","type":"image\/webp"}],"twitter_card":"summary_large_image","twitter_misc":{"\uc608\uc0c1 \ub418\ub294 \ud310\ub3c5 \uc2dc\uac04":"1\ubd84"},"schema":{"@context":"https:\/\/schema.org","@graph":[{"@type":"WebPage","@id":"https:\/\/swoer.vn\/manufacturer\/bo-nap-linh-hoat-sw-530\/","url":"https:\/\/swoer.vn\/manufacturer\/bo-nap-linh-hoat-sw-530\/","name":"\ud50c\ub809\uc2dc\ube14 \ud53c\ub354 SW-530 - \uc0b0\uc5c5\uc6a9 \ud53c\ub354 \uc81c\uc870\uc5c5\uccb4","isPartOf":{"@id":"https:\/\/swoer.vn\/#website"},"primaryImageOfPage":{"@id":"https:\/\/swoer.vn\/manufacturer\/bo-nap-linh-hoat-sw-530\/#primaryimage"},"image":{"@id":"https:\/\/swoer.vn\/manufacturer\/bo-nap-linh-hoat-sw-530\/#primaryimage"},"thumbnailUrl":"https:\/\/swoer.vn\/wp-content\/uploads\/2025\/02\/Bo-nap-linh-hoat-SW-530.webp","datePublished":"2025-02-26T02:43:56+00:00","dateModified":"2025-02-26T02:51:44+00:00","description":"\uc7a5\ub09c\uac10 \ube14\ub85d, \uc758\ub8cc \uc7a5\ube44, \uc790\ub3d9\ucc28 \ubd80\ud488, \ud2b9\uc218 \ubaa8\uc591\uc758 \uae08\uc18d \ubd80\ud488 \ub4f1 \ud06c\uace0 \ubd88\uaddc\uce59\ud55c \uc7ac\ub8cc\ub97c \uc120\ubcc4\ud558\ub294 \ub370 \uc801\ud569\ud569\ub2c8\ub2e4.","breadcrumb":{"@id":"https:\/\/swoer.vn\/manufacturer\/bo-nap-linh-hoat-sw-530\/#breadcrumb"},"inLanguage":"ko-KR","potentialAction":[{"@type":"ReadAction","target":["https:\/\/swoer.vn\/manufacturer\/bo-nap-linh-hoat-sw-530\/"]}]},{"@type":"ImageObject","inLanguage":"ko-KR","@id":"https:\/\/swoer.vn\/manufacturer\/bo-nap-linh-hoat-sw-530\/#primaryimage","url":"https:\/\/swoer.vn\/wp-content\/uploads\/2025\/02\/Bo-nap-linh-hoat-SW-530.webp","contentUrl":"https:\/\/swoer.vn\/wp-content\/uploads\/2025\/02\/Bo-nap-linh-hoat-SW-530.webp","width":1000,"height":1000,"caption":"B\u1ed9 n\u1ea1p linh ho\u1ea1t SW-530"},{"@type":"BreadcrumbList","@id":"https:\/\/swoer.vn\/manufacturer\/bo-nap-linh-hoat-sw-530\/#breadcrumb","itemListElement":[{"@type":"ListItem","position":1,"name":"Home","item":"https:\/\/swoer.vn\/"},{"@type":"ListItem","position":2,"name":"S\u1ea3n ph\u1ea9m","item":"https:\/\/swoer.vn\/shop\/"},{"@type":"ListItem","position":3,"name":"B\u1ed9 n\u1ea1p linh ho\u1ea1t SW-530"}]},{"@type":"WebSite","@id":"https:\/\/swoer.vn\/#website","url":"https:\/\/swoer.vn\/","name":"\uc0b0\uc5c5\uc6a9 \ud53c\ub354 \uc81c\uc870\uc5c5\uccb4","description":"\ub85c\ubd07, \ud50c\ub809\uc2dc\ube14 \ud53c\ub354, \uc6d0\uc2ec \ud53c\ub354, \uc790\ub3d9 \uc9c4\ub3d9 \ud53c\ub354 \uacf5\uae09\uc5c5\uccb4","potentialAction":[{"@type":"SearchAction","target":{"@type":"EntryPoint","urlTemplate":"https:\/\/swoer.vn\/?s={search_term_string}"},"query-input":{"@type":"PropertyValueSpecification","valueRequired":true,"valueName":"search_term_string"}}],"inLanguage":"ko-KR"}]}},"_links":{"self":[{"href":"https:\/\/swoer.vn\/ko\/wp-json\/wp\/v2\/product\/1848","targetHints":{"allow":["GET"]}}],"collection":[{"href":"https:\/\/swoer.vn\/ko\/wp-json\/wp\/v2\/product"}],"about":[{"href":"https:\/\/swoer.vn\/ko\/wp-json\/wp\/v2\/types\/product"}],"replies":[{"embeddable":true,"href":"https:\/\/swoer.vn\/ko\/wp-json\/wp\/v2\/comments?post=1848"}],"wp:featuredmedia":[{"embeddable":true,"href":"https:\/\/swoer.vn\/ko\/wp-json\/wp\/v2\/media\/1849"}],"wp:attachment":[{"href":"https:\/\/swoer.vn\/ko\/wp-json\/wp\/v2\/media?parent=1848"}],"wp:term":[{"taxonomy":"product_brand","embeddable":true,"href":"https:\/\/swoer.vn\/ko\/wp-json\/wp\/v2\/product_brand?post=1848"},{"taxonomy":"product_cat","embeddable":true,"href":"https:\/\/swoer.vn\/ko\/wp-json\/wp\/v2\/product_cat?post=1848"},{"taxonomy":"product_tag","embeddable":true,"href":"https:\/\/swoer.vn\/ko\/wp-json\/wp\/v2\/product_tag?post=1848"}],"curies":[{"name":"wp","href":"https:\/\/api.w.org\/{rel}","templated":true}]}}