{"id":1827,"date":"2025-02-25T15:50:04","date_gmt":"2025-02-25T08:50:04","guid":{"rendered":"https:\/\/swoer.vn\/?post_type=product&#038;p=1827"},"modified":"2025-03-11T09:08:18","modified_gmt":"2025-03-11T02:08:18","slug":"bo-nap-linh-hoat-sw-215","status":"publish","type":"product","link":"https:\/\/swoer.vn\/ko\/manufacturer\/bo-nap-linh-hoat-sw-215\/","title":{"rendered":"\ud50c\ub809\uc2dc\ube14 \ud53c\ub354 SW-215"},"content":{"rendered":"<h2>\uc790\uc138\ud55c \uc0ac\uc591<\/h2>\n<table width=\"650\">\n<tbody>\n<tr>\n<td width=\"356\"><strong>\uc720\ud615<\/strong><\/td>\n<td width=\"294\">SW-215<\/td>\n<\/tr>\n<tr>\n<td width=\"356\"><strong>\ud06c\uae30(mm)<\/strong><\/td>\n<td width=\"294\">300*180*101<\/td>\n<\/tr>\n<tr>\n<td><strong>\uacf5\uae09\uae30 \ud06c\uae30(mm)<\/strong><\/td>\n<td width=\"294\">215*160*19<\/td>\n<\/tr>\n<tr>\n<td width=\"356\"><strong>\ubb34\uac8c<\/strong><\/td>\n<td width=\"294\">\uc57d 6.2kg<\/p>\n<p>&nbsp;<\/td>\n<\/tr>\n<tr>\n<td width=\"356\"><strong>\uc804\uc555<\/strong><\/td>\n<td width=\"294\">DC20-30V(\uad8c\uc7a5 24V)<\/td>\n<\/tr>\n<tr>\n<td width=\"356\"><strong>\ucd5c\ub300 \uc804\ub958<\/strong><\/td>\n<td width=\"294\">6A<\/td>\n<\/tr>\n<tr>\n<td width=\"356\"><strong>\uc791\ub3d9 \uc6d0\ub9ac<\/strong><\/td>\n<td width=\"294\">\uc704, \uc544\ub798, \uc67c\ucabd, \uc624\ub978\ucabd, \uc67c\ucabd \uc704, \uc67c\ucabd \uc544\ub798, \uc624\ub978\ucabd \uc704, \uc624\ub978\ucabd \uc544\ub798, \uac00\uc6b4\ub370 \uc704 \uc544\ub798, \uac00\uc6b4\ub370 \uc67c\ucabd\uacfc \uc624\ub978\ucabd, \ud754\ub4e4\uace0 \ub4a4\uc9d1\uae30, \uc9c4\ub3d9\ud558\uc5ec \uc9c1\uc811 \ub85c\ub4dc\ud569\ub2c8\ub2e4.<\/td>\n<\/tr>\n<tr>\n<td width=\"356\"><strong>\uc815\uaca9<\/strong><\/td>\n<td width=\"294\">10~131Hz<\/td>\n<\/tr>\n<tr>\n<td width=\"356\"><strong>\uc791\ub3d9 \uc18c\uc74c<\/strong><\/td>\n<td width=\"294\">&lt;50dB<\/td>\n<\/tr>\n<tr>\n<td width=\"356\"><strong>\ucd5c\ub300 \ud558\uc911<\/strong><\/td>\n<td width=\"294\">0.5kg<\/td>\n<\/tr>\n<tr>\n<td width=\"356\"><strong>\ub4a4\uc9d1\ud78c \ub2e8\uc77c \uc7ac\ub8cc\uc758 \ubb34\uac8c<\/strong><\/td>\n<td width=\"294\">&lt;15g<\/td>\n<\/tr>\n<tr>\n<td rowspan=\"2\" width=\"356\"><strong>\uc2e0\ud638 \uc0c1\ud638\uc791\uc6a9<\/strong><\/td>\n<td width=\"294\">TCP\/IP \ud1b5\uc2e0<\/td>\n<\/tr>\n<tr>\n<td width=\"294\">\uc785\ucd9c\ub825 \uc778\ud130\ud398\uc774\uc2a4<\/td>\n<\/tr>\n<\/tbody>\n<\/table>\n\t<div id=\"gap-225381844\" class=\"gap-element clearfix\" style=\"display:block; height:auto;\">\n\t\t\n<style>\n#gap-225381844 {\n  padding-top: 30px;\n}\n<\/style>\n\t<\/div>\n\t\n<h2><strong>\uc678\ubd80 \uce58\uc218<\/strong><\/h2>\n\t<div class=\"img has-hover x md-x lg-x y md-y lg-y\" id=\"image_1720236634\">\n\t\t\t\t\t\t\t\t<div class=\"img-inner dark\" >\n\t\t\t<img loading=\"lazy\" decoding=\"async\" width=\"698\" height=\"600\" src=\"https:\/\/swoer.vn\/wp-content\/uploads\/2025\/02\/Kich-thuoc-ben-ngoai-SW-170.webp\" class=\"attachment-original size-original\" alt=\"SW-170 \uc678\ubd80 \uce58\uc218\" srcset=\"https:\/\/swoer.vn\/wp-content\/uploads\/2025\/02\/Kich-thuoc-ben-ngoai-SW-170.webp 698w, https:\/\/swoer.vn\/wp-content\/uploads\/2025\/02\/Kich-thuoc-ben-ngoai-SW-170-300x258.webp 300w, https:\/\/swoer.vn\/wp-content\/uploads\/2025\/02\/Kich-thuoc-ben-ngoai-SW-170-14x12.webp 14w, https:\/\/swoer.vn\/wp-content\/uploads\/2025\/02\/Kich-thuoc-ben-ngoai-SW-170-600x516.webp 600w\" sizes=\"auto, (max-width: 698px) 100vw, 698px\" title=\"\">\t\t\t\t\t\t\n\t\t\t\t\t<\/div>\n\t\t\t\t\t\t\t\t\n<style>\n#image_1720236634 {\n  width: 70%;\n}\n<\/style>\n\t<\/div>","protected":false},"excerpt":{"rendered":"<p>SW-215 \uc720\uc5f0 \uacf5\uae09\uae30\ub294 \uc77c\ubc18\uc801\uc73c\ub85c \uac15\ud310, \uc2a4\ud504\ub9c1, \uc18c\ud615 \ucee4\ub125\ud130 \ub4f1 \uc791\uc740 \uae08\uc18d \ubd80\ud488\uc744 \uc120\ubcc4\ud558\ub294 \ub370 \uc0ac\uc6a9\ub429\ub2c8\ub2e4. \uacac\uace0\ud55c \uc124\uacc4\uc640 \uc815\ud655\ud55c \ubd84\ub958 \uae30\ub2a5\uc744 \uac16\ucd98 SW-215\ub294 \uc0dd\uc0b0 \ud6a8\uc728\uc131\uc744 \ub192\uc774\uace0 \uc624\ub958\ub97c \uc904\uc774\ub294 \ub370 \ub3c4\uc6c0\uc774 \ub429\ub2c8\ub2e4. \uc774 \uc2dc\uc2a4\ud15c\uc740 \uc5c4\uaca9\ud55c \ud488\uc9c8\uacfc \uc18d\ub3c4 \uc694\uac74\uc744 \ucda9\uc871\ud558\uba70 \uae08\uc18d \ubc0f \uc804\uc790 \ubd80\ud488 \uc81c\uc870 \uc0b0\uc5c5\uc5d0 \uc774\uc0c1\uc801\uc785\ub2c8\ub2e4. SW-215\ub294 \uc0dd\uc0b0 \uacf5\uc815\uc758 \uc548\uc815\uc131\uacfc \ucd5c\uc801\uc758 \ud6a8\uc728\uc131\uc744 \ubcf4\uc7a5\ud569\ub2c8\ub2e4.<\/p>","protected":false},"featured_media":1828,"comment_status":"open","ping_status":"closed","template":"","meta":[],"product_brand":[],"product_cat":[62],"product_tag":[67,63,64],"class_list":{"0":"post-1827","1":"product","2":"type-product","3":"status-publish","4":"has-post-thumbnail","6":"product_cat-bo-nap-linh-hoat","7":"product_tag-bo-cap-lieu-da-nang","8":"product_tag-bo-nap-linh-dong","9":"product_tag-may-cap-phoi-linh-hoat","11":"first","12":"instock","13":"shipping-taxable","14":"product-type-simple"},"yoast_head":"<!-- This site is optimized with the Yoast SEO plugin v26.0 - https:\/\/yoast.com\/wordpress\/plugins\/seo\/ -->\n<title>B\u1ed9 n\u1ea1p linh ho\u1ea1t SW-215 - Nh\u00e0 s\u1ea3n xu\u1ea5t m\u00e1y c\u1ea5p li\u1ec7u c\u00f4ng nghi\u1ec7p<\/title>\n<meta name=\"description\" content=\"Th\u01b0\u1eddng \u0111\u01b0\u1ee3c s\u1eed d\u1ee5ng \u0111\u1ec3 s\u00e0ng l\u1ecdc c\u00e1c b\u1ed9 ph\u1eadn kim lo\u1ea1i nh\u1ecf (nh\u01b0 t\u1ea5m th\u00e9p, l\u00f2 xo, v.v.) v\u00e0 c\u00e1c \u0111\u1ea7u n\u1ed1i nh\u1ecf.\" \/>\n<meta name=\"robots\" content=\"index, follow, max-snippet:-1, max-image-preview:large, max-video-preview:-1\" \/>\n<link rel=\"canonical\" href=\"https:\/\/swoer.vn\/ko\/manufacturer\/bo-nap-linh-hoat-sw-215\/\" \/>\n<meta property=\"og:locale\" content=\"ko_KR\" \/>\n<meta property=\"og:type\" content=\"article\" \/>\n<meta property=\"og:title\" content=\"B\u1ed9 n\u1ea1p linh ho\u1ea1t SW-215 - Nh\u00e0 s\u1ea3n xu\u1ea5t m\u00e1y c\u1ea5p li\u1ec7u c\u00f4ng nghi\u1ec7p\" \/>\n<meta property=\"og:description\" content=\"Th\u01b0\u1eddng \u0111\u01b0\u1ee3c s\u1eed d\u1ee5ng \u0111\u1ec3 s\u00e0ng l\u1ecdc c\u00e1c b\u1ed9 ph\u1eadn kim lo\u1ea1i nh\u1ecf (nh\u01b0 t\u1ea5m th\u00e9p, l\u00f2 xo, v.v.) v\u00e0 c\u00e1c \u0111\u1ea7u n\u1ed1i nh\u1ecf.\" \/>\n<meta property=\"og:url\" content=\"https:\/\/swoer.vn\/ko\/manufacturer\/bo-nap-linh-hoat-sw-215\/\" \/>\n<meta property=\"og:site_name\" content=\"Nh\u00e0 s\u1ea3n xu\u1ea5t m\u00e1y c\u1ea5p li\u1ec7u c\u00f4ng nghi\u1ec7p\" \/>\n<meta property=\"article:modified_time\" content=\"2025-03-11T02:08:18+00:00\" \/>\n<meta property=\"og:image\" content=\"https:\/\/swoer.vn\/wp-content\/uploads\/2025\/02\/Bo-cap-lieu-da-nang-SW-215.webp\" \/>\n\t<meta property=\"og:image:width\" content=\"1000\" \/>\n\t<meta property=\"og:image:height\" content=\"1000\" \/>\n\t<meta property=\"og:image:type\" content=\"image\/webp\" \/>\n<meta name=\"twitter:card\" content=\"summary_large_image\" \/>\n<meta name=\"twitter:label1\" content=\"\uc608\uc0c1 \ub418\ub294 \ud310\ub3c5 \uc2dc\uac04\" \/>\n\t<meta name=\"twitter:data1\" content=\"1\ubd84\" \/>\n<script type=\"application\/ld+json\" class=\"yoast-schema-graph\">{\"@context\":\"https:\/\/schema.org\",\"@graph\":[{\"@type\":\"WebPage\",\"@id\":\"https:\/\/swoer.vn\/manufacturer\/bo-nap-linh-hoat-sw-215\/\",\"url\":\"https:\/\/swoer.vn\/manufacturer\/bo-nap-linh-hoat-sw-215\/\",\"name\":\"B\u1ed9 n\u1ea1p linh ho\u1ea1t SW-215 - Nh\u00e0 s\u1ea3n xu\u1ea5t m\u00e1y c\u1ea5p li\u1ec7u c\u00f4ng nghi\u1ec7p\",\"isPartOf\":{\"@id\":\"https:\/\/swoer.vn\/#website\"},\"primaryImageOfPage\":{\"@id\":\"https:\/\/swoer.vn\/manufacturer\/bo-nap-linh-hoat-sw-215\/#primaryimage\"},\"image\":{\"@id\":\"https:\/\/swoer.vn\/manufacturer\/bo-nap-linh-hoat-sw-215\/#primaryimage\"},\"thumbnailUrl\":\"https:\/\/swoer.vn\/wp-content\/uploads\/2025\/02\/Bo-cap-lieu-da-nang-SW-215.webp\",\"datePublished\":\"2025-02-25T08:50:04+00:00\",\"dateModified\":\"2025-03-11T02:08:18+00:00\",\"description\":\"Th\u01b0\u1eddng \u0111\u01b0\u1ee3c s\u1eed d\u1ee5ng \u0111\u1ec3 s\u00e0ng l\u1ecdc c\u00e1c b\u1ed9 ph\u1eadn kim lo\u1ea1i nh\u1ecf (nh\u01b0 t\u1ea5m th\u00e9p, l\u00f2 xo, v.v.) v\u00e0 c\u00e1c \u0111\u1ea7u n\u1ed1i nh\u1ecf.\",\"breadcrumb\":{\"@id\":\"https:\/\/swoer.vn\/manufacturer\/bo-nap-linh-hoat-sw-215\/#breadcrumb\"},\"inLanguage\":\"ko-KR\",\"potentialAction\":[{\"@type\":\"ReadAction\",\"target\":[\"https:\/\/swoer.vn\/manufacturer\/bo-nap-linh-hoat-sw-215\/\"]}]},{\"@type\":\"ImageObject\",\"inLanguage\":\"ko-KR\",\"@id\":\"https:\/\/swoer.vn\/manufacturer\/bo-nap-linh-hoat-sw-215\/#primaryimage\",\"url\":\"https:\/\/swoer.vn\/wp-content\/uploads\/2025\/02\/Bo-cap-lieu-da-nang-SW-215.webp\",\"contentUrl\":\"https:\/\/swoer.vn\/wp-content\/uploads\/2025\/02\/Bo-cap-lieu-da-nang-SW-215.webp\",\"width\":1000,\"height\":1000,\"caption\":\"B\u1ed9 c\u1ea5p li\u1ec7u \u0111a n\u0103ng SW-215\"},{\"@type\":\"BreadcrumbList\",\"@id\":\"https:\/\/swoer.vn\/manufacturer\/bo-nap-linh-hoat-sw-215\/#breadcrumb\",\"itemListElement\":[{\"@type\":\"ListItem\",\"position\":1,\"name\":\"Home\",\"item\":\"https:\/\/swoer.vn\/\"},{\"@type\":\"ListItem\",\"position\":2,\"name\":\"S\u1ea3n ph\u1ea9m\",\"item\":\"https:\/\/swoer.vn\/shop\/\"},{\"@type\":\"ListItem\",\"position\":3,\"name\":\"B\u1ed9 n\u1ea1p linh ho\u1ea1t SW-215\"}]},{\"@type\":\"WebSite\",\"@id\":\"https:\/\/swoer.vn\/#website\",\"url\":\"https:\/\/swoer.vn\/\",\"name\":\"Nh\u00e0 s\u1ea3n xu\u1ea5t m\u00e1y c\u1ea5p li\u1ec7u c\u00f4ng nghi\u1ec7p\",\"description\":\"Nh\u00e0 cung c\u1ea5p robot, m\u00e1y c\u1ea5p li\u1ec7u linh ho\u1ea1t, m\u00e1y c\u1ea5p li\u1ec7u ly t\u00e2m, m\u00e1y c\u1ea5p li\u1ec7u rung t\u1ef1 \u0111\u1ed9ng\",\"potentialAction\":[{\"@type\":\"SearchAction\",\"target\":{\"@type\":\"EntryPoint\",\"urlTemplate\":\"https:\/\/swoer.vn\/?s={search_term_string}\"},\"query-input\":{\"@type\":\"PropertyValueSpecification\",\"valueRequired\":true,\"valueName\":\"search_term_string\"}}],\"inLanguage\":\"ko-KR\"}]}<\/script>\n<!-- \/ Yoast SEO plugin. -->","yoast_head_json":{"title":"\ud50c\ub809\uc2dc\ube14 \ud53c\ub354 SW-215 - \uc0b0\uc5c5\uc6a9 \ud53c\ub354 \uc81c\uc870\uc5c5\uccb4","description":"\uc885\uc885 \uc791\uc740 \uae08\uc18d \ubd80\ud488(\uac15\ud310, \uc2a4\ud504\ub9c1 \ub4f1)\uacfc \uc791\uc740 \ucee4\ub125\ud130\ub97c \uc120\ubcc4\ud558\ub294 \ub370 \uc0ac\uc6a9\ub429\ub2c8\ub2e4.","robots":{"index":"index","follow":"follow","max-snippet":"max-snippet:-1","max-image-preview":"max-image-preview:large","max-video-preview":"max-video-preview:-1"},"canonical":"https:\/\/swoer.vn\/ko\/manufacturer\/bo-nap-linh-hoat-sw-215\/","og_locale":"ko_KR","og_type":"article","og_title":"B\u1ed9 n\u1ea1p linh ho\u1ea1t SW-215 - Nh\u00e0 s\u1ea3n xu\u1ea5t m\u00e1y c\u1ea5p li\u1ec7u c\u00f4ng nghi\u1ec7p","og_description":"Th\u01b0\u1eddng \u0111\u01b0\u1ee3c s\u1eed d\u1ee5ng \u0111\u1ec3 s\u00e0ng l\u1ecdc c\u00e1c b\u1ed9 ph\u1eadn kim lo\u1ea1i nh\u1ecf (nh\u01b0 t\u1ea5m th\u00e9p, l\u00f2 xo, v.v.) v\u00e0 c\u00e1c \u0111\u1ea7u n\u1ed1i nh\u1ecf.","og_url":"https:\/\/swoer.vn\/ko\/manufacturer\/bo-nap-linh-hoat-sw-215\/","og_site_name":"Nh\u00e0 s\u1ea3n xu\u1ea5t m\u00e1y c\u1ea5p li\u1ec7u c\u00f4ng nghi\u1ec7p","article_modified_time":"2025-03-11T02:08:18+00:00","og_image":[{"width":1000,"height":1000,"url":"https:\/\/swoer.vn\/wp-content\/uploads\/2025\/02\/Bo-cap-lieu-da-nang-SW-215.webp","type":"image\/webp"}],"twitter_card":"summary_large_image","twitter_misc":{"\uc608\uc0c1 \ub418\ub294 \ud310\ub3c5 \uc2dc\uac04":"1\ubd84"},"schema":{"@context":"https:\/\/schema.org","@graph":[{"@type":"WebPage","@id":"https:\/\/swoer.vn\/manufacturer\/bo-nap-linh-hoat-sw-215\/","url":"https:\/\/swoer.vn\/manufacturer\/bo-nap-linh-hoat-sw-215\/","name":"\ud50c\ub809\uc2dc\ube14 \ud53c\ub354 SW-215 - \uc0b0\uc5c5\uc6a9 \ud53c\ub354 \uc81c\uc870\uc5c5\uccb4","isPartOf":{"@id":"https:\/\/swoer.vn\/#website"},"primaryImageOfPage":{"@id":"https:\/\/swoer.vn\/manufacturer\/bo-nap-linh-hoat-sw-215\/#primaryimage"},"image":{"@id":"https:\/\/swoer.vn\/manufacturer\/bo-nap-linh-hoat-sw-215\/#primaryimage"},"thumbnailUrl":"https:\/\/swoer.vn\/wp-content\/uploads\/2025\/02\/Bo-cap-lieu-da-nang-SW-215.webp","datePublished":"2025-02-25T08:50:04+00:00","dateModified":"2025-03-11T02:08:18+00:00","description":"\uc885\uc885 \uc791\uc740 \uae08\uc18d \ubd80\ud488(\uac15\ud310, \uc2a4\ud504\ub9c1 \ub4f1)\uacfc \uc791\uc740 \ucee4\ub125\ud130\ub97c \uc120\ubcc4\ud558\ub294 \ub370 \uc0ac\uc6a9\ub429\ub2c8\ub2e4.","breadcrumb":{"@id":"https:\/\/swoer.vn\/manufacturer\/bo-nap-linh-hoat-sw-215\/#breadcrumb"},"inLanguage":"ko-KR","potentialAction":[{"@type":"ReadAction","target":["https:\/\/swoer.vn\/manufacturer\/bo-nap-linh-hoat-sw-215\/"]}]},{"@type":"ImageObject","inLanguage":"ko-KR","@id":"https:\/\/swoer.vn\/manufacturer\/bo-nap-linh-hoat-sw-215\/#primaryimage","url":"https:\/\/swoer.vn\/wp-content\/uploads\/2025\/02\/Bo-cap-lieu-da-nang-SW-215.webp","contentUrl":"https:\/\/swoer.vn\/wp-content\/uploads\/2025\/02\/Bo-cap-lieu-da-nang-SW-215.webp","width":1000,"height":1000,"caption":"B\u1ed9 c\u1ea5p li\u1ec7u \u0111a n\u0103ng SW-215"},{"@type":"BreadcrumbList","@id":"https:\/\/swoer.vn\/manufacturer\/bo-nap-linh-hoat-sw-215\/#breadcrumb","itemListElement":[{"@type":"ListItem","position":1,"name":"Home","item":"https:\/\/swoer.vn\/"},{"@type":"ListItem","position":2,"name":"S\u1ea3n ph\u1ea9m","item":"https:\/\/swoer.vn\/shop\/"},{"@type":"ListItem","position":3,"name":"B\u1ed9 n\u1ea1p linh ho\u1ea1t SW-215"}]},{"@type":"WebSite","@id":"https:\/\/swoer.vn\/#website","url":"https:\/\/swoer.vn\/","name":"\uc0b0\uc5c5\uc6a9 \ud53c\ub354 \uc81c\uc870\uc5c5\uccb4","description":"\ub85c\ubd07, \ud50c\ub809\uc2dc\ube14 \ud53c\ub354, \uc6d0\uc2ec \ud53c\ub354, \uc790\ub3d9 \uc9c4\ub3d9 \ud53c\ub354 \uacf5\uae09\uc5c5\uccb4","potentialAction":[{"@type":"SearchAction","target":{"@type":"EntryPoint","urlTemplate":"https:\/\/swoer.vn\/?s={search_term_string}"},"query-input":{"@type":"PropertyValueSpecification","valueRequired":true,"valueName":"search_term_string"}}],"inLanguage":"ko-KR"}]}},"_links":{"self":[{"href":"https:\/\/swoer.vn\/ko\/wp-json\/wp\/v2\/product\/1827","targetHints":{"allow":["GET"]}}],"collection":[{"href":"https:\/\/swoer.vn\/ko\/wp-json\/wp\/v2\/product"}],"about":[{"href":"https:\/\/swoer.vn\/ko\/wp-json\/wp\/v2\/types\/product"}],"replies":[{"embeddable":true,"href":"https:\/\/swoer.vn\/ko\/wp-json\/wp\/v2\/comments?post=1827"}],"wp:featuredmedia":[{"embeddable":true,"href":"https:\/\/swoer.vn\/ko\/wp-json\/wp\/v2\/media\/1828"}],"wp:attachment":[{"href":"https:\/\/swoer.vn\/ko\/wp-json\/wp\/v2\/media?parent=1827"}],"wp:term":[{"taxonomy":"product_brand","embeddable":true,"href":"https:\/\/swoer.vn\/ko\/wp-json\/wp\/v2\/product_brand?post=1827"},{"taxonomy":"product_cat","embeddable":true,"href":"https:\/\/swoer.vn\/ko\/wp-json\/wp\/v2\/product_cat?post=1827"},{"taxonomy":"product_tag","embeddable":true,"href":"https:\/\/swoer.vn\/ko\/wp-json\/wp\/v2\/product_tag?post=1827"}],"curies":[{"name":"wp","href":"https:\/\/api.w.org\/{rel}","templated":true}]}}