{"id":1805,"date":"2025-02-25T14:09:41","date_gmt":"2025-02-25T07:09:41","guid":{"rendered":"https:\/\/swoer.vn\/?post_type=product&#038;p=1805"},"modified":"2025-02-26T08:31:26","modified_gmt":"2025-02-26T01:31:26","slug":"he-thong-cap-lieu-ly-tam-nap-chai-nhua-trang-tuy-chinh","status":"publish","type":"product","link":"https:\/\/swoer.vn\/ko\/manufacturer\/he-thong-cap-lieu-ly-tam-nap-chai-nhua-trang-tuy-chinh\/","title":{"rendered":"\ub9de\ucda4\ud615 \ud770\uc0c9 \ud50c\ub77c\uc2a4\ud2f1 \ubcd1 \ub69c\uaed1 \uc6d0\uc2ec \uacf5\uae09 \uc2dc\uc2a4\ud15c"},"content":{"rendered":"<h2>\uc81c\ud488 \uc815\ubcf4<\/h2>\n<table width=\"727\">\n<tbody>\n<tr>\n<td width=\"320\"><strong>\uc81c\ud488 \uc774\ub984<\/strong><\/td>\n<td width=\"407\">\ub9de\ucda4\ud615 \ud770\uc0c9 \ud50c\ub77c\uc2a4\ud2f1 \ubcd1 \ub69c\uaed1 \uc6d0\uc2ec \uacf5\uae09 \uc2dc\uc2a4\ud15c<\/td>\n<\/tr>\n<tr>\n<td width=\"320\"><strong>\ube0c\ub79c\ub4dc \uc774\ub984<\/strong><\/td>\n<td width=\"407\">\uc2a4\uc6cc\uc5b4<\/td>\n<\/tr>\n<tr>\n<td width=\"320\"><strong>\uc7ac\ub8cc<\/strong><\/td>\n<td width=\"407\">SUS304<\/td>\n<\/tr>\n<tr>\n<td width=\"320\"><strong>\ud06c\uae30<\/strong><\/td>\n<td width=\"407\">\uace0\uac1d\uc758 \uc694\uad6c \uc0ac\ud56d\uc5d0 \ub530\ub77c<\/td>\n<\/tr>\n<tr>\n<td width=\"320\"><strong>\uae30\ub2a5<\/strong><\/td>\n<td width=\"407\">\uc790\ub3d9 \uacf5\uae09<\/td>\n<\/tr>\n<tr>\n<td width=\"320\"><strong>\uc0ac\uc6a9<\/strong><\/td>\n<td width=\"407\">\ubd84\ub958 \ubc0f \uacc4\uc0b0 \uae30\uacc4<\/td>\n<\/tr>\n<tr>\n<td width=\"320\"><strong>\uc774\uc810<\/strong><\/td>\n<td width=\"407\">\uc778\uc801\uc790\uc6d0\uc744 \uc808\uc57d\ud558\ub2e4<\/td>\n<\/tr>\n<tr>\n<td width=\"320\"><strong>\uae30\uacc4 \uc720\ud615<\/strong><\/td>\n<td width=\"407\">\uc7a5\ube44 \uc138\ud2b8<\/td>\n<\/tr>\n<tr>\n<td width=\"320\"><strong>\ud504\ub85c\uc81d\ud2b8<\/strong><\/td>\n<td width=\"407\">\uc6d0\uc2ec\ubd84\ub9ac \uacf5\uae09 \uc2dc\uc2a4\ud15c<\/td>\n<\/tr>\n<tr>\n<td width=\"320\"><strong>\uc801\uc6a9 \uc0b0\uc5c5<\/strong><\/td>\n<td width=\"407\">\uc804\uc790\uc0b0\uc5c5, \uc758\ub8cc\uae30\uae30\uc0b0\uc5c5, \uc790\ub3d9\ucc28\uc0b0\uc5c5 \ub4f1<\/td>\n<\/tr>\n<tr>\n<td width=\"320\"><strong>\uc88b\uc740 \uace0\uac1d \uc11c\ube44\uc2a4<\/strong><\/td>\n<td width=\"407\">\ube44\ub514\uc624 \uae30\uc220 \uc9c0\uc6d0, \uc628\ub77c\uc778 \uc9c0\uc6d0<\/td>\n<\/tr>\n<\/tbody>\n<\/table>\n\t<div id=\"gap-237759407\" class=\"gap-element clearfix\" style=\"display:block; height:auto;\">\n\t\t\n<style>\n#gap-237759407 {\n  padding-top: 30px;\n}\n<\/style>\n\t<\/div>\n\t\n<h2 data-start=\"400\" data-end=\"422\"><strong data-start=\"400\" data-end=\"422\">SWOER\uc758 \uc7a5\uc810:<\/strong><\/h2>\n<ol data-start=\"424\" data-end=\"1294\" data-is-only-node=\"\" data-is-last-node=\"\">\n<li data-start=\"424\" data-end=\"589\">\n<p data-start=\"427\" data-end=\"589\"><strong data-start=\"427\" data-end=\"451\">\ub9de\ucda4\ud615 \uc194\ub8e8\uc158:<\/strong><br data-start=\"451\" data-end=\"454\" \/>SWOER\ub294 \ud770\uc0c9 \ud50c\ub77c\uc2a4\ud2f1 \ubcd1 \ub69c\uaed1\uc744 \uc704\ud55c \ub9de\ucda4\ud615 \uc6d0\uc2ec\ubd84\ub9ac \uacf5\uae09 \uc2dc\uc2a4\ud15c\uc744 \uc81c\uacf5\ud569\ub2c8\ub2e4.<\/p>\n<\/li>\n<li data-start=\"591\" data-end=\"752\">\n<p data-start=\"594\" data-end=\"752\"><strong data-start=\"594\" data-end=\"618\">\uc7a5\uae30 \uacbd\ud5d8:<\/strong><br data-start=\"618\" data-end=\"621\" \/>10\ub144 \uc774\uc0c1\uc758 \uacbd\ud5d8\uc744 \ubc14\ud0d5\uc73c\ub85c SWOER\ub294 \uace0\uac1d\uc5d0\uac8c \ucd5c\uc801\uc758 \uc194\ub8e8\uc158\uc744 \uc81c\uacf5\ud558\uae30 \uc704\ud574 \ucd5c\uc120\uc744 \ub2e4\ud558\uace0 \uc788\uc2b5\ub2c8\ub2e4.<\/p>\n<\/li>\n<li data-start=\"754\" data-end=\"948\">\n<p data-start=\"757\" data-end=\"948\"><strong data-start=\"757\" data-end=\"782\">\uc6b0\uc218\ud55c \ud488\uc9c8:<\/strong><br data-start=\"782\" data-end=\"785\" \/>SWOER\ub294 \ucca8\ub2e8 \uae30\uc220\uc744 \uc0ac\uc6a9\ud558\uc5ec \ud488\uc9c8\uc744 \ubcf4\uc7a5\ud558\uace0 \uc81c\uc870 \uc624\ub958\ub97c \uc904\uc785\ub2c8\ub2e4.<\/p>\n<\/li>\n<li data-start=\"950\" data-end=\"1116\">\n<p data-start=\"953\" data-end=\"1116\"><strong data-start=\"953\" data-end=\"976\">\ud604\ub300 \uae30\uc220:<\/strong><br data-start=\"976\" data-end=\"979\" \/>SWOER\ub294 \ud604\ub300 \uae30\uc220\uc744 \uc801\uc6a9\ud574 \uacf5\uae09 \uc2dc\uc2a4\ud15c\uc758 \uc548\uc815\uc131\uacfc \uc815\ud655\uc131\uc744 \ub192\uc600\uc2b5\ub2c8\ub2e4.<\/p>\n<\/li>\n<li data-start=\"1118\" data-end=\"1294\" data-is-last-node=\"\">\n<p data-start=\"1121\" data-end=\"1294\" data-is-last-node=\"\"><strong data-start=\"1121\" data-end=\"1142\">\uc26c\uc6b4 \ud1b5\ud569:<\/strong><br data-start=\"1142\" data-end=\"1145\" \/>SWOER\uc758 \uc6d0\uc2ec \uacf5\uae09 \uc2dc\uc2a4\ud15c\uc740 \uc790\ub3d9\ud654 \ub77c\uc778\uc5d0 \uc27d\uac8c \ud1b5\ud569\ub418\uc5b4 \ube44\uc6a9\uc744 \uc808\uac10\ud560 \uc218 \uc788\uc2b5\ub2c8\ub2e4.<\/p>\n<\/li>\n<\/ol>","protected":false},"excerpt":{"rendered":"<p><strong>\ub9de\ucda4\ud615 \uc6d0\uc2ec \uacf5\uae09\uae30\uc5d0\ub294 \ub2e4\uc74c \uc815\ubcf4\uac00 \ud544\uc694\ud569\ub2c8\ub2e4.<\/strong><\/p>\n<ul>\n<li>\ubd80\ud488 \ud06c\uae30<\/li>\n<li>\ubd80\ud488 \ud06c\uae30 \uc774\ubbf8\uc9c0<\/li>\n<li>\uc18d\ub3c4 \uc694\uad6c \uc0ac\ud56d<\/li>\n<li>\uae54\ub54c\uae30\uac00 \ud544\uc694\ud55c\uac00\uc694?<\/li>\n<\/ul>","protected":false},"featured_media":1806,"comment_status":"open","ping_status":"closed","template":"","meta":[],"product_brand":[],"product_cat":[50],"product_tag":[53,51,54],"class_list":{"0":"post-1805","1":"product","2":"type-product","3":"status-publish","4":"has-post-thumbnail","6":"product_cat-may-cap-lieu-ly-tam","7":"product_tag-bo-cap-lieu-ly-tam","8":"product_tag-may-cap-lieu-ly-tam","9":"product_tag-may-nap-ly-tam","11":"first","12":"instock","13":"shipping-taxable","14":"product-type-simple"},"yoast_head":"<!-- This site is optimized with the Yoast SEO plugin v26.0 - https:\/\/yoast.com\/wordpress\/plugins\/seo\/ -->\n<title>H\u1ec7 th\u1ed1ng c\u1ea5p li\u1ec7u ly t\u00e2m n\u1eafp chai nh\u1ef1a tr\u1eafng t\u00f9y ch\u1ec9nh - Nh\u00e0 s\u1ea3n xu\u1ea5t m\u00e1y c\u1ea5p li\u1ec7u c\u00f4ng nghi\u1ec7p<\/title>\n<meta name=\"description\" content=\"H\u1ec7 th\u1ed1ng c\u1ea5p li\u1ec7u ly t\u00e2m n\u1eafp chai nh\u1ef1a tr\u1eafng t\u00f9y ch\u1ec9nh SWOER gi\u00fap ph\u00e2n lo\u1ea1i ch\u00ednh x\u00e1c v\u00e0 nhanh ch\u00f3ng, t\u1ed1i \u01b0u quy tr\u00ecnh s\u1ea3n xu\u1ea5t t\u1ef1 \u0111\u1ed9ng.\" \/>\n<meta name=\"robots\" content=\"index, follow, max-snippet:-1, max-image-preview:large, max-video-preview:-1\" \/>\n<link rel=\"canonical\" href=\"https:\/\/swoer.vn\/ko\/manufacturer\/he-thong-cap-lieu-ly-tam-nap-chai-nhua-trang-tuy-chinh\/\" \/>\n<meta property=\"og:locale\" content=\"ko_KR\" \/>\n<meta property=\"og:type\" content=\"article\" \/>\n<meta property=\"og:title\" content=\"H\u1ec7 th\u1ed1ng c\u1ea5p li\u1ec7u ly t\u00e2m n\u1eafp chai nh\u1ef1a tr\u1eafng t\u00f9y ch\u1ec9nh - Nh\u00e0 s\u1ea3n xu\u1ea5t m\u00e1y c\u1ea5p li\u1ec7u c\u00f4ng nghi\u1ec7p\" \/>\n<meta property=\"og:description\" content=\"H\u1ec7 th\u1ed1ng c\u1ea5p li\u1ec7u ly t\u00e2m n\u1eafp chai nh\u1ef1a tr\u1eafng t\u00f9y ch\u1ec9nh SWOER gi\u00fap ph\u00e2n lo\u1ea1i ch\u00ednh x\u00e1c v\u00e0 nhanh ch\u00f3ng, t\u1ed1i \u01b0u quy tr\u00ecnh s\u1ea3n xu\u1ea5t t\u1ef1 \u0111\u1ed9ng.\" \/>\n<meta property=\"og:url\" content=\"https:\/\/swoer.vn\/ko\/manufacturer\/he-thong-cap-lieu-ly-tam-nap-chai-nhua-trang-tuy-chinh\/\" \/>\n<meta property=\"og:site_name\" content=\"Nh\u00e0 s\u1ea3n xu\u1ea5t m\u00e1y c\u1ea5p li\u1ec7u c\u00f4ng nghi\u1ec7p\" \/>\n<meta property=\"article:modified_time\" content=\"2025-02-26T01:31:26+00:00\" \/>\n<meta property=\"og:image\" content=\"https:\/\/swoer.vn\/wp-content\/uploads\/2025\/02\/He-thong-cap-lieu-ly-tam-nap-chai-nhua-trang-tuy-chinh.webp\" \/>\n\t<meta property=\"og:image:width\" content=\"1000\" \/>\n\t<meta property=\"og:image:height\" content=\"1000\" \/>\n\t<meta property=\"og:image:type\" content=\"image\/webp\" \/>\n<meta name=\"twitter:card\" content=\"summary_large_image\" \/>\n<meta name=\"twitter:label1\" content=\"\uc608\uc0c1 \ub418\ub294 \ud310\ub3c5 \uc2dc\uac04\" \/>\n\t<meta name=\"twitter:data1\" content=\"2\ubd84\" \/>\n<script type=\"application\/ld+json\" class=\"yoast-schema-graph\">{\"@context\":\"https:\/\/schema.org\",\"@graph\":[{\"@type\":\"WebPage\",\"@id\":\"https:\/\/swoer.vn\/manufacturer\/he-thong-cap-lieu-ly-tam-nap-chai-nhua-trang-tuy-chinh\/\",\"url\":\"https:\/\/swoer.vn\/manufacturer\/he-thong-cap-lieu-ly-tam-nap-chai-nhua-trang-tuy-chinh\/\",\"name\":\"H\u1ec7 th\u1ed1ng c\u1ea5p li\u1ec7u ly t\u00e2m n\u1eafp chai nh\u1ef1a tr\u1eafng t\u00f9y ch\u1ec9nh - Nh\u00e0 s\u1ea3n xu\u1ea5t m\u00e1y c\u1ea5p li\u1ec7u c\u00f4ng nghi\u1ec7p\",\"isPartOf\":{\"@id\":\"https:\/\/swoer.vn\/#website\"},\"primaryImageOfPage\":{\"@id\":\"https:\/\/swoer.vn\/manufacturer\/he-thong-cap-lieu-ly-tam-nap-chai-nhua-trang-tuy-chinh\/#primaryimage\"},\"image\":{\"@id\":\"https:\/\/swoer.vn\/manufacturer\/he-thong-cap-lieu-ly-tam-nap-chai-nhua-trang-tuy-chinh\/#primaryimage\"},\"thumbnailUrl\":\"https:\/\/swoer.vn\/wp-content\/uploads\/2025\/02\/He-thong-cap-lieu-ly-tam-nap-chai-nhua-trang-tuy-chinh.webp\",\"datePublished\":\"2025-02-25T07:09:41+00:00\",\"dateModified\":\"2025-02-26T01:31:26+00:00\",\"description\":\"H\u1ec7 th\u1ed1ng c\u1ea5p li\u1ec7u ly t\u00e2m n\u1eafp chai nh\u1ef1a tr\u1eafng t\u00f9y ch\u1ec9nh SWOER gi\u00fap ph\u00e2n lo\u1ea1i ch\u00ednh x\u00e1c v\u00e0 nhanh ch\u00f3ng, t\u1ed1i \u01b0u quy tr\u00ecnh s\u1ea3n xu\u1ea5t t\u1ef1 \u0111\u1ed9ng.\",\"breadcrumb\":{\"@id\":\"https:\/\/swoer.vn\/manufacturer\/he-thong-cap-lieu-ly-tam-nap-chai-nhua-trang-tuy-chinh\/#breadcrumb\"},\"inLanguage\":\"ko-KR\",\"potentialAction\":[{\"@type\":\"ReadAction\",\"target\":[\"https:\/\/swoer.vn\/manufacturer\/he-thong-cap-lieu-ly-tam-nap-chai-nhua-trang-tuy-chinh\/\"]}]},{\"@type\":\"ImageObject\",\"inLanguage\":\"ko-KR\",\"@id\":\"https:\/\/swoer.vn\/manufacturer\/he-thong-cap-lieu-ly-tam-nap-chai-nhua-trang-tuy-chinh\/#primaryimage\",\"url\":\"https:\/\/swoer.vn\/wp-content\/uploads\/2025\/02\/He-thong-cap-lieu-ly-tam-nap-chai-nhua-trang-tuy-chinh.webp\",\"contentUrl\":\"https:\/\/swoer.vn\/wp-content\/uploads\/2025\/02\/He-thong-cap-lieu-ly-tam-nap-chai-nhua-trang-tuy-chinh.webp\",\"width\":1000,\"height\":1000,\"caption\":\"H\u1ec7 th\u1ed1ng c\u1ea5p li\u1ec7u ly t\u00e2m n\u1eafp chai nh\u1ef1a tr\u1eafng t\u00f9y ch\u1ec9nh\"},{\"@type\":\"BreadcrumbList\",\"@id\":\"https:\/\/swoer.vn\/manufacturer\/he-thong-cap-lieu-ly-tam-nap-chai-nhua-trang-tuy-chinh\/#breadcrumb\",\"itemListElement\":[{\"@type\":\"ListItem\",\"position\":1,\"name\":\"Home\",\"item\":\"https:\/\/swoer.vn\/\"},{\"@type\":\"ListItem\",\"position\":2,\"name\":\"S\u1ea3n ph\u1ea9m\",\"item\":\"https:\/\/swoer.vn\/shop\/\"},{\"@type\":\"ListItem\",\"position\":3,\"name\":\"H\u1ec7 th\u1ed1ng c\u1ea5p li\u1ec7u ly t\u00e2m n\u1eafp chai nh\u1ef1a tr\u1eafng t\u00f9y ch\u1ec9nh\"}]},{\"@type\":\"WebSite\",\"@id\":\"https:\/\/swoer.vn\/#website\",\"url\":\"https:\/\/swoer.vn\/\",\"name\":\"Nh\u00e0 s\u1ea3n xu\u1ea5t m\u00e1y c\u1ea5p li\u1ec7u c\u00f4ng nghi\u1ec7p\",\"description\":\"Nh\u00e0 cung c\u1ea5p robot, m\u00e1y c\u1ea5p li\u1ec7u linh ho\u1ea1t, m\u00e1y c\u1ea5p li\u1ec7u ly t\u00e2m, m\u00e1y c\u1ea5p li\u1ec7u rung t\u1ef1 \u0111\u1ed9ng\",\"potentialAction\":[{\"@type\":\"SearchAction\",\"target\":{\"@type\":\"EntryPoint\",\"urlTemplate\":\"https:\/\/swoer.vn\/?s={search_term_string}\"},\"query-input\":{\"@type\":\"PropertyValueSpecification\",\"valueRequired\":true,\"valueName\":\"search_term_string\"}}],\"inLanguage\":\"ko-KR\"}]}<\/script>\n<!-- \/ Yoast SEO plugin. -->","yoast_head_json":{"title":"\ub9de\ucda4\ud615 \ud770\uc0c9 \ud50c\ub77c\uc2a4\ud2f1 \ubcd1 \ub69c\uaed1 \uc6d0\uc2ec \uacf5\uae09 \uc2dc\uc2a4\ud15c - \uc0b0\uc5c5\uc6a9 \uacf5\uae09 \uae30\uacc4 \uc81c\uc870\uc5c5\uccb4","description":"SWOER \ub9de\ucda4\ud615 \ud770\uc0c9 \ud50c\ub77c\uc2a4\ud2f1 \ubcd1 \ub69c\uaed1 \uc6d0\uc2ec \uacf5\uae09 \uc2dc\uc2a4\ud15c\uc740 \uc815\ud655\ud558\uace0 \ube60\ub978 \ubd84\ub958\ub97c \uac00\ub2a5\ud558\uac8c \ud558\uc5ec \uc790\ub3d9\ud654\ub41c \uc0dd\uc0b0 \uacf5\uc815\uc744 \ucd5c\uc801\ud654\ud569\ub2c8\ub2e4.","robots":{"index":"index","follow":"follow","max-snippet":"max-snippet:-1","max-image-preview":"max-image-preview:large","max-video-preview":"max-video-preview:-1"},"canonical":"https:\/\/swoer.vn\/ko\/manufacturer\/he-thong-cap-lieu-ly-tam-nap-chai-nhua-trang-tuy-chinh\/","og_locale":"ko_KR","og_type":"article","og_title":"H\u1ec7 th\u1ed1ng c\u1ea5p li\u1ec7u ly t\u00e2m n\u1eafp chai nh\u1ef1a tr\u1eafng t\u00f9y ch\u1ec9nh - Nh\u00e0 s\u1ea3n xu\u1ea5t m\u00e1y c\u1ea5p li\u1ec7u c\u00f4ng nghi\u1ec7p","og_description":"H\u1ec7 th\u1ed1ng c\u1ea5p li\u1ec7u ly t\u00e2m n\u1eafp chai nh\u1ef1a tr\u1eafng t\u00f9y ch\u1ec9nh SWOER gi\u00fap ph\u00e2n lo\u1ea1i ch\u00ednh x\u00e1c v\u00e0 nhanh ch\u00f3ng, t\u1ed1i \u01b0u quy tr\u00ecnh s\u1ea3n xu\u1ea5t t\u1ef1 \u0111\u1ed9ng.","og_url":"https:\/\/swoer.vn\/ko\/manufacturer\/he-thong-cap-lieu-ly-tam-nap-chai-nhua-trang-tuy-chinh\/","og_site_name":"Nh\u00e0 s\u1ea3n xu\u1ea5t m\u00e1y c\u1ea5p li\u1ec7u c\u00f4ng nghi\u1ec7p","article_modified_time":"2025-02-26T01:31:26+00:00","og_image":[{"width":1000,"height":1000,"url":"https:\/\/swoer.vn\/wp-content\/uploads\/2025\/02\/He-thong-cap-lieu-ly-tam-nap-chai-nhua-trang-tuy-chinh.webp","type":"image\/webp"}],"twitter_card":"summary_large_image","twitter_misc":{"\uc608\uc0c1 \ub418\ub294 \ud310\ub3c5 \uc2dc\uac04":"2\ubd84"},"schema":{"@context":"https:\/\/schema.org","@graph":[{"@type":"WebPage","@id":"https:\/\/swoer.vn\/manufacturer\/he-thong-cap-lieu-ly-tam-nap-chai-nhua-trang-tuy-chinh\/","url":"https:\/\/swoer.vn\/manufacturer\/he-thong-cap-lieu-ly-tam-nap-chai-nhua-trang-tuy-chinh\/","name":"\ub9de\ucda4\ud615 \ud770\uc0c9 \ud50c\ub77c\uc2a4\ud2f1 \ubcd1 \ub69c\uaed1 \uc6d0\uc2ec \uacf5\uae09 \uc2dc\uc2a4\ud15c - \uc0b0\uc5c5\uc6a9 \uacf5\uae09 \uae30\uacc4 \uc81c\uc870\uc5c5\uccb4","isPartOf":{"@id":"https:\/\/swoer.vn\/#website"},"primaryImageOfPage":{"@id":"https:\/\/swoer.vn\/manufacturer\/he-thong-cap-lieu-ly-tam-nap-chai-nhua-trang-tuy-chinh\/#primaryimage"},"image":{"@id":"https:\/\/swoer.vn\/manufacturer\/he-thong-cap-lieu-ly-tam-nap-chai-nhua-trang-tuy-chinh\/#primaryimage"},"thumbnailUrl":"https:\/\/swoer.vn\/wp-content\/uploads\/2025\/02\/He-thong-cap-lieu-ly-tam-nap-chai-nhua-trang-tuy-chinh.webp","datePublished":"2025-02-25T07:09:41+00:00","dateModified":"2025-02-26T01:31:26+00:00","description":"SWOER \ub9de\ucda4\ud615 \ud770\uc0c9 \ud50c\ub77c\uc2a4\ud2f1 \ubcd1 \ub69c\uaed1 \uc6d0\uc2ec \uacf5\uae09 \uc2dc\uc2a4\ud15c\uc740 \uc815\ud655\ud558\uace0 \ube60\ub978 \ubd84\ub958\ub97c \uac00\ub2a5\ud558\uac8c \ud558\uc5ec \uc790\ub3d9\ud654\ub41c \uc0dd\uc0b0 \uacf5\uc815\uc744 \ucd5c\uc801\ud654\ud569\ub2c8\ub2e4.","breadcrumb":{"@id":"https:\/\/swoer.vn\/manufacturer\/he-thong-cap-lieu-ly-tam-nap-chai-nhua-trang-tuy-chinh\/#breadcrumb"},"inLanguage":"ko-KR","potentialAction":[{"@type":"ReadAction","target":["https:\/\/swoer.vn\/manufacturer\/he-thong-cap-lieu-ly-tam-nap-chai-nhua-trang-tuy-chinh\/"]}]},{"@type":"ImageObject","inLanguage":"ko-KR","@id":"https:\/\/swoer.vn\/manufacturer\/he-thong-cap-lieu-ly-tam-nap-chai-nhua-trang-tuy-chinh\/#primaryimage","url":"https:\/\/swoer.vn\/wp-content\/uploads\/2025\/02\/He-thong-cap-lieu-ly-tam-nap-chai-nhua-trang-tuy-chinh.webp","contentUrl":"https:\/\/swoer.vn\/wp-content\/uploads\/2025\/02\/He-thong-cap-lieu-ly-tam-nap-chai-nhua-trang-tuy-chinh.webp","width":1000,"height":1000,"caption":"H\u1ec7 th\u1ed1ng c\u1ea5p li\u1ec7u ly t\u00e2m n\u1eafp chai nh\u1ef1a tr\u1eafng t\u00f9y ch\u1ec9nh"},{"@type":"BreadcrumbList","@id":"https:\/\/swoer.vn\/manufacturer\/he-thong-cap-lieu-ly-tam-nap-chai-nhua-trang-tuy-chinh\/#breadcrumb","itemListElement":[{"@type":"ListItem","position":1,"name":"Home","item":"https:\/\/swoer.vn\/"},{"@type":"ListItem","position":2,"name":"S\u1ea3n ph\u1ea9m","item":"https:\/\/swoer.vn\/shop\/"},{"@type":"ListItem","position":3,"name":"H\u1ec7 th\u1ed1ng c\u1ea5p li\u1ec7u ly t\u00e2m n\u1eafp chai nh\u1ef1a tr\u1eafng t\u00f9y ch\u1ec9nh"}]},{"@type":"WebSite","@id":"https:\/\/swoer.vn\/#website","url":"https:\/\/swoer.vn\/","name":"\uc0b0\uc5c5\uc6a9 \ud53c\ub354 \uc81c\uc870\uc5c5\uccb4","description":"\ub85c\ubd07, \ud50c\ub809\uc2dc\ube14 \ud53c\ub354, \uc6d0\uc2ec \ud53c\ub354, \uc790\ub3d9 \uc9c4\ub3d9 \ud53c\ub354 \uacf5\uae09\uc5c5\uccb4","potentialAction":[{"@type":"SearchAction","target":{"@type":"EntryPoint","urlTemplate":"https:\/\/swoer.vn\/?s={search_term_string}"},"query-input":{"@type":"PropertyValueSpecification","valueRequired":true,"valueName":"search_term_string"}}],"inLanguage":"ko-KR"}]}},"_links":{"self":[{"href":"https:\/\/swoer.vn\/ko\/wp-json\/wp\/v2\/product\/1805","targetHints":{"allow":["GET"]}}],"collection":[{"href":"https:\/\/swoer.vn\/ko\/wp-json\/wp\/v2\/product"}],"about":[{"href":"https:\/\/swoer.vn\/ko\/wp-json\/wp\/v2\/types\/product"}],"replies":[{"embeddable":true,"href":"https:\/\/swoer.vn\/ko\/wp-json\/wp\/v2\/comments?post=1805"}],"wp:featuredmedia":[{"embeddable":true,"href":"https:\/\/swoer.vn\/ko\/wp-json\/wp\/v2\/media\/1806"}],"wp:attachment":[{"href":"https:\/\/swoer.vn\/ko\/wp-json\/wp\/v2\/media?parent=1805"}],"wp:term":[{"taxonomy":"product_brand","embeddable":true,"href":"https:\/\/swoer.vn\/ko\/wp-json\/wp\/v2\/product_brand?post=1805"},{"taxonomy":"product_cat","embeddable":true,"href":"https:\/\/swoer.vn\/ko\/wp-json\/wp\/v2\/product_cat?post=1805"},{"taxonomy":"product_tag","embeddable":true,"href":"https:\/\/swoer.vn\/ko\/wp-json\/wp\/v2\/product_tag?post=1805"}],"curies":[{"name":"wp","href":"https:\/\/api.w.org\/{rel}","templated":true}]}}