{"id":1800,"date":"2025-02-25T13:49:54","date_gmt":"2025-02-25T06:49:54","guid":{"rendered":"https:\/\/swoer.vn\/?post_type=product&#038;p=1800"},"modified":"2025-02-26T08:28:38","modified_gmt":"2025-02-26T01:28:38","slug":"he-thong-cap-lieu-ly-tam-cho-ong-tiem-y-te","status":"publish","type":"product","link":"https:\/\/swoer.vn\/ko\/manufacturer\/he-thong-cap-lieu-ly-tam-cho-ong-tiem-y-te\/","title":{"rendered":"\uc758\ub8cc\uc6a9 \uc8fc\uc0ac\uae30\uc6a9 \uc6d0\uc2ec\ubd84\ub9ac \uacf5\uae09 \uc2dc\uc2a4\ud15c"},"content":{"rendered":"<h2>\uc81c\ud488 \uc815\ubcf4<\/h2>\n<table width=\"727\">\n<tbody>\n<tr>\n<td width=\"320\"><strong>\uc81c\ud488 \uc774\ub984<\/strong><\/td>\n<td width=\"407\">\uc758\ub8cc\uc6a9 \uc8fc\uc0ac\uae30\uc6a9 \uc6d0\uc2ec\ubd84\ub9ac \uacf5\uae09 \uc2dc\uc2a4\ud15c<\/td>\n<\/tr>\n<tr>\n<td width=\"320\"><strong>\ube0c\ub79c\ub4dc \uc774\ub984<\/strong><\/td>\n<td width=\"407\">\uc2a4\uc6cc\uc5b4<\/td>\n<\/tr>\n<tr>\n<td width=\"320\"><strong>\uc7ac\ub8cc<\/strong><\/td>\n<td width=\"407\">SUS304<\/td>\n<\/tr>\n<tr>\n<td width=\"320\"><strong>\ud06c\uae30<\/strong><\/td>\n<td width=\"407\">\uace0\uac1d\uc758 \uc694\uad6c \uc0ac\ud56d\uc5d0 \ub530\ub77c<\/td>\n<\/tr>\n<tr>\n<td width=\"320\"><strong>\uae30\ub2a5<\/strong><\/td>\n<td width=\"407\">\uc790\ub3d9 \uacf5\uae09<\/td>\n<\/tr>\n<tr>\n<td width=\"320\"><strong>\uc0ac\uc6a9<\/strong><\/td>\n<td width=\"407\">\ubd84\ub958 \ubc0f \uacc4\uc0b0 \uae30\uacc4<\/td>\n<\/tr>\n<tr>\n<td width=\"320\"><strong>\uc774\uc810<\/strong><\/td>\n<td width=\"407\">\uc778\uc801\uc790\uc6d0\uc744 \uc808\uc57d\ud558\ub2e4<\/td>\n<\/tr>\n<tr>\n<td width=\"320\"><strong>\uae30\uacc4 \uc720\ud615<\/strong><\/td>\n<td width=\"407\">\uc7a5\ube44 \uc138\ud2b8<\/td>\n<\/tr>\n<tr>\n<td width=\"320\"><strong>\ud504\ub85c\uc81d\ud2b8<\/strong><\/td>\n<td width=\"407\">\uc6d0\uc2ec\ubd84\ub9ac \uacf5\uae09 \uc2dc\uc2a4\ud15c<\/td>\n<\/tr>\n<tr>\n<td width=\"320\"><strong>\uc801\uc6a9 \uc0b0\uc5c5<\/strong><\/td>\n<td width=\"407\">\uc804\uc790\uc0b0\uc5c5, \uc758\ub8cc\uae30\uae30\uc0b0\uc5c5, \uc790\ub3d9\ucc28\uc0b0\uc5c5 \ub4f1<\/td>\n<\/tr>\n<tr>\n<td width=\"320\"><strong>\uc88b\uc740 \uace0\uac1d \uc11c\ube44\uc2a4<\/strong><\/td>\n<td width=\"407\">\ube44\ub514\uc624 \uae30\uc220 \uc9c0\uc6d0, \uc628\ub77c\uc778 \uc9c0\uc6d0<\/td>\n<\/tr>\n<\/tbody>\n<\/table>\n\t<div id=\"gap-225505737\" class=\"gap-element clearfix\" style=\"display:block; height:auto;\">\n\t\t\n<style>\n#gap-225505737 {\n  padding-top: 30px;\n}\n<\/style>\n\t<\/div>\n\t\n<h2 data-start=\"0\" data-end=\"22\"><strong data-start=\"0\" data-end=\"22\">SWOER\uc758 \uc7a5\uc810:<\/strong><\/h2>\n<ol data-start=\"24\" data-end=\"866\" data-is-last-node=\"\" data-is-only-node=\"\">\n<li data-start=\"24\" data-end=\"199\">\n<p data-start=\"27\" data-end=\"199\"><strong data-start=\"27\" data-end=\"51\">\uc7a5\uae30 \uacbd\ud5d8:<\/strong><br data-start=\"51\" data-end=\"54\" \/>SWOER\ub294 \ub2e4\uc591\ud55c \uc0b0\uc5c5 \ubd84\uc57c\uc5d0\uc11c \uc6d0\uc2ec \uacf5\uae09 \uc2dc\uc2a4\ud15c\uc744 \uc124\uacc4\ud55c \ubd84\uc57c\uc5d0\uc11c 10\ub144 \uc774\uc0c1\uc758 \uacbd\ud5d8\uc744 \ubcf4\uc720\ud558\uace0 \uc788\uc2b5\ub2c8\ub2e4.<\/p>\n<\/li>\n<li data-start=\"201\" data-end=\"368\">\n<p data-start=\"204\" data-end=\"368\"><strong data-start=\"204\" data-end=\"229\">\uc6b0\uc218\ud55c \ud488\uc9c8:<\/strong><br data-start=\"229\" data-end=\"232\" \/>SWOER \uc81c\ud488\uc740 \ub192\uc740 \uc815\ubc00\ub3c4\ub97c \ubcf4\uc7a5\ud558\uace0 \uc758\ub8cc \ubc0f \uc790\ub3d9\ud654 \ud45c\uc900\uc744 \ucda9\uc871\ud569\ub2c8\ub2e4.<\/p>\n<\/li>\n<li data-start=\"370\" data-end=\"536\">\n<p data-start=\"373\" data-end=\"536\"><strong data-start=\"373\" data-end=\"394\">\ucd5c\uc801\uc758 \uc194\ub8e8\uc158:<\/strong><br data-start=\"394\" data-end=\"397\" \/>SWOER\ub294 \uc720\uc5f0\ud55c \uc6d0\uc2ec \uacf5\uae09 \uc2dc\uc2a4\ud15c\uc744 \uc81c\uacf5\ud558\uc5ec \uc0dd\uc0b0 \ud6a8\uc728\uc131\uacfc \uc0dd\uc0b0\uc131\uc744 \ub192\uc5ec\uc90d\ub2c8\ub2e4.<\/p>\n<\/li>\n<li data-start=\"538\" data-end=\"698\">\n<p data-start=\"541\" data-end=\"698\"><strong data-start=\"541\" data-end=\"565\">\ucca8\ub2e8 \uae30\uc220:<\/strong><br data-start=\"565\" data-end=\"568\" \/>SWOER\ub294 \ud604\ub300 \uae30\uc220\uc744 \uc0ac\uc6a9\ud558\uc5ec \uc0ac\ub8cc \uacf5\uae09 \uc2dc\uc2a4\ud15c\uc758 \uc548\uc815\uc131\uacfc \ub192\uc740 \ud6a8\uc728\uc131\uc744 \ubcf4\uc7a5\ud569\ub2c8\ub2e4.<\/p>\n<\/li>\n<li data-start=\"700\" data-end=\"866\" data-is-last-node=\"\">\n<p data-start=\"703\" data-end=\"866\" data-is-last-node=\"\"><strong data-start=\"703\" data-end=\"726\">\uc804\ubb38\uac00 \ud300:<\/strong><br data-start=\"726\" data-end=\"729\" \/>SWOER\uc758 \uc5d4\uc9c0\ub2c8\uc5b4 \ud300\uc740 \ud56d\uc0c1 \uace0\uac1d\uc5d0\uac8c \ucd5c\uc801\uc758 \uc194\ub8e8\uc158\uc744 \uc81c\uacf5\ud558\uae30 \uc704\ud574 \ub178\ub825\ud569\ub2c8\ub2e4.<\/p>\n<\/li>\n<\/ol>","protected":false},"excerpt":{"rendered":"<p>SWOER \uc758\ub8cc\uc6a9 \uc8fc\uc0ac\uae30 \uc6d0\uc2ec\ubd84\ub9ac\uae30 \uacf5\uae09 \uc2dc\uc2a4\ud15c\uc740 \uc790\ub3d9\ud654 \ub77c\uc778\uc5d0 \uc27d\uac8c \ud1b5\ud569\ud560 \uc218 \uc788\ub294 \uc815\ubc00\ud558\uace0 \ud6a8\uc728\uc801\uc778 \uc194\ub8e8\uc158\uc744 \uc81c\uacf5\ud569\ub2c8\ub2e4. SWOER\ub294 \ucca8\ub2e8 \uae30\uc220\uacfc 10\ub144 \uc774\uc0c1\uc758 \uacbd\ud5d8\uc744 \ubc14\ud0d5\uc73c\ub85c \uc758\ub8cc \uc0b0\uc5c5\uc5d0 \uace0\ud488\uc9c8 \uc81c\ud488\uc744 \uc81c\uacf5\ud558\uace0 \uc0dd\uc0b0 \uacf5\uc815\uc758 \uc0dd\uc0b0\uc131\uacfc \uc815\ud655\uc131\uc744 \ud5a5\uc0c1\uc2dc\ud0a4\ub294 \ub370 \uc804\ub150\ud558\uace0 \uc788\uc2b5\ub2c8\ub2e4.<\/p>","protected":false},"featured_media":1801,"comment_status":"open","ping_status":"closed","template":"","meta":[],"product_brand":[],"product_cat":[50],"product_tag":[60,61,59],"class_list":{"0":"post-1800","1":"product","2":"type-product","3":"status-publish","4":"has-post-thumbnail","6":"product_cat-may-cap-lieu-ly-tam","7":"product_tag-he-thong-cap-lieu-ly-tam-cho-ong-tiem-y-te","8":"product_tag-nha-cung-cap-bo-cap-lieu-ly-tam","9":"product_tag-nha-cung-cap-may-nap-ly-tam","11":"first","12":"instock","13":"shipping-taxable","14":"product-type-simple"},"yoast_head":"<!-- This site is optimized with the Yoast SEO plugin v26.0 - https:\/\/yoast.com\/wordpress\/plugins\/seo\/ -->\n<title>H\u1ec7 th\u1ed1ng c\u1ea5p li\u1ec7u ly t\u00e2m cho \u1ed1ng ti\u00eam y t\u1ebf - Nh\u00e0 s\u1ea3n xu\u1ea5t m\u00e1y c\u1ea5p li\u1ec7u c\u00f4ng nghi\u1ec7p<\/title>\n<meta name=\"description\" content=\"H\u1ec7 th\u1ed1ng c\u1ea5p li\u1ec7u ly t\u00e2m cho \u1ed1ng ti\u00eam y t\u1ebf SWOER gi\u00fap n\u00e2ng cao hi\u1ec7u qu\u1ea3 s\u1ea3n xu\u1ea5t, ch\u00ednh x\u00e1c v\u00e0 nhanh ch\u00f3ng, \u0111\u00e1p \u1ee9ng y\u00eau c\u1ea7u nghi\u00eam ng\u1eb7t c\u1ee7a ng\u00e0nh y t\u1ebf.\" \/>\n<meta name=\"robots\" content=\"index, follow, max-snippet:-1, max-image-preview:large, max-video-preview:-1\" \/>\n<link rel=\"canonical\" href=\"https:\/\/swoer.vn\/ko\/manufacturer\/he-thong-cap-lieu-ly-tam-cho-ong-tiem-y-te\/\" \/>\n<meta property=\"og:locale\" content=\"ko_KR\" \/>\n<meta property=\"og:type\" content=\"article\" \/>\n<meta property=\"og:title\" content=\"H\u1ec7 th\u1ed1ng c\u1ea5p li\u1ec7u ly t\u00e2m cho \u1ed1ng ti\u00eam y t\u1ebf - Nh\u00e0 s\u1ea3n xu\u1ea5t m\u00e1y c\u1ea5p li\u1ec7u c\u00f4ng nghi\u1ec7p\" \/>\n<meta property=\"og:description\" content=\"H\u1ec7 th\u1ed1ng c\u1ea5p li\u1ec7u ly t\u00e2m cho \u1ed1ng ti\u00eam y t\u1ebf SWOER gi\u00fap n\u00e2ng cao hi\u1ec7u qu\u1ea3 s\u1ea3n xu\u1ea5t, ch\u00ednh x\u00e1c v\u00e0 nhanh ch\u00f3ng, \u0111\u00e1p \u1ee9ng y\u00eau c\u1ea7u nghi\u00eam ng\u1eb7t c\u1ee7a ng\u00e0nh y t\u1ebf.\" \/>\n<meta property=\"og:url\" content=\"https:\/\/swoer.vn\/ko\/manufacturer\/he-thong-cap-lieu-ly-tam-cho-ong-tiem-y-te\/\" \/>\n<meta property=\"og:site_name\" content=\"Nh\u00e0 s\u1ea3n xu\u1ea5t m\u00e1y c\u1ea5p li\u1ec7u c\u00f4ng nghi\u1ec7p\" \/>\n<meta property=\"article:modified_time\" content=\"2025-02-26T01:28:38+00:00\" \/>\n<meta property=\"og:image\" content=\"https:\/\/swoer.vn\/wp-content\/uploads\/2025\/02\/He-thong-cap-lieu-ly-tam-cho-ong-tiem-y-te.webp\" \/>\n\t<meta property=\"og:image:width\" content=\"1000\" \/>\n\t<meta property=\"og:image:height\" content=\"1000\" \/>\n\t<meta property=\"og:image:type\" content=\"image\/webp\" \/>\n<meta name=\"twitter:card\" content=\"summary_large_image\" \/>\n<meta name=\"twitter:label1\" content=\"\uc608\uc0c1 \ub418\ub294 \ud310\ub3c5 \uc2dc\uac04\" \/>\n\t<meta name=\"twitter:data1\" content=\"2\ubd84\" \/>\n<script type=\"application\/ld+json\" class=\"yoast-schema-graph\">{\"@context\":\"https:\/\/schema.org\",\"@graph\":[{\"@type\":\"WebPage\",\"@id\":\"https:\/\/swoer.vn\/manufacturer\/he-thong-cap-lieu-ly-tam-cho-ong-tiem-y-te\/\",\"url\":\"https:\/\/swoer.vn\/manufacturer\/he-thong-cap-lieu-ly-tam-cho-ong-tiem-y-te\/\",\"name\":\"H\u1ec7 th\u1ed1ng c\u1ea5p li\u1ec7u ly t\u00e2m cho \u1ed1ng ti\u00eam y t\u1ebf - Nh\u00e0 s\u1ea3n xu\u1ea5t m\u00e1y c\u1ea5p li\u1ec7u c\u00f4ng nghi\u1ec7p\",\"isPartOf\":{\"@id\":\"https:\/\/swoer.vn\/#website\"},\"primaryImageOfPage\":{\"@id\":\"https:\/\/swoer.vn\/manufacturer\/he-thong-cap-lieu-ly-tam-cho-ong-tiem-y-te\/#primaryimage\"},\"image\":{\"@id\":\"https:\/\/swoer.vn\/manufacturer\/he-thong-cap-lieu-ly-tam-cho-ong-tiem-y-te\/#primaryimage\"},\"thumbnailUrl\":\"https:\/\/swoer.vn\/wp-content\/uploads\/2025\/02\/He-thong-cap-lieu-ly-tam-cho-ong-tiem-y-te.webp\",\"datePublished\":\"2025-02-25T06:49:54+00:00\",\"dateModified\":\"2025-02-26T01:28:38+00:00\",\"description\":\"H\u1ec7 th\u1ed1ng c\u1ea5p li\u1ec7u ly t\u00e2m cho \u1ed1ng ti\u00eam y t\u1ebf SWOER gi\u00fap n\u00e2ng cao hi\u1ec7u qu\u1ea3 s\u1ea3n xu\u1ea5t, ch\u00ednh x\u00e1c v\u00e0 nhanh ch\u00f3ng, \u0111\u00e1p \u1ee9ng y\u00eau c\u1ea7u nghi\u00eam ng\u1eb7t c\u1ee7a ng\u00e0nh y t\u1ebf.\",\"breadcrumb\":{\"@id\":\"https:\/\/swoer.vn\/manufacturer\/he-thong-cap-lieu-ly-tam-cho-ong-tiem-y-te\/#breadcrumb\"},\"inLanguage\":\"ko-KR\",\"potentialAction\":[{\"@type\":\"ReadAction\",\"target\":[\"https:\/\/swoer.vn\/manufacturer\/he-thong-cap-lieu-ly-tam-cho-ong-tiem-y-te\/\"]}]},{\"@type\":\"ImageObject\",\"inLanguage\":\"ko-KR\",\"@id\":\"https:\/\/swoer.vn\/manufacturer\/he-thong-cap-lieu-ly-tam-cho-ong-tiem-y-te\/#primaryimage\",\"url\":\"https:\/\/swoer.vn\/wp-content\/uploads\/2025\/02\/He-thong-cap-lieu-ly-tam-cho-ong-tiem-y-te.webp\",\"contentUrl\":\"https:\/\/swoer.vn\/wp-content\/uploads\/2025\/02\/He-thong-cap-lieu-ly-tam-cho-ong-tiem-y-te.webp\",\"width\":1000,\"height\":1000,\"caption\":\"H\u1ec7 th\u1ed1ng c\u1ea5p li\u1ec7u ly t\u00e2m cho \u1ed1ng ti\u00eam y t\u1ebf\"},{\"@type\":\"BreadcrumbList\",\"@id\":\"https:\/\/swoer.vn\/manufacturer\/he-thong-cap-lieu-ly-tam-cho-ong-tiem-y-te\/#breadcrumb\",\"itemListElement\":[{\"@type\":\"ListItem\",\"position\":1,\"name\":\"Home\",\"item\":\"https:\/\/swoer.vn\/\"},{\"@type\":\"ListItem\",\"position\":2,\"name\":\"S\u1ea3n ph\u1ea9m\",\"item\":\"https:\/\/swoer.vn\/shop\/\"},{\"@type\":\"ListItem\",\"position\":3,\"name\":\"H\u1ec7 th\u1ed1ng c\u1ea5p li\u1ec7u ly t\u00e2m cho \u1ed1ng ti\u00eam y t\u1ebf\"}]},{\"@type\":\"WebSite\",\"@id\":\"https:\/\/swoer.vn\/#website\",\"url\":\"https:\/\/swoer.vn\/\",\"name\":\"Nh\u00e0 s\u1ea3n xu\u1ea5t m\u00e1y c\u1ea5p li\u1ec7u c\u00f4ng nghi\u1ec7p\",\"description\":\"Nh\u00e0 cung c\u1ea5p robot, m\u00e1y c\u1ea5p li\u1ec7u linh ho\u1ea1t, m\u00e1y c\u1ea5p li\u1ec7u ly t\u00e2m, m\u00e1y c\u1ea5p li\u1ec7u rung t\u1ef1 \u0111\u1ed9ng\",\"potentialAction\":[{\"@type\":\"SearchAction\",\"target\":{\"@type\":\"EntryPoint\",\"urlTemplate\":\"https:\/\/swoer.vn\/?s={search_term_string}\"},\"query-input\":{\"@type\":\"PropertyValueSpecification\",\"valueRequired\":true,\"valueName\":\"search_term_string\"}}],\"inLanguage\":\"ko-KR\"}]}<\/script>\n<!-- \/ Yoast SEO plugin. -->","yoast_head_json":{"title":"\uc758\ub8cc\uc6a9 \uc8fc\uc0ac\uae30\uc6a9 \uc6d0\uc2ec\ubd84\ub9ac \uacf5\uae09 \uc2dc\uc2a4\ud15c - \uc0b0\uc5c5\uc6a9 \uacf5\uae09 \uae30\uacc4 \uc81c\uc870\uc5c5\uccb4","description":"SWOER \uc758\ub8cc\uc6a9 \uc8fc\uc0ac\uae30 \uc6d0\uc2ec \uacf5\uae09 \uc2dc\uc2a4\ud15c\uc740 \uc0dd\uc0b0 \ud6a8\uc728\uc131, \uc815\ud655\uc131, \uc18d\ub3c4\ub97c \uac1c\uc120\ud558\uc5ec \uc758\ub8cc \uc0b0\uc5c5\uc758 \uc5c4\uaca9\ud55c \uc694\uad6c \uc0ac\ud56d\uc744 \ucda9\uc871\uc2dc\ud0b5\ub2c8\ub2e4.","robots":{"index":"index","follow":"follow","max-snippet":"max-snippet:-1","max-image-preview":"max-image-preview:large","max-video-preview":"max-video-preview:-1"},"canonical":"https:\/\/swoer.vn\/ko\/manufacturer\/he-thong-cap-lieu-ly-tam-cho-ong-tiem-y-te\/","og_locale":"ko_KR","og_type":"article","og_title":"H\u1ec7 th\u1ed1ng c\u1ea5p li\u1ec7u ly t\u00e2m cho \u1ed1ng ti\u00eam y t\u1ebf - Nh\u00e0 s\u1ea3n xu\u1ea5t m\u00e1y c\u1ea5p li\u1ec7u c\u00f4ng nghi\u1ec7p","og_description":"H\u1ec7 th\u1ed1ng c\u1ea5p li\u1ec7u ly t\u00e2m cho \u1ed1ng ti\u00eam y t\u1ebf SWOER gi\u00fap n\u00e2ng cao hi\u1ec7u qu\u1ea3 s\u1ea3n xu\u1ea5t, ch\u00ednh x\u00e1c v\u00e0 nhanh ch\u00f3ng, \u0111\u00e1p \u1ee9ng y\u00eau c\u1ea7u nghi\u00eam ng\u1eb7t c\u1ee7a ng\u00e0nh y t\u1ebf.","og_url":"https:\/\/swoer.vn\/ko\/manufacturer\/he-thong-cap-lieu-ly-tam-cho-ong-tiem-y-te\/","og_site_name":"Nh\u00e0 s\u1ea3n xu\u1ea5t m\u00e1y c\u1ea5p li\u1ec7u c\u00f4ng nghi\u1ec7p","article_modified_time":"2025-02-26T01:28:38+00:00","og_image":[{"width":1000,"height":1000,"url":"https:\/\/swoer.vn\/wp-content\/uploads\/2025\/02\/He-thong-cap-lieu-ly-tam-cho-ong-tiem-y-te.webp","type":"image\/webp"}],"twitter_card":"summary_large_image","twitter_misc":{"\uc608\uc0c1 \ub418\ub294 \ud310\ub3c5 \uc2dc\uac04":"2\ubd84"},"schema":{"@context":"https:\/\/schema.org","@graph":[{"@type":"WebPage","@id":"https:\/\/swoer.vn\/manufacturer\/he-thong-cap-lieu-ly-tam-cho-ong-tiem-y-te\/","url":"https:\/\/swoer.vn\/manufacturer\/he-thong-cap-lieu-ly-tam-cho-ong-tiem-y-te\/","name":"\uc758\ub8cc\uc6a9 \uc8fc\uc0ac\uae30\uc6a9 \uc6d0\uc2ec\ubd84\ub9ac \uacf5\uae09 \uc2dc\uc2a4\ud15c - \uc0b0\uc5c5\uc6a9 \uacf5\uae09 \uae30\uacc4 \uc81c\uc870\uc5c5\uccb4","isPartOf":{"@id":"https:\/\/swoer.vn\/#website"},"primaryImageOfPage":{"@id":"https:\/\/swoer.vn\/manufacturer\/he-thong-cap-lieu-ly-tam-cho-ong-tiem-y-te\/#primaryimage"},"image":{"@id":"https:\/\/swoer.vn\/manufacturer\/he-thong-cap-lieu-ly-tam-cho-ong-tiem-y-te\/#primaryimage"},"thumbnailUrl":"https:\/\/swoer.vn\/wp-content\/uploads\/2025\/02\/He-thong-cap-lieu-ly-tam-cho-ong-tiem-y-te.webp","datePublished":"2025-02-25T06:49:54+00:00","dateModified":"2025-02-26T01:28:38+00:00","description":"SWOER \uc758\ub8cc\uc6a9 \uc8fc\uc0ac\uae30 \uc6d0\uc2ec \uacf5\uae09 \uc2dc\uc2a4\ud15c\uc740 \uc0dd\uc0b0 \ud6a8\uc728\uc131, \uc815\ud655\uc131, \uc18d\ub3c4\ub97c \uac1c\uc120\ud558\uc5ec \uc758\ub8cc \uc0b0\uc5c5\uc758 \uc5c4\uaca9\ud55c \uc694\uad6c \uc0ac\ud56d\uc744 \ucda9\uc871\uc2dc\ud0b5\ub2c8\ub2e4.","breadcrumb":{"@id":"https:\/\/swoer.vn\/manufacturer\/he-thong-cap-lieu-ly-tam-cho-ong-tiem-y-te\/#breadcrumb"},"inLanguage":"ko-KR","potentialAction":[{"@type":"ReadAction","target":["https:\/\/swoer.vn\/manufacturer\/he-thong-cap-lieu-ly-tam-cho-ong-tiem-y-te\/"]}]},{"@type":"ImageObject","inLanguage":"ko-KR","@id":"https:\/\/swoer.vn\/manufacturer\/he-thong-cap-lieu-ly-tam-cho-ong-tiem-y-te\/#primaryimage","url":"https:\/\/swoer.vn\/wp-content\/uploads\/2025\/02\/He-thong-cap-lieu-ly-tam-cho-ong-tiem-y-te.webp","contentUrl":"https:\/\/swoer.vn\/wp-content\/uploads\/2025\/02\/He-thong-cap-lieu-ly-tam-cho-ong-tiem-y-te.webp","width":1000,"height":1000,"caption":"H\u1ec7 th\u1ed1ng c\u1ea5p li\u1ec7u ly t\u00e2m cho \u1ed1ng ti\u00eam y t\u1ebf"},{"@type":"BreadcrumbList","@id":"https:\/\/swoer.vn\/manufacturer\/he-thong-cap-lieu-ly-tam-cho-ong-tiem-y-te\/#breadcrumb","itemListElement":[{"@type":"ListItem","position":1,"name":"Home","item":"https:\/\/swoer.vn\/"},{"@type":"ListItem","position":2,"name":"S\u1ea3n ph\u1ea9m","item":"https:\/\/swoer.vn\/shop\/"},{"@type":"ListItem","position":3,"name":"H\u1ec7 th\u1ed1ng c\u1ea5p li\u1ec7u ly t\u00e2m cho \u1ed1ng ti\u00eam y t\u1ebf"}]},{"@type":"WebSite","@id":"https:\/\/swoer.vn\/#website","url":"https:\/\/swoer.vn\/","name":"\uc0b0\uc5c5\uc6a9 \ud53c\ub354 \uc81c\uc870\uc5c5\uccb4","description":"\ub85c\ubd07, \ud50c\ub809\uc2dc\ube14 \ud53c\ub354, \uc6d0\uc2ec \ud53c\ub354, \uc790\ub3d9 \uc9c4\ub3d9 \ud53c\ub354 \uacf5\uae09\uc5c5\uccb4","potentialAction":[{"@type":"SearchAction","target":{"@type":"EntryPoint","urlTemplate":"https:\/\/swoer.vn\/?s={search_term_string}"},"query-input":{"@type":"PropertyValueSpecification","valueRequired":true,"valueName":"search_term_string"}}],"inLanguage":"ko-KR"}]}},"_links":{"self":[{"href":"https:\/\/swoer.vn\/ko\/wp-json\/wp\/v2\/product\/1800","targetHints":{"allow":["GET"]}}],"collection":[{"href":"https:\/\/swoer.vn\/ko\/wp-json\/wp\/v2\/product"}],"about":[{"href":"https:\/\/swoer.vn\/ko\/wp-json\/wp\/v2\/types\/product"}],"replies":[{"embeddable":true,"href":"https:\/\/swoer.vn\/ko\/wp-json\/wp\/v2\/comments?post=1800"}],"wp:featuredmedia":[{"embeddable":true,"href":"https:\/\/swoer.vn\/ko\/wp-json\/wp\/v2\/media\/1801"}],"wp:attachment":[{"href":"https:\/\/swoer.vn\/ko\/wp-json\/wp\/v2\/media?parent=1800"}],"wp:term":[{"taxonomy":"product_brand","embeddable":true,"href":"https:\/\/swoer.vn\/ko\/wp-json\/wp\/v2\/product_brand?post=1800"},{"taxonomy":"product_cat","embeddable":true,"href":"https:\/\/swoer.vn\/ko\/wp-json\/wp\/v2\/product_cat?post=1800"},{"taxonomy":"product_tag","embeddable":true,"href":"https:\/\/swoer.vn\/ko\/wp-json\/wp\/v2\/product_tag?post=1800"}],"curies":[{"name":"wp","href":"https:\/\/api.w.org\/{rel}","templated":true}]}}