{"id":1783,"date":"2025-02-24T15:33:54","date_gmt":"2025-02-24T08:33:54","guid":{"rendered":"https:\/\/swoer.vn\/?post_type=product&#038;p=1783"},"modified":"2025-02-25T12:56:39","modified_gmt":"2025-02-25T05:56:39","slug":"may-tan-dinh-tu-dong-may-dong-dinh-tu-dong","status":"publish","type":"product","link":"https:\/\/swoer.vn\/ko\/manufacturer\/may-tan-dinh-tu-dong-may-dong-dinh-tu-dong\/","title":{"rendered":"\uc790\ub3d9 \ub9ac\ubcb3\ud305 \uba38\uc2e0 | \uc790\ub3d9 \ubabb \ubc15\ub294 \uae30\uacc4"},"content":{"rendered":"<p>\ub124\uc77c \uac74\uc740 \uc2dc\uc911\uc5d0 \ud310\ub9e4\ub418\ub294 \uc790\ub3d9 \ub124\uc77c \uac74\uc785\ub2c8\ub2e4. \uc774\uac83\uc740 \ubabb \ubc15\ub294 \ucd1d \uc791\ub3d9\uc5d0 \ud544\uc218\uc801\uc778 \ubd80\ubd84\uc785\ub2c8\ub2e4. \uc218\ub3d9 \ub610\ub294 \uc790\ub3d9\uc73c\ub85c \uc791\ub3d9\ud558\ub4e0, \ubabb \ubc15\ub294 \ucd1d\uc758 \uc791\ub3d9\uc740 \ub9ac\ubcb3\ud305 \uba54\ucee4\ub2c8\uc998\uc5d0 \uc758\ud574 \uc644\ub8cc\ub429\ub2c8\ub2e4. \ud30c\uc774\ud504\ub97c \ud1b5\ud55c \uc11c\ubc84. \ub77c\uc778\uc740 \ub9ac\ubcb3\uc774 \ubc15\ud78c \uc218\ub3c4\uaf2d\uc9c0 \uc870\ub9bd\uccb4\uc5d0 \uc5f0\uacb0\ub418\uace0 \uc124\uce58\ub429\ub2c8\ub2e4. \uc774\ub294 \uc790\ub3d9 \ub9ac\ubcb3\ud305 \uae30\uacc4\uc758 \ud575\uc2ec \uae30\uc220\uc785\ub2c8\ub2e4. \uc774\ub984\uc5d0\uc11c \uc54c \uc218 \uc788\ub4ef\uc774, \uae30\uacc4\uc5d0\uc11c \uc2e0\ud638\ub97c \uc218\uc9d1\ud558\uace0 \ucd9c\ub825\ud558\ub294 \uacfc\uc815\uc785\ub2c8\ub2e4.<\/p>\n<h2><strong>\ud2b9\uc9d5:<\/strong><\/h2>\n<ul>\n<li><strong>\uc790\ub3d9 \uacf5\uae09:<\/strong> \uc2a4\ud130\ub4dc\ub97c \uc9c4\ub3d9\ud310\uc5d0 \ubd80\uc73c\uba74 \uc7ac\ub8cc\ub97c \uc9c8\uc11c \uc788\uac8c \ubc30\uc5f4\ud558\uc5ec \ubd84\ud560\ub41c \uc2a4\ud130\ub4dc\ub85c \ubcf4\ub0bc \uc218 \uc788\uc2b5\ub2c8\ub2e4.<\/li>\n<li><strong>\uc790\ub3d9 \uacf5\uae09:<\/strong> \ub9ac\ubcb3\uc774 \ubd84\ub9ac\uc810\uc5d0 \ub3c4\ub2ec\ud558\uba74 \ub9ac\ubcb3 \ud29c\ube0c\ub97c \ud1b5\ud574 \ucd1d \ub05d\uc5d0 \uc0bd\uc785\ud560 \uc218 \uc788\uc2b5\ub2c8\ub2e4.<\/li>\n<li><strong>\uc790\ub3d9 \uacf5\uae09:<\/strong> \ub9ac\ubcb3 \uc791\uc5c5\uc774 \uc644\ub8cc\ub418\uba74 \ub2e4\uc74c \ub9ac\ubcb3\uc744 \uc790\ub3d9\uc73c\ub85c \uac74 \ub178\uc990\ub85c \uc774\uc1a1\ud560 \uc218 \uc788\uc2b5\ub2c8\ub2e4.<\/li>\n<li><strong>\uc2a4\ub9c8\ud2b8 \uce74\uc6b4\ud305:<\/strong> LCD \ub514\uc2a4\ud50c\ub808\uc774\ub97c \uc774\uc6a9\ud574 \uc124\uc815 \ubc88\ud638\ub97c \uc124\uc815\ud560 \uc218 \uc788\uc2b5\ub2c8\ub2e4.<\/li>\n<li><strong>\uc6d0\uc790\uc7ac \ubd80\uc871 \uacbd\ubcf4:<\/strong> \ub9ac\ubcb3\uc774 \ubd84\ub9ac\uc810\uc5d0 \ub3c4\ub2ec\ud558\uc9c0 \uc54a\uc73c\uba74 \uc74c\uc131 \uc548\ub0b4\uc640 \ud568\uaed8 \uacbd\ubcf4 \ud45c\uc2dc\ub4f1\uc774 \uc790\ub3d9\uc73c\ub85c \ucf1c\uc9d1\ub2c8\ub2e4.<\/li>\n<li><strong>\uc624\ub958 \uba54\uc2dc\uc9c0:<\/strong> \uae30\uae30\uc5d0 \uc774\uc0c1 \uc9d5\ud6c4\uac00 \ubcf4\uc774\uba74 \ud45c\uc2dc\ub4f1\uc774 \uc790\ub3d9\uc73c\ub85c \ucf1c\uc9c0\uace0 \uc74c\uc131 \uc548\ub0b4\uac00 \ud568\uaed8 \uc81c\uacf5\ub429\ub2c8\ub2e4.<\/li>\n<li><strong>\uc2e4\uc218 \uc5c6\ub294 \uc22b\uc790:<\/strong> \ubc29\ubb38 \ub204\ub77d\uc744 \ubc29\uc9c0\ud558\uae30 \uc704\ud55c \uc2a4\ub9c8\ud2b8\ud55c \uacc4\uc0b0.<br \/>\n\ubbf8\ub9bd\uc790 \ud3d0\uae30\ubb3c \uc218\uac70: \ud575\uc2ec \ub9c9\ub300\ub294 \ubbf8\ub9bd\uc790 \ud3d0\uae30\ubb3c \ud29c\ube0c\ub098 \ubbf8\ub9bd\uc790 \ud3d0\uae30\ubb3c \uc218\uac70 \ud29c\ube0c\ub97c \ud1b5\ud574 \uc7ac\ud65c\uc6a9 \uc4f0\ub808\uae30\ud1b5\uc73c\ub85c \ubcf4\ub0bc \uc218 \uc788\uc2b5\ub2c8\ub2e4.<\/li>\n<li><strong>\uc774\ub354\ub137:<\/strong> \uc2e4\uc2dc\uac04 \ubaa8\ub2c8\ud130\ub9c1 \ubc0f \uc7a5\ube44 \uc791\ub3d9\uc744 \uc704\ud574 \ub85c\uceec \ub124\ud2b8\uc6cc\ud06c\uc5d0 \uc5f0\uacb0\ud560 \uc218 \uc788\uc2b5\ub2c8\ub2e4.<\/li>\n<li><strong>\uc190\ud1b1 \ucd94\uc801:<\/strong> \ud480 \ub9ac\ubcb3\uc774 \ub3c4\ucc29\ud558\uc5ec \uac74 \ub178\uc990\uc5d0 \uc7a5\ucc29\ub418\uc5c8\ub294\uc9c0 \ubaa8\ub2c8\ud130\ub9c1\ud558\uace0, \uc790\ub3d9\uc73c\ub85c \uc7ac\ub8cc\ub97c \ubcf4\ucda9\ud558\uac70\ub098 \uc7ac\ub8cc\uac00 \ubd80\uc871\ud560 \uacbd\uc6b0 \uacbd\uace0\ud558\uace0 \ud480 \ub9ac\ubcb3 \ubc18\uc804\uc744 \uc644\ub8cc\ud569\ub2c8\ub2e4.<\/li>\n<\/ul>\n<h2><strong>\uba85\uc138\uc11c:<\/strong><\/h2>\n<table>\n<tbody>\n<tr>\n<td><strong>\ud06c\uae30<\/strong><\/td>\n<td>440x350x420mm<\/td>\n<\/tr>\n<tr>\n<td><strong>\uc0ac\uc77c\ub85c \uc6a9\ub7c9<\/strong><\/td>\n<td>4000\ucea1\uc290<\/td>\n<\/tr>\n<tr>\n<td><strong>\uc815\uaca9 \uc804\ub825<\/strong><\/td>\n<td>350\uc640\ud2b8<\/td>\n<\/tr>\n<tr>\n<td><strong>\uc7a5\uce58 \ubb34\uac8c<\/strong><\/td>\n<td>45kg<\/td>\n<\/tr>\n<tr>\n<td><strong>\uc2b9\uc778 \uc18d\ub3c4<\/strong><\/td>\n<td>1.2~1.5\ucd08\/\uadf8\ub808\uc778<\/td>\n<\/tr>\n<tr>\n<td><strong>\ub124\uc77c \uac74<\/strong><\/td>\n<td>FX-30<\/td>\n<\/tr>\n<tr>\n<td><strong>\ub124\uc77c \uac74 \ubb34\uac8c<\/strong><\/td>\n<td>1.2kg<\/td>\n<\/tr>\n<tr>\n<td><strong>\uc5c5\ubb34 \uc555\ub825<\/strong><\/td>\n<td>6kg<\/td>\n<\/tr>\n<tr>\n<td><strong>\uacf5\uae30\uc555 \ub4f1\uae09<\/strong><\/td>\n<td>8kg<\/td>\n<\/tr>\n<tr>\n<td><strong>\ubabb \ubc1c\uc0ac \uc18d\ub3c4<\/strong><\/td>\n<td>50 ~ 60 \uadf8\ub808\uc778\/\ubd84<\/td>\n<\/tr>\n<tr>\n<td><strong>\uc801\uc6a9 \uac00\ub2a5\ud55c \uc2a4\ud130\ub4dc \ud480 \uc0ac\uc591<\/strong><\/td>\n<td>4.0mm<\/td>\n<\/tr>\n<tr>\n<td><strong>\uc7ac\ub8cc \ud29c\ube0c\uc758 \uae38\uc774<\/strong><\/td>\n<td>2000 ~ 3000mm<\/td>\n<\/tr>\n<tr>\n<td><strong>\uc190\ud1b1\uad00\uc758 \uae38\uc774<\/strong><\/td>\n<td>2000 ~ 3000mm<\/td>\n<\/tr>\n<tr>\n<td><strong>\uc785\ub825 \uc804\uc555<\/strong><\/td>\n<td>220V<\/td>\n<\/tr>\n<tr>\n<td><strong>\uc800\uc804\uc555<\/strong><\/td>\n<td>24V<\/td>\n<\/tr>\n<\/tbody>\n<\/table>","protected":false},"excerpt":{"rendered":"<p>\uc790\ub3d9 \ub9ac\ubcb3\ud130, \uc790\ub3d9 \ubabb \ubc15\ub294 \uae30\uacc4\ub294 \ubaa9\uc7ac, \uae08\uc18d \ub610\ub294 \uae30\ud0c0 \uc7ac\ub8cc\uc5d0 \ubabb\uc744 \ubc15\ub294 \uc791\uc5c5\uc744 \ube60\ub974\uac8c \uc9c4\ud589\ud558\ub294 \ub370 \ud6a8\uacfc\uc801\uc778 \ub3c4\uad6c\uc785\ub2c8\ub2e4. \uc774 \uae30\uacc4\ub294 \ucca8\ub2e8 \uc790\ub3d9 \uae30\uc220\uc744 \ud0d1\uc7ac\ud558\uc5ec \ub192\uc740 \uc815\ud655\ub3c4\ub97c \ubcf4\uc7a5\ud558\uace0 \uc2dc\uac04\uacfc \ub178\ub3d9\ub825\uc744 \ucd5c\uc18c\ud654\ud569\ub2c8\ub2e4. \ud2b9\ud788 \uac74\uc124, \uc778\ud14c\ub9ac\uc5b4, \uc0b0\uc5c5 \ubd84\uc57c\uc5d0 \uc801\ud569\ud569\ub2c8\ub2e4.<\/p>","protected":false},"featured_media":1784,"comment_status":"open","ping_status":"closed","template":"","meta":[],"product_brand":[],"product_cat":[46],"product_tag":[48,47,49],"class_list":{"0":"post-1783","1":"product","2":"type-product","3":"status-publish","4":"has-post-thumbnail","6":"product_cat-may-tan-dinh-tu-dong","7":"product_tag-may-ban-dinh-tu-dong","8":"product_tag-may-dong-dinh-tu-dong","9":"product_tag-may-tan-dinh-tu-dong","11":"first","12":"instock","13":"shipping-taxable","14":"product-type-simple"},"yoast_head":"<!-- This site is optimized with the Yoast SEO plugin v26.0 - https:\/\/yoast.com\/wordpress\/plugins\/seo\/ -->\n<title>M\u00e1y t\u00e1n \u0111inh t\u1ef1 \u0111\u1ed9ng | M\u00e1y \u0111\u00f3ng \u0111inh t\u1ef1 \u0111\u1ed9ng<\/title>\n<meta name=\"description\" content=\"M\u00e1y \u0111\u00f3ng \u0111inh t\u1ef1 \u0111\u1ed9ng nhanh ch\u00f3ng, ch\u00ednh x\u00e1c - T\u1ed1i \u01b0u hi\u1ec7u su\u1ea5t c\u00f4ng vi\u1ec7c x\u00e2y d\u1ef1ng v\u00e0 gia c\u00f4ng. T\u00ecm hi\u1ec3u chi ti\u1ebft t\u1ea1i!\" \/>\n<meta name=\"robots\" content=\"index, follow, max-snippet:-1, max-image-preview:large, max-video-preview:-1\" \/>\n<link rel=\"canonical\" href=\"https:\/\/swoer.vn\/ko\/manufacturer\/may-tan-dinh-tu-dong-may-dong-dinh-tu-dong\/\" \/>\n<meta property=\"og:locale\" content=\"ko_KR\" \/>\n<meta property=\"og:type\" content=\"article\" \/>\n<meta property=\"og:title\" content=\"M\u00e1y t\u00e1n \u0111inh t\u1ef1 \u0111\u1ed9ng | M\u00e1y \u0111\u00f3ng \u0111inh t\u1ef1 \u0111\u1ed9ng\" \/>\n<meta property=\"og:description\" content=\"M\u00e1y \u0111\u00f3ng \u0111inh t\u1ef1 \u0111\u1ed9ng nhanh ch\u00f3ng, ch\u00ednh x\u00e1c - T\u1ed1i \u01b0u hi\u1ec7u su\u1ea5t c\u00f4ng vi\u1ec7c x\u00e2y d\u1ef1ng v\u00e0 gia c\u00f4ng. T\u00ecm hi\u1ec3u chi ti\u1ebft t\u1ea1i!\" \/>\n<meta property=\"og:url\" content=\"https:\/\/swoer.vn\/ko\/manufacturer\/may-tan-dinh-tu-dong-may-dong-dinh-tu-dong\/\" \/>\n<meta property=\"og:site_name\" content=\"Nh\u00e0 s\u1ea3n xu\u1ea5t m\u00e1y c\u1ea5p li\u1ec7u c\u00f4ng nghi\u1ec7p\" \/>\n<meta property=\"article:modified_time\" content=\"2025-02-25T05:56:39+00:00\" \/>\n<meta property=\"og:image\" content=\"https:\/\/swoer.vn\/wp-content\/uploads\/2025\/02\/May-dong-dinh-tu-dong.webp\" \/>\n\t<meta property=\"og:image:width\" content=\"1000\" \/>\n\t<meta property=\"og:image:height\" content=\"1000\" \/>\n\t<meta property=\"og:image:type\" content=\"image\/webp\" \/>\n<meta name=\"twitter:card\" content=\"summary_large_image\" \/>\n<meta name=\"twitter:label1\" content=\"\uc608\uc0c1 \ub418\ub294 \ud310\ub3c5 \uc2dc\uac04\" \/>\n\t<meta name=\"twitter:data1\" content=\"3\ubd84\" \/>\n<script type=\"application\/ld+json\" class=\"yoast-schema-graph\">{\"@context\":\"https:\/\/schema.org\",\"@graph\":[{\"@type\":\"WebPage\",\"@id\":\"https:\/\/swoer.vn\/manufacturer\/may-tan-dinh-tu-dong-may-dong-dinh-tu-dong\/\",\"url\":\"https:\/\/swoer.vn\/manufacturer\/may-tan-dinh-tu-dong-may-dong-dinh-tu-dong\/\",\"name\":\"M\u00e1y t\u00e1n \u0111inh t\u1ef1 \u0111\u1ed9ng | M\u00e1y \u0111\u00f3ng \u0111inh t\u1ef1 \u0111\u1ed9ng\",\"isPartOf\":{\"@id\":\"https:\/\/swoer.vn\/#website\"},\"primaryImageOfPage\":{\"@id\":\"https:\/\/swoer.vn\/manufacturer\/may-tan-dinh-tu-dong-may-dong-dinh-tu-dong\/#primaryimage\"},\"image\":{\"@id\":\"https:\/\/swoer.vn\/manufacturer\/may-tan-dinh-tu-dong-may-dong-dinh-tu-dong\/#primaryimage\"},\"thumbnailUrl\":\"https:\/\/swoer.vn\/wp-content\/uploads\/2025\/02\/May-dong-dinh-tu-dong.webp\",\"datePublished\":\"2025-02-24T08:33:54+00:00\",\"dateModified\":\"2025-02-25T05:56:39+00:00\",\"description\":\"M\u00e1y \u0111\u00f3ng \u0111inh t\u1ef1 \u0111\u1ed9ng nhanh ch\u00f3ng, ch\u00ednh x\u00e1c - T\u1ed1i \u01b0u hi\u1ec7u su\u1ea5t c\u00f4ng vi\u1ec7c x\u00e2y d\u1ef1ng v\u00e0 gia c\u00f4ng. T\u00ecm hi\u1ec3u chi ti\u1ebft t\u1ea1i!\",\"breadcrumb\":{\"@id\":\"https:\/\/swoer.vn\/manufacturer\/may-tan-dinh-tu-dong-may-dong-dinh-tu-dong\/#breadcrumb\"},\"inLanguage\":\"ko-KR\",\"potentialAction\":[{\"@type\":\"ReadAction\",\"target\":[\"https:\/\/swoer.vn\/manufacturer\/may-tan-dinh-tu-dong-may-dong-dinh-tu-dong\/\"]}]},{\"@type\":\"ImageObject\",\"inLanguage\":\"ko-KR\",\"@id\":\"https:\/\/swoer.vn\/manufacturer\/may-tan-dinh-tu-dong-may-dong-dinh-tu-dong\/#primaryimage\",\"url\":\"https:\/\/swoer.vn\/wp-content\/uploads\/2025\/02\/May-dong-dinh-tu-dong.webp\",\"contentUrl\":\"https:\/\/swoer.vn\/wp-content\/uploads\/2025\/02\/May-dong-dinh-tu-dong.webp\",\"width\":1000,\"height\":1000,\"caption\":\"M\u00e1y \u0111\u00f3ng \u0111inh t\u1ef1 \u0111\u1ed9ng\"},{\"@type\":\"BreadcrumbList\",\"@id\":\"https:\/\/swoer.vn\/manufacturer\/may-tan-dinh-tu-dong-may-dong-dinh-tu-dong\/#breadcrumb\",\"itemListElement\":[{\"@type\":\"ListItem\",\"position\":1,\"name\":\"Home\",\"item\":\"https:\/\/swoer.vn\/\"},{\"@type\":\"ListItem\",\"position\":2,\"name\":\"S\u1ea3n ph\u1ea9m\",\"item\":\"https:\/\/swoer.vn\/shop\/\"},{\"@type\":\"ListItem\",\"position\":3,\"name\":\"M\u00e1y t\u00e1n \u0111inh t\u1ef1 \u0111\u1ed9ng | M\u00e1y \u0111\u00f3ng \u0111inh t\u1ef1 \u0111\u1ed9ng\"}]},{\"@type\":\"WebSite\",\"@id\":\"https:\/\/swoer.vn\/#website\",\"url\":\"https:\/\/swoer.vn\/\",\"name\":\"Nh\u00e0 s\u1ea3n xu\u1ea5t m\u00e1y c\u1ea5p li\u1ec7u c\u00f4ng nghi\u1ec7p\",\"description\":\"Nh\u00e0 cung c\u1ea5p robot, m\u00e1y c\u1ea5p li\u1ec7u linh ho\u1ea1t, m\u00e1y c\u1ea5p li\u1ec7u ly t\u00e2m, m\u00e1y c\u1ea5p li\u1ec7u rung t\u1ef1 \u0111\u1ed9ng\",\"potentialAction\":[{\"@type\":\"SearchAction\",\"target\":{\"@type\":\"EntryPoint\",\"urlTemplate\":\"https:\/\/swoer.vn\/?s={search_term_string}\"},\"query-input\":{\"@type\":\"PropertyValueSpecification\",\"valueRequired\":true,\"valueName\":\"search_term_string\"}}],\"inLanguage\":\"ko-KR\"}]}<\/script>\n<!-- \/ Yoast SEO plugin. -->","yoast_head_json":{"title":"\uc790\ub3d9 \ub9ac\ubcb3\ud305 \uba38\uc2e0 | \uc790\ub3d9 \ubabb \ubc15\ub294 \uae30\uacc4","description":"\ube60\ub974\uace0 \uc815\ud655\ud55c \uc790\ub3d9 \ubabb \ubc15\ub294 \uae30\uacc4 - \uc2dc\uacf5 \ubc0f \uac00\uacf5 \uc791\uc5c5\uc758 \ud6a8\uc728\uc131\uc744 \ucd5c\uc801\ud654\ud569\ub2c8\ub2e4. \uc790\uc138\ud55c \ub0b4\uc6a9\uc740 \uc5ec\uae30\uc5d0\uc11c \ud655\uc778\ud558\uc138\uc694!","robots":{"index":"index","follow":"follow","max-snippet":"max-snippet:-1","max-image-preview":"max-image-preview:large","max-video-preview":"max-video-preview:-1"},"canonical":"https:\/\/swoer.vn\/ko\/manufacturer\/may-tan-dinh-tu-dong-may-dong-dinh-tu-dong\/","og_locale":"ko_KR","og_type":"article","og_title":"M\u00e1y t\u00e1n \u0111inh t\u1ef1 \u0111\u1ed9ng | M\u00e1y \u0111\u00f3ng \u0111inh t\u1ef1 \u0111\u1ed9ng","og_description":"M\u00e1y \u0111\u00f3ng \u0111inh t\u1ef1 \u0111\u1ed9ng nhanh ch\u00f3ng, ch\u00ednh x\u00e1c - T\u1ed1i \u01b0u hi\u1ec7u su\u1ea5t c\u00f4ng vi\u1ec7c x\u00e2y d\u1ef1ng v\u00e0 gia c\u00f4ng. T\u00ecm hi\u1ec3u chi ti\u1ebft t\u1ea1i!","og_url":"https:\/\/swoer.vn\/ko\/manufacturer\/may-tan-dinh-tu-dong-may-dong-dinh-tu-dong\/","og_site_name":"Nh\u00e0 s\u1ea3n xu\u1ea5t m\u00e1y c\u1ea5p li\u1ec7u c\u00f4ng nghi\u1ec7p","article_modified_time":"2025-02-25T05:56:39+00:00","og_image":[{"width":1000,"height":1000,"url":"https:\/\/swoer.vn\/wp-content\/uploads\/2025\/02\/May-dong-dinh-tu-dong.webp","type":"image\/webp"}],"twitter_card":"summary_large_image","twitter_misc":{"\uc608\uc0c1 \ub418\ub294 \ud310\ub3c5 \uc2dc\uac04":"3\ubd84"},"schema":{"@context":"https:\/\/schema.org","@graph":[{"@type":"WebPage","@id":"https:\/\/swoer.vn\/manufacturer\/may-tan-dinh-tu-dong-may-dong-dinh-tu-dong\/","url":"https:\/\/swoer.vn\/manufacturer\/may-tan-dinh-tu-dong-may-dong-dinh-tu-dong\/","name":"\uc790\ub3d9 \ub9ac\ubcb3\ud305 \uba38\uc2e0 | \uc790\ub3d9 \ubabb \ubc15\ub294 \uae30\uacc4","isPartOf":{"@id":"https:\/\/swoer.vn\/#website"},"primaryImageOfPage":{"@id":"https:\/\/swoer.vn\/manufacturer\/may-tan-dinh-tu-dong-may-dong-dinh-tu-dong\/#primaryimage"},"image":{"@id":"https:\/\/swoer.vn\/manufacturer\/may-tan-dinh-tu-dong-may-dong-dinh-tu-dong\/#primaryimage"},"thumbnailUrl":"https:\/\/swoer.vn\/wp-content\/uploads\/2025\/02\/May-dong-dinh-tu-dong.webp","datePublished":"2025-02-24T08:33:54+00:00","dateModified":"2025-02-25T05:56:39+00:00","description":"\ube60\ub974\uace0 \uc815\ud655\ud55c \uc790\ub3d9 \ubabb \ubc15\ub294 \uae30\uacc4 - \uc2dc\uacf5 \ubc0f \uac00\uacf5 \uc791\uc5c5\uc758 \ud6a8\uc728\uc131\uc744 \ucd5c\uc801\ud654\ud569\ub2c8\ub2e4. \uc790\uc138\ud55c \ub0b4\uc6a9\uc740 \uc5ec\uae30\uc5d0\uc11c \ud655\uc778\ud558\uc138\uc694!","breadcrumb":{"@id":"https:\/\/swoer.vn\/manufacturer\/may-tan-dinh-tu-dong-may-dong-dinh-tu-dong\/#breadcrumb"},"inLanguage":"ko-KR","potentialAction":[{"@type":"ReadAction","target":["https:\/\/swoer.vn\/manufacturer\/may-tan-dinh-tu-dong-may-dong-dinh-tu-dong\/"]}]},{"@type":"ImageObject","inLanguage":"ko-KR","@id":"https:\/\/swoer.vn\/manufacturer\/may-tan-dinh-tu-dong-may-dong-dinh-tu-dong\/#primaryimage","url":"https:\/\/swoer.vn\/wp-content\/uploads\/2025\/02\/May-dong-dinh-tu-dong.webp","contentUrl":"https:\/\/swoer.vn\/wp-content\/uploads\/2025\/02\/May-dong-dinh-tu-dong.webp","width":1000,"height":1000,"caption":"M\u00e1y \u0111\u00f3ng \u0111inh t\u1ef1 \u0111\u1ed9ng"},{"@type":"BreadcrumbList","@id":"https:\/\/swoer.vn\/manufacturer\/may-tan-dinh-tu-dong-may-dong-dinh-tu-dong\/#breadcrumb","itemListElement":[{"@type":"ListItem","position":1,"name":"Home","item":"https:\/\/swoer.vn\/"},{"@type":"ListItem","position":2,"name":"S\u1ea3n ph\u1ea9m","item":"https:\/\/swoer.vn\/shop\/"},{"@type":"ListItem","position":3,"name":"M\u00e1y t\u00e1n \u0111inh t\u1ef1 \u0111\u1ed9ng | M\u00e1y \u0111\u00f3ng \u0111inh t\u1ef1 \u0111\u1ed9ng"}]},{"@type":"WebSite","@id":"https:\/\/swoer.vn\/#website","url":"https:\/\/swoer.vn\/","name":"\uc0b0\uc5c5\uc6a9 \ud53c\ub354 \uc81c\uc870\uc5c5\uccb4","description":"\ub85c\ubd07, \ud50c\ub809\uc2dc\ube14 \ud53c\ub354, \uc6d0\uc2ec \ud53c\ub354, \uc790\ub3d9 \uc9c4\ub3d9 \ud53c\ub354 \uacf5\uae09\uc5c5\uccb4","potentialAction":[{"@type":"SearchAction","target":{"@type":"EntryPoint","urlTemplate":"https:\/\/swoer.vn\/?s={search_term_string}"},"query-input":{"@type":"PropertyValueSpecification","valueRequired":true,"valueName":"search_term_string"}}],"inLanguage":"ko-KR"}]}},"_links":{"self":[{"href":"https:\/\/swoer.vn\/ko\/wp-json\/wp\/v2\/product\/1783","targetHints":{"allow":["GET"]}}],"collection":[{"href":"https:\/\/swoer.vn\/ko\/wp-json\/wp\/v2\/product"}],"about":[{"href":"https:\/\/swoer.vn\/ko\/wp-json\/wp\/v2\/types\/product"}],"replies":[{"embeddable":true,"href":"https:\/\/swoer.vn\/ko\/wp-json\/wp\/v2\/comments?post=1783"}],"wp:featuredmedia":[{"embeddable":true,"href":"https:\/\/swoer.vn\/ko\/wp-json\/wp\/v2\/media\/1784"}],"wp:attachment":[{"href":"https:\/\/swoer.vn\/ko\/wp-json\/wp\/v2\/media?parent=1783"}],"wp:term":[{"taxonomy":"product_brand","embeddable":true,"href":"https:\/\/swoer.vn\/ko\/wp-json\/wp\/v2\/product_brand?post=1783"},{"taxonomy":"product_cat","embeddable":true,"href":"https:\/\/swoer.vn\/ko\/wp-json\/wp\/v2\/product_cat?post=1783"},{"taxonomy":"product_tag","embeddable":true,"href":"https:\/\/swoer.vn\/ko\/wp-json\/wp\/v2\/product_tag?post=1783"}],"curies":[{"name":"wp","href":"https:\/\/api.w.org\/{rel}","templated":true}]}}