{"id":1781,"date":"2025-02-24T14:59:09","date_gmt":"2025-02-24T07:59:09","guid":{"rendered":"https:\/\/swoer.vn\/?post_type=product&#038;p=1781"},"modified":"2025-02-25T12:57:06","modified_gmt":"2025-02-25T05:57:06","slug":"pheu-cap-lieu-tuyen-tinh-luu-tru","status":"publish","type":"product","link":"https:\/\/swoer.vn\/ko\/manufacturer\/pheu-cap-lieu-tuyen-tinh-luu-tru\/","title":{"rendered":"\uc120\ud615 \uc800\uc7a5 \uacf5\uae09 \ud638\ud37c"},"content":{"rendered":"<p>\uc7a5\uae30 \uc791\uc5c5\uacfc \uc7ac\ub8cc \ubcf4\uad00\uc5d0 \uc801\ud569\ud558\uba70, \ubcf4\ucda9 \ube48\ub3c4\ub97c \uc904\uc5ec\uc90d\ub2c8\ub2e4.<\/p>\n<h2><strong>\ud2b9\uc9d5:<\/strong><\/h2>\n<ul>\n<li>\uade0\ud615 \uc7a1\ud78c \ubc30\uc544 \uc774\uc2dd, \uae54\ub054\ud568<\/li>\n<li>\ubc30\uc544\ub97c \uc7a5\uac70\ub9ac\ub85c \uc6b4\ubc18\ud558\ub2e4<\/li>\n<li>\uae30\uacc4\uacf5\uac04\uc5d0 \uc124\uce58 \ubc0f \uc5f0\uacb0\uc774 \ud3b8\ub9ac\ud569\ub2c8\ub2e4.<\/li>\n<li>\uc644\uc131\ub41c \uc9c0\ud5a5\ud615 \ube14\ub7ad\ud06c\uc758 \ubcf4\uad00<\/li>\n<li>\uc644\uc804\ud788 \uacf5\uae09\uc744 \uba48\ucd94\uace0 \uc9c0\uc5f0 \uc2dc\ub3d9\uc744 \ud558\uba74 \uc9c4\ub3d9\ud310\uc758 \uc5f0\uc18d \uc791\ub3d9\uc744 \ud53c\ud560 \uc218 \uc788\uace0, \uc9c4\ub3d9\ud310\uc758 \uc218\uba85\uc744 \uc5f0\uc7a5\ud558\uba70 \uc791\uc5c5 \ud658\uacbd\uc758 \uc18c\uc74c\uc744 \uc904\uc77c \uc218 \uc788\uc2b5\ub2c8\ub2e4.<\/li>\n<\/ul>\n<h2 class=\"rich-text-table\"><strong>\ub9e4\uac1c\ubcc0\uc218:<\/strong><\/h2>\n<div>\n<table>\n<tbody>\n<tr>\n<td><b>\uc720\ud615<\/b><\/td>\n<td><b>\ub85c\ub529 \ubc29\ubc95<\/b><\/td>\n<td><b>\uc9c0\uc0c1 \ub192\uc774<\/b><\/td>\n<td><strong>\ucd9c\ub825 \ud3ed<\/strong><\/td>\n<td><b>\ucd9c\ub825 \ub192\uc774<\/b><\/td>\n<\/tr>\n<tr>\n<td>\ub0a8\uc11c-CL 300<\/td>\n<td>\uc120\ud615 \uacf5\uae09\uae30<\/p>\n<p>\uc120\ud615 \uacf5\uae09\uae30<\/td>\n<td>250~490mm<\/td>\n<td>120mm(120mm)<\/td>\n<td>10-50<\/td>\n<\/tr>\n<tr>\n<td>\ub0a8\uc11c-\ud074 350<\/td>\n<td>\uc120\ud615 \uacf5\uae09\uae30<\/p>\n<p>\uc120\ud615 \uacf5\uae09\uae30<\/td>\n<td>250~490mm<\/td>\n<td>120mm(120mm)<\/td>\n<td>10-50<\/td>\n<\/tr>\n<tr>\n<td>\ub0a8\uc11c-CL 400<\/td>\n<td>\uc120\ud615 \uacf5\uae09\uae30<\/p>\n<p>\uc120\ud615 \uacf5\uae09\uae30<\/td>\n<td>300 \u2013 530mm<\/td>\n<td>140mm(140mm)<\/td>\n<td>10-100<\/td>\n<\/tr>\n<tr>\n<td>\ub0a8\uc11c-\ud074 450<\/td>\n<td>\uc120\ud615 \uacf5\uae09\uae30<\/p>\n<p>\uc120\ud615 \uacf5\uae09\uae30<\/td>\n<td>300~570mm<\/td>\n<td>140mm(140mm)<\/td>\n<td>10-110<\/td>\n<\/tr>\n<tr>\n<td>\ub0a8\uc11c-CL 500<\/td>\n<td>\uc120\ud615 \uacf5\uae09\uae30<\/p>\n<p>\uc120\ud615 \uacf5\uae09\uae30<\/td>\n<td>380~700mm<\/td>\n<td>160mm(160mm)<\/td>\n<td>10-120<\/td>\n<\/tr>\n<tr>\n<td>\ub0a8\uc11c-\uc528\uc5d8 550<\/td>\n<td>\uc120\ud615 \uacf5\uae09\uae30<\/p>\n<p>\uc120\ud615 \uacf5\uae09\uae30<\/td>\n<td>380~720mm<\/td>\n<td>160mm(160mm)<\/td>\n<td>10-120<\/td>\n<\/tr>\n<tr>\n<td>\ub0a8\uc11c-CL 600<\/td>\n<td>\uc120\ud615 \uacf5\uae09\uae30<\/p>\n<p>\uc120\ud615 \uacf5\uae09\uae30<\/td>\n<td>400~750mm<\/td>\n<td>160mm(160mm)<\/td>\n<td>10-120<\/td>\n<\/tr>\n<\/tbody>\n<\/table>\n<\/div>","protected":false},"excerpt":{"rendered":"<p>\uc120\ud615 \uc800\uc7a5 \uacf5\uae09 \ud638\ud37c\ub294 \uacf5\uae09 \ud504\ub85c\uc138\uc2a4\ub97c \ucd5c\uc801\ud654\ud558\uc5ec \uc790\ub3d9\ud654 \uc2dc\uc2a4\ud15c\uc744 \uc704\ud55c \uc2e0\ub8b0\ud560 \uc218 \uc788\ub294 \uc194\ub8e8\uc158\uc744 \uc81c\uacf5\ud558\uace0, \uacf5\uac04\uc744 \uc808\uc57d\ud558\uba70 \uc0dd\uc0b0\uc131\uc744 \ub192\uc5ec\uc90d\ub2c8\ub2e4.<\/p>","protected":false},"featured_media":1782,"comment_status":"open","ping_status":"closed","template":"","meta":[],"product_brand":[],"product_cat":[36],"product_tag":[44,43,45],"class_list":{"0":"post-1781","1":"product","2":"type-product","3":"status-publish","4":"has-post-thumbnail","6":"product_cat-pheu","7":"product_tag-bo-rung","8":"product_tag-mam-rung","9":"product_tag-thiet-bi-rung","11":"first","12":"instock","13":"shipping-taxable","14":"product-type-simple"},"yoast_head":"<!-- This site is optimized with the Yoast SEO plugin v26.0 - https:\/\/yoast.com\/wordpress\/plugins\/seo\/ -->\n<title>Ph\u1ec5u c\u1ea5p li\u1ec7u tuy\u1ebfn t\u00ednh l\u01b0u tr\u1eef - Nh\u00e0 s\u1ea3n xu\u1ea5t m\u00e1y c\u1ea5p li\u1ec7u c\u00f4ng nghi\u1ec7p<\/title>\n<meta name=\"description\" content=\"Kh\u00e1m ph\u00e1 ph\u1ec5u c\u1ea5p li\u1ec7u tuy\u1ebfn t\u00ednh l\u01b0u tr\u1eef, gi\u1ea3i ph\u00e1p hi\u1ec7u qu\u1ea3 cho h\u1ec7 th\u1ed1ng t\u1ef1 \u0111\u1ed9ng, ti\u1ebft ki\u1ec7m kh\u00f4ng gian v\u00e0 n\u00e2ng cao n\u0103ng su\u1ea5t s\u1ea3n xu\u1ea5t.\" \/>\n<meta name=\"robots\" content=\"index, follow, max-snippet:-1, max-image-preview:large, max-video-preview:-1\" \/>\n<link rel=\"canonical\" href=\"https:\/\/swoer.vn\/ko\/manufacturer\/pheu-cap-lieu-tuyen-tinh-luu-tru\/\" \/>\n<meta property=\"og:locale\" content=\"ko_KR\" \/>\n<meta property=\"og:type\" content=\"article\" \/>\n<meta property=\"og:title\" content=\"Ph\u1ec5u c\u1ea5p li\u1ec7u tuy\u1ebfn t\u00ednh l\u01b0u tr\u1eef - Nh\u00e0 s\u1ea3n xu\u1ea5t m\u00e1y c\u1ea5p li\u1ec7u c\u00f4ng nghi\u1ec7p\" \/>\n<meta property=\"og:description\" content=\"Kh\u00e1m ph\u00e1 ph\u1ec5u c\u1ea5p li\u1ec7u tuy\u1ebfn t\u00ednh l\u01b0u tr\u1eef, gi\u1ea3i ph\u00e1p hi\u1ec7u qu\u1ea3 cho h\u1ec7 th\u1ed1ng t\u1ef1 \u0111\u1ed9ng, ti\u1ebft ki\u1ec7m kh\u00f4ng gian v\u00e0 n\u00e2ng cao n\u0103ng su\u1ea5t s\u1ea3n xu\u1ea5t.\" \/>\n<meta property=\"og:url\" content=\"https:\/\/swoer.vn\/ko\/manufacturer\/pheu-cap-lieu-tuyen-tinh-luu-tru\/\" \/>\n<meta property=\"og:site_name\" content=\"Nh\u00e0 s\u1ea3n xu\u1ea5t m\u00e1y c\u1ea5p li\u1ec7u c\u00f4ng nghi\u1ec7p\" \/>\n<meta property=\"article:modified_time\" content=\"2025-02-25T05:57:06+00:00\" \/>\n<meta property=\"og:image\" content=\"https:\/\/swoer.vn\/wp-content\/uploads\/2025\/02\/Pheu-cap-lieu-tuyen-tinh-luu-tru.webp\" \/>\n\t<meta property=\"og:image:width\" content=\"1000\" \/>\n\t<meta property=\"og:image:height\" content=\"1000\" \/>\n\t<meta property=\"og:image:type\" content=\"image\/webp\" \/>\n<meta name=\"twitter:card\" content=\"summary_large_image\" \/>\n<meta name=\"twitter:label1\" content=\"\uc608\uc0c1 \ub418\ub294 \ud310\ub3c5 \uc2dc\uac04\" \/>\n\t<meta name=\"twitter:data1\" content=\"2\ubd84\" \/>\n<script type=\"application\/ld+json\" class=\"yoast-schema-graph\">{\"@context\":\"https:\/\/schema.org\",\"@graph\":[{\"@type\":\"WebPage\",\"@id\":\"https:\/\/swoer.vn\/manufacturer\/pheu-cap-lieu-tuyen-tinh-luu-tru\/\",\"url\":\"https:\/\/swoer.vn\/manufacturer\/pheu-cap-lieu-tuyen-tinh-luu-tru\/\",\"name\":\"Ph\u1ec5u c\u1ea5p li\u1ec7u tuy\u1ebfn t\u00ednh l\u01b0u tr\u1eef - Nh\u00e0 s\u1ea3n xu\u1ea5t m\u00e1y c\u1ea5p li\u1ec7u c\u00f4ng nghi\u1ec7p\",\"isPartOf\":{\"@id\":\"https:\/\/swoer.vn\/#website\"},\"primaryImageOfPage\":{\"@id\":\"https:\/\/swoer.vn\/manufacturer\/pheu-cap-lieu-tuyen-tinh-luu-tru\/#primaryimage\"},\"image\":{\"@id\":\"https:\/\/swoer.vn\/manufacturer\/pheu-cap-lieu-tuyen-tinh-luu-tru\/#primaryimage\"},\"thumbnailUrl\":\"https:\/\/swoer.vn\/wp-content\/uploads\/2025\/02\/Pheu-cap-lieu-tuyen-tinh-luu-tru.webp\",\"datePublished\":\"2025-02-24T07:59:09+00:00\",\"dateModified\":\"2025-02-25T05:57:06+00:00\",\"description\":\"Kh\u00e1m ph\u00e1 ph\u1ec5u c\u1ea5p li\u1ec7u tuy\u1ebfn t\u00ednh l\u01b0u tr\u1eef, gi\u1ea3i ph\u00e1p hi\u1ec7u qu\u1ea3 cho h\u1ec7 th\u1ed1ng t\u1ef1 \u0111\u1ed9ng, ti\u1ebft ki\u1ec7m kh\u00f4ng gian v\u00e0 n\u00e2ng cao n\u0103ng su\u1ea5t s\u1ea3n xu\u1ea5t.\",\"breadcrumb\":{\"@id\":\"https:\/\/swoer.vn\/manufacturer\/pheu-cap-lieu-tuyen-tinh-luu-tru\/#breadcrumb\"},\"inLanguage\":\"ko-KR\",\"potentialAction\":[{\"@type\":\"ReadAction\",\"target\":[\"https:\/\/swoer.vn\/manufacturer\/pheu-cap-lieu-tuyen-tinh-luu-tru\/\"]}]},{\"@type\":\"ImageObject\",\"inLanguage\":\"ko-KR\",\"@id\":\"https:\/\/swoer.vn\/manufacturer\/pheu-cap-lieu-tuyen-tinh-luu-tru\/#primaryimage\",\"url\":\"https:\/\/swoer.vn\/wp-content\/uploads\/2025\/02\/Pheu-cap-lieu-tuyen-tinh-luu-tru.webp\",\"contentUrl\":\"https:\/\/swoer.vn\/wp-content\/uploads\/2025\/02\/Pheu-cap-lieu-tuyen-tinh-luu-tru.webp\",\"width\":1000,\"height\":1000,\"caption\":\"Ph\u1ec5u c\u1ea5p li\u1ec7u tuy\u1ebfn t\u00ednh l\u01b0u tr\u1eef\"},{\"@type\":\"BreadcrumbList\",\"@id\":\"https:\/\/swoer.vn\/manufacturer\/pheu-cap-lieu-tuyen-tinh-luu-tru\/#breadcrumb\",\"itemListElement\":[{\"@type\":\"ListItem\",\"position\":1,\"name\":\"Home\",\"item\":\"https:\/\/swoer.vn\/\"},{\"@type\":\"ListItem\",\"position\":2,\"name\":\"S\u1ea3n ph\u1ea9m\",\"item\":\"https:\/\/swoer.vn\/shop\/\"},{\"@type\":\"ListItem\",\"position\":3,\"name\":\"Ph\u1ec5u c\u1ea5p li\u1ec7u tuy\u1ebfn t\u00ednh l\u01b0u tr\u1eef\"}]},{\"@type\":\"WebSite\",\"@id\":\"https:\/\/swoer.vn\/#website\",\"url\":\"https:\/\/swoer.vn\/\",\"name\":\"Nh\u00e0 s\u1ea3n xu\u1ea5t m\u00e1y c\u1ea5p li\u1ec7u c\u00f4ng nghi\u1ec7p\",\"description\":\"Nh\u00e0 cung c\u1ea5p robot, m\u00e1y c\u1ea5p li\u1ec7u linh ho\u1ea1t, m\u00e1y c\u1ea5p li\u1ec7u ly t\u00e2m, m\u00e1y c\u1ea5p li\u1ec7u rung t\u1ef1 \u0111\u1ed9ng\",\"potentialAction\":[{\"@type\":\"SearchAction\",\"target\":{\"@type\":\"EntryPoint\",\"urlTemplate\":\"https:\/\/swoer.vn\/?s={search_term_string}\"},\"query-input\":{\"@type\":\"PropertyValueSpecification\",\"valueRequired\":true,\"valueName\":\"search_term_string\"}}],\"inLanguage\":\"ko-KR\"}]}<\/script>\n<!-- \/ Yoast SEO plugin. -->","yoast_head_json":{"title":"\uc120\ud615 \uc800\uc7a5 \ud53c\ub4dc \ud638\ud37c - \uc0b0\uc5c5\uc6a9 \ud53c\ub354 \uc81c\uc870\uc5c5\uccb4","description":"\uc790\ub3d9\ud654 \uc2dc\uc2a4\ud15c\uc744 \uc704\ud55c \ud6a8\uc728\uc801\uc778 \uc194\ub8e8\uc158\uc778 \uc120\ud615 \uc800\uc7a5 \ud638\ud37c\ub97c \ud655\uc778\ud574 \ubcf4\uc138\uc694. \uacf5\uac04\uc744 \uc808\uc57d\ud558\uace0 \uc0dd\uc0b0 \uc0dd\uc0b0\uc131\uc744 \ud5a5\uc0c1\uc2dc\ucf1c \uc90d\ub2c8\ub2e4.","robots":{"index":"index","follow":"follow","max-snippet":"max-snippet:-1","max-image-preview":"max-image-preview:large","max-video-preview":"max-video-preview:-1"},"canonical":"https:\/\/swoer.vn\/ko\/manufacturer\/pheu-cap-lieu-tuyen-tinh-luu-tru\/","og_locale":"ko_KR","og_type":"article","og_title":"Ph\u1ec5u c\u1ea5p li\u1ec7u tuy\u1ebfn t\u00ednh l\u01b0u tr\u1eef - Nh\u00e0 s\u1ea3n xu\u1ea5t m\u00e1y c\u1ea5p li\u1ec7u c\u00f4ng nghi\u1ec7p","og_description":"Kh\u00e1m ph\u00e1 ph\u1ec5u c\u1ea5p li\u1ec7u tuy\u1ebfn t\u00ednh l\u01b0u tr\u1eef, gi\u1ea3i ph\u00e1p hi\u1ec7u qu\u1ea3 cho h\u1ec7 th\u1ed1ng t\u1ef1 \u0111\u1ed9ng, ti\u1ebft ki\u1ec7m kh\u00f4ng gian v\u00e0 n\u00e2ng cao n\u0103ng su\u1ea5t s\u1ea3n xu\u1ea5t.","og_url":"https:\/\/swoer.vn\/ko\/manufacturer\/pheu-cap-lieu-tuyen-tinh-luu-tru\/","og_site_name":"Nh\u00e0 s\u1ea3n xu\u1ea5t m\u00e1y c\u1ea5p li\u1ec7u c\u00f4ng nghi\u1ec7p","article_modified_time":"2025-02-25T05:57:06+00:00","og_image":[{"width":1000,"height":1000,"url":"https:\/\/swoer.vn\/wp-content\/uploads\/2025\/02\/Pheu-cap-lieu-tuyen-tinh-luu-tru.webp","type":"image\/webp"}],"twitter_card":"summary_large_image","twitter_misc":{"\uc608\uc0c1 \ub418\ub294 \ud310\ub3c5 \uc2dc\uac04":"2\ubd84"},"schema":{"@context":"https:\/\/schema.org","@graph":[{"@type":"WebPage","@id":"https:\/\/swoer.vn\/manufacturer\/pheu-cap-lieu-tuyen-tinh-luu-tru\/","url":"https:\/\/swoer.vn\/manufacturer\/pheu-cap-lieu-tuyen-tinh-luu-tru\/","name":"\uc120\ud615 \uc800\uc7a5 \ud53c\ub4dc \ud638\ud37c - \uc0b0\uc5c5\uc6a9 \ud53c\ub354 \uc81c\uc870\uc5c5\uccb4","isPartOf":{"@id":"https:\/\/swoer.vn\/#website"},"primaryImageOfPage":{"@id":"https:\/\/swoer.vn\/manufacturer\/pheu-cap-lieu-tuyen-tinh-luu-tru\/#primaryimage"},"image":{"@id":"https:\/\/swoer.vn\/manufacturer\/pheu-cap-lieu-tuyen-tinh-luu-tru\/#primaryimage"},"thumbnailUrl":"https:\/\/swoer.vn\/wp-content\/uploads\/2025\/02\/Pheu-cap-lieu-tuyen-tinh-luu-tru.webp","datePublished":"2025-02-24T07:59:09+00:00","dateModified":"2025-02-25T05:57:06+00:00","description":"\uc790\ub3d9\ud654 \uc2dc\uc2a4\ud15c\uc744 \uc704\ud55c \ud6a8\uc728\uc801\uc778 \uc194\ub8e8\uc158\uc778 \uc120\ud615 \uc800\uc7a5 \ud638\ud37c\ub97c \ud655\uc778\ud574 \ubcf4\uc138\uc694. \uacf5\uac04\uc744 \uc808\uc57d\ud558\uace0 \uc0dd\uc0b0 \uc0dd\uc0b0\uc131\uc744 \ud5a5\uc0c1\uc2dc\ucf1c \uc90d\ub2c8\ub2e4.","breadcrumb":{"@id":"https:\/\/swoer.vn\/manufacturer\/pheu-cap-lieu-tuyen-tinh-luu-tru\/#breadcrumb"},"inLanguage":"ko-KR","potentialAction":[{"@type":"ReadAction","target":["https:\/\/swoer.vn\/manufacturer\/pheu-cap-lieu-tuyen-tinh-luu-tru\/"]}]},{"@type":"ImageObject","inLanguage":"ko-KR","@id":"https:\/\/swoer.vn\/manufacturer\/pheu-cap-lieu-tuyen-tinh-luu-tru\/#primaryimage","url":"https:\/\/swoer.vn\/wp-content\/uploads\/2025\/02\/Pheu-cap-lieu-tuyen-tinh-luu-tru.webp","contentUrl":"https:\/\/swoer.vn\/wp-content\/uploads\/2025\/02\/Pheu-cap-lieu-tuyen-tinh-luu-tru.webp","width":1000,"height":1000,"caption":"Ph\u1ec5u c\u1ea5p li\u1ec7u tuy\u1ebfn t\u00ednh l\u01b0u tr\u1eef"},{"@type":"BreadcrumbList","@id":"https:\/\/swoer.vn\/manufacturer\/pheu-cap-lieu-tuyen-tinh-luu-tru\/#breadcrumb","itemListElement":[{"@type":"ListItem","position":1,"name":"Home","item":"https:\/\/swoer.vn\/"},{"@type":"ListItem","position":2,"name":"S\u1ea3n ph\u1ea9m","item":"https:\/\/swoer.vn\/shop\/"},{"@type":"ListItem","position":3,"name":"Ph\u1ec5u c\u1ea5p li\u1ec7u tuy\u1ebfn t\u00ednh l\u01b0u tr\u1eef"}]},{"@type":"WebSite","@id":"https:\/\/swoer.vn\/#website","url":"https:\/\/swoer.vn\/","name":"\uc0b0\uc5c5\uc6a9 \ud53c\ub354 \uc81c\uc870\uc5c5\uccb4","description":"\ub85c\ubd07, \ud50c\ub809\uc2dc\ube14 \ud53c\ub354, \uc6d0\uc2ec \ud53c\ub354, \uc790\ub3d9 \uc9c4\ub3d9 \ud53c\ub354 \uacf5\uae09\uc5c5\uccb4","potentialAction":[{"@type":"SearchAction","target":{"@type":"EntryPoint","urlTemplate":"https:\/\/swoer.vn\/?s={search_term_string}"},"query-input":{"@type":"PropertyValueSpecification","valueRequired":true,"valueName":"search_term_string"}}],"inLanguage":"ko-KR"}]}},"_links":{"self":[{"href":"https:\/\/swoer.vn\/ko\/wp-json\/wp\/v2\/product\/1781","targetHints":{"allow":["GET"]}}],"collection":[{"href":"https:\/\/swoer.vn\/ko\/wp-json\/wp\/v2\/product"}],"about":[{"href":"https:\/\/swoer.vn\/ko\/wp-json\/wp\/v2\/types\/product"}],"replies":[{"embeddable":true,"href":"https:\/\/swoer.vn\/ko\/wp-json\/wp\/v2\/comments?post=1781"}],"wp:featuredmedia":[{"embeddable":true,"href":"https:\/\/swoer.vn\/ko\/wp-json\/wp\/v2\/media\/1782"}],"wp:attachment":[{"href":"https:\/\/swoer.vn\/ko\/wp-json\/wp\/v2\/media?parent=1781"}],"wp:term":[{"taxonomy":"product_brand","embeddable":true,"href":"https:\/\/swoer.vn\/ko\/wp-json\/wp\/v2\/product_brand?post=1781"},{"taxonomy":"product_cat","embeddable":true,"href":"https:\/\/swoer.vn\/ko\/wp-json\/wp\/v2\/product_cat?post=1781"},{"taxonomy":"product_tag","embeddable":true,"href":"https:\/\/swoer.vn\/ko\/wp-json\/wp\/v2\/product_tag?post=1781"}],"curies":[{"name":"wp","href":"https:\/\/api.w.org\/{rel}","templated":true}]}}