{"id":1776,"date":"2025-02-24T14:18:52","date_gmt":"2025-02-24T07:18:52","guid":{"rendered":"https:\/\/swoer.vn\/?post_type=product&#038;p=1776"},"modified":"2025-02-24T14:34:57","modified_gmt":"2025-02-24T07:34:57","slug":"bo-cap-phoi-thang-rung-bang-thep-khong-gi-co-do-on-thap","status":"publish","type":"product","link":"https:\/\/swoer.vn\/ko\/manufacturer\/bo-cap-phoi-thang-rung-bang-thep-khong-gi-co-do-on-thap\/","title":{"rendered":"\uc800\uc18c\uc74c \uc2a4\ud14c\uc778\ub9ac\uc2a4 \uc2a4\ud2f8 \uc9c4\ub3d9 \uc0ac\ub2e4\ub9ac \uacf5\uae09\uae30"},"content":{"rendered":"<h2><strong>\ud2b9\uc131:<\/strong><\/h2>\n<ul>\n<li>\uc790\uadf9 \uc9c4\ub3d9\ub825\uacfc \ud30c\uc6cc\uac00 \uc798 \ub9de\uc544 \uc9c4\ub3d9\ub825\uc774 \ud06c\uace0, \ubcf8\uccb4 \ubb34\uac8c\uac00 \uac00\ubccd\uace0, \ubcfc\ub968\uc774 \uc791\uc73c\uba70, \uae30\uacc4\uc801 \uc18c\uc74c\uc774 \uc801\uc2b5\ub2c8\ub2e4.<\/li>\n<li>\uc548\uc815\ub41c \uc9c4\ud3ed;<\/li>\n<li>\uc9c4\ub3d9 \uc8fc\ud30c\uc218\ub294 \uc870\uc808 \uac00\ub2a5\ud558\uace0 \uc720\uc5f0\ud569\ub2c8\ub2e4.<\/li>\n<li>\uc120\ud615 \ud615\ud0dc\uc758 \uac04\ub2e8\ud55c \uad6c\uc870\ub85c \uc124\uce58, \uc720\uc9c0\uad00\ub9ac \ubc0f \uc6b4\uc601\uc774 \uc27d\uc2b5\ub2c8\ub2e4.<\/li>\n<li>\uace0\ud488\uc9c8\uc758 \uc7ac\ub8cc \ubd80\ud488\uc744 \ucc44\ud0dd\ud558\uc5ec, \uc804\uae30 \ubd80\ud488 \ubc0f \uc791\ub3d9 \ubd80\ud488\uc744 \uc81c\uc791\ud558\uc600\uc2b5\ub2c8\ub2e4.<\/li>\n<li>\ub192\uc740 \uc774\uc1a1 \uc18d\ub3c4.<\/li>\n<li>\ub2e4\uc591\ud55c \ubaa8\ub378, \uc0ac\uc6a9\uc790 \uc815\uc758 \uac00\ub2a5<\/li>\n<\/ul>\n\t<div id=\"gap-1702261603\" class=\"gap-element clearfix\" style=\"display:block; height:auto;\">\n\t\t\n<style>\n#gap-1702261603 {\n  padding-top: 30px;\n}\n<\/style>\n\t<\/div>\n\t\n<h2><strong>\uc81c\ud488 \uc0ac\uc591:<\/strong><\/h2>\n<table width=\"935\">\n<tbody>\n<tr>\n<td colspan=\"2\" width=\"935\"><\/td>\n<\/tr>\n<tr>\n<td><strong>\uc81c\ud488 \uc774\ub984<\/strong><\/td>\n<td>\uc800\uc18c\uc74c \uc2a4\ud14c\uc778\ub9ac\uc2a4 \uc2a4\ud2f8 \uc9c4\ub3d9 \uc0ac\ub2e4\ub9ac \uacf5\uae09\uae30<\/td>\n<\/tr>\n<tr>\n<td><strong>\uc7ac\ub8cc<\/strong><\/td>\n<td>\uc2a4\ud14c\uc778\ub9ac\uc2a4 \uc2a4\ud2f8<\/td>\n<\/tr>\n<tr>\n<td><strong>\uc7ac\ub8cc \ud2b9\uc131<\/strong><\/td>\n<td>\ub0c9\uac04\ucc98\ub9ac \ub2e8\uc870 \ud569\uae08, \uace0\uac15\ub3c4, \uace0\uacbd\ub3c4<\/td>\n<\/tr>\n<tr>\n<td><strong>\uc804\uc555<\/strong><\/td>\n<td>220V<\/td>\n<\/tr>\n<tr>\n<td><strong>\uc6a9\ub7c9<\/strong><\/td>\n<td>\u00a065W \/ 150W \/ 180W \/ 220W \/ 350W<\/td>\n<\/tr>\n<tr>\n<td><strong>\uc778\uc99d<\/strong><\/td>\n<td>CE, ROHS, ISO9001<\/td>\n<\/tr>\n<tr>\n<td><strong>\ubcf4\uc7a5\ud558\ub2e4<\/strong><\/td>\n<td>1\ub144<\/td>\n<\/tr>\n<tr>\n<td><strong>\ucd5c\uc18c \uc8fc\ubb38 \uc218\ub7c9<\/strong><\/td>\n<td>1\uc138\ud2b8<\/td>\n<\/tr>\n<tr>\n<td><strong>\ubc30\uc1a1\uc77c<\/strong><\/td>\n<td>14-28\uc77c<\/td>\n<\/tr>\n<tr>\n<td><strong>\uacb0\uc81c\ubc29\ubc95<\/strong><\/td>\n<td>T\/T \ubcf4\uc99d\uae08 30%, \uc794\uc561\uc740 \ub0a9\ud488 \uc804 \uc9c0\ubd88<\/td>\n<\/tr>\n<tr>\n<td><strong>\uc6d0\uc0b0\uc9c0<\/strong><\/td>\n<td>\ubca0\ud2b8\ub0a8<\/td>\n<\/tr>\n<\/tbody>\n<\/table>","protected":false},"excerpt":{"rendered":"<p>\ud6a8\uacfc\uc801\uc778 \uc18c\uc74c \uac10\uc18c \uc124\uacc4\ub97c \uac16\ucd98 \uc2a4\ud14c\uc778\ub9ac\uc2a4 \uc2a4\ud2f8 \uc9c4\ub3d9 \uc0ac\ub2e4\ub9ac \ud53c\ub354\ub294 \uc790\ub3d9\ud654 \uc560\ud50c\ub9ac\ucf00\uc774\uc158\uc5d0 \uc801\ud569\ud558\uba70 \uc6d0\ud65c\ud558\uace0 \ud6a8\uc728\uc801\uc778 \uc791\ub3d9\uc744 \ubcf4\uc7a5\ud569\ub2c8\ub2e4.<\/p>","protected":false},"featured_media":1777,"comment_status":"open","ping_status":"closed","template":"","meta":[],"product_brand":[],"product_cat":[37],"product_tag":[38,39,42],"class_list":{"0":"post-1776","1":"product","2":"type-product","3":"status-publish","4":"has-post-thumbnail","6":"product_cat-may-cap-lieu-dang-bac-thang","7":"product_tag-bat-rung-bac-thang","8":"product_tag-may-cap-lieu-rung-bac-thang","9":"product_tag-pheu-rung-bac-thang","11":"first","12":"instock","13":"shipping-taxable","14":"product-type-simple"},"yoast_head":"<!-- This site is optimized with the Yoast SEO plugin v26.0 - https:\/\/yoast.com\/wordpress\/plugins\/seo\/ -->\n<title>B\u1ed9 c\u1ea5p ph\u00f4i thang rung b\u1eb1ng th\u00e9p kh\u00f4ng g\u1ec9 c\u00f3 \u0111\u1ed9 \u1ed3n th\u1ea5p - Nh\u00e0 s\u1ea3n xu\u1ea5t m\u00e1y c\u1ea5p li\u1ec7u c\u00f4ng nghi\u1ec7p<\/title>\n<meta name=\"description\" content=\"B\u1ed9 c\u1ea5p ph\u00f4i thang rung th\u00e9p kh\u00f4ng g\u1ec9 ch\u1ea5t l\u01b0\u1ee3ng cao, Thi\u1ebft k\u1ebf b\u1ec1n b\u1ec9, ti\u1ebft ki\u1ec7m n\u0103ng l\u01b0\u1ee3ng - Gi\u1ea3i ph\u00e1p t\u1ed1i \u01b0u cho d\u00e2y chuy\u1ec1n s\u1ea3n xu\u1ea5t t\u1ef1 \u0111\u1ed9ng. Click xem ngay!\" \/>\n<meta name=\"robots\" content=\"index, follow, max-snippet:-1, max-image-preview:large, max-video-preview:-1\" \/>\n<link rel=\"canonical\" href=\"https:\/\/swoer.vn\/ko\/manufacturer\/bo-cap-phoi-thang-rung-bang-thep-khong-gi-co-do-on-thap\/\" \/>\n<meta property=\"og:locale\" content=\"ko_KR\" \/>\n<meta property=\"og:type\" content=\"article\" \/>\n<meta property=\"og:title\" content=\"B\u1ed9 c\u1ea5p ph\u00f4i thang rung b\u1eb1ng th\u00e9p kh\u00f4ng g\u1ec9 c\u00f3 \u0111\u1ed9 \u1ed3n th\u1ea5p - Nh\u00e0 s\u1ea3n xu\u1ea5t m\u00e1y c\u1ea5p li\u1ec7u c\u00f4ng nghi\u1ec7p\" \/>\n<meta property=\"og:description\" content=\"B\u1ed9 c\u1ea5p ph\u00f4i thang rung th\u00e9p kh\u00f4ng g\u1ec9 ch\u1ea5t l\u01b0\u1ee3ng cao, Thi\u1ebft k\u1ebf b\u1ec1n b\u1ec9, ti\u1ebft ki\u1ec7m n\u0103ng l\u01b0\u1ee3ng - Gi\u1ea3i ph\u00e1p t\u1ed1i \u01b0u cho d\u00e2y chuy\u1ec1n s\u1ea3n xu\u1ea5t t\u1ef1 \u0111\u1ed9ng. Click xem ngay!\" \/>\n<meta property=\"og:url\" content=\"https:\/\/swoer.vn\/ko\/manufacturer\/bo-cap-phoi-thang-rung-bang-thep-khong-gi-co-do-on-thap\/\" \/>\n<meta property=\"og:site_name\" content=\"Nh\u00e0 s\u1ea3n xu\u1ea5t m\u00e1y c\u1ea5p li\u1ec7u c\u00f4ng nghi\u1ec7p\" \/>\n<meta property=\"article:modified_time\" content=\"2025-02-24T07:34:57+00:00\" \/>\n<meta property=\"og:image\" content=\"https:\/\/swoer.vn\/wp-content\/uploads\/2025\/02\/Nha-san-xuat-pheu-rung-bac-thang.webp\" \/>\n\t<meta property=\"og:image:width\" content=\"1000\" \/>\n\t<meta property=\"og:image:height\" content=\"1000\" \/>\n\t<meta property=\"og:image:type\" content=\"image\/webp\" \/>\n<meta name=\"twitter:card\" content=\"summary_large_image\" \/>\n<meta name=\"twitter:label1\" content=\"\uc608\uc0c1 \ub418\ub294 \ud310\ub3c5 \uc2dc\uac04\" \/>\n\t<meta name=\"twitter:data1\" content=\"2\ubd84\" \/>\n<script type=\"application\/ld+json\" class=\"yoast-schema-graph\">{\"@context\":\"https:\/\/schema.org\",\"@graph\":[{\"@type\":\"WebPage\",\"@id\":\"https:\/\/swoer.vn\/manufacturer\/bo-cap-phoi-thang-rung-bang-thep-khong-gi-co-do-on-thap\/\",\"url\":\"https:\/\/swoer.vn\/manufacturer\/bo-cap-phoi-thang-rung-bang-thep-khong-gi-co-do-on-thap\/\",\"name\":\"B\u1ed9 c\u1ea5p ph\u00f4i thang rung b\u1eb1ng th\u00e9p kh\u00f4ng g\u1ec9 c\u00f3 \u0111\u1ed9 \u1ed3n th\u1ea5p - Nh\u00e0 s\u1ea3n xu\u1ea5t m\u00e1y c\u1ea5p li\u1ec7u c\u00f4ng nghi\u1ec7p\",\"isPartOf\":{\"@id\":\"https:\/\/swoer.vn\/#website\"},\"primaryImageOfPage\":{\"@id\":\"https:\/\/swoer.vn\/manufacturer\/bo-cap-phoi-thang-rung-bang-thep-khong-gi-co-do-on-thap\/#primaryimage\"},\"image\":{\"@id\":\"https:\/\/swoer.vn\/manufacturer\/bo-cap-phoi-thang-rung-bang-thep-khong-gi-co-do-on-thap\/#primaryimage\"},\"thumbnailUrl\":\"https:\/\/swoer.vn\/wp-content\/uploads\/2025\/02\/Nha-san-xuat-pheu-rung-bac-thang.webp\",\"datePublished\":\"2025-02-24T07:18:52+00:00\",\"dateModified\":\"2025-02-24T07:34:57+00:00\",\"description\":\"B\u1ed9 c\u1ea5p ph\u00f4i thang rung th\u00e9p kh\u00f4ng g\u1ec9 ch\u1ea5t l\u01b0\u1ee3ng cao, Thi\u1ebft k\u1ebf b\u1ec1n b\u1ec9, ti\u1ebft ki\u1ec7m n\u0103ng l\u01b0\u1ee3ng - Gi\u1ea3i ph\u00e1p t\u1ed1i \u01b0u cho d\u00e2y chuy\u1ec1n s\u1ea3n xu\u1ea5t t\u1ef1 \u0111\u1ed9ng. Click xem ngay!\",\"breadcrumb\":{\"@id\":\"https:\/\/swoer.vn\/manufacturer\/bo-cap-phoi-thang-rung-bang-thep-khong-gi-co-do-on-thap\/#breadcrumb\"},\"inLanguage\":\"ko-KR\",\"potentialAction\":[{\"@type\":\"ReadAction\",\"target\":[\"https:\/\/swoer.vn\/manufacturer\/bo-cap-phoi-thang-rung-bang-thep-khong-gi-co-do-on-thap\/\"]}]},{\"@type\":\"ImageObject\",\"inLanguage\":\"ko-KR\",\"@id\":\"https:\/\/swoer.vn\/manufacturer\/bo-cap-phoi-thang-rung-bang-thep-khong-gi-co-do-on-thap\/#primaryimage\",\"url\":\"https:\/\/swoer.vn\/wp-content\/uploads\/2025\/02\/Nha-san-xuat-pheu-rung-bac-thang.webp\",\"contentUrl\":\"https:\/\/swoer.vn\/wp-content\/uploads\/2025\/02\/Nha-san-xuat-pheu-rung-bac-thang.webp\",\"width\":1000,\"height\":1000,\"caption\":\"Nh\u00e0 s\u1ea3n xu\u1ea5t ph\u1ec5u rung b\u1eadc thang\"},{\"@type\":\"BreadcrumbList\",\"@id\":\"https:\/\/swoer.vn\/manufacturer\/bo-cap-phoi-thang-rung-bang-thep-khong-gi-co-do-on-thap\/#breadcrumb\",\"itemListElement\":[{\"@type\":\"ListItem\",\"position\":1,\"name\":\"Home\",\"item\":\"https:\/\/swoer.vn\/\"},{\"@type\":\"ListItem\",\"position\":2,\"name\":\"S\u1ea3n ph\u1ea9m\",\"item\":\"https:\/\/swoer.vn\/shop\/\"},{\"@type\":\"ListItem\",\"position\":3,\"name\":\"B\u1ed9 c\u1ea5p ph\u00f4i thang rung b\u1eb1ng th\u00e9p kh\u00f4ng g\u1ec9 c\u00f3 \u0111\u1ed9 \u1ed3n th\u1ea5p\"}]},{\"@type\":\"WebSite\",\"@id\":\"https:\/\/swoer.vn\/#website\",\"url\":\"https:\/\/swoer.vn\/\",\"name\":\"Nh\u00e0 s\u1ea3n xu\u1ea5t m\u00e1y c\u1ea5p li\u1ec7u c\u00f4ng nghi\u1ec7p\",\"description\":\"Nh\u00e0 cung c\u1ea5p robot, m\u00e1y c\u1ea5p li\u1ec7u linh ho\u1ea1t, m\u00e1y c\u1ea5p li\u1ec7u ly t\u00e2m, m\u00e1y c\u1ea5p li\u1ec7u rung t\u1ef1 \u0111\u1ed9ng\",\"potentialAction\":[{\"@type\":\"SearchAction\",\"target\":{\"@type\":\"EntryPoint\",\"urlTemplate\":\"https:\/\/swoer.vn\/?s={search_term_string}\"},\"query-input\":{\"@type\":\"PropertyValueSpecification\",\"valueRequired\":true,\"valueName\":\"search_term_string\"}}],\"inLanguage\":\"ko-KR\"}]}<\/script>\n<!-- \/ Yoast SEO plugin. -->","yoast_head_json":{"title":"\uc800\uc18c\uc74c \uc2a4\ud14c\uc778\ub9ac\uc2a4 \uc2a4\ud2f8 \uc9c4\ub3d9 \uc0ac\ub2e4\ub9ac \ud53c\ub354 - \uc0b0\uc5c5\uc6a9 \ud53c\ub354 \uc81c\uc870\uc5c5\uccb4","description":"\uace0\ud488\uc9c8 \uc2a4\ud14c\uc778\ub9ac\uc2a4 \uc2a4\ud2f8 \uc9c4\ub3d9 \uc0ac\ub2e4\ub9ac \uacf5\uae09\uae30, \ub0b4\uad6c\uc131 \uc788\ub294 \ub514\uc790\uc778, \uc5d0\ub108\uc9c0 \uc808\uc57d - \uc790\ub3d9 \uc0dd\uc0b0 \ub77c\uc778\uc744 \uc704\ud55c \ucd5c\uc801\uc758 \uc194\ub8e8\uc158\uc785\ub2c8\ub2e4. \uc9c0\uae08 \ud074\ub9ad\ud574\uc11c \ubcf4\uc138\uc694!","robots":{"index":"index","follow":"follow","max-snippet":"max-snippet:-1","max-image-preview":"max-image-preview:large","max-video-preview":"max-video-preview:-1"},"canonical":"https:\/\/swoer.vn\/ko\/manufacturer\/bo-cap-phoi-thang-rung-bang-thep-khong-gi-co-do-on-thap\/","og_locale":"ko_KR","og_type":"article","og_title":"B\u1ed9 c\u1ea5p ph\u00f4i thang rung b\u1eb1ng th\u00e9p kh\u00f4ng g\u1ec9 c\u00f3 \u0111\u1ed9 \u1ed3n th\u1ea5p - Nh\u00e0 s\u1ea3n xu\u1ea5t m\u00e1y c\u1ea5p li\u1ec7u c\u00f4ng nghi\u1ec7p","og_description":"B\u1ed9 c\u1ea5p ph\u00f4i thang rung th\u00e9p kh\u00f4ng g\u1ec9 ch\u1ea5t l\u01b0\u1ee3ng cao, Thi\u1ebft k\u1ebf b\u1ec1n b\u1ec9, ti\u1ebft ki\u1ec7m n\u0103ng l\u01b0\u1ee3ng - Gi\u1ea3i ph\u00e1p t\u1ed1i \u01b0u cho d\u00e2y chuy\u1ec1n s\u1ea3n xu\u1ea5t t\u1ef1 \u0111\u1ed9ng. Click xem ngay!","og_url":"https:\/\/swoer.vn\/ko\/manufacturer\/bo-cap-phoi-thang-rung-bang-thep-khong-gi-co-do-on-thap\/","og_site_name":"Nh\u00e0 s\u1ea3n xu\u1ea5t m\u00e1y c\u1ea5p li\u1ec7u c\u00f4ng nghi\u1ec7p","article_modified_time":"2025-02-24T07:34:57+00:00","og_image":[{"width":1000,"height":1000,"url":"https:\/\/swoer.vn\/wp-content\/uploads\/2025\/02\/Nha-san-xuat-pheu-rung-bac-thang.webp","type":"image\/webp"}],"twitter_card":"summary_large_image","twitter_misc":{"\uc608\uc0c1 \ub418\ub294 \ud310\ub3c5 \uc2dc\uac04":"2\ubd84"},"schema":{"@context":"https:\/\/schema.org","@graph":[{"@type":"WebPage","@id":"https:\/\/swoer.vn\/manufacturer\/bo-cap-phoi-thang-rung-bang-thep-khong-gi-co-do-on-thap\/","url":"https:\/\/swoer.vn\/manufacturer\/bo-cap-phoi-thang-rung-bang-thep-khong-gi-co-do-on-thap\/","name":"\uc800\uc18c\uc74c \uc2a4\ud14c\uc778\ub9ac\uc2a4 \uc2a4\ud2f8 \uc9c4\ub3d9 \uc0ac\ub2e4\ub9ac \ud53c\ub354 - \uc0b0\uc5c5\uc6a9 \ud53c\ub354 \uc81c\uc870\uc5c5\uccb4","isPartOf":{"@id":"https:\/\/swoer.vn\/#website"},"primaryImageOfPage":{"@id":"https:\/\/swoer.vn\/manufacturer\/bo-cap-phoi-thang-rung-bang-thep-khong-gi-co-do-on-thap\/#primaryimage"},"image":{"@id":"https:\/\/swoer.vn\/manufacturer\/bo-cap-phoi-thang-rung-bang-thep-khong-gi-co-do-on-thap\/#primaryimage"},"thumbnailUrl":"https:\/\/swoer.vn\/wp-content\/uploads\/2025\/02\/Nha-san-xuat-pheu-rung-bac-thang.webp","datePublished":"2025-02-24T07:18:52+00:00","dateModified":"2025-02-24T07:34:57+00:00","description":"\uace0\ud488\uc9c8 \uc2a4\ud14c\uc778\ub9ac\uc2a4 \uc2a4\ud2f8 \uc9c4\ub3d9 \uc0ac\ub2e4\ub9ac \uacf5\uae09\uae30, \ub0b4\uad6c\uc131 \uc788\ub294 \ub514\uc790\uc778, \uc5d0\ub108\uc9c0 \uc808\uc57d - \uc790\ub3d9 \uc0dd\uc0b0 \ub77c\uc778\uc744 \uc704\ud55c \ucd5c\uc801\uc758 \uc194\ub8e8\uc158\uc785\ub2c8\ub2e4. \uc9c0\uae08 \ud074\ub9ad\ud574\uc11c \ubcf4\uc138\uc694!","breadcrumb":{"@id":"https:\/\/swoer.vn\/manufacturer\/bo-cap-phoi-thang-rung-bang-thep-khong-gi-co-do-on-thap\/#breadcrumb"},"inLanguage":"ko-KR","potentialAction":[{"@type":"ReadAction","target":["https:\/\/swoer.vn\/manufacturer\/bo-cap-phoi-thang-rung-bang-thep-khong-gi-co-do-on-thap\/"]}]},{"@type":"ImageObject","inLanguage":"ko-KR","@id":"https:\/\/swoer.vn\/manufacturer\/bo-cap-phoi-thang-rung-bang-thep-khong-gi-co-do-on-thap\/#primaryimage","url":"https:\/\/swoer.vn\/wp-content\/uploads\/2025\/02\/Nha-san-xuat-pheu-rung-bac-thang.webp","contentUrl":"https:\/\/swoer.vn\/wp-content\/uploads\/2025\/02\/Nha-san-xuat-pheu-rung-bac-thang.webp","width":1000,"height":1000,"caption":"Nh\u00e0 s\u1ea3n xu\u1ea5t ph\u1ec5u rung b\u1eadc thang"},{"@type":"BreadcrumbList","@id":"https:\/\/swoer.vn\/manufacturer\/bo-cap-phoi-thang-rung-bang-thep-khong-gi-co-do-on-thap\/#breadcrumb","itemListElement":[{"@type":"ListItem","position":1,"name":"Home","item":"https:\/\/swoer.vn\/"},{"@type":"ListItem","position":2,"name":"S\u1ea3n ph\u1ea9m","item":"https:\/\/swoer.vn\/shop\/"},{"@type":"ListItem","position":3,"name":"B\u1ed9 c\u1ea5p ph\u00f4i thang rung b\u1eb1ng th\u00e9p kh\u00f4ng g\u1ec9 c\u00f3 \u0111\u1ed9 \u1ed3n th\u1ea5p"}]},{"@type":"WebSite","@id":"https:\/\/swoer.vn\/#website","url":"https:\/\/swoer.vn\/","name":"\uc0b0\uc5c5\uc6a9 \ud53c\ub354 \uc81c\uc870\uc5c5\uccb4","description":"\ub85c\ubd07, \ud50c\ub809\uc2dc\ube14 \ud53c\ub354, \uc6d0\uc2ec \ud53c\ub354, \uc790\ub3d9 \uc9c4\ub3d9 \ud53c\ub354 \uacf5\uae09\uc5c5\uccb4","potentialAction":[{"@type":"SearchAction","target":{"@type":"EntryPoint","urlTemplate":"https:\/\/swoer.vn\/?s={search_term_string}"},"query-input":{"@type":"PropertyValueSpecification","valueRequired":true,"valueName":"search_term_string"}}],"inLanguage":"ko-KR"}]}},"_links":{"self":[{"href":"https:\/\/swoer.vn\/ko\/wp-json\/wp\/v2\/product\/1776","targetHints":{"allow":["GET"]}}],"collection":[{"href":"https:\/\/swoer.vn\/ko\/wp-json\/wp\/v2\/product"}],"about":[{"href":"https:\/\/swoer.vn\/ko\/wp-json\/wp\/v2\/types\/product"}],"replies":[{"embeddable":true,"href":"https:\/\/swoer.vn\/ko\/wp-json\/wp\/v2\/comments?post=1776"}],"wp:featuredmedia":[{"embeddable":true,"href":"https:\/\/swoer.vn\/ko\/wp-json\/wp\/v2\/media\/1777"}],"wp:attachment":[{"href":"https:\/\/swoer.vn\/ko\/wp-json\/wp\/v2\/media?parent=1776"}],"wp:term":[{"taxonomy":"product_brand","embeddable":true,"href":"https:\/\/swoer.vn\/ko\/wp-json\/wp\/v2\/product_brand?post=1776"},{"taxonomy":"product_cat","embeddable":true,"href":"https:\/\/swoer.vn\/ko\/wp-json\/wp\/v2\/product_cat?post=1776"},{"taxonomy":"product_tag","embeddable":true,"href":"https:\/\/swoer.vn\/ko\/wp-json\/wp\/v2\/product_tag?post=1776"}],"curies":[{"name":"wp","href":"https:\/\/api.w.org\/{rel}","templated":true}]}}