{"id":1770,"date":"2025-02-24T13:49:18","date_gmt":"2025-02-24T06:49:18","guid":{"rendered":"https:\/\/swoer.vn\/?post_type=product&#038;p=1770"},"modified":"2025-02-24T14:51:14","modified_gmt":"2025-02-24T07:51:14","slug":"may-cap-lieu-bac-thang-rung","status":"publish","type":"product","link":"https:\/\/swoer.vn\/ko\/manufacturer\/may-cap-lieu-bac-thang-rung\/","title":{"rendered":"\uc9c4\ub3d9 \uc0ac\ub2e4\ub9ac \uacf5\uae09\uae30"},"content":{"rendered":"<h2>\uc9c4\ub3d9\uc2dd \uacf5\uae09\uae30\ub97c \uac16\ucd98 \uc0ac\ub2e4\ub9ac\ud615 \uacf5\uae09 \uc2dc\uc2a4\ud15c<\/h2>\n<ul>\n<li><strong>\ud6a8\uc728\uc801\uc774\uace0 \uc548\uc815\uc801\uc778 \ub514\uc790\uc778<\/strong><\/li>\n<\/ul>\n<p>\uc0ac\ub2e4\ub9ac\ud615 \uacf5\uae09\uae30\ub294 \uac04\ub2e8\ud558\uba74\uc11c\ub3c4 \ud6a8\uc728\uc801\uc778 \uc124\uacc4\ub97c \ud2b9\uc9d5\uc73c\ub85c \ud558\uba70, \ubd80\ud488\uc744 \uc6d0\ud558\ub294 \uc704\uce58\ub85c \uc815\ud655\ud558\uac8c \ub4e4\uc5b4 \uc62c\ub824\uc11c \uc804\ub2ec\ud560 \uc218 \uc788\uc2b5\ub2c8\ub2e4. \uc774\ub97c \ud1b5\ud574 \uc624\ub958\uac00 \uc904\uc5b4\ub4e4\uace0 \uc804\ubc18\uc801\uc778 \uc0dd\uc0b0\uc131\uc774 \ud5a5\uc0c1\ub429\ub2c8\ub2e4.<\/p>\n<ul>\n<li><strong>\uc9c4\ub3d9\uc2dd \ud53c\ub354\uc640\uc758 \uc644\ubcbd\ud55c \ud638\ud658\uc131<\/strong><\/li>\n<\/ul>\n<p>\uc774 \ud53c\ub354\ub294 \uc9c4\ub3d9 \ud53c\ub354\uc640 \uc644\ubcbd\ud558\uac8c \uc791\ub3d9\ud558\ub3c4\ub85d \uc124\uacc4\ub418\uc5b4 \uc6d0\ud65c\ud55c \uc791\ub3d9\uc744 \ubcf4\uc7a5\ud558\uace0 \ub2e4\uc591\ud55c \uc0dd\uc0b0 \ud658\uacbd\uc5d0 \uc27d\uac8c \ud1b5\ud569\ud560 \uc218 \uc788\uc2b5\ub2c8\ub2e4.<\/p>\n<ul>\n<li><strong>\ub2e4\uc591\ud55c \uc751\uc6a9 \ubd84\uc57c\uc5d0 \ub300\ud55c \uc720\uc5f0\uc131<\/strong><\/li>\n<\/ul>\n<p>\uc791\uace0 \ubcf5\uc7a1\ud55c \ubd80\ud488\uc774\ub098 \ub300\ud615 \uad6c\uc131\ud488\uc744 \ucc98\ub9ac\ud558\ub294 \uacbd\uc6b0, \uc2a4\ud15d \ud53c\ub354\ub294 \ub2e4\uc591\ud55c \uc0b0\uc5c5\uc758 \ud2b9\uc815 \uc694\uad6c \uc0ac\ud56d\uc744 \ucda9\uc871\ud558\ub3c4\ub85d \uc0ac\uc6a9\uc790 \uc815\uc758\uac00 \uac00\ub2a5\ud569\ub2c8\ub2e4.<\/p>\n<ul>\n<li><strong>\uc18c\uc74c \ubc0f \uc5d0\ub108\uc9c0 \uc18c\ubaa8 \uac10\uc18c<\/strong><\/li>\n<\/ul>\n<p>\uae30\uc874\uc758 \uacf5\uae09 \uc2dc\uc2a4\ud15c\uc5d0 \ube44\ud574 \uc2a4\ud15d \ud53c\ub354\ub294 \ub354 \uc870\uc6a9\ud558\uac8c \uc791\ub3d9\ud558\uace0 \uc5d0\ub108\uc9c0 \ud6a8\uc728\uc131\uc774 \ub6f0\uc5b4\ub098 \uc5c4\uaca9\ud55c \uc18c\uc74c \ubc0f \uc5d0\ub108\uc9c0 \uae30\uc900\uc774 \uc801\uc6a9\ub418\ub294 \ud658\uacbd\uc5d0 \uc774\uc0c1\uc801\uc785\ub2c8\ub2e4.<\/p>\n<ul>\n<li><strong>\ub0b4\uad6c\uc131\uc774 \ub6f0\uc5b4\ub098\uace0 \uc720\uc9c0\uad00\ub9ac\uac00 \uc27d\uc2b5\ub2c8\ub2e4.<\/strong><\/li>\n<\/ul>\n<p>\uace0\ud488\uc9c8 \uc18c\uc7ac\ub85c \uc81c\uc791\ub41c \uc2a4\ud15d \ud53c\ub354\ub294 \ub192\uc740 \ub0b4\uad6c\uc131\uacfc \uac04\ub2e8\ud55c \ub514\uc790\uc778\uc744 \ud2b9\uc9d5\uc73c\ub85c \ud558\uba70, \uc190\uc26c\uc6b4 \uc720\uc9c0\uad00\ub9ac\uc640 \uc7a5\uae30 \uc6b4\uc601 \ube44\uc6a9 \uc808\uac10\uc744 \ubcf4\uc7a5\ud569\ub2c8\ub2e4.<\/p>","protected":false},"excerpt":{"rendered":"<p>\uc2a4\ud15d \ud53c\ub354\ub294 \uc790\ub3d9 \uacf5\uae09\uc744 \uc704\ud574 \ud6a8\uc728\uc131\uacfc \uc815\ubc00\uc131\uc744 \uacb0\ud569\ud588\uc2b5\ub2c8\ub2e4. \uc9c4\ub3d9\uc2dd \ud53c\ub354\uc640 \uc6d0\ud65c\ud558\uac8c \uc791\ub3d9\ud558\ub3c4\ub85d \uc124\uacc4\ub418\uc5b4 \uc6d0\ud65c\ud55c \uc791\ub3d9\uacfc \uad11\ubc94\uc704\ud55c \uc751\uc6a9 \ubd84\uc57c\uc5d0 \ub300\ud55c \uc801\uc751\uc131\uc744 \ubcf4\uc7a5\ud569\ub2c8\ub2e4.<\/p>","protected":false},"featured_media":1771,"comment_status":"open","ping_status":"closed","template":"","meta":[],"product_brand":[],"product_cat":[37],"product_tag":[40,38,41],"class_list":{"0":"post-1770","1":"product","2":"type-product","3":"status-publish","4":"has-post-thumbnail","6":"product_cat-may-cap-lieu-dang-bac-thang","7":"product_tag-bang-tai-rung-bac-thang","8":"product_tag-bat-rung-bac-thang","9":"product_tag-may-cap-lieu-bac-thang-rung","11":"first","12":"instock","13":"shipping-taxable","14":"product-type-simple"},"yoast_head":"<!-- This site is optimized with the Yoast SEO plugin v26.0 - https:\/\/yoast.com\/wordpress\/plugins\/seo\/ -->\n<title>M\u00e1y c\u1ea5p li\u1ec7u b\u1eadc thang rung - Nh\u00e0 s\u1ea3n xu\u1ea5t m\u00e1y c\u1ea5p li\u1ec7u c\u00f4ng nghi\u1ec7p<\/title>\n<meta name=\"description\" content=\"Gi\u1ea3i ph\u00e1p t\u1ef1 \u0111\u1ed9ng h\u00f3a c\u1ea5p ph\u00f4i ch\u00ednh x\u00e1c, v\u1eadn h\u00e0nh \u00eam \u00e1i (&lt;65dB). T\u0103ng 25% hi\u1ec7u su\u1ea5t, ti\u1ebft ki\u1ec7m chi ph\u00ed. \u1ee8ng d\u1ee5ng ngay cho ng\u00e0nh c\u01a1 kh\u00ed, \u0111i\u1ec7n t\u1eed, \u00f4 t\u00f4!\" \/>\n<meta name=\"robots\" content=\"index, follow, max-snippet:-1, max-image-preview:large, max-video-preview:-1\" \/>\n<link rel=\"canonical\" href=\"https:\/\/swoer.vn\/ko\/manufacturer\/may-cap-lieu-bac-thang-rung\/\" \/>\n<meta property=\"og:locale\" content=\"ko_KR\" \/>\n<meta property=\"og:type\" content=\"article\" \/>\n<meta property=\"og:title\" content=\"M\u00e1y c\u1ea5p li\u1ec7u b\u1eadc thang rung - Nh\u00e0 s\u1ea3n xu\u1ea5t m\u00e1y c\u1ea5p li\u1ec7u c\u00f4ng nghi\u1ec7p\" \/>\n<meta property=\"og:description\" content=\"Gi\u1ea3i ph\u00e1p t\u1ef1 \u0111\u1ed9ng h\u00f3a c\u1ea5p ph\u00f4i ch\u00ednh x\u00e1c, v\u1eadn h\u00e0nh \u00eam \u00e1i (&lt;65dB). T\u0103ng 25% hi\u1ec7u su\u1ea5t, ti\u1ebft ki\u1ec7m chi ph\u00ed. \u1ee8ng d\u1ee5ng ngay cho ng\u00e0nh c\u01a1 kh\u00ed, \u0111i\u1ec7n t\u1eed, \u00f4 t\u00f4!\" \/>\n<meta property=\"og:url\" content=\"https:\/\/swoer.vn\/ko\/manufacturer\/may-cap-lieu-bac-thang-rung\/\" \/>\n<meta property=\"og:site_name\" content=\"Nh\u00e0 s\u1ea3n xu\u1ea5t m\u00e1y c\u1ea5p li\u1ec7u c\u00f4ng nghi\u1ec7p\" \/>\n<meta property=\"article:modified_time\" content=\"2025-02-24T07:51:14+00:00\" \/>\n<meta property=\"og:image\" content=\"https:\/\/swoer.vn\/wp-content\/uploads\/2025\/02\/May-cap-lieu-bac-thang-rung.webp\" \/>\n\t<meta property=\"og:image:width\" content=\"1000\" \/>\n\t<meta property=\"og:image:height\" content=\"1000\" \/>\n\t<meta property=\"og:image:type\" content=\"image\/webp\" \/>\n<meta name=\"twitter:card\" content=\"summary_large_image\" \/>\n<meta name=\"twitter:label1\" content=\"\uc608\uc0c1 \ub418\ub294 \ud310\ub3c5 \uc2dc\uac04\" \/>\n\t<meta name=\"twitter:data1\" content=\"2\ubd84\" \/>\n<script type=\"application\/ld+json\" class=\"yoast-schema-graph\">{\"@context\":\"https:\/\/schema.org\",\"@graph\":[{\"@type\":\"WebPage\",\"@id\":\"https:\/\/swoer.vn\/manufacturer\/may-cap-lieu-bac-thang-rung\/\",\"url\":\"https:\/\/swoer.vn\/manufacturer\/may-cap-lieu-bac-thang-rung\/\",\"name\":\"M\u00e1y c\u1ea5p li\u1ec7u b\u1eadc thang rung - Nh\u00e0 s\u1ea3n xu\u1ea5t m\u00e1y c\u1ea5p li\u1ec7u c\u00f4ng nghi\u1ec7p\",\"isPartOf\":{\"@id\":\"https:\/\/swoer.vn\/#website\"},\"primaryImageOfPage\":{\"@id\":\"https:\/\/swoer.vn\/manufacturer\/may-cap-lieu-bac-thang-rung\/#primaryimage\"},\"image\":{\"@id\":\"https:\/\/swoer.vn\/manufacturer\/may-cap-lieu-bac-thang-rung\/#primaryimage\"},\"thumbnailUrl\":\"https:\/\/swoer.vn\/wp-content\/uploads\/2025\/02\/May-cap-lieu-bac-thang-rung.webp\",\"datePublished\":\"2025-02-24T06:49:18+00:00\",\"dateModified\":\"2025-02-24T07:51:14+00:00\",\"description\":\"Gi\u1ea3i ph\u00e1p t\u1ef1 \u0111\u1ed9ng h\u00f3a c\u1ea5p ph\u00f4i ch\u00ednh x\u00e1c, v\u1eadn h\u00e0nh \u00eam \u00e1i (&lt;65dB). T\u0103ng 25% hi\u1ec7u su\u1ea5t, ti\u1ebft ki\u1ec7m chi ph\u00ed. \u1ee8ng d\u1ee5ng ngay cho ng\u00e0nh c\u01a1 kh\u00ed, \u0111i\u1ec7n t\u1eed, \u00f4 t\u00f4!\",\"breadcrumb\":{\"@id\":\"https:\/\/swoer.vn\/manufacturer\/may-cap-lieu-bac-thang-rung\/#breadcrumb\"},\"inLanguage\":\"ko-KR\",\"potentialAction\":[{\"@type\":\"ReadAction\",\"target\":[\"https:\/\/swoer.vn\/manufacturer\/may-cap-lieu-bac-thang-rung\/\"]}]},{\"@type\":\"ImageObject\",\"inLanguage\":\"ko-KR\",\"@id\":\"https:\/\/swoer.vn\/manufacturer\/may-cap-lieu-bac-thang-rung\/#primaryimage\",\"url\":\"https:\/\/swoer.vn\/wp-content\/uploads\/2025\/02\/May-cap-lieu-bac-thang-rung.webp\",\"contentUrl\":\"https:\/\/swoer.vn\/wp-content\/uploads\/2025\/02\/May-cap-lieu-bac-thang-rung.webp\",\"width\":1000,\"height\":1000,\"caption\":\"M\u00e1y c\u1ea5p li\u1ec7u b\u1eadc thang rung\"},{\"@type\":\"BreadcrumbList\",\"@id\":\"https:\/\/swoer.vn\/manufacturer\/may-cap-lieu-bac-thang-rung\/#breadcrumb\",\"itemListElement\":[{\"@type\":\"ListItem\",\"position\":1,\"name\":\"Home\",\"item\":\"https:\/\/swoer.vn\/\"},{\"@type\":\"ListItem\",\"position\":2,\"name\":\"S\u1ea3n ph\u1ea9m\",\"item\":\"https:\/\/swoer.vn\/shop\/\"},{\"@type\":\"ListItem\",\"position\":3,\"name\":\"M\u00e1y c\u1ea5p li\u1ec7u b\u1eadc thang rung\"}]},{\"@type\":\"WebSite\",\"@id\":\"https:\/\/swoer.vn\/#website\",\"url\":\"https:\/\/swoer.vn\/\",\"name\":\"Nh\u00e0 s\u1ea3n xu\u1ea5t m\u00e1y c\u1ea5p li\u1ec7u c\u00f4ng nghi\u1ec7p\",\"description\":\"Nh\u00e0 cung c\u1ea5p robot, m\u00e1y c\u1ea5p li\u1ec7u linh ho\u1ea1t, m\u00e1y c\u1ea5p li\u1ec7u ly t\u00e2m, m\u00e1y c\u1ea5p li\u1ec7u rung t\u1ef1 \u0111\u1ed9ng\",\"potentialAction\":[{\"@type\":\"SearchAction\",\"target\":{\"@type\":\"EntryPoint\",\"urlTemplate\":\"https:\/\/swoer.vn\/?s={search_term_string}\"},\"query-input\":{\"@type\":\"PropertyValueSpecification\",\"valueRequired\":true,\"valueName\":\"search_term_string\"}}],\"inLanguage\":\"ko-KR\"}]}<\/script>\n<!-- \/ Yoast SEO plugin. -->","yoast_head_json":{"title":"\uc9c4\ub3d9 \uc0ac\ub2e4\ub9ac \ud53c\ub354 - \uc0b0\uc5c5\uc6a9 \ud53c\ub354 \uc81c\uc870\uc5c5\uccb4","description":"\uc815\ud655\ud558\uace0 \uc870\uc6a9\ud55c(&lt;65dB) \uc790\ub3d9 \uacf5\uae09 \uc194\ub8e8\uc158\uc785\ub2c8\ub2e4. 25%\ub294 \uc131\ub2a5\uc744 \ub192\uc774\uace0 \ube44\uc6a9\uc744 \uc808\uac10\ud569\ub2c8\ub2e4. \uc9c0\uae08 \ubc14\ub85c \uae30\uacc4, \uc804\uc790, \uc790\ub3d9\ucc28 \uc0b0\uc5c5\uc5d0 \uc9c0\uc6d0\ud558\uc138\uc694!","robots":{"index":"index","follow":"follow","max-snippet":"max-snippet:-1","max-image-preview":"max-image-preview:large","max-video-preview":"max-video-preview:-1"},"canonical":"https:\/\/swoer.vn\/ko\/manufacturer\/may-cap-lieu-bac-thang-rung\/","og_locale":"ko_KR","og_type":"article","og_title":"M\u00e1y c\u1ea5p li\u1ec7u b\u1eadc thang rung - Nh\u00e0 s\u1ea3n xu\u1ea5t m\u00e1y c\u1ea5p li\u1ec7u c\u00f4ng nghi\u1ec7p","og_description":"Gi\u1ea3i ph\u00e1p t\u1ef1 \u0111\u1ed9ng h\u00f3a c\u1ea5p ph\u00f4i ch\u00ednh x\u00e1c, v\u1eadn h\u00e0nh \u00eam \u00e1i (&lt;65dB). T\u0103ng 25% hi\u1ec7u su\u1ea5t, ti\u1ebft ki\u1ec7m chi ph\u00ed. \u1ee8ng d\u1ee5ng ngay cho ng\u00e0nh c\u01a1 kh\u00ed, \u0111i\u1ec7n t\u1eed, \u00f4 t\u00f4!","og_url":"https:\/\/swoer.vn\/ko\/manufacturer\/may-cap-lieu-bac-thang-rung\/","og_site_name":"Nh\u00e0 s\u1ea3n xu\u1ea5t m\u00e1y c\u1ea5p li\u1ec7u c\u00f4ng nghi\u1ec7p","article_modified_time":"2025-02-24T07:51:14+00:00","og_image":[{"width":1000,"height":1000,"url":"https:\/\/swoer.vn\/wp-content\/uploads\/2025\/02\/May-cap-lieu-bac-thang-rung.webp","type":"image\/webp"}],"twitter_card":"summary_large_image","twitter_misc":{"\uc608\uc0c1 \ub418\ub294 \ud310\ub3c5 \uc2dc\uac04":"2\ubd84"},"schema":{"@context":"https:\/\/schema.org","@graph":[{"@type":"WebPage","@id":"https:\/\/swoer.vn\/manufacturer\/may-cap-lieu-bac-thang-rung\/","url":"https:\/\/swoer.vn\/manufacturer\/may-cap-lieu-bac-thang-rung\/","name":"\uc9c4\ub3d9 \uc0ac\ub2e4\ub9ac \ud53c\ub354 - \uc0b0\uc5c5\uc6a9 \ud53c\ub354 \uc81c\uc870\uc5c5\uccb4","isPartOf":{"@id":"https:\/\/swoer.vn\/#website"},"primaryImageOfPage":{"@id":"https:\/\/swoer.vn\/manufacturer\/may-cap-lieu-bac-thang-rung\/#primaryimage"},"image":{"@id":"https:\/\/swoer.vn\/manufacturer\/may-cap-lieu-bac-thang-rung\/#primaryimage"},"thumbnailUrl":"https:\/\/swoer.vn\/wp-content\/uploads\/2025\/02\/May-cap-lieu-bac-thang-rung.webp","datePublished":"2025-02-24T06:49:18+00:00","dateModified":"2025-02-24T07:51:14+00:00","description":"\uc815\ud655\ud558\uace0 \uc870\uc6a9\ud55c(&lt;65dB) \uc790\ub3d9 \uacf5\uae09 \uc194\ub8e8\uc158\uc785\ub2c8\ub2e4. 25%\ub294 \uc131\ub2a5\uc744 \ub192\uc774\uace0 \ube44\uc6a9\uc744 \uc808\uac10\ud569\ub2c8\ub2e4. \uc9c0\uae08 \ubc14\ub85c \uae30\uacc4, \uc804\uc790, \uc790\ub3d9\ucc28 \uc0b0\uc5c5\uc5d0 \uc9c0\uc6d0\ud558\uc138\uc694!","breadcrumb":{"@id":"https:\/\/swoer.vn\/manufacturer\/may-cap-lieu-bac-thang-rung\/#breadcrumb"},"inLanguage":"ko-KR","potentialAction":[{"@type":"ReadAction","target":["https:\/\/swoer.vn\/manufacturer\/may-cap-lieu-bac-thang-rung\/"]}]},{"@type":"ImageObject","inLanguage":"ko-KR","@id":"https:\/\/swoer.vn\/manufacturer\/may-cap-lieu-bac-thang-rung\/#primaryimage","url":"https:\/\/swoer.vn\/wp-content\/uploads\/2025\/02\/May-cap-lieu-bac-thang-rung.webp","contentUrl":"https:\/\/swoer.vn\/wp-content\/uploads\/2025\/02\/May-cap-lieu-bac-thang-rung.webp","width":1000,"height":1000,"caption":"M\u00e1y c\u1ea5p li\u1ec7u b\u1eadc thang rung"},{"@type":"BreadcrumbList","@id":"https:\/\/swoer.vn\/manufacturer\/may-cap-lieu-bac-thang-rung\/#breadcrumb","itemListElement":[{"@type":"ListItem","position":1,"name":"Home","item":"https:\/\/swoer.vn\/"},{"@type":"ListItem","position":2,"name":"S\u1ea3n ph\u1ea9m","item":"https:\/\/swoer.vn\/shop\/"},{"@type":"ListItem","position":3,"name":"M\u00e1y c\u1ea5p li\u1ec7u b\u1eadc thang rung"}]},{"@type":"WebSite","@id":"https:\/\/swoer.vn\/#website","url":"https:\/\/swoer.vn\/","name":"\uc0b0\uc5c5\uc6a9 \ud53c\ub354 \uc81c\uc870\uc5c5\uccb4","description":"\ub85c\ubd07, \ud50c\ub809\uc2dc\ube14 \ud53c\ub354, \uc6d0\uc2ec \ud53c\ub354, \uc790\ub3d9 \uc9c4\ub3d9 \ud53c\ub354 \uacf5\uae09\uc5c5\uccb4","potentialAction":[{"@type":"SearchAction","target":{"@type":"EntryPoint","urlTemplate":"https:\/\/swoer.vn\/?s={search_term_string}"},"query-input":{"@type":"PropertyValueSpecification","valueRequired":true,"valueName":"search_term_string"}}],"inLanguage":"ko-KR"}]}},"_links":{"self":[{"href":"https:\/\/swoer.vn\/ko\/wp-json\/wp\/v2\/product\/1770","targetHints":{"allow":["GET"]}}],"collection":[{"href":"https:\/\/swoer.vn\/ko\/wp-json\/wp\/v2\/product"}],"about":[{"href":"https:\/\/swoer.vn\/ko\/wp-json\/wp\/v2\/types\/product"}],"replies":[{"embeddable":true,"href":"https:\/\/swoer.vn\/ko\/wp-json\/wp\/v2\/comments?post=1770"}],"wp:featuredmedia":[{"embeddable":true,"href":"https:\/\/swoer.vn\/ko\/wp-json\/wp\/v2\/media\/1771"}],"wp:attachment":[{"href":"https:\/\/swoer.vn\/ko\/wp-json\/wp\/v2\/media?parent=1770"}],"wp:term":[{"taxonomy":"product_brand","embeddable":true,"href":"https:\/\/swoer.vn\/ko\/wp-json\/wp\/v2\/product_brand?post=1770"},{"taxonomy":"product_cat","embeddable":true,"href":"https:\/\/swoer.vn\/ko\/wp-json\/wp\/v2\/product_cat?post=1770"},{"taxonomy":"product_tag","embeddable":true,"href":"https:\/\/swoer.vn\/ko\/wp-json\/wp\/v2\/product_tag?post=1770"}],"curies":[{"name":"wp","href":"https:\/\/api.w.org\/{rel}","templated":true}]}}