{"id":1765,"date":"2025-02-24T13:20:16","date_gmt":"2025-02-24T06:20:16","guid":{"rendered":"https:\/\/swoer.vn\/?post_type=product&#038;p=1765"},"modified":"2025-02-24T14:50:48","modified_gmt":"2025-02-24T07:50:48","slug":"bo-cap-phoi-tu-dong-bang-tai-thang-may-pheu","status":"publish","type":"product","link":"https:\/\/swoer.vn\/ko\/manufacturer\/bo-cap-phoi-tu-dong-bang-tai-thang-may-pheu\/","title":{"rendered":"\ud638\ud37c \uc5d8\ub9ac\ubca0\uc774\ud130 \ucee8\ubca0\uc774\uc5b4 \uc790\ub3d9 \uacf5\uae09\uae30"},"content":{"rendered":"<p>\ub2f9\uc0ac\uc758 \ucca8\ub2e8 \ud638\ud37c \ub9ac\ud504\ud2b8 \ucee8\ubca0\uc774\uc5b4 \uc790\ub3d9\ud654 \uc194\ub8e8\uc158\uc73c\ub85c \uc6d0\ud65c\ud55c \ubb3c\ub958 \ucc98\ub9ac \ud6a8\uc728\uc131\uc744 \uacbd\ud5d8\ud574 \ubcf4\uc138\uc694. \uc2e0\ub8b0\uc131\uacfc \uc815\ud655\uc131\uc744 \uace0\ub824\ud558\uc5ec \uc124\uacc4\ub41c \ub2f9\uc0ac \uc2dc\uc2a4\ud15c\uc740 \ub2e4\uc591\ud55c \uc0dd\uc0b0 \ub2e8\uacc4 \uac04\uc5d0 \uc790\uc7ac\ub97c \uc6d0\ud65c\ud558\uac8c \uc804\ub2ec\ud558\uc5ec \uc6cc\ud06c\ud50c\ub85c\ub97c \ucd5c\uc801\ud654\ud569\ub2c8\ub2e4. \ucca8\ub2e8 \uacf5\uc555 \uae30\uc220\ub85c \uc124\uacc4\ub41c \uc774 \uc2dc\uc2a4\ud15c\uc740 \uc6d0\ud65c\ud558\uace0 \ud6a8\uc728\uc801\uc778 \uc218\uc9c1 \uc774\ub3d9\uc744 \ubcf4\uc7a5\ud558\uc5ec \uc0dd\uc0b0\uc131\uc744 \ud5a5\uc0c1\uc2dc\ud0a4\uace0 \uac00\ub3d9 \uc911\uc9c0 \uc2dc\uac04\uc744 \ucd5c\uc18c\ud654\ud569\ub2c8\ub2e4. \ub2f9\uc0ac\uc758 \uc804\ubb38\uc131\uc744 \ubbff\uace0 \uadc0\uc0ac\uc758 \uc6b4\uc601\uc744 \uac04\uc18c\ud654\ud558\uace0 \uc0dd\uc0b0 \ub2a5\ub825\uc744 \ud5a5\uc0c1\uc2dc\ucf1c \ubcf4\uc138\uc694.<\/p>\n\t<div id=\"gap-909436214\" class=\"gap-element clearfix\" style=\"display:block; height:auto;\">\n\t\t\n<style>\n#gap-909436214 {\n  padding-top: 30px;\n}\n<\/style>\n\t<\/div>\n\t\n<h2><strong>\uc81c\ud488 \uc815\ubcf4:<\/strong><\/h2>\n<table style=\"border-collapse: collapse; width: 735.77pt;\" border=\"0\" width=\"981\" cellspacing=\"0\" cellpadding=\"0\">\n<tbody>\n<tr style=\"height: 23.25pt;\">\n<td class=\"et2\" style=\"height: 23.25pt; width: 220.65pt;\" width=\"294\" height=\"31\">\uc81c\ud488 \uc774\ub984<\/td>\n<td class=\"et3\" style=\"width: 515.30pt;\" width=\"687\">\ud638\ud37c \uc5d8\ub9ac\ubca0\uc774\ud130 \ucee8\ubca0\uc774\uc5b4 \uc790\ub3d9 \uacf5\uae09\uae30<\/td>\n<\/tr>\n<tr style=\"height: 23.25pt;\">\n<td class=\"et4\" style=\"height: 23.25pt; width: 220.65pt;\" width=\"294\" height=\"31\">\ube0c\ub79c\ub4dc \uc774\ub984<\/td>\n<td class=\"et3\" style=\"width: 515.30pt;\" width=\"687\">\uc2a4\uc6cc\uc5b4<\/td>\n<\/tr>\n<tr style=\"height: 46.50pt;\">\n<td class=\"et4\" style=\"height: 46.50pt; width: 220.65pt;\" width=\"294\" height=\"62\">\uce58\uc218(\uae38\uc774*\ub108\ube44*\ub192\uc774)<\/td>\n<td class=\"et3\" style=\"width: 515.30pt;\" width=\"687\">2200*1000*1500mm<\/td>\n<\/tr>\n<tr style=\"height: 23.25pt;\">\n<td class=\"et2\" style=\"height: 23.25pt; width: 220.65pt;\" width=\"294\" height=\"31\">\ubb34\uac8c<\/td>\n<td class=\"et3\" style=\"width: 515.30pt;\" width=\"687\">120kg<\/td>\n<\/tr>\n<tr style=\"height: 23.25pt;\">\n<td class=\"et2\" style=\"height: 23.25pt; width: 220.65pt;\" width=\"294\" height=\"31\">\uc0c9\uc0c1<\/td>\n<td class=\"et2\" style=\"width: 515.30pt;\" width=\"687\">\uace0\uac1d \uc694\uad6c \uc0ac\ud56d\uc5d0 \ub530\ub77c<\/td>\n<\/tr>\n<tr style=\"height: 23.25pt;\">\n<td class=\"et2\" style=\"height: 23.25pt; width: 220.65pt;\" width=\"294\" height=\"31\"><span class=\"font3\">\uc6a9\ub7c9(<\/span><span class=\"font1\">\ud2f0\/\uc2dc<\/span><span class=\"font3\">)<\/span><\/td>\n<td class=\"et3\" style=\"width: 515.30pt;\" width=\"687\">0.1-6\ud1a4\/\uc2dc\uac04<\/td>\n<\/tr>\n<tr style=\"height: 23.25pt;\">\n<td class=\"et2\" style=\"height: 23.25pt; width: 220.65pt;\" width=\"294\" height=\"31\">\uc804\uc555<\/td>\n<td class=\"et3\" style=\"width: 515.30pt;\" width=\"687\">85-260V<\/td>\n<\/tr>\n<tr style=\"height: 23.25pt;\">\n<td class=\"et2\" style=\"height: 23.25pt; width: 220.65pt;\" width=\"294\" height=\"31\">\uc7a5\uce58\uc758 \uc8fc\ud30c\uc218<\/td>\n<td class=\"et3\" style=\"width: 515.30pt;\" width=\"687\">40-400Hz<\/td>\n<\/tr>\n<tr style=\"height: 23.25pt;\">\n<td class=\"et2\" style=\"height: 23.25pt; width: 220.65pt;\" width=\"294\" height=\"31\">\ubcf4\uc7a5\ud558\ub2e4<\/td>\n<td class=\"et2\" style=\"width: 515.30pt;\" width=\"687\">1\ub144<\/td>\n<\/tr>\n<tr style=\"height: 39.00pt;\">\n<td class=\"et2\" style=\"height: 39.00pt; width: 220.65pt;\" width=\"294\" height=\"52\">\ucd5c\uc18c \uc8fc\ubb38 \uc218\ub7c9<\/td>\n<td class=\"et2\" style=\"width: 515.30pt;\" width=\"687\">1\uc138\ud2b8<\/td>\n<\/tr>\n<tr style=\"height: 23.25pt;\">\n<td class=\"et2\" style=\"height: 23.25pt; width: 220.65pt;\" width=\"294\" height=\"31\">\ubc30\ub2ec \uc2dc\uac04<\/td>\n<td class=\"et2\" style=\"width: 515.30pt;\" width=\"687\">7-10\uc77c<\/td>\n<\/tr>\n<tr style=\"height: 23.25pt;\">\n<td class=\"et2\" style=\"height: 23.25pt; width: 220.65pt;\" width=\"294\" height=\"31\">7-10\uc77c<\/td>\n<td class=\"et2\" style=\"width: 515.30pt;\" width=\"687\">\ub098\ubb34\uc0c1\uc790<\/td>\n<\/tr>\n<tr style=\"height: 23.25pt;\">\n<td class=\"et2\" style=\"height: 23.25pt; width: 220.65pt;\" width=\"294\" height=\"31\">\uc9c0\ubd88 \uae30\uac04<\/td>\n<td class=\"et2\" style=\"width: 515.30pt;\" width=\"687\">T\/T \uc785\uae08 40%, \ub098\uba38\uc9c0 \uae08\uc561\uc740 \ubc30\uc1a1 \uc804<\/td>\n<\/tr>\n<\/tbody>\n<\/table>","protected":false},"excerpt":{"rendered":"<p>\ud638\ud37c \ub9ac\ud504\ud2b8 \ucee8\ubca0\uc774\uc5b4 \uc790\ub3d9 \uacf5\uae09\uae30\ub294 \uc548\uc815\uc801\uc778 \uc9c4\ub3d9 \uae30\uc220\uc744 \uacb0\ud569\ud558\uc5ec \uc0b0\uc5c5 \uc0dd\uc0b0\uc5d0\uc11c \uc815\ubc00\ud55c \uacf5\uae09 \uc694\uad6c \uc0ac\ud56d\uc744 \ucda9\uc871\ud569\ub2c8\ub2e4. \uc720\uc5f0\ud55c \ubaa8\ub4c8\uc2dd \ub514\uc790\uc778(\uc0c1\uc2b9 \ucee8\ubca0\uc774\uc5b4, \uc9c4\ub3d9 \ud638\ud37c \uba38\uc2e0), CNC \uc0dd\uc0b0 \ub77c\uc778 \ubc0f \uae08\uc18d \ud504\ub808\uc2a4\uc640 \ud638\ud658\ub429\ub2c8\ub2e4. \uc720\ub9ac\ud55c:<\/p>\n<ul>\n<li><strong>\uc804\uc790\ub3d9:<\/strong> 30% \uc218\ub3d9 \uc870\uc791\uc744 \uc904\uc785\ub2c8\ub2e4.<\/li>\n<li><strong>\uc6d0\ud65c\ud55c \uc791\ub3d9:<\/strong> \uc5d0\ub108\uc9c0 \uc808\uc57d, \uc18c\uc74c &lt;65dB.<\/li>\n<li><strong>\ub0b4\uad6c\uc131:<\/strong> \ubd80\uc2dd \ubc29\uc9c0 \uc18c\uc7ac\ub85c, \uace0\ub3c4\ub85c \uc790\ub3d9\ud654\ub41c \ud658\uacbd\uc5d0 \uc801\ud569\ud569\ub2c8\ub2e4.<\/li>\n<\/ul>","protected":false},"featured_media":1766,"comment_status":"open","ping_status":"closed","template":"","meta":[],"product_brand":[],"product_cat":[37],"product_tag":[40,38,39],"class_list":{"0":"post-1765","1":"product","2":"type-product","3":"status-publish","4":"has-post-thumbnail","6":"product_cat-may-cap-lieu-dang-bac-thang","7":"product_tag-bang-tai-rung-bac-thang","8":"product_tag-bat-rung-bac-thang","9":"product_tag-may-cap-lieu-rung-bac-thang","11":"first","12":"instock","13":"shipping-taxable","14":"product-type-simple"},"yoast_head":"<!-- This site is optimized with the Yoast SEO plugin v26.0 - https:\/\/yoast.com\/wordpress\/plugins\/seo\/ -->\n<title>B\u1ed9 c\u1ea5p ph\u00f4i t\u1ef1 \u0111\u1ed9ng b\u0103ng t\u1ea3i thang m\u00e1y ph\u1ec5u - Nh\u00e0 s\u1ea3n xu\u1ea5t m\u00e1y c\u1ea5p li\u1ec7u c\u00f4ng nghi\u1ec7p<\/title>\n<meta name=\"description\" content=\"Gi\u1ea3i ph\u00e1p c\u1ea5p li\u1ec7u rung ch\u00ednh x\u00e1c, t\u1ef1 \u0111\u1ed9ng h\u00f3a 100%. Ti\u1ebft ki\u1ec7m 30% chi ph\u00ed, v\u1eadn h\u00e0nh \u00eam \u00e1i. \u1ee8ng d\u1ee5ng ngay cho d\u00e2y chuy\u1ec1n s\u1ea3n xu\u1ea5t \u00f4 t\u00f4, \u0111i\u1ec7n t\u1eed!\" \/>\n<meta name=\"robots\" content=\"index, follow, max-snippet:-1, max-image-preview:large, max-video-preview:-1\" \/>\n<link rel=\"canonical\" href=\"https:\/\/swoer.vn\/ko\/manufacturer\/bo-cap-phoi-tu-dong-bang-tai-thang-may-pheu\/\" \/>\n<meta property=\"og:locale\" content=\"ko_KR\" \/>\n<meta property=\"og:type\" content=\"article\" \/>\n<meta property=\"og:title\" content=\"B\u1ed9 c\u1ea5p ph\u00f4i t\u1ef1 \u0111\u1ed9ng b\u0103ng t\u1ea3i thang m\u00e1y ph\u1ec5u - Nh\u00e0 s\u1ea3n xu\u1ea5t m\u00e1y c\u1ea5p li\u1ec7u c\u00f4ng nghi\u1ec7p\" \/>\n<meta property=\"og:description\" content=\"Gi\u1ea3i ph\u00e1p c\u1ea5p li\u1ec7u rung ch\u00ednh x\u00e1c, t\u1ef1 \u0111\u1ed9ng h\u00f3a 100%. Ti\u1ebft ki\u1ec7m 30% chi ph\u00ed, v\u1eadn h\u00e0nh \u00eam \u00e1i. \u1ee8ng d\u1ee5ng ngay cho d\u00e2y chuy\u1ec1n s\u1ea3n xu\u1ea5t \u00f4 t\u00f4, \u0111i\u1ec7n t\u1eed!\" \/>\n<meta property=\"og:url\" content=\"https:\/\/swoer.vn\/ko\/manufacturer\/bo-cap-phoi-tu-dong-bang-tai-thang-may-pheu\/\" \/>\n<meta property=\"og:site_name\" content=\"Nh\u00e0 s\u1ea3n xu\u1ea5t m\u00e1y c\u1ea5p li\u1ec7u c\u00f4ng nghi\u1ec7p\" \/>\n<meta property=\"article:modified_time\" content=\"2025-02-24T07:50:48+00:00\" \/>\n<meta property=\"og:image\" content=\"https:\/\/swoer.vn\/wp-content\/uploads\/2025\/02\/Bang-tai-rung-bac-thang.webp\" \/>\n\t<meta property=\"og:image:width\" content=\"1000\" \/>\n\t<meta property=\"og:image:height\" content=\"1000\" \/>\n\t<meta property=\"og:image:type\" content=\"image\/webp\" \/>\n<meta name=\"twitter:card\" content=\"summary_large_image\" \/>\n<meta name=\"twitter:label1\" content=\"\uc608\uc0c1 \ub418\ub294 \ud310\ub3c5 \uc2dc\uac04\" \/>\n\t<meta name=\"twitter:data1\" content=\"2\ubd84\" \/>\n<script type=\"application\/ld+json\" class=\"yoast-schema-graph\">{\"@context\":\"https:\/\/schema.org\",\"@graph\":[{\"@type\":\"WebPage\",\"@id\":\"https:\/\/swoer.vn\/manufacturer\/bo-cap-phoi-tu-dong-bang-tai-thang-may-pheu\/\",\"url\":\"https:\/\/swoer.vn\/manufacturer\/bo-cap-phoi-tu-dong-bang-tai-thang-may-pheu\/\",\"name\":\"B\u1ed9 c\u1ea5p ph\u00f4i t\u1ef1 \u0111\u1ed9ng b\u0103ng t\u1ea3i thang m\u00e1y ph\u1ec5u - Nh\u00e0 s\u1ea3n xu\u1ea5t m\u00e1y c\u1ea5p li\u1ec7u c\u00f4ng nghi\u1ec7p\",\"isPartOf\":{\"@id\":\"https:\/\/swoer.vn\/#website\"},\"primaryImageOfPage\":{\"@id\":\"https:\/\/swoer.vn\/manufacturer\/bo-cap-phoi-tu-dong-bang-tai-thang-may-pheu\/#primaryimage\"},\"image\":{\"@id\":\"https:\/\/swoer.vn\/manufacturer\/bo-cap-phoi-tu-dong-bang-tai-thang-may-pheu\/#primaryimage\"},\"thumbnailUrl\":\"https:\/\/swoer.vn\/wp-content\/uploads\/2025\/02\/Bang-tai-rung-bac-thang.webp\",\"datePublished\":\"2025-02-24T06:20:16+00:00\",\"dateModified\":\"2025-02-24T07:50:48+00:00\",\"description\":\"Gi\u1ea3i ph\u00e1p c\u1ea5p li\u1ec7u rung ch\u00ednh x\u00e1c, t\u1ef1 \u0111\u1ed9ng h\u00f3a 100%. Ti\u1ebft ki\u1ec7m 30% chi ph\u00ed, v\u1eadn h\u00e0nh \u00eam \u00e1i. \u1ee8ng d\u1ee5ng ngay cho d\u00e2y chuy\u1ec1n s\u1ea3n xu\u1ea5t \u00f4 t\u00f4, \u0111i\u1ec7n t\u1eed!\",\"breadcrumb\":{\"@id\":\"https:\/\/swoer.vn\/manufacturer\/bo-cap-phoi-tu-dong-bang-tai-thang-may-pheu\/#breadcrumb\"},\"inLanguage\":\"ko-KR\",\"potentialAction\":[{\"@type\":\"ReadAction\",\"target\":[\"https:\/\/swoer.vn\/manufacturer\/bo-cap-phoi-tu-dong-bang-tai-thang-may-pheu\/\"]}]},{\"@type\":\"ImageObject\",\"inLanguage\":\"ko-KR\",\"@id\":\"https:\/\/swoer.vn\/manufacturer\/bo-cap-phoi-tu-dong-bang-tai-thang-may-pheu\/#primaryimage\",\"url\":\"https:\/\/swoer.vn\/wp-content\/uploads\/2025\/02\/Bang-tai-rung-bac-thang.webp\",\"contentUrl\":\"https:\/\/swoer.vn\/wp-content\/uploads\/2025\/02\/Bang-tai-rung-bac-thang.webp\",\"width\":1000,\"height\":1000,\"caption\":\"B\u0103ng t\u1ea3i rung b\u1eadc thang\"},{\"@type\":\"BreadcrumbList\",\"@id\":\"https:\/\/swoer.vn\/manufacturer\/bo-cap-phoi-tu-dong-bang-tai-thang-may-pheu\/#breadcrumb\",\"itemListElement\":[{\"@type\":\"ListItem\",\"position\":1,\"name\":\"Home\",\"item\":\"https:\/\/swoer.vn\/\"},{\"@type\":\"ListItem\",\"position\":2,\"name\":\"S\u1ea3n ph\u1ea9m\",\"item\":\"https:\/\/swoer.vn\/shop\/\"},{\"@type\":\"ListItem\",\"position\":3,\"name\":\"B\u1ed9 c\u1ea5p ph\u00f4i t\u1ef1 \u0111\u1ed9ng b\u0103ng t\u1ea3i thang m\u00e1y ph\u1ec5u\"}]},{\"@type\":\"WebSite\",\"@id\":\"https:\/\/swoer.vn\/#website\",\"url\":\"https:\/\/swoer.vn\/\",\"name\":\"Nh\u00e0 s\u1ea3n xu\u1ea5t m\u00e1y c\u1ea5p li\u1ec7u c\u00f4ng nghi\u1ec7p\",\"description\":\"Nh\u00e0 cung c\u1ea5p robot, m\u00e1y c\u1ea5p li\u1ec7u linh ho\u1ea1t, m\u00e1y c\u1ea5p li\u1ec7u ly t\u00e2m, m\u00e1y c\u1ea5p li\u1ec7u rung t\u1ef1 \u0111\u1ed9ng\",\"potentialAction\":[{\"@type\":\"SearchAction\",\"target\":{\"@type\":\"EntryPoint\",\"urlTemplate\":\"https:\/\/swoer.vn\/?s={search_term_string}\"},\"query-input\":{\"@type\":\"PropertyValueSpecification\",\"valueRequired\":true,\"valueName\":\"search_term_string\"}}],\"inLanguage\":\"ko-KR\"}]}<\/script>\n<!-- \/ Yoast SEO plugin. -->","yoast_head_json":{"title":"\ud638\ud37c \uc5d8\ub9ac\ubca0\uc774\ud130 \ucee8\ubca0\uc774\uc5b4 \uc790\ub3d9 \uacf5\uae09\uae30 - \uc0b0\uc5c5\uc6a9 \uacf5\uae09\uae30 \uc81c\uc870\uc5c5\uccb4","description":"100% \uc790\ub3d9 \uc815\ubc00 \uc9c4\ub3d9 \uacf5\uae09 \uc194\ub8e8\uc158. 30%\ub294 \ube44\uc6a9 \uc808\uac10, \uc6d0\ud65c\ud55c \uc791\ub3d9\uc744 \ubcf4\uc7a5\ud569\ub2c8\ub2e4. \uc790\ub3d9\ucc28 \ubc0f \uc804\uc790\uc81c\ud488 \uc0dd\uc0b0 \ub77c\uc778\uc5d0 \uc9c0\uae08 \uc9c0\uc6d0\ud558\uc138\uc694!","robots":{"index":"index","follow":"follow","max-snippet":"max-snippet:-1","max-image-preview":"max-image-preview:large","max-video-preview":"max-video-preview:-1"},"canonical":"https:\/\/swoer.vn\/ko\/manufacturer\/bo-cap-phoi-tu-dong-bang-tai-thang-may-pheu\/","og_locale":"ko_KR","og_type":"article","og_title":"B\u1ed9 c\u1ea5p ph\u00f4i t\u1ef1 \u0111\u1ed9ng b\u0103ng t\u1ea3i thang m\u00e1y ph\u1ec5u - Nh\u00e0 s\u1ea3n xu\u1ea5t m\u00e1y c\u1ea5p li\u1ec7u c\u00f4ng nghi\u1ec7p","og_description":"Gi\u1ea3i ph\u00e1p c\u1ea5p li\u1ec7u rung ch\u00ednh x\u00e1c, t\u1ef1 \u0111\u1ed9ng h\u00f3a 100%. Ti\u1ebft ki\u1ec7m 30% chi ph\u00ed, v\u1eadn h\u00e0nh \u00eam \u00e1i. \u1ee8ng d\u1ee5ng ngay cho d\u00e2y chuy\u1ec1n s\u1ea3n xu\u1ea5t \u00f4 t\u00f4, \u0111i\u1ec7n t\u1eed!","og_url":"https:\/\/swoer.vn\/ko\/manufacturer\/bo-cap-phoi-tu-dong-bang-tai-thang-may-pheu\/","og_site_name":"Nh\u00e0 s\u1ea3n xu\u1ea5t m\u00e1y c\u1ea5p li\u1ec7u c\u00f4ng nghi\u1ec7p","article_modified_time":"2025-02-24T07:50:48+00:00","og_image":[{"width":1000,"height":1000,"url":"https:\/\/swoer.vn\/wp-content\/uploads\/2025\/02\/Bang-tai-rung-bac-thang.webp","type":"image\/webp"}],"twitter_card":"summary_large_image","twitter_misc":{"\uc608\uc0c1 \ub418\ub294 \ud310\ub3c5 \uc2dc\uac04":"2\ubd84"},"schema":{"@context":"https:\/\/schema.org","@graph":[{"@type":"WebPage","@id":"https:\/\/swoer.vn\/manufacturer\/bo-cap-phoi-tu-dong-bang-tai-thang-may-pheu\/","url":"https:\/\/swoer.vn\/manufacturer\/bo-cap-phoi-tu-dong-bang-tai-thang-may-pheu\/","name":"\ud638\ud37c \uc5d8\ub9ac\ubca0\uc774\ud130 \ucee8\ubca0\uc774\uc5b4 \uc790\ub3d9 \uacf5\uae09\uae30 - \uc0b0\uc5c5\uc6a9 \uacf5\uae09\uae30 \uc81c\uc870\uc5c5\uccb4","isPartOf":{"@id":"https:\/\/swoer.vn\/#website"},"primaryImageOfPage":{"@id":"https:\/\/swoer.vn\/manufacturer\/bo-cap-phoi-tu-dong-bang-tai-thang-may-pheu\/#primaryimage"},"image":{"@id":"https:\/\/swoer.vn\/manufacturer\/bo-cap-phoi-tu-dong-bang-tai-thang-may-pheu\/#primaryimage"},"thumbnailUrl":"https:\/\/swoer.vn\/wp-content\/uploads\/2025\/02\/Bang-tai-rung-bac-thang.webp","datePublished":"2025-02-24T06:20:16+00:00","dateModified":"2025-02-24T07:50:48+00:00","description":"100% \uc790\ub3d9 \uc815\ubc00 \uc9c4\ub3d9 \uacf5\uae09 \uc194\ub8e8\uc158. 30%\ub294 \ube44\uc6a9 \uc808\uac10, \uc6d0\ud65c\ud55c \uc791\ub3d9\uc744 \ubcf4\uc7a5\ud569\ub2c8\ub2e4. \uc790\ub3d9\ucc28 \ubc0f \uc804\uc790\uc81c\ud488 \uc0dd\uc0b0 \ub77c\uc778\uc5d0 \uc9c0\uae08 \uc9c0\uc6d0\ud558\uc138\uc694!","breadcrumb":{"@id":"https:\/\/swoer.vn\/manufacturer\/bo-cap-phoi-tu-dong-bang-tai-thang-may-pheu\/#breadcrumb"},"inLanguage":"ko-KR","potentialAction":[{"@type":"ReadAction","target":["https:\/\/swoer.vn\/manufacturer\/bo-cap-phoi-tu-dong-bang-tai-thang-may-pheu\/"]}]},{"@type":"ImageObject","inLanguage":"ko-KR","@id":"https:\/\/swoer.vn\/manufacturer\/bo-cap-phoi-tu-dong-bang-tai-thang-may-pheu\/#primaryimage","url":"https:\/\/swoer.vn\/wp-content\/uploads\/2025\/02\/Bang-tai-rung-bac-thang.webp","contentUrl":"https:\/\/swoer.vn\/wp-content\/uploads\/2025\/02\/Bang-tai-rung-bac-thang.webp","width":1000,"height":1000,"caption":"B\u0103ng t\u1ea3i rung b\u1eadc thang"},{"@type":"BreadcrumbList","@id":"https:\/\/swoer.vn\/manufacturer\/bo-cap-phoi-tu-dong-bang-tai-thang-may-pheu\/#breadcrumb","itemListElement":[{"@type":"ListItem","position":1,"name":"Home","item":"https:\/\/swoer.vn\/"},{"@type":"ListItem","position":2,"name":"S\u1ea3n ph\u1ea9m","item":"https:\/\/swoer.vn\/shop\/"},{"@type":"ListItem","position":3,"name":"B\u1ed9 c\u1ea5p ph\u00f4i t\u1ef1 \u0111\u1ed9ng b\u0103ng t\u1ea3i thang m\u00e1y ph\u1ec5u"}]},{"@type":"WebSite","@id":"https:\/\/swoer.vn\/#website","url":"https:\/\/swoer.vn\/","name":"\uc0b0\uc5c5\uc6a9 \ud53c\ub354 \uc81c\uc870\uc5c5\uccb4","description":"\ub85c\ubd07, \ud50c\ub809\uc2dc\ube14 \ud53c\ub354, \uc6d0\uc2ec \ud53c\ub354, \uc790\ub3d9 \uc9c4\ub3d9 \ud53c\ub354 \uacf5\uae09\uc5c5\uccb4","potentialAction":[{"@type":"SearchAction","target":{"@type":"EntryPoint","urlTemplate":"https:\/\/swoer.vn\/?s={search_term_string}"},"query-input":{"@type":"PropertyValueSpecification","valueRequired":true,"valueName":"search_term_string"}}],"inLanguage":"ko-KR"}]}},"_links":{"self":[{"href":"https:\/\/swoer.vn\/ko\/wp-json\/wp\/v2\/product\/1765","targetHints":{"allow":["GET"]}}],"collection":[{"href":"https:\/\/swoer.vn\/ko\/wp-json\/wp\/v2\/product"}],"about":[{"href":"https:\/\/swoer.vn\/ko\/wp-json\/wp\/v2\/types\/product"}],"replies":[{"embeddable":true,"href":"https:\/\/swoer.vn\/ko\/wp-json\/wp\/v2\/comments?post=1765"}],"wp:featuredmedia":[{"embeddable":true,"href":"https:\/\/swoer.vn\/ko\/wp-json\/wp\/v2\/media\/1766"}],"wp:attachment":[{"href":"https:\/\/swoer.vn\/ko\/wp-json\/wp\/v2\/media?parent=1765"}],"wp:term":[{"taxonomy":"product_brand","embeddable":true,"href":"https:\/\/swoer.vn\/ko\/wp-json\/wp\/v2\/product_brand?post=1765"},{"taxonomy":"product_cat","embeddable":true,"href":"https:\/\/swoer.vn\/ko\/wp-json\/wp\/v2\/product_cat?post=1765"},{"taxonomy":"product_tag","embeddable":true,"href":"https:\/\/swoer.vn\/ko\/wp-json\/wp\/v2\/product_tag?post=1765"}],"curies":[{"name":"wp","href":"https:\/\/api.w.org\/{rel}","templated":true}]}}