{"id":8322,"date":"2026-04-13T16:00:06","date_gmt":"2026-04-13T09:00:06","guid":{"rendered":"https:\/\/swoer.vn\/?post_type=product&#038;p=8322"},"modified":"2026-04-13T16:00:07","modified_gmt":"2026-04-13T09:00:07","slug":"bo-cap-lieu-rung-phoi-kim-2-ranh","status":"publish","type":"product","link":"https:\/\/swoer.vn\/ja\/manufacturer\/bo-cap-lieu-rung-phoi-kim-2-ranh\/","title":{"rendered":"B\u1ed9 c\u1ea5p li\u1ec7u rung ph\u00f4i kim 2 r\u00e3nh"},"content":{"rendered":"<p><span style=\"font-weight: 400;\">B\u1ed9 c\u1ea5p li\u1ec7u rung cho linh ki\u1ec7n kim lo\u1ea1i l\u00e0 thi\u1ebft b\u1ecb k\u1ef9 thu\u1eadt ch\u00ednh x\u00e1c \u0111\u01b0\u1ee3c s\u1eed d\u1ee5ng r\u1ed9ng r\u00e3i trong t\u1ef1 \u0111\u1ed9ng h\u00f3a c\u00f4ng nghi\u1ec7p \u0111\u1ec3 ph\u00e2n lo\u1ea1i, \u0111\u1ecbnh h\u01b0\u1edbng v\u00e0 c\u1ea5p ph\u00f4i. S\u1eed d\u1ee5ng c\u01a1 ch\u1ebf rung \u0111\u1ec3 di chuy\u1ec3n linh ki\u1ec7n d\u1ecdc theo \u0111\u01b0\u1eddng ray xo\u1eafn \u1ed1c, h\u1ec7 th\u1ed1ng gi\u00fap duy tr\u00ec d\u00f2ng ch\u1ea3y nguy\u00ean li\u1ec7u m\u01b0\u1ee3t m\u00e0 cho c\u00e1c c\u00f4ng \u0111o\u1ea1n l\u1eafp r\u00e1p h\u1ea1 ngu\u1ed3n.<\/span><\/p>\n<p><span style=\"font-weight: 400;\">\u0110\u00e2y l\u00e0 thi\u1ebft b\u1ecb kh\u00f4ng th\u1ec3 thi\u1ebfu trong c\u00e1c ng\u00e0nh s\u1ea3n xu\u1ea5t \u00f4 t\u00f4, \u0111i\u1ec7n t\u1eed v\u00e0 ch\u1ebf t\u1ea1o m\u00e1y m\u00f3c nh\u1edd t\u00ednh tin c\u1eady v\u00e0 kh\u1ea3 n\u0103ng th\u00edch \u1ee9ng cao.<\/span><\/p>\n<h2><span style=\"font-weight: 400;\">T\u00ednh n\u0103ng n\u1ed5i b\u1eadt<\/span><\/h2>\n<ul>\n<li style=\"font-weight: 400;\" aria-level=\"1\"><b>Thi\u1ebft k\u1ebf 2 r\u00e3nh (Two Tracks):<\/b><span style=\"font-weight: 400;\"> Nh\u00e2n \u0111\u00f4i c\u00f4ng su\u1ea5t c\u1ea5p li\u1ec7u v\u00e0 t\u1ed1c \u0111\u1ed9 x\u1eed l\u00fd tr\u00ean c\u00f9ng m\u1ed9t di\u1ec7n t\u00edch l\u1eafp \u0111\u1eb7t.<\/span><\/li>\n<li style=\"font-weight: 400;\" aria-level=\"1\"><b>V\u1eadn h\u00e0nh m\u01b0\u1ee3t m\u00e0:<\/b><span style=\"font-weight: 400;\"> C\u01a1 ch\u1ebf rung \u0111\u01b0\u1ee3c t\u00ednh to\u00e1n k\u1ef9 l\u01b0\u1ee1ng \u0111\u1ec3 ng\u0103n ch\u1eb7n t\u00ecnh tr\u1ea1ng va \u0111\u1eadp g\u00e2y h\u01b0 h\u1ecfng b\u1ec1 m\u1eb7t linh ki\u1ec7n.<\/span><\/li>\n<li style=\"font-weight: 400;\" aria-level=\"1\"><b>C\u1ea5u tr\u00fac si\u00eau b\u1ec1n:<\/b><span style=\"font-weight: 400;\"> Ch\u1ebf t\u1ea1o t\u1eeb th\u00e9p kh\u00f4ng g\u1ec9 cao c\u1ea5p, ch\u1ecbu \u0111\u01b0\u1ee3c c\u01b0\u1eddng \u0111\u1ed9 l\u00e0m vi\u1ec7c cao v\u00e0 m\u00f4i tr\u01b0\u1eddng c\u00f4ng nghi\u1ec7p kh\u1eafc nghi\u1ec7t.<\/span><\/li>\n<li style=\"font-weight: 400;\" aria-level=\"1\"><b>T\u1ed1c \u0111\u1ed9 t\u00f9y ch\u1ec9nh:<\/b><span style=\"font-weight: 400;\"> D\u1ec5 d\u00e0ng \u0111i\u1ec1u ch\u1ec9nh t\u1ed1c \u0111\u1ed9 c\u1ea5p li\u1ec7u ph\u00f9 h\u1ee3p v\u1edbi nh\u1ecbp \u0111\u1ed9 s\u1ea3n xu\u1ea5t th\u1ef1c t\u1ebf.<\/span><\/li>\n<li style=\"font-weight: 400;\" aria-level=\"1\"><b>D\u1ec5 d\u00e0ng b\u1ea3o tr\u00ec:<\/b><span style=\"font-weight: 400;\"> Thi\u1ebft k\u1ebf t\u1ed1i gi\u1ea3n gi\u00fap vi\u1ec7c v\u1ec7 sinh v\u00e0 ki\u1ec3m tra k\u1ef9 thu\u1eadt \u0111\u1ecbnh k\u1ef3 tr\u1edf n\u00ean \u0111\u01a1n gi\u1ea3n.<\/span><\/li>\n<\/ul>\n<h2><span style=\"font-weight: 400;\">Th\u00f4ng s\u1ed1 k\u1ef9 thu\u1eadt chi ti\u1ebft<\/span><\/h2>\n<table>\n<tbody>\n<tr>\n<td><b>H\u1ea1ng m\u1ee5c<\/b><\/td>\n<td><b>\u4ed5\u69d8<\/b><\/td>\n<\/tr>\n<tr>\n<td><b>\u88fd\u54c1\u540d<\/b><\/td>\n<td><span style=\"font-weight: 400;\">B\u1ed9 c\u1ea5p li\u1ec7u rung linh ki\u1ec7n kim lo\u1ea1i (Metal Parts Vibratory Bowl Feeder)<\/span><\/td>\n<\/tr>\n<tr>\n<td><b>V\u1eadt li\u1ec7u ch\u1ebf t\u1ea1o<\/b><\/td>\n<td><b>Th\u00e9p kh\u00f4ng g\u1ec9 SUS201 \/ SUS304<\/b><\/td>\n<\/tr>\n<tr>\n<td><b>\u0110\u1eb7c t\u00ednh v\u1eadt li\u1ec7u<\/b><\/td>\n<td><span style=\"font-weight: 400;\">H\u1ee3p kim r\u00e8n x\u1eed l\u00fd l\u1ea1nh, c\u01b0\u1eddng \u0111\u1ed9 cao, \u0111\u1ed9 c\u1ee9ng v\u01b0\u1ee3t tr\u1ed9i<\/span><\/td>\n<\/tr>\n<tr>\n<td><b>\u0110i\u1ec7n \u00e1p ho\u1ea1t \u0111\u1ed9ng<\/b><\/td>\n<td><span style=\"font-weight: 400;\">220V<\/span><\/td>\n<\/tr>\n<tr>\n<td><b>C\u00f4ng su\u1ea5t t\u00f9y ch\u1ecdn<\/b><\/td>\n<td><span style=\"font-weight: 400;\">65W \/ 150W \/ 180W \/ 220W \/ 350W<\/span><\/td>\n<\/tr>\n<tr>\n<td><b>\u8a8d\u8a3c<\/b><\/td>\n<td><b>CE, ROHS, ISO9001<\/b><\/td>\n<\/tr>\n<tr>\n<td><b>\u4fdd\u8a3c<\/b><\/td>\n<td><span style=\"font-weight: 400;\">01 n\u0103m ch\u00ednh h\u00e3ng<\/span><\/td>\n<\/tr>\n<tr>\n<td><b>Th\u1eddi gian giao h\u00e0ng<\/b><\/td>\n<td><span style=\"font-weight: 400;\">10 &#8211; 14 ng\u00e0y<\/span><\/td>\n<\/tr>\n<\/tbody>\n<\/table>\n<h2><span style=\"font-weight: 400;\">Gi\u1ea3i ph\u00e1p t\u00f9y ch\u1ec9nh theo y\u00eau c\u1ea7u (OEM\/ODM)<\/span><\/h2>\n<p><span style=\"font-weight: 400;\">M\u1ed7i lo\u1ea1i linh ki\u1ec7n kim lo\u1ea1i \u0111\u1ec1u c\u00f3 tr\u1ecdng t\u00e2m v\u00e0 \u0111\u1eb7c \u0111i\u1ec3m h\u00ecnh h\u1ecdc kh\u00e1c nhau. T\u1ea1i SWOER, ch\u00fang t\u00f4i kh\u00f4ng cung c\u1ea5p m\u1ed9t thi\u1ebft b\u1ecb \u0111\u1ea1i tr\u00e0, ch\u00fang t\u00f4i cung c\u1ea5p <\/span><b>gi\u1ea3i ph\u00e1p \u0111\u01b0\u1ee3c thi\u1ebft k\u1ebf ri\u00eang<\/b><span style=\"font-weight: 400;\">.<\/span><\/p>\n<p><span style=\"font-weight: 400;\">\u0110\u1ed9i ng\u0169 chuy\u00ean gia c\u1ee7a ch\u00fang t\u00f4i s\u1eb5n s\u00e0ng h\u1ed7 tr\u1ee3 b\u1ea1n thi\u1ebft k\u1ebf h\u1ec7 th\u1ed1ng d\u1ef1a tr\u00ean:<\/span><\/p>\n<ol>\n<li style=\"font-weight: 400;\" aria-level=\"1\"><span style=\"font-weight: 400;\">B\u1ea3n v\u1ebd ho\u1eb7c m\u1eabu linh ki\u1ec7n th\u1ef1c t\u1ebf.<\/span><\/li>\n<li style=\"font-weight: 400;\" aria-level=\"1\"><span style=\"font-weight: 400;\">T\u1ed1c \u0111\u1ed9 c\u1ea5p li\u1ec7u m\u1ee5c ti\u00eau (PPM).<\/span><\/li>\n<li style=\"font-weight: 400;\" aria-level=\"1\"><span style=\"font-weight: 400;\">Y\u00eau c\u1ea7u c\u1ee5 th\u1ec3 v\u1ec1 h\u01b0\u1edbng (Orientation) \u0111\u1ea7u ra c\u1ee7a ph\u00f4i.<\/span><\/li>\n<\/ol>\n<p><b>\u0110\u1eebng ch\u1ea5p nh\u1eadn hi\u1ec7u su\u1ea5t trung b\u00ecnh. H\u00e3y tr\u1ea3i nghi\u1ec7m s\u1ef1 kh\u00e1c bi\u1ec7t v\u1ec1 t\u1ed1c \u0111\u1ed9 v\u00e0 \u0111\u1ed9 ch\u00ednh x\u00e1c v\u1edbi gi\u1ea3i ph\u00e1p t\u1eeb SWOER.<\/b><\/p>\n<p>Ch\u1ea5t li\u1ec7u:<\/p>\n<p><img loading=\"lazy\" decoding=\"async\" class=\"alignnone size-medium wp-image-8323\" src=\"https:\/\/swoer.vn\/wp-content\/uploads\/2026\/04\/chat-lieu-300x300.png\" alt=\"\" width=\"300\" height=\"300\" title=\"\" srcset=\"https:\/\/swoer.vn\/wp-content\/uploads\/2026\/04\/chat-lieu-300x300.png 300w, https:\/\/swoer.vn\/wp-content\/uploads\/2026\/04\/chat-lieu-150x150.png 150w, https:\/\/swoer.vn\/wp-content\/uploads\/2026\/04\/chat-lieu-768x768.png 768w, https:\/\/swoer.vn\/wp-content\/uploads\/2026\/04\/chat-lieu-12x12.png 12w, https:\/\/swoer.vn\/wp-content\/uploads\/2026\/04\/chat-lieu-600x600.png 600w, https:\/\/swoer.vn\/wp-content\/uploads\/2026\/04\/chat-lieu-100x100.png 100w, https:\/\/swoer.vn\/wp-content\/uploads\/2026\/04\/chat-lieu.png 800w\" sizes=\"auto, (max-width: 300px) 100vw, 300px\" \/><\/p>","protected":false},"excerpt":{"rendered":"<p><span style=\"font-weight: 400;\">S\u1ef1 \u1ed5n \u0111\u1ecbnh c\u1ee7a kh\u00e2u c\u1ea5p li\u1ec7u ch\u00ednh l\u00e0 &#8220;nh\u1ecbp th\u1edf&#8221; c\u1ee7a to\u00e0n b\u1ed9 d\u00e2y chuy\u1ec1n s\u1ea3n xu\u1ea5t. <\/span><b>H\u1ec7 th\u1ed1ng ph\u1ec5u rung 2 r\u00e3nh SWOER<\/b><span style=\"font-weight: 400;\"> \u0111\u01b0\u1ee3c thi\u1ebft k\u1ebf chuy\u00ean bi\u1ec7t \u0111\u1ec3 x\u1eed l\u00fd c\u00e1c linh ki\u1ec7n kim lo\u1ea1i t\u1eeb \u0111\u01a1n gi\u1ea3n \u0111\u1ebfn ph\u1ee9c t\u1ea1p v\u1edbi c\u00f4ng su\u1ea5t nh\u00e2n \u0111\u00f4i. B\u1eb1ng c\u00e1ch k\u1ebft h\u1ee3p k\u1ef9 thu\u1eadt rung ch\u00ednh x\u00e1c v\u00e0 \u0111\u01b0\u1eddng d\u1eabn \u0111a l\u00e0n, h\u1ec7 th\u1ed1ng kh\u00f4ng ch\u1ec9 \u0111\u1ea9y nhanh t\u1ed1c \u0111\u1ed9 l\u1eafp r\u00e1p m\u00e0 c\u00f2n b\u1ea3o v\u1ec7 b\u1ec1 m\u1eb7t linh ki\u1ec7n kh\u1ecfi tr\u1ea7y x\u01b0\u1edbc, \u0111\u1ea3m b\u1ea3o hi\u1ec7u su\u1ea5t v\u1eadn h\u00e0nh 24\/7 cho nh\u00e0 m\u00e1y c\u1ee7a b\u1ea1n.<\/span><\/p>","protected":false},"featured_media":8324,"comment_status":"open","ping_status":"closed","template":"","meta":[],"product_brand":[],"product_cat":[106],"product_tag":[],"class_list":{"0":"post-8322","1":"product","2":"type-product","3":"status-publish","4":"has-post-thumbnail","6":"product_cat-mam-rung-cap-phoi","8":"first","9":"instock","10":"shipping-taxable","11":"product-type-simple"},"yoast_head":"<!-- This site is optimized with the Yoast SEO plugin v26.0 - https:\/\/yoast.com\/wordpress\/plugins\/seo\/ -->\n<title>B\u1ed9 c\u1ea5p li\u1ec7u rung ph\u00f4i kim 2 r\u00e3nh - Nh\u00e0 s\u1ea3n xu\u1ea5t m\u00e1y c\u1ea5p li\u1ec7u c\u00f4ng nghi\u1ec7p<\/title>\n<meta name=\"description\" content=\"Ph\u1ec5u rung 2 r\u00e3nh cho linh ki\u1ec7n kim lo\u1ea1i: T\u0103ng g\u1ea5p \u0111\u00f4i c\u00f4ng su\u1ea5t c\u1ea5p li\u1ec7u, \u0111\u1ecbnh h\u01b0\u1edbng ch\u00ednh x\u00e1c, v\u1eadn h\u00e0nh b\u1ec1n b\u1ec9. \u0110\u1ea1t chu\u1ea9n CE\/ISO9001. Giao h\u00e0ng 10-14 ng\u00e0y.\" \/>\n<meta name=\"robots\" content=\"index, follow, max-snippet:-1, max-image-preview:large, max-video-preview:-1\" \/>\n<link rel=\"canonical\" href=\"https:\/\/swoer.vn\/ja\/manufacturer\/bo-cap-lieu-rung-phoi-kim-2-ranh\/\" \/>\n<meta property=\"og:locale\" content=\"ja_JP\" \/>\n<meta property=\"og:type\" content=\"article\" \/>\n<meta property=\"og:title\" content=\"B\u1ed9 c\u1ea5p li\u1ec7u rung ph\u00f4i kim 2 r\u00e3nh - Nh\u00e0 s\u1ea3n xu\u1ea5t m\u00e1y c\u1ea5p li\u1ec7u c\u00f4ng nghi\u1ec7p\" \/>\n<meta property=\"og:description\" content=\"Ph\u1ec5u rung 2 r\u00e3nh cho linh ki\u1ec7n kim lo\u1ea1i: T\u0103ng g\u1ea5p \u0111\u00f4i c\u00f4ng su\u1ea5t c\u1ea5p li\u1ec7u, \u0111\u1ecbnh h\u01b0\u1edbng ch\u00ednh x\u00e1c, v\u1eadn h\u00e0nh b\u1ec1n b\u1ec9. \u0110\u1ea1t chu\u1ea9n CE\/ISO9001. Giao h\u00e0ng 10-14 ng\u00e0y.\" \/>\n<meta property=\"og:url\" content=\"https:\/\/swoer.vn\/ja\/manufacturer\/bo-cap-lieu-rung-phoi-kim-2-ranh\/\" \/>\n<meta property=\"og:site_name\" content=\"Nh\u00e0 s\u1ea3n xu\u1ea5t m\u00e1y c\u1ea5p li\u1ec7u c\u00f4ng nghi\u1ec7p\" \/>\n<meta property=\"article:modified_time\" content=\"2026-04-13T09:00:07+00:00\" \/>\n<meta property=\"og:image\" content=\"https:\/\/swoer.vn\/wp-content\/uploads\/2026\/04\/BO-CAP-LIEU-RUNG-PHOI-KIM-2-RANH.png\" \/>\n\t<meta property=\"og:image:width\" content=\"800\" \/>\n\t<meta property=\"og:image:height\" content=\"800\" \/>\n\t<meta property=\"og:image:type\" content=\"image\/png\" \/>\n<meta name=\"twitter:card\" content=\"summary_large_image\" \/>\n<meta name=\"twitter:label1\" content=\"\u63a8\u5b9a\u8aad\u307f\u53d6\u308a\u6642\u9593\" \/>\n\t<meta name=\"twitter:data1\" content=\"3\u5206\" \/>\n<script type=\"application\/ld+json\" class=\"yoast-schema-graph\">{\"@context\":\"https:\/\/schema.org\",\"@graph\":[{\"@type\":\"WebPage\",\"@id\":\"https:\/\/swoer.vn\/manufacturer\/bo-cap-lieu-rung-phoi-kim-2-ranh\/\",\"url\":\"https:\/\/swoer.vn\/manufacturer\/bo-cap-lieu-rung-phoi-kim-2-ranh\/\",\"name\":\"B\u1ed9 c\u1ea5p li\u1ec7u rung ph\u00f4i kim 2 r\u00e3nh - Nh\u00e0 s\u1ea3n xu\u1ea5t m\u00e1y c\u1ea5p li\u1ec7u c\u00f4ng nghi\u1ec7p\",\"isPartOf\":{\"@id\":\"https:\/\/swoer.vn\/#website\"},\"primaryImageOfPage\":{\"@id\":\"https:\/\/swoer.vn\/manufacturer\/bo-cap-lieu-rung-phoi-kim-2-ranh\/#primaryimage\"},\"image\":{\"@id\":\"https:\/\/swoer.vn\/manufacturer\/bo-cap-lieu-rung-phoi-kim-2-ranh\/#primaryimage\"},\"thumbnailUrl\":\"https:\/\/swoer.vn\/wp-content\/uploads\/2026\/04\/BO-CAP-LIEU-RUNG-PHOI-KIM-2-RANH.png\",\"datePublished\":\"2026-04-13T09:00:06+00:00\",\"dateModified\":\"2026-04-13T09:00:07+00:00\",\"description\":\"Ph\u1ec5u rung 2 r\u00e3nh cho linh ki\u1ec7n kim lo\u1ea1i: T\u0103ng g\u1ea5p \u0111\u00f4i c\u00f4ng su\u1ea5t c\u1ea5p li\u1ec7u, \u0111\u1ecbnh h\u01b0\u1edbng ch\u00ednh x\u00e1c, v\u1eadn h\u00e0nh b\u1ec1n b\u1ec9. \u0110\u1ea1t chu\u1ea9n CE\/ISO9001. Giao h\u00e0ng 10-14 ng\u00e0y.\",\"breadcrumb\":{\"@id\":\"https:\/\/swoer.vn\/manufacturer\/bo-cap-lieu-rung-phoi-kim-2-ranh\/#breadcrumb\"},\"inLanguage\":\"ja\",\"potentialAction\":[{\"@type\":\"ReadAction\",\"target\":[\"https:\/\/swoer.vn\/manufacturer\/bo-cap-lieu-rung-phoi-kim-2-ranh\/\"]}]},{\"@type\":\"ImageObject\",\"inLanguage\":\"ja\",\"@id\":\"https:\/\/swoer.vn\/manufacturer\/bo-cap-lieu-rung-phoi-kim-2-ranh\/#primaryimage\",\"url\":\"https:\/\/swoer.vn\/wp-content\/uploads\/2026\/04\/BO-CAP-LIEU-RUNG-PHOI-KIM-2-RANH.png\",\"contentUrl\":\"https:\/\/swoer.vn\/wp-content\/uploads\/2026\/04\/BO-CAP-LIEU-RUNG-PHOI-KIM-2-RANH.png\",\"width\":800,\"height\":800,\"caption\":\"BO\u0323\u0302 CA\u0302\u0301P LIE\u0323\u0302U RUNG PHO\u0302I KIM 2 RA\u0303NH\"},{\"@type\":\"BreadcrumbList\",\"@id\":\"https:\/\/swoer.vn\/manufacturer\/bo-cap-lieu-rung-phoi-kim-2-ranh\/#breadcrumb\",\"itemListElement\":[{\"@type\":\"ListItem\",\"position\":1,\"name\":\"Home\",\"item\":\"https:\/\/swoer.vn\/\"},{\"@type\":\"ListItem\",\"position\":2,\"name\":\"S\u1ea3n ph\u1ea9m\",\"item\":\"https:\/\/swoer.vn\/shop\/\"},{\"@type\":\"ListItem\",\"position\":3,\"name\":\"B\u1ed9 c\u1ea5p li\u1ec7u rung ph\u00f4i kim 2 r\u00e3nh\"}]},{\"@type\":\"WebSite\",\"@id\":\"https:\/\/swoer.vn\/#website\",\"url\":\"https:\/\/swoer.vn\/\",\"name\":\"Nh\u00e0 s\u1ea3n xu\u1ea5t m\u00e1y c\u1ea5p li\u1ec7u c\u00f4ng nghi\u1ec7p\",\"description\":\"Nh\u00e0 cung c\u1ea5p robot, m\u00e1y c\u1ea5p li\u1ec7u linh ho\u1ea1t, m\u00e1y c\u1ea5p li\u1ec7u ly t\u00e2m, m\u00e1y c\u1ea5p li\u1ec7u rung t\u1ef1 \u0111\u1ed9ng\",\"potentialAction\":[{\"@type\":\"SearchAction\",\"target\":{\"@type\":\"EntryPoint\",\"urlTemplate\":\"https:\/\/swoer.vn\/?s={search_term_string}\"},\"query-input\":{\"@type\":\"PropertyValueSpecification\",\"valueRequired\":true,\"valueName\":\"search_term_string\"}}],\"inLanguage\":\"ja\"}]}<\/script>\n<!-- \/ Yoast SEO plugin. -->","yoast_head_json":{"title":"B\u1ed9 c\u1ea5p li\u1ec7u rung ph\u00f4i kim 2 r\u00e3nh - Nh\u00e0 s\u1ea3n xu\u1ea5t m\u00e1y c\u1ea5p li\u1ec7u c\u00f4ng nghi\u1ec7p","description":"Ph\u1ec5u rung 2 r\u00e3nh cho linh ki\u1ec7n kim lo\u1ea1i: T\u0103ng g\u1ea5p \u0111\u00f4i c\u00f4ng su\u1ea5t c\u1ea5p li\u1ec7u, \u0111\u1ecbnh h\u01b0\u1edbng ch\u00ednh x\u00e1c, v\u1eadn h\u00e0nh b\u1ec1n b\u1ec9. \u0110\u1ea1t chu\u1ea9n CE\/ISO9001. Giao h\u00e0ng 10-14 ng\u00e0y.","robots":{"index":"index","follow":"follow","max-snippet":"max-snippet:-1","max-image-preview":"max-image-preview:large","max-video-preview":"max-video-preview:-1"},"canonical":"https:\/\/swoer.vn\/ja\/manufacturer\/bo-cap-lieu-rung-phoi-kim-2-ranh\/","og_locale":"ja_JP","og_type":"article","og_title":"B\u1ed9 c\u1ea5p li\u1ec7u rung ph\u00f4i kim 2 r\u00e3nh - Nh\u00e0 s\u1ea3n xu\u1ea5t m\u00e1y c\u1ea5p li\u1ec7u c\u00f4ng nghi\u1ec7p","og_description":"Ph\u1ec5u rung 2 r\u00e3nh cho linh ki\u1ec7n kim lo\u1ea1i: T\u0103ng g\u1ea5p \u0111\u00f4i c\u00f4ng su\u1ea5t c\u1ea5p li\u1ec7u, \u0111\u1ecbnh h\u01b0\u1edbng ch\u00ednh x\u00e1c, v\u1eadn h\u00e0nh b\u1ec1n b\u1ec9. \u0110\u1ea1t chu\u1ea9n CE\/ISO9001. Giao h\u00e0ng 10-14 ng\u00e0y.","og_url":"https:\/\/swoer.vn\/ja\/manufacturer\/bo-cap-lieu-rung-phoi-kim-2-ranh\/","og_site_name":"Nh\u00e0 s\u1ea3n xu\u1ea5t m\u00e1y c\u1ea5p li\u1ec7u c\u00f4ng nghi\u1ec7p","article_modified_time":"2026-04-13T09:00:07+00:00","og_image":[{"width":800,"height":800,"url":"https:\/\/swoer.vn\/wp-content\/uploads\/2026\/04\/BO-CAP-LIEU-RUNG-PHOI-KIM-2-RANH.png","type":"image\/png"}],"twitter_card":"summary_large_image","twitter_misc":{"\u63a8\u5b9a\u8aad\u307f\u53d6\u308a\u6642\u9593":"3\u5206"},"schema":{"@context":"https:\/\/schema.org","@graph":[{"@type":"WebPage","@id":"https:\/\/swoer.vn\/manufacturer\/bo-cap-lieu-rung-phoi-kim-2-ranh\/","url":"https:\/\/swoer.vn\/manufacturer\/bo-cap-lieu-rung-phoi-kim-2-ranh\/","name":"B\u1ed9 c\u1ea5p li\u1ec7u rung ph\u00f4i kim 2 r\u00e3nh - Nh\u00e0 s\u1ea3n xu\u1ea5t m\u00e1y c\u1ea5p li\u1ec7u c\u00f4ng nghi\u1ec7p","isPartOf":{"@id":"https:\/\/swoer.vn\/#website"},"primaryImageOfPage":{"@id":"https:\/\/swoer.vn\/manufacturer\/bo-cap-lieu-rung-phoi-kim-2-ranh\/#primaryimage"},"image":{"@id":"https:\/\/swoer.vn\/manufacturer\/bo-cap-lieu-rung-phoi-kim-2-ranh\/#primaryimage"},"thumbnailUrl":"https:\/\/swoer.vn\/wp-content\/uploads\/2026\/04\/BO-CAP-LIEU-RUNG-PHOI-KIM-2-RANH.png","datePublished":"2026-04-13T09:00:06+00:00","dateModified":"2026-04-13T09:00:07+00:00","description":"Ph\u1ec5u rung 2 r\u00e3nh cho linh ki\u1ec7n kim lo\u1ea1i: T\u0103ng g\u1ea5p \u0111\u00f4i c\u00f4ng su\u1ea5t c\u1ea5p li\u1ec7u, \u0111\u1ecbnh h\u01b0\u1edbng ch\u00ednh x\u00e1c, v\u1eadn h\u00e0nh b\u1ec1n b\u1ec9. \u0110\u1ea1t chu\u1ea9n CE\/ISO9001. Giao h\u00e0ng 10-14 ng\u00e0y.","breadcrumb":{"@id":"https:\/\/swoer.vn\/manufacturer\/bo-cap-lieu-rung-phoi-kim-2-ranh\/#breadcrumb"},"inLanguage":"ja","potentialAction":[{"@type":"ReadAction","target":["https:\/\/swoer.vn\/manufacturer\/bo-cap-lieu-rung-phoi-kim-2-ranh\/"]}]},{"@type":"ImageObject","inLanguage":"ja","@id":"https:\/\/swoer.vn\/manufacturer\/bo-cap-lieu-rung-phoi-kim-2-ranh\/#primaryimage","url":"https:\/\/swoer.vn\/wp-content\/uploads\/2026\/04\/BO-CAP-LIEU-RUNG-PHOI-KIM-2-RANH.png","contentUrl":"https:\/\/swoer.vn\/wp-content\/uploads\/2026\/04\/BO-CAP-LIEU-RUNG-PHOI-KIM-2-RANH.png","width":800,"height":800,"caption":"BO\u0323\u0302 CA\u0302\u0301P LIE\u0323\u0302U RUNG PHO\u0302I KIM 2 RA\u0303NH"},{"@type":"BreadcrumbList","@id":"https:\/\/swoer.vn\/manufacturer\/bo-cap-lieu-rung-phoi-kim-2-ranh\/#breadcrumb","itemListElement":[{"@type":"ListItem","position":1,"name":"Home","item":"https:\/\/swoer.vn\/"},{"@type":"ListItem","position":2,"name":"S\u1ea3n ph\u1ea9m","item":"https:\/\/swoer.vn\/shop\/"},{"@type":"ListItem","position":3,"name":"B\u1ed9 c\u1ea5p li\u1ec7u rung ph\u00f4i kim 2 r\u00e3nh"}]},{"@type":"WebSite","@id":"https:\/\/swoer.vn\/#website","url":"https:\/\/swoer.vn\/","name":"\u5de5\u696d\u7528\u30d5\u30a3\u30fc\u30c0\u30fc\u30e1\u30fc\u30ab\u30fc","description":"\u30ed\u30dc\u30c3\u30c8\u3001\u30d5\u30ec\u30ad\u30b7\u30d6\u30eb\u30d5\u30a3\u30fc\u30c0\u30fc\u3001\u9060\u5fc3\u30d5\u30a3\u30fc\u30c0\u30fc\u3001\u81ea\u52d5\u632f\u52d5\u30d5\u30a3\u30fc\u30c0\u30fc\u306e\u30b5\u30d7\u30e9\u30a4\u30e4\u30fc","potentialAction":[{"@type":"SearchAction","target":{"@type":"EntryPoint","urlTemplate":"https:\/\/swoer.vn\/?s={search_term_string}"},"query-input":{"@type":"PropertyValueSpecification","valueRequired":true,"valueName":"search_term_string"}}],"inLanguage":"ja"}]}},"_links":{"self":[{"href":"https:\/\/swoer.vn\/ja\/wp-json\/wp\/v2\/product\/8322","targetHints":{"allow":["GET"]}}],"collection":[{"href":"https:\/\/swoer.vn\/ja\/wp-json\/wp\/v2\/product"}],"about":[{"href":"https:\/\/swoer.vn\/ja\/wp-json\/wp\/v2\/types\/product"}],"replies":[{"embeddable":true,"href":"https:\/\/swoer.vn\/ja\/wp-json\/wp\/v2\/comments?post=8322"}],"wp:featuredmedia":[{"embeddable":true,"href":"https:\/\/swoer.vn\/ja\/wp-json\/wp\/v2\/media\/8324"}],"wp:attachment":[{"href":"https:\/\/swoer.vn\/ja\/wp-json\/wp\/v2\/media?parent=8322"}],"wp:term":[{"taxonomy":"product_brand","embeddable":true,"href":"https:\/\/swoer.vn\/ja\/wp-json\/wp\/v2\/product_brand?post=8322"},{"taxonomy":"product_cat","embeddable":true,"href":"https:\/\/swoer.vn\/ja\/wp-json\/wp\/v2\/product_cat?post=8322"},{"taxonomy":"product_tag","embeddable":true,"href":"https:\/\/swoer.vn\/ja\/wp-json\/wp\/v2\/product_tag?post=8322"}],"curies":[{"name":"wp","href":"https:\/\/api.w.org\/{rel}","templated":true}]}}