{"id":8316,"date":"2026-04-13T15:41:15","date_gmt":"2026-04-13T08:41:15","guid":{"rendered":"https:\/\/swoer.vn\/?post_type=product&#038;p=8316"},"modified":"2026-04-13T15:50:46","modified_gmt":"2026-04-13T08:50:46","slug":"bo-cap-lieu-rung-2-ranh-nho","status":"publish","type":"product","link":"https:\/\/swoer.vn\/ja\/manufacturer\/bo-cap-lieu-rung-2-ranh-nho\/","title":{"rendered":"B\u1ed9 c\u1ea5p li\u1ec7u rung 2 r\u00e3nh nh\u1ecf"},"content":{"rendered":"<p><span style=\"font-weight: 400;\">Kh\u00e1m ph\u00e1 gi\u1ea3i ph\u00e1p c\u1ea5p li\u1ec7u t\u00f9y ch\u1ec9nh ho\u00e0n h\u1ea3o cho c\u00e1c linh ki\u1ec7n ph\u1ea7n c\u1ee9ng, c\u01a1 kh\u00ed nh\u1ecf v\u1edbi h\u1ec7 th\u1ed1ng ph\u1ec5u rung 2 r\u00e3nh c\u1ee7a SWOER. \u0110\u01b0\u1ee3c thi\u1ebft k\u1ebf chuy\u00ean s\u00e2u cho s\u1ef1 ch\u00ednh x\u00e1c v\u00e0 b\u1ec1n b\u1ec9, thi\u1ebft b\u1ecb c\u1ee7a ch\u00fang t\u00f4i gi\u00fap x\u1eed l\u00fd \u0111a d\u1ea1ng c\u00e1c d\u00f2ng linh ki\u1ec7n m\u1ed9t c\u00e1ch m\u01b0\u1ee3t m\u00e0, t\u1ed1i \u01b0u h\u00f3a t\u1ed1i \u0111a hi\u1ec7u su\u1ea5t s\u1ea3n xu\u1ea5t c\u1ee7a doanh nghi\u1ec7p.<\/span><\/p>\n<h2><span style=\"font-weight: 400;\">Th\u00f4ng s\u1ed1 k\u1ef9 thu\u1eadt chi ti\u1ebft<\/span><\/h2>\n<table>\n<tbody>\n<tr>\n<td><b>H\u1ea1ng m\u1ee5c<\/b><\/td>\n<td><b>\u4ed5\u69d8<\/b><\/td>\n<\/tr>\n<tr>\n<td><b>\u88fd\u54c1\u540d<\/b><\/td>\n<td><span style=\"font-weight: 400;\">B\u1ed9 c\u1ea5p li\u1ec7u rung 2 r\u00e3nh cho linh ki\u1ec7n nh\u1ecf (Two Tracks Small Vibratory Bowl Feeder)<\/span><\/td>\n<\/tr>\n<tr>\n<td><b>V\u1eadt li\u1ec7u ch\u1ebf t\u1ea1o<\/b><\/td>\n<td><b>Th\u00e9p kh\u00f4ng g\u1ec9 SUS201 \/ SUS304<\/b><\/td>\n<\/tr>\n<tr>\n<td><b>\u0110\u1eb7c t\u00ednh v\u1eadt li\u1ec7u<\/b><\/td>\n<td><span style=\"font-weight: 400;\">H\u1ee3p kim r\u00e8n x\u1eed l\u00fd l\u1ea1nh, c\u01b0\u1eddng \u0111\u1ed9 cao, \u0111\u1ed9 c\u1ee9ng v\u01b0\u1ee3t tr\u1ed9i<\/span><\/td>\n<\/tr>\n<tr>\n<td><b>\u0110i\u1ec7n \u00e1p ho\u1ea1t \u0111\u1ed9ng<\/b><\/td>\n<td><span style=\"font-weight: 400;\">220V<\/span><\/td>\n<\/tr>\n<tr>\n<td><b>C\u00f4ng su\u1ea5t t\u00f9y ch\u1ecdn<\/b><\/td>\n<td><span style=\"font-weight: 400;\">65W \/ 150W \/ 180W \/ 220W \/ 350W<\/span><\/td>\n<\/tr>\n<tr>\n<td><b>Ch\u1ee9ng nh\u1eadn an to\u00e0n<\/b><\/td>\n<td><b>CE, UL, ROHS, ISO9001<\/b><\/td>\n<\/tr>\n<tr>\n<td><b>\u4fdd\u8a3c<\/b><\/td>\n<td><span style=\"font-weight: 400;\">01 n\u0103m ch\u00ednh h\u00e3ng<\/span><\/td>\n<\/tr>\n<\/tbody>\n<\/table>\n<h2><span style=\"font-weight: 400;\">T\u00ednh n\u0103ng v\u00e0 L\u1ee3i \u00edch n\u1ed5i b\u1eadt<\/span><\/h2>\n<ul>\n<li style=\"font-weight: 400;\" aria-level=\"1\"><b>Thi\u1ebft k\u1ebf r\u00e3nh \u0111\u00f4i (Two-Track):<\/b><span style=\"font-weight: 400;\"> Cho ph\u00e9p c\u1ea5p li\u1ec7u \u0111\u1ed3ng th\u1eddi hai l\u00e0n linh ki\u1ec7n, nh\u00e2n \u0111\u00f4i c\u00f4ng su\u1ea5t m\u00e0 v\u1eabn duy tr\u00ec s\u1ef1 \u1ed5n \u0111\u1ecbnh, c\u1ef1c k\u1ef3 ph\u00f9 h\u1ee3p cho c\u00e1c m\u00e1y l\u1eafp r\u00e1p \u0111a \u0111\u1ea7u g\u1eafp.<\/span><\/li>\n<li style=\"font-weight: 400;\" aria-level=\"1\"><b>T\u00f9y ch\u1ec9nh theo y\u00eau c\u1ea7u:<\/b><span style=\"font-weight: 400;\"> M\u1ed7i b\u1ed9 ph\u1ec5u \u0111\u01b0\u1ee3c thi\u1ebft k\u1ebf &#8220;\u0111o ni \u0111\u00f3ng gi\u00e0y&#8221; cho t\u1eebng lo\u1ea1i linh ki\u1ec7n c\u1ee5 th\u1ec3 c\u1ee7a kh\u00e1ch h\u00e0ng, \u0111\u1ea3m b\u1ea3o t\u1ef7 l\u1ec7 \u0111\u1ecbnh h\u01b0\u1edbng \u0111\u00fang 100%.<\/span><\/li>\n<li style=\"font-weight: 400;\" aria-level=\"1\"><b>Ch\u1ea5t l\u01b0\u1ee3ng ti\u00eau chu\u1ea9n to\u00e0n c\u1ea7u:<\/b><span style=\"font-weight: 400;\"> V\u1edbi ch\u1ee9ng nh\u1eadn CE v\u00e0 UL, s\u1ea3n ph\u1ea9m c\u1ee7a ch\u00fang t\u00f4i \u0111\u00e1p \u1ee9ng m\u1ecdi y\u00eau c\u1ea7u kh\u1eaft khe nh\u1ea5t v\u1ec1 an to\u00e0n v\u00e0 ch\u1ea5t l\u01b0\u1ee3ng t\u1ea1i c\u00e1c th\u1ecb tr\u01b0\u1eddng kh\u00f3 t\u00ednh.<\/span><\/li>\n<li style=\"font-weight: 400;\" aria-level=\"1\"><b>Gi\u00e1 xu\u1ea5t x\u01b0\u1edfng c\u1ea1nh tranh:<\/b><span style=\"font-weight: 400;\"> Kh\u00e1ch h\u00e0ng \u0111\u01b0\u1ee3c h\u01b0\u1edfng m\u1ee9c gi\u00e1 tr\u1ef1c ti\u1ebfp t\u1eeb nh\u00e0 m\u00e1y m\u00e0 kh\u00f4ng qua trung gian, \u0111\u1ea3m b\u1ea3o t\u1ed1i \u01b0u chi ph\u00ed \u0111\u1ea7u t\u01b0.<\/span><\/li>\n<li style=\"font-weight: 400;\" aria-level=\"1\"><b>Th\u1eddi gian b\u00e0n giao nhanh:<\/b><span style=\"font-weight: 400;\"> Cam k\u1ebft ho\u00e0n thi\u1ec7n v\u00e0 giao h\u00e0ng trong v\u00f2ng <\/span><b>10-14 ng\u00e0y<\/b><span style=\"font-weight: 400;\">, gi\u00fap doanh nghi\u1ec7p nhanh ch\u00f3ng tri\u1ec3n khai d\u1ef1 \u00e1n.<\/span><\/li>\n<\/ul>\n<h2><span style=\"font-weight: 400;\">T\u1ea1i sao n\u00ean ch\u1ecdn \u0111\u1ed1i t\u00e1c SWOER?<\/span><\/h2>\n<p><span style=\"font-weight: 400;\">T\u1ea1i SWOER, ch\u00fang t\u00f4i hi\u1ec3u r\u1eb1ng s\u1ef1 \u1ed5n \u0111\u1ecbnh c\u1ee7a h\u1ec7 th\u1ed1ng c\u1ea5p li\u1ec7u l\u00e0 tr\u00e1i tim c\u1ee7a d\u00e2y chuy\u1ec1n t\u1ef1 \u0111\u1ed9ng h\u00f3a. \u0110\u1ed9i ng\u0169 k\u1ef9 s\u01b0 gi\u00e0u kinh nghi\u1ec7m c\u1ee7a ch\u00fang t\u00f4i s\u1ebd l\u00e0m vi\u1ec7c ch\u1eb7t ch\u1ebd v\u1edbi b\u1ea1n \u0111\u1ec3 \u0111\u1ea3m b\u1ea3o thi\u1ebft b\u1ecb t\u00edch h\u1ee3p ho\u00e0n h\u1ea3o v\u00e0o quy tr\u00ecnh s\u1eb5n c\u00f3. V\u1edbi s\u1ef1 cam k\u1ebft v\u1ec1 ch\u1ea5t l\u01b0\u1ee3ng v\u00e0 hi\u1ec7u su\u1ea5t, SWOER t\u1ef1 tin l\u00e0 \u0111\u1ed1i t\u00e1c tin c\u1eady gi\u00fap b\u1ea1n b\u1ee9t ph\u00e1 trong s\u1ea3n xu\u1ea5t.<\/span><\/p>","protected":false},"excerpt":{"rendered":"<p><span style=\"font-weight: 400;\">T\u1ea1i sao ph\u1ea3i h\u00e0i l\u00f2ng v\u1edbi m\u1ed9t l\u00e0n c\u1ea5p li\u1ec7u khi b\u1ea1n c\u00f3 th\u1ec3 nh\u00e2n \u0111\u00f4i s\u1ea3n l\u01b0\u1ee3ng tr\u00ean c\u00f9ng m\u1ed9t di\u1ec7n t\u00edch l\u1eafp \u0111\u1eb7t? <\/span><b>H\u1ec7 th\u1ed1ng ph\u1ec5u rung 2 r\u00e3nh nh\u1ecf c\u1ee7a SWOER<\/b><span style=\"font-weight: 400;\"> l\u00e0 c\u00e2u tr\u1ea3 l\u1eddi cho b\u00e0i to\u00e1n t\u1ed1i \u01b0u kh\u00f4ng gian v\u00e0 chi ph\u00ed. V\u1edbi thi\u1ebft k\u1ebf r\u00e3nh \u0111\u00f4i song song v\u1eadn h\u00e0nh ch\u00ednh x\u00e1c, thi\u1ebft b\u1ecb kh\u00f4ng ch\u1ec9 gi\u00fap \u0111\u1ea9y nhanh nh\u1ecbp \u0111\u1ed9 l\u1eafp r\u00e1p m\u00e0 c\u00f2n \u0111\u1ea3m b\u1ea3o \u0111\u1ed9 tin c\u1eady tuy\u1ec7t \u0111\u1ed1i nh\u1edd c\u00e1c ti\u00eau chu\u1ea9n an to\u00e0n qu\u1ed1c t\u1ebf CE v\u00e0 UL.<\/span><\/p>","protected":false},"featured_media":8320,"comment_status":"open","ping_status":"closed","template":"","meta":[],"product_brand":[],"product_cat":[106],"product_tag":[172,43,107,166,249],"class_list":{"0":"post-8316","1":"product","2":"type-product","3":"status-publish","4":"has-post-thumbnail","6":"product_cat-mam-rung-cap-phoi","7":"product_tag-bo-cap-lieu-rung","8":"product_tag-mam-rung","9":"product_tag-may-cap-lieu-rung","10":"product_tag-pheu-rung","11":"product_tag-vibratory-bowl-feeder","13":"first","14":"instock","15":"shipping-taxable","16":"product-type-simple"},"yoast_head":"<!-- This site is optimized with the Yoast SEO plugin v26.0 - https:\/\/yoast.com\/wordpress\/plugins\/seo\/ -->\n<title>B\u1ed9 c\u1ea5p li\u1ec7u rung 2 r\u00e3nh nh\u1ecf - Nh\u00e0 s\u1ea3n xu\u1ea5t m\u00e1y c\u1ea5p li\u1ec7u c\u00f4ng nghi\u1ec7p<\/title>\n<meta name=\"description\" content=\"B\u1ed9 c\u1ea5p li\u1ec7u rung 2 r\u00e3nh: Gi\u1ea3i ph\u00e1p nh\u00e2n \u0111\u00f4i n\u0103ng su\u1ea5t cho linh ki\u1ec7n nh\u1ecf. \u0110\u1ea1t chu\u1ea9n CE\/UL, v\u1eadt li\u1ec7u SUS304 b\u1ec1n b\u1ec9, giao h\u00e0ng nhanh 10-14 ng\u00e0y. Gi\u00e1 t\u1ea1i x\u01b0\u1edfng!\" \/>\n<meta name=\"robots\" content=\"index, follow, max-snippet:-1, max-image-preview:large, max-video-preview:-1\" \/>\n<link rel=\"canonical\" href=\"https:\/\/swoer.vn\/ja\/manufacturer\/bo-cap-lieu-rung-2-ranh-nho\/\" \/>\n<meta property=\"og:locale\" content=\"ja_JP\" \/>\n<meta property=\"og:type\" content=\"article\" \/>\n<meta property=\"og:title\" content=\"B\u1ed9 c\u1ea5p li\u1ec7u rung 2 r\u00e3nh nh\u1ecf - Nh\u00e0 s\u1ea3n xu\u1ea5t m\u00e1y c\u1ea5p li\u1ec7u c\u00f4ng nghi\u1ec7p\" \/>\n<meta property=\"og:description\" content=\"B\u1ed9 c\u1ea5p li\u1ec7u rung 2 r\u00e3nh: Gi\u1ea3i ph\u00e1p nh\u00e2n \u0111\u00f4i n\u0103ng su\u1ea5t cho linh ki\u1ec7n nh\u1ecf. \u0110\u1ea1t chu\u1ea9n CE\/UL, v\u1eadt li\u1ec7u SUS304 b\u1ec1n b\u1ec9, giao h\u00e0ng nhanh 10-14 ng\u00e0y. Gi\u00e1 t\u1ea1i x\u01b0\u1edfng!\" \/>\n<meta property=\"og:url\" content=\"https:\/\/swoer.vn\/ja\/manufacturer\/bo-cap-lieu-rung-2-ranh-nho\/\" \/>\n<meta property=\"og:site_name\" content=\"Nh\u00e0 s\u1ea3n xu\u1ea5t m\u00e1y c\u1ea5p li\u1ec7u c\u00f4ng nghi\u1ec7p\" \/>\n<meta property=\"article:modified_time\" content=\"2026-04-13T08:50:46+00:00\" \/>\n<meta property=\"og:image\" content=\"https:\/\/swoer.vn\/wp-content\/uploads\/2026\/04\/BO-CAP-LIEU-RUNG-2-RANH-NHO.png\" \/>\n\t<meta property=\"og:image:width\" content=\"800\" \/>\n\t<meta property=\"og:image:height\" content=\"800\" \/>\n\t<meta property=\"og:image:type\" content=\"image\/png\" \/>\n<meta name=\"twitter:card\" content=\"summary_large_image\" \/>\n<meta name=\"twitter:label1\" content=\"\u63a8\u5b9a\u8aad\u307f\u53d6\u308a\u6642\u9593\" \/>\n\t<meta name=\"twitter:data1\" content=\"3\u5206\" \/>\n<script type=\"application\/ld+json\" class=\"yoast-schema-graph\">{\"@context\":\"https:\/\/schema.org\",\"@graph\":[{\"@type\":\"WebPage\",\"@id\":\"https:\/\/swoer.vn\/manufacturer\/bo-cap-lieu-rung-2-ranh-nho\/\",\"url\":\"https:\/\/swoer.vn\/manufacturer\/bo-cap-lieu-rung-2-ranh-nho\/\",\"name\":\"B\u1ed9 c\u1ea5p li\u1ec7u rung 2 r\u00e3nh nh\u1ecf - Nh\u00e0 s\u1ea3n xu\u1ea5t m\u00e1y c\u1ea5p li\u1ec7u c\u00f4ng nghi\u1ec7p\",\"isPartOf\":{\"@id\":\"https:\/\/swoer.vn\/#website\"},\"primaryImageOfPage\":{\"@id\":\"https:\/\/swoer.vn\/manufacturer\/bo-cap-lieu-rung-2-ranh-nho\/#primaryimage\"},\"image\":{\"@id\":\"https:\/\/swoer.vn\/manufacturer\/bo-cap-lieu-rung-2-ranh-nho\/#primaryimage\"},\"thumbnailUrl\":\"https:\/\/swoer.vn\/wp-content\/uploads\/2026\/04\/BO-CAP-LIEU-RUNG-2-RANH-NHO.png\",\"datePublished\":\"2026-04-13T08:41:15+00:00\",\"dateModified\":\"2026-04-13T08:50:46+00:00\",\"description\":\"B\u1ed9 c\u1ea5p li\u1ec7u rung 2 r\u00e3nh: Gi\u1ea3i ph\u00e1p nh\u00e2n \u0111\u00f4i n\u0103ng su\u1ea5t cho linh ki\u1ec7n nh\u1ecf. \u0110\u1ea1t chu\u1ea9n CE\/UL, v\u1eadt li\u1ec7u SUS304 b\u1ec1n b\u1ec9, giao h\u00e0ng nhanh 10-14 ng\u00e0y. Gi\u00e1 t\u1ea1i x\u01b0\u1edfng!\",\"breadcrumb\":{\"@id\":\"https:\/\/swoer.vn\/manufacturer\/bo-cap-lieu-rung-2-ranh-nho\/#breadcrumb\"},\"inLanguage\":\"ja\",\"potentialAction\":[{\"@type\":\"ReadAction\",\"target\":[\"https:\/\/swoer.vn\/manufacturer\/bo-cap-lieu-rung-2-ranh-nho\/\"]}]},{\"@type\":\"ImageObject\",\"inLanguage\":\"ja\",\"@id\":\"https:\/\/swoer.vn\/manufacturer\/bo-cap-lieu-rung-2-ranh-nho\/#primaryimage\",\"url\":\"https:\/\/swoer.vn\/wp-content\/uploads\/2026\/04\/BO-CAP-LIEU-RUNG-2-RANH-NHO.png\",\"contentUrl\":\"https:\/\/swoer.vn\/wp-content\/uploads\/2026\/04\/BO-CAP-LIEU-RUNG-2-RANH-NHO.png\",\"width\":800,\"height\":800,\"caption\":\"BO\u0323\u0302 CA\u0302\u0301P LIE\u0323\u0302U RUNG 2 RA\u0303NH NHO\u0309\"},{\"@type\":\"BreadcrumbList\",\"@id\":\"https:\/\/swoer.vn\/manufacturer\/bo-cap-lieu-rung-2-ranh-nho\/#breadcrumb\",\"itemListElement\":[{\"@type\":\"ListItem\",\"position\":1,\"name\":\"Home\",\"item\":\"https:\/\/swoer.vn\/\"},{\"@type\":\"ListItem\",\"position\":2,\"name\":\"S\u1ea3n ph\u1ea9m\",\"item\":\"https:\/\/swoer.vn\/shop\/\"},{\"@type\":\"ListItem\",\"position\":3,\"name\":\"B\u1ed9 c\u1ea5p li\u1ec7u rung 2 r\u00e3nh nh\u1ecf\"}]},{\"@type\":\"WebSite\",\"@id\":\"https:\/\/swoer.vn\/#website\",\"url\":\"https:\/\/swoer.vn\/\",\"name\":\"Nh\u00e0 s\u1ea3n xu\u1ea5t m\u00e1y c\u1ea5p li\u1ec7u c\u00f4ng nghi\u1ec7p\",\"description\":\"Nh\u00e0 cung c\u1ea5p robot, m\u00e1y c\u1ea5p li\u1ec7u linh ho\u1ea1t, m\u00e1y c\u1ea5p li\u1ec7u ly t\u00e2m, m\u00e1y c\u1ea5p li\u1ec7u rung t\u1ef1 \u0111\u1ed9ng\",\"potentialAction\":[{\"@type\":\"SearchAction\",\"target\":{\"@type\":\"EntryPoint\",\"urlTemplate\":\"https:\/\/swoer.vn\/?s={search_term_string}\"},\"query-input\":{\"@type\":\"PropertyValueSpecification\",\"valueRequired\":true,\"valueName\":\"search_term_string\"}}],\"inLanguage\":\"ja\"}]}<\/script>\n<!-- \/ Yoast SEO plugin. -->","yoast_head_json":{"title":"B\u1ed9 c\u1ea5p li\u1ec7u rung 2 r\u00e3nh nh\u1ecf - Nh\u00e0 s\u1ea3n xu\u1ea5t m\u00e1y c\u1ea5p li\u1ec7u c\u00f4ng nghi\u1ec7p","description":"B\u1ed9 c\u1ea5p li\u1ec7u rung 2 r\u00e3nh: Gi\u1ea3i ph\u00e1p nh\u00e2n \u0111\u00f4i n\u0103ng su\u1ea5t cho linh ki\u1ec7n nh\u1ecf. \u0110\u1ea1t chu\u1ea9n CE\/UL, v\u1eadt li\u1ec7u SUS304 b\u1ec1n b\u1ec9, giao h\u00e0ng nhanh 10-14 ng\u00e0y. Gi\u00e1 t\u1ea1i x\u01b0\u1edfng!","robots":{"index":"index","follow":"follow","max-snippet":"max-snippet:-1","max-image-preview":"max-image-preview:large","max-video-preview":"max-video-preview:-1"},"canonical":"https:\/\/swoer.vn\/ja\/manufacturer\/bo-cap-lieu-rung-2-ranh-nho\/","og_locale":"ja_JP","og_type":"article","og_title":"B\u1ed9 c\u1ea5p li\u1ec7u rung 2 r\u00e3nh nh\u1ecf - Nh\u00e0 s\u1ea3n xu\u1ea5t m\u00e1y c\u1ea5p li\u1ec7u c\u00f4ng nghi\u1ec7p","og_description":"B\u1ed9 c\u1ea5p li\u1ec7u rung 2 r\u00e3nh: Gi\u1ea3i ph\u00e1p nh\u00e2n \u0111\u00f4i n\u0103ng su\u1ea5t cho linh ki\u1ec7n nh\u1ecf. \u0110\u1ea1t chu\u1ea9n CE\/UL, v\u1eadt li\u1ec7u SUS304 b\u1ec1n b\u1ec9, giao h\u00e0ng nhanh 10-14 ng\u00e0y. Gi\u00e1 t\u1ea1i x\u01b0\u1edfng!","og_url":"https:\/\/swoer.vn\/ja\/manufacturer\/bo-cap-lieu-rung-2-ranh-nho\/","og_site_name":"Nh\u00e0 s\u1ea3n xu\u1ea5t m\u00e1y c\u1ea5p li\u1ec7u c\u00f4ng nghi\u1ec7p","article_modified_time":"2026-04-13T08:50:46+00:00","og_image":[{"width":800,"height":800,"url":"https:\/\/swoer.vn\/wp-content\/uploads\/2026\/04\/BO-CAP-LIEU-RUNG-2-RANH-NHO.png","type":"image\/png"}],"twitter_card":"summary_large_image","twitter_misc":{"\u63a8\u5b9a\u8aad\u307f\u53d6\u308a\u6642\u9593":"3\u5206"},"schema":{"@context":"https:\/\/schema.org","@graph":[{"@type":"WebPage","@id":"https:\/\/swoer.vn\/manufacturer\/bo-cap-lieu-rung-2-ranh-nho\/","url":"https:\/\/swoer.vn\/manufacturer\/bo-cap-lieu-rung-2-ranh-nho\/","name":"B\u1ed9 c\u1ea5p li\u1ec7u rung 2 r\u00e3nh nh\u1ecf - Nh\u00e0 s\u1ea3n xu\u1ea5t m\u00e1y c\u1ea5p li\u1ec7u c\u00f4ng nghi\u1ec7p","isPartOf":{"@id":"https:\/\/swoer.vn\/#website"},"primaryImageOfPage":{"@id":"https:\/\/swoer.vn\/manufacturer\/bo-cap-lieu-rung-2-ranh-nho\/#primaryimage"},"image":{"@id":"https:\/\/swoer.vn\/manufacturer\/bo-cap-lieu-rung-2-ranh-nho\/#primaryimage"},"thumbnailUrl":"https:\/\/swoer.vn\/wp-content\/uploads\/2026\/04\/BO-CAP-LIEU-RUNG-2-RANH-NHO.png","datePublished":"2026-04-13T08:41:15+00:00","dateModified":"2026-04-13T08:50:46+00:00","description":"B\u1ed9 c\u1ea5p li\u1ec7u rung 2 r\u00e3nh: Gi\u1ea3i ph\u00e1p nh\u00e2n \u0111\u00f4i n\u0103ng su\u1ea5t cho linh ki\u1ec7n nh\u1ecf. \u0110\u1ea1t chu\u1ea9n CE\/UL, v\u1eadt li\u1ec7u SUS304 b\u1ec1n b\u1ec9, giao h\u00e0ng nhanh 10-14 ng\u00e0y. Gi\u00e1 t\u1ea1i x\u01b0\u1edfng!","breadcrumb":{"@id":"https:\/\/swoer.vn\/manufacturer\/bo-cap-lieu-rung-2-ranh-nho\/#breadcrumb"},"inLanguage":"ja","potentialAction":[{"@type":"ReadAction","target":["https:\/\/swoer.vn\/manufacturer\/bo-cap-lieu-rung-2-ranh-nho\/"]}]},{"@type":"ImageObject","inLanguage":"ja","@id":"https:\/\/swoer.vn\/manufacturer\/bo-cap-lieu-rung-2-ranh-nho\/#primaryimage","url":"https:\/\/swoer.vn\/wp-content\/uploads\/2026\/04\/BO-CAP-LIEU-RUNG-2-RANH-NHO.png","contentUrl":"https:\/\/swoer.vn\/wp-content\/uploads\/2026\/04\/BO-CAP-LIEU-RUNG-2-RANH-NHO.png","width":800,"height":800,"caption":"BO\u0323\u0302 CA\u0302\u0301P LIE\u0323\u0302U RUNG 2 RA\u0303NH NHO\u0309"},{"@type":"BreadcrumbList","@id":"https:\/\/swoer.vn\/manufacturer\/bo-cap-lieu-rung-2-ranh-nho\/#breadcrumb","itemListElement":[{"@type":"ListItem","position":1,"name":"Home","item":"https:\/\/swoer.vn\/"},{"@type":"ListItem","position":2,"name":"S\u1ea3n ph\u1ea9m","item":"https:\/\/swoer.vn\/shop\/"},{"@type":"ListItem","position":3,"name":"B\u1ed9 c\u1ea5p li\u1ec7u rung 2 r\u00e3nh nh\u1ecf"}]},{"@type":"WebSite","@id":"https:\/\/swoer.vn\/#website","url":"https:\/\/swoer.vn\/","name":"\u5de5\u696d\u7528\u30d5\u30a3\u30fc\u30c0\u30fc\u30e1\u30fc\u30ab\u30fc","description":"\u30ed\u30dc\u30c3\u30c8\u3001\u30d5\u30ec\u30ad\u30b7\u30d6\u30eb\u30d5\u30a3\u30fc\u30c0\u30fc\u3001\u9060\u5fc3\u30d5\u30a3\u30fc\u30c0\u30fc\u3001\u81ea\u52d5\u632f\u52d5\u30d5\u30a3\u30fc\u30c0\u30fc\u306e\u30b5\u30d7\u30e9\u30a4\u30e4\u30fc","potentialAction":[{"@type":"SearchAction","target":{"@type":"EntryPoint","urlTemplate":"https:\/\/swoer.vn\/?s={search_term_string}"},"query-input":{"@type":"PropertyValueSpecification","valueRequired":true,"valueName":"search_term_string"}}],"inLanguage":"ja"}]}},"_links":{"self":[{"href":"https:\/\/swoer.vn\/ja\/wp-json\/wp\/v2\/product\/8316","targetHints":{"allow":["GET"]}}],"collection":[{"href":"https:\/\/swoer.vn\/ja\/wp-json\/wp\/v2\/product"}],"about":[{"href":"https:\/\/swoer.vn\/ja\/wp-json\/wp\/v2\/types\/product"}],"replies":[{"embeddable":true,"href":"https:\/\/swoer.vn\/ja\/wp-json\/wp\/v2\/comments?post=8316"}],"wp:featuredmedia":[{"embeddable":true,"href":"https:\/\/swoer.vn\/ja\/wp-json\/wp\/v2\/media\/8320"}],"wp:attachment":[{"href":"https:\/\/swoer.vn\/ja\/wp-json\/wp\/v2\/media?parent=8316"}],"wp:term":[{"taxonomy":"product_brand","embeddable":true,"href":"https:\/\/swoer.vn\/ja\/wp-json\/wp\/v2\/product_brand?post=8316"},{"taxonomy":"product_cat","embeddable":true,"href":"https:\/\/swoer.vn\/ja\/wp-json\/wp\/v2\/product_cat?post=8316"},{"taxonomy":"product_tag","embeddable":true,"href":"https:\/\/swoer.vn\/ja\/wp-json\/wp\/v2\/product_tag?post=8316"}],"curies":[{"name":"wp","href":"https:\/\/api.w.org\/{rel}","templated":true}]}}